{"id":212591,"date":"2026-04-01T23:34:06","date_gmt":"2026-04-02T05:34:06","guid":{"rendered":"https:\/\/compuviper.mx\/tienda\/producto\/startech-com-cdp2vgafc-adaptador-de-video-externo-usb-c-a-vga-con-llavero-de-enganche-rapido-mod\/"},"modified":"2026-04-01T23:34:06","modified_gmt":"2026-04-02T05:34:06","slug":"startech-com-cdp2vgafc-adaptador-de-video-externo-usb-c-a-vga-con-llavero-de-enganche-rapido-mod","status":"publish","type":"product","link":"https:\/\/compuviper.mx\/tienda\/producto\/startech-com-cdp2vgafc-adaptador-de-video-externo-usb-c-a-vga-con-llavero-de-enganche-rapido-mod\/","title":{"rendered":"Startech.com Cdp2vgafc Adaptador De Video Externo Usb-c A Vga Con Llavero De Enganche Rapido &#8211;  Mod."},"content":{"rendered":"<table class=\"descripcion\">\n<tr>\n<td>Hardware<\/td>\n<\/tr>\n<tr>\n<td>Salida a\/v: mini-displayport<\/td>\n<\/tr>\n<tr>\n<td>Soporte de audio: si<\/td>\n<\/tr>\n<tr>\n<td>Entrada a\/v: usb-c<\/td>\n<\/tr>\n<tr>\n<td>Cantidad de puertos: 1<\/td>\n<\/tr>\n<tr>\n<td>Observaciones \/ requisitos<\/td>\n<\/tr>\n<tr>\n<td>Requerimientos del sistema y cables:<\/td>\n<\/tr>\n<tr>\n<td>No compatible con pantallas o accesorios thunderbolt 1 o 2. el modelo tbt3tbtadap se puede utilizar para esas configuraciones.<\/td>\n<\/tr>\n<tr>\n<td>Para que este adaptador funcione, su dispositivo usb-c debe ser compatible con displayport a traves de usb-c modo alt alternativo de displayport.<\/td>\n<\/tr>\n<tr>\n<td>Rendimiento<\/td>\n<\/tr>\n<tr>\n<td>Especificaciones de audio: mini displayport &#8211; audio de 7.1 canales<\/td>\n<\/tr>\n<tr>\n<td>Pantalla plana soportada: si<\/td>\n<\/tr>\n<tr>\n<td>Resoluciones  admitidas: 3840&#215;2160 4k \/ 60hz<\/td>\n<\/tr>\n<tr>\n<td>Video: displayport 1.2<\/td>\n<\/tr>\n<tr>\n<td>Conectores<\/td>\n<\/tr>\n<tr>\n<td>Conector b: mini displayport<\/td>\n<\/tr>\n<tr>\n<td>Conector a: modo alt alternativo de displayport usb-c 24 pines<\/td>\n<\/tr>\n<tr>\n<td>Caracteristicas fisicas<\/td>\n<\/tr>\n<tr>\n<td>Tipo de gabinete: plastico<\/td>\n<\/tr>\n<tr>\n<td>Peso del producto: 18.000<\/td>\n<\/tr>\n<tr>\n<td>Longitud: 4.7 cm<\/td>\n<\/tr>\n<tr>\n<td>Color: negro<\/td>\n<\/tr>\n<tr>\n<td>Ancho: 31.000<\/td>\n<\/tr>\n<tr>\n<td>Altura: 13.000<\/td>\n<\/tr>\n<\/table>\n","protected":false},"excerpt":{"rendered":"<p>Este compacto adaptador usb-c a\u00a0vga\u00a0constituye una solucion ultraportatil para la conexion de su laptop u otro dispositivo equipado con usb type-c a\u00a0un monitor, proyector\u00a0u\u00a0otra pantalla\u00a0vga\u00a0de alta definicion. El\u00a0conversor\u00a0esta equipado con un llavero extraible tipo argolla que se engancha rapidamente al maletin de su laptop o proyector, lo cual ofrece maxima portabilidad.?. El companero de viaje ideal ?. Puede llevar consigo\u00a0facilmente a donde quiera que vaya este adaptador de video usb-c\u00a0a vga,\u00a0de peso ligero. Ya que se engancha facilmente al maletin de su dispositivo y es lo suficientemente pequeno para caber en un bolsillo, es el accesorio ideal para aplicaciones byod trae tu propio dispositivo en la oficina o al desplazarse o viajar. ?. Solucion perfecta para: ?. Presentaciones\u00a0profesionales\u00a0en su oficina o al desplazarse?. Conectar su tablet o telefono celular a un monitor\u00a0vga ?. Entornos de oficina compartida ?. Lleve su adaptador consigo ?. Evite extraviar su adaptador de pantalla, gracias al llavero que puede enganchar de forma segura al maletin donde suele llevar sus dispositivos. El llavero se puede desenganchar y enganchar de nuevo al adaptador como prefiera o necesite. El adaptador tambien incluye un cable integrado y flexible de 3.3cm, que se puede doblar, lo cual aporta aun mas al diseno de factor de forma compacto. ?. Conectividad plug-and-play ?. Para garantizar una conexion sencilla, el adaptador de video funciona con todos sus dispositivos usb type-c con sistema mac y windows tambien compatibles con thunderbolt 3. Verdadera conectividad plug-and-play: no se requiere instalar software ni controladores. ?. El modelo cdp2vgafc esta avalado por la garantia de 3 anos de startech.Com y con soporte tecnico gratuito de por vida. And 8239; and 8239; and 8239;\u00a0 \u00a0 \u00a0 \u00a0 \u00a0 \u00a0\u00a0<\/p>\n","protected":false},"featured_media":212592,"comment_status":"open","ping_status":"open","template":"","meta":[],"product_cat":[1485,1492],"product_tag":[1590],"acf":[],"yoast_head":"<!-- This site is optimized with the Yoast SEO plugin v21.7 - https:\/\/yoast.com\/wordpress\/plugins\/seo\/ -->\n<title>[ Startech.com ] &#129351; Cdp2vgafc Adaptador De Video Externo Usb-c A Vga Con Llavero De Enganche Rapido - Mod.<\/title>\n<meta name=\"description\" content=\"Compra Cdp2vgafc Adaptador De Video Externo Usb-c A Vga Con Llavero De Enganche Rapido - Mod. + Env\u00edo a domicilio + Pago seguro + Garant\u00eda\" \/>\n<meta name=\"robots\" content=\"index, follow, max-snippet:-1, max-image-preview:large, max-video-preview:-1\" \/>\n<link rel=\"canonical\" href=\"https:\/\/compuviper.mx\/tienda\/producto\/startech-com-cdp2vgafc-adaptador-de-video-externo-usb-c-a-vga-con-llavero-de-enganche-rapido-mod\/\" \/>\n<meta property=\"og:locale\" content=\"es_MX\" \/>\n<meta property=\"og:type\" content=\"article\" \/>\n<meta property=\"og:title\" content=\"[ Startech.com ] &#129351; Cdp2vgafc Adaptador De Video Externo Usb-c A Vga Con Llavero De Enganche Rapido - Mod.\" \/>\n<meta property=\"og:description\" content=\"Compra Cdp2vgafc Adaptador De Video Externo Usb-c A Vga Con Llavero De Enganche Rapido - Mod. + Env\u00edo a domicilio + Pago seguro + Garant\u00eda\" \/>\n<meta property=\"og:url\" content=\"https:\/\/compuviper.mx\/tienda\/producto\/startech-com-cdp2vgafc-adaptador-de-video-externo-usb-c-a-vga-con-llavero-de-enganche-rapido-mod\/\" \/>\n<meta property=\"og:site_name\" content=\"Compuviper\" \/>\n<meta property=\"article:publisher\" content=\"https:\/\/www.facebook.com\/compuviper\" \/>\n<meta property=\"og:image\" content=\"https:\/\/compuviper.mx\/tienda\/wp-content\/uploads\/2023\/12\/Adaptador-de-video-externo-usb-c-a-vga-con-llavero-de-enganche-rapido-startech.com-mod.-cdp2vgafc.jpg\" \/>\n\t<meta property=\"og:image:width\" content=\"200\" \/>\n\t<meta property=\"og:image:height\" content=\"200\" \/>\n\t<meta property=\"og:image:type\" content=\"image\/jpeg\" \/>\n<meta name=\"twitter:card\" content=\"summary_large_image\" \/>\n<meta name=\"twitter:label1\" content=\"Precio\" \/>\n\t<meta name=\"twitter:data1\" content=\"&#36;230 con IVA\" \/>\n\t<meta name=\"twitter:label2\" content=\"Availability\" \/>\n\t<meta name=\"twitter:data2\" content=\"Out of stock\" \/>\n<script type=\"application\/ld+json\" class=\"yoast-schema-graph\">{\"@context\":\"https:\/\/schema.org\",\"@graph\":[{\"@type\":\"WebPage\",\"@id\":\"https:\/\/compuviper.mx\/tienda\/producto\/startech-com-cdp2vgafc-adaptador-de-video-externo-usb-c-a-vga-con-llavero-de-enganche-rapido-mod\/\",\"url\":\"https:\/\/compuviper.mx\/tienda\/producto\/startech-com-cdp2vgafc-adaptador-de-video-externo-usb-c-a-vga-con-llavero-de-enganche-rapido-mod\/\",\"name\":\"[ Startech.com ] &#129351; Cdp2vgafc Adaptador De Video Externo Usb-c A Vga Con Llavero De Enganche Rapido - Mod.\",\"isPartOf\":{\"@id\":\"https:\/\/compuviper.mx\/tienda\/#website\"},\"datePublished\":\"2026-04-02T05:34:06+00:00\",\"dateModified\":\"2026-04-02T05:34:06+00:00\",\"description\":\"Compra Cdp2vgafc Adaptador De Video Externo Usb-c A Vga Con Llavero De Enganche Rapido - Mod. + Env\u00edo a domicilio + Pago seguro + Garant\u00eda\",\"breadcrumb\":{\"@id\":\"https:\/\/compuviper.mx\/tienda\/producto\/startech-com-cdp2vgafc-adaptador-de-video-externo-usb-c-a-vga-con-llavero-de-enganche-rapido-mod\/#breadcrumb\"},\"inLanguage\":\"es-MX\",\"potentialAction\":[{\"@type\":\"ReadAction\",\"target\":[\"https:\/\/compuviper.mx\/tienda\/producto\/startech-com-cdp2vgafc-adaptador-de-video-externo-usb-c-a-vga-con-llavero-de-enganche-rapido-mod\/\"]}]},{\"@type\":\"BreadcrumbList\",\"@id\":\"https:\/\/compuviper.mx\/tienda\/producto\/startech-com-cdp2vgafc-adaptador-de-video-externo-usb-c-a-vga-con-llavero-de-enganche-rapido-mod\/#breadcrumb\",\"itemListElement\":[{\"@type\":\"ListItem\",\"position\":1,\"name\":\"Inicio\",\"item\":\"https:\/\/compuviper.mx\/tienda\/\"},{\"@type\":\"ListItem\",\"position\":2,\"name\":\"Productos\",\"item\":\"https:\/\/compuviper.mx\/tienda\/productos\/\"},{\"@type\":\"ListItem\",\"position\":3,\"name\":\"Accesorios\",\"item\":\"https:\/\/compuviper.mx\/tienda\/categoria-producto\/accesorios\/\"},{\"@type\":\"ListItem\",\"position\":4,\"name\":\"Adaptadores\",\"item\":\"https:\/\/compuviper.mx\/tienda\/categoria-producto\/accesorios\/adaptadores\/\"},{\"@type\":\"ListItem\",\"position\":5,\"name\":\"Startech.com Cdp2vgafc Adaptador De Video Externo Usb-c A Vga Con Llavero De Enganche Rapido &#8211; Mod.\"}]},{\"@type\":\"WebSite\",\"@id\":\"https:\/\/compuviper.mx\/tienda\/#website\",\"url\":\"https:\/\/compuviper.mx\/tienda\/\",\"name\":\"Compuviper\",\"description\":\"Proveedor de Computadoras, Laptops, Servidores, Monitores, Puntos de Venta, Teclados,   Impresoras, T\u00f3ner, C\u00e1maras de Seguridad y m\u00e1s en tu tienda en l\u00ednea\",\"publisher\":{\"@id\":\"https:\/\/compuviper.mx\/tienda\/#organization\"},\"potentialAction\":[{\"@type\":\"SearchAction\",\"target\":{\"@type\":\"EntryPoint\",\"urlTemplate\":\"https:\/\/compuviper.mx\/tienda\/?s={search_term_string}\"},\"query-input\":\"required name=search_term_string\"}],\"inLanguage\":\"es-MX\"},{\"@type\":\"Organization\",\"@id\":\"https:\/\/compuviper.mx\/tienda\/#organization\",\"name\":\"Compuviper\",\"url\":\"https:\/\/compuviper.mx\/tienda\/\",\"logo\":{\"@type\":\"ImageObject\",\"inLanguage\":\"es-MX\",\"@id\":\"https:\/\/compuviper.mx\/tienda\/#\/schema\/logo\/image\/\",\"url\":\"https:\/\/compuviper.mx\/tienda\/wp-content\/uploads\/2021\/08\/Logo-Compuviper-10.png\",\"contentUrl\":\"https:\/\/compuviper.mx\/tienda\/wp-content\/uploads\/2021\/08\/Logo-Compuviper-10.png\",\"width\":1000,\"height\":500,\"caption\":\"Compuviper\"},\"image\":{\"@id\":\"https:\/\/compuviper.mx\/tienda\/#\/schema\/logo\/image\/\"},\"sameAs\":[\"https:\/\/www.facebook.com\/compuviper\",\"https:\/\/www.youtube.com\/channel\/UCf73dERp9Y3cfOq7q8BhLjA?view_as=subscriber\"]}]}<\/script>\n<meta property=\"product:brand\" content=\"STARTECH.COM\" \/>\n<meta property=\"product:price:amount\" content=\"230\" \/>\n<meta property=\"product:price:currency\" content=\"MXN\" \/>\n<meta property=\"og:availability\" content=\"out of stock\" \/>\n<meta property=\"product:availability\" content=\"out of stock\" \/>\n<meta property=\"product:retailer_item_id\" content=\"CDP2VGAFC\" \/>\n<meta property=\"product:condition\" content=\"new\" \/>\n<!-- \/ Yoast SEO plugin. -->","yoast_head_json":{"title":"[ Startech.com ] &#129351; Cdp2vgafc Adaptador De Video Externo Usb-c A Vga Con Llavero De Enganche Rapido - Mod.","description":"Compra Cdp2vgafc Adaptador De Video Externo Usb-c A Vga Con Llavero De Enganche Rapido - Mod. + Env\u00edo a domicilio + Pago seguro + Garant\u00eda","robots":{"index":"index","follow":"follow","max-snippet":"max-snippet:-1","max-image-preview":"max-image-preview:large","max-video-preview":"max-video-preview:-1"},"canonical":"https:\/\/compuviper.mx\/tienda\/producto\/startech-com-cdp2vgafc-adaptador-de-video-externo-usb-c-a-vga-con-llavero-de-enganche-rapido-mod\/","og_locale":"es_MX","og_type":"article","og_title":"[ Startech.com ] &#129351; Cdp2vgafc Adaptador De Video Externo Usb-c A Vga Con Llavero De Enganche Rapido - Mod.","og_description":"Compra Cdp2vgafc Adaptador De Video Externo Usb-c A Vga Con Llavero De Enganche Rapido - Mod. + Env\u00edo a domicilio + Pago seguro + Garant\u00eda","og_url":"https:\/\/compuviper.mx\/tienda\/producto\/startech-com-cdp2vgafc-adaptador-de-video-externo-usb-c-a-vga-con-llavero-de-enganche-rapido-mod\/","og_site_name":"Compuviper","article_publisher":"https:\/\/www.facebook.com\/compuviper","og_image":[{"width":200,"height":200,"url":"https:\/\/compuviper.mx\/tienda\/wp-content\/uploads\/2023\/12\/Adaptador-de-video-externo-usb-c-a-vga-con-llavero-de-enganche-rapido-startech.com-mod.-cdp2vgafc.jpg","type":"image\/jpeg"}],"twitter_card":"summary_large_image","twitter_misc":{"Precio":"&#36;230 con IVA","Availability":"Out of stock"},"schema":{"@context":"https:\/\/schema.org","@graph":[{"@type":"WebPage","@id":"https:\/\/compuviper.mx\/tienda\/producto\/startech-com-cdp2vgafc-adaptador-de-video-externo-usb-c-a-vga-con-llavero-de-enganche-rapido-mod\/","url":"https:\/\/compuviper.mx\/tienda\/producto\/startech-com-cdp2vgafc-adaptador-de-video-externo-usb-c-a-vga-con-llavero-de-enganche-rapido-mod\/","name":"[ Startech.com ] &#129351; Cdp2vgafc Adaptador De Video Externo Usb-c A Vga Con Llavero De Enganche Rapido - Mod.","isPartOf":{"@id":"https:\/\/compuviper.mx\/tienda\/#website"},"datePublished":"2026-04-02T05:34:06+00:00","dateModified":"2026-04-02T05:34:06+00:00","description":"Compra Cdp2vgafc Adaptador De Video Externo Usb-c A Vga Con Llavero De Enganche Rapido - Mod. + Env\u00edo a domicilio + Pago seguro + Garant\u00eda","breadcrumb":{"@id":"https:\/\/compuviper.mx\/tienda\/producto\/startech-com-cdp2vgafc-adaptador-de-video-externo-usb-c-a-vga-con-llavero-de-enganche-rapido-mod\/#breadcrumb"},"inLanguage":"es-MX","potentialAction":[{"@type":"ReadAction","target":["https:\/\/compuviper.mx\/tienda\/producto\/startech-com-cdp2vgafc-adaptador-de-video-externo-usb-c-a-vga-con-llavero-de-enganche-rapido-mod\/"]}]},{"@type":"BreadcrumbList","@id":"https:\/\/compuviper.mx\/tienda\/producto\/startech-com-cdp2vgafc-adaptador-de-video-externo-usb-c-a-vga-con-llavero-de-enganche-rapido-mod\/#breadcrumb","itemListElement":[{"@type":"ListItem","position":1,"name":"Inicio","item":"https:\/\/compuviper.mx\/tienda\/"},{"@type":"ListItem","position":2,"name":"Productos","item":"https:\/\/compuviper.mx\/tienda\/productos\/"},{"@type":"ListItem","position":3,"name":"Accesorios","item":"https:\/\/compuviper.mx\/tienda\/categoria-producto\/accesorios\/"},{"@type":"ListItem","position":4,"name":"Adaptadores","item":"https:\/\/compuviper.mx\/tienda\/categoria-producto\/accesorios\/adaptadores\/"},{"@type":"ListItem","position":5,"name":"Startech.com Cdp2vgafc Adaptador De Video Externo Usb-c A Vga Con Llavero De Enganche Rapido &#8211; Mod."}]},{"@type":"WebSite","@id":"https:\/\/compuviper.mx\/tienda\/#website","url":"https:\/\/compuviper.mx\/tienda\/","name":"Compuviper","description":"Proveedor de Computadoras, Laptops, Servidores, Monitores, Puntos de Venta, Teclados,   Impresoras, T\u00f3ner, C\u00e1maras de Seguridad y m\u00e1s en tu tienda en l\u00ednea","publisher":{"@id":"https:\/\/compuviper.mx\/tienda\/#organization"},"potentialAction":[{"@type":"SearchAction","target":{"@type":"EntryPoint","urlTemplate":"https:\/\/compuviper.mx\/tienda\/?s={search_term_string}"},"query-input":"required name=search_term_string"}],"inLanguage":"es-MX"},{"@type":"Organization","@id":"https:\/\/compuviper.mx\/tienda\/#organization","name":"Compuviper","url":"https:\/\/compuviper.mx\/tienda\/","logo":{"@type":"ImageObject","inLanguage":"es-MX","@id":"https:\/\/compuviper.mx\/tienda\/#\/schema\/logo\/image\/","url":"https:\/\/compuviper.mx\/tienda\/wp-content\/uploads\/2021\/08\/Logo-Compuviper-10.png","contentUrl":"https:\/\/compuviper.mx\/tienda\/wp-content\/uploads\/2021\/08\/Logo-Compuviper-10.png","width":1000,"height":500,"caption":"Compuviper"},"image":{"@id":"https:\/\/compuviper.mx\/tienda\/#\/schema\/logo\/image\/"},"sameAs":["https:\/\/www.facebook.com\/compuviper","https:\/\/www.youtube.com\/channel\/UCf73dERp9Y3cfOq7q8BhLjA?view_as=subscriber"]}]},"product_brand":"STARTECH.COM","product_price_amount":"230","product_price_currency":"MXN","og_availability":"out of stock","product_availability":"out of stock","product_retailer_item_id":"CDP2VGAFC","product_condition":"new"},"_links":{"self":[{"href":"https:\/\/compuviper.mx\/tienda\/wp-json\/wp\/v2\/product\/212591"}],"collection":[{"href":"https:\/\/compuviper.mx\/tienda\/wp-json\/wp\/v2\/product"}],"about":[{"href":"https:\/\/compuviper.mx\/tienda\/wp-json\/wp\/v2\/types\/product"}],"replies":[{"embeddable":true,"href":"https:\/\/compuviper.mx\/tienda\/wp-json\/wp\/v2\/comments?post=212591"}],"wp:featuredmedia":[{"embeddable":true,"href":"https:\/\/compuviper.mx\/tienda\/wp-json\/wp\/v2\/media\/212592"}],"wp:attachment":[{"href":"https:\/\/compuviper.mx\/tienda\/wp-json\/wp\/v2\/media?parent=212591"}],"wp:term":[{"taxonomy":"product_cat","embeddable":true,"href":"https:\/\/compuviper.mx\/tienda\/wp-json\/wp\/v2\/product_cat?post=212591"},{"taxonomy":"product_tag","embeddable":true,"href":"https:\/\/compuviper.mx\/tienda\/wp-json\/wp\/v2\/product_tag?post=212591"}],"curies":[{"name":"wp","href":"https:\/\/api.w.org\/{rel}","templated":true}]}}