{"id":212587,"date":"2026-04-01T23:34:05","date_gmt":"2026-04-02T05:34:05","guid":{"rendered":"https:\/\/compuviper.mx\/tienda\/producto\/hewlett-packard-enterprise-p02377-b21-condensador-hbrido-hpe-smart-storage-con-kit-de-cables-de-145-mm\/"},"modified":"2026-04-01T23:34:05","modified_gmt":"2026-04-02T05:34:05","slug":"hewlett-packard-enterprise-p02377-b21-condensador-hbrido-hpe-smart-storage-con-kit-de-cables-de-145-mm","status":"publish","type":"product","link":"https:\/\/compuviper.mx\/tienda\/producto\/hewlett-packard-enterprise-p02377-b21-condensador-hbrido-hpe-smart-storage-con-kit-de-cables-de-145-mm\/","title":{"rendered":"Hewlett Packard Enterprise P02377-b21 Condensador Hbrido Hpe Smart Storage Con Kit De Cables De 145 Mm"},"content":{"rendered":"<table class=\"descripcion\">\n<tr>\n<td>Dimensiones mnimas alto x ancho x fondo:<\/td>\n<\/tr>\n<tr>\n<td>25,4 x 22,25 x 5,79 cm<\/td>\n<\/tr>\n<tr>\n<td>Peso:<\/td>\n<\/tr>\n<tr>\n<td>0,34 kg<\/td>\n<\/tr>\n<\/table>\n","protected":false},"excerpt":{"rendered":"<p>Condensador hbrido de almacenamiento inteligente hpe. El condensador hbrido de almacenamiento inteligente hpe es una tecnologa sin batera para el almacenamiento de energa que proporciona proteccin de datos para los datos en cach al tiempo que elimina los costos y el impacto ambiental de las bateras de iones de litio. Para aquellos que ejecutan servidores hpe gen10, el hpe smart hybrid capacitor es una fuente de alimentacin de respaldo centralizada que admite mltiples controladores donde la memoria flash nand en los controladores hpe smart array performance class y el hpe smart hybrid capacitor trabajan juntos para guardar datos almacenados en cach en caso de imprevisto prdida de energa del servidor. Cuando el mdulo condensador hbrido detecta la prdida de energa, mantiene activas las partes crticas del controlador el tiempo suficiente para permitir que los datos se copien de la memoria cach del controlador a la memoria flash. Tenga en cuenta que, aunque el mdulo de condensador hbrido es mecnicamente compatible con la batera de almacenamiento inteligente de 96 w p01366-b21 y p01367-b21, el mdulo no se puede usar en combinacin con la batera de almacenamiento inteligente. En la mayora de los casos, solo se puede usar una batera de almacenamiento inteligente o un condensador hbrido inteligente por sistema. Consulte las especificaciones rpidas de su plataforma de servidor para obtener ms detalles.<\/p>\n","protected":false},"featured_media":212588,"comment_status":"open","ping_status":"open","template":"","meta":[],"product_cat":[1485,1528],"product_tag":[1568],"acf":[],"yoast_head":"<!-- This site is optimized with the Yoast SEO plugin v21.7 - https:\/\/yoast.com\/wordpress\/plugins\/seo\/ -->\n<title>[ Hewlett Packard Enterprise ] &#129351; P02377-b21 Condensador Hbrido Hpe Smart Storage Con Kit De Cables De 145 Mm<\/title>\n<meta name=\"description\" content=\"Compra P02377-b21 Condensador Hbrido Hpe Smart Storage Con Kit De Cables De 145 Mm + Env\u00edo a domicilio + Pago seguro + Garant\u00eda\" \/>\n<meta name=\"robots\" content=\"index, follow, max-snippet:-1, max-image-preview:large, max-video-preview:-1\" \/>\n<link rel=\"canonical\" href=\"https:\/\/compuviper.mx\/tienda\/producto\/hewlett-packard-enterprise-p02377-b21-condensador-hbrido-hpe-smart-storage-con-kit-de-cables-de-145-mm\/\" \/>\n<meta property=\"og:locale\" content=\"es_MX\" \/>\n<meta property=\"og:type\" content=\"article\" \/>\n<meta property=\"og:title\" content=\"[ Hewlett Packard Enterprise ] &#129351; P02377-b21 Condensador Hbrido Hpe Smart Storage Con Kit De Cables De 145 Mm\" \/>\n<meta property=\"og:description\" content=\"Compra P02377-b21 Condensador Hbrido Hpe Smart Storage Con Kit De Cables De 145 Mm + Env\u00edo a domicilio + Pago seguro + Garant\u00eda\" \/>\n<meta property=\"og:url\" content=\"https:\/\/compuviper.mx\/tienda\/producto\/hewlett-packard-enterprise-p02377-b21-condensador-hbrido-hpe-smart-storage-con-kit-de-cables-de-145-mm\/\" \/>\n<meta property=\"og:site_name\" content=\"Compuviper\" \/>\n<meta property=\"article:publisher\" content=\"https:\/\/www.facebook.com\/compuviper\" \/>\n<meta property=\"og:image\" content=\"https:\/\/compuviper.mx\/tienda\/wp-content\/uploads\/2023\/12\/Condensador-hbrido-hpe-smart-storage-con-kit-de-cables-de-145-mm.jpg\" \/>\n\t<meta property=\"og:image:width\" content=\"200\" \/>\n\t<meta property=\"og:image:height\" content=\"200\" \/>\n\t<meta property=\"og:image:type\" content=\"image\/jpeg\" \/>\n<meta name=\"twitter:card\" content=\"summary_large_image\" \/>\n<meta name=\"twitter:label1\" content=\"Precio\" \/>\n\t<meta name=\"twitter:data1\" content=\"&#36;4,387 con IVA\" \/>\n\t<meta name=\"twitter:label2\" content=\"Availability\" \/>\n\t<meta name=\"twitter:data2\" content=\"On backorder\" \/>\n<script type=\"application\/ld+json\" class=\"yoast-schema-graph\">{\"@context\":\"https:\/\/schema.org\",\"@graph\":[{\"@type\":\"WebPage\",\"@id\":\"https:\/\/compuviper.mx\/tienda\/producto\/hewlett-packard-enterprise-p02377-b21-condensador-hbrido-hpe-smart-storage-con-kit-de-cables-de-145-mm\/\",\"url\":\"https:\/\/compuviper.mx\/tienda\/producto\/hewlett-packard-enterprise-p02377-b21-condensador-hbrido-hpe-smart-storage-con-kit-de-cables-de-145-mm\/\",\"name\":\"[ Hewlett Packard Enterprise ] &#129351; P02377-b21 Condensador Hbrido Hpe Smart Storage Con Kit De Cables De 145 Mm\",\"isPartOf\":{\"@id\":\"https:\/\/compuviper.mx\/tienda\/#website\"},\"datePublished\":\"2026-04-02T05:34:05+00:00\",\"dateModified\":\"2026-04-02T05:34:05+00:00\",\"description\":\"Compra P02377-b21 Condensador Hbrido Hpe Smart Storage Con Kit De Cables De 145 Mm + Env\u00edo a domicilio + Pago seguro + Garant\u00eda\",\"breadcrumb\":{\"@id\":\"https:\/\/compuviper.mx\/tienda\/producto\/hewlett-packard-enterprise-p02377-b21-condensador-hbrido-hpe-smart-storage-con-kit-de-cables-de-145-mm\/#breadcrumb\"},\"inLanguage\":\"es-MX\",\"potentialAction\":[{\"@type\":\"ReadAction\",\"target\":[\"https:\/\/compuviper.mx\/tienda\/producto\/hewlett-packard-enterprise-p02377-b21-condensador-hbrido-hpe-smart-storage-con-kit-de-cables-de-145-mm\/\"]}]},{\"@type\":\"BreadcrumbList\",\"@id\":\"https:\/\/compuviper.mx\/tienda\/producto\/hewlett-packard-enterprise-p02377-b21-condensador-hbrido-hpe-smart-storage-con-kit-de-cables-de-145-mm\/#breadcrumb\",\"itemListElement\":[{\"@type\":\"ListItem\",\"position\":1,\"name\":\"Inicio\",\"item\":\"https:\/\/compuviper.mx\/tienda\/\"},{\"@type\":\"ListItem\",\"position\":2,\"name\":\"Productos\",\"item\":\"https:\/\/compuviper.mx\/tienda\/productos\/\"},{\"@type\":\"ListItem\",\"position\":3,\"name\":\"Accesorios\",\"item\":\"https:\/\/compuviper.mx\/tienda\/categoria-producto\/accesorios\/\"},{\"@type\":\"ListItem\",\"position\":4,\"name\":\"Energia\",\"item\":\"https:\/\/compuviper.mx\/tienda\/categoria-producto\/accesorios\/energia-accesorios\/\"},{\"@type\":\"ListItem\",\"position\":5,\"name\":\"Hewlett Packard Enterprise P02377-b21 Condensador Hbrido Hpe Smart Storage Con Kit De Cables De 145 Mm\"}]},{\"@type\":\"WebSite\",\"@id\":\"https:\/\/compuviper.mx\/tienda\/#website\",\"url\":\"https:\/\/compuviper.mx\/tienda\/\",\"name\":\"Compuviper\",\"description\":\"Proveedor de Computadoras, Laptops, Servidores, Monitores, Puntos de Venta, Teclados,   Impresoras, T\u00f3ner, C\u00e1maras de Seguridad y m\u00e1s en tu tienda en l\u00ednea\",\"publisher\":{\"@id\":\"https:\/\/compuviper.mx\/tienda\/#organization\"},\"potentialAction\":[{\"@type\":\"SearchAction\",\"target\":{\"@type\":\"EntryPoint\",\"urlTemplate\":\"https:\/\/compuviper.mx\/tienda\/?s={search_term_string}\"},\"query-input\":\"required name=search_term_string\"}],\"inLanguage\":\"es-MX\"},{\"@type\":\"Organization\",\"@id\":\"https:\/\/compuviper.mx\/tienda\/#organization\",\"name\":\"Compuviper\",\"url\":\"https:\/\/compuviper.mx\/tienda\/\",\"logo\":{\"@type\":\"ImageObject\",\"inLanguage\":\"es-MX\",\"@id\":\"https:\/\/compuviper.mx\/tienda\/#\/schema\/logo\/image\/\",\"url\":\"https:\/\/compuviper.mx\/tienda\/wp-content\/uploads\/2021\/08\/Logo-Compuviper-10.png\",\"contentUrl\":\"https:\/\/compuviper.mx\/tienda\/wp-content\/uploads\/2021\/08\/Logo-Compuviper-10.png\",\"width\":1000,\"height\":500,\"caption\":\"Compuviper\"},\"image\":{\"@id\":\"https:\/\/compuviper.mx\/tienda\/#\/schema\/logo\/image\/\"},\"sameAs\":[\"https:\/\/www.facebook.com\/compuviper\",\"https:\/\/www.youtube.com\/channel\/UCf73dERp9Y3cfOq7q8BhLjA?view_as=subscriber\"]}]}<\/script>\n<meta property=\"product:brand\" content=\"HEWLETT PACKARD ENTERPRISE\" \/>\n<meta property=\"product:price:amount\" content=\"4387\" \/>\n<meta property=\"product:price:currency\" content=\"MXN\" \/>\n<meta property=\"og:availability\" content=\"backorder\" \/>\n<meta property=\"product:availability\" content=\"available for order\" \/>\n<meta property=\"product:retailer_item_id\" content=\"P02377-B21\" \/>\n<meta property=\"product:condition\" content=\"new\" \/>\n<!-- \/ Yoast SEO plugin. -->","yoast_head_json":{"title":"[ Hewlett Packard Enterprise ] &#129351; P02377-b21 Condensador Hbrido Hpe Smart Storage Con Kit De Cables De 145 Mm","description":"Compra P02377-b21 Condensador Hbrido Hpe Smart Storage Con Kit De Cables De 145 Mm + Env\u00edo a domicilio + Pago seguro + Garant\u00eda","robots":{"index":"index","follow":"follow","max-snippet":"max-snippet:-1","max-image-preview":"max-image-preview:large","max-video-preview":"max-video-preview:-1"},"canonical":"https:\/\/compuviper.mx\/tienda\/producto\/hewlett-packard-enterprise-p02377-b21-condensador-hbrido-hpe-smart-storage-con-kit-de-cables-de-145-mm\/","og_locale":"es_MX","og_type":"article","og_title":"[ Hewlett Packard Enterprise ] &#129351; P02377-b21 Condensador Hbrido Hpe Smart Storage Con Kit De Cables De 145 Mm","og_description":"Compra P02377-b21 Condensador Hbrido Hpe Smart Storage Con Kit De Cables De 145 Mm + Env\u00edo a domicilio + Pago seguro + Garant\u00eda","og_url":"https:\/\/compuviper.mx\/tienda\/producto\/hewlett-packard-enterprise-p02377-b21-condensador-hbrido-hpe-smart-storage-con-kit-de-cables-de-145-mm\/","og_site_name":"Compuviper","article_publisher":"https:\/\/www.facebook.com\/compuviper","og_image":[{"width":200,"height":200,"url":"https:\/\/compuviper.mx\/tienda\/wp-content\/uploads\/2023\/12\/Condensador-hbrido-hpe-smart-storage-con-kit-de-cables-de-145-mm.jpg","type":"image\/jpeg"}],"twitter_card":"summary_large_image","twitter_misc":{"Precio":"&#36;4,387 con IVA","Availability":"On backorder"},"schema":{"@context":"https:\/\/schema.org","@graph":[{"@type":"WebPage","@id":"https:\/\/compuviper.mx\/tienda\/producto\/hewlett-packard-enterprise-p02377-b21-condensador-hbrido-hpe-smart-storage-con-kit-de-cables-de-145-mm\/","url":"https:\/\/compuviper.mx\/tienda\/producto\/hewlett-packard-enterprise-p02377-b21-condensador-hbrido-hpe-smart-storage-con-kit-de-cables-de-145-mm\/","name":"[ Hewlett Packard Enterprise ] &#129351; P02377-b21 Condensador Hbrido Hpe Smart Storage Con Kit De Cables De 145 Mm","isPartOf":{"@id":"https:\/\/compuviper.mx\/tienda\/#website"},"datePublished":"2026-04-02T05:34:05+00:00","dateModified":"2026-04-02T05:34:05+00:00","description":"Compra P02377-b21 Condensador Hbrido Hpe Smart Storage Con Kit De Cables De 145 Mm + Env\u00edo a domicilio + Pago seguro + Garant\u00eda","breadcrumb":{"@id":"https:\/\/compuviper.mx\/tienda\/producto\/hewlett-packard-enterprise-p02377-b21-condensador-hbrido-hpe-smart-storage-con-kit-de-cables-de-145-mm\/#breadcrumb"},"inLanguage":"es-MX","potentialAction":[{"@type":"ReadAction","target":["https:\/\/compuviper.mx\/tienda\/producto\/hewlett-packard-enterprise-p02377-b21-condensador-hbrido-hpe-smart-storage-con-kit-de-cables-de-145-mm\/"]}]},{"@type":"BreadcrumbList","@id":"https:\/\/compuviper.mx\/tienda\/producto\/hewlett-packard-enterprise-p02377-b21-condensador-hbrido-hpe-smart-storage-con-kit-de-cables-de-145-mm\/#breadcrumb","itemListElement":[{"@type":"ListItem","position":1,"name":"Inicio","item":"https:\/\/compuviper.mx\/tienda\/"},{"@type":"ListItem","position":2,"name":"Productos","item":"https:\/\/compuviper.mx\/tienda\/productos\/"},{"@type":"ListItem","position":3,"name":"Accesorios","item":"https:\/\/compuviper.mx\/tienda\/categoria-producto\/accesorios\/"},{"@type":"ListItem","position":4,"name":"Energia","item":"https:\/\/compuviper.mx\/tienda\/categoria-producto\/accesorios\/energia-accesorios\/"},{"@type":"ListItem","position":5,"name":"Hewlett Packard Enterprise P02377-b21 Condensador Hbrido Hpe Smart Storage Con Kit De Cables De 145 Mm"}]},{"@type":"WebSite","@id":"https:\/\/compuviper.mx\/tienda\/#website","url":"https:\/\/compuviper.mx\/tienda\/","name":"Compuviper","description":"Proveedor de Computadoras, Laptops, Servidores, Monitores, Puntos de Venta, Teclados,   Impresoras, T\u00f3ner, C\u00e1maras de Seguridad y m\u00e1s en tu tienda en l\u00ednea","publisher":{"@id":"https:\/\/compuviper.mx\/tienda\/#organization"},"potentialAction":[{"@type":"SearchAction","target":{"@type":"EntryPoint","urlTemplate":"https:\/\/compuviper.mx\/tienda\/?s={search_term_string}"},"query-input":"required name=search_term_string"}],"inLanguage":"es-MX"},{"@type":"Organization","@id":"https:\/\/compuviper.mx\/tienda\/#organization","name":"Compuviper","url":"https:\/\/compuviper.mx\/tienda\/","logo":{"@type":"ImageObject","inLanguage":"es-MX","@id":"https:\/\/compuviper.mx\/tienda\/#\/schema\/logo\/image\/","url":"https:\/\/compuviper.mx\/tienda\/wp-content\/uploads\/2021\/08\/Logo-Compuviper-10.png","contentUrl":"https:\/\/compuviper.mx\/tienda\/wp-content\/uploads\/2021\/08\/Logo-Compuviper-10.png","width":1000,"height":500,"caption":"Compuviper"},"image":{"@id":"https:\/\/compuviper.mx\/tienda\/#\/schema\/logo\/image\/"},"sameAs":["https:\/\/www.facebook.com\/compuviper","https:\/\/www.youtube.com\/channel\/UCf73dERp9Y3cfOq7q8BhLjA?view_as=subscriber"]}]},"product_brand":"HEWLETT PACKARD ENTERPRISE","product_price_amount":"4387","product_price_currency":"MXN","og_availability":"backorder","product_availability":"available for order","product_retailer_item_id":"P02377-B21","product_condition":"new"},"_links":{"self":[{"href":"https:\/\/compuviper.mx\/tienda\/wp-json\/wp\/v2\/product\/212587"}],"collection":[{"href":"https:\/\/compuviper.mx\/tienda\/wp-json\/wp\/v2\/product"}],"about":[{"href":"https:\/\/compuviper.mx\/tienda\/wp-json\/wp\/v2\/types\/product"}],"replies":[{"embeddable":true,"href":"https:\/\/compuviper.mx\/tienda\/wp-json\/wp\/v2\/comments?post=212587"}],"wp:featuredmedia":[{"embeddable":true,"href":"https:\/\/compuviper.mx\/tienda\/wp-json\/wp\/v2\/media\/212588"}],"wp:attachment":[{"href":"https:\/\/compuviper.mx\/tienda\/wp-json\/wp\/v2\/media?parent=212587"}],"wp:term":[{"taxonomy":"product_cat","embeddable":true,"href":"https:\/\/compuviper.mx\/tienda\/wp-json\/wp\/v2\/product_cat?post=212587"},{"taxonomy":"product_tag","embeddable":true,"href":"https:\/\/compuviper.mx\/tienda\/wp-json\/wp\/v2\/product_tag?post=212587"}],"curies":[{"name":"wp","href":"https:\/\/api.w.org\/{rel}","templated":true}]}}