{"id":212585,"date":"2026-04-10T23:32:47","date_gmt":"2026-04-11T05:32:47","guid":{"rendered":"https:\/\/compuviper.mx\/tienda\/producto\/manhattan-461719-soporte-tv-p-videowall-70kg-45-a-70-pop-out\/"},"modified":"2026-04-10T23:32:47","modified_gmt":"2026-04-11T05:32:47","slug":"manhattan-461719-soporte-tv-p-videowall-70kg-45-a-70-pop-out","status":"publish","type":"product","link":"https:\/\/compuviper.mx\/tienda\/producto\/manhattan-461719-soporte-tv-p-videowall-70kg-45-a-70-pop-out\/","title":{"rendered":"Manhattan 461719 Soporte Tv,,, P\/videowall 70kg, 45 A 70 Pop-out"},"content":{"rendered":"<table class=\"descripcion\">\n<tr>\n<td>El soporte premium de tv para video wall de manhattan es perfecto para instalar y<\/td>\n<\/tr>\n<tr>\n<td>Colocar pantallas de panel plano uno al lado del otro para hacer una pantalla grande (un<\/td>\n<\/tr>\n<tr>\n<td>Soporte por pantalla; adicional equipo, como la matriz para video wall de manhattan es<\/td>\n<\/tr>\n<tr>\n<td>Requerido). cuando se instalan juntos, los montajes le permiten organizar y ajustar<\/td>\n<\/tr>\n<tr>\n<td>F\u00e1cilmente sus pantallas para crear una forma muy ampliada de disfrutar de pel\u00edculas,<\/td>\n<\/tr>\n<tr>\n<td>Juegos, contenido web y otras conexiones de medios que tenga en casa.<\/td>\n<\/tr>\n<\/table>\n","protected":false},"excerpt":{"rendered":"<p>Sujeta de manera segura un panel o pantalla plana para la integraci\u00f3n de un video. Wall.  Cumple con est\u00e1ndares vesa &#8211; soporta televisiones de 45 a 70 con un peso de. Hasta 70 kg (154 lbs..  Ajustes de inclinaci\u00f3n de -5\u00b0 a 3\u00b0 para optimizar la vista.  Opci\u00f3n de microajustes (arriba, abajo, inclinaci\u00f3n hacia arriba o abajo, giro hace la. Derecha o la izquierda) para una alineaci\u00f3n perfecta de la pantalla.  Sistema de bloqueo antirrobo (candado no incluido.  Sistema de perillas para enganchar o desenganchar libremente la pantalla de la. Placa de pared.  Cuenta con un sistema desplegable que extiende el soporte hacia adelante para. Que la instalaci\u00f3n sea m\u00e1s sencilla y para labores de mantenimiento.  Incluye un espacio designado para la administraci\u00f3n y mantenimiento de cables.  Fabricado en acero.  Garant\u00eda de por vida *consulte el tiempo de garant\u00eda en su pa\u00eds. Especificaciones. Soporte premium de tv para video wall. \u0095 cumple con est\u00e1ndares vesa: 200&#215;200, 300&#215;300, 400&#215;200, 400&#215;400, 600&#215;400. \u0095 capacidad de carga: hasta 70 kg. Opciones de ajuste. \u0095 inclinaci\u00f3n: -5\u00b0 a +3?. \u0095 extensi\u00f3n: 143 &#8211; 306 mm. Tama\u00f1o del producto. \u0095 934 x 143 x 483 mm. Contenido del paquete. \u0095 soporte premium de tv para video wall. \u0095 piezas para montaje e instrucciones<\/p>\n","protected":false},"featured_media":212586,"comment_status":"open","ping_status":"open","template":"","meta":[],"product_cat":[2321,2265],"product_tag":[1487],"acf":[],"yoast_head":"<!-- This site is optimized with the Yoast SEO plugin v21.7 - https:\/\/yoast.com\/wordpress\/plugins\/seo\/ -->\n<title>[ Manhattan ] &#129351; 461719 Soporte Tv,,, P\/videowall 70kg, 45 A 70 Pop-out<\/title>\n<meta name=\"description\" content=\"Compra 461719 Soporte Tv,,, P\/videowall 70kg, 45 A 70 Pop-out + Env\u00edo a domicilio + Pago seguro + Garant\u00eda\" \/>\n<meta name=\"robots\" content=\"index, follow, max-snippet:-1, max-image-preview:large, max-video-preview:-1\" \/>\n<link rel=\"canonical\" href=\"https:\/\/compuviper.mx\/tienda\/producto\/manhattan-461719-soporte-tv-p-videowall-70kg-45-a-70-pop-out\/\" \/>\n<meta property=\"og:locale\" content=\"es_MX\" \/>\n<meta property=\"og:type\" content=\"article\" \/>\n<meta property=\"og:title\" content=\"[ Manhattan ] &#129351; 461719 Soporte Tv,,, P\/videowall 70kg, 45 A 70 Pop-out\" \/>\n<meta property=\"og:description\" content=\"Compra 461719 Soporte Tv,,, P\/videowall 70kg, 45 A 70 Pop-out + Env\u00edo a domicilio + Pago seguro + Garant\u00eda\" \/>\n<meta property=\"og:url\" content=\"https:\/\/compuviper.mx\/tienda\/producto\/manhattan-461719-soporte-tv-p-videowall-70kg-45-a-70-pop-out\/\" \/>\n<meta property=\"og:site_name\" content=\"Compuviper\" \/>\n<meta property=\"article:publisher\" content=\"https:\/\/www.facebook.com\/compuviper\" \/>\n<meta property=\"og:image\" content=\"https:\/\/compuviper.mx\/tienda\/wp-content\/uploads\/2023\/12\/Soporte-tvmanhattan461719-pvideowall-70kg-45-a-70-pop-out.jpg\" \/>\n\t<meta property=\"og:image:width\" content=\"200\" \/>\n\t<meta property=\"og:image:height\" content=\"200\" \/>\n\t<meta property=\"og:image:type\" content=\"image\/jpeg\" \/>\n<meta name=\"twitter:card\" content=\"summary_large_image\" \/>\n<meta name=\"twitter:label1\" content=\"Precio\" \/>\n\t<meta name=\"twitter:data1\" content=\"&#36;4,113 con IVA\" \/>\n\t<meta name=\"twitter:label2\" content=\"Availability\" \/>\n\t<meta name=\"twitter:data2\" content=\"In stock\" \/>\n<script type=\"application\/ld+json\" class=\"yoast-schema-graph\">{\"@context\":\"https:\/\/schema.org\",\"@graph\":[{\"@type\":\"WebPage\",\"@id\":\"https:\/\/compuviper.mx\/tienda\/producto\/manhattan-461719-soporte-tv-p-videowall-70kg-45-a-70-pop-out\/\",\"url\":\"https:\/\/compuviper.mx\/tienda\/producto\/manhattan-461719-soporte-tv-p-videowall-70kg-45-a-70-pop-out\/\",\"name\":\"[ Manhattan ] &#129351; 461719 Soporte Tv,,, P\/videowall 70kg, 45 A 70 Pop-out\",\"isPartOf\":{\"@id\":\"https:\/\/compuviper.mx\/tienda\/#website\"},\"datePublished\":\"2026-04-11T05:32:47+00:00\",\"dateModified\":\"2026-04-11T05:32:47+00:00\",\"description\":\"Compra 461719 Soporte Tv,,, P\/videowall 70kg, 45 A 70 Pop-out + Env\u00edo a domicilio + Pago seguro + Garant\u00eda\",\"breadcrumb\":{\"@id\":\"https:\/\/compuviper.mx\/tienda\/producto\/manhattan-461719-soporte-tv-p-videowall-70kg-45-a-70-pop-out\/#breadcrumb\"},\"inLanguage\":\"es-MX\",\"potentialAction\":[{\"@type\":\"ReadAction\",\"target\":[\"https:\/\/compuviper.mx\/tienda\/producto\/manhattan-461719-soporte-tv-p-videowall-70kg-45-a-70-pop-out\/\"]}]},{\"@type\":\"BreadcrumbList\",\"@id\":\"https:\/\/compuviper.mx\/tienda\/producto\/manhattan-461719-soporte-tv-p-videowall-70kg-45-a-70-pop-out\/#breadcrumb\",\"itemListElement\":[{\"@type\":\"ListItem\",\"position\":1,\"name\":\"Inicio\",\"item\":\"https:\/\/compuviper.mx\/tienda\/\"},{\"@type\":\"ListItem\",\"position\":2,\"name\":\"Productos\",\"item\":\"https:\/\/compuviper.mx\/tienda\/productos\/\"},{\"@type\":\"ListItem\",\"position\":3,\"name\":\"Soportes Y Bases P\/tv\/ Proyectores\/dvd\/consolas\/bocinas\/pantallas\/monotores\",\"item\":\"https:\/\/compuviper.mx\/tienda\/categoria-producto\/soportes-y-bases-p-tv-proyectores-dvd-consolas-bocinas-pantallas-monotores\/\"},{\"@type\":\"ListItem\",\"position\":4,\"name\":\"Soporte Y Base Para Tv\/pantallas\/monitores\/kiosko\",\"item\":\"https:\/\/compuviper.mx\/tienda\/categoria-producto\/soportes-y-bases-p-tv-proyectores-dvd-consolas-bocinas-pantallas-monotores\/soporte-y-base-para-tv-pantallas-monitores-kiosko\/\"},{\"@type\":\"ListItem\",\"position\":5,\"name\":\"Manhattan 461719 Soporte Tv,,, P\/videowall 70kg, 45 A 70 Pop-out\"}]},{\"@type\":\"WebSite\",\"@id\":\"https:\/\/compuviper.mx\/tienda\/#website\",\"url\":\"https:\/\/compuviper.mx\/tienda\/\",\"name\":\"Compuviper\",\"description\":\"Proveedor de Computadoras, Laptops, Servidores, Monitores, Puntos de Venta, Teclados,   Impresoras, T\u00f3ner, C\u00e1maras de Seguridad y m\u00e1s en tu tienda en l\u00ednea\",\"publisher\":{\"@id\":\"https:\/\/compuviper.mx\/tienda\/#organization\"},\"potentialAction\":[{\"@type\":\"SearchAction\",\"target\":{\"@type\":\"EntryPoint\",\"urlTemplate\":\"https:\/\/compuviper.mx\/tienda\/?s={search_term_string}\"},\"query-input\":\"required name=search_term_string\"}],\"inLanguage\":\"es-MX\"},{\"@type\":\"Organization\",\"@id\":\"https:\/\/compuviper.mx\/tienda\/#organization\",\"name\":\"Compuviper\",\"url\":\"https:\/\/compuviper.mx\/tienda\/\",\"logo\":{\"@type\":\"ImageObject\",\"inLanguage\":\"es-MX\",\"@id\":\"https:\/\/compuviper.mx\/tienda\/#\/schema\/logo\/image\/\",\"url\":\"https:\/\/compuviper.mx\/tienda\/wp-content\/uploads\/2021\/08\/Logo-Compuviper-10.png\",\"contentUrl\":\"https:\/\/compuviper.mx\/tienda\/wp-content\/uploads\/2021\/08\/Logo-Compuviper-10.png\",\"width\":1000,\"height\":500,\"caption\":\"Compuviper\"},\"image\":{\"@id\":\"https:\/\/compuviper.mx\/tienda\/#\/schema\/logo\/image\/\"},\"sameAs\":[\"https:\/\/www.facebook.com\/compuviper\",\"https:\/\/www.youtube.com\/channel\/UCf73dERp9Y3cfOq7q8BhLjA?view_as=subscriber\"]}]}<\/script>\n<meta property=\"product:brand\" content=\"MANHATTAN\" \/>\n<meta property=\"product:price:amount\" content=\"4113\" \/>\n<meta property=\"product:price:currency\" content=\"MXN\" \/>\n<meta property=\"og:availability\" content=\"instock\" \/>\n<meta property=\"product:availability\" content=\"instock\" \/>\n<meta property=\"product:retailer_item_id\" content=\"461719\" \/>\n<meta property=\"product:condition\" content=\"new\" \/>\n<!-- \/ Yoast SEO plugin. -->","yoast_head_json":{"title":"[ Manhattan ] &#129351; 461719 Soporte Tv,,, P\/videowall 70kg, 45 A 70 Pop-out","description":"Compra 461719 Soporte Tv,,, P\/videowall 70kg, 45 A 70 Pop-out + Env\u00edo a domicilio + Pago seguro + Garant\u00eda","robots":{"index":"index","follow":"follow","max-snippet":"max-snippet:-1","max-image-preview":"max-image-preview:large","max-video-preview":"max-video-preview:-1"},"canonical":"https:\/\/compuviper.mx\/tienda\/producto\/manhattan-461719-soporte-tv-p-videowall-70kg-45-a-70-pop-out\/","og_locale":"es_MX","og_type":"article","og_title":"[ Manhattan ] &#129351; 461719 Soporte Tv,,, P\/videowall 70kg, 45 A 70 Pop-out","og_description":"Compra 461719 Soporte Tv,,, P\/videowall 70kg, 45 A 70 Pop-out + Env\u00edo a domicilio + Pago seguro + Garant\u00eda","og_url":"https:\/\/compuviper.mx\/tienda\/producto\/manhattan-461719-soporte-tv-p-videowall-70kg-45-a-70-pop-out\/","og_site_name":"Compuviper","article_publisher":"https:\/\/www.facebook.com\/compuviper","og_image":[{"width":200,"height":200,"url":"https:\/\/compuviper.mx\/tienda\/wp-content\/uploads\/2023\/12\/Soporte-tvmanhattan461719-pvideowall-70kg-45-a-70-pop-out.jpg","type":"image\/jpeg"}],"twitter_card":"summary_large_image","twitter_misc":{"Precio":"&#36;4,113 con IVA","Availability":"In stock"},"schema":{"@context":"https:\/\/schema.org","@graph":[{"@type":"WebPage","@id":"https:\/\/compuviper.mx\/tienda\/producto\/manhattan-461719-soporte-tv-p-videowall-70kg-45-a-70-pop-out\/","url":"https:\/\/compuviper.mx\/tienda\/producto\/manhattan-461719-soporte-tv-p-videowall-70kg-45-a-70-pop-out\/","name":"[ Manhattan ] &#129351; 461719 Soporte Tv,,, P\/videowall 70kg, 45 A 70 Pop-out","isPartOf":{"@id":"https:\/\/compuviper.mx\/tienda\/#website"},"datePublished":"2026-04-11T05:32:47+00:00","dateModified":"2026-04-11T05:32:47+00:00","description":"Compra 461719 Soporte Tv,,, P\/videowall 70kg, 45 A 70 Pop-out + Env\u00edo a domicilio + Pago seguro + Garant\u00eda","breadcrumb":{"@id":"https:\/\/compuviper.mx\/tienda\/producto\/manhattan-461719-soporte-tv-p-videowall-70kg-45-a-70-pop-out\/#breadcrumb"},"inLanguage":"es-MX","potentialAction":[{"@type":"ReadAction","target":["https:\/\/compuviper.mx\/tienda\/producto\/manhattan-461719-soporte-tv-p-videowall-70kg-45-a-70-pop-out\/"]}]},{"@type":"BreadcrumbList","@id":"https:\/\/compuviper.mx\/tienda\/producto\/manhattan-461719-soporte-tv-p-videowall-70kg-45-a-70-pop-out\/#breadcrumb","itemListElement":[{"@type":"ListItem","position":1,"name":"Inicio","item":"https:\/\/compuviper.mx\/tienda\/"},{"@type":"ListItem","position":2,"name":"Productos","item":"https:\/\/compuviper.mx\/tienda\/productos\/"},{"@type":"ListItem","position":3,"name":"Soportes Y Bases P\/tv\/ Proyectores\/dvd\/consolas\/bocinas\/pantallas\/monotores","item":"https:\/\/compuviper.mx\/tienda\/categoria-producto\/soportes-y-bases-p-tv-proyectores-dvd-consolas-bocinas-pantallas-monotores\/"},{"@type":"ListItem","position":4,"name":"Soporte Y Base Para Tv\/pantallas\/monitores\/kiosko","item":"https:\/\/compuviper.mx\/tienda\/categoria-producto\/soportes-y-bases-p-tv-proyectores-dvd-consolas-bocinas-pantallas-monotores\/soporte-y-base-para-tv-pantallas-monitores-kiosko\/"},{"@type":"ListItem","position":5,"name":"Manhattan 461719 Soporte Tv,,, P\/videowall 70kg, 45 A 70 Pop-out"}]},{"@type":"WebSite","@id":"https:\/\/compuviper.mx\/tienda\/#website","url":"https:\/\/compuviper.mx\/tienda\/","name":"Compuviper","description":"Proveedor de Computadoras, Laptops, Servidores, Monitores, Puntos de Venta, Teclados,   Impresoras, T\u00f3ner, C\u00e1maras de Seguridad y m\u00e1s en tu tienda en l\u00ednea","publisher":{"@id":"https:\/\/compuviper.mx\/tienda\/#organization"},"potentialAction":[{"@type":"SearchAction","target":{"@type":"EntryPoint","urlTemplate":"https:\/\/compuviper.mx\/tienda\/?s={search_term_string}"},"query-input":"required name=search_term_string"}],"inLanguage":"es-MX"},{"@type":"Organization","@id":"https:\/\/compuviper.mx\/tienda\/#organization","name":"Compuviper","url":"https:\/\/compuviper.mx\/tienda\/","logo":{"@type":"ImageObject","inLanguage":"es-MX","@id":"https:\/\/compuviper.mx\/tienda\/#\/schema\/logo\/image\/","url":"https:\/\/compuviper.mx\/tienda\/wp-content\/uploads\/2021\/08\/Logo-Compuviper-10.png","contentUrl":"https:\/\/compuviper.mx\/tienda\/wp-content\/uploads\/2021\/08\/Logo-Compuviper-10.png","width":1000,"height":500,"caption":"Compuviper"},"image":{"@id":"https:\/\/compuviper.mx\/tienda\/#\/schema\/logo\/image\/"},"sameAs":["https:\/\/www.facebook.com\/compuviper","https:\/\/www.youtube.com\/channel\/UCf73dERp9Y3cfOq7q8BhLjA?view_as=subscriber"]}]},"product_brand":"MANHATTAN","product_price_amount":"4113","product_price_currency":"MXN","og_availability":"instock","product_availability":"instock","product_retailer_item_id":"461719","product_condition":"new"},"_links":{"self":[{"href":"https:\/\/compuviper.mx\/tienda\/wp-json\/wp\/v2\/product\/212585"}],"collection":[{"href":"https:\/\/compuviper.mx\/tienda\/wp-json\/wp\/v2\/product"}],"about":[{"href":"https:\/\/compuviper.mx\/tienda\/wp-json\/wp\/v2\/types\/product"}],"replies":[{"embeddable":true,"href":"https:\/\/compuviper.mx\/tienda\/wp-json\/wp\/v2\/comments?post=212585"}],"wp:featuredmedia":[{"embeddable":true,"href":"https:\/\/compuviper.mx\/tienda\/wp-json\/wp\/v2\/media\/212586"}],"wp:attachment":[{"href":"https:\/\/compuviper.mx\/tienda\/wp-json\/wp\/v2\/media?parent=212585"}],"wp:term":[{"taxonomy":"product_cat","embeddable":true,"href":"https:\/\/compuviper.mx\/tienda\/wp-json\/wp\/v2\/product_cat?post=212585"},{"taxonomy":"product_tag","embeddable":true,"href":"https:\/\/compuviper.mx\/tienda\/wp-json\/wp\/v2\/product_tag?post=212585"}],"curies":[{"name":"wp","href":"https:\/\/api.w.org\/{rel}","templated":true}]}}