{"id":212583,"date":"2026-04-06T23:34:15","date_gmt":"2026-04-07T05:34:15","guid":{"rendered":"https:\/\/compuviper.mx\/tienda\/producto\/grandstream-gsc3505-altavoz-sip-1-via-con-bluetooth-y-wifi-doble-banda-1-puerto-10-100-poe-audio-hd-y-seguridad\/"},"modified":"2026-04-06T23:34:15","modified_gmt":"2026-04-07T05:34:15","slug":"grandstream-gsc3505-altavoz-ip-1-via-con-bluetooth-y-wifi-doble-banda-1-puerto-10-100-poe-audio-hd-y-seguridad","status":"publish","type":"product","link":"https:\/\/compuviper.mx\/tienda\/producto\/grandstream-gsc3505-altavoz-ip-1-via-con-bluetooth-y-wifi-doble-banda-1-puerto-10-100-poe-audio-hd-y-seguridad\/","title":{"rendered":"Grandstream Gsc3505 Altavoz Ip  \/ 1 Via Con Bluetooth Y Wifi Doble Banda 1 Puerto 10\/100 Poe Audio Hd Y Seguridad"},"content":{"rendered":"<table class=\"descripcion\">\n<tr>\n<td>Descripci\u00f3n<\/td>\n<\/tr>\n<tr>\n<td>Este robusto altavoz sip ofrece una funcionalidad de audio hd n\u00edtida con un altavoz hd de 8 vatios de alta fidelidad. el gsc3505 admite dispositivos bluetooth, una lista blanca incorporada y listas negras para bloquear f\u00e1cilmente las llamadas no deseadas, sip y paginaci\u00f3n de multidifusi\u00f3n, y wifi integrado de doble banda. al emparejar el gsc3505 con otros dispositivos grandstream, incluidos los tel\u00e9fonos ip inal\u00e1mbricos y de escritorio, as\u00ed como la serie gds de productos facility access, los usuarios pueden esculpir f\u00e1cilmente una soluci\u00f3n de seguridad de \u00faltima generaci\u00f3n y soluci\u00f3n de problemas de pa. gracias a su moderno dise\u00f1o industrial y a sus ricas caracter\u00edsticas, el gsc3505 es el altavoz sip ideal para cualquier entorno.<\/td>\n<\/tr>\n<tr>\n<td>Caracteristicas<\/td>\n<\/tr>\n<tr>\n<td>-altavoz con c\u00e1mara ac\u00fastica hd<\/td>\n<\/tr>\n<tr>\n<td>-presenta paginaci\u00f3n sip, paginaci\u00f3n multidifusi\u00f3n, llamada en espera con anulaci\u00f3n de prioridad<\/td>\n<\/tr>\n<tr>\n<td>-compatibilidad con c\u00f3dec de audio de banda completa y banda ancha, incluidos opus y g.722<\/td>\n<\/tr>\n<tr>\n<td>-integrado de doble banda 802.11 a \/ b \/ g \/ n wifi y bluetooth<\/td>\n<\/tr>\n<tr>\n<td>-un puerto de red de 10 \/ 100mbps con poe \/ poe +<\/td>\n<\/tr>\n<\/table>\n","protected":false},"excerpt":{"rendered":"<p>El gsc3505 es un altavoz sip de direcci\u00f3n p\u00fablica unidireccional que permite a las oficinas, escuelas, hospitales, apartamentos y m\u00e1s construir potentes soluciones de anuncios de direcciones p\u00fablicas que ampl\u00edan la seguridad y la comunicaci\u00f3n.<\/p>\n","protected":false},"featured_media":212584,"comment_status":"open","ping_status":"open","template":"","meta":[],"product_cat":[1485,1530],"product_tag":[1576],"acf":[],"yoast_head":"<!-- This site is optimized with the Yoast SEO plugin v21.7 - https:\/\/yoast.com\/wordpress\/plugins\/seo\/ -->\n<title>[ Grandstream ] &#129351; Gsc3505 Altavoz Ip \/ 1 Via Con Bluetooth Y Wifi Doble Banda 1 Puerto 10\/100 Poe Audio Hd Y Seguridad<\/title>\n<meta name=\"description\" content=\"Compra Gsc3505 Altavoz Ip \/ 1 Via Con Bluetooth Y Wifi Doble Banda 1 Puerto 10\/100 Poe Audio Hd Y Seguridad + Env\u00edo a domicilio + Pago seguro + Garant\u00eda\" \/>\n<meta name=\"robots\" content=\"index, follow, max-snippet:-1, max-image-preview:large, max-video-preview:-1\" \/>\n<link rel=\"canonical\" href=\"https:\/\/compuviper.mx\/tienda\/producto\/grandstream-gsc3505-altavoz-ip-1-via-con-bluetooth-y-wifi-doble-banda-1-puerto-10-100-poe-audio-hd-y-seguridad\/\" \/>\n<meta property=\"og:locale\" content=\"es_MX\" \/>\n<meta property=\"og:type\" content=\"article\" \/>\n<meta property=\"og:title\" content=\"[ Grandstream ] &#129351; Gsc3505 Altavoz Ip \/ 1 Via Con Bluetooth Y Wifi Doble Banda 1 Puerto 10\/100 Poe Audio Hd Y Seguridad\" \/>\n<meta property=\"og:description\" content=\"Compra Gsc3505 Altavoz Ip \/ 1 Via Con Bluetooth Y Wifi Doble Banda 1 Puerto 10\/100 Poe Audio Hd Y Seguridad + Env\u00edo a domicilio + Pago seguro + Garant\u00eda\" \/>\n<meta property=\"og:url\" content=\"https:\/\/compuviper.mx\/tienda\/producto\/grandstream-gsc3505-altavoz-ip-1-via-con-bluetooth-y-wifi-doble-banda-1-puerto-10-100-poe-audio-hd-y-seguridad\/\" \/>\n<meta property=\"og:site_name\" content=\"Compuviper\" \/>\n<meta property=\"article:publisher\" content=\"https:\/\/www.facebook.com\/compuviper\" \/>\n<meta property=\"og:image\" content=\"https:\/\/compuviper.mx\/tienda\/wp-content\/uploads\/2023\/12\/Altavoz-sip-grandstream-gsc3505-1-via-con-bluetooth-y-wifi-doble-banda-1-puerto-10100-poe-audio-hd-y-seguridad.jpg\" \/>\n\t<meta property=\"og:image:width\" content=\"200\" \/>\n\t<meta property=\"og:image:height\" content=\"200\" \/>\n\t<meta property=\"og:image:type\" content=\"image\/jpeg\" \/>\n<meta name=\"twitter:card\" content=\"summary_large_image\" \/>\n<meta name=\"twitter:label1\" content=\"Precio\" \/>\n\t<meta name=\"twitter:data1\" content=\"&#36;2,799 con IVA\" \/>\n\t<meta name=\"twitter:label2\" content=\"Availability\" \/>\n\t<meta name=\"twitter:data2\" content=\"On backorder\" \/>\n<script type=\"application\/ld+json\" class=\"yoast-schema-graph\">{\"@context\":\"https:\/\/schema.org\",\"@graph\":[{\"@type\":\"WebPage\",\"@id\":\"https:\/\/compuviper.mx\/tienda\/producto\/grandstream-gsc3505-altavoz-ip-1-via-con-bluetooth-y-wifi-doble-banda-1-puerto-10-100-poe-audio-hd-y-seguridad\/\",\"url\":\"https:\/\/compuviper.mx\/tienda\/producto\/grandstream-gsc3505-altavoz-ip-1-via-con-bluetooth-y-wifi-doble-banda-1-puerto-10-100-poe-audio-hd-y-seguridad\/\",\"name\":\"[ Grandstream ] &#129351; Gsc3505 Altavoz Ip \/ 1 Via Con Bluetooth Y Wifi Doble Banda 1 Puerto 10\/100 Poe Audio Hd Y Seguridad\",\"isPartOf\":{\"@id\":\"https:\/\/compuviper.mx\/tienda\/#website\"},\"datePublished\":\"2026-04-07T05:34:15+00:00\",\"dateModified\":\"2026-04-07T05:34:15+00:00\",\"description\":\"Compra Gsc3505 Altavoz Ip \/ 1 Via Con Bluetooth Y Wifi Doble Banda 1 Puerto 10\/100 Poe Audio Hd Y Seguridad + Env\u00edo a domicilio + Pago seguro + Garant\u00eda\",\"breadcrumb\":{\"@id\":\"https:\/\/compuviper.mx\/tienda\/producto\/grandstream-gsc3505-altavoz-ip-1-via-con-bluetooth-y-wifi-doble-banda-1-puerto-10-100-poe-audio-hd-y-seguridad\/#breadcrumb\"},\"inLanguage\":\"es-MX\",\"potentialAction\":[{\"@type\":\"ReadAction\",\"target\":[\"https:\/\/compuviper.mx\/tienda\/producto\/grandstream-gsc3505-altavoz-ip-1-via-con-bluetooth-y-wifi-doble-banda-1-puerto-10-100-poe-audio-hd-y-seguridad\/\"]}]},{\"@type\":\"BreadcrumbList\",\"@id\":\"https:\/\/compuviper.mx\/tienda\/producto\/grandstream-gsc3505-altavoz-ip-1-via-con-bluetooth-y-wifi-doble-banda-1-puerto-10-100-poe-audio-hd-y-seguridad\/#breadcrumb\",\"itemListElement\":[{\"@type\":\"ListItem\",\"position\":1,\"name\":\"Inicio\",\"item\":\"https:\/\/compuviper.mx\/tienda\/\"},{\"@type\":\"ListItem\",\"position\":2,\"name\":\"Productos\",\"item\":\"https:\/\/compuviper.mx\/tienda\/productos\/\"},{\"@type\":\"ListItem\",\"position\":3,\"name\":\"Accesorios\",\"item\":\"https:\/\/compuviper.mx\/tienda\/categoria-producto\/accesorios\/\"},{\"@type\":\"ListItem\",\"position\":4,\"name\":\"Telefonia\",\"item\":\"https:\/\/compuviper.mx\/tienda\/categoria-producto\/accesorios\/telefonia\/\"},{\"@type\":\"ListItem\",\"position\":5,\"name\":\"Grandstream Gsc3505 Altavoz Ip \/ 1 Via Con Bluetooth Y Wifi Doble Banda 1 Puerto 10\/100 Poe Audio Hd Y Seguridad\"}]},{\"@type\":\"WebSite\",\"@id\":\"https:\/\/compuviper.mx\/tienda\/#website\",\"url\":\"https:\/\/compuviper.mx\/tienda\/\",\"name\":\"Compuviper\",\"description\":\"Proveedor de Computadoras, Laptops, Servidores, Monitores, Puntos de Venta, Teclados,   Impresoras, T\u00f3ner, C\u00e1maras de Seguridad y m\u00e1s en tu tienda en l\u00ednea\",\"publisher\":{\"@id\":\"https:\/\/compuviper.mx\/tienda\/#organization\"},\"potentialAction\":[{\"@type\":\"SearchAction\",\"target\":{\"@type\":\"EntryPoint\",\"urlTemplate\":\"https:\/\/compuviper.mx\/tienda\/?s={search_term_string}\"},\"query-input\":\"required name=search_term_string\"}],\"inLanguage\":\"es-MX\"},{\"@type\":\"Organization\",\"@id\":\"https:\/\/compuviper.mx\/tienda\/#organization\",\"name\":\"Compuviper\",\"url\":\"https:\/\/compuviper.mx\/tienda\/\",\"logo\":{\"@type\":\"ImageObject\",\"inLanguage\":\"es-MX\",\"@id\":\"https:\/\/compuviper.mx\/tienda\/#\/schema\/logo\/image\/\",\"url\":\"https:\/\/compuviper.mx\/tienda\/wp-content\/uploads\/2021\/08\/Logo-Compuviper-10.png\",\"contentUrl\":\"https:\/\/compuviper.mx\/tienda\/wp-content\/uploads\/2021\/08\/Logo-Compuviper-10.png\",\"width\":1000,\"height\":500,\"caption\":\"Compuviper\"},\"image\":{\"@id\":\"https:\/\/compuviper.mx\/tienda\/#\/schema\/logo\/image\/\"},\"sameAs\":[\"https:\/\/www.facebook.com\/compuviper\",\"https:\/\/www.youtube.com\/channel\/UCf73dERp9Y3cfOq7q8BhLjA?view_as=subscriber\"]}]}<\/script>\n<meta property=\"product:brand\" content=\"GRANDSTREAM\" \/>\n<meta property=\"product:price:amount\" content=\"2799\" \/>\n<meta property=\"product:price:currency\" content=\"MXN\" \/>\n<meta property=\"og:availability\" content=\"backorder\" \/>\n<meta property=\"product:availability\" content=\"available for order\" \/>\n<meta property=\"product:retailer_item_id\" content=\"GSC3505\" \/>\n<meta property=\"product:condition\" content=\"new\" \/>\n<!-- \/ Yoast SEO plugin. -->","yoast_head_json":{"title":"[ Grandstream ] &#129351; Gsc3505 Altavoz Ip \/ 1 Via Con Bluetooth Y Wifi Doble Banda 1 Puerto 10\/100 Poe Audio Hd Y Seguridad","description":"Compra Gsc3505 Altavoz Ip \/ 1 Via Con Bluetooth Y Wifi Doble Banda 1 Puerto 10\/100 Poe Audio Hd Y Seguridad + Env\u00edo a domicilio + Pago seguro + Garant\u00eda","robots":{"index":"index","follow":"follow","max-snippet":"max-snippet:-1","max-image-preview":"max-image-preview:large","max-video-preview":"max-video-preview:-1"},"canonical":"https:\/\/compuviper.mx\/tienda\/producto\/grandstream-gsc3505-altavoz-ip-1-via-con-bluetooth-y-wifi-doble-banda-1-puerto-10-100-poe-audio-hd-y-seguridad\/","og_locale":"es_MX","og_type":"article","og_title":"[ Grandstream ] &#129351; Gsc3505 Altavoz Ip \/ 1 Via Con Bluetooth Y Wifi Doble Banda 1 Puerto 10\/100 Poe Audio Hd Y Seguridad","og_description":"Compra Gsc3505 Altavoz Ip \/ 1 Via Con Bluetooth Y Wifi Doble Banda 1 Puerto 10\/100 Poe Audio Hd Y Seguridad + Env\u00edo a domicilio + Pago seguro + Garant\u00eda","og_url":"https:\/\/compuviper.mx\/tienda\/producto\/grandstream-gsc3505-altavoz-ip-1-via-con-bluetooth-y-wifi-doble-banda-1-puerto-10-100-poe-audio-hd-y-seguridad\/","og_site_name":"Compuviper","article_publisher":"https:\/\/www.facebook.com\/compuviper","og_image":[{"width":200,"height":200,"url":"https:\/\/compuviper.mx\/tienda\/wp-content\/uploads\/2023\/12\/Altavoz-sip-grandstream-gsc3505-1-via-con-bluetooth-y-wifi-doble-banda-1-puerto-10100-poe-audio-hd-y-seguridad.jpg","type":"image\/jpeg"}],"twitter_card":"summary_large_image","twitter_misc":{"Precio":"&#36;2,799 con IVA","Availability":"On backorder"},"schema":{"@context":"https:\/\/schema.org","@graph":[{"@type":"WebPage","@id":"https:\/\/compuviper.mx\/tienda\/producto\/grandstream-gsc3505-altavoz-ip-1-via-con-bluetooth-y-wifi-doble-banda-1-puerto-10-100-poe-audio-hd-y-seguridad\/","url":"https:\/\/compuviper.mx\/tienda\/producto\/grandstream-gsc3505-altavoz-ip-1-via-con-bluetooth-y-wifi-doble-banda-1-puerto-10-100-poe-audio-hd-y-seguridad\/","name":"[ Grandstream ] &#129351; Gsc3505 Altavoz Ip \/ 1 Via Con Bluetooth Y Wifi Doble Banda 1 Puerto 10\/100 Poe Audio Hd Y Seguridad","isPartOf":{"@id":"https:\/\/compuviper.mx\/tienda\/#website"},"datePublished":"2026-04-07T05:34:15+00:00","dateModified":"2026-04-07T05:34:15+00:00","description":"Compra Gsc3505 Altavoz Ip \/ 1 Via Con Bluetooth Y Wifi Doble Banda 1 Puerto 10\/100 Poe Audio Hd Y Seguridad + Env\u00edo a domicilio + Pago seguro + Garant\u00eda","breadcrumb":{"@id":"https:\/\/compuviper.mx\/tienda\/producto\/grandstream-gsc3505-altavoz-ip-1-via-con-bluetooth-y-wifi-doble-banda-1-puerto-10-100-poe-audio-hd-y-seguridad\/#breadcrumb"},"inLanguage":"es-MX","potentialAction":[{"@type":"ReadAction","target":["https:\/\/compuviper.mx\/tienda\/producto\/grandstream-gsc3505-altavoz-ip-1-via-con-bluetooth-y-wifi-doble-banda-1-puerto-10-100-poe-audio-hd-y-seguridad\/"]}]},{"@type":"BreadcrumbList","@id":"https:\/\/compuviper.mx\/tienda\/producto\/grandstream-gsc3505-altavoz-ip-1-via-con-bluetooth-y-wifi-doble-banda-1-puerto-10-100-poe-audio-hd-y-seguridad\/#breadcrumb","itemListElement":[{"@type":"ListItem","position":1,"name":"Inicio","item":"https:\/\/compuviper.mx\/tienda\/"},{"@type":"ListItem","position":2,"name":"Productos","item":"https:\/\/compuviper.mx\/tienda\/productos\/"},{"@type":"ListItem","position":3,"name":"Accesorios","item":"https:\/\/compuviper.mx\/tienda\/categoria-producto\/accesorios\/"},{"@type":"ListItem","position":4,"name":"Telefonia","item":"https:\/\/compuviper.mx\/tienda\/categoria-producto\/accesorios\/telefonia\/"},{"@type":"ListItem","position":5,"name":"Grandstream Gsc3505 Altavoz Ip \/ 1 Via Con Bluetooth Y Wifi Doble Banda 1 Puerto 10\/100 Poe Audio Hd Y Seguridad"}]},{"@type":"WebSite","@id":"https:\/\/compuviper.mx\/tienda\/#website","url":"https:\/\/compuviper.mx\/tienda\/","name":"Compuviper","description":"Proveedor de Computadoras, Laptops, Servidores, Monitores, Puntos de Venta, Teclados,   Impresoras, T\u00f3ner, C\u00e1maras de Seguridad y m\u00e1s en tu tienda en l\u00ednea","publisher":{"@id":"https:\/\/compuviper.mx\/tienda\/#organization"},"potentialAction":[{"@type":"SearchAction","target":{"@type":"EntryPoint","urlTemplate":"https:\/\/compuviper.mx\/tienda\/?s={search_term_string}"},"query-input":"required name=search_term_string"}],"inLanguage":"es-MX"},{"@type":"Organization","@id":"https:\/\/compuviper.mx\/tienda\/#organization","name":"Compuviper","url":"https:\/\/compuviper.mx\/tienda\/","logo":{"@type":"ImageObject","inLanguage":"es-MX","@id":"https:\/\/compuviper.mx\/tienda\/#\/schema\/logo\/image\/","url":"https:\/\/compuviper.mx\/tienda\/wp-content\/uploads\/2021\/08\/Logo-Compuviper-10.png","contentUrl":"https:\/\/compuviper.mx\/tienda\/wp-content\/uploads\/2021\/08\/Logo-Compuviper-10.png","width":1000,"height":500,"caption":"Compuviper"},"image":{"@id":"https:\/\/compuviper.mx\/tienda\/#\/schema\/logo\/image\/"},"sameAs":["https:\/\/www.facebook.com\/compuviper","https:\/\/www.youtube.com\/channel\/UCf73dERp9Y3cfOq7q8BhLjA?view_as=subscriber"]}]},"product_brand":"GRANDSTREAM","product_price_amount":"2799","product_price_currency":"MXN","og_availability":"backorder","product_availability":"available for order","product_retailer_item_id":"GSC3505","product_condition":"new"},"_links":{"self":[{"href":"https:\/\/compuviper.mx\/tienda\/wp-json\/wp\/v2\/product\/212583"}],"collection":[{"href":"https:\/\/compuviper.mx\/tienda\/wp-json\/wp\/v2\/product"}],"about":[{"href":"https:\/\/compuviper.mx\/tienda\/wp-json\/wp\/v2\/types\/product"}],"replies":[{"embeddable":true,"href":"https:\/\/compuviper.mx\/tienda\/wp-json\/wp\/v2\/comments?post=212583"}],"wp:featuredmedia":[{"embeddable":true,"href":"https:\/\/compuviper.mx\/tienda\/wp-json\/wp\/v2\/media\/212584"}],"wp:attachment":[{"href":"https:\/\/compuviper.mx\/tienda\/wp-json\/wp\/v2\/media?parent=212583"}],"wp:term":[{"taxonomy":"product_cat","embeddable":true,"href":"https:\/\/compuviper.mx\/tienda\/wp-json\/wp\/v2\/product_cat?post=212583"},{"taxonomy":"product_tag","embeddable":true,"href":"https:\/\/compuviper.mx\/tienda\/wp-json\/wp\/v2\/product_tag?post=212583"}],"curies":[{"name":"wp","href":"https:\/\/api.w.org\/{rel}","templated":true}]}}