{"id":212545,"date":"2026-04-07T23:35:18","date_gmt":"2026-04-08T05:35:18","guid":{"rendered":"https:\/\/compuviper.mx\/tienda\/producto\/startech-com-sm2ngffmbu33-gabinete-externo-usb-3-0-carcasa-ssd-m-2-a-usb-3-0-superspeed-uasp-con-gabinete-protector-convertidor-ngff-de-unidad-ssd-mod\/"},"modified":"2026-04-07T23:35:18","modified_gmt":"2026-04-08T05:35:18","slug":"startech-com-sm2ngffmbu33-gabinete-externo-usb-3-0-carcasa-ssd-m-2-a-usb-3-0-superspeed-uasp-con-gabinete-protector-convertidor-ngff-de-unidad-ssd-mod","status":"publish","type":"product","link":"https:\/\/compuviper.mx\/tienda\/producto\/startech-com-sm2ngffmbu33-gabinete-externo-usb-3-0-carcasa-ssd-m-2-a-usb-3-0-superspeed-uasp-con-gabinete-protector-convertidor-ngff-de-unidad-ssd-mod\/","title":{"rendered":"Startech.com Sm2ngffmbu33 Gabinete Externo Usb 3.0 Carcasa Ssd M.2 A Usb 3.0 Superspeed Uasp Con Gabinete Protector &#8211; Convertidor Ngff De Unidad Ssd &#8211;  Mod."},"content":{"rendered":"<table class=\"descripcion\">\n<tr>\n<td>Caractersticas fsicas<\/td>\n<\/tr>\n<tr>\n<td>Altura del producto : 1.5 cm<\/td>\n<\/tr>\n<tr>\n<td>Ancho del producto : 35 mm<\/td>\n<\/tr>\n<tr>\n<td>Color : negro<\/td>\n<\/tr>\n<tr>\n<td>Longitud del producto : 10 cm<\/td>\n<\/tr>\n<tr>\n<td>Peso del producto : 50 g<\/td>\n<\/tr>\n<tr>\n<td>Tipo de gabinete : aluminio<\/td>\n<\/tr>\n<tr>\n<td>Conectores<\/td>\n<\/tr>\n<tr>\n<td>Conectores de la unidad : m.2 sata, b-key, ngff<\/td>\n<\/tr>\n<tr>\n<td>Conectores del host : usb 3.0 micro-b 10 pines, superspeed<\/td>\n<\/tr>\n<tr>\n<td>Hardware<\/td>\n<\/tr>\n<tr>\n<td>Cantidad de unidades : 1<\/td>\n<\/tr>\n<tr>\n<td>Id del conjunto de chips : asmedia &#8211; asm1153e<\/td>\n<\/tr>\n<tr>\n<td>Instalacin de la unidad : fijo<\/td>\n<\/tr>\n<tr>\n<td>Interfaz : usb 3.0<\/td>\n<\/tr>\n<tr>\n<td>Tipo de bus : usb 3.0<\/td>\n<\/tr>\n<tr>\n<td>Unidades compatibles : m.2 sata, b-key, ngff<\/td>\n<\/tr>\n<tr>\n<td>Unidades compatibles : m.2 sata ngff, bm-key<\/td>\n<\/tr>\n<tr>\n<td>Rendimiento<\/td>\n<\/tr>\n<tr>\n<td>4kn support : s<\/td>\n<\/tr>\n<tr>\n<td>Compatibilidad con uasp : s<\/td>\n<\/tr>\n<tr>\n<td>Especificaciones generales : no compatible con ssd ahci pci-express o m.2 nvme<\/td>\n<\/tr>\n<tr>\n<td>Tasa de transferencia de datos mxima : 5 gbps<\/td>\n<\/tr>\n<tr>\n<td>Tipo y velocidad : sata iii 6 gbps<\/td>\n<\/tr>\n<tr>\n<td>Tipo y velocidad : usb 3.0 &#8211; 5 gbit\/s<\/td>\n<\/tr>\n<tr>\n<td>Trim support : no<\/td>\n<\/tr>\n<\/table>\n","protected":false},"excerpt":{"rendered":"<p>El gabinete externo\u00a0usb 3.0 a m.2 ngff, modelo sm2ngffmbu33, convierte una unidad de disco de estado slido sata m.2\u00a0en unidad porttil usb 3.0 de alta velocidad. Obtenga un rendimiento externo superior mediante el uso de una unidad de disco ssd m.2, en lugar de una unidad convencional de disco, y aproveche al mximo el potencial de un sistema informtico usb 3.0. El gabinete es compatible con uasp, lo cual permite\u00a0transferencia\u00a0hasta un 70 ms rpidas que usb 3.0 convencional. Este gabinete\u00a0ssd\u00a0delgado, de tamao de bolsillo,\u00a0ha sido especficamente diseado\u00a0para movilidad. Para ms ventaja, el gabinete obtiene la alimentacin totalmente a travs del bus usb anfitrin y\u00a0no requiere ningn adaptador externo de alimentacin. Duradera fabricacin de aluminio que garantiza\u00a0que la unidad no sufrir daos al llevarla consigo al viajar o desplazarse. El gabinete m.2 cuenta con soporte tcnico gratuito de por vida.<\/p>\n","protected":false},"featured_media":212546,"comment_status":"open","ping_status":"open","template":"","meta":[],"product_cat":[1485,1519],"product_tag":[1590],"acf":[],"yoast_head":"<!-- This site is optimized with the Yoast SEO plugin v21.7 - https:\/\/yoast.com\/wordpress\/plugins\/seo\/ -->\n<title>[ Startech.com ] &#129351; Sm2ngffmbu33 Gabinete Externo Usb 3.0 Carcasa Ssd M.2 A Usb 3.0 Superspeed Uasp Con Gabinete Protector - Convertidor Ngff De Unidad Ssd - Mod.<\/title>\n<meta name=\"description\" content=\"Compra Sm2ngffmbu33 Gabinete Externo Usb 3.0 Carcasa Ssd M.2 A Usb 3.0 Superspeed Uasp Con Gabinete Protector - Convertidor Ngff De Unidad Ssd - Mod. + Env\u00edo a domicilio + Pago seguro + Garant\u00eda\" \/>\n<meta name=\"robots\" content=\"index, follow, max-snippet:-1, max-image-preview:large, max-video-preview:-1\" \/>\n<link rel=\"canonical\" href=\"https:\/\/compuviper.mx\/tienda\/producto\/startech-com-sm2ngffmbu33-gabinete-externo-usb-3-0-carcasa-ssd-m-2-a-usb-3-0-superspeed-uasp-con-gabinete-protector-convertidor-ngff-de-unidad-ssd-mod\/\" \/>\n<meta property=\"og:locale\" content=\"es_MX\" \/>\n<meta property=\"og:type\" content=\"article\" \/>\n<meta property=\"og:title\" content=\"[ Startech.com ] &#129351; Sm2ngffmbu33 Gabinete Externo Usb 3.0 Carcasa Ssd M.2 A Usb 3.0 Superspeed Uasp Con Gabinete Protector - Convertidor Ngff De Unidad Ssd - Mod.\" \/>\n<meta property=\"og:description\" content=\"Compra Sm2ngffmbu33 Gabinete Externo Usb 3.0 Carcasa Ssd M.2 A Usb 3.0 Superspeed Uasp Con Gabinete Protector - Convertidor Ngff De Unidad Ssd - Mod. + Env\u00edo a domicilio + Pago seguro + Garant\u00eda\" \/>\n<meta property=\"og:url\" content=\"https:\/\/compuviper.mx\/tienda\/producto\/startech-com-sm2ngffmbu33-gabinete-externo-usb-3-0-carcasa-ssd-m-2-a-usb-3-0-superspeed-uasp-con-gabinete-protector-convertidor-ngff-de-unidad-ssd-mod\/\" \/>\n<meta property=\"og:site_name\" content=\"Compuviper\" \/>\n<meta property=\"article:publisher\" content=\"https:\/\/www.facebook.com\/compuviper\" \/>\n<meta property=\"og:image\" content=\"https:\/\/compuviper.mx\/tienda\/wp-content\/uploads\/2023\/12\/Gabinete-externo-usb-3.0-carcasa-ssd-m.2-a-usb-3.0-superspeed-uasp-con-gabinete-protector-convertidor-ngff-de-unidad-ssd-startech.com-mod.-sm2ngffmbu33.jpg\" \/>\n\t<meta property=\"og:image:width\" content=\"200\" \/>\n\t<meta property=\"og:image:height\" content=\"200\" \/>\n\t<meta property=\"og:image:type\" content=\"image\/jpeg\" \/>\n<meta name=\"twitter:card\" content=\"summary_large_image\" \/>\n<meta name=\"twitter:label1\" content=\"Precio\" \/>\n\t<meta name=\"twitter:data1\" content=\"&#36;581 con IVA\" \/>\n\t<meta name=\"twitter:label2\" content=\"Availability\" \/>\n\t<meta name=\"twitter:data2\" content=\"Out of stock\" \/>\n<script type=\"application\/ld+json\" class=\"yoast-schema-graph\">{\"@context\":\"https:\/\/schema.org\",\"@graph\":[{\"@type\":\"WebPage\",\"@id\":\"https:\/\/compuviper.mx\/tienda\/producto\/startech-com-sm2ngffmbu33-gabinete-externo-usb-3-0-carcasa-ssd-m-2-a-usb-3-0-superspeed-uasp-con-gabinete-protector-convertidor-ngff-de-unidad-ssd-mod\/\",\"url\":\"https:\/\/compuviper.mx\/tienda\/producto\/startech-com-sm2ngffmbu33-gabinete-externo-usb-3-0-carcasa-ssd-m-2-a-usb-3-0-superspeed-uasp-con-gabinete-protector-convertidor-ngff-de-unidad-ssd-mod\/\",\"name\":\"[ Startech.com ] &#129351; Sm2ngffmbu33 Gabinete Externo Usb 3.0 Carcasa Ssd M.2 A Usb 3.0 Superspeed Uasp Con Gabinete Protector - Convertidor Ngff De Unidad Ssd - Mod.\",\"isPartOf\":{\"@id\":\"https:\/\/compuviper.mx\/tienda\/#website\"},\"datePublished\":\"2026-04-08T05:35:18+00:00\",\"dateModified\":\"2026-04-08T05:35:18+00:00\",\"description\":\"Compra Sm2ngffmbu33 Gabinete Externo Usb 3.0 Carcasa Ssd M.2 A Usb 3.0 Superspeed Uasp Con Gabinete Protector - Convertidor Ngff De Unidad Ssd - Mod. + Env\u00edo a domicilio + Pago seguro + Garant\u00eda\",\"breadcrumb\":{\"@id\":\"https:\/\/compuviper.mx\/tienda\/producto\/startech-com-sm2ngffmbu33-gabinete-externo-usb-3-0-carcasa-ssd-m-2-a-usb-3-0-superspeed-uasp-con-gabinete-protector-convertidor-ngff-de-unidad-ssd-mod\/#breadcrumb\"},\"inLanguage\":\"es-MX\",\"potentialAction\":[{\"@type\":\"ReadAction\",\"target\":[\"https:\/\/compuviper.mx\/tienda\/producto\/startech-com-sm2ngffmbu33-gabinete-externo-usb-3-0-carcasa-ssd-m-2-a-usb-3-0-superspeed-uasp-con-gabinete-protector-convertidor-ngff-de-unidad-ssd-mod\/\"]}]},{\"@type\":\"BreadcrumbList\",\"@id\":\"https:\/\/compuviper.mx\/tienda\/producto\/startech-com-sm2ngffmbu33-gabinete-externo-usb-3-0-carcasa-ssd-m-2-a-usb-3-0-superspeed-uasp-con-gabinete-protector-convertidor-ngff-de-unidad-ssd-mod\/#breadcrumb\",\"itemListElement\":[{\"@type\":\"ListItem\",\"position\":1,\"name\":\"Inicio\",\"item\":\"https:\/\/compuviper.mx\/tienda\/\"},{\"@type\":\"ListItem\",\"position\":2,\"name\":\"Productos\",\"item\":\"https:\/\/compuviper.mx\/tienda\/productos\/\"},{\"@type\":\"ListItem\",\"position\":3,\"name\":\"Accesorios\",\"item\":\"https:\/\/compuviper.mx\/tienda\/categoria-producto\/accesorios\/\"},{\"@type\":\"ListItem\",\"position\":4,\"name\":\"Gabinete De Discos Duros\",\"item\":\"https:\/\/compuviper.mx\/tienda\/categoria-producto\/accesorios\/gabinete-de-discos-duros\/\"},{\"@type\":\"ListItem\",\"position\":5,\"name\":\"Startech.com Sm2ngffmbu33 Gabinete Externo Usb 3.0 Carcasa Ssd M.2 A Usb 3.0 Superspeed Uasp Con Gabinete Protector &#8211; Convertidor Ngff De Unidad Ssd &#8211; Mod.\"}]},{\"@type\":\"WebSite\",\"@id\":\"https:\/\/compuviper.mx\/tienda\/#website\",\"url\":\"https:\/\/compuviper.mx\/tienda\/\",\"name\":\"Compuviper\",\"description\":\"Proveedor de Computadoras, Laptops, Servidores, Monitores, Puntos de Venta, Teclados,   Impresoras, T\u00f3ner, C\u00e1maras de Seguridad y m\u00e1s en tu tienda en l\u00ednea\",\"publisher\":{\"@id\":\"https:\/\/compuviper.mx\/tienda\/#organization\"},\"potentialAction\":[{\"@type\":\"SearchAction\",\"target\":{\"@type\":\"EntryPoint\",\"urlTemplate\":\"https:\/\/compuviper.mx\/tienda\/?s={search_term_string}\"},\"query-input\":\"required name=search_term_string\"}],\"inLanguage\":\"es-MX\"},{\"@type\":\"Organization\",\"@id\":\"https:\/\/compuviper.mx\/tienda\/#organization\",\"name\":\"Compuviper\",\"url\":\"https:\/\/compuviper.mx\/tienda\/\",\"logo\":{\"@type\":\"ImageObject\",\"inLanguage\":\"es-MX\",\"@id\":\"https:\/\/compuviper.mx\/tienda\/#\/schema\/logo\/image\/\",\"url\":\"https:\/\/compuviper.mx\/tienda\/wp-content\/uploads\/2021\/08\/Logo-Compuviper-10.png\",\"contentUrl\":\"https:\/\/compuviper.mx\/tienda\/wp-content\/uploads\/2021\/08\/Logo-Compuviper-10.png\",\"width\":1000,\"height\":500,\"caption\":\"Compuviper\"},\"image\":{\"@id\":\"https:\/\/compuviper.mx\/tienda\/#\/schema\/logo\/image\/\"},\"sameAs\":[\"https:\/\/www.facebook.com\/compuviper\",\"https:\/\/www.youtube.com\/channel\/UCf73dERp9Y3cfOq7q8BhLjA?view_as=subscriber\"]}]}<\/script>\n<meta property=\"product:brand\" content=\"STARTECH.COM\" \/>\n<meta property=\"product:price:amount\" content=\"581\" \/>\n<meta property=\"product:price:currency\" content=\"MXN\" \/>\n<meta property=\"og:availability\" content=\"out of stock\" \/>\n<meta property=\"product:availability\" content=\"out of stock\" \/>\n<meta property=\"product:retailer_item_id\" content=\"SM2NGFFMBU33\" \/>\n<meta property=\"product:condition\" content=\"new\" \/>\n<!-- \/ Yoast SEO plugin. -->","yoast_head_json":{"title":"[ Startech.com ] &#129351; Sm2ngffmbu33 Gabinete Externo Usb 3.0 Carcasa Ssd M.2 A Usb 3.0 Superspeed Uasp Con Gabinete Protector - Convertidor Ngff De Unidad Ssd - Mod.","description":"Compra Sm2ngffmbu33 Gabinete Externo Usb 3.0 Carcasa Ssd M.2 A Usb 3.0 Superspeed Uasp Con Gabinete Protector - Convertidor Ngff De Unidad Ssd - Mod. + Env\u00edo a domicilio + Pago seguro + Garant\u00eda","robots":{"index":"index","follow":"follow","max-snippet":"max-snippet:-1","max-image-preview":"max-image-preview:large","max-video-preview":"max-video-preview:-1"},"canonical":"https:\/\/compuviper.mx\/tienda\/producto\/startech-com-sm2ngffmbu33-gabinete-externo-usb-3-0-carcasa-ssd-m-2-a-usb-3-0-superspeed-uasp-con-gabinete-protector-convertidor-ngff-de-unidad-ssd-mod\/","og_locale":"es_MX","og_type":"article","og_title":"[ Startech.com ] &#129351; Sm2ngffmbu33 Gabinete Externo Usb 3.0 Carcasa Ssd M.2 A Usb 3.0 Superspeed Uasp Con Gabinete Protector - Convertidor Ngff De Unidad Ssd - Mod.","og_description":"Compra Sm2ngffmbu33 Gabinete Externo Usb 3.0 Carcasa Ssd M.2 A Usb 3.0 Superspeed Uasp Con Gabinete Protector - Convertidor Ngff De Unidad Ssd - Mod. + Env\u00edo a domicilio + Pago seguro + Garant\u00eda","og_url":"https:\/\/compuviper.mx\/tienda\/producto\/startech-com-sm2ngffmbu33-gabinete-externo-usb-3-0-carcasa-ssd-m-2-a-usb-3-0-superspeed-uasp-con-gabinete-protector-convertidor-ngff-de-unidad-ssd-mod\/","og_site_name":"Compuviper","article_publisher":"https:\/\/www.facebook.com\/compuviper","og_image":[{"width":200,"height":200,"url":"https:\/\/compuviper.mx\/tienda\/wp-content\/uploads\/2023\/12\/Gabinete-externo-usb-3.0-carcasa-ssd-m.2-a-usb-3.0-superspeed-uasp-con-gabinete-protector-convertidor-ngff-de-unidad-ssd-startech.com-mod.-sm2ngffmbu33.jpg","type":"image\/jpeg"}],"twitter_card":"summary_large_image","twitter_misc":{"Precio":"&#36;581 con IVA","Availability":"Out of stock"},"schema":{"@context":"https:\/\/schema.org","@graph":[{"@type":"WebPage","@id":"https:\/\/compuviper.mx\/tienda\/producto\/startech-com-sm2ngffmbu33-gabinete-externo-usb-3-0-carcasa-ssd-m-2-a-usb-3-0-superspeed-uasp-con-gabinete-protector-convertidor-ngff-de-unidad-ssd-mod\/","url":"https:\/\/compuviper.mx\/tienda\/producto\/startech-com-sm2ngffmbu33-gabinete-externo-usb-3-0-carcasa-ssd-m-2-a-usb-3-0-superspeed-uasp-con-gabinete-protector-convertidor-ngff-de-unidad-ssd-mod\/","name":"[ Startech.com ] &#129351; Sm2ngffmbu33 Gabinete Externo Usb 3.0 Carcasa Ssd M.2 A Usb 3.0 Superspeed Uasp Con Gabinete Protector - Convertidor Ngff De Unidad Ssd - Mod.","isPartOf":{"@id":"https:\/\/compuviper.mx\/tienda\/#website"},"datePublished":"2026-04-08T05:35:18+00:00","dateModified":"2026-04-08T05:35:18+00:00","description":"Compra Sm2ngffmbu33 Gabinete Externo Usb 3.0 Carcasa Ssd M.2 A Usb 3.0 Superspeed Uasp Con Gabinete Protector - Convertidor Ngff De Unidad Ssd - Mod. + Env\u00edo a domicilio + Pago seguro + Garant\u00eda","breadcrumb":{"@id":"https:\/\/compuviper.mx\/tienda\/producto\/startech-com-sm2ngffmbu33-gabinete-externo-usb-3-0-carcasa-ssd-m-2-a-usb-3-0-superspeed-uasp-con-gabinete-protector-convertidor-ngff-de-unidad-ssd-mod\/#breadcrumb"},"inLanguage":"es-MX","potentialAction":[{"@type":"ReadAction","target":["https:\/\/compuviper.mx\/tienda\/producto\/startech-com-sm2ngffmbu33-gabinete-externo-usb-3-0-carcasa-ssd-m-2-a-usb-3-0-superspeed-uasp-con-gabinete-protector-convertidor-ngff-de-unidad-ssd-mod\/"]}]},{"@type":"BreadcrumbList","@id":"https:\/\/compuviper.mx\/tienda\/producto\/startech-com-sm2ngffmbu33-gabinete-externo-usb-3-0-carcasa-ssd-m-2-a-usb-3-0-superspeed-uasp-con-gabinete-protector-convertidor-ngff-de-unidad-ssd-mod\/#breadcrumb","itemListElement":[{"@type":"ListItem","position":1,"name":"Inicio","item":"https:\/\/compuviper.mx\/tienda\/"},{"@type":"ListItem","position":2,"name":"Productos","item":"https:\/\/compuviper.mx\/tienda\/productos\/"},{"@type":"ListItem","position":3,"name":"Accesorios","item":"https:\/\/compuviper.mx\/tienda\/categoria-producto\/accesorios\/"},{"@type":"ListItem","position":4,"name":"Gabinete De Discos Duros","item":"https:\/\/compuviper.mx\/tienda\/categoria-producto\/accesorios\/gabinete-de-discos-duros\/"},{"@type":"ListItem","position":5,"name":"Startech.com Sm2ngffmbu33 Gabinete Externo Usb 3.0 Carcasa Ssd M.2 A Usb 3.0 Superspeed Uasp Con Gabinete Protector &#8211; Convertidor Ngff De Unidad Ssd &#8211; Mod."}]},{"@type":"WebSite","@id":"https:\/\/compuviper.mx\/tienda\/#website","url":"https:\/\/compuviper.mx\/tienda\/","name":"Compuviper","description":"Proveedor de Computadoras, Laptops, Servidores, Monitores, Puntos de Venta, Teclados,   Impresoras, T\u00f3ner, C\u00e1maras de Seguridad y m\u00e1s en tu tienda en l\u00ednea","publisher":{"@id":"https:\/\/compuviper.mx\/tienda\/#organization"},"potentialAction":[{"@type":"SearchAction","target":{"@type":"EntryPoint","urlTemplate":"https:\/\/compuviper.mx\/tienda\/?s={search_term_string}"},"query-input":"required name=search_term_string"}],"inLanguage":"es-MX"},{"@type":"Organization","@id":"https:\/\/compuviper.mx\/tienda\/#organization","name":"Compuviper","url":"https:\/\/compuviper.mx\/tienda\/","logo":{"@type":"ImageObject","inLanguage":"es-MX","@id":"https:\/\/compuviper.mx\/tienda\/#\/schema\/logo\/image\/","url":"https:\/\/compuviper.mx\/tienda\/wp-content\/uploads\/2021\/08\/Logo-Compuviper-10.png","contentUrl":"https:\/\/compuviper.mx\/tienda\/wp-content\/uploads\/2021\/08\/Logo-Compuviper-10.png","width":1000,"height":500,"caption":"Compuviper"},"image":{"@id":"https:\/\/compuviper.mx\/tienda\/#\/schema\/logo\/image\/"},"sameAs":["https:\/\/www.facebook.com\/compuviper","https:\/\/www.youtube.com\/channel\/UCf73dERp9Y3cfOq7q8BhLjA?view_as=subscriber"]}]},"product_brand":"STARTECH.COM","product_price_amount":"581","product_price_currency":"MXN","og_availability":"out of stock","product_availability":"out of stock","product_retailer_item_id":"SM2NGFFMBU33","product_condition":"new"},"_links":{"self":[{"href":"https:\/\/compuviper.mx\/tienda\/wp-json\/wp\/v2\/product\/212545"}],"collection":[{"href":"https:\/\/compuviper.mx\/tienda\/wp-json\/wp\/v2\/product"}],"about":[{"href":"https:\/\/compuviper.mx\/tienda\/wp-json\/wp\/v2\/types\/product"}],"replies":[{"embeddable":true,"href":"https:\/\/compuviper.mx\/tienda\/wp-json\/wp\/v2\/comments?post=212545"}],"wp:featuredmedia":[{"embeddable":true,"href":"https:\/\/compuviper.mx\/tienda\/wp-json\/wp\/v2\/media\/212546"}],"wp:attachment":[{"href":"https:\/\/compuviper.mx\/tienda\/wp-json\/wp\/v2\/media?parent=212545"}],"wp:term":[{"taxonomy":"product_cat","embeddable":true,"href":"https:\/\/compuviper.mx\/tienda\/wp-json\/wp\/v2\/product_cat?post=212545"},{"taxonomy":"product_tag","embeddable":true,"href":"https:\/\/compuviper.mx\/tienda\/wp-json\/wp\/v2\/product_tag?post=212545"}],"curies":[{"name":"wp","href":"https:\/\/api.w.org\/{rel}","templated":true}]}}