{"id":212535,"date":"2026-04-01T23:31:57","date_gmt":"2026-04-02T05:31:57","guid":{"rendered":"https:\/\/compuviper.mx\/tienda\/producto\/startech-com-dp2hdmi2-adaptador-de-video-displayport-a-hdmi-cable-dp-pasivo-hembra-hdmi-macho-dp-1920x1200-convertidor-de-video-mod\/"},"modified":"2026-04-01T23:31:57","modified_gmt":"2026-04-02T05:31:57","slug":"startech-com-dp2hdmi2-adaptador-de-video-displayport-a-hdmi-cable-dp-pasivo-hembra-hdmi-macho-dp-1920x1200-convertidor-de-video-mod","status":"publish","type":"product","link":"https:\/\/compuviper.mx\/tienda\/producto\/startech-com-dp2hdmi2-adaptador-de-video-displayport-a-hdmi-cable-dp-pasivo-hembra-hdmi-macho-dp-1920x1200-convertidor-de-video-mod\/","title":{"rendered":"Startech.com Dp2hdmi2 Adaptador De Video Displayport A Hdmi Cable Dp Pasivo Hembra Hdmi Macho Dp 1920&#215;1200 &#8211; Convertidor De Video &#8211;  Mod."},"content":{"rendered":"<table class=\"descripcion\">\n<tr>\n<td>Caracter\u00edsticas f\u00edsicas<\/td>\n<\/tr>\n<tr>\n<td>Altura del producto : 1.4 cm<\/td>\n<\/tr>\n<tr>\n<td>Ancho del producto : 25 mm<\/td>\n<\/tr>\n<tr>\n<td>Color : negro<\/td>\n<\/tr>\n<tr>\n<td>Longitud del cable : 210 mm<\/td>\n<\/tr>\n<tr>\n<td>Longitud del producto : 26.5 cm<\/td>\n<\/tr>\n<tr>\n<td>Peso del producto : 32 g<\/td>\n<\/tr>\n<tr>\n<td>Conector(es)<\/td>\n<\/tr>\n<tr>\n<td>Conector a : displayport (20 pines)<\/td>\n<\/tr>\n<tr>\n<td>Conector b : hdmi (19 pines)<\/td>\n<\/tr>\n<tr>\n<td>Hardware<\/td>\n<\/tr>\n<tr>\n<td>Active or passive adapter : pasivo<\/td>\n<\/tr>\n<tr>\n<td>Entrada a\/v : displayport &#8211; 1.2<\/td>\n<\/tr>\n<tr>\n<td>Salida a\/v : hdmi<\/td>\n<\/tr>\n<tr>\n<td>Soporte de audio : s\u00ed<\/td>\n<\/tr>\n<tr>\n<td>Rendimiento<\/td>\n<\/tr>\n<tr>\n<td>Especificaciones de audio : sonido envolvente 5.1<\/td>\n<\/tr>\n<tr>\n<td>Resoluci\u00f3n digital m\u00e1xima : 1920&#215;1200 \/ 1080p<\/td>\n<\/tr>\n<\/table>\n","protected":false},"excerpt":{"rendered":"<p>El adaptador displayport a hdmi dp2hdmi2 de startech.Com permite conectar un proyector o monitor con hdmi disponible a un puerto de salida displayport de una computadora (o laptop), lo cual evita gastar dinero en actualizar su monitor a una pantalla compatible con displayport.    El adaptador soporta resoluciones de monitor de hasta 1920&#215;1200, lo cual permite aprovechar totalmente la capacidad de video hdmi.  Dp2hdmi2 es un cable adaptador pasivo que requiere un puerto dp++ (displayport++), lo cual significa que las se\u00f1ales dvi y hdmi tambi\u00e9n pueden transferirse a trav\u00e9s del puerto. Este adaptador permite la transferencia de audio si la fuente de video lo soporta.  Consulte el manual de la fuente de video para saber si dicha transferencia es posible. Con soporte t\u00e9cnico gratuito de por vida.<\/p>\n","protected":false},"featured_media":212536,"comment_status":"open","ping_status":"open","template":"","meta":[],"product_cat":[1485,1492],"product_tag":[1590],"acf":[],"yoast_head":"<!-- This site is optimized with the Yoast SEO plugin v21.7 - https:\/\/yoast.com\/wordpress\/plugins\/seo\/ -->\n<title>[ Startech.com ] &#129351; Dp2hdmi2 Adaptador De Video Displayport A Hdmi Cable Dp Pasivo Hembra Hdmi Macho Dp 1920x1200 - Convertidor De Video - Mod.<\/title>\n<meta name=\"description\" content=\"Compra Dp2hdmi2 Adaptador De Video Displayport A Hdmi Cable Dp Pasivo Hembra Hdmi Macho Dp 1920x1200 - Convertidor De Video - Mod. + Env\u00edo a domicilio + Pago seguro + Garant\u00eda\" \/>\n<meta name=\"robots\" content=\"index, follow, max-snippet:-1, max-image-preview:large, max-video-preview:-1\" \/>\n<link rel=\"canonical\" href=\"https:\/\/compuviper.mx\/tienda\/producto\/startech-com-dp2hdmi2-adaptador-de-video-displayport-a-hdmi-cable-dp-pasivo-hembra-hdmi-macho-dp-1920x1200-convertidor-de-video-mod\/\" \/>\n<meta property=\"og:locale\" content=\"es_MX\" \/>\n<meta property=\"og:type\" content=\"article\" \/>\n<meta property=\"og:title\" content=\"[ Startech.com ] &#129351; Dp2hdmi2 Adaptador De Video Displayport A Hdmi Cable Dp Pasivo Hembra Hdmi Macho Dp 1920x1200 - Convertidor De Video - Mod.\" \/>\n<meta property=\"og:description\" content=\"Compra Dp2hdmi2 Adaptador De Video Displayport A Hdmi Cable Dp Pasivo Hembra Hdmi Macho Dp 1920x1200 - Convertidor De Video - Mod. + Env\u00edo a domicilio + Pago seguro + Garant\u00eda\" \/>\n<meta property=\"og:url\" content=\"https:\/\/compuviper.mx\/tienda\/producto\/startech-com-dp2hdmi2-adaptador-de-video-displayport-a-hdmi-cable-dp-pasivo-hembra-hdmi-macho-dp-1920x1200-convertidor-de-video-mod\/\" \/>\n<meta property=\"og:site_name\" content=\"Compuviper\" \/>\n<meta property=\"article:publisher\" content=\"https:\/\/www.facebook.com\/compuviper\" \/>\n<meta property=\"og:image\" content=\"https:\/\/compuviper.mx\/tienda\/wp-content\/uploads\/2023\/12\/Adaptador-de-video-displayport-a-hdmi-cable-dp-pasivo-hembra-hdmi-macho-dp-1920x1200-convertidor-de-video-startech.com-mod.-dp2hdmi2.jpg\" \/>\n\t<meta property=\"og:image:width\" content=\"200\" \/>\n\t<meta property=\"og:image:height\" content=\"200\" \/>\n\t<meta property=\"og:image:type\" content=\"image\/jpeg\" \/>\n<meta name=\"twitter:card\" content=\"summary_large_image\" \/>\n<meta name=\"twitter:label1\" content=\"Precio\" \/>\n\t<meta name=\"twitter:data1\" content=\"&#36;321 con IVA\" \/>\n\t<meta name=\"twitter:label2\" content=\"Availability\" \/>\n\t<meta name=\"twitter:data2\" content=\"In stock\" \/>\n<script type=\"application\/ld+json\" class=\"yoast-schema-graph\">{\"@context\":\"https:\/\/schema.org\",\"@graph\":[{\"@type\":\"WebPage\",\"@id\":\"https:\/\/compuviper.mx\/tienda\/producto\/startech-com-dp2hdmi2-adaptador-de-video-displayport-a-hdmi-cable-dp-pasivo-hembra-hdmi-macho-dp-1920x1200-convertidor-de-video-mod\/\",\"url\":\"https:\/\/compuviper.mx\/tienda\/producto\/startech-com-dp2hdmi2-adaptador-de-video-displayport-a-hdmi-cable-dp-pasivo-hembra-hdmi-macho-dp-1920x1200-convertidor-de-video-mod\/\",\"name\":\"[ Startech.com ] &#129351; Dp2hdmi2 Adaptador De Video Displayport A Hdmi Cable Dp Pasivo Hembra Hdmi Macho Dp 1920x1200 - Convertidor De Video - Mod.\",\"isPartOf\":{\"@id\":\"https:\/\/compuviper.mx\/tienda\/#website\"},\"datePublished\":\"2026-04-02T05:31:57+00:00\",\"dateModified\":\"2026-04-02T05:31:57+00:00\",\"description\":\"Compra Dp2hdmi2 Adaptador De Video Displayport A Hdmi Cable Dp Pasivo Hembra Hdmi Macho Dp 1920x1200 - Convertidor De Video - Mod. + Env\u00edo a domicilio + Pago seguro + Garant\u00eda\",\"breadcrumb\":{\"@id\":\"https:\/\/compuviper.mx\/tienda\/producto\/startech-com-dp2hdmi2-adaptador-de-video-displayport-a-hdmi-cable-dp-pasivo-hembra-hdmi-macho-dp-1920x1200-convertidor-de-video-mod\/#breadcrumb\"},\"inLanguage\":\"es-MX\",\"potentialAction\":[{\"@type\":\"ReadAction\",\"target\":[\"https:\/\/compuviper.mx\/tienda\/producto\/startech-com-dp2hdmi2-adaptador-de-video-displayport-a-hdmi-cable-dp-pasivo-hembra-hdmi-macho-dp-1920x1200-convertidor-de-video-mod\/\"]}]},{\"@type\":\"BreadcrumbList\",\"@id\":\"https:\/\/compuviper.mx\/tienda\/producto\/startech-com-dp2hdmi2-adaptador-de-video-displayport-a-hdmi-cable-dp-pasivo-hembra-hdmi-macho-dp-1920x1200-convertidor-de-video-mod\/#breadcrumb\",\"itemListElement\":[{\"@type\":\"ListItem\",\"position\":1,\"name\":\"Inicio\",\"item\":\"https:\/\/compuviper.mx\/tienda\/\"},{\"@type\":\"ListItem\",\"position\":2,\"name\":\"Productos\",\"item\":\"https:\/\/compuviper.mx\/tienda\/productos\/\"},{\"@type\":\"ListItem\",\"position\":3,\"name\":\"Accesorios\",\"item\":\"https:\/\/compuviper.mx\/tienda\/categoria-producto\/accesorios\/\"},{\"@type\":\"ListItem\",\"position\":4,\"name\":\"Adaptadores\",\"item\":\"https:\/\/compuviper.mx\/tienda\/categoria-producto\/accesorios\/adaptadores\/\"},{\"@type\":\"ListItem\",\"position\":5,\"name\":\"Startech.com Dp2hdmi2 Adaptador De Video Displayport A Hdmi Cable Dp Pasivo Hembra Hdmi Macho Dp 1920&#215;1200 &#8211; Convertidor De Video &#8211; Mod.\"}]},{\"@type\":\"WebSite\",\"@id\":\"https:\/\/compuviper.mx\/tienda\/#website\",\"url\":\"https:\/\/compuviper.mx\/tienda\/\",\"name\":\"Compuviper\",\"description\":\"Proveedor de Computadoras, Laptops, Servidores, Monitores, Puntos de Venta, Teclados,   Impresoras, T\u00f3ner, C\u00e1maras de Seguridad y m\u00e1s en tu tienda en l\u00ednea\",\"publisher\":{\"@id\":\"https:\/\/compuviper.mx\/tienda\/#organization\"},\"potentialAction\":[{\"@type\":\"SearchAction\",\"target\":{\"@type\":\"EntryPoint\",\"urlTemplate\":\"https:\/\/compuviper.mx\/tienda\/?s={search_term_string}\"},\"query-input\":\"required name=search_term_string\"}],\"inLanguage\":\"es-MX\"},{\"@type\":\"Organization\",\"@id\":\"https:\/\/compuviper.mx\/tienda\/#organization\",\"name\":\"Compuviper\",\"url\":\"https:\/\/compuviper.mx\/tienda\/\",\"logo\":{\"@type\":\"ImageObject\",\"inLanguage\":\"es-MX\",\"@id\":\"https:\/\/compuviper.mx\/tienda\/#\/schema\/logo\/image\/\",\"url\":\"https:\/\/compuviper.mx\/tienda\/wp-content\/uploads\/2021\/08\/Logo-Compuviper-10.png\",\"contentUrl\":\"https:\/\/compuviper.mx\/tienda\/wp-content\/uploads\/2021\/08\/Logo-Compuviper-10.png\",\"width\":1000,\"height\":500,\"caption\":\"Compuviper\"},\"image\":{\"@id\":\"https:\/\/compuviper.mx\/tienda\/#\/schema\/logo\/image\/\"},\"sameAs\":[\"https:\/\/www.facebook.com\/compuviper\",\"https:\/\/www.youtube.com\/channel\/UCf73dERp9Y3cfOq7q8BhLjA?view_as=subscriber\"]}]}<\/script>\n<meta property=\"product:brand\" content=\"STARTECH.COM\" \/>\n<meta property=\"product:price:amount\" content=\"321\" \/>\n<meta property=\"product:price:currency\" content=\"MXN\" \/>\n<meta property=\"og:availability\" content=\"instock\" \/>\n<meta property=\"product:availability\" content=\"instock\" \/>\n<meta property=\"product:retailer_item_id\" content=\"DP2HDMI2\" \/>\n<meta property=\"product:condition\" content=\"new\" \/>\n<!-- \/ Yoast SEO plugin. -->","yoast_head_json":{"title":"[ Startech.com ] &#129351; Dp2hdmi2 Adaptador De Video Displayport A Hdmi Cable Dp Pasivo Hembra Hdmi Macho Dp 1920x1200 - Convertidor De Video - Mod.","description":"Compra Dp2hdmi2 Adaptador De Video Displayport A Hdmi Cable Dp Pasivo Hembra Hdmi Macho Dp 1920x1200 - Convertidor De Video - Mod. + Env\u00edo a domicilio + Pago seguro + Garant\u00eda","robots":{"index":"index","follow":"follow","max-snippet":"max-snippet:-1","max-image-preview":"max-image-preview:large","max-video-preview":"max-video-preview:-1"},"canonical":"https:\/\/compuviper.mx\/tienda\/producto\/startech-com-dp2hdmi2-adaptador-de-video-displayport-a-hdmi-cable-dp-pasivo-hembra-hdmi-macho-dp-1920x1200-convertidor-de-video-mod\/","og_locale":"es_MX","og_type":"article","og_title":"[ Startech.com ] &#129351; Dp2hdmi2 Adaptador De Video Displayport A Hdmi Cable Dp Pasivo Hembra Hdmi Macho Dp 1920x1200 - Convertidor De Video - Mod.","og_description":"Compra Dp2hdmi2 Adaptador De Video Displayport A Hdmi Cable Dp Pasivo Hembra Hdmi Macho Dp 1920x1200 - Convertidor De Video - Mod. + Env\u00edo a domicilio + Pago seguro + Garant\u00eda","og_url":"https:\/\/compuviper.mx\/tienda\/producto\/startech-com-dp2hdmi2-adaptador-de-video-displayport-a-hdmi-cable-dp-pasivo-hembra-hdmi-macho-dp-1920x1200-convertidor-de-video-mod\/","og_site_name":"Compuviper","article_publisher":"https:\/\/www.facebook.com\/compuviper","og_image":[{"width":200,"height":200,"url":"https:\/\/compuviper.mx\/tienda\/wp-content\/uploads\/2023\/12\/Adaptador-de-video-displayport-a-hdmi-cable-dp-pasivo-hembra-hdmi-macho-dp-1920x1200-convertidor-de-video-startech.com-mod.-dp2hdmi2.jpg","type":"image\/jpeg"}],"twitter_card":"summary_large_image","twitter_misc":{"Precio":"&#36;321 con IVA","Availability":"In stock"},"schema":{"@context":"https:\/\/schema.org","@graph":[{"@type":"WebPage","@id":"https:\/\/compuviper.mx\/tienda\/producto\/startech-com-dp2hdmi2-adaptador-de-video-displayport-a-hdmi-cable-dp-pasivo-hembra-hdmi-macho-dp-1920x1200-convertidor-de-video-mod\/","url":"https:\/\/compuviper.mx\/tienda\/producto\/startech-com-dp2hdmi2-adaptador-de-video-displayport-a-hdmi-cable-dp-pasivo-hembra-hdmi-macho-dp-1920x1200-convertidor-de-video-mod\/","name":"[ Startech.com ] &#129351; Dp2hdmi2 Adaptador De Video Displayport A Hdmi Cable Dp Pasivo Hembra Hdmi Macho Dp 1920x1200 - Convertidor De Video - Mod.","isPartOf":{"@id":"https:\/\/compuviper.mx\/tienda\/#website"},"datePublished":"2026-04-02T05:31:57+00:00","dateModified":"2026-04-02T05:31:57+00:00","description":"Compra Dp2hdmi2 Adaptador De Video Displayport A Hdmi Cable Dp Pasivo Hembra Hdmi Macho Dp 1920x1200 - Convertidor De Video - Mod. + Env\u00edo a domicilio + Pago seguro + Garant\u00eda","breadcrumb":{"@id":"https:\/\/compuviper.mx\/tienda\/producto\/startech-com-dp2hdmi2-adaptador-de-video-displayport-a-hdmi-cable-dp-pasivo-hembra-hdmi-macho-dp-1920x1200-convertidor-de-video-mod\/#breadcrumb"},"inLanguage":"es-MX","potentialAction":[{"@type":"ReadAction","target":["https:\/\/compuviper.mx\/tienda\/producto\/startech-com-dp2hdmi2-adaptador-de-video-displayport-a-hdmi-cable-dp-pasivo-hembra-hdmi-macho-dp-1920x1200-convertidor-de-video-mod\/"]}]},{"@type":"BreadcrumbList","@id":"https:\/\/compuviper.mx\/tienda\/producto\/startech-com-dp2hdmi2-adaptador-de-video-displayport-a-hdmi-cable-dp-pasivo-hembra-hdmi-macho-dp-1920x1200-convertidor-de-video-mod\/#breadcrumb","itemListElement":[{"@type":"ListItem","position":1,"name":"Inicio","item":"https:\/\/compuviper.mx\/tienda\/"},{"@type":"ListItem","position":2,"name":"Productos","item":"https:\/\/compuviper.mx\/tienda\/productos\/"},{"@type":"ListItem","position":3,"name":"Accesorios","item":"https:\/\/compuviper.mx\/tienda\/categoria-producto\/accesorios\/"},{"@type":"ListItem","position":4,"name":"Adaptadores","item":"https:\/\/compuviper.mx\/tienda\/categoria-producto\/accesorios\/adaptadores\/"},{"@type":"ListItem","position":5,"name":"Startech.com Dp2hdmi2 Adaptador De Video Displayport A Hdmi Cable Dp Pasivo Hembra Hdmi Macho Dp 1920&#215;1200 &#8211; Convertidor De Video &#8211; Mod."}]},{"@type":"WebSite","@id":"https:\/\/compuviper.mx\/tienda\/#website","url":"https:\/\/compuviper.mx\/tienda\/","name":"Compuviper","description":"Proveedor de Computadoras, Laptops, Servidores, Monitores, Puntos de Venta, Teclados,   Impresoras, T\u00f3ner, C\u00e1maras de Seguridad y m\u00e1s en tu tienda en l\u00ednea","publisher":{"@id":"https:\/\/compuviper.mx\/tienda\/#organization"},"potentialAction":[{"@type":"SearchAction","target":{"@type":"EntryPoint","urlTemplate":"https:\/\/compuviper.mx\/tienda\/?s={search_term_string}"},"query-input":"required name=search_term_string"}],"inLanguage":"es-MX"},{"@type":"Organization","@id":"https:\/\/compuviper.mx\/tienda\/#organization","name":"Compuviper","url":"https:\/\/compuviper.mx\/tienda\/","logo":{"@type":"ImageObject","inLanguage":"es-MX","@id":"https:\/\/compuviper.mx\/tienda\/#\/schema\/logo\/image\/","url":"https:\/\/compuviper.mx\/tienda\/wp-content\/uploads\/2021\/08\/Logo-Compuviper-10.png","contentUrl":"https:\/\/compuviper.mx\/tienda\/wp-content\/uploads\/2021\/08\/Logo-Compuviper-10.png","width":1000,"height":500,"caption":"Compuviper"},"image":{"@id":"https:\/\/compuviper.mx\/tienda\/#\/schema\/logo\/image\/"},"sameAs":["https:\/\/www.facebook.com\/compuviper","https:\/\/www.youtube.com\/channel\/UCf73dERp9Y3cfOq7q8BhLjA?view_as=subscriber"]}]},"product_brand":"STARTECH.COM","product_price_amount":"321","product_price_currency":"MXN","og_availability":"instock","product_availability":"instock","product_retailer_item_id":"DP2HDMI2","product_condition":"new"},"_links":{"self":[{"href":"https:\/\/compuviper.mx\/tienda\/wp-json\/wp\/v2\/product\/212535"}],"collection":[{"href":"https:\/\/compuviper.mx\/tienda\/wp-json\/wp\/v2\/product"}],"about":[{"href":"https:\/\/compuviper.mx\/tienda\/wp-json\/wp\/v2\/types\/product"}],"replies":[{"embeddable":true,"href":"https:\/\/compuviper.mx\/tienda\/wp-json\/wp\/v2\/comments?post=212535"}],"wp:featuredmedia":[{"embeddable":true,"href":"https:\/\/compuviper.mx\/tienda\/wp-json\/wp\/v2\/media\/212536"}],"wp:attachment":[{"href":"https:\/\/compuviper.mx\/tienda\/wp-json\/wp\/v2\/media?parent=212535"}],"wp:term":[{"taxonomy":"product_cat","embeddable":true,"href":"https:\/\/compuviper.mx\/tienda\/wp-json\/wp\/v2\/product_cat?post=212535"},{"taxonomy":"product_tag","embeddable":true,"href":"https:\/\/compuviper.mx\/tienda\/wp-json\/wp\/v2\/product_tag?post=212535"}],"curies":[{"name":"wp","href":"https:\/\/api.w.org\/{rel}","templated":true}]}}