{"id":212533,"date":"2026-04-01T23:31:56","date_gmt":"2026-04-02T05:31:56","guid":{"rendered":"https:\/\/compuviper.mx\/tienda\/producto\/startech-com-vga2hdu-adaptador-vga-a-hdmi-con-audio-y-alimentacin-usb-convertidor-vga-a-hdmi-porttil-1080-p-mod\/"},"modified":"2026-04-01T23:31:57","modified_gmt":"2026-04-02T05:31:57","slug":"startech-com-vga2hdu-adaptador-vga-a-hdmi-con-audio-y-alimentacin-usb-convertidor-vga-a-hdmi-porttil-1080-p-mod","status":"publish","type":"product","link":"https:\/\/compuviper.mx\/tienda\/producto\/startech-com-vga2hdu-adaptador-vga-a-hdmi-con-audio-y-alimentacin-usb-convertidor-vga-a-hdmi-porttil-1080-p-mod\/","title":{"rendered":"Startech.com Vga2hdu Adaptador Vga A Hdmi Con Audio Y Alimentacin Usb Convertidor Vga A Hdmi Porttil 1080 P &#8211;  Mod."},"content":{"rendered":"<table class=\"descripcion\">\n<tr>\n<td>Hardware<\/td>\n<\/tr>\n<tr>\n<td>Cableado : hdmi<\/td>\n<\/tr>\n<tr>\n<td>Entrada a\/v : vga<\/td>\n<\/tr>\n<tr>\n<td>Id del conjunto de chips : micro silicon &#8211; ms9282<\/td>\n<\/tr>\n<tr>\n<td>Salida a\/v : hdmi<\/td>\n<\/tr>\n<tr>\n<td>Soporte de audio : s\u00ed<\/td>\n<\/tr>\n<tr>\n<td>Rendimiento<\/td>\n<\/tr>\n<tr>\n<td>Pantalla plana soportada : s\u00ed<\/td>\n<\/tr>\n<tr>\n<td>Resoluci\u00f3n anal\u00f3gica m\u00e1xima : 1920&#215;1080<\/td>\n<\/tr>\n<tr>\n<td>Resoluci\u00f3n digital m\u00e1xima : 1920&#215;1080<\/td>\n<\/tr>\n<tr>\n<td>Resoluciones  admitidas : 1920&#215;1080 (1080p)<\/td>\n<\/tr>\n<tr>\n<td>1680&#215;1050 (wsxga+)<\/td>\n<\/tr>\n<tr>\n<td>1600&#215;1200<\/td>\n<\/tr>\n<tr>\n<td>1600&#215;900<\/td>\n<\/tr>\n<tr>\n<td>1440&#215;900<\/td>\n<\/tr>\n<tr>\n<td>1400&#215;1050 (sxga+)<\/td>\n<\/tr>\n<tr>\n<td>1366&#215;768<\/td>\n<\/tr>\n<tr>\n<td>1360&#215;768<\/td>\n<\/tr>\n<tr>\n<td>1280&#215;1024<\/td>\n<\/tr>\n<tr>\n<td>1280&#215;960<\/td>\n<\/tr>\n<tr>\n<td>1280&#215;800<\/td>\n<\/tr>\n<tr>\n<td>1280&#215;768 (wxga)<\/td>\n<\/tr>\n<tr>\n<td>1280x720p (720p)<\/td>\n<\/tr>\n<tr>\n<td>1280&#215;600<\/td>\n<\/tr>\n<tr>\n<td>1152&#215;864<\/td>\n<\/tr>\n<tr>\n<td>1024&#215;768<\/td>\n<\/tr>\n<tr>\n<td>800&#215;600 (svga)<\/td>\n<\/tr>\n<tr>\n<td>640&#215;480 (480p)<\/td>\n<\/tr>\n<tr>\n<td>Hardware<\/td>\n<\/tr>\n<tr>\n<td>Active or passive adapter : activo<\/td>\n<\/tr>\n<tr>\n<td>Conector(es)<\/td>\n<\/tr>\n<tr>\n<td>Conector b : hdmi (19 pines)<\/td>\n<\/tr>\n<tr>\n<td>Conector a : vga (15 pines, d-sub de alta densidad)<\/td>\n<\/tr>\n<tr>\n<td>Conector a : usb type-a (4 pines) usb 2.0<\/td>\n<\/tr>\n<tr>\n<td>Caracter\u00edsticas f\u00edsicas<\/td>\n<\/tr>\n<tr>\n<td>Tipo de gabinete : pl\u00e1stico<\/td>\n<\/tr>\n<tr>\n<td>Peso del producto : 70.7 g<\/td>\n<\/tr>\n<tr>\n<td>Longitud del producto : 26 cm<\/td>\n<\/tr>\n<tr>\n<td>Color : negro<\/td>\n<\/tr>\n<tr>\n<td>Ancho del producto : 35 mm<\/td>\n<\/tr>\n<tr>\n<td>Altura del producto : 1.5 cm<\/td>\n<\/tr>\n<\/table>\n","protected":false},"excerpt":{"rendered":"<p>El adaptador vga a hdmi, modelo vga2hdu, permite convertir el puerto vga de una computadora de escritorio\u00a0o port\u00e1til en puerto de salida hdmi.?. Este adaptador vga2hdu permite extender la salida de video vga, a fin de aumentar el n\u00famero de pantallas y proyectores con soporte solo para hdmi.?. Nuestro adaptador garantiza que se aprovechar\u00e1 al m\u00e1ximo la calidad de video de una salida vga, con soporte para resoluciones de hasta 1920&#215;1080 (1080 p). F\u00e1cil instalaci\u00f3n, tipo plug-and-play, que permite a su vez la f\u00e1cil configuraci\u00f3n de este adaptador vga a hdmi. Adem\u00e1s, el\u00a0cable usb\u00a0integrado permite que el\u00a0dispositivo\u00a0sea\u00a0alimentado\u00a0por medio del puerto usb de\u00a0la\u00a0computadora.\u00a0este adaptador vga a hdmi funciona con cualquier sistema inform\u00e1tico, pero en el caso de windows el adaptador soporta\u00a0audio usb nativo, lo cual permite agregar audio del pc\u00a0a la se\u00f1al\u00a0hdmi. El modelo vga2hdu est\u00e1 respaldado\u00a0con soporte t\u00e9cnico gratuito de por vida.<\/p>\n","protected":false},"featured_media":212534,"comment_status":"open","ping_status":"open","template":"","meta":[],"product_cat":[1485,1492],"product_tag":[1590],"acf":[],"yoast_head":"<!-- This site is optimized with the Yoast SEO plugin v21.7 - https:\/\/yoast.com\/wordpress\/plugins\/seo\/ -->\n<title>[ Startech.com ] &#129351; Vga2hdu Adaptador Vga A Hdmi Con Audio Y Alimentacin Usb Convertidor Vga A Hdmi Porttil 1080 P - Mod.<\/title>\n<meta name=\"description\" content=\"Compra Vga2hdu Adaptador Vga A Hdmi Con Audio Y Alimentacin Usb Convertidor Vga A Hdmi Porttil 1080 P - Mod. + Env\u00edo a domicilio + Pago seguro + Garant\u00eda\" \/>\n<meta name=\"robots\" content=\"index, follow, max-snippet:-1, max-image-preview:large, max-video-preview:-1\" \/>\n<link rel=\"canonical\" href=\"https:\/\/compuviper.mx\/tienda\/producto\/startech-com-vga2hdu-adaptador-vga-a-hdmi-con-audio-y-alimentacin-usb-convertidor-vga-a-hdmi-porttil-1080-p-mod\/\" \/>\n<meta property=\"og:locale\" content=\"es_MX\" \/>\n<meta property=\"og:type\" content=\"article\" \/>\n<meta property=\"og:title\" content=\"[ Startech.com ] &#129351; Vga2hdu Adaptador Vga A Hdmi Con Audio Y Alimentacin Usb Convertidor Vga A Hdmi Porttil 1080 P - Mod.\" \/>\n<meta property=\"og:description\" content=\"Compra Vga2hdu Adaptador Vga A Hdmi Con Audio Y Alimentacin Usb Convertidor Vga A Hdmi Porttil 1080 P - Mod. + Env\u00edo a domicilio + Pago seguro + Garant\u00eda\" \/>\n<meta property=\"og:url\" content=\"https:\/\/compuviper.mx\/tienda\/producto\/startech-com-vga2hdu-adaptador-vga-a-hdmi-con-audio-y-alimentacin-usb-convertidor-vga-a-hdmi-porttil-1080-p-mod\/\" \/>\n<meta property=\"og:site_name\" content=\"Compuviper\" \/>\n<meta property=\"article:publisher\" content=\"https:\/\/www.facebook.com\/compuviper\" \/>\n<meta property=\"article:modified_time\" content=\"2026-04-02T05:31:57+00:00\" \/>\n<meta property=\"og:image\" content=\"https:\/\/compuviper.mx\/tienda\/wp-content\/uploads\/2023\/12\/Adaptador-vga-a-hdmi-con-audio-y-alimentacion-usb-\u0096-convertidor-vga-a-hdmi-portatil-\u0096-1080-p-startech.com-mod.-vga2hdu.jpg\" \/>\n\t<meta property=\"og:image:width\" content=\"200\" \/>\n\t<meta property=\"og:image:height\" content=\"200\" \/>\n\t<meta property=\"og:image:type\" content=\"image\/jpeg\" \/>\n<meta name=\"twitter:card\" content=\"summary_large_image\" \/>\n<meta name=\"twitter:label1\" content=\"Precio\" \/>\n\t<meta name=\"twitter:data1\" content=\"&#36;1,051 con IVA\" \/>\n\t<meta name=\"twitter:label2\" content=\"Availability\" \/>\n\t<meta name=\"twitter:data2\" content=\"In stock\" \/>\n<script type=\"application\/ld+json\" class=\"yoast-schema-graph\">{\"@context\":\"https:\/\/schema.org\",\"@graph\":[{\"@type\":\"WebPage\",\"@id\":\"https:\/\/compuviper.mx\/tienda\/producto\/startech-com-vga2hdu-adaptador-vga-a-hdmi-con-audio-y-alimentacin-usb-convertidor-vga-a-hdmi-porttil-1080-p-mod\/\",\"url\":\"https:\/\/compuviper.mx\/tienda\/producto\/startech-com-vga2hdu-adaptador-vga-a-hdmi-con-audio-y-alimentacin-usb-convertidor-vga-a-hdmi-porttil-1080-p-mod\/\",\"name\":\"[ Startech.com ] &#129351; Vga2hdu Adaptador Vga A Hdmi Con Audio Y Alimentacin Usb Convertidor Vga A Hdmi Porttil 1080 P - Mod.\",\"isPartOf\":{\"@id\":\"https:\/\/compuviper.mx\/tienda\/#website\"},\"datePublished\":\"2026-04-02T05:31:56+00:00\",\"dateModified\":\"2026-04-02T05:31:57+00:00\",\"description\":\"Compra Vga2hdu Adaptador Vga A Hdmi Con Audio Y Alimentacin Usb Convertidor Vga A Hdmi Porttil 1080 P - Mod. + Env\u00edo a domicilio + Pago seguro + Garant\u00eda\",\"breadcrumb\":{\"@id\":\"https:\/\/compuviper.mx\/tienda\/producto\/startech-com-vga2hdu-adaptador-vga-a-hdmi-con-audio-y-alimentacin-usb-convertidor-vga-a-hdmi-porttil-1080-p-mod\/#breadcrumb\"},\"inLanguage\":\"es-MX\",\"potentialAction\":[{\"@type\":\"ReadAction\",\"target\":[\"https:\/\/compuviper.mx\/tienda\/producto\/startech-com-vga2hdu-adaptador-vga-a-hdmi-con-audio-y-alimentacin-usb-convertidor-vga-a-hdmi-porttil-1080-p-mod\/\"]}]},{\"@type\":\"BreadcrumbList\",\"@id\":\"https:\/\/compuviper.mx\/tienda\/producto\/startech-com-vga2hdu-adaptador-vga-a-hdmi-con-audio-y-alimentacin-usb-convertidor-vga-a-hdmi-porttil-1080-p-mod\/#breadcrumb\",\"itemListElement\":[{\"@type\":\"ListItem\",\"position\":1,\"name\":\"Inicio\",\"item\":\"https:\/\/compuviper.mx\/tienda\/\"},{\"@type\":\"ListItem\",\"position\":2,\"name\":\"Productos\",\"item\":\"https:\/\/compuviper.mx\/tienda\/productos\/\"},{\"@type\":\"ListItem\",\"position\":3,\"name\":\"Accesorios\",\"item\":\"https:\/\/compuviper.mx\/tienda\/categoria-producto\/accesorios\/\"},{\"@type\":\"ListItem\",\"position\":4,\"name\":\"Adaptadores\",\"item\":\"https:\/\/compuviper.mx\/tienda\/categoria-producto\/accesorios\/adaptadores\/\"},{\"@type\":\"ListItem\",\"position\":5,\"name\":\"Startech.com Vga2hdu Adaptador Vga A Hdmi Con Audio Y Alimentacin Usb Convertidor Vga A Hdmi Porttil 1080 P &#8211; Mod.\"}]},{\"@type\":\"WebSite\",\"@id\":\"https:\/\/compuviper.mx\/tienda\/#website\",\"url\":\"https:\/\/compuviper.mx\/tienda\/\",\"name\":\"Compuviper\",\"description\":\"Proveedor de Computadoras, Laptops, Servidores, Monitores, Puntos de Venta, Teclados,   Impresoras, T\u00f3ner, C\u00e1maras de Seguridad y m\u00e1s en tu tienda en l\u00ednea\",\"publisher\":{\"@id\":\"https:\/\/compuviper.mx\/tienda\/#organization\"},\"potentialAction\":[{\"@type\":\"SearchAction\",\"target\":{\"@type\":\"EntryPoint\",\"urlTemplate\":\"https:\/\/compuviper.mx\/tienda\/?s={search_term_string}\"},\"query-input\":\"required name=search_term_string\"}],\"inLanguage\":\"es-MX\"},{\"@type\":\"Organization\",\"@id\":\"https:\/\/compuviper.mx\/tienda\/#organization\",\"name\":\"Compuviper\",\"url\":\"https:\/\/compuviper.mx\/tienda\/\",\"logo\":{\"@type\":\"ImageObject\",\"inLanguage\":\"es-MX\",\"@id\":\"https:\/\/compuviper.mx\/tienda\/#\/schema\/logo\/image\/\",\"url\":\"https:\/\/compuviper.mx\/tienda\/wp-content\/uploads\/2021\/08\/Logo-Compuviper-10.png\",\"contentUrl\":\"https:\/\/compuviper.mx\/tienda\/wp-content\/uploads\/2021\/08\/Logo-Compuviper-10.png\",\"width\":1000,\"height\":500,\"caption\":\"Compuviper\"},\"image\":{\"@id\":\"https:\/\/compuviper.mx\/tienda\/#\/schema\/logo\/image\/\"},\"sameAs\":[\"https:\/\/www.facebook.com\/compuviper\",\"https:\/\/www.youtube.com\/channel\/UCf73dERp9Y3cfOq7q8BhLjA?view_as=subscriber\"]}]}<\/script>\n<meta property=\"product:brand\" content=\"STARTECH.COM\" \/>\n<meta property=\"product:price:amount\" content=\"1051\" \/>\n<meta property=\"product:price:currency\" content=\"MXN\" \/>\n<meta property=\"og:availability\" content=\"instock\" \/>\n<meta property=\"product:availability\" content=\"instock\" \/>\n<meta property=\"product:retailer_item_id\" content=\"VGA2HDU\" \/>\n<meta property=\"product:condition\" content=\"new\" \/>\n<!-- \/ Yoast SEO plugin. -->","yoast_head_json":{"title":"[ Startech.com ] &#129351; Vga2hdu Adaptador Vga A Hdmi Con Audio Y Alimentacin Usb Convertidor Vga A Hdmi Porttil 1080 P - Mod.","description":"Compra Vga2hdu Adaptador Vga A Hdmi Con Audio Y Alimentacin Usb Convertidor Vga A Hdmi Porttil 1080 P - Mod. + Env\u00edo a domicilio + Pago seguro + Garant\u00eda","robots":{"index":"index","follow":"follow","max-snippet":"max-snippet:-1","max-image-preview":"max-image-preview:large","max-video-preview":"max-video-preview:-1"},"canonical":"https:\/\/compuviper.mx\/tienda\/producto\/startech-com-vga2hdu-adaptador-vga-a-hdmi-con-audio-y-alimentacin-usb-convertidor-vga-a-hdmi-porttil-1080-p-mod\/","og_locale":"es_MX","og_type":"article","og_title":"[ Startech.com ] &#129351; Vga2hdu Adaptador Vga A Hdmi Con Audio Y Alimentacin Usb Convertidor Vga A Hdmi Porttil 1080 P - Mod.","og_description":"Compra Vga2hdu Adaptador Vga A Hdmi Con Audio Y Alimentacin Usb Convertidor Vga A Hdmi Porttil 1080 P - Mod. + Env\u00edo a domicilio + Pago seguro + Garant\u00eda","og_url":"https:\/\/compuviper.mx\/tienda\/producto\/startech-com-vga2hdu-adaptador-vga-a-hdmi-con-audio-y-alimentacin-usb-convertidor-vga-a-hdmi-porttil-1080-p-mod\/","og_site_name":"Compuviper","article_publisher":"https:\/\/www.facebook.com\/compuviper","article_modified_time":"2026-04-02T05:31:57+00:00","og_image":[{"width":200,"height":200,"url":"https:\/\/compuviper.mx\/tienda\/wp-content\/uploads\/2023\/12\/Adaptador-vga-a-hdmi-con-audio-y-alimentacion-usb-\u0096-convertidor-vga-a-hdmi-portatil-\u0096-1080-p-startech.com-mod.-vga2hdu.jpg","type":"image\/jpeg"}],"twitter_card":"summary_large_image","twitter_misc":{"Precio":"&#36;1,051 con IVA","Availability":"In stock"},"schema":{"@context":"https:\/\/schema.org","@graph":[{"@type":"WebPage","@id":"https:\/\/compuviper.mx\/tienda\/producto\/startech-com-vga2hdu-adaptador-vga-a-hdmi-con-audio-y-alimentacin-usb-convertidor-vga-a-hdmi-porttil-1080-p-mod\/","url":"https:\/\/compuviper.mx\/tienda\/producto\/startech-com-vga2hdu-adaptador-vga-a-hdmi-con-audio-y-alimentacin-usb-convertidor-vga-a-hdmi-porttil-1080-p-mod\/","name":"[ Startech.com ] &#129351; Vga2hdu Adaptador Vga A Hdmi Con Audio Y Alimentacin Usb Convertidor Vga A Hdmi Porttil 1080 P - Mod.","isPartOf":{"@id":"https:\/\/compuviper.mx\/tienda\/#website"},"datePublished":"2026-04-02T05:31:56+00:00","dateModified":"2026-04-02T05:31:57+00:00","description":"Compra Vga2hdu Adaptador Vga A Hdmi Con Audio Y Alimentacin Usb Convertidor Vga A Hdmi Porttil 1080 P - Mod. + Env\u00edo a domicilio + Pago seguro + Garant\u00eda","breadcrumb":{"@id":"https:\/\/compuviper.mx\/tienda\/producto\/startech-com-vga2hdu-adaptador-vga-a-hdmi-con-audio-y-alimentacin-usb-convertidor-vga-a-hdmi-porttil-1080-p-mod\/#breadcrumb"},"inLanguage":"es-MX","potentialAction":[{"@type":"ReadAction","target":["https:\/\/compuviper.mx\/tienda\/producto\/startech-com-vga2hdu-adaptador-vga-a-hdmi-con-audio-y-alimentacin-usb-convertidor-vga-a-hdmi-porttil-1080-p-mod\/"]}]},{"@type":"BreadcrumbList","@id":"https:\/\/compuviper.mx\/tienda\/producto\/startech-com-vga2hdu-adaptador-vga-a-hdmi-con-audio-y-alimentacin-usb-convertidor-vga-a-hdmi-porttil-1080-p-mod\/#breadcrumb","itemListElement":[{"@type":"ListItem","position":1,"name":"Inicio","item":"https:\/\/compuviper.mx\/tienda\/"},{"@type":"ListItem","position":2,"name":"Productos","item":"https:\/\/compuviper.mx\/tienda\/productos\/"},{"@type":"ListItem","position":3,"name":"Accesorios","item":"https:\/\/compuviper.mx\/tienda\/categoria-producto\/accesorios\/"},{"@type":"ListItem","position":4,"name":"Adaptadores","item":"https:\/\/compuviper.mx\/tienda\/categoria-producto\/accesorios\/adaptadores\/"},{"@type":"ListItem","position":5,"name":"Startech.com Vga2hdu Adaptador Vga A Hdmi Con Audio Y Alimentacin Usb Convertidor Vga A Hdmi Porttil 1080 P &#8211; Mod."}]},{"@type":"WebSite","@id":"https:\/\/compuviper.mx\/tienda\/#website","url":"https:\/\/compuviper.mx\/tienda\/","name":"Compuviper","description":"Proveedor de Computadoras, Laptops, Servidores, Monitores, Puntos de Venta, Teclados,   Impresoras, T\u00f3ner, C\u00e1maras de Seguridad y m\u00e1s en tu tienda en l\u00ednea","publisher":{"@id":"https:\/\/compuviper.mx\/tienda\/#organization"},"potentialAction":[{"@type":"SearchAction","target":{"@type":"EntryPoint","urlTemplate":"https:\/\/compuviper.mx\/tienda\/?s={search_term_string}"},"query-input":"required name=search_term_string"}],"inLanguage":"es-MX"},{"@type":"Organization","@id":"https:\/\/compuviper.mx\/tienda\/#organization","name":"Compuviper","url":"https:\/\/compuviper.mx\/tienda\/","logo":{"@type":"ImageObject","inLanguage":"es-MX","@id":"https:\/\/compuviper.mx\/tienda\/#\/schema\/logo\/image\/","url":"https:\/\/compuviper.mx\/tienda\/wp-content\/uploads\/2021\/08\/Logo-Compuviper-10.png","contentUrl":"https:\/\/compuviper.mx\/tienda\/wp-content\/uploads\/2021\/08\/Logo-Compuviper-10.png","width":1000,"height":500,"caption":"Compuviper"},"image":{"@id":"https:\/\/compuviper.mx\/tienda\/#\/schema\/logo\/image\/"},"sameAs":["https:\/\/www.facebook.com\/compuviper","https:\/\/www.youtube.com\/channel\/UCf73dERp9Y3cfOq7q8BhLjA?view_as=subscriber"]}]},"product_brand":"STARTECH.COM","product_price_amount":"1051","product_price_currency":"MXN","og_availability":"instock","product_availability":"instock","product_retailer_item_id":"VGA2HDU","product_condition":"new"},"_links":{"self":[{"href":"https:\/\/compuviper.mx\/tienda\/wp-json\/wp\/v2\/product\/212533"}],"collection":[{"href":"https:\/\/compuviper.mx\/tienda\/wp-json\/wp\/v2\/product"}],"about":[{"href":"https:\/\/compuviper.mx\/tienda\/wp-json\/wp\/v2\/types\/product"}],"replies":[{"embeddable":true,"href":"https:\/\/compuviper.mx\/tienda\/wp-json\/wp\/v2\/comments?post=212533"}],"wp:featuredmedia":[{"embeddable":true,"href":"https:\/\/compuviper.mx\/tienda\/wp-json\/wp\/v2\/media\/212534"}],"wp:attachment":[{"href":"https:\/\/compuviper.mx\/tienda\/wp-json\/wp\/v2\/media?parent=212533"}],"wp:term":[{"taxonomy":"product_cat","embeddable":true,"href":"https:\/\/compuviper.mx\/tienda\/wp-json\/wp\/v2\/product_cat?post=212533"},{"taxonomy":"product_tag","embeddable":true,"href":"https:\/\/compuviper.mx\/tienda\/wp-json\/wp\/v2\/product_tag?post=212533"}],"curies":[{"name":"wp","href":"https:\/\/api.w.org\/{rel}","templated":true}]}}