{"id":212531,"date":"2026-04-01T23:31:56","date_gmt":"2026-04-02T05:31:56","guid":{"rendered":"https:\/\/compuviper.mx\/tienda\/producto\/startech-com-dp2vga2-adaptador-de-video-displayport-dp-a-vga-convertidor-externo-cable-activo-hembra-vga-macho-dp-hasta-1920x1200-mod\/"},"modified":"2026-04-01T23:31:56","modified_gmt":"2026-04-02T05:31:56","slug":"startech-com-dp2vga2-adaptador-de-video-displayport-dp-a-vga-convertidor-externo-cable-activo-hembra-vga-macho-dp-hasta-1920x1200-mod","status":"publish","type":"product","link":"https:\/\/compuviper.mx\/tienda\/producto\/startech-com-dp2vga2-adaptador-de-video-displayport-dp-a-vga-convertidor-externo-cable-activo-hembra-vga-macho-dp-hasta-1920x1200-mod\/","title":{"rendered":"Startech.com Dp2vga2 Adaptador De Video Displayport Dp A Vga &#8211; Convertidor Externo &#8211; Cable Activo &#8211; Hembra Vga &#8211; Macho Dp- Hasta 1920&#215;1200 &#8211;  Mod."},"content":{"rendered":"<table class=\"descripcion\">\n<tr>\n<td>Hardware<\/td>\n<\/tr>\n<tr>\n<td>Entrada a\/v : displayport &#8211; 1.2<\/td>\n<\/tr>\n<tr>\n<td>Salida a\/v : vga<\/td>\n<\/tr>\n<tr>\n<td>Soporte de audio : no<\/td>\n<\/tr>\n<tr>\n<td>Rendimiento<\/td>\n<\/tr>\n<tr>\n<td>Pantalla plana soportada : s\u00ed<\/td>\n<\/tr>\n<tr>\n<td>Resoluci\u00f3n anal\u00f3gica m\u00e1xima : 1920&#215;1200<\/td>\n<\/tr>\n<tr>\n<td>Hardware<\/td>\n<\/tr>\n<tr>\n<td>Active or passive adapter : activo<\/td>\n<\/tr>\n<tr>\n<td>Conector(es)<\/td>\n<\/tr>\n<tr>\n<td>Conector b : vga (15 pines, d-sub de alta densidad)<\/td>\n<\/tr>\n<tr>\n<td>Conector a : displayport (20 pines)<\/td>\n<\/tr>\n<tr>\n<td>Caracter\u00edsticas f\u00edsicas<\/td>\n<\/tr>\n<tr>\n<td>Tipo de gabinete : pl\u00e1stico<\/td>\n<\/tr>\n<tr>\n<td>Peso del producto : 43 g<\/td>\n<\/tr>\n<tr>\n<td>Longitud del producto : 27.9 cm<\/td>\n<\/tr>\n<tr>\n<td>Longitud del cable : 225 mm<\/td>\n<\/tr>\n<tr>\n<td>Color : negro<\/td>\n<\/tr>\n<tr>\n<td>Ancho del producto : 31.8 mm<\/td>\n<\/tr>\n<tr>\n<td>Altura del producto : 1.9 cm<\/td>\n<\/tr>\n<\/table>\n","protected":false},"excerpt":{"rendered":"<p>El adaptador displayport a vga le permite conectar su computadora equipada con displayport a un monitor o proyector vga. Funciona con computadoras  como su hp elitebook revolve 810 g3. El adaptador ofrece conectividad plug-and-play, lo cual es garant\u00eda de una configuraci\u00f3n sencilla. El conector vga incluye tuercas que se enroscan a los tornillos de cables vga est\u00e1ndar, con el fin de que su cable de video no se desconecte. Su\u00a0dise\u00f1o ultraport\u00e1til\u00a0tambi\u00e9n lo convierte en el accesorio perfecto\u00a0para aplicaciones byod (trae tu propio dispositivo) en la oficina. Compatible con resoluciones de video de hasta 1920&#215;1200 o\u00a01080p. El modelo dp2vga2 cuenta con soporte t\u00e9cnico gratuito de por vida.<\/p>\n","protected":false},"featured_media":212532,"comment_status":"open","ping_status":"open","template":"","meta":[],"product_cat":[1485,1492],"product_tag":[1590],"acf":[],"yoast_head":"<!-- This site is optimized with the Yoast SEO plugin v21.7 - https:\/\/yoast.com\/wordpress\/plugins\/seo\/ -->\n<title>[ Startech.com ] &#129351; Dp2vga2 Adaptador De Video Displayport Dp A Vga - Convertidor Externo - Cable Activo - Hembra Vga - Macho Dp- Hasta 1920x1200 - Mod.<\/title>\n<meta name=\"description\" content=\"Compra Dp2vga2 Adaptador De Video Displayport Dp A Vga - Convertidor Externo - Cable Activo - Hembra Vga - Macho Dp- Hasta 1920x1200 - Mod. + Env\u00edo a domicilio + Pago seguro + Garant\u00eda\" \/>\n<meta name=\"robots\" content=\"index, follow, max-snippet:-1, max-image-preview:large, max-video-preview:-1\" \/>\n<link rel=\"canonical\" href=\"https:\/\/compuviper.mx\/tienda\/producto\/startech-com-dp2vga2-adaptador-de-video-displayport-dp-a-vga-convertidor-externo-cable-activo-hembra-vga-macho-dp-hasta-1920x1200-mod\/\" \/>\n<meta property=\"og:locale\" content=\"es_MX\" \/>\n<meta property=\"og:type\" content=\"article\" \/>\n<meta property=\"og:title\" content=\"[ Startech.com ] &#129351; Dp2vga2 Adaptador De Video Displayport Dp A Vga - Convertidor Externo - Cable Activo - Hembra Vga - Macho Dp- Hasta 1920x1200 - Mod.\" \/>\n<meta property=\"og:description\" content=\"Compra Dp2vga2 Adaptador De Video Displayport Dp A Vga - Convertidor Externo - Cable Activo - Hembra Vga - Macho Dp- Hasta 1920x1200 - Mod. + Env\u00edo a domicilio + Pago seguro + Garant\u00eda\" \/>\n<meta property=\"og:url\" content=\"https:\/\/compuviper.mx\/tienda\/producto\/startech-com-dp2vga2-adaptador-de-video-displayport-dp-a-vga-convertidor-externo-cable-activo-hembra-vga-macho-dp-hasta-1920x1200-mod\/\" \/>\n<meta property=\"og:site_name\" content=\"Compuviper\" \/>\n<meta property=\"article:publisher\" content=\"https:\/\/www.facebook.com\/compuviper\" \/>\n<meta property=\"og:image\" content=\"https:\/\/compuviper.mx\/tienda\/wp-content\/uploads\/2023\/12\/Adaptador-de-video-displayport-dp-a-vga-convertidor-externo-cable-activo-hembra-vga-macho-dp-hasta-1920x1200-startech.com-mod.-dp2vga2.jpg\" \/>\n\t<meta property=\"og:image:width\" content=\"200\" \/>\n\t<meta property=\"og:image:height\" content=\"200\" \/>\n\t<meta property=\"og:image:type\" content=\"image\/jpeg\" \/>\n<meta name=\"twitter:card\" content=\"summary_large_image\" \/>\n<meta name=\"twitter:label1\" content=\"Precio\" \/>\n\t<meta name=\"twitter:data1\" content=\"&#36;478 con IVA\" \/>\n\t<meta name=\"twitter:label2\" content=\"Availability\" \/>\n\t<meta name=\"twitter:data2\" content=\"In stock\" \/>\n<script type=\"application\/ld+json\" class=\"yoast-schema-graph\">{\"@context\":\"https:\/\/schema.org\",\"@graph\":[{\"@type\":\"WebPage\",\"@id\":\"https:\/\/compuviper.mx\/tienda\/producto\/startech-com-dp2vga2-adaptador-de-video-displayport-dp-a-vga-convertidor-externo-cable-activo-hembra-vga-macho-dp-hasta-1920x1200-mod\/\",\"url\":\"https:\/\/compuviper.mx\/tienda\/producto\/startech-com-dp2vga2-adaptador-de-video-displayport-dp-a-vga-convertidor-externo-cable-activo-hembra-vga-macho-dp-hasta-1920x1200-mod\/\",\"name\":\"[ Startech.com ] &#129351; Dp2vga2 Adaptador De Video Displayport Dp A Vga - Convertidor Externo - Cable Activo - Hembra Vga - Macho Dp- Hasta 1920x1200 - Mod.\",\"isPartOf\":{\"@id\":\"https:\/\/compuviper.mx\/tienda\/#website\"},\"datePublished\":\"2026-04-02T05:31:56+00:00\",\"dateModified\":\"2026-04-02T05:31:56+00:00\",\"description\":\"Compra Dp2vga2 Adaptador De Video Displayport Dp A Vga - Convertidor Externo - Cable Activo - Hembra Vga - Macho Dp- Hasta 1920x1200 - Mod. + Env\u00edo a domicilio + Pago seguro + Garant\u00eda\",\"breadcrumb\":{\"@id\":\"https:\/\/compuviper.mx\/tienda\/producto\/startech-com-dp2vga2-adaptador-de-video-displayport-dp-a-vga-convertidor-externo-cable-activo-hembra-vga-macho-dp-hasta-1920x1200-mod\/#breadcrumb\"},\"inLanguage\":\"es-MX\",\"potentialAction\":[{\"@type\":\"ReadAction\",\"target\":[\"https:\/\/compuviper.mx\/tienda\/producto\/startech-com-dp2vga2-adaptador-de-video-displayport-dp-a-vga-convertidor-externo-cable-activo-hembra-vga-macho-dp-hasta-1920x1200-mod\/\"]}]},{\"@type\":\"BreadcrumbList\",\"@id\":\"https:\/\/compuviper.mx\/tienda\/producto\/startech-com-dp2vga2-adaptador-de-video-displayport-dp-a-vga-convertidor-externo-cable-activo-hembra-vga-macho-dp-hasta-1920x1200-mod\/#breadcrumb\",\"itemListElement\":[{\"@type\":\"ListItem\",\"position\":1,\"name\":\"Inicio\",\"item\":\"https:\/\/compuviper.mx\/tienda\/\"},{\"@type\":\"ListItem\",\"position\":2,\"name\":\"Productos\",\"item\":\"https:\/\/compuviper.mx\/tienda\/productos\/\"},{\"@type\":\"ListItem\",\"position\":3,\"name\":\"Accesorios\",\"item\":\"https:\/\/compuviper.mx\/tienda\/categoria-producto\/accesorios\/\"},{\"@type\":\"ListItem\",\"position\":4,\"name\":\"Adaptadores\",\"item\":\"https:\/\/compuviper.mx\/tienda\/categoria-producto\/accesorios\/adaptadores\/\"},{\"@type\":\"ListItem\",\"position\":5,\"name\":\"Startech.com Dp2vga2 Adaptador De Video Displayport Dp A Vga &#8211; Convertidor Externo &#8211; Cable Activo &#8211; Hembra Vga &#8211; Macho Dp- Hasta 1920&#215;1200 &#8211; Mod.\"}]},{\"@type\":\"WebSite\",\"@id\":\"https:\/\/compuviper.mx\/tienda\/#website\",\"url\":\"https:\/\/compuviper.mx\/tienda\/\",\"name\":\"Compuviper\",\"description\":\"Proveedor de Computadoras, Laptops, Servidores, Monitores, Puntos de Venta, Teclados,   Impresoras, T\u00f3ner, C\u00e1maras de Seguridad y m\u00e1s en tu tienda en l\u00ednea\",\"publisher\":{\"@id\":\"https:\/\/compuviper.mx\/tienda\/#organization\"},\"potentialAction\":[{\"@type\":\"SearchAction\",\"target\":{\"@type\":\"EntryPoint\",\"urlTemplate\":\"https:\/\/compuviper.mx\/tienda\/?s={search_term_string}\"},\"query-input\":\"required name=search_term_string\"}],\"inLanguage\":\"es-MX\"},{\"@type\":\"Organization\",\"@id\":\"https:\/\/compuviper.mx\/tienda\/#organization\",\"name\":\"Compuviper\",\"url\":\"https:\/\/compuviper.mx\/tienda\/\",\"logo\":{\"@type\":\"ImageObject\",\"inLanguage\":\"es-MX\",\"@id\":\"https:\/\/compuviper.mx\/tienda\/#\/schema\/logo\/image\/\",\"url\":\"https:\/\/compuviper.mx\/tienda\/wp-content\/uploads\/2021\/08\/Logo-Compuviper-10.png\",\"contentUrl\":\"https:\/\/compuviper.mx\/tienda\/wp-content\/uploads\/2021\/08\/Logo-Compuviper-10.png\",\"width\":1000,\"height\":500,\"caption\":\"Compuviper\"},\"image\":{\"@id\":\"https:\/\/compuviper.mx\/tienda\/#\/schema\/logo\/image\/\"},\"sameAs\":[\"https:\/\/www.facebook.com\/compuviper\",\"https:\/\/www.youtube.com\/channel\/UCf73dERp9Y3cfOq7q8BhLjA?view_as=subscriber\"]}]}<\/script>\n<meta property=\"product:brand\" content=\"STARTECH.COM\" \/>\n<meta property=\"product:price:amount\" content=\"478\" \/>\n<meta property=\"product:price:currency\" content=\"MXN\" \/>\n<meta property=\"og:availability\" content=\"instock\" \/>\n<meta property=\"product:availability\" content=\"instock\" \/>\n<meta property=\"product:retailer_item_id\" content=\"DP2VGA2\" \/>\n<meta property=\"product:condition\" content=\"new\" \/>\n<!-- \/ Yoast SEO plugin. -->","yoast_head_json":{"title":"[ Startech.com ] &#129351; Dp2vga2 Adaptador De Video Displayport Dp A Vga - Convertidor Externo - Cable Activo - Hembra Vga - Macho Dp- Hasta 1920x1200 - Mod.","description":"Compra Dp2vga2 Adaptador De Video Displayport Dp A Vga - Convertidor Externo - Cable Activo - Hembra Vga - Macho Dp- Hasta 1920x1200 - Mod. + Env\u00edo a domicilio + Pago seguro + Garant\u00eda","robots":{"index":"index","follow":"follow","max-snippet":"max-snippet:-1","max-image-preview":"max-image-preview:large","max-video-preview":"max-video-preview:-1"},"canonical":"https:\/\/compuviper.mx\/tienda\/producto\/startech-com-dp2vga2-adaptador-de-video-displayport-dp-a-vga-convertidor-externo-cable-activo-hembra-vga-macho-dp-hasta-1920x1200-mod\/","og_locale":"es_MX","og_type":"article","og_title":"[ Startech.com ] &#129351; Dp2vga2 Adaptador De Video Displayport Dp A Vga - Convertidor Externo - Cable Activo - Hembra Vga - Macho Dp- Hasta 1920x1200 - Mod.","og_description":"Compra Dp2vga2 Adaptador De Video Displayport Dp A Vga - Convertidor Externo - Cable Activo - Hembra Vga - Macho Dp- Hasta 1920x1200 - Mod. + Env\u00edo a domicilio + Pago seguro + Garant\u00eda","og_url":"https:\/\/compuviper.mx\/tienda\/producto\/startech-com-dp2vga2-adaptador-de-video-displayport-dp-a-vga-convertidor-externo-cable-activo-hembra-vga-macho-dp-hasta-1920x1200-mod\/","og_site_name":"Compuviper","article_publisher":"https:\/\/www.facebook.com\/compuviper","og_image":[{"width":200,"height":200,"url":"https:\/\/compuviper.mx\/tienda\/wp-content\/uploads\/2023\/12\/Adaptador-de-video-displayport-dp-a-vga-convertidor-externo-cable-activo-hembra-vga-macho-dp-hasta-1920x1200-startech.com-mod.-dp2vga2.jpg","type":"image\/jpeg"}],"twitter_card":"summary_large_image","twitter_misc":{"Precio":"&#36;478 con IVA","Availability":"In stock"},"schema":{"@context":"https:\/\/schema.org","@graph":[{"@type":"WebPage","@id":"https:\/\/compuviper.mx\/tienda\/producto\/startech-com-dp2vga2-adaptador-de-video-displayport-dp-a-vga-convertidor-externo-cable-activo-hembra-vga-macho-dp-hasta-1920x1200-mod\/","url":"https:\/\/compuviper.mx\/tienda\/producto\/startech-com-dp2vga2-adaptador-de-video-displayport-dp-a-vga-convertidor-externo-cable-activo-hembra-vga-macho-dp-hasta-1920x1200-mod\/","name":"[ Startech.com ] &#129351; Dp2vga2 Adaptador De Video Displayport Dp A Vga - Convertidor Externo - Cable Activo - Hembra Vga - Macho Dp- Hasta 1920x1200 - Mod.","isPartOf":{"@id":"https:\/\/compuviper.mx\/tienda\/#website"},"datePublished":"2026-04-02T05:31:56+00:00","dateModified":"2026-04-02T05:31:56+00:00","description":"Compra Dp2vga2 Adaptador De Video Displayport Dp A Vga - Convertidor Externo - Cable Activo - Hembra Vga - Macho Dp- Hasta 1920x1200 - Mod. + Env\u00edo a domicilio + Pago seguro + Garant\u00eda","breadcrumb":{"@id":"https:\/\/compuviper.mx\/tienda\/producto\/startech-com-dp2vga2-adaptador-de-video-displayport-dp-a-vga-convertidor-externo-cable-activo-hembra-vga-macho-dp-hasta-1920x1200-mod\/#breadcrumb"},"inLanguage":"es-MX","potentialAction":[{"@type":"ReadAction","target":["https:\/\/compuviper.mx\/tienda\/producto\/startech-com-dp2vga2-adaptador-de-video-displayport-dp-a-vga-convertidor-externo-cable-activo-hembra-vga-macho-dp-hasta-1920x1200-mod\/"]}]},{"@type":"BreadcrumbList","@id":"https:\/\/compuviper.mx\/tienda\/producto\/startech-com-dp2vga2-adaptador-de-video-displayport-dp-a-vga-convertidor-externo-cable-activo-hembra-vga-macho-dp-hasta-1920x1200-mod\/#breadcrumb","itemListElement":[{"@type":"ListItem","position":1,"name":"Inicio","item":"https:\/\/compuviper.mx\/tienda\/"},{"@type":"ListItem","position":2,"name":"Productos","item":"https:\/\/compuviper.mx\/tienda\/productos\/"},{"@type":"ListItem","position":3,"name":"Accesorios","item":"https:\/\/compuviper.mx\/tienda\/categoria-producto\/accesorios\/"},{"@type":"ListItem","position":4,"name":"Adaptadores","item":"https:\/\/compuviper.mx\/tienda\/categoria-producto\/accesorios\/adaptadores\/"},{"@type":"ListItem","position":5,"name":"Startech.com Dp2vga2 Adaptador De Video Displayport Dp A Vga &#8211; Convertidor Externo &#8211; Cable Activo &#8211; Hembra Vga &#8211; Macho Dp- Hasta 1920&#215;1200 &#8211; Mod."}]},{"@type":"WebSite","@id":"https:\/\/compuviper.mx\/tienda\/#website","url":"https:\/\/compuviper.mx\/tienda\/","name":"Compuviper","description":"Proveedor de Computadoras, Laptops, Servidores, Monitores, Puntos de Venta, Teclados,   Impresoras, T\u00f3ner, C\u00e1maras de Seguridad y m\u00e1s en tu tienda en l\u00ednea","publisher":{"@id":"https:\/\/compuviper.mx\/tienda\/#organization"},"potentialAction":[{"@type":"SearchAction","target":{"@type":"EntryPoint","urlTemplate":"https:\/\/compuviper.mx\/tienda\/?s={search_term_string}"},"query-input":"required name=search_term_string"}],"inLanguage":"es-MX"},{"@type":"Organization","@id":"https:\/\/compuviper.mx\/tienda\/#organization","name":"Compuviper","url":"https:\/\/compuviper.mx\/tienda\/","logo":{"@type":"ImageObject","inLanguage":"es-MX","@id":"https:\/\/compuviper.mx\/tienda\/#\/schema\/logo\/image\/","url":"https:\/\/compuviper.mx\/tienda\/wp-content\/uploads\/2021\/08\/Logo-Compuviper-10.png","contentUrl":"https:\/\/compuviper.mx\/tienda\/wp-content\/uploads\/2021\/08\/Logo-Compuviper-10.png","width":1000,"height":500,"caption":"Compuviper"},"image":{"@id":"https:\/\/compuviper.mx\/tienda\/#\/schema\/logo\/image\/"},"sameAs":["https:\/\/www.facebook.com\/compuviper","https:\/\/www.youtube.com\/channel\/UCf73dERp9Y3cfOq7q8BhLjA?view_as=subscriber"]}]},"product_brand":"STARTECH.COM","product_price_amount":"478","product_price_currency":"MXN","og_availability":"instock","product_availability":"instock","product_retailer_item_id":"DP2VGA2","product_condition":"new"},"_links":{"self":[{"href":"https:\/\/compuviper.mx\/tienda\/wp-json\/wp\/v2\/product\/212531"}],"collection":[{"href":"https:\/\/compuviper.mx\/tienda\/wp-json\/wp\/v2\/product"}],"about":[{"href":"https:\/\/compuviper.mx\/tienda\/wp-json\/wp\/v2\/types\/product"}],"replies":[{"embeddable":true,"href":"https:\/\/compuviper.mx\/tienda\/wp-json\/wp\/v2\/comments?post=212531"}],"wp:featuredmedia":[{"embeddable":true,"href":"https:\/\/compuviper.mx\/tienda\/wp-json\/wp\/v2\/media\/212532"}],"wp:attachment":[{"href":"https:\/\/compuviper.mx\/tienda\/wp-json\/wp\/v2\/media?parent=212531"}],"wp:term":[{"taxonomy":"product_cat","embeddable":true,"href":"https:\/\/compuviper.mx\/tienda\/wp-json\/wp\/v2\/product_cat?post=212531"},{"taxonomy":"product_tag","embeddable":true,"href":"https:\/\/compuviper.mx\/tienda\/wp-json\/wp\/v2\/product_tag?post=212531"}],"curies":[{"name":"wp","href":"https:\/\/api.w.org\/{rel}","templated":true}]}}