{"id":212529,"date":"2026-04-01T23:31:55","date_gmt":"2026-04-02T05:31:55","guid":{"rendered":"https:\/\/compuviper.mx\/tienda\/producto\/startech-com-hd2vgae2-adaptador-de-video-hdmi-a-vga-hd15-1920x1200-1080p-mod\/"},"modified":"2026-04-01T23:31:55","modified_gmt":"2026-04-02T05:31:55","slug":"startech-com-hd2vgae2-adaptador-de-video-hdmi-a-vga-hd15-1920x1200-1080p-mod","status":"publish","type":"product","link":"https:\/\/compuviper.mx\/tienda\/producto\/startech-com-hd2vgae2-adaptador-de-video-hdmi-a-vga-hd15-1920x1200-1080p-mod\/","title":{"rendered":"Startech.com Hd2vgae2 Adaptador De Video Hdmi A Vga Hd15 &#8211; 1920&#215;1200 &#8211; 1080p &#8211;  Mod."},"content":{"rendered":"<table class=\"descripcion\">\n<tr>\n<td>Hardware<\/td>\n<\/tr>\n<tr>\n<td>Entrada a\/v : hdmi<\/td>\n<\/tr>\n<tr>\n<td>Est\u00e1ndares industriales : hdmi\u00ae de alta velocidad<\/td>\n<\/tr>\n<tr>\n<td>Salida a\/v : vga<\/td>\n<\/tr>\n<tr>\n<td>Soporte de audio : no<\/td>\n<\/tr>\n<tr>\n<td>Cantidad de puertos : 1<\/td>\n<\/tr>\n<tr>\n<td>Active or passive adapter : activo<\/td>\n<\/tr>\n<tr>\n<td>Observaciones \/ requisitos<\/td>\n<\/tr>\n<tr>\n<td>Nota : este adaptador no funciona con equipos chromebook de samsung. se recomienda hd2vgamicro en este caso.<\/td>\n<\/tr>\n<tr>\n<td>Rendimiento<\/td>\n<\/tr>\n<tr>\n<td>Pantalla plana soportada : s\u00ed<\/td>\n<\/tr>\n<tr>\n<td>Resoluci\u00f3n anal\u00f3gica m\u00e1xima : 1920&#215;1080<\/td>\n<\/tr>\n<tr>\n<td>Resoluci\u00f3n digital m\u00e1xima : 1920&#215;1080<\/td>\n<\/tr>\n<tr>\n<td>Resoluciones  admitidas : 1920&#215;1080 (1080p) @ 60hz<\/td>\n<\/tr>\n<tr>\n<td>Conector(es)<\/td>\n<\/tr>\n<tr>\n<td>Conector b : vga (15 pines, d-sub de alta densidad)<\/td>\n<\/tr>\n<tr>\n<td>Conector a : hdmi (19 pines)<\/td>\n<\/tr>\n<tr>\n<td>Caracter\u00edsticas f\u00edsicas<\/td>\n<\/tr>\n<tr>\n<td>Tipo de gabinete : pl\u00e1stico<\/td>\n<\/tr>\n<tr>\n<td>Peso del producto : 35.3 g<\/td>\n<\/tr>\n<tr>\n<td>Longitud del producto : 24.5 cm<\/td>\n<\/tr>\n<tr>\n<td>Color : negro<\/td>\n<\/tr>\n<tr>\n<td>Ancho del producto : 40 mm<\/td>\n<\/tr>\n<tr>\n<td>Altura del producto : 1.5 cm<\/td>\n<\/tr>\n<\/table>\n","protected":false},"excerpt":{"rendered":"<p>El adaptador\/convertidor\u00a0hdmi a vga, hd2vgae2 permite convertir la se\u00f1al hdmi de un laptop, ultrabook, computadora\u00a0de escritorio\u00a0a un proyector o pantalla vga hd15, al tiempo que se ahorra el costo de actualizar su monitor a uno compatible con hdmi. Este convertidor\u00a0hdmi a vga, est\u00e1 dirigido a dar salida al contenido generado por el usuario, tal como documentos de trabajo y presentaciones. Este adaptador tambi\u00e9n puede incrementar\u00a0 su productividad al extender el escritorio de su pc\u00a0a un monitor secundario, multiplicando por dos su espacio de trabajo. Con soporte para resoluciones de hasta 1080p (1920&#215;1200) y sin necesidad de usar adaptadores de alimentaci\u00f3n externos, este adaptador activo hdmi a vga hd15 ofrece una soluci\u00f3n compacta y port\u00e1til. \u00bfbusca un conversor hdmi a vga para chromebook? utilice un hd2vgamicro. El adaptador\/convertidor\u00a0hdmi a vga, hd2vgae2 cuenta con soporte t\u00e9cnico gratuito de por vida con el respaldo de startech.Com.<\/p>\n","protected":false},"featured_media":212530,"comment_status":"open","ping_status":"open","template":"","meta":[],"product_cat":[1485,1492],"product_tag":[1590],"acf":[],"yoast_head":"<!-- This site is optimized with the Yoast SEO plugin v21.7 - https:\/\/yoast.com\/wordpress\/plugins\/seo\/ -->\n<title>[ Startech.com ] &#129351; Hd2vgae2 Adaptador De Video Hdmi A Vga Hd15 - 1920x1200 - 1080p - Mod.<\/title>\n<meta name=\"description\" content=\"Compra Hd2vgae2 Adaptador De Video Hdmi A Vga Hd15 - 1920x1200 - 1080p - Mod. + Env\u00edo a domicilio + Pago seguro + Garant\u00eda\" \/>\n<meta name=\"robots\" content=\"index, follow, max-snippet:-1, max-image-preview:large, max-video-preview:-1\" \/>\n<link rel=\"canonical\" href=\"https:\/\/compuviper.mx\/tienda\/producto\/startech-com-hd2vgae2-adaptador-de-video-hdmi-a-vga-hd15-1920x1200-1080p-mod\/\" \/>\n<meta property=\"og:locale\" content=\"es_MX\" \/>\n<meta property=\"og:type\" content=\"article\" \/>\n<meta property=\"og:title\" content=\"[ Startech.com ] &#129351; Hd2vgae2 Adaptador De Video Hdmi A Vga Hd15 - 1920x1200 - 1080p - Mod.\" \/>\n<meta property=\"og:description\" content=\"Compra Hd2vgae2 Adaptador De Video Hdmi A Vga Hd15 - 1920x1200 - 1080p - Mod. + Env\u00edo a domicilio + Pago seguro + Garant\u00eda\" \/>\n<meta property=\"og:url\" content=\"https:\/\/compuviper.mx\/tienda\/producto\/startech-com-hd2vgae2-adaptador-de-video-hdmi-a-vga-hd15-1920x1200-1080p-mod\/\" \/>\n<meta property=\"og:site_name\" content=\"Compuviper\" \/>\n<meta property=\"article:publisher\" content=\"https:\/\/www.facebook.com\/compuviper\" \/>\n<meta property=\"og:image\" content=\"https:\/\/compuviper.mx\/tienda\/wp-content\/uploads\/2023\/12\/Adaptador-de-video-hdmi\u00ae-a-vga-hd15-1920x1200-1080p-startech.com-mod.-hd2vgae2.jpg\" \/>\n\t<meta property=\"og:image:width\" content=\"200\" \/>\n\t<meta property=\"og:image:height\" content=\"200\" \/>\n\t<meta property=\"og:image:type\" content=\"image\/jpeg\" \/>\n<meta name=\"twitter:card\" content=\"summary_large_image\" \/>\n<meta name=\"twitter:label1\" content=\"Precio\" \/>\n\t<meta name=\"twitter:data1\" content=\"&#36;653 con IVA\" \/>\n\t<meta name=\"twitter:label2\" content=\"Availability\" \/>\n\t<meta name=\"twitter:data2\" content=\"In stock\" \/>\n<script type=\"application\/ld+json\" class=\"yoast-schema-graph\">{\"@context\":\"https:\/\/schema.org\",\"@graph\":[{\"@type\":\"WebPage\",\"@id\":\"https:\/\/compuviper.mx\/tienda\/producto\/startech-com-hd2vgae2-adaptador-de-video-hdmi-a-vga-hd15-1920x1200-1080p-mod\/\",\"url\":\"https:\/\/compuviper.mx\/tienda\/producto\/startech-com-hd2vgae2-adaptador-de-video-hdmi-a-vga-hd15-1920x1200-1080p-mod\/\",\"name\":\"[ Startech.com ] &#129351; Hd2vgae2 Adaptador De Video Hdmi A Vga Hd15 - 1920x1200 - 1080p - Mod.\",\"isPartOf\":{\"@id\":\"https:\/\/compuviper.mx\/tienda\/#website\"},\"datePublished\":\"2026-04-02T05:31:55+00:00\",\"dateModified\":\"2026-04-02T05:31:55+00:00\",\"description\":\"Compra Hd2vgae2 Adaptador De Video Hdmi A Vga Hd15 - 1920x1200 - 1080p - Mod. + Env\u00edo a domicilio + Pago seguro + Garant\u00eda\",\"breadcrumb\":{\"@id\":\"https:\/\/compuviper.mx\/tienda\/producto\/startech-com-hd2vgae2-adaptador-de-video-hdmi-a-vga-hd15-1920x1200-1080p-mod\/#breadcrumb\"},\"inLanguage\":\"es-MX\",\"potentialAction\":[{\"@type\":\"ReadAction\",\"target\":[\"https:\/\/compuviper.mx\/tienda\/producto\/startech-com-hd2vgae2-adaptador-de-video-hdmi-a-vga-hd15-1920x1200-1080p-mod\/\"]}]},{\"@type\":\"BreadcrumbList\",\"@id\":\"https:\/\/compuviper.mx\/tienda\/producto\/startech-com-hd2vgae2-adaptador-de-video-hdmi-a-vga-hd15-1920x1200-1080p-mod\/#breadcrumb\",\"itemListElement\":[{\"@type\":\"ListItem\",\"position\":1,\"name\":\"Inicio\",\"item\":\"https:\/\/compuviper.mx\/tienda\/\"},{\"@type\":\"ListItem\",\"position\":2,\"name\":\"Productos\",\"item\":\"https:\/\/compuviper.mx\/tienda\/productos\/\"},{\"@type\":\"ListItem\",\"position\":3,\"name\":\"Accesorios\",\"item\":\"https:\/\/compuviper.mx\/tienda\/categoria-producto\/accesorios\/\"},{\"@type\":\"ListItem\",\"position\":4,\"name\":\"Adaptadores\",\"item\":\"https:\/\/compuviper.mx\/tienda\/categoria-producto\/accesorios\/adaptadores\/\"},{\"@type\":\"ListItem\",\"position\":5,\"name\":\"Startech.com Hd2vgae2 Adaptador De Video Hdmi A Vga Hd15 &#8211; 1920&#215;1200 &#8211; 1080p &#8211; Mod.\"}]},{\"@type\":\"WebSite\",\"@id\":\"https:\/\/compuviper.mx\/tienda\/#website\",\"url\":\"https:\/\/compuviper.mx\/tienda\/\",\"name\":\"Compuviper\",\"description\":\"Proveedor de Computadoras, Laptops, Servidores, Monitores, Puntos de Venta, Teclados,   Impresoras, T\u00f3ner, C\u00e1maras de Seguridad y m\u00e1s en tu tienda en l\u00ednea\",\"publisher\":{\"@id\":\"https:\/\/compuviper.mx\/tienda\/#organization\"},\"potentialAction\":[{\"@type\":\"SearchAction\",\"target\":{\"@type\":\"EntryPoint\",\"urlTemplate\":\"https:\/\/compuviper.mx\/tienda\/?s={search_term_string}\"},\"query-input\":\"required name=search_term_string\"}],\"inLanguage\":\"es-MX\"},{\"@type\":\"Organization\",\"@id\":\"https:\/\/compuviper.mx\/tienda\/#organization\",\"name\":\"Compuviper\",\"url\":\"https:\/\/compuviper.mx\/tienda\/\",\"logo\":{\"@type\":\"ImageObject\",\"inLanguage\":\"es-MX\",\"@id\":\"https:\/\/compuviper.mx\/tienda\/#\/schema\/logo\/image\/\",\"url\":\"https:\/\/compuviper.mx\/tienda\/wp-content\/uploads\/2021\/08\/Logo-Compuviper-10.png\",\"contentUrl\":\"https:\/\/compuviper.mx\/tienda\/wp-content\/uploads\/2021\/08\/Logo-Compuviper-10.png\",\"width\":1000,\"height\":500,\"caption\":\"Compuviper\"},\"image\":{\"@id\":\"https:\/\/compuviper.mx\/tienda\/#\/schema\/logo\/image\/\"},\"sameAs\":[\"https:\/\/www.facebook.com\/compuviper\",\"https:\/\/www.youtube.com\/channel\/UCf73dERp9Y3cfOq7q8BhLjA?view_as=subscriber\"]}]}<\/script>\n<meta property=\"product:brand\" content=\"STARTECH.COM\" \/>\n<meta property=\"product:price:amount\" content=\"653\" \/>\n<meta property=\"product:price:currency\" content=\"MXN\" \/>\n<meta property=\"og:availability\" content=\"instock\" \/>\n<meta property=\"product:availability\" content=\"instock\" \/>\n<meta property=\"product:retailer_item_id\" content=\"HD2VGAE2\" \/>\n<meta property=\"product:condition\" content=\"new\" \/>\n<!-- \/ Yoast SEO plugin. -->","yoast_head_json":{"title":"[ Startech.com ] &#129351; Hd2vgae2 Adaptador De Video Hdmi A Vga Hd15 - 1920x1200 - 1080p - Mod.","description":"Compra Hd2vgae2 Adaptador De Video Hdmi A Vga Hd15 - 1920x1200 - 1080p - Mod. + Env\u00edo a domicilio + Pago seguro + Garant\u00eda","robots":{"index":"index","follow":"follow","max-snippet":"max-snippet:-1","max-image-preview":"max-image-preview:large","max-video-preview":"max-video-preview:-1"},"canonical":"https:\/\/compuviper.mx\/tienda\/producto\/startech-com-hd2vgae2-adaptador-de-video-hdmi-a-vga-hd15-1920x1200-1080p-mod\/","og_locale":"es_MX","og_type":"article","og_title":"[ Startech.com ] &#129351; Hd2vgae2 Adaptador De Video Hdmi A Vga Hd15 - 1920x1200 - 1080p - Mod.","og_description":"Compra Hd2vgae2 Adaptador De Video Hdmi A Vga Hd15 - 1920x1200 - 1080p - Mod. + Env\u00edo a domicilio + Pago seguro + Garant\u00eda","og_url":"https:\/\/compuviper.mx\/tienda\/producto\/startech-com-hd2vgae2-adaptador-de-video-hdmi-a-vga-hd15-1920x1200-1080p-mod\/","og_site_name":"Compuviper","article_publisher":"https:\/\/www.facebook.com\/compuviper","og_image":[{"width":200,"height":200,"url":"https:\/\/compuviper.mx\/tienda\/wp-content\/uploads\/2023\/12\/Adaptador-de-video-hdmi\u00ae-a-vga-hd15-1920x1200-1080p-startech.com-mod.-hd2vgae2.jpg","type":"image\/jpeg"}],"twitter_card":"summary_large_image","twitter_misc":{"Precio":"&#36;653 con IVA","Availability":"In stock"},"schema":{"@context":"https:\/\/schema.org","@graph":[{"@type":"WebPage","@id":"https:\/\/compuviper.mx\/tienda\/producto\/startech-com-hd2vgae2-adaptador-de-video-hdmi-a-vga-hd15-1920x1200-1080p-mod\/","url":"https:\/\/compuviper.mx\/tienda\/producto\/startech-com-hd2vgae2-adaptador-de-video-hdmi-a-vga-hd15-1920x1200-1080p-mod\/","name":"[ Startech.com ] &#129351; Hd2vgae2 Adaptador De Video Hdmi A Vga Hd15 - 1920x1200 - 1080p - Mod.","isPartOf":{"@id":"https:\/\/compuviper.mx\/tienda\/#website"},"datePublished":"2026-04-02T05:31:55+00:00","dateModified":"2026-04-02T05:31:55+00:00","description":"Compra Hd2vgae2 Adaptador De Video Hdmi A Vga Hd15 - 1920x1200 - 1080p - Mod. + Env\u00edo a domicilio + Pago seguro + Garant\u00eda","breadcrumb":{"@id":"https:\/\/compuviper.mx\/tienda\/producto\/startech-com-hd2vgae2-adaptador-de-video-hdmi-a-vga-hd15-1920x1200-1080p-mod\/#breadcrumb"},"inLanguage":"es-MX","potentialAction":[{"@type":"ReadAction","target":["https:\/\/compuviper.mx\/tienda\/producto\/startech-com-hd2vgae2-adaptador-de-video-hdmi-a-vga-hd15-1920x1200-1080p-mod\/"]}]},{"@type":"BreadcrumbList","@id":"https:\/\/compuviper.mx\/tienda\/producto\/startech-com-hd2vgae2-adaptador-de-video-hdmi-a-vga-hd15-1920x1200-1080p-mod\/#breadcrumb","itemListElement":[{"@type":"ListItem","position":1,"name":"Inicio","item":"https:\/\/compuviper.mx\/tienda\/"},{"@type":"ListItem","position":2,"name":"Productos","item":"https:\/\/compuviper.mx\/tienda\/productos\/"},{"@type":"ListItem","position":3,"name":"Accesorios","item":"https:\/\/compuviper.mx\/tienda\/categoria-producto\/accesorios\/"},{"@type":"ListItem","position":4,"name":"Adaptadores","item":"https:\/\/compuviper.mx\/tienda\/categoria-producto\/accesorios\/adaptadores\/"},{"@type":"ListItem","position":5,"name":"Startech.com Hd2vgae2 Adaptador De Video Hdmi A Vga Hd15 &#8211; 1920&#215;1200 &#8211; 1080p &#8211; Mod."}]},{"@type":"WebSite","@id":"https:\/\/compuviper.mx\/tienda\/#website","url":"https:\/\/compuviper.mx\/tienda\/","name":"Compuviper","description":"Proveedor de Computadoras, Laptops, Servidores, Monitores, Puntos de Venta, Teclados,   Impresoras, T\u00f3ner, C\u00e1maras de Seguridad y m\u00e1s en tu tienda en l\u00ednea","publisher":{"@id":"https:\/\/compuviper.mx\/tienda\/#organization"},"potentialAction":[{"@type":"SearchAction","target":{"@type":"EntryPoint","urlTemplate":"https:\/\/compuviper.mx\/tienda\/?s={search_term_string}"},"query-input":"required name=search_term_string"}],"inLanguage":"es-MX"},{"@type":"Organization","@id":"https:\/\/compuviper.mx\/tienda\/#organization","name":"Compuviper","url":"https:\/\/compuviper.mx\/tienda\/","logo":{"@type":"ImageObject","inLanguage":"es-MX","@id":"https:\/\/compuviper.mx\/tienda\/#\/schema\/logo\/image\/","url":"https:\/\/compuviper.mx\/tienda\/wp-content\/uploads\/2021\/08\/Logo-Compuviper-10.png","contentUrl":"https:\/\/compuviper.mx\/tienda\/wp-content\/uploads\/2021\/08\/Logo-Compuviper-10.png","width":1000,"height":500,"caption":"Compuviper"},"image":{"@id":"https:\/\/compuviper.mx\/tienda\/#\/schema\/logo\/image\/"},"sameAs":["https:\/\/www.facebook.com\/compuviper","https:\/\/www.youtube.com\/channel\/UCf73dERp9Y3cfOq7q8BhLjA?view_as=subscriber"]}]},"product_brand":"STARTECH.COM","product_price_amount":"653","product_price_currency":"MXN","og_availability":"instock","product_availability":"instock","product_retailer_item_id":"HD2VGAE2","product_condition":"new"},"_links":{"self":[{"href":"https:\/\/compuviper.mx\/tienda\/wp-json\/wp\/v2\/product\/212529"}],"collection":[{"href":"https:\/\/compuviper.mx\/tienda\/wp-json\/wp\/v2\/product"}],"about":[{"href":"https:\/\/compuviper.mx\/tienda\/wp-json\/wp\/v2\/types\/product"}],"replies":[{"embeddable":true,"href":"https:\/\/compuviper.mx\/tienda\/wp-json\/wp\/v2\/comments?post=212529"}],"wp:featuredmedia":[{"embeddable":true,"href":"https:\/\/compuviper.mx\/tienda\/wp-json\/wp\/v2\/media\/212530"}],"wp:attachment":[{"href":"https:\/\/compuviper.mx\/tienda\/wp-json\/wp\/v2\/media?parent=212529"}],"wp:term":[{"taxonomy":"product_cat","embeddable":true,"href":"https:\/\/compuviper.mx\/tienda\/wp-json\/wp\/v2\/product_cat?post=212529"},{"taxonomy":"product_tag","embeddable":true,"href":"https:\/\/compuviper.mx\/tienda\/wp-json\/wp\/v2\/product_tag?post=212529"}],"curies":[{"name":"wp","href":"https:\/\/api.w.org\/{rel}","templated":true}]}}