{"id":212527,"date":"2026-04-01T23:31:55","date_gmt":"2026-04-02T05:31:55","guid":{"rendered":"https:\/\/compuviper.mx\/tienda\/producto\/startech-com-mdp2hdmi-adaptador-de-video-mini-displayport-a-hdmi-cable-convertidor-hembra-hdmi-macho-mini-dp-hasta-1920x1200-pasivo-mod\/"},"modified":"2026-04-01T23:31:55","modified_gmt":"2026-04-02T05:31:55","slug":"startech-com-mdp2hdmi-adaptador-de-video-mini-displayport-a-hdmi-cable-convertidor-hembra-hdmi-macho-mini-dp-hasta-1920x1200-pasivo-mod","status":"publish","type":"product","link":"https:\/\/compuviper.mx\/tienda\/producto\/startech-com-mdp2hdmi-adaptador-de-video-mini-displayport-a-hdmi-cable-convertidor-hembra-hdmi-macho-mini-dp-hasta-1920x1200-pasivo-mod\/","title":{"rendered":"Startech.com Mdp2hdmi Adaptador De Video Mini Displayport A Hdmi &#8211; Cable Convertidor &#8211; Hembra Hdmi &#8211; Macho Mini Dp &#8211; Hasta 1920&#215;1200 &#8211; Pasivo &#8211;  Mod."},"content":{"rendered":"<table class=\"descripcion\">\n<tr>\n<td>Hardware<\/td>\n<\/tr>\n<tr>\n<td>Soporte de audio : s\u00ed<\/td>\n<\/tr>\n<tr>\n<td>Salida a\/v : hdmi<\/td>\n<\/tr>\n<tr>\n<td>Entrada a\/v : mini displayport &#8211; 1.2<\/td>\n<\/tr>\n<tr>\n<td>Active or passive adapter : pasivo<\/td>\n<\/tr>\n<tr>\n<td>Observaciones \/ requisitos<\/td>\n<\/tr>\n<tr>\n<td>Requerimientos del sistema y cables  : requiere un puerto dp++ (displayport++) en la tarjeta de video o en la fuente de video (debe tener soporte para el paso de se\u00f1ales dvi o hdmi)<\/td>\n<\/tr>\n<tr>\n<td>Rendimiento<\/td>\n<\/tr>\n<tr>\n<td>Especificaciones de audio : sonido envolvente 5.1<\/td>\n<\/tr>\n<tr>\n<td>Resoluci\u00f3n digital m\u00e1xima : 1920&#215;1200 \/ 1080p<\/td>\n<\/tr>\n<tr>\n<td>Contenido de la caja<\/td>\n<\/tr>\n<tr>\n<td>Incluido en la caja : conversor mini displayport a hdmi<\/td>\n<\/tr>\n<tr>\n<td>Conector(es)<\/td>\n<\/tr>\n<tr>\n<td>Conector b : hdmi (19 pines)<\/td>\n<\/tr>\n<tr>\n<td>Conector a : mini displayport (20 pines)<\/td>\n<\/tr>\n<tr>\n<td>Caracter\u00edsticas f\u00edsicas<\/td>\n<\/tr>\n<tr>\n<td>Peso del producto : 20 g<\/td>\n<\/tr>\n<tr>\n<td>Longitud del producto : 76.2 mm<\/td>\n<\/tr>\n<tr>\n<td>Longitud del cable : 130 mm<\/td>\n<\/tr>\n<tr>\n<td>Color : negro<\/td>\n<\/tr>\n<tr>\n<td>Ancho del producto : 40 mm<\/td>\n<\/tr>\n<tr>\n<td>Altura del producto : 1.5 cm<\/td>\n<\/tr>\n<\/table>\n","protected":false},"excerpt":{"rendered":"<p>Este adaptador mini displayport a hdmi le permite conectar su computadora equipada\u00a0con mdp a un televisor, proyector o monitor hdmi. Funciona con computadoras\u00a0equipadas con mini displayport, como su ultrabook o cualquier microsoft surface pro equipada con mini displayport. El adaptador es compatible con puertos de e\/s mini displayport, as\u00ed como thunderbolt 1 y thunderbolt 2, adem\u00e1s de permitir conectividad plug-and-play, lo cual garantiza una configuraci\u00f3n sencilla. Tambien incluye un conector hembra hdmi compatible con audio 7.1, lo cual facilita la total compatibilidad de su computadora equipada con mdp con un televisor o proyector hdmi de uso dom\u00e9stico o en la oficina. Su\u00a0dise\u00f1o ultraport\u00e1til\u00a0tambi\u00e9n lo convierte en el accesorio perfecto\u00a0para aplicaciones byod (trae tu propio dispositivo) en la oficina. Compatible con resoluciones de video de hasta 1080p. El modelo mdp2hdmi cuenta con soporte t\u00e9cnico gratuito de por vida.<\/p>\n","protected":false},"featured_media":212528,"comment_status":"open","ping_status":"open","template":"","meta":[],"product_cat":[1485,1492],"product_tag":[1590],"acf":[],"yoast_head":"<!-- This site is optimized with the Yoast SEO plugin v21.7 - https:\/\/yoast.com\/wordpress\/plugins\/seo\/ -->\n<title>[ Startech.com ] &#129351; Mdp2hdmi Adaptador De Video Mini Displayport A Hdmi - Cable Convertidor - Hembra Hdmi - Macho Mini Dp - Hasta 1920x1200 - Pasivo - Mod.<\/title>\n<meta name=\"description\" content=\"Compra Mdp2hdmi Adaptador De Video Mini Displayport A Hdmi - Cable Convertidor - Hembra Hdmi - Macho Mini Dp - Hasta 1920x1200 - Pasivo - Mod. + Env\u00edo a domicilio + Pago seguro + Garant\u00eda\" \/>\n<meta name=\"robots\" content=\"index, follow, max-snippet:-1, max-image-preview:large, max-video-preview:-1\" \/>\n<link rel=\"canonical\" href=\"https:\/\/compuviper.mx\/tienda\/producto\/startech-com-mdp2hdmi-adaptador-de-video-mini-displayport-a-hdmi-cable-convertidor-hembra-hdmi-macho-mini-dp-hasta-1920x1200-pasivo-mod\/\" \/>\n<meta property=\"og:locale\" content=\"es_MX\" \/>\n<meta property=\"og:type\" content=\"article\" \/>\n<meta property=\"og:title\" content=\"[ Startech.com ] &#129351; Mdp2hdmi Adaptador De Video Mini Displayport A Hdmi - Cable Convertidor - Hembra Hdmi - Macho Mini Dp - Hasta 1920x1200 - Pasivo - Mod.\" \/>\n<meta property=\"og:description\" content=\"Compra Mdp2hdmi Adaptador De Video Mini Displayport A Hdmi - Cable Convertidor - Hembra Hdmi - Macho Mini Dp - Hasta 1920x1200 - Pasivo - Mod. + Env\u00edo a domicilio + Pago seguro + Garant\u00eda\" \/>\n<meta property=\"og:url\" content=\"https:\/\/compuviper.mx\/tienda\/producto\/startech-com-mdp2hdmi-adaptador-de-video-mini-displayport-a-hdmi-cable-convertidor-hembra-hdmi-macho-mini-dp-hasta-1920x1200-pasivo-mod\/\" \/>\n<meta property=\"og:site_name\" content=\"Compuviper\" \/>\n<meta property=\"article:publisher\" content=\"https:\/\/www.facebook.com\/compuviper\" \/>\n<meta property=\"og:image\" content=\"https:\/\/compuviper.mx\/tienda\/wp-content\/uploads\/2023\/12\/Adaptador-de-video-mini-displayport-a-hdmi-cable-convertidor-hembra-hdmi-macho-mini-dp-hasta-1920x1200-pasivo-startech.com-mod.-mdp2hdmi.jpg\" \/>\n\t<meta property=\"og:image:width\" content=\"200\" \/>\n\t<meta property=\"og:image:height\" content=\"200\" \/>\n\t<meta property=\"og:image:type\" content=\"image\/jpeg\" \/>\n<meta name=\"twitter:card\" content=\"summary_large_image\" \/>\n<meta name=\"twitter:label1\" content=\"Precio\" \/>\n\t<meta name=\"twitter:data1\" content=\"&#36;274 con IVA\" \/>\n\t<meta name=\"twitter:label2\" content=\"Availability\" \/>\n\t<meta name=\"twitter:data2\" content=\"Out of stock\" \/>\n<script type=\"application\/ld+json\" class=\"yoast-schema-graph\">{\"@context\":\"https:\/\/schema.org\",\"@graph\":[{\"@type\":\"WebPage\",\"@id\":\"https:\/\/compuviper.mx\/tienda\/producto\/startech-com-mdp2hdmi-adaptador-de-video-mini-displayport-a-hdmi-cable-convertidor-hembra-hdmi-macho-mini-dp-hasta-1920x1200-pasivo-mod\/\",\"url\":\"https:\/\/compuviper.mx\/tienda\/producto\/startech-com-mdp2hdmi-adaptador-de-video-mini-displayport-a-hdmi-cable-convertidor-hembra-hdmi-macho-mini-dp-hasta-1920x1200-pasivo-mod\/\",\"name\":\"[ Startech.com ] &#129351; Mdp2hdmi Adaptador De Video Mini Displayport A Hdmi - Cable Convertidor - Hembra Hdmi - Macho Mini Dp - Hasta 1920x1200 - Pasivo - Mod.\",\"isPartOf\":{\"@id\":\"https:\/\/compuviper.mx\/tienda\/#website\"},\"datePublished\":\"2026-04-02T05:31:55+00:00\",\"dateModified\":\"2026-04-02T05:31:55+00:00\",\"description\":\"Compra Mdp2hdmi Adaptador De Video Mini Displayport A Hdmi - Cable Convertidor - Hembra Hdmi - Macho Mini Dp - Hasta 1920x1200 - Pasivo - Mod. + Env\u00edo a domicilio + Pago seguro + Garant\u00eda\",\"breadcrumb\":{\"@id\":\"https:\/\/compuviper.mx\/tienda\/producto\/startech-com-mdp2hdmi-adaptador-de-video-mini-displayport-a-hdmi-cable-convertidor-hembra-hdmi-macho-mini-dp-hasta-1920x1200-pasivo-mod\/#breadcrumb\"},\"inLanguage\":\"es-MX\",\"potentialAction\":[{\"@type\":\"ReadAction\",\"target\":[\"https:\/\/compuviper.mx\/tienda\/producto\/startech-com-mdp2hdmi-adaptador-de-video-mini-displayport-a-hdmi-cable-convertidor-hembra-hdmi-macho-mini-dp-hasta-1920x1200-pasivo-mod\/\"]}]},{\"@type\":\"BreadcrumbList\",\"@id\":\"https:\/\/compuviper.mx\/tienda\/producto\/startech-com-mdp2hdmi-adaptador-de-video-mini-displayport-a-hdmi-cable-convertidor-hembra-hdmi-macho-mini-dp-hasta-1920x1200-pasivo-mod\/#breadcrumb\",\"itemListElement\":[{\"@type\":\"ListItem\",\"position\":1,\"name\":\"Inicio\",\"item\":\"https:\/\/compuviper.mx\/tienda\/\"},{\"@type\":\"ListItem\",\"position\":2,\"name\":\"Productos\",\"item\":\"https:\/\/compuviper.mx\/tienda\/productos\/\"},{\"@type\":\"ListItem\",\"position\":3,\"name\":\"Accesorios\",\"item\":\"https:\/\/compuviper.mx\/tienda\/categoria-producto\/accesorios\/\"},{\"@type\":\"ListItem\",\"position\":4,\"name\":\"Adaptadores\",\"item\":\"https:\/\/compuviper.mx\/tienda\/categoria-producto\/accesorios\/adaptadores\/\"},{\"@type\":\"ListItem\",\"position\":5,\"name\":\"Startech.com Mdp2hdmi Adaptador De Video Mini Displayport A Hdmi &#8211; Cable Convertidor &#8211; Hembra Hdmi &#8211; Macho Mini Dp &#8211; Hasta 1920&#215;1200 &#8211; Pasivo &#8211; Mod.\"}]},{\"@type\":\"WebSite\",\"@id\":\"https:\/\/compuviper.mx\/tienda\/#website\",\"url\":\"https:\/\/compuviper.mx\/tienda\/\",\"name\":\"Compuviper\",\"description\":\"Proveedor de Computadoras, Laptops, Servidores, Monitores, Puntos de Venta, Teclados,   Impresoras, T\u00f3ner, C\u00e1maras de Seguridad y m\u00e1s en tu tienda en l\u00ednea\",\"publisher\":{\"@id\":\"https:\/\/compuviper.mx\/tienda\/#organization\"},\"potentialAction\":[{\"@type\":\"SearchAction\",\"target\":{\"@type\":\"EntryPoint\",\"urlTemplate\":\"https:\/\/compuviper.mx\/tienda\/?s={search_term_string}\"},\"query-input\":\"required name=search_term_string\"}],\"inLanguage\":\"es-MX\"},{\"@type\":\"Organization\",\"@id\":\"https:\/\/compuviper.mx\/tienda\/#organization\",\"name\":\"Compuviper\",\"url\":\"https:\/\/compuviper.mx\/tienda\/\",\"logo\":{\"@type\":\"ImageObject\",\"inLanguage\":\"es-MX\",\"@id\":\"https:\/\/compuviper.mx\/tienda\/#\/schema\/logo\/image\/\",\"url\":\"https:\/\/compuviper.mx\/tienda\/wp-content\/uploads\/2021\/08\/Logo-Compuviper-10.png\",\"contentUrl\":\"https:\/\/compuviper.mx\/tienda\/wp-content\/uploads\/2021\/08\/Logo-Compuviper-10.png\",\"width\":1000,\"height\":500,\"caption\":\"Compuviper\"},\"image\":{\"@id\":\"https:\/\/compuviper.mx\/tienda\/#\/schema\/logo\/image\/\"},\"sameAs\":[\"https:\/\/www.facebook.com\/compuviper\",\"https:\/\/www.youtube.com\/channel\/UCf73dERp9Y3cfOq7q8BhLjA?view_as=subscriber\"]}]}<\/script>\n<meta property=\"product:brand\" content=\"STARTECH.COM\" \/>\n<meta property=\"product:price:amount\" content=\"274\" \/>\n<meta property=\"product:price:currency\" content=\"MXN\" \/>\n<meta property=\"og:availability\" content=\"out of stock\" \/>\n<meta property=\"product:availability\" content=\"out of stock\" \/>\n<meta property=\"product:retailer_item_id\" content=\"MDP2HDMI\" \/>\n<meta property=\"product:condition\" content=\"new\" \/>\n<!-- \/ Yoast SEO plugin. -->","yoast_head_json":{"title":"[ Startech.com ] &#129351; Mdp2hdmi Adaptador De Video Mini Displayport A Hdmi - Cable Convertidor - Hembra Hdmi - Macho Mini Dp - Hasta 1920x1200 - Pasivo - Mod.","description":"Compra Mdp2hdmi Adaptador De Video Mini Displayport A Hdmi - Cable Convertidor - Hembra Hdmi - Macho Mini Dp - Hasta 1920x1200 - Pasivo - Mod. + Env\u00edo a domicilio + Pago seguro + Garant\u00eda","robots":{"index":"index","follow":"follow","max-snippet":"max-snippet:-1","max-image-preview":"max-image-preview:large","max-video-preview":"max-video-preview:-1"},"canonical":"https:\/\/compuviper.mx\/tienda\/producto\/startech-com-mdp2hdmi-adaptador-de-video-mini-displayport-a-hdmi-cable-convertidor-hembra-hdmi-macho-mini-dp-hasta-1920x1200-pasivo-mod\/","og_locale":"es_MX","og_type":"article","og_title":"[ Startech.com ] &#129351; Mdp2hdmi Adaptador De Video Mini Displayport A Hdmi - Cable Convertidor - Hembra Hdmi - Macho Mini Dp - Hasta 1920x1200 - Pasivo - Mod.","og_description":"Compra Mdp2hdmi Adaptador De Video Mini Displayport A Hdmi - Cable Convertidor - Hembra Hdmi - Macho Mini Dp - Hasta 1920x1200 - Pasivo - Mod. + Env\u00edo a domicilio + Pago seguro + Garant\u00eda","og_url":"https:\/\/compuviper.mx\/tienda\/producto\/startech-com-mdp2hdmi-adaptador-de-video-mini-displayport-a-hdmi-cable-convertidor-hembra-hdmi-macho-mini-dp-hasta-1920x1200-pasivo-mod\/","og_site_name":"Compuviper","article_publisher":"https:\/\/www.facebook.com\/compuviper","og_image":[{"width":200,"height":200,"url":"https:\/\/compuviper.mx\/tienda\/wp-content\/uploads\/2023\/12\/Adaptador-de-video-mini-displayport-a-hdmi-cable-convertidor-hembra-hdmi-macho-mini-dp-hasta-1920x1200-pasivo-startech.com-mod.-mdp2hdmi.jpg","type":"image\/jpeg"}],"twitter_card":"summary_large_image","twitter_misc":{"Precio":"&#36;274 con IVA","Availability":"Out of stock"},"schema":{"@context":"https:\/\/schema.org","@graph":[{"@type":"WebPage","@id":"https:\/\/compuviper.mx\/tienda\/producto\/startech-com-mdp2hdmi-adaptador-de-video-mini-displayport-a-hdmi-cable-convertidor-hembra-hdmi-macho-mini-dp-hasta-1920x1200-pasivo-mod\/","url":"https:\/\/compuviper.mx\/tienda\/producto\/startech-com-mdp2hdmi-adaptador-de-video-mini-displayport-a-hdmi-cable-convertidor-hembra-hdmi-macho-mini-dp-hasta-1920x1200-pasivo-mod\/","name":"[ Startech.com ] &#129351; Mdp2hdmi Adaptador De Video Mini Displayport A Hdmi - Cable Convertidor - Hembra Hdmi - Macho Mini Dp - Hasta 1920x1200 - Pasivo - Mod.","isPartOf":{"@id":"https:\/\/compuviper.mx\/tienda\/#website"},"datePublished":"2026-04-02T05:31:55+00:00","dateModified":"2026-04-02T05:31:55+00:00","description":"Compra Mdp2hdmi Adaptador De Video Mini Displayport A Hdmi - Cable Convertidor - Hembra Hdmi - Macho Mini Dp - Hasta 1920x1200 - Pasivo - Mod. + Env\u00edo a domicilio + Pago seguro + Garant\u00eda","breadcrumb":{"@id":"https:\/\/compuviper.mx\/tienda\/producto\/startech-com-mdp2hdmi-adaptador-de-video-mini-displayport-a-hdmi-cable-convertidor-hembra-hdmi-macho-mini-dp-hasta-1920x1200-pasivo-mod\/#breadcrumb"},"inLanguage":"es-MX","potentialAction":[{"@type":"ReadAction","target":["https:\/\/compuviper.mx\/tienda\/producto\/startech-com-mdp2hdmi-adaptador-de-video-mini-displayport-a-hdmi-cable-convertidor-hembra-hdmi-macho-mini-dp-hasta-1920x1200-pasivo-mod\/"]}]},{"@type":"BreadcrumbList","@id":"https:\/\/compuviper.mx\/tienda\/producto\/startech-com-mdp2hdmi-adaptador-de-video-mini-displayport-a-hdmi-cable-convertidor-hembra-hdmi-macho-mini-dp-hasta-1920x1200-pasivo-mod\/#breadcrumb","itemListElement":[{"@type":"ListItem","position":1,"name":"Inicio","item":"https:\/\/compuviper.mx\/tienda\/"},{"@type":"ListItem","position":2,"name":"Productos","item":"https:\/\/compuviper.mx\/tienda\/productos\/"},{"@type":"ListItem","position":3,"name":"Accesorios","item":"https:\/\/compuviper.mx\/tienda\/categoria-producto\/accesorios\/"},{"@type":"ListItem","position":4,"name":"Adaptadores","item":"https:\/\/compuviper.mx\/tienda\/categoria-producto\/accesorios\/adaptadores\/"},{"@type":"ListItem","position":5,"name":"Startech.com Mdp2hdmi Adaptador De Video Mini Displayport A Hdmi &#8211; Cable Convertidor &#8211; Hembra Hdmi &#8211; Macho Mini Dp &#8211; Hasta 1920&#215;1200 &#8211; Pasivo &#8211; Mod."}]},{"@type":"WebSite","@id":"https:\/\/compuviper.mx\/tienda\/#website","url":"https:\/\/compuviper.mx\/tienda\/","name":"Compuviper","description":"Proveedor de Computadoras, Laptops, Servidores, Monitores, Puntos de Venta, Teclados,   Impresoras, T\u00f3ner, C\u00e1maras de Seguridad y m\u00e1s en tu tienda en l\u00ednea","publisher":{"@id":"https:\/\/compuviper.mx\/tienda\/#organization"},"potentialAction":[{"@type":"SearchAction","target":{"@type":"EntryPoint","urlTemplate":"https:\/\/compuviper.mx\/tienda\/?s={search_term_string}"},"query-input":"required name=search_term_string"}],"inLanguage":"es-MX"},{"@type":"Organization","@id":"https:\/\/compuviper.mx\/tienda\/#organization","name":"Compuviper","url":"https:\/\/compuviper.mx\/tienda\/","logo":{"@type":"ImageObject","inLanguage":"es-MX","@id":"https:\/\/compuviper.mx\/tienda\/#\/schema\/logo\/image\/","url":"https:\/\/compuviper.mx\/tienda\/wp-content\/uploads\/2021\/08\/Logo-Compuviper-10.png","contentUrl":"https:\/\/compuviper.mx\/tienda\/wp-content\/uploads\/2021\/08\/Logo-Compuviper-10.png","width":1000,"height":500,"caption":"Compuviper"},"image":{"@id":"https:\/\/compuviper.mx\/tienda\/#\/schema\/logo\/image\/"},"sameAs":["https:\/\/www.facebook.com\/compuviper","https:\/\/www.youtube.com\/channel\/UCf73dERp9Y3cfOq7q8BhLjA?view_as=subscriber"]}]},"product_brand":"STARTECH.COM","product_price_amount":"274","product_price_currency":"MXN","og_availability":"out of stock","product_availability":"out of stock","product_retailer_item_id":"MDP2HDMI","product_condition":"new"},"_links":{"self":[{"href":"https:\/\/compuviper.mx\/tienda\/wp-json\/wp\/v2\/product\/212527"}],"collection":[{"href":"https:\/\/compuviper.mx\/tienda\/wp-json\/wp\/v2\/product"}],"about":[{"href":"https:\/\/compuviper.mx\/tienda\/wp-json\/wp\/v2\/types\/product"}],"replies":[{"embeddable":true,"href":"https:\/\/compuviper.mx\/tienda\/wp-json\/wp\/v2\/comments?post=212527"}],"wp:featuredmedia":[{"embeddable":true,"href":"https:\/\/compuviper.mx\/tienda\/wp-json\/wp\/v2\/media\/212528"}],"wp:attachment":[{"href":"https:\/\/compuviper.mx\/tienda\/wp-json\/wp\/v2\/media?parent=212527"}],"wp:term":[{"taxonomy":"product_cat","embeddable":true,"href":"https:\/\/compuviper.mx\/tienda\/wp-json\/wp\/v2\/product_cat?post=212527"},{"taxonomy":"product_tag","embeddable":true,"href":"https:\/\/compuviper.mx\/tienda\/wp-json\/wp\/v2\/product_tag?post=212527"}],"curies":[{"name":"wp","href":"https:\/\/api.w.org\/{rel}","templated":true}]}}