{"id":212513,"date":"2026-04-01T23:31:51","date_gmt":"2026-04-02T05:31:51","guid":{"rendered":"https:\/\/compuviper.mx\/tienda\/producto\/startech-com-dp2hdmiadap-adaptador-de-video-displayport-a-hdmi-cable-convertidor-dp-hembra-hdmi-macho-dp-hasta-1920x1200-pasivo-mod\/"},"modified":"2026-04-01T23:31:52","modified_gmt":"2026-04-02T05:31:52","slug":"startech-com-dp2hdmiadap-adaptador-de-video-displayport-a-hdmi-cable-convertidor-dp-hembra-hdmi-macho-dp-hasta-1920x1200-pasivo-mod","status":"publish","type":"product","link":"https:\/\/compuviper.mx\/tienda\/producto\/startech-com-dp2hdmiadap-adaptador-de-video-displayport-a-hdmi-cable-convertidor-dp-hembra-hdmi-macho-dp-hasta-1920x1200-pasivo-mod\/","title":{"rendered":"Startech.com Dp2hdmiadap Adaptador De Video Displayport A Hdmi &#8211; Cable Convertidor Dp &#8211; Hembra Hdmi &#8211; Macho Dp &#8211; Hasta 1920&#215;1200 &#8211; Pasivo &#8211;  Mod."},"content":{"rendered":"<table class=\"descripcion\">\n<tr>\n<td>Caracter\u00edsticas f\u00edsicas<\/td>\n<\/tr>\n<tr>\n<td>Altura del producto : 0.9 cm<\/td>\n<\/tr>\n<tr>\n<td>Ancho del producto : 18 mm<\/td>\n<\/tr>\n<tr>\n<td>Color : negro<\/td>\n<\/tr>\n<tr>\n<td>Longitud del producto : 55 mm<\/td>\n<\/tr>\n<tr>\n<td>Peso del producto : 16 g<\/td>\n<\/tr>\n<tr>\n<td>Conector(es)<\/td>\n<\/tr>\n<tr>\n<td>Conector a : displayport (20 pines)<\/td>\n<\/tr>\n<tr>\n<td>Conector b : hdmi (19 pines)<\/td>\n<\/tr>\n<tr>\n<td>Contenido de la caja<\/td>\n<\/tr>\n<tr>\n<td>Incluido en la caja : adaptador displayport a hdmi<\/td>\n<\/tr>\n<tr>\n<td>Hardware<\/td>\n<\/tr>\n<tr>\n<td>Active or passive adapter : pasivo<\/td>\n<\/tr>\n<tr>\n<td>Entrada a\/v : displayport &#8211; 1.2<\/td>\n<\/tr>\n<tr>\n<td>Salida a\/v : hdmi<\/td>\n<\/tr>\n<tr>\n<td>Soporte de audio : s\u00ed<\/td>\n<\/tr>\n<tr>\n<td>Observaciones \/ requisitos<\/td>\n<\/tr>\n<tr>\n<td>Requerimientos del sistema y cables  : requiere un puerto dp++ (displayport++) en la tarjeta de video o en la fuente de video (debe tener soporte para el paso de se\u00f1ales dvi o hdmi)<\/td>\n<\/tr>\n<tr>\n<td>Rendimiento<\/td>\n<\/tr>\n<tr>\n<td>Especificaciones de audio : sonido envolvente 5.1<\/td>\n<\/tr>\n<tr>\n<td>Resoluci\u00f3n digital m\u00e1xima : 1920&#215;1200 \/ 1080p<\/td>\n<\/tr>\n<\/table>\n","protected":false},"excerpt":{"rendered":"<p>El adaptador displayport\u00a0a hdmi dp2hdmiadap incluye un puerto displayport macho y un conector hdmi hembra, lo cual permite mantener la actual configuraci\u00f3n de imagen (hdmi) y utilizar una fuente\/tarjeta de video displayport. Dado que soporta resoluciones de imagen de hasta 1920&#215;1200(computadora)\/1080p (hdtv), representa una soluci\u00f3n econ\u00f3mica que mantiene el incre\u00edble rendimiento gr\u00e1fico que ofrece displayport, ya que evita tener que gastar dinero en actualizar su monitor con capacidad hdmi a un monitor con soporte displayport integrado. Dp2hdmiadap es un cable adaptador pasivo que requiere un puerto dp++ (displayport++), lo cual significa que las se\u00f1ales dvi y hdmi tambi\u00e9n pueden transferirse a trav\u00e9s del puerto. Este adaptador permite la transferencia de audio si la fuente de video lo soporta. Consulte el manual de la fuente de video para saber si dicha transferencia es posible. Respaldado con soporte t\u00e9cnico gratuito de por vida.<\/p>\n","protected":false},"featured_media":212514,"comment_status":"open","ping_status":"open","template":"","meta":[],"product_cat":[1485,1492],"product_tag":[1590],"acf":[],"yoast_head":"<!-- This site is optimized with the Yoast SEO plugin v21.7 - https:\/\/yoast.com\/wordpress\/plugins\/seo\/ -->\n<title>[ Startech.com ] &#129351; Dp2hdmiadap Adaptador De Video Displayport A Hdmi - Cable Convertidor Dp - Hembra Hdmi - Macho Dp - Hasta 1920x1200 - Pasivo - Mod.<\/title>\n<meta name=\"description\" content=\"Compra Dp2hdmiadap Adaptador De Video Displayport A Hdmi - Cable Convertidor Dp - Hembra Hdmi - Macho Dp - Hasta 1920x1200 - Pasivo - Mod. + Env\u00edo a domicilio + Pago seguro + Garant\u00eda\" \/>\n<meta name=\"robots\" content=\"index, follow, max-snippet:-1, max-image-preview:large, max-video-preview:-1\" \/>\n<link rel=\"canonical\" href=\"https:\/\/compuviper.mx\/tienda\/producto\/startech-com-dp2hdmiadap-adaptador-de-video-displayport-a-hdmi-cable-convertidor-dp-hembra-hdmi-macho-dp-hasta-1920x1200-pasivo-mod\/\" \/>\n<meta property=\"og:locale\" content=\"es_MX\" \/>\n<meta property=\"og:type\" content=\"article\" \/>\n<meta property=\"og:title\" content=\"[ Startech.com ] &#129351; Dp2hdmiadap Adaptador De Video Displayport A Hdmi - Cable Convertidor Dp - Hembra Hdmi - Macho Dp - Hasta 1920x1200 - Pasivo - Mod.\" \/>\n<meta property=\"og:description\" content=\"Compra Dp2hdmiadap Adaptador De Video Displayport A Hdmi - Cable Convertidor Dp - Hembra Hdmi - Macho Dp - Hasta 1920x1200 - Pasivo - Mod. + Env\u00edo a domicilio + Pago seguro + Garant\u00eda\" \/>\n<meta property=\"og:url\" content=\"https:\/\/compuviper.mx\/tienda\/producto\/startech-com-dp2hdmiadap-adaptador-de-video-displayport-a-hdmi-cable-convertidor-dp-hembra-hdmi-macho-dp-hasta-1920x1200-pasivo-mod\/\" \/>\n<meta property=\"og:site_name\" content=\"Compuviper\" \/>\n<meta property=\"article:publisher\" content=\"https:\/\/www.facebook.com\/compuviper\" \/>\n<meta property=\"article:modified_time\" content=\"2026-04-02T05:31:52+00:00\" \/>\n<meta property=\"og:image\" content=\"https:\/\/compuviper.mx\/tienda\/wp-content\/uploads\/2023\/12\/Adaptador-de-video-displayport-a-hdmi-cable-convertidor-dp-hembra-hdmi-macho-dp-hasta-1920x1200-pasivo-startech.com-mod.-dp2hdmiadap.jpg\" \/>\n\t<meta property=\"og:image:width\" content=\"200\" \/>\n\t<meta property=\"og:image:height\" content=\"200\" \/>\n\t<meta property=\"og:image:type\" content=\"image\/jpeg\" \/>\n<meta name=\"twitter:card\" content=\"summary_large_image\" \/>\n<meta name=\"twitter:label1\" content=\"Precio\" \/>\n\t<meta name=\"twitter:data1\" content=\"&#36;264 con IVA\" \/>\n\t<meta name=\"twitter:label2\" content=\"Availability\" \/>\n\t<meta name=\"twitter:data2\" content=\"Out of stock\" \/>\n<script type=\"application\/ld+json\" class=\"yoast-schema-graph\">{\"@context\":\"https:\/\/schema.org\",\"@graph\":[{\"@type\":\"WebPage\",\"@id\":\"https:\/\/compuviper.mx\/tienda\/producto\/startech-com-dp2hdmiadap-adaptador-de-video-displayport-a-hdmi-cable-convertidor-dp-hembra-hdmi-macho-dp-hasta-1920x1200-pasivo-mod\/\",\"url\":\"https:\/\/compuviper.mx\/tienda\/producto\/startech-com-dp2hdmiadap-adaptador-de-video-displayport-a-hdmi-cable-convertidor-dp-hembra-hdmi-macho-dp-hasta-1920x1200-pasivo-mod\/\",\"name\":\"[ Startech.com ] &#129351; Dp2hdmiadap Adaptador De Video Displayport A Hdmi - Cable Convertidor Dp - Hembra Hdmi - Macho Dp - Hasta 1920x1200 - Pasivo - Mod.\",\"isPartOf\":{\"@id\":\"https:\/\/compuviper.mx\/tienda\/#website\"},\"datePublished\":\"2026-04-02T05:31:51+00:00\",\"dateModified\":\"2026-04-02T05:31:52+00:00\",\"description\":\"Compra Dp2hdmiadap Adaptador De Video Displayport A Hdmi - Cable Convertidor Dp - Hembra Hdmi - Macho Dp - Hasta 1920x1200 - Pasivo - Mod. + Env\u00edo a domicilio + Pago seguro + Garant\u00eda\",\"breadcrumb\":{\"@id\":\"https:\/\/compuviper.mx\/tienda\/producto\/startech-com-dp2hdmiadap-adaptador-de-video-displayport-a-hdmi-cable-convertidor-dp-hembra-hdmi-macho-dp-hasta-1920x1200-pasivo-mod\/#breadcrumb\"},\"inLanguage\":\"es-MX\",\"potentialAction\":[{\"@type\":\"ReadAction\",\"target\":[\"https:\/\/compuviper.mx\/tienda\/producto\/startech-com-dp2hdmiadap-adaptador-de-video-displayport-a-hdmi-cable-convertidor-dp-hembra-hdmi-macho-dp-hasta-1920x1200-pasivo-mod\/\"]}]},{\"@type\":\"BreadcrumbList\",\"@id\":\"https:\/\/compuviper.mx\/tienda\/producto\/startech-com-dp2hdmiadap-adaptador-de-video-displayport-a-hdmi-cable-convertidor-dp-hembra-hdmi-macho-dp-hasta-1920x1200-pasivo-mod\/#breadcrumb\",\"itemListElement\":[{\"@type\":\"ListItem\",\"position\":1,\"name\":\"Inicio\",\"item\":\"https:\/\/compuviper.mx\/tienda\/\"},{\"@type\":\"ListItem\",\"position\":2,\"name\":\"Productos\",\"item\":\"https:\/\/compuviper.mx\/tienda\/productos\/\"},{\"@type\":\"ListItem\",\"position\":3,\"name\":\"Accesorios\",\"item\":\"https:\/\/compuviper.mx\/tienda\/categoria-producto\/accesorios\/\"},{\"@type\":\"ListItem\",\"position\":4,\"name\":\"Adaptadores\",\"item\":\"https:\/\/compuviper.mx\/tienda\/categoria-producto\/accesorios\/adaptadores\/\"},{\"@type\":\"ListItem\",\"position\":5,\"name\":\"Startech.com Dp2hdmiadap Adaptador De Video Displayport A Hdmi &#8211; Cable Convertidor Dp &#8211; Hembra Hdmi &#8211; Macho Dp &#8211; Hasta 1920&#215;1200 &#8211; Pasivo &#8211; Mod.\"}]},{\"@type\":\"WebSite\",\"@id\":\"https:\/\/compuviper.mx\/tienda\/#website\",\"url\":\"https:\/\/compuviper.mx\/tienda\/\",\"name\":\"Compuviper\",\"description\":\"Proveedor de Computadoras, Laptops, Servidores, Monitores, Puntos de Venta, Teclados,   Impresoras, T\u00f3ner, C\u00e1maras de Seguridad y m\u00e1s en tu tienda en l\u00ednea\",\"publisher\":{\"@id\":\"https:\/\/compuviper.mx\/tienda\/#organization\"},\"potentialAction\":[{\"@type\":\"SearchAction\",\"target\":{\"@type\":\"EntryPoint\",\"urlTemplate\":\"https:\/\/compuviper.mx\/tienda\/?s={search_term_string}\"},\"query-input\":\"required name=search_term_string\"}],\"inLanguage\":\"es-MX\"},{\"@type\":\"Organization\",\"@id\":\"https:\/\/compuviper.mx\/tienda\/#organization\",\"name\":\"Compuviper\",\"url\":\"https:\/\/compuviper.mx\/tienda\/\",\"logo\":{\"@type\":\"ImageObject\",\"inLanguage\":\"es-MX\",\"@id\":\"https:\/\/compuviper.mx\/tienda\/#\/schema\/logo\/image\/\",\"url\":\"https:\/\/compuviper.mx\/tienda\/wp-content\/uploads\/2021\/08\/Logo-Compuviper-10.png\",\"contentUrl\":\"https:\/\/compuviper.mx\/tienda\/wp-content\/uploads\/2021\/08\/Logo-Compuviper-10.png\",\"width\":1000,\"height\":500,\"caption\":\"Compuviper\"},\"image\":{\"@id\":\"https:\/\/compuviper.mx\/tienda\/#\/schema\/logo\/image\/\"},\"sameAs\":[\"https:\/\/www.facebook.com\/compuviper\",\"https:\/\/www.youtube.com\/channel\/UCf73dERp9Y3cfOq7q8BhLjA?view_as=subscriber\"]}]}<\/script>\n<meta property=\"product:brand\" content=\"STARTECH.COM\" \/>\n<meta property=\"product:price:amount\" content=\"264\" \/>\n<meta property=\"product:price:currency\" content=\"MXN\" \/>\n<meta property=\"og:availability\" content=\"out of stock\" \/>\n<meta property=\"product:availability\" content=\"out of stock\" \/>\n<meta property=\"product:retailer_item_id\" content=\"DP2HDMIADAP\" \/>\n<meta property=\"product:condition\" content=\"new\" \/>\n<!-- \/ Yoast SEO plugin. -->","yoast_head_json":{"title":"[ Startech.com ] &#129351; Dp2hdmiadap Adaptador De Video Displayport A Hdmi - Cable Convertidor Dp - Hembra Hdmi - Macho Dp - Hasta 1920x1200 - Pasivo - Mod.","description":"Compra Dp2hdmiadap Adaptador De Video Displayport A Hdmi - Cable Convertidor Dp - Hembra Hdmi - Macho Dp - Hasta 1920x1200 - Pasivo - Mod. + Env\u00edo a domicilio + Pago seguro + Garant\u00eda","robots":{"index":"index","follow":"follow","max-snippet":"max-snippet:-1","max-image-preview":"max-image-preview:large","max-video-preview":"max-video-preview:-1"},"canonical":"https:\/\/compuviper.mx\/tienda\/producto\/startech-com-dp2hdmiadap-adaptador-de-video-displayport-a-hdmi-cable-convertidor-dp-hembra-hdmi-macho-dp-hasta-1920x1200-pasivo-mod\/","og_locale":"es_MX","og_type":"article","og_title":"[ Startech.com ] &#129351; Dp2hdmiadap Adaptador De Video Displayport A Hdmi - Cable Convertidor Dp - Hembra Hdmi - Macho Dp - Hasta 1920x1200 - Pasivo - Mod.","og_description":"Compra Dp2hdmiadap Adaptador De Video Displayport A Hdmi - Cable Convertidor Dp - Hembra Hdmi - Macho Dp - Hasta 1920x1200 - Pasivo - Mod. + Env\u00edo a domicilio + Pago seguro + Garant\u00eda","og_url":"https:\/\/compuviper.mx\/tienda\/producto\/startech-com-dp2hdmiadap-adaptador-de-video-displayport-a-hdmi-cable-convertidor-dp-hembra-hdmi-macho-dp-hasta-1920x1200-pasivo-mod\/","og_site_name":"Compuviper","article_publisher":"https:\/\/www.facebook.com\/compuviper","article_modified_time":"2026-04-02T05:31:52+00:00","og_image":[{"width":200,"height":200,"url":"https:\/\/compuviper.mx\/tienda\/wp-content\/uploads\/2023\/12\/Adaptador-de-video-displayport-a-hdmi-cable-convertidor-dp-hembra-hdmi-macho-dp-hasta-1920x1200-pasivo-startech.com-mod.-dp2hdmiadap.jpg","type":"image\/jpeg"}],"twitter_card":"summary_large_image","twitter_misc":{"Precio":"&#36;264 con IVA","Availability":"Out of stock"},"schema":{"@context":"https:\/\/schema.org","@graph":[{"@type":"WebPage","@id":"https:\/\/compuviper.mx\/tienda\/producto\/startech-com-dp2hdmiadap-adaptador-de-video-displayport-a-hdmi-cable-convertidor-dp-hembra-hdmi-macho-dp-hasta-1920x1200-pasivo-mod\/","url":"https:\/\/compuviper.mx\/tienda\/producto\/startech-com-dp2hdmiadap-adaptador-de-video-displayport-a-hdmi-cable-convertidor-dp-hembra-hdmi-macho-dp-hasta-1920x1200-pasivo-mod\/","name":"[ Startech.com ] &#129351; Dp2hdmiadap Adaptador De Video Displayport A Hdmi - Cable Convertidor Dp - Hembra Hdmi - Macho Dp - Hasta 1920x1200 - Pasivo - Mod.","isPartOf":{"@id":"https:\/\/compuviper.mx\/tienda\/#website"},"datePublished":"2026-04-02T05:31:51+00:00","dateModified":"2026-04-02T05:31:52+00:00","description":"Compra Dp2hdmiadap Adaptador De Video Displayport A Hdmi - Cable Convertidor Dp - Hembra Hdmi - Macho Dp - Hasta 1920x1200 - Pasivo - Mod. + Env\u00edo a domicilio + Pago seguro + Garant\u00eda","breadcrumb":{"@id":"https:\/\/compuviper.mx\/tienda\/producto\/startech-com-dp2hdmiadap-adaptador-de-video-displayport-a-hdmi-cable-convertidor-dp-hembra-hdmi-macho-dp-hasta-1920x1200-pasivo-mod\/#breadcrumb"},"inLanguage":"es-MX","potentialAction":[{"@type":"ReadAction","target":["https:\/\/compuviper.mx\/tienda\/producto\/startech-com-dp2hdmiadap-adaptador-de-video-displayport-a-hdmi-cable-convertidor-dp-hembra-hdmi-macho-dp-hasta-1920x1200-pasivo-mod\/"]}]},{"@type":"BreadcrumbList","@id":"https:\/\/compuviper.mx\/tienda\/producto\/startech-com-dp2hdmiadap-adaptador-de-video-displayport-a-hdmi-cable-convertidor-dp-hembra-hdmi-macho-dp-hasta-1920x1200-pasivo-mod\/#breadcrumb","itemListElement":[{"@type":"ListItem","position":1,"name":"Inicio","item":"https:\/\/compuviper.mx\/tienda\/"},{"@type":"ListItem","position":2,"name":"Productos","item":"https:\/\/compuviper.mx\/tienda\/productos\/"},{"@type":"ListItem","position":3,"name":"Accesorios","item":"https:\/\/compuviper.mx\/tienda\/categoria-producto\/accesorios\/"},{"@type":"ListItem","position":4,"name":"Adaptadores","item":"https:\/\/compuviper.mx\/tienda\/categoria-producto\/accesorios\/adaptadores\/"},{"@type":"ListItem","position":5,"name":"Startech.com Dp2hdmiadap Adaptador De Video Displayport A Hdmi &#8211; Cable Convertidor Dp &#8211; Hembra Hdmi &#8211; Macho Dp &#8211; Hasta 1920&#215;1200 &#8211; Pasivo &#8211; Mod."}]},{"@type":"WebSite","@id":"https:\/\/compuviper.mx\/tienda\/#website","url":"https:\/\/compuviper.mx\/tienda\/","name":"Compuviper","description":"Proveedor de Computadoras, Laptops, Servidores, Monitores, Puntos de Venta, Teclados,   Impresoras, T\u00f3ner, C\u00e1maras de Seguridad y m\u00e1s en tu tienda en l\u00ednea","publisher":{"@id":"https:\/\/compuviper.mx\/tienda\/#organization"},"potentialAction":[{"@type":"SearchAction","target":{"@type":"EntryPoint","urlTemplate":"https:\/\/compuviper.mx\/tienda\/?s={search_term_string}"},"query-input":"required name=search_term_string"}],"inLanguage":"es-MX"},{"@type":"Organization","@id":"https:\/\/compuviper.mx\/tienda\/#organization","name":"Compuviper","url":"https:\/\/compuviper.mx\/tienda\/","logo":{"@type":"ImageObject","inLanguage":"es-MX","@id":"https:\/\/compuviper.mx\/tienda\/#\/schema\/logo\/image\/","url":"https:\/\/compuviper.mx\/tienda\/wp-content\/uploads\/2021\/08\/Logo-Compuviper-10.png","contentUrl":"https:\/\/compuviper.mx\/tienda\/wp-content\/uploads\/2021\/08\/Logo-Compuviper-10.png","width":1000,"height":500,"caption":"Compuviper"},"image":{"@id":"https:\/\/compuviper.mx\/tienda\/#\/schema\/logo\/image\/"},"sameAs":["https:\/\/www.facebook.com\/compuviper","https:\/\/www.youtube.com\/channel\/UCf73dERp9Y3cfOq7q8BhLjA?view_as=subscriber"]}]},"product_brand":"STARTECH.COM","product_price_amount":"264","product_price_currency":"MXN","og_availability":"out of stock","product_availability":"out of stock","product_retailer_item_id":"DP2HDMIADAP","product_condition":"new"},"_links":{"self":[{"href":"https:\/\/compuviper.mx\/tienda\/wp-json\/wp\/v2\/product\/212513"}],"collection":[{"href":"https:\/\/compuviper.mx\/tienda\/wp-json\/wp\/v2\/product"}],"about":[{"href":"https:\/\/compuviper.mx\/tienda\/wp-json\/wp\/v2\/types\/product"}],"replies":[{"embeddable":true,"href":"https:\/\/compuviper.mx\/tienda\/wp-json\/wp\/v2\/comments?post=212513"}],"wp:featuredmedia":[{"embeddable":true,"href":"https:\/\/compuviper.mx\/tienda\/wp-json\/wp\/v2\/media\/212514"}],"wp:attachment":[{"href":"https:\/\/compuviper.mx\/tienda\/wp-json\/wp\/v2\/media?parent=212513"}],"wp:term":[{"taxonomy":"product_cat","embeddable":true,"href":"https:\/\/compuviper.mx\/tienda\/wp-json\/wp\/v2\/product_cat?post=212513"},{"taxonomy":"product_tag","embeddable":true,"href":"https:\/\/compuviper.mx\/tienda\/wp-json\/wp\/v2\/product_tag?post=212513"}],"curies":[{"name":"wp","href":"https:\/\/api.w.org\/{rel}","templated":true}]}}