{"id":212505,"date":"2026-04-01T23:31:49","date_gmt":"2026-04-02T05:31:49","guid":{"rendered":"https:\/\/compuviper.mx\/tienda\/producto\/startech-com-st122hd4ku-splitter-hdmi-de-2-puertos-divisor-de-video-hdmi-de-2-puertos-splitter-hdmi-4k-30hz-de-2x1-alimentado-por-usb-mod\/"},"modified":"2026-04-01T23:31:49","modified_gmt":"2026-04-02T05:31:49","slug":"startech-com-st122hd4ku-splitter-hdmi-de-2-puertos-divisor-de-video-hdmi-de-2-puertos-splitter-hdmi-4k-30hz-de-2x1-alimentado-por-usb-mod","status":"publish","type":"product","link":"https:\/\/compuviper.mx\/tienda\/producto\/startech-com-st122hd4ku-splitter-hdmi-de-2-puertos-divisor-de-video-hdmi-de-2-puertos-splitter-hdmi-4k-30hz-de-2x1-alimentado-por-usb-mod\/","title":{"rendered":"Startech.com St122hd4ku Splitter Hdmi De 2 Puertos &#8211; Divisor De Video Hdmi De 2 Puertos &#8211; Splitter Hdmi 4k 30hz De 2&#215;1 Alimentado Por Usb &#8211;  Mod."},"content":{"rendered":"<table class=\"descripcion\">\n<tr>\n<td>Caracteristicas fisicas<\/td>\n<\/tr>\n<tr>\n<td>Altura: 1.8 cm<\/td>\n<\/tr>\n<tr>\n<td>Ancho: 50 mm<\/td>\n<\/tr>\n<tr>\n<td>Color: negro<\/td>\n<\/tr>\n<tr>\n<td>Longitud: 62 cm<\/td>\n<\/tr>\n<tr>\n<td>Peso: 78 g<\/td>\n<\/tr>\n<tr>\n<td>Conectores<\/td>\n<\/tr>\n<tr>\n<td>Conector a: hdmi 19 pines<\/td>\n<\/tr>\n<tr>\n<td>Conector b: hdmi 19 pines<\/td>\n<\/tr>\n<tr>\n<td>Hardware<\/td>\n<\/tr>\n<tr>\n<td>Cantidad de puertos: 2<\/td>\n<\/tr>\n<tr>\n<td>Entrada a\/v: hdmi<\/td>\n<\/tr>\n<tr>\n<td>Estandares industriales: hdmi 1.4<\/td>\n<\/tr>\n<tr>\n<td>Salida a\/v: hdmi<\/td>\n<\/tr>\n<tr>\n<td>Soporte de audio: si<\/td>\n<\/tr>\n<tr>\n<td>Rendimiento<\/td>\n<\/tr>\n<tr>\n<td>Especificaciones de audio: sonido envolvente 7.1<\/td>\n<\/tr>\n<tr>\n<td>Pantalla plana soportada: si<\/td>\n<\/tr>\n<tr>\n<td>Resolucion digital maxima: 4k @ 30 hz<\/td>\n<\/tr>\n<tr>\n<td>Resoluciones  admitidas: 3840&#215;2160 4k<\/td>\n<\/tr>\n<tr>\n<td>2560&#215;1600<\/td>\n<\/tr>\n<tr>\n<td>1920&#215;1200<\/td>\n<\/tr>\n<tr>\n<td>1920&#215;1080 1080p<\/td>\n<\/tr>\n<tr>\n<td>1280&#215;720 720p<\/td>\n<\/tr>\n<tr>\n<td>Requisitos de energia<\/td>\n<\/tr>\n<tr>\n<td>Adaptador de corriente incluido: adaptador de alimentacion de ca incluido<\/td>\n<\/tr>\n<tr>\n<td>Alimentacion de salida: 2 a<\/td>\n<\/tr>\n<tr>\n<td>Consumo de energia: 10<\/td>\n<\/tr>\n<tr>\n<td>Corriente de entrada: 0.5 a<\/td>\n<\/tr>\n<tr>\n<td>Tension de entrada: 100 &#8211; 240 ac<\/td>\n<\/tr>\n<tr>\n<td>Tension de salida: 5 dc<\/td>\n<\/tr>\n<tr>\n<td>Tipo de enchufe: n<\/td>\n<\/tr>\n<\/table>\n","protected":false},"excerpt":{"rendered":"<p>El divisor de video de 2\u00a0puertos, modelo st122hd4ku, admite ultra hd 4k, lo cual garantiza\u00a0una impresionante calidad de imagen, cuatro\u00a0veces la resolucion que ofrece alta definicion a\u00a01080 p, ademas de permitir\u00a0el uso compartido\u00a0de una fuente de video hdmi\u00a04k\u00a0entre dos pantallas hdmi.?. El multiplicador 4k\u00a0es\u00a0retrocompatible\u00a0con versiones anteriores de hdmi, soporta dipositivos de video hdmi con resolucion\u00a01080p \/ 720p,\u00a0como computadoras, reproductores blu-ray y\u00a0terminales para tv por cable.?. Para facilitar la configuracion del splitter hdmi, es posible la alimentacion mediante el cable\u00a0usb incluido, o bien con un adaptador de alimentacion:\u00a0depende de lo que resulte mas conveniente para el usuario. Asimismo, el multiplicador incluye un cable integrado de fuente hdmi, el cual permite la conexion directa con una fuente hdmi sin tener que adquirir cables adicionales. El modelo st122hd4ku cuenta con soporte tecnico gratuito de por vida.<\/p>\n","protected":false},"featured_media":212506,"comment_status":"open","ping_status":"open","template":"","meta":[],"product_cat":[1485,1506],"product_tag":[1590],"acf":[],"yoast_head":"<!-- This site is optimized with the Yoast SEO plugin v21.7 - https:\/\/yoast.com\/wordpress\/plugins\/seo\/ -->\n<title>[ Startech.com ] &#129351; St122hd4ku Splitter Hdmi De 2 Puertos - Divisor De Video Hdmi De 2 Puertos - Splitter Hdmi 4k 30hz De 2x1 Alimentado Por Usb - Mod.<\/title>\n<meta name=\"description\" content=\"Compra St122hd4ku Splitter Hdmi De 2 Puertos - Divisor De Video Hdmi De 2 Puertos - Splitter Hdmi 4k 30hz De 2x1 Alimentado Por Usb - Mod. + Env\u00edo a domicilio + Pago seguro + Garant\u00eda\" \/>\n<meta name=\"robots\" content=\"index, follow, max-snippet:-1, max-image-preview:large, max-video-preview:-1\" \/>\n<link rel=\"canonical\" href=\"https:\/\/compuviper.mx\/tienda\/producto\/startech-com-st122hd4ku-splitter-hdmi-de-2-puertos-divisor-de-video-hdmi-de-2-puertos-splitter-hdmi-4k-30hz-de-2x1-alimentado-por-usb-mod\/\" \/>\n<meta property=\"og:locale\" content=\"es_MX\" \/>\n<meta property=\"og:type\" content=\"article\" \/>\n<meta property=\"og:title\" content=\"[ Startech.com ] &#129351; St122hd4ku Splitter Hdmi De 2 Puertos - Divisor De Video Hdmi De 2 Puertos - Splitter Hdmi 4k 30hz De 2x1 Alimentado Por Usb - Mod.\" \/>\n<meta property=\"og:description\" content=\"Compra St122hd4ku Splitter Hdmi De 2 Puertos - Divisor De Video Hdmi De 2 Puertos - Splitter Hdmi 4k 30hz De 2x1 Alimentado Por Usb - Mod. + Env\u00edo a domicilio + Pago seguro + Garant\u00eda\" \/>\n<meta property=\"og:url\" content=\"https:\/\/compuviper.mx\/tienda\/producto\/startech-com-st122hd4ku-splitter-hdmi-de-2-puertos-divisor-de-video-hdmi-de-2-puertos-splitter-hdmi-4k-30hz-de-2x1-alimentado-por-usb-mod\/\" \/>\n<meta property=\"og:site_name\" content=\"Compuviper\" \/>\n<meta property=\"article:publisher\" content=\"https:\/\/www.facebook.com\/compuviper\" \/>\n<meta property=\"og:image\" content=\"https:\/\/compuviper.mx\/tienda\/wp-content\/uploads\/2023\/12\/Splitter-hdmi-de-2-puertos-divisor-de-video-hdmi-de-2-puertos-splitter-hdmi-4k-30hz-de-2x1-alimentado-por-usb-startech.com-mod.-st122hd4ku.jpg\" \/>\n\t<meta property=\"og:image:width\" content=\"200\" \/>\n\t<meta property=\"og:image:height\" content=\"200\" \/>\n\t<meta property=\"og:image:type\" content=\"image\/jpeg\" \/>\n<meta name=\"twitter:card\" content=\"summary_large_image\" \/>\n<meta name=\"twitter:label1\" content=\"Precio\" \/>\n\t<meta name=\"twitter:data1\" content=\"&#36;1,114 con IVA\" \/>\n\t<meta name=\"twitter:label2\" content=\"Availability\" \/>\n\t<meta name=\"twitter:data2\" content=\"Out of stock\" \/>\n<script type=\"application\/ld+json\" class=\"yoast-schema-graph\">{\"@context\":\"https:\/\/schema.org\",\"@graph\":[{\"@type\":\"WebPage\",\"@id\":\"https:\/\/compuviper.mx\/tienda\/producto\/startech-com-st122hd4ku-splitter-hdmi-de-2-puertos-divisor-de-video-hdmi-de-2-puertos-splitter-hdmi-4k-30hz-de-2x1-alimentado-por-usb-mod\/\",\"url\":\"https:\/\/compuviper.mx\/tienda\/producto\/startech-com-st122hd4ku-splitter-hdmi-de-2-puertos-divisor-de-video-hdmi-de-2-puertos-splitter-hdmi-4k-30hz-de-2x1-alimentado-por-usb-mod\/\",\"name\":\"[ Startech.com ] &#129351; St122hd4ku Splitter Hdmi De 2 Puertos - Divisor De Video Hdmi De 2 Puertos - Splitter Hdmi 4k 30hz De 2x1 Alimentado Por Usb - Mod.\",\"isPartOf\":{\"@id\":\"https:\/\/compuviper.mx\/tienda\/#website\"},\"datePublished\":\"2026-04-02T05:31:49+00:00\",\"dateModified\":\"2026-04-02T05:31:49+00:00\",\"description\":\"Compra St122hd4ku Splitter Hdmi De 2 Puertos - Divisor De Video Hdmi De 2 Puertos - Splitter Hdmi 4k 30hz De 2x1 Alimentado Por Usb - Mod. + Env\u00edo a domicilio + Pago seguro + Garant\u00eda\",\"breadcrumb\":{\"@id\":\"https:\/\/compuviper.mx\/tienda\/producto\/startech-com-st122hd4ku-splitter-hdmi-de-2-puertos-divisor-de-video-hdmi-de-2-puertos-splitter-hdmi-4k-30hz-de-2x1-alimentado-por-usb-mod\/#breadcrumb\"},\"inLanguage\":\"es-MX\",\"potentialAction\":[{\"@type\":\"ReadAction\",\"target\":[\"https:\/\/compuviper.mx\/tienda\/producto\/startech-com-st122hd4ku-splitter-hdmi-de-2-puertos-divisor-de-video-hdmi-de-2-puertos-splitter-hdmi-4k-30hz-de-2x1-alimentado-por-usb-mod\/\"]}]},{\"@type\":\"BreadcrumbList\",\"@id\":\"https:\/\/compuviper.mx\/tienda\/producto\/startech-com-st122hd4ku-splitter-hdmi-de-2-puertos-divisor-de-video-hdmi-de-2-puertos-splitter-hdmi-4k-30hz-de-2x1-alimentado-por-usb-mod\/#breadcrumb\",\"itemListElement\":[{\"@type\":\"ListItem\",\"position\":1,\"name\":\"Inicio\",\"item\":\"https:\/\/compuviper.mx\/tienda\/\"},{\"@type\":\"ListItem\",\"position\":2,\"name\":\"Productos\",\"item\":\"https:\/\/compuviper.mx\/tienda\/productos\/\"},{\"@type\":\"ListItem\",\"position\":3,\"name\":\"Accesorios\",\"item\":\"https:\/\/compuviper.mx\/tienda\/categoria-producto\/accesorios\/\"},{\"@type\":\"ListItem\",\"position\":4,\"name\":\"Conectividad\",\"item\":\"https:\/\/compuviper.mx\/tienda\/categoria-producto\/accesorios\/conectividad\/\"},{\"@type\":\"ListItem\",\"position\":5,\"name\":\"Startech.com St122hd4ku Splitter Hdmi De 2 Puertos &#8211; Divisor De Video Hdmi De 2 Puertos &#8211; Splitter Hdmi 4k 30hz De 2&#215;1 Alimentado Por Usb &#8211; Mod.\"}]},{\"@type\":\"WebSite\",\"@id\":\"https:\/\/compuviper.mx\/tienda\/#website\",\"url\":\"https:\/\/compuviper.mx\/tienda\/\",\"name\":\"Compuviper\",\"description\":\"Proveedor de Computadoras, Laptops, Servidores, Monitores, Puntos de Venta, Teclados,   Impresoras, T\u00f3ner, C\u00e1maras de Seguridad y m\u00e1s en tu tienda en l\u00ednea\",\"publisher\":{\"@id\":\"https:\/\/compuviper.mx\/tienda\/#organization\"},\"potentialAction\":[{\"@type\":\"SearchAction\",\"target\":{\"@type\":\"EntryPoint\",\"urlTemplate\":\"https:\/\/compuviper.mx\/tienda\/?s={search_term_string}\"},\"query-input\":\"required name=search_term_string\"}],\"inLanguage\":\"es-MX\"},{\"@type\":\"Organization\",\"@id\":\"https:\/\/compuviper.mx\/tienda\/#organization\",\"name\":\"Compuviper\",\"url\":\"https:\/\/compuviper.mx\/tienda\/\",\"logo\":{\"@type\":\"ImageObject\",\"inLanguage\":\"es-MX\",\"@id\":\"https:\/\/compuviper.mx\/tienda\/#\/schema\/logo\/image\/\",\"url\":\"https:\/\/compuviper.mx\/tienda\/wp-content\/uploads\/2021\/08\/Logo-Compuviper-10.png\",\"contentUrl\":\"https:\/\/compuviper.mx\/tienda\/wp-content\/uploads\/2021\/08\/Logo-Compuviper-10.png\",\"width\":1000,\"height\":500,\"caption\":\"Compuviper\"},\"image\":{\"@id\":\"https:\/\/compuviper.mx\/tienda\/#\/schema\/logo\/image\/\"},\"sameAs\":[\"https:\/\/www.facebook.com\/compuviper\",\"https:\/\/www.youtube.com\/channel\/UCf73dERp9Y3cfOq7q8BhLjA?view_as=subscriber\"]}]}<\/script>\n<meta property=\"product:brand\" content=\"STARTECH.COM\" \/>\n<meta property=\"product:price:amount\" content=\"1114\" \/>\n<meta property=\"product:price:currency\" content=\"MXN\" \/>\n<meta property=\"og:availability\" content=\"out of stock\" \/>\n<meta property=\"product:availability\" content=\"out of stock\" \/>\n<meta property=\"product:retailer_item_id\" content=\"ST122HD4KU\" \/>\n<meta property=\"product:condition\" content=\"new\" \/>\n<!-- \/ Yoast SEO plugin. -->","yoast_head_json":{"title":"[ Startech.com ] &#129351; St122hd4ku Splitter Hdmi De 2 Puertos - Divisor De Video Hdmi De 2 Puertos - Splitter Hdmi 4k 30hz De 2x1 Alimentado Por Usb - Mod.","description":"Compra St122hd4ku Splitter Hdmi De 2 Puertos - Divisor De Video Hdmi De 2 Puertos - Splitter Hdmi 4k 30hz De 2x1 Alimentado Por Usb - Mod. + Env\u00edo a domicilio + Pago seguro + Garant\u00eda","robots":{"index":"index","follow":"follow","max-snippet":"max-snippet:-1","max-image-preview":"max-image-preview:large","max-video-preview":"max-video-preview:-1"},"canonical":"https:\/\/compuviper.mx\/tienda\/producto\/startech-com-st122hd4ku-splitter-hdmi-de-2-puertos-divisor-de-video-hdmi-de-2-puertos-splitter-hdmi-4k-30hz-de-2x1-alimentado-por-usb-mod\/","og_locale":"es_MX","og_type":"article","og_title":"[ Startech.com ] &#129351; St122hd4ku Splitter Hdmi De 2 Puertos - Divisor De Video Hdmi De 2 Puertos - Splitter Hdmi 4k 30hz De 2x1 Alimentado Por Usb - Mod.","og_description":"Compra St122hd4ku Splitter Hdmi De 2 Puertos - Divisor De Video Hdmi De 2 Puertos - Splitter Hdmi 4k 30hz De 2x1 Alimentado Por Usb - Mod. + Env\u00edo a domicilio + Pago seguro + Garant\u00eda","og_url":"https:\/\/compuviper.mx\/tienda\/producto\/startech-com-st122hd4ku-splitter-hdmi-de-2-puertos-divisor-de-video-hdmi-de-2-puertos-splitter-hdmi-4k-30hz-de-2x1-alimentado-por-usb-mod\/","og_site_name":"Compuviper","article_publisher":"https:\/\/www.facebook.com\/compuviper","og_image":[{"width":200,"height":200,"url":"https:\/\/compuviper.mx\/tienda\/wp-content\/uploads\/2023\/12\/Splitter-hdmi-de-2-puertos-divisor-de-video-hdmi-de-2-puertos-splitter-hdmi-4k-30hz-de-2x1-alimentado-por-usb-startech.com-mod.-st122hd4ku.jpg","type":"image\/jpeg"}],"twitter_card":"summary_large_image","twitter_misc":{"Precio":"&#36;1,114 con IVA","Availability":"Out of stock"},"schema":{"@context":"https:\/\/schema.org","@graph":[{"@type":"WebPage","@id":"https:\/\/compuviper.mx\/tienda\/producto\/startech-com-st122hd4ku-splitter-hdmi-de-2-puertos-divisor-de-video-hdmi-de-2-puertos-splitter-hdmi-4k-30hz-de-2x1-alimentado-por-usb-mod\/","url":"https:\/\/compuviper.mx\/tienda\/producto\/startech-com-st122hd4ku-splitter-hdmi-de-2-puertos-divisor-de-video-hdmi-de-2-puertos-splitter-hdmi-4k-30hz-de-2x1-alimentado-por-usb-mod\/","name":"[ Startech.com ] &#129351; St122hd4ku Splitter Hdmi De 2 Puertos - Divisor De Video Hdmi De 2 Puertos - Splitter Hdmi 4k 30hz De 2x1 Alimentado Por Usb - Mod.","isPartOf":{"@id":"https:\/\/compuviper.mx\/tienda\/#website"},"datePublished":"2026-04-02T05:31:49+00:00","dateModified":"2026-04-02T05:31:49+00:00","description":"Compra St122hd4ku Splitter Hdmi De 2 Puertos - Divisor De Video Hdmi De 2 Puertos - Splitter Hdmi 4k 30hz De 2x1 Alimentado Por Usb - Mod. + Env\u00edo a domicilio + Pago seguro + Garant\u00eda","breadcrumb":{"@id":"https:\/\/compuviper.mx\/tienda\/producto\/startech-com-st122hd4ku-splitter-hdmi-de-2-puertos-divisor-de-video-hdmi-de-2-puertos-splitter-hdmi-4k-30hz-de-2x1-alimentado-por-usb-mod\/#breadcrumb"},"inLanguage":"es-MX","potentialAction":[{"@type":"ReadAction","target":["https:\/\/compuviper.mx\/tienda\/producto\/startech-com-st122hd4ku-splitter-hdmi-de-2-puertos-divisor-de-video-hdmi-de-2-puertos-splitter-hdmi-4k-30hz-de-2x1-alimentado-por-usb-mod\/"]}]},{"@type":"BreadcrumbList","@id":"https:\/\/compuviper.mx\/tienda\/producto\/startech-com-st122hd4ku-splitter-hdmi-de-2-puertos-divisor-de-video-hdmi-de-2-puertos-splitter-hdmi-4k-30hz-de-2x1-alimentado-por-usb-mod\/#breadcrumb","itemListElement":[{"@type":"ListItem","position":1,"name":"Inicio","item":"https:\/\/compuviper.mx\/tienda\/"},{"@type":"ListItem","position":2,"name":"Productos","item":"https:\/\/compuviper.mx\/tienda\/productos\/"},{"@type":"ListItem","position":3,"name":"Accesorios","item":"https:\/\/compuviper.mx\/tienda\/categoria-producto\/accesorios\/"},{"@type":"ListItem","position":4,"name":"Conectividad","item":"https:\/\/compuviper.mx\/tienda\/categoria-producto\/accesorios\/conectividad\/"},{"@type":"ListItem","position":5,"name":"Startech.com St122hd4ku Splitter Hdmi De 2 Puertos &#8211; Divisor De Video Hdmi De 2 Puertos &#8211; Splitter Hdmi 4k 30hz De 2&#215;1 Alimentado Por Usb &#8211; Mod."}]},{"@type":"WebSite","@id":"https:\/\/compuviper.mx\/tienda\/#website","url":"https:\/\/compuviper.mx\/tienda\/","name":"Compuviper","description":"Proveedor de Computadoras, Laptops, Servidores, Monitores, Puntos de Venta, Teclados,   Impresoras, T\u00f3ner, C\u00e1maras de Seguridad y m\u00e1s en tu tienda en l\u00ednea","publisher":{"@id":"https:\/\/compuviper.mx\/tienda\/#organization"},"potentialAction":[{"@type":"SearchAction","target":{"@type":"EntryPoint","urlTemplate":"https:\/\/compuviper.mx\/tienda\/?s={search_term_string}"},"query-input":"required name=search_term_string"}],"inLanguage":"es-MX"},{"@type":"Organization","@id":"https:\/\/compuviper.mx\/tienda\/#organization","name":"Compuviper","url":"https:\/\/compuviper.mx\/tienda\/","logo":{"@type":"ImageObject","inLanguage":"es-MX","@id":"https:\/\/compuviper.mx\/tienda\/#\/schema\/logo\/image\/","url":"https:\/\/compuviper.mx\/tienda\/wp-content\/uploads\/2021\/08\/Logo-Compuviper-10.png","contentUrl":"https:\/\/compuviper.mx\/tienda\/wp-content\/uploads\/2021\/08\/Logo-Compuviper-10.png","width":1000,"height":500,"caption":"Compuviper"},"image":{"@id":"https:\/\/compuviper.mx\/tienda\/#\/schema\/logo\/image\/"},"sameAs":["https:\/\/www.facebook.com\/compuviper","https:\/\/www.youtube.com\/channel\/UCf73dERp9Y3cfOq7q8BhLjA?view_as=subscriber"]}]},"product_brand":"STARTECH.COM","product_price_amount":"1114","product_price_currency":"MXN","og_availability":"out of stock","product_availability":"out of stock","product_retailer_item_id":"ST122HD4KU","product_condition":"new"},"_links":{"self":[{"href":"https:\/\/compuviper.mx\/tienda\/wp-json\/wp\/v2\/product\/212505"}],"collection":[{"href":"https:\/\/compuviper.mx\/tienda\/wp-json\/wp\/v2\/product"}],"about":[{"href":"https:\/\/compuviper.mx\/tienda\/wp-json\/wp\/v2\/types\/product"}],"replies":[{"embeddable":true,"href":"https:\/\/compuviper.mx\/tienda\/wp-json\/wp\/v2\/comments?post=212505"}],"wp:featuredmedia":[{"embeddable":true,"href":"https:\/\/compuviper.mx\/tienda\/wp-json\/wp\/v2\/media\/212506"}],"wp:attachment":[{"href":"https:\/\/compuviper.mx\/tienda\/wp-json\/wp\/v2\/media?parent=212505"}],"wp:term":[{"taxonomy":"product_cat","embeddable":true,"href":"https:\/\/compuviper.mx\/tienda\/wp-json\/wp\/v2\/product_cat?post=212505"},{"taxonomy":"product_tag","embeddable":true,"href":"https:\/\/compuviper.mx\/tienda\/wp-json\/wp\/v2\/product_tag?post=212505"}],"curies":[{"name":"wp","href":"https:\/\/api.w.org\/{rel}","templated":true}]}}