{"id":212499,"date":"2026-04-01T23:31:48","date_gmt":"2026-04-02T05:31:48","guid":{"rendered":"https:\/\/compuviper.mx\/tienda\/producto\/startech-com-hd2vgamicro-adaptador-de-video-portatil-hdmi-a-vga-hd15-1920x1200-mod\/"},"modified":"2026-04-01T23:31:48","modified_gmt":"2026-04-02T05:31:48","slug":"startech-com-hd2vgamicro-adaptador-de-video-portatil-hdmi-a-vga-hd15-1920x1200-mod","status":"publish","type":"product","link":"https:\/\/compuviper.mx\/tienda\/producto\/startech-com-hd2vgamicro-adaptador-de-video-portatil-hdmi-a-vga-hd15-1920x1200-mod\/","title":{"rendered":"Startech.com Hd2vgamicro Adaptador De Video Portatil Hdmi A Vga &#8211; Hd15 &#8211; 1920&#215;1200 &#8211;  Mod."},"content":{"rendered":"<table class=\"descripcion\">\n<tr>\n<td>Hardware<\/td>\n<\/tr>\n<tr>\n<td>Soporte de audio: no<\/td>\n<\/tr>\n<tr>\n<td>Salida a\/v: vga<\/td>\n<\/tr>\n<tr>\n<td>Entrada a\/v: hdmi<\/td>\n<\/tr>\n<tr>\n<td>Cantidad de puertos: 1<\/td>\n<\/tr>\n<tr>\n<td>Active or passive adapter: activo<\/td>\n<\/tr>\n<tr>\n<td>Rendimiento<\/td>\n<\/tr>\n<tr>\n<td>Pantalla plana soportada: si<\/td>\n<\/tr>\n<tr>\n<td>Resolucion analogica maxima: 1920&#215;1200<\/td>\n<\/tr>\n<tr>\n<td>Resoluciones  admitidas: 1920&#215;1200, 1920&#215;1080 1080p, 1600&#215;1200 @ 60hz<\/td>\n<\/tr>\n<tr>\n<td>Conectores<\/td>\n<\/tr>\n<tr>\n<td>Conector b: vga 15 pines, d-sub de alta densidad<\/td>\n<\/tr>\n<tr>\n<td>Conector a: hdmi 19 pines<\/td>\n<\/tr>\n<tr>\n<td>Caracteristicas fisicas<\/td>\n<\/tr>\n<tr>\n<td>Longitud: 45 mm<\/td>\n<\/tr>\n<tr>\n<td>Color: negro<\/td>\n<\/tr>\n<tr>\n<td>Ancho: 21 mm<\/td>\n<\/tr>\n<tr>\n<td>Altura: 1.4 cm<\/td>\n<\/tr>\n<\/table>\n","protected":false},"excerpt":{"rendered":"<p>El convertidor hdmi a vga, modelo hd2vgamicro, permite conectar una salida hdmi desde un ultrabook, chromebook o computadora portatil a una pantalla o proyector vga. Al no requerir un adaptador externo de alimentacion y poseer un diseno compacto, este adaptador portatil hdmi a vga es un accesorio ideal para llevarlo en la funda de una computadora portatil.\u00a0ademas, este sencillo convertidor soporta la instalacion plug-and-play, lo cual permite una rapida configuracion y evita complicaciones. Este convertidor ofrece la maxima calidad de video, con soporte para resoluciones de hasta 1920&#215;1200\/1080p: una practica solucion para aumentar la productividad, ya que posibilita ampliar el escritorio de una computadora a un monitor secundario. El modelo hd2vgamicro esta respaldado con soporte tecnico gratuito de por vida.<\/p>\n","protected":false},"featured_media":212500,"comment_status":"open","ping_status":"open","template":"","meta":[],"product_cat":[1485,1492],"product_tag":[1590],"acf":[],"yoast_head":"<!-- This site is optimized with the Yoast SEO plugin v21.7 - https:\/\/yoast.com\/wordpress\/plugins\/seo\/ -->\n<title>[ Startech.com ] &#129351; Hd2vgamicro Adaptador De Video Portatil Hdmi A Vga - Hd15 - 1920x1200 - Mod.<\/title>\n<meta name=\"description\" content=\"Compra Hd2vgamicro Adaptador De Video Portatil Hdmi A Vga - Hd15 - 1920x1200 - Mod. + Env\u00edo a domicilio + Pago seguro + Garant\u00eda\" \/>\n<meta name=\"robots\" content=\"index, follow, max-snippet:-1, max-image-preview:large, max-video-preview:-1\" \/>\n<link rel=\"canonical\" href=\"https:\/\/compuviper.mx\/tienda\/producto\/startech-com-hd2vgamicro-adaptador-de-video-portatil-hdmi-a-vga-hd15-1920x1200-mod\/\" \/>\n<meta property=\"og:locale\" content=\"es_MX\" \/>\n<meta property=\"og:type\" content=\"article\" \/>\n<meta property=\"og:title\" content=\"[ Startech.com ] &#129351; Hd2vgamicro Adaptador De Video Portatil Hdmi A Vga - Hd15 - 1920x1200 - Mod.\" \/>\n<meta property=\"og:description\" content=\"Compra Hd2vgamicro Adaptador De Video Portatil Hdmi A Vga - Hd15 - 1920x1200 - Mod. + Env\u00edo a domicilio + Pago seguro + Garant\u00eda\" \/>\n<meta property=\"og:url\" content=\"https:\/\/compuviper.mx\/tienda\/producto\/startech-com-hd2vgamicro-adaptador-de-video-portatil-hdmi-a-vga-hd15-1920x1200-mod\/\" \/>\n<meta property=\"og:site_name\" content=\"Compuviper\" \/>\n<meta property=\"article:publisher\" content=\"https:\/\/www.facebook.com\/compuviper\" \/>\n<meta property=\"og:image\" content=\"https:\/\/compuviper.mx\/tienda\/wp-content\/uploads\/2023\/12\/Adaptador-de-video-portatil-hdmi-a-vga-hd15-1920x1200-startech.com-mod.-hd2vgamicro.jpg\" \/>\n\t<meta property=\"og:image:width\" content=\"200\" \/>\n\t<meta property=\"og:image:height\" content=\"200\" \/>\n\t<meta property=\"og:image:type\" content=\"image\/jpeg\" \/>\n<meta name=\"twitter:card\" content=\"summary_large_image\" \/>\n<meta name=\"twitter:label1\" content=\"Precio\" \/>\n\t<meta name=\"twitter:data1\" content=\"&#36;127 con IVA\" \/>\n\t<meta name=\"twitter:label2\" content=\"Availability\" \/>\n\t<meta name=\"twitter:data2\" content=\"Out of stock\" \/>\n<script type=\"application\/ld+json\" class=\"yoast-schema-graph\">{\"@context\":\"https:\/\/schema.org\",\"@graph\":[{\"@type\":\"WebPage\",\"@id\":\"https:\/\/compuviper.mx\/tienda\/producto\/startech-com-hd2vgamicro-adaptador-de-video-portatil-hdmi-a-vga-hd15-1920x1200-mod\/\",\"url\":\"https:\/\/compuviper.mx\/tienda\/producto\/startech-com-hd2vgamicro-adaptador-de-video-portatil-hdmi-a-vga-hd15-1920x1200-mod\/\",\"name\":\"[ Startech.com ] &#129351; Hd2vgamicro Adaptador De Video Portatil Hdmi A Vga - Hd15 - 1920x1200 - Mod.\",\"isPartOf\":{\"@id\":\"https:\/\/compuviper.mx\/tienda\/#website\"},\"datePublished\":\"2026-04-02T05:31:48+00:00\",\"dateModified\":\"2026-04-02T05:31:48+00:00\",\"description\":\"Compra Hd2vgamicro Adaptador De Video Portatil Hdmi A Vga - Hd15 - 1920x1200 - Mod. + Env\u00edo a domicilio + Pago seguro + Garant\u00eda\",\"breadcrumb\":{\"@id\":\"https:\/\/compuviper.mx\/tienda\/producto\/startech-com-hd2vgamicro-adaptador-de-video-portatil-hdmi-a-vga-hd15-1920x1200-mod\/#breadcrumb\"},\"inLanguage\":\"es-MX\",\"potentialAction\":[{\"@type\":\"ReadAction\",\"target\":[\"https:\/\/compuviper.mx\/tienda\/producto\/startech-com-hd2vgamicro-adaptador-de-video-portatil-hdmi-a-vga-hd15-1920x1200-mod\/\"]}]},{\"@type\":\"BreadcrumbList\",\"@id\":\"https:\/\/compuviper.mx\/tienda\/producto\/startech-com-hd2vgamicro-adaptador-de-video-portatil-hdmi-a-vga-hd15-1920x1200-mod\/#breadcrumb\",\"itemListElement\":[{\"@type\":\"ListItem\",\"position\":1,\"name\":\"Inicio\",\"item\":\"https:\/\/compuviper.mx\/tienda\/\"},{\"@type\":\"ListItem\",\"position\":2,\"name\":\"Productos\",\"item\":\"https:\/\/compuviper.mx\/tienda\/productos\/\"},{\"@type\":\"ListItem\",\"position\":3,\"name\":\"Accesorios\",\"item\":\"https:\/\/compuviper.mx\/tienda\/categoria-producto\/accesorios\/\"},{\"@type\":\"ListItem\",\"position\":4,\"name\":\"Adaptadores\",\"item\":\"https:\/\/compuviper.mx\/tienda\/categoria-producto\/accesorios\/adaptadores\/\"},{\"@type\":\"ListItem\",\"position\":5,\"name\":\"Startech.com Hd2vgamicro Adaptador De Video Portatil Hdmi A Vga &#8211; Hd15 &#8211; 1920&#215;1200 &#8211; Mod.\"}]},{\"@type\":\"WebSite\",\"@id\":\"https:\/\/compuviper.mx\/tienda\/#website\",\"url\":\"https:\/\/compuviper.mx\/tienda\/\",\"name\":\"Compuviper\",\"description\":\"Proveedor de Computadoras, Laptops, Servidores, Monitores, Puntos de Venta, Teclados,   Impresoras, T\u00f3ner, C\u00e1maras de Seguridad y m\u00e1s en tu tienda en l\u00ednea\",\"publisher\":{\"@id\":\"https:\/\/compuviper.mx\/tienda\/#organization\"},\"potentialAction\":[{\"@type\":\"SearchAction\",\"target\":{\"@type\":\"EntryPoint\",\"urlTemplate\":\"https:\/\/compuviper.mx\/tienda\/?s={search_term_string}\"},\"query-input\":\"required name=search_term_string\"}],\"inLanguage\":\"es-MX\"},{\"@type\":\"Organization\",\"@id\":\"https:\/\/compuviper.mx\/tienda\/#organization\",\"name\":\"Compuviper\",\"url\":\"https:\/\/compuviper.mx\/tienda\/\",\"logo\":{\"@type\":\"ImageObject\",\"inLanguage\":\"es-MX\",\"@id\":\"https:\/\/compuviper.mx\/tienda\/#\/schema\/logo\/image\/\",\"url\":\"https:\/\/compuviper.mx\/tienda\/wp-content\/uploads\/2021\/08\/Logo-Compuviper-10.png\",\"contentUrl\":\"https:\/\/compuviper.mx\/tienda\/wp-content\/uploads\/2021\/08\/Logo-Compuviper-10.png\",\"width\":1000,\"height\":500,\"caption\":\"Compuviper\"},\"image\":{\"@id\":\"https:\/\/compuviper.mx\/tienda\/#\/schema\/logo\/image\/\"},\"sameAs\":[\"https:\/\/www.facebook.com\/compuviper\",\"https:\/\/www.youtube.com\/channel\/UCf73dERp9Y3cfOq7q8BhLjA?view_as=subscriber\"]}]}<\/script>\n<meta property=\"product:brand\" content=\"STARTECH.COM\" \/>\n<meta property=\"product:price:amount\" content=\"127\" \/>\n<meta property=\"product:price:currency\" content=\"MXN\" \/>\n<meta property=\"og:availability\" content=\"out of stock\" \/>\n<meta property=\"product:availability\" content=\"out of stock\" \/>\n<meta property=\"product:retailer_item_id\" content=\"HD2VGAMICRO\" \/>\n<meta property=\"product:condition\" content=\"new\" \/>\n<!-- \/ Yoast SEO plugin. -->","yoast_head_json":{"title":"[ Startech.com ] &#129351; Hd2vgamicro Adaptador De Video Portatil Hdmi A Vga - Hd15 - 1920x1200 - Mod.","description":"Compra Hd2vgamicro Adaptador De Video Portatil Hdmi A Vga - Hd15 - 1920x1200 - Mod. + Env\u00edo a domicilio + Pago seguro + Garant\u00eda","robots":{"index":"index","follow":"follow","max-snippet":"max-snippet:-1","max-image-preview":"max-image-preview:large","max-video-preview":"max-video-preview:-1"},"canonical":"https:\/\/compuviper.mx\/tienda\/producto\/startech-com-hd2vgamicro-adaptador-de-video-portatil-hdmi-a-vga-hd15-1920x1200-mod\/","og_locale":"es_MX","og_type":"article","og_title":"[ Startech.com ] &#129351; Hd2vgamicro Adaptador De Video Portatil Hdmi A Vga - Hd15 - 1920x1200 - Mod.","og_description":"Compra Hd2vgamicro Adaptador De Video Portatil Hdmi A Vga - Hd15 - 1920x1200 - Mod. + Env\u00edo a domicilio + Pago seguro + Garant\u00eda","og_url":"https:\/\/compuviper.mx\/tienda\/producto\/startech-com-hd2vgamicro-adaptador-de-video-portatil-hdmi-a-vga-hd15-1920x1200-mod\/","og_site_name":"Compuviper","article_publisher":"https:\/\/www.facebook.com\/compuviper","og_image":[{"width":200,"height":200,"url":"https:\/\/compuviper.mx\/tienda\/wp-content\/uploads\/2023\/12\/Adaptador-de-video-portatil-hdmi-a-vga-hd15-1920x1200-startech.com-mod.-hd2vgamicro.jpg","type":"image\/jpeg"}],"twitter_card":"summary_large_image","twitter_misc":{"Precio":"&#36;127 con IVA","Availability":"Out of stock"},"schema":{"@context":"https:\/\/schema.org","@graph":[{"@type":"WebPage","@id":"https:\/\/compuviper.mx\/tienda\/producto\/startech-com-hd2vgamicro-adaptador-de-video-portatil-hdmi-a-vga-hd15-1920x1200-mod\/","url":"https:\/\/compuviper.mx\/tienda\/producto\/startech-com-hd2vgamicro-adaptador-de-video-portatil-hdmi-a-vga-hd15-1920x1200-mod\/","name":"[ Startech.com ] &#129351; Hd2vgamicro Adaptador De Video Portatil Hdmi A Vga - Hd15 - 1920x1200 - Mod.","isPartOf":{"@id":"https:\/\/compuviper.mx\/tienda\/#website"},"datePublished":"2026-04-02T05:31:48+00:00","dateModified":"2026-04-02T05:31:48+00:00","description":"Compra Hd2vgamicro Adaptador De Video Portatil Hdmi A Vga - Hd15 - 1920x1200 - Mod. + Env\u00edo a domicilio + Pago seguro + Garant\u00eda","breadcrumb":{"@id":"https:\/\/compuviper.mx\/tienda\/producto\/startech-com-hd2vgamicro-adaptador-de-video-portatil-hdmi-a-vga-hd15-1920x1200-mod\/#breadcrumb"},"inLanguage":"es-MX","potentialAction":[{"@type":"ReadAction","target":["https:\/\/compuviper.mx\/tienda\/producto\/startech-com-hd2vgamicro-adaptador-de-video-portatil-hdmi-a-vga-hd15-1920x1200-mod\/"]}]},{"@type":"BreadcrumbList","@id":"https:\/\/compuviper.mx\/tienda\/producto\/startech-com-hd2vgamicro-adaptador-de-video-portatil-hdmi-a-vga-hd15-1920x1200-mod\/#breadcrumb","itemListElement":[{"@type":"ListItem","position":1,"name":"Inicio","item":"https:\/\/compuviper.mx\/tienda\/"},{"@type":"ListItem","position":2,"name":"Productos","item":"https:\/\/compuviper.mx\/tienda\/productos\/"},{"@type":"ListItem","position":3,"name":"Accesorios","item":"https:\/\/compuviper.mx\/tienda\/categoria-producto\/accesorios\/"},{"@type":"ListItem","position":4,"name":"Adaptadores","item":"https:\/\/compuviper.mx\/tienda\/categoria-producto\/accesorios\/adaptadores\/"},{"@type":"ListItem","position":5,"name":"Startech.com Hd2vgamicro Adaptador De Video Portatil Hdmi A Vga &#8211; Hd15 &#8211; 1920&#215;1200 &#8211; Mod."}]},{"@type":"WebSite","@id":"https:\/\/compuviper.mx\/tienda\/#website","url":"https:\/\/compuviper.mx\/tienda\/","name":"Compuviper","description":"Proveedor de Computadoras, Laptops, Servidores, Monitores, Puntos de Venta, Teclados,   Impresoras, T\u00f3ner, C\u00e1maras de Seguridad y m\u00e1s en tu tienda en l\u00ednea","publisher":{"@id":"https:\/\/compuviper.mx\/tienda\/#organization"},"potentialAction":[{"@type":"SearchAction","target":{"@type":"EntryPoint","urlTemplate":"https:\/\/compuviper.mx\/tienda\/?s={search_term_string}"},"query-input":"required name=search_term_string"}],"inLanguage":"es-MX"},{"@type":"Organization","@id":"https:\/\/compuviper.mx\/tienda\/#organization","name":"Compuviper","url":"https:\/\/compuviper.mx\/tienda\/","logo":{"@type":"ImageObject","inLanguage":"es-MX","@id":"https:\/\/compuviper.mx\/tienda\/#\/schema\/logo\/image\/","url":"https:\/\/compuviper.mx\/tienda\/wp-content\/uploads\/2021\/08\/Logo-Compuviper-10.png","contentUrl":"https:\/\/compuviper.mx\/tienda\/wp-content\/uploads\/2021\/08\/Logo-Compuviper-10.png","width":1000,"height":500,"caption":"Compuviper"},"image":{"@id":"https:\/\/compuviper.mx\/tienda\/#\/schema\/logo\/image\/"},"sameAs":["https:\/\/www.facebook.com\/compuviper","https:\/\/www.youtube.com\/channel\/UCf73dERp9Y3cfOq7q8BhLjA?view_as=subscriber"]}]},"product_brand":"STARTECH.COM","product_price_amount":"127","product_price_currency":"MXN","og_availability":"out of stock","product_availability":"out of stock","product_retailer_item_id":"HD2VGAMICRO","product_condition":"new"},"_links":{"self":[{"href":"https:\/\/compuviper.mx\/tienda\/wp-json\/wp\/v2\/product\/212499"}],"collection":[{"href":"https:\/\/compuviper.mx\/tienda\/wp-json\/wp\/v2\/product"}],"about":[{"href":"https:\/\/compuviper.mx\/tienda\/wp-json\/wp\/v2\/types\/product"}],"replies":[{"embeddable":true,"href":"https:\/\/compuviper.mx\/tienda\/wp-json\/wp\/v2\/comments?post=212499"}],"wp:featuredmedia":[{"embeddable":true,"href":"https:\/\/compuviper.mx\/tienda\/wp-json\/wp\/v2\/media\/212500"}],"wp:attachment":[{"href":"https:\/\/compuviper.mx\/tienda\/wp-json\/wp\/v2\/media?parent=212499"}],"wp:term":[{"taxonomy":"product_cat","embeddable":true,"href":"https:\/\/compuviper.mx\/tienda\/wp-json\/wp\/v2\/product_cat?post=212499"},{"taxonomy":"product_tag","embeddable":true,"href":"https:\/\/compuviper.mx\/tienda\/wp-json\/wp\/v2\/product_tag?post=212499"}],"curies":[{"name":"wp","href":"https:\/\/api.w.org\/{rel}","templated":true}]}}