{"id":212489,"date":"2026-04-01T23:31:46","date_gmt":"2026-04-02T05:31:46","guid":{"rendered":"https:\/\/compuviper.mx\/tienda\/producto\/startech-com-sat32m225-adaptador-ssd-m-2-ngff-a-sata-de-2-5-pulgadas-m-2-a-sata-mod\/"},"modified":"2026-04-01T23:31:46","modified_gmt":"2026-04-02T05:31:46","slug":"startech-com-sat32m225-adaptador-ssd-m-2-ngff-a-sata-de-2-5-pulgadas-m-2-a-sata-mod","status":"publish","type":"product","link":"https:\/\/compuviper.mx\/tienda\/producto\/startech-com-sat32m225-adaptador-ssd-m-2-ngff-a-sata-de-2-5-pulgadas-m-2-a-sata-mod\/","title":{"rendered":"Startech.com Sat32m225 Adaptador Ssd M.2 Ngff A Sata De 2.5 Pulgadas &#8211; M.2 A Sata &#8211;  Mod."},"content":{"rendered":"<table class=\"descripcion\">\n<tr>\n<td>Hardware<\/td>\n<\/tr>\n<tr>\n<td>Altura(s) posible(s) de la unidad : 2280<\/td>\n<\/tr>\n<tr>\n<td>Cantidad de unidades : 1<\/td>\n<\/tr>\n<tr>\n<td>Instalaci\u00f3n de la unidad : fijo<\/td>\n<\/tr>\n<tr>\n<td>Interfaz : sata<\/td>\n<\/tr>\n<tr>\n<td>Unidades compatibles : m.2 (sata, b-key, ngff)<\/td>\n<\/tr>\n<tr>\n<td>Rendimiento<\/td>\n<\/tr>\n<tr>\n<td>Especificaciones generales : no compatible con ssd ahci pci-express o m.2 nvme<\/td>\n<\/tr>\n<tr>\n<td>Soporta hot swap  : no<\/td>\n<\/tr>\n<tr>\n<td>Tasa de transferencia de datos m\u00e1xima : 6 gbps<\/td>\n<\/tr>\n<tr>\n<td>Tipo y velocidad : sata iii (6 gbps)<\/td>\n<\/tr>\n<tr>\n<td>Software<\/td>\n<\/tr>\n<tr>\n<td>Compatibilidad os : os independent; no software or drivers required<\/td>\n<\/tr>\n<tr>\n<td>Hardware<\/td>\n<\/tr>\n<tr>\n<td>Altura(s) posible(s) de la unidad : 2260<\/td>\n<\/tr>\n<tr>\n<td>Altura(s) posible(s) de la unidad : 2242<\/td>\n<\/tr>\n<tr>\n<td>Altura(s) posible(s) de la unidad : 2230<\/td>\n<\/tr>\n<tr>\n<td>Conector(es)<\/td>\n<\/tr>\n<tr>\n<td>Conectores del host : combinaci\u00f3n de alimentaci\u00f3n y datos por sata (7+15 pines)<\/td>\n<\/tr>\n<tr>\n<td>Conectores de la unidad : m.2 (sata, b-key, ngff)<\/td>\n<\/tr>\n<tr>\n<td>Caracter\u00edsticas f\u00edsicas<\/td>\n<\/tr>\n<tr>\n<td>Peso del producto : 36 g<\/td>\n<\/tr>\n<tr>\n<td>Longitud del producto : 10 cm<\/td>\n<\/tr>\n<tr>\n<td>Ancho del producto : 70 mm<\/td>\n<\/tr>\n<tr>\n<td>Altura del producto : 0.7 cm<\/td>\n<\/tr>\n<\/table>\n","protected":false},"excerpt":{"rendered":"<p>Permite aumentar considerablemente el rendimiento del sistema al incorporar la velocidad de una unidad m.2 ssd en cualquier aplicaci\u00f3n de disco duro sata de 2.5, mediante el adaptador m.2 ssd a sata, modelo sat32m225. Se aprovecha todo el potencial de un controlador sata iii, mediante un\u00a0disco m.2 ssd que evita los cuellos de botella en las transferencias de datos, gracias a velocidades de transferencia de hasta 6 gbps. Los discos m.2 ssd tambi\u00e9n permiten ahorrar dinero, ya que reducen el consumo el\u00e9ctrico, en contraste con las unidades convencionales de disco. Ayuda a proteger el funcionamiento de una unidad, gracias al dise\u00f1o de marco abierto, el cual maximiza la disipaci\u00f3n del calor. El modelo sat32m225 cuenta con soporte t\u00e9cnico de por vida.<\/p>\n","protected":false},"featured_media":212490,"comment_status":"open","ping_status":"open","template":"","meta":[],"product_cat":[1485,1492],"product_tag":[1590],"acf":[],"yoast_head":"<!-- This site is optimized with the Yoast SEO plugin v21.7 - https:\/\/yoast.com\/wordpress\/plugins\/seo\/ -->\n<title>[ Startech.com ] &#129351; Sat32m225 Adaptador Ssd M.2 Ngff A Sata De 2.5 Pulgadas - M.2 A Sata - Mod.<\/title>\n<meta name=\"description\" content=\"Compra Sat32m225 Adaptador Ssd M.2 Ngff A Sata De 2.5 Pulgadas - M.2 A Sata - Mod. + Env\u00edo a domicilio + Pago seguro + Garant\u00eda\" \/>\n<meta name=\"robots\" content=\"index, follow, max-snippet:-1, max-image-preview:large, max-video-preview:-1\" \/>\n<link rel=\"canonical\" href=\"https:\/\/compuviper.mx\/tienda\/producto\/startech-com-sat32m225-adaptador-ssd-m-2-ngff-a-sata-de-2-5-pulgadas-m-2-a-sata-mod\/\" \/>\n<meta property=\"og:locale\" content=\"es_MX\" \/>\n<meta property=\"og:type\" content=\"article\" \/>\n<meta property=\"og:title\" content=\"[ Startech.com ] &#129351; Sat32m225 Adaptador Ssd M.2 Ngff A Sata De 2.5 Pulgadas - M.2 A Sata - Mod.\" \/>\n<meta property=\"og:description\" content=\"Compra Sat32m225 Adaptador Ssd M.2 Ngff A Sata De 2.5 Pulgadas - M.2 A Sata - Mod. + Env\u00edo a domicilio + Pago seguro + Garant\u00eda\" \/>\n<meta property=\"og:url\" content=\"https:\/\/compuviper.mx\/tienda\/producto\/startech-com-sat32m225-adaptador-ssd-m-2-ngff-a-sata-de-2-5-pulgadas-m-2-a-sata-mod\/\" \/>\n<meta property=\"og:site_name\" content=\"Compuviper\" \/>\n<meta property=\"article:publisher\" content=\"https:\/\/www.facebook.com\/compuviper\" \/>\n<meta property=\"og:image\" content=\"https:\/\/compuviper.mx\/tienda\/wp-content\/uploads\/2023\/12\/Adaptador-ssd-m.2-ngff-a-sata-de-2.5-pulgadas-m.2-a-sata-startech.com-mod.-sat32m225.jpg\" \/>\n\t<meta property=\"og:image:width\" content=\"200\" \/>\n\t<meta property=\"og:image:height\" content=\"200\" \/>\n\t<meta property=\"og:image:type\" content=\"image\/jpeg\" \/>\n<meta name=\"twitter:card\" content=\"summary_large_image\" \/>\n<meta name=\"twitter:label1\" content=\"Precio\" \/>\n\t<meta name=\"twitter:data1\" content=\"&#36;433 con IVA\" \/>\n\t<meta name=\"twitter:label2\" content=\"Availability\" \/>\n\t<meta name=\"twitter:data2\" content=\"Out of stock\" \/>\n<script type=\"application\/ld+json\" class=\"yoast-schema-graph\">{\"@context\":\"https:\/\/schema.org\",\"@graph\":[{\"@type\":\"WebPage\",\"@id\":\"https:\/\/compuviper.mx\/tienda\/producto\/startech-com-sat32m225-adaptador-ssd-m-2-ngff-a-sata-de-2-5-pulgadas-m-2-a-sata-mod\/\",\"url\":\"https:\/\/compuviper.mx\/tienda\/producto\/startech-com-sat32m225-adaptador-ssd-m-2-ngff-a-sata-de-2-5-pulgadas-m-2-a-sata-mod\/\",\"name\":\"[ Startech.com ] &#129351; Sat32m225 Adaptador Ssd M.2 Ngff A Sata De 2.5 Pulgadas - M.2 A Sata - Mod.\",\"isPartOf\":{\"@id\":\"https:\/\/compuviper.mx\/tienda\/#website\"},\"datePublished\":\"2026-04-02T05:31:46+00:00\",\"dateModified\":\"2026-04-02T05:31:46+00:00\",\"description\":\"Compra Sat32m225 Adaptador Ssd M.2 Ngff A Sata De 2.5 Pulgadas - M.2 A Sata - Mod. + Env\u00edo a domicilio + Pago seguro + Garant\u00eda\",\"breadcrumb\":{\"@id\":\"https:\/\/compuviper.mx\/tienda\/producto\/startech-com-sat32m225-adaptador-ssd-m-2-ngff-a-sata-de-2-5-pulgadas-m-2-a-sata-mod\/#breadcrumb\"},\"inLanguage\":\"es-MX\",\"potentialAction\":[{\"@type\":\"ReadAction\",\"target\":[\"https:\/\/compuviper.mx\/tienda\/producto\/startech-com-sat32m225-adaptador-ssd-m-2-ngff-a-sata-de-2-5-pulgadas-m-2-a-sata-mod\/\"]}]},{\"@type\":\"BreadcrumbList\",\"@id\":\"https:\/\/compuviper.mx\/tienda\/producto\/startech-com-sat32m225-adaptador-ssd-m-2-ngff-a-sata-de-2-5-pulgadas-m-2-a-sata-mod\/#breadcrumb\",\"itemListElement\":[{\"@type\":\"ListItem\",\"position\":1,\"name\":\"Inicio\",\"item\":\"https:\/\/compuviper.mx\/tienda\/\"},{\"@type\":\"ListItem\",\"position\":2,\"name\":\"Productos\",\"item\":\"https:\/\/compuviper.mx\/tienda\/productos\/\"},{\"@type\":\"ListItem\",\"position\":3,\"name\":\"Accesorios\",\"item\":\"https:\/\/compuviper.mx\/tienda\/categoria-producto\/accesorios\/\"},{\"@type\":\"ListItem\",\"position\":4,\"name\":\"Adaptadores\",\"item\":\"https:\/\/compuviper.mx\/tienda\/categoria-producto\/accesorios\/adaptadores\/\"},{\"@type\":\"ListItem\",\"position\":5,\"name\":\"Startech.com Sat32m225 Adaptador Ssd M.2 Ngff A Sata De 2.5 Pulgadas &#8211; M.2 A Sata &#8211; Mod.\"}]},{\"@type\":\"WebSite\",\"@id\":\"https:\/\/compuviper.mx\/tienda\/#website\",\"url\":\"https:\/\/compuviper.mx\/tienda\/\",\"name\":\"Compuviper\",\"description\":\"Proveedor de Computadoras, Laptops, Servidores, Monitores, Puntos de Venta, Teclados,   Impresoras, T\u00f3ner, C\u00e1maras de Seguridad y m\u00e1s en tu tienda en l\u00ednea\",\"publisher\":{\"@id\":\"https:\/\/compuviper.mx\/tienda\/#organization\"},\"potentialAction\":[{\"@type\":\"SearchAction\",\"target\":{\"@type\":\"EntryPoint\",\"urlTemplate\":\"https:\/\/compuviper.mx\/tienda\/?s={search_term_string}\"},\"query-input\":\"required name=search_term_string\"}],\"inLanguage\":\"es-MX\"},{\"@type\":\"Organization\",\"@id\":\"https:\/\/compuviper.mx\/tienda\/#organization\",\"name\":\"Compuviper\",\"url\":\"https:\/\/compuviper.mx\/tienda\/\",\"logo\":{\"@type\":\"ImageObject\",\"inLanguage\":\"es-MX\",\"@id\":\"https:\/\/compuviper.mx\/tienda\/#\/schema\/logo\/image\/\",\"url\":\"https:\/\/compuviper.mx\/tienda\/wp-content\/uploads\/2021\/08\/Logo-Compuviper-10.png\",\"contentUrl\":\"https:\/\/compuviper.mx\/tienda\/wp-content\/uploads\/2021\/08\/Logo-Compuviper-10.png\",\"width\":1000,\"height\":500,\"caption\":\"Compuviper\"},\"image\":{\"@id\":\"https:\/\/compuviper.mx\/tienda\/#\/schema\/logo\/image\/\"},\"sameAs\":[\"https:\/\/www.facebook.com\/compuviper\",\"https:\/\/www.youtube.com\/channel\/UCf73dERp9Y3cfOq7q8BhLjA?view_as=subscriber\"]}]}<\/script>\n<meta property=\"product:brand\" content=\"STARTECH.COM\" \/>\n<meta property=\"product:price:amount\" content=\"433\" \/>\n<meta property=\"product:price:currency\" content=\"MXN\" \/>\n<meta property=\"og:availability\" content=\"out of stock\" \/>\n<meta property=\"product:availability\" content=\"out of stock\" \/>\n<meta property=\"product:retailer_item_id\" content=\"SAT32M225\" \/>\n<meta property=\"product:condition\" content=\"new\" \/>\n<!-- \/ Yoast SEO plugin. -->","yoast_head_json":{"title":"[ Startech.com ] &#129351; Sat32m225 Adaptador Ssd M.2 Ngff A Sata De 2.5 Pulgadas - M.2 A Sata - Mod.","description":"Compra Sat32m225 Adaptador Ssd M.2 Ngff A Sata De 2.5 Pulgadas - M.2 A Sata - Mod. + Env\u00edo a domicilio + Pago seguro + Garant\u00eda","robots":{"index":"index","follow":"follow","max-snippet":"max-snippet:-1","max-image-preview":"max-image-preview:large","max-video-preview":"max-video-preview:-1"},"canonical":"https:\/\/compuviper.mx\/tienda\/producto\/startech-com-sat32m225-adaptador-ssd-m-2-ngff-a-sata-de-2-5-pulgadas-m-2-a-sata-mod\/","og_locale":"es_MX","og_type":"article","og_title":"[ Startech.com ] &#129351; Sat32m225 Adaptador Ssd M.2 Ngff A Sata De 2.5 Pulgadas - M.2 A Sata - Mod.","og_description":"Compra Sat32m225 Adaptador Ssd M.2 Ngff A Sata De 2.5 Pulgadas - M.2 A Sata - Mod. + Env\u00edo a domicilio + Pago seguro + Garant\u00eda","og_url":"https:\/\/compuviper.mx\/tienda\/producto\/startech-com-sat32m225-adaptador-ssd-m-2-ngff-a-sata-de-2-5-pulgadas-m-2-a-sata-mod\/","og_site_name":"Compuviper","article_publisher":"https:\/\/www.facebook.com\/compuviper","og_image":[{"width":200,"height":200,"url":"https:\/\/compuviper.mx\/tienda\/wp-content\/uploads\/2023\/12\/Adaptador-ssd-m.2-ngff-a-sata-de-2.5-pulgadas-m.2-a-sata-startech.com-mod.-sat32m225.jpg","type":"image\/jpeg"}],"twitter_card":"summary_large_image","twitter_misc":{"Precio":"&#36;433 con IVA","Availability":"Out of stock"},"schema":{"@context":"https:\/\/schema.org","@graph":[{"@type":"WebPage","@id":"https:\/\/compuviper.mx\/tienda\/producto\/startech-com-sat32m225-adaptador-ssd-m-2-ngff-a-sata-de-2-5-pulgadas-m-2-a-sata-mod\/","url":"https:\/\/compuviper.mx\/tienda\/producto\/startech-com-sat32m225-adaptador-ssd-m-2-ngff-a-sata-de-2-5-pulgadas-m-2-a-sata-mod\/","name":"[ Startech.com ] &#129351; Sat32m225 Adaptador Ssd M.2 Ngff A Sata De 2.5 Pulgadas - M.2 A Sata - Mod.","isPartOf":{"@id":"https:\/\/compuviper.mx\/tienda\/#website"},"datePublished":"2026-04-02T05:31:46+00:00","dateModified":"2026-04-02T05:31:46+00:00","description":"Compra Sat32m225 Adaptador Ssd M.2 Ngff A Sata De 2.5 Pulgadas - M.2 A Sata - Mod. + Env\u00edo a domicilio + Pago seguro + Garant\u00eda","breadcrumb":{"@id":"https:\/\/compuviper.mx\/tienda\/producto\/startech-com-sat32m225-adaptador-ssd-m-2-ngff-a-sata-de-2-5-pulgadas-m-2-a-sata-mod\/#breadcrumb"},"inLanguage":"es-MX","potentialAction":[{"@type":"ReadAction","target":["https:\/\/compuviper.mx\/tienda\/producto\/startech-com-sat32m225-adaptador-ssd-m-2-ngff-a-sata-de-2-5-pulgadas-m-2-a-sata-mod\/"]}]},{"@type":"BreadcrumbList","@id":"https:\/\/compuviper.mx\/tienda\/producto\/startech-com-sat32m225-adaptador-ssd-m-2-ngff-a-sata-de-2-5-pulgadas-m-2-a-sata-mod\/#breadcrumb","itemListElement":[{"@type":"ListItem","position":1,"name":"Inicio","item":"https:\/\/compuviper.mx\/tienda\/"},{"@type":"ListItem","position":2,"name":"Productos","item":"https:\/\/compuviper.mx\/tienda\/productos\/"},{"@type":"ListItem","position":3,"name":"Accesorios","item":"https:\/\/compuviper.mx\/tienda\/categoria-producto\/accesorios\/"},{"@type":"ListItem","position":4,"name":"Adaptadores","item":"https:\/\/compuviper.mx\/tienda\/categoria-producto\/accesorios\/adaptadores\/"},{"@type":"ListItem","position":5,"name":"Startech.com Sat32m225 Adaptador Ssd M.2 Ngff A Sata De 2.5 Pulgadas &#8211; M.2 A Sata &#8211; Mod."}]},{"@type":"WebSite","@id":"https:\/\/compuviper.mx\/tienda\/#website","url":"https:\/\/compuviper.mx\/tienda\/","name":"Compuviper","description":"Proveedor de Computadoras, Laptops, Servidores, Monitores, Puntos de Venta, Teclados,   Impresoras, T\u00f3ner, C\u00e1maras de Seguridad y m\u00e1s en tu tienda en l\u00ednea","publisher":{"@id":"https:\/\/compuviper.mx\/tienda\/#organization"},"potentialAction":[{"@type":"SearchAction","target":{"@type":"EntryPoint","urlTemplate":"https:\/\/compuviper.mx\/tienda\/?s={search_term_string}"},"query-input":"required name=search_term_string"}],"inLanguage":"es-MX"},{"@type":"Organization","@id":"https:\/\/compuviper.mx\/tienda\/#organization","name":"Compuviper","url":"https:\/\/compuviper.mx\/tienda\/","logo":{"@type":"ImageObject","inLanguage":"es-MX","@id":"https:\/\/compuviper.mx\/tienda\/#\/schema\/logo\/image\/","url":"https:\/\/compuviper.mx\/tienda\/wp-content\/uploads\/2021\/08\/Logo-Compuviper-10.png","contentUrl":"https:\/\/compuviper.mx\/tienda\/wp-content\/uploads\/2021\/08\/Logo-Compuviper-10.png","width":1000,"height":500,"caption":"Compuviper"},"image":{"@id":"https:\/\/compuviper.mx\/tienda\/#\/schema\/logo\/image\/"},"sameAs":["https:\/\/www.facebook.com\/compuviper","https:\/\/www.youtube.com\/channel\/UCf73dERp9Y3cfOq7q8BhLjA?view_as=subscriber"]}]},"product_brand":"STARTECH.COM","product_price_amount":"433","product_price_currency":"MXN","og_availability":"out of stock","product_availability":"out of stock","product_retailer_item_id":"SAT32M225","product_condition":"new"},"_links":{"self":[{"href":"https:\/\/compuviper.mx\/tienda\/wp-json\/wp\/v2\/product\/212489"}],"collection":[{"href":"https:\/\/compuviper.mx\/tienda\/wp-json\/wp\/v2\/product"}],"about":[{"href":"https:\/\/compuviper.mx\/tienda\/wp-json\/wp\/v2\/types\/product"}],"replies":[{"embeddable":true,"href":"https:\/\/compuviper.mx\/tienda\/wp-json\/wp\/v2\/comments?post=212489"}],"wp:featuredmedia":[{"embeddable":true,"href":"https:\/\/compuviper.mx\/tienda\/wp-json\/wp\/v2\/media\/212490"}],"wp:attachment":[{"href":"https:\/\/compuviper.mx\/tienda\/wp-json\/wp\/v2\/media?parent=212489"}],"wp:term":[{"taxonomy":"product_cat","embeddable":true,"href":"https:\/\/compuviper.mx\/tienda\/wp-json\/wp\/v2\/product_cat?post=212489"},{"taxonomy":"product_tag","embeddable":true,"href":"https:\/\/compuviper.mx\/tienda\/wp-json\/wp\/v2\/product_tag?post=212489"}],"curies":[{"name":"wp","href":"https:\/\/api.w.org\/{rel}","templated":true}]}}