{"id":212481,"date":"2026-04-14T23:34:44","date_gmt":"2026-04-15T05:34:44","guid":{"rendered":"https:\/\/compuviper.mx\/tienda\/producto\/startech-com-st4200mini2-hub-usb-2-0-de-4-puertos-concentrador-usb-2-0-de-4-puertos-con-cable-integrado-hub-portatil-usb-2-0-de-4-puertos-alimentado-por-el-bus-mod\/"},"modified":"2026-04-14T23:34:44","modified_gmt":"2026-04-15T05:34:44","slug":"startech-com-st4200mini2-hub-usb-2-0-de-4-puertos-concentrador-usb-2-0-de-4-puertos-con-cable-integrado-hub-portatil-usb-2-0-de-4-puertos-alimentado-por-el-bus-mod","status":"publish","type":"product","link":"https:\/\/compuviper.mx\/tienda\/producto\/startech-com-st4200mini2-hub-usb-2-0-de-4-puertos-concentrador-usb-2-0-de-4-puertos-con-cable-integrado-hub-portatil-usb-2-0-de-4-puertos-alimentado-por-el-bus-mod\/","title":{"rendered":"Startech.com St4200mini2 Hub Usb 2.0 De 4 Puertos &#8211; Concentrador Usb 2.0 De 4 Puertos Con Cable Integrado &#8211; Hub Portatil Usb 2.0 De 4 Puertos Alimentado Por El Bus &#8211;  Mod."},"content":{"rendered":"<table class=\"descripcion\">\n<tr>\n<td>Caracter\u00edsticas f\u00edsicas<\/td>\n<\/tr>\n<tr>\n<td>Altura del producto : 1.5 cm<\/td>\n<\/tr>\n<tr>\n<td>Ancho del producto : 27 mm<\/td>\n<\/tr>\n<tr>\n<td>Color : negro y plata<\/td>\n<\/tr>\n<tr>\n<td>Longitud del cable : 155 mm<\/td>\n<\/tr>\n<tr>\n<td>Longitud del producto : 82 mm<\/td>\n<\/tr>\n<tr>\n<td>Peso del producto : 33 g<\/td>\n<\/tr>\n<tr>\n<td>Tipo de gabinete : pl\u00e1stico<\/td>\n<\/tr>\n<tr>\n<td>Conector(es)<\/td>\n<\/tr>\n<tr>\n<td>Tipo(s) de conector(es) : usb type-a (4 pines) usb 2.0<\/td>\n<\/tr>\n<tr>\n<td>Contenido de la caja<\/td>\n<\/tr>\n<tr>\n<td>Incluido en la caja : concentrador usb 2.0<\/td>\n<\/tr>\n<tr>\n<td>Hardware<\/td>\n<\/tr>\n<tr>\n<td>Cantidad de puertos : 4<\/td>\n<\/tr>\n<tr>\n<td>Est\u00e1ndares industriales : usb 2.0<\/td>\n<\/tr>\n<tr>\n<td>Interfaz : usb 2.0<\/td>\n<\/tr>\n<tr>\n<td>Tipo de bus : usb 2.0<\/td>\n<\/tr>\n<tr>\n<td>Observaciones \/ requisitos<\/td>\n<\/tr>\n<tr>\n<td>Requerimientos del sistema y cables  : puerto usb type-a disponible &#8211; usb 2.0 (480gbps)<\/td>\n<\/tr>\n<tr>\n<td>Rendimiento<\/td>\n<\/tr>\n<tr>\n<td>Compatibilidad con uasp : no<\/td>\n<\/tr>\n<tr>\n<td>Mtbf : 282.485.876 horas<\/td>\n<\/tr>\n<tr>\n<td>Tasa de transferencia de datos m\u00e1xima : 480 mbps<\/td>\n<\/tr>\n<tr>\n<td>Tipo y velocidad : usb 2.0 &#8211; 480 mbit\/s<\/td>\n<\/tr>\n<\/table>\n","protected":false},"excerpt":{"rendered":"<p>Soluci\u00f3n sencilla y que resulta econ\u00f3mica para ampliar la conectividad de su computadora agregando puertos usb extra. Este concentrador usb de 4 puertos\u00a0convierte una conexi\u00f3n usb en cuatro conexiones\u00a0y adem\u00e1s tiene un dise\u00f1o compacto, con alimentaci\u00f3n por usb que resulta ideal al viajar\/desplazarse. Este vers\u00e1til concentrador incluye un cable integrado usb y alimentaci\u00f3n por bus, lo cual significa que obtiene la alimentaci\u00f3n directamente del puerto usb de su computadora. Dado que los cuatro puertos usb 2.0 del concentrador est\u00e1n situados lateralmente, el acceso a los puertos resulta m\u00e1s f\u00e1cil, as\u00ed como la conexi\u00f3n o desconexi\u00f3n de dispositivos. Se instala autom\u00e1ticamente cuando se conecta con una laptop o computadora de escritorio, para empezar a trabajar de inmediato. El modelo st4200mini2 cuenta con soporte t\u00e9cnico gratuito de por vida.<\/p>\n","protected":false},"featured_media":212482,"comment_status":"open","ping_status":"open","template":"","meta":[],"product_cat":[1485,1497],"product_tag":[1590],"acf":[],"yoast_head":"<!-- This site is optimized with the Yoast SEO plugin v21.7 - https:\/\/yoast.com\/wordpress\/plugins\/seo\/ -->\n<title>[ Startech.com ] &#129351; St4200mini2 Hub Usb 2.0 De 4 Puertos - Concentrador Usb 2.0 De 4 Puertos Con Cable Integrado - Hub Portatil Usb 2.0 De 4 Puertos Alimentado Por El Bus - Mod.<\/title>\n<meta name=\"description\" content=\"Compra St4200mini2 Hub Usb 2.0 De 4 Puertos - Concentrador Usb 2.0 De 4 Puertos Con Cable Integrado - Hub Portatil Usb 2.0 De 4 Puertos Alimentado Por El Bus - Mod. + Env\u00edo a domicilio + Pago seguro + Garant\u00eda\" \/>\n<meta name=\"robots\" content=\"index, follow, max-snippet:-1, max-image-preview:large, max-video-preview:-1\" \/>\n<link rel=\"canonical\" href=\"https:\/\/compuviper.mx\/tienda\/producto\/startech-com-st4200mini2-hub-usb-2-0-de-4-puertos-concentrador-usb-2-0-de-4-puertos-con-cable-integrado-hub-portatil-usb-2-0-de-4-puertos-alimentado-por-el-bus-mod\/\" \/>\n<meta property=\"og:locale\" content=\"es_MX\" \/>\n<meta property=\"og:type\" content=\"article\" \/>\n<meta property=\"og:title\" content=\"[ Startech.com ] &#129351; St4200mini2 Hub Usb 2.0 De 4 Puertos - Concentrador Usb 2.0 De 4 Puertos Con Cable Integrado - Hub Portatil Usb 2.0 De 4 Puertos Alimentado Por El Bus - Mod.\" \/>\n<meta property=\"og:description\" content=\"Compra St4200mini2 Hub Usb 2.0 De 4 Puertos - Concentrador Usb 2.0 De 4 Puertos Con Cable Integrado - Hub Portatil Usb 2.0 De 4 Puertos Alimentado Por El Bus - Mod. + Env\u00edo a domicilio + Pago seguro + Garant\u00eda\" \/>\n<meta property=\"og:url\" content=\"https:\/\/compuviper.mx\/tienda\/producto\/startech-com-st4200mini2-hub-usb-2-0-de-4-puertos-concentrador-usb-2-0-de-4-puertos-con-cable-integrado-hub-portatil-usb-2-0-de-4-puertos-alimentado-por-el-bus-mod\/\" \/>\n<meta property=\"og:site_name\" content=\"Compuviper\" \/>\n<meta property=\"article:publisher\" content=\"https:\/\/www.facebook.com\/compuviper\" \/>\n<meta property=\"og:image\" content=\"https:\/\/compuviper.mx\/tienda\/wp-content\/uploads\/2023\/12\/Hub-usb-2.0-de-4-puertos-concentrador-usb-2.0-de-4-puertos-con-cable-integrado-hub-portatil-usb-2.0-de-4-puertos-alimentado-por-el-bus-startech.com-mod.-st4200mini2.jpg\" \/>\n\t<meta property=\"og:image:width\" content=\"200\" \/>\n\t<meta property=\"og:image:height\" content=\"200\" \/>\n\t<meta property=\"og:image:type\" content=\"image\/jpeg\" \/>\n<meta name=\"twitter:card\" content=\"summary_large_image\" \/>\n<meta name=\"twitter:label1\" content=\"Precio\" \/>\n\t<meta name=\"twitter:data1\" content=\"&#36;226 con IVA\" \/>\n\t<meta name=\"twitter:label2\" content=\"Availability\" \/>\n\t<meta name=\"twitter:data2\" content=\"Out of stock\" \/>\n<script type=\"application\/ld+json\" class=\"yoast-schema-graph\">{\"@context\":\"https:\/\/schema.org\",\"@graph\":[{\"@type\":\"WebPage\",\"@id\":\"https:\/\/compuviper.mx\/tienda\/producto\/startech-com-st4200mini2-hub-usb-2-0-de-4-puertos-concentrador-usb-2-0-de-4-puertos-con-cable-integrado-hub-portatil-usb-2-0-de-4-puertos-alimentado-por-el-bus-mod\/\",\"url\":\"https:\/\/compuviper.mx\/tienda\/producto\/startech-com-st4200mini2-hub-usb-2-0-de-4-puertos-concentrador-usb-2-0-de-4-puertos-con-cable-integrado-hub-portatil-usb-2-0-de-4-puertos-alimentado-por-el-bus-mod\/\",\"name\":\"[ Startech.com ] &#129351; St4200mini2 Hub Usb 2.0 De 4 Puertos - Concentrador Usb 2.0 De 4 Puertos Con Cable Integrado - Hub Portatil Usb 2.0 De 4 Puertos Alimentado Por El Bus - Mod.\",\"isPartOf\":{\"@id\":\"https:\/\/compuviper.mx\/tienda\/#website\"},\"datePublished\":\"2026-04-15T05:34:44+00:00\",\"dateModified\":\"2026-04-15T05:34:44+00:00\",\"description\":\"Compra St4200mini2 Hub Usb 2.0 De 4 Puertos - Concentrador Usb 2.0 De 4 Puertos Con Cable Integrado - Hub Portatil Usb 2.0 De 4 Puertos Alimentado Por El Bus - Mod. + Env\u00edo a domicilio + Pago seguro + Garant\u00eda\",\"breadcrumb\":{\"@id\":\"https:\/\/compuviper.mx\/tienda\/producto\/startech-com-st4200mini2-hub-usb-2-0-de-4-puertos-concentrador-usb-2-0-de-4-puertos-con-cable-integrado-hub-portatil-usb-2-0-de-4-puertos-alimentado-por-el-bus-mod\/#breadcrumb\"},\"inLanguage\":\"es-MX\",\"potentialAction\":[{\"@type\":\"ReadAction\",\"target\":[\"https:\/\/compuviper.mx\/tienda\/producto\/startech-com-st4200mini2-hub-usb-2-0-de-4-puertos-concentrador-usb-2-0-de-4-puertos-con-cable-integrado-hub-portatil-usb-2-0-de-4-puertos-alimentado-por-el-bus-mod\/\"]}]},{\"@type\":\"BreadcrumbList\",\"@id\":\"https:\/\/compuviper.mx\/tienda\/producto\/startech-com-st4200mini2-hub-usb-2-0-de-4-puertos-concentrador-usb-2-0-de-4-puertos-con-cable-integrado-hub-portatil-usb-2-0-de-4-puertos-alimentado-por-el-bus-mod\/#breadcrumb\",\"itemListElement\":[{\"@type\":\"ListItem\",\"position\":1,\"name\":\"Inicio\",\"item\":\"https:\/\/compuviper.mx\/tienda\/\"},{\"@type\":\"ListItem\",\"position\":2,\"name\":\"Productos\",\"item\":\"https:\/\/compuviper.mx\/tienda\/productos\/\"},{\"@type\":\"ListItem\",\"position\":3,\"name\":\"Accesorios\",\"item\":\"https:\/\/compuviper.mx\/tienda\/categoria-producto\/accesorios\/\"},{\"@type\":\"ListItem\",\"position\":4,\"name\":\"Hub Usb\",\"item\":\"https:\/\/compuviper.mx\/tienda\/categoria-producto\/accesorios\/hub-usb\/\"},{\"@type\":\"ListItem\",\"position\":5,\"name\":\"Startech.com St4200mini2 Hub Usb 2.0 De 4 Puertos &#8211; Concentrador Usb 2.0 De 4 Puertos Con Cable Integrado &#8211; Hub Portatil Usb 2.0 De 4 Puertos Alimentado Por El Bus &#8211; Mod.\"}]},{\"@type\":\"WebSite\",\"@id\":\"https:\/\/compuviper.mx\/tienda\/#website\",\"url\":\"https:\/\/compuviper.mx\/tienda\/\",\"name\":\"Compuviper\",\"description\":\"Proveedor de Computadoras, Laptops, Servidores, Monitores, Puntos de Venta, Teclados,   Impresoras, T\u00f3ner, C\u00e1maras de Seguridad y m\u00e1s en tu tienda en l\u00ednea\",\"publisher\":{\"@id\":\"https:\/\/compuviper.mx\/tienda\/#organization\"},\"potentialAction\":[{\"@type\":\"SearchAction\",\"target\":{\"@type\":\"EntryPoint\",\"urlTemplate\":\"https:\/\/compuviper.mx\/tienda\/?s={search_term_string}\"},\"query-input\":\"required name=search_term_string\"}],\"inLanguage\":\"es-MX\"},{\"@type\":\"Organization\",\"@id\":\"https:\/\/compuviper.mx\/tienda\/#organization\",\"name\":\"Compuviper\",\"url\":\"https:\/\/compuviper.mx\/tienda\/\",\"logo\":{\"@type\":\"ImageObject\",\"inLanguage\":\"es-MX\",\"@id\":\"https:\/\/compuviper.mx\/tienda\/#\/schema\/logo\/image\/\",\"url\":\"https:\/\/compuviper.mx\/tienda\/wp-content\/uploads\/2021\/08\/Logo-Compuviper-10.png\",\"contentUrl\":\"https:\/\/compuviper.mx\/tienda\/wp-content\/uploads\/2021\/08\/Logo-Compuviper-10.png\",\"width\":1000,\"height\":500,\"caption\":\"Compuviper\"},\"image\":{\"@id\":\"https:\/\/compuviper.mx\/tienda\/#\/schema\/logo\/image\/\"},\"sameAs\":[\"https:\/\/www.facebook.com\/compuviper\",\"https:\/\/www.youtube.com\/channel\/UCf73dERp9Y3cfOq7q8BhLjA?view_as=subscriber\"]}]}<\/script>\n<meta property=\"product:brand\" content=\"STARTECH.COM\" \/>\n<meta property=\"product:price:amount\" content=\"226\" \/>\n<meta property=\"product:price:currency\" content=\"MXN\" \/>\n<meta property=\"og:availability\" content=\"out of stock\" \/>\n<meta property=\"product:availability\" content=\"out of stock\" \/>\n<meta property=\"product:retailer_item_id\" content=\"ST4200MINI2\" \/>\n<meta property=\"product:condition\" content=\"new\" \/>\n<!-- \/ Yoast SEO plugin. -->","yoast_head_json":{"title":"[ Startech.com ] &#129351; St4200mini2 Hub Usb 2.0 De 4 Puertos - Concentrador Usb 2.0 De 4 Puertos Con Cable Integrado - Hub Portatil Usb 2.0 De 4 Puertos Alimentado Por El Bus - Mod.","description":"Compra St4200mini2 Hub Usb 2.0 De 4 Puertos - Concentrador Usb 2.0 De 4 Puertos Con Cable Integrado - Hub Portatil Usb 2.0 De 4 Puertos Alimentado Por El Bus - Mod. + Env\u00edo a domicilio + Pago seguro + Garant\u00eda","robots":{"index":"index","follow":"follow","max-snippet":"max-snippet:-1","max-image-preview":"max-image-preview:large","max-video-preview":"max-video-preview:-1"},"canonical":"https:\/\/compuviper.mx\/tienda\/producto\/startech-com-st4200mini2-hub-usb-2-0-de-4-puertos-concentrador-usb-2-0-de-4-puertos-con-cable-integrado-hub-portatil-usb-2-0-de-4-puertos-alimentado-por-el-bus-mod\/","og_locale":"es_MX","og_type":"article","og_title":"[ Startech.com ] &#129351; St4200mini2 Hub Usb 2.0 De 4 Puertos - Concentrador Usb 2.0 De 4 Puertos Con Cable Integrado - Hub Portatil Usb 2.0 De 4 Puertos Alimentado Por El Bus - Mod.","og_description":"Compra St4200mini2 Hub Usb 2.0 De 4 Puertos - Concentrador Usb 2.0 De 4 Puertos Con Cable Integrado - Hub Portatil Usb 2.0 De 4 Puertos Alimentado Por El Bus - Mod. + Env\u00edo a domicilio + Pago seguro + Garant\u00eda","og_url":"https:\/\/compuviper.mx\/tienda\/producto\/startech-com-st4200mini2-hub-usb-2-0-de-4-puertos-concentrador-usb-2-0-de-4-puertos-con-cable-integrado-hub-portatil-usb-2-0-de-4-puertos-alimentado-por-el-bus-mod\/","og_site_name":"Compuviper","article_publisher":"https:\/\/www.facebook.com\/compuviper","og_image":[{"width":200,"height":200,"url":"https:\/\/compuviper.mx\/tienda\/wp-content\/uploads\/2023\/12\/Hub-usb-2.0-de-4-puertos-concentrador-usb-2.0-de-4-puertos-con-cable-integrado-hub-portatil-usb-2.0-de-4-puertos-alimentado-por-el-bus-startech.com-mod.-st4200mini2.jpg","type":"image\/jpeg"}],"twitter_card":"summary_large_image","twitter_misc":{"Precio":"&#36;226 con IVA","Availability":"Out of stock"},"schema":{"@context":"https:\/\/schema.org","@graph":[{"@type":"WebPage","@id":"https:\/\/compuviper.mx\/tienda\/producto\/startech-com-st4200mini2-hub-usb-2-0-de-4-puertos-concentrador-usb-2-0-de-4-puertos-con-cable-integrado-hub-portatil-usb-2-0-de-4-puertos-alimentado-por-el-bus-mod\/","url":"https:\/\/compuviper.mx\/tienda\/producto\/startech-com-st4200mini2-hub-usb-2-0-de-4-puertos-concentrador-usb-2-0-de-4-puertos-con-cable-integrado-hub-portatil-usb-2-0-de-4-puertos-alimentado-por-el-bus-mod\/","name":"[ Startech.com ] &#129351; St4200mini2 Hub Usb 2.0 De 4 Puertos - Concentrador Usb 2.0 De 4 Puertos Con Cable Integrado - Hub Portatil Usb 2.0 De 4 Puertos Alimentado Por El Bus - Mod.","isPartOf":{"@id":"https:\/\/compuviper.mx\/tienda\/#website"},"datePublished":"2026-04-15T05:34:44+00:00","dateModified":"2026-04-15T05:34:44+00:00","description":"Compra St4200mini2 Hub Usb 2.0 De 4 Puertos - Concentrador Usb 2.0 De 4 Puertos Con Cable Integrado - Hub Portatil Usb 2.0 De 4 Puertos Alimentado Por El Bus - Mod. + Env\u00edo a domicilio + Pago seguro + Garant\u00eda","breadcrumb":{"@id":"https:\/\/compuviper.mx\/tienda\/producto\/startech-com-st4200mini2-hub-usb-2-0-de-4-puertos-concentrador-usb-2-0-de-4-puertos-con-cable-integrado-hub-portatil-usb-2-0-de-4-puertos-alimentado-por-el-bus-mod\/#breadcrumb"},"inLanguage":"es-MX","potentialAction":[{"@type":"ReadAction","target":["https:\/\/compuviper.mx\/tienda\/producto\/startech-com-st4200mini2-hub-usb-2-0-de-4-puertos-concentrador-usb-2-0-de-4-puertos-con-cable-integrado-hub-portatil-usb-2-0-de-4-puertos-alimentado-por-el-bus-mod\/"]}]},{"@type":"BreadcrumbList","@id":"https:\/\/compuviper.mx\/tienda\/producto\/startech-com-st4200mini2-hub-usb-2-0-de-4-puertos-concentrador-usb-2-0-de-4-puertos-con-cable-integrado-hub-portatil-usb-2-0-de-4-puertos-alimentado-por-el-bus-mod\/#breadcrumb","itemListElement":[{"@type":"ListItem","position":1,"name":"Inicio","item":"https:\/\/compuviper.mx\/tienda\/"},{"@type":"ListItem","position":2,"name":"Productos","item":"https:\/\/compuviper.mx\/tienda\/productos\/"},{"@type":"ListItem","position":3,"name":"Accesorios","item":"https:\/\/compuviper.mx\/tienda\/categoria-producto\/accesorios\/"},{"@type":"ListItem","position":4,"name":"Hub Usb","item":"https:\/\/compuviper.mx\/tienda\/categoria-producto\/accesorios\/hub-usb\/"},{"@type":"ListItem","position":5,"name":"Startech.com St4200mini2 Hub Usb 2.0 De 4 Puertos &#8211; Concentrador Usb 2.0 De 4 Puertos Con Cable Integrado &#8211; Hub Portatil Usb 2.0 De 4 Puertos Alimentado Por El Bus &#8211; Mod."}]},{"@type":"WebSite","@id":"https:\/\/compuviper.mx\/tienda\/#website","url":"https:\/\/compuviper.mx\/tienda\/","name":"Compuviper","description":"Proveedor de Computadoras, Laptops, Servidores, Monitores, Puntos de Venta, Teclados,   Impresoras, T\u00f3ner, C\u00e1maras de Seguridad y m\u00e1s en tu tienda en l\u00ednea","publisher":{"@id":"https:\/\/compuviper.mx\/tienda\/#organization"},"potentialAction":[{"@type":"SearchAction","target":{"@type":"EntryPoint","urlTemplate":"https:\/\/compuviper.mx\/tienda\/?s={search_term_string}"},"query-input":"required name=search_term_string"}],"inLanguage":"es-MX"},{"@type":"Organization","@id":"https:\/\/compuviper.mx\/tienda\/#organization","name":"Compuviper","url":"https:\/\/compuviper.mx\/tienda\/","logo":{"@type":"ImageObject","inLanguage":"es-MX","@id":"https:\/\/compuviper.mx\/tienda\/#\/schema\/logo\/image\/","url":"https:\/\/compuviper.mx\/tienda\/wp-content\/uploads\/2021\/08\/Logo-Compuviper-10.png","contentUrl":"https:\/\/compuviper.mx\/tienda\/wp-content\/uploads\/2021\/08\/Logo-Compuviper-10.png","width":1000,"height":500,"caption":"Compuviper"},"image":{"@id":"https:\/\/compuviper.mx\/tienda\/#\/schema\/logo\/image\/"},"sameAs":["https:\/\/www.facebook.com\/compuviper","https:\/\/www.youtube.com\/channel\/UCf73dERp9Y3cfOq7q8BhLjA?view_as=subscriber"]}]},"product_brand":"STARTECH.COM","product_price_amount":"226","product_price_currency":"MXN","og_availability":"out of stock","product_availability":"out of stock","product_retailer_item_id":"ST4200MINI2","product_condition":"new"},"_links":{"self":[{"href":"https:\/\/compuviper.mx\/tienda\/wp-json\/wp\/v2\/product\/212481"}],"collection":[{"href":"https:\/\/compuviper.mx\/tienda\/wp-json\/wp\/v2\/product"}],"about":[{"href":"https:\/\/compuviper.mx\/tienda\/wp-json\/wp\/v2\/types\/product"}],"replies":[{"embeddable":true,"href":"https:\/\/compuviper.mx\/tienda\/wp-json\/wp\/v2\/comments?post=212481"}],"wp:featuredmedia":[{"embeddable":true,"href":"https:\/\/compuviper.mx\/tienda\/wp-json\/wp\/v2\/media\/212482"}],"wp:attachment":[{"href":"https:\/\/compuviper.mx\/tienda\/wp-json\/wp\/v2\/media?parent=212481"}],"wp:term":[{"taxonomy":"product_cat","embeddable":true,"href":"https:\/\/compuviper.mx\/tienda\/wp-json\/wp\/v2\/product_cat?post=212481"},{"taxonomy":"product_tag","embeddable":true,"href":"https:\/\/compuviper.mx\/tienda\/wp-json\/wp\/v2\/product_tag?post=212481"}],"curies":[{"name":"wp","href":"https:\/\/api.w.org\/{rel}","templated":true}]}}