{"id":212467,"date":"2026-04-01T23:31:42","date_gmt":"2026-04-02T05:31:42","guid":{"rendered":"https:\/\/compuviper.mx\/tienda\/producto\/startech-com-usb31000nds-adaptador-tarjeta-de-red-externa-nic-usb-3-0-a-1gbps-gigabit-ethernet-1-puerto-1x-rj45-hembra-1x-usba-sin-dongle-mod\/"},"modified":"2026-04-01T23:31:42","modified_gmt":"2026-04-02T05:31:42","slug":"startech-com-usb31000nds-adaptador-tarjeta-de-red-externa-nic-usb-3-0-a-1gbps-gigabit-ethernet-1-puerto-1x-rj45-hembra-1x-usba-sin-dongle-mod","status":"publish","type":"product","link":"https:\/\/compuviper.mx\/tienda\/producto\/startech-com-usb31000nds-adaptador-tarjeta-de-red-externa-nic-usb-3-0-a-1gbps-gigabit-ethernet-1-puerto-1x-rj45-hembra-1x-usba-sin-dongle-mod\/","title":{"rendered":"Startech.com Usb31000nds Adaptador Tarjeta De Red Externa Nic Usb 3.0 A 1gbps Gigabit Ethernet 1 Puerto &#8211; 1x Rj45 Hembra &#8211; 1x Usba &#8211; Sin Dongle &#8211;  Mod."},"content":{"rendered":"<table class=\"descripcion\">\n<tr>\n<td>Hardware<\/td>\n<\/tr>\n<tr>\n<td>Cantidad de puertos : 1<\/td>\n<\/tr>\n<tr>\n<td>Est\u00e1ndares industriales : ieee802.3i, ieee 802.3u, ieee 802.3ab, ieee 802.3az<\/td>\n<\/tr>\n<tr>\n<td>Id del conjunto de chips : asix &#8211; ax88179<\/td>\n<\/tr>\n<tr>\n<td>Interfaz : rj45 (ethernet gigabit)<\/td>\n<\/tr>\n<tr>\n<td>Tipo de bus : usb 3.0<\/td>\n<\/tr>\n<tr>\n<td>Rendimiento<\/td>\n<\/tr>\n<tr>\n<td>Distancia m\u00e1xima : 100 m \/ 330 ft<\/td>\n<\/tr>\n<tr>\n<td>Jumbo frame support : 4k max.<\/td>\n<\/tr>\n<tr>\n<td>Mdix autom\u00e1tico : s\u00ed<\/td>\n<\/tr>\n<tr>\n<td>Redes compatibles : 10\/100\/1000 mbps<\/td>\n<\/tr>\n<tr>\n<td>Soporte full duplex  : s\u00ed<\/td>\n<\/tr>\n<tr>\n<td>Tasa de transferencia de datos m\u00e1xima : 1 gbps (gigabit ethernet)<\/td>\n<\/tr>\n<tr>\n<td>Tipo y velocidad : usb 3.0 &#8211; 5 gbit\/s<\/td>\n<\/tr>\n<tr>\n<td>Contenido de la caja<\/td>\n<\/tr>\n<tr>\n<td>Incluido en la caja : manual de instrucciones<\/td>\n<\/tr>\n<tr>\n<td>Incluido en la caja : cd del controlador<\/td>\n<\/tr>\n<tr>\n<td>Incluido en la caja : adaptador usb 3.0 a gigabit ethernet<\/td>\n<\/tr>\n<tr>\n<td>Conector(es)<\/td>\n<\/tr>\n<tr>\n<td>Tipo(s) de conector(es) : usb type-a (9 pines) usb 3.0<\/td>\n<\/tr>\n<tr>\n<td>Tipo(s) de conector(es) : rj-45<\/td>\n<\/tr>\n<tr>\n<td>Caracter\u00edsticas f\u00edsicas<\/td>\n<\/tr>\n<tr>\n<td>Tipo de gabinete : pl\u00e1stico<\/td>\n<\/tr>\n<tr>\n<td>Peso del producto : 22 g<\/td>\n<\/tr>\n<tr>\n<td>Longitud del producto : 68 mm<\/td>\n<\/tr>\n<tr>\n<td>Form factor : dongle (conector de llave)<\/td>\n<\/tr>\n<tr>\n<td>Color : negro<\/td>\n<\/tr>\n<tr>\n<td>Ancho del producto : 22.6 mm<\/td>\n<\/tr>\n<tr>\n<td>Altura del producto : 2.6 cm<\/td>\n<\/tr>\n<\/table>\n","protected":false},"excerpt":{"rendered":"<p>La tarjeta adaptadora de usb 3.0 a red ethernet gigabit, modelo usb31000nds, permite agregar un \u00fanico puerto ethernet rj45 a un sistema inform\u00e1tico con usb disponible, con soporte para conexiones de red gigabit a pleno ancho de banda cuando se utiliza con una conexi\u00f3n host usb 3.0, a diferencia de adaptadoras usb 2.0. Esta compacta adaptadora de red usb 3.0 nic funciona con redes de 10\/100\/1000 mbps y es retrocompatible con sistemas inform\u00e1ticos usb 2.0\/1.X (velocidad limitada por el bus usb), lo cual la convierte en la adaptadora de red lan port\u00e1til o accesorio de pc port\u00e1til ideal. Con soporte para funciones como tramas jumbo, etiquetado vlan y wol (wake on lan, reinicio mediante red), la adaptadora ofrece un vers\u00e1til rendimiento de red gigabit tanto en el caso de usuarios dom\u00e9sticos, como de empresas. Avalada por la garant\u00eda de dos a\u00f1os de startech.Com y con soporte t\u00e9cnico gratuito de por vida.<\/p>\n","protected":false},"featured_media":212468,"comment_status":"open","ping_status":"open","template":"","meta":[],"product_cat":[1485,1492],"product_tag":[1590],"acf":[],"yoast_head":"<!-- This site is optimized with the Yoast SEO plugin v21.7 - https:\/\/yoast.com\/wordpress\/plugins\/seo\/ -->\n<title>[ Startech.com ] &#129351; Usb31000nds Adaptador Tarjeta De Red Externa Nic Usb 3.0 A 1gbps Gigabit Ethernet 1 Puerto - 1x Rj45 Hembra - 1x Usba - Sin Dongle - Mod.<\/title>\n<meta name=\"description\" content=\"Compra Usb31000nds Adaptador Tarjeta De Red Externa Nic Usb 3.0 A 1gbps Gigabit Ethernet 1 Puerto - 1x Rj45 Hembra - 1x Usba - Sin Dongle - Mod. + Env\u00edo a domicilio + Pago seguro + Garant\u00eda\" \/>\n<meta name=\"robots\" content=\"index, follow, max-snippet:-1, max-image-preview:large, max-video-preview:-1\" \/>\n<link rel=\"canonical\" href=\"https:\/\/compuviper.mx\/tienda\/producto\/startech-com-usb31000nds-adaptador-tarjeta-de-red-externa-nic-usb-3-0-a-1gbps-gigabit-ethernet-1-puerto-1x-rj45-hembra-1x-usba-sin-dongle-mod\/\" \/>\n<meta property=\"og:locale\" content=\"es_MX\" \/>\n<meta property=\"og:type\" content=\"article\" \/>\n<meta property=\"og:title\" content=\"[ Startech.com ] &#129351; Usb31000nds Adaptador Tarjeta De Red Externa Nic Usb 3.0 A 1gbps Gigabit Ethernet 1 Puerto - 1x Rj45 Hembra - 1x Usba - Sin Dongle - Mod.\" \/>\n<meta property=\"og:description\" content=\"Compra Usb31000nds Adaptador Tarjeta De Red Externa Nic Usb 3.0 A 1gbps Gigabit Ethernet 1 Puerto - 1x Rj45 Hembra - 1x Usba - Sin Dongle - Mod. + Env\u00edo a domicilio + Pago seguro + Garant\u00eda\" \/>\n<meta property=\"og:url\" content=\"https:\/\/compuviper.mx\/tienda\/producto\/startech-com-usb31000nds-adaptador-tarjeta-de-red-externa-nic-usb-3-0-a-1gbps-gigabit-ethernet-1-puerto-1x-rj45-hembra-1x-usba-sin-dongle-mod\/\" \/>\n<meta property=\"og:site_name\" content=\"Compuviper\" \/>\n<meta property=\"article:publisher\" content=\"https:\/\/www.facebook.com\/compuviper\" \/>\n<meta property=\"og:image\" content=\"https:\/\/compuviper.mx\/tienda\/wp-content\/uploads\/2023\/12\/Adaptador-tarjeta-de-red-externa-nic-usb-3.0-a-1gbps-gigabit-ethernet-1-puerto-1x-rj45-hembra-1x-usba-sin-dongle-startech.com-mod.-usb31000nds.jpg\" \/>\n\t<meta property=\"og:image:width\" content=\"200\" \/>\n\t<meta property=\"og:image:height\" content=\"200\" \/>\n\t<meta property=\"og:image:type\" content=\"image\/jpeg\" \/>\n<meta name=\"twitter:card\" content=\"summary_large_image\" \/>\n<meta name=\"twitter:label1\" content=\"Precio\" \/>\n\t<meta name=\"twitter:data1\" content=\"&#36;554 con IVA\" \/>\n\t<meta name=\"twitter:label2\" content=\"Availability\" \/>\n\t<meta name=\"twitter:data2\" content=\"Out of stock\" \/>\n<script type=\"application\/ld+json\" class=\"yoast-schema-graph\">{\"@context\":\"https:\/\/schema.org\",\"@graph\":[{\"@type\":\"WebPage\",\"@id\":\"https:\/\/compuviper.mx\/tienda\/producto\/startech-com-usb31000nds-adaptador-tarjeta-de-red-externa-nic-usb-3-0-a-1gbps-gigabit-ethernet-1-puerto-1x-rj45-hembra-1x-usba-sin-dongle-mod\/\",\"url\":\"https:\/\/compuviper.mx\/tienda\/producto\/startech-com-usb31000nds-adaptador-tarjeta-de-red-externa-nic-usb-3-0-a-1gbps-gigabit-ethernet-1-puerto-1x-rj45-hembra-1x-usba-sin-dongle-mod\/\",\"name\":\"[ Startech.com ] &#129351; Usb31000nds Adaptador Tarjeta De Red Externa Nic Usb 3.0 A 1gbps Gigabit Ethernet 1 Puerto - 1x Rj45 Hembra - 1x Usba - Sin Dongle - Mod.\",\"isPartOf\":{\"@id\":\"https:\/\/compuviper.mx\/tienda\/#website\"},\"datePublished\":\"2026-04-02T05:31:42+00:00\",\"dateModified\":\"2026-04-02T05:31:42+00:00\",\"description\":\"Compra Usb31000nds Adaptador Tarjeta De Red Externa Nic Usb 3.0 A 1gbps Gigabit Ethernet 1 Puerto - 1x Rj45 Hembra - 1x Usba - Sin Dongle - Mod. + Env\u00edo a domicilio + Pago seguro + Garant\u00eda\",\"breadcrumb\":{\"@id\":\"https:\/\/compuviper.mx\/tienda\/producto\/startech-com-usb31000nds-adaptador-tarjeta-de-red-externa-nic-usb-3-0-a-1gbps-gigabit-ethernet-1-puerto-1x-rj45-hembra-1x-usba-sin-dongle-mod\/#breadcrumb\"},\"inLanguage\":\"es-MX\",\"potentialAction\":[{\"@type\":\"ReadAction\",\"target\":[\"https:\/\/compuviper.mx\/tienda\/producto\/startech-com-usb31000nds-adaptador-tarjeta-de-red-externa-nic-usb-3-0-a-1gbps-gigabit-ethernet-1-puerto-1x-rj45-hembra-1x-usba-sin-dongle-mod\/\"]}]},{\"@type\":\"BreadcrumbList\",\"@id\":\"https:\/\/compuviper.mx\/tienda\/producto\/startech-com-usb31000nds-adaptador-tarjeta-de-red-externa-nic-usb-3-0-a-1gbps-gigabit-ethernet-1-puerto-1x-rj45-hembra-1x-usba-sin-dongle-mod\/#breadcrumb\",\"itemListElement\":[{\"@type\":\"ListItem\",\"position\":1,\"name\":\"Inicio\",\"item\":\"https:\/\/compuviper.mx\/tienda\/\"},{\"@type\":\"ListItem\",\"position\":2,\"name\":\"Productos\",\"item\":\"https:\/\/compuviper.mx\/tienda\/productos\/\"},{\"@type\":\"ListItem\",\"position\":3,\"name\":\"Accesorios\",\"item\":\"https:\/\/compuviper.mx\/tienda\/categoria-producto\/accesorios\/\"},{\"@type\":\"ListItem\",\"position\":4,\"name\":\"Adaptadores\",\"item\":\"https:\/\/compuviper.mx\/tienda\/categoria-producto\/accesorios\/adaptadores\/\"},{\"@type\":\"ListItem\",\"position\":5,\"name\":\"Startech.com Usb31000nds Adaptador Tarjeta De Red Externa Nic Usb 3.0 A 1gbps Gigabit Ethernet 1 Puerto &#8211; 1x Rj45 Hembra &#8211; 1x Usba &#8211; Sin Dongle &#8211; Mod.\"}]},{\"@type\":\"WebSite\",\"@id\":\"https:\/\/compuviper.mx\/tienda\/#website\",\"url\":\"https:\/\/compuviper.mx\/tienda\/\",\"name\":\"Compuviper\",\"description\":\"Proveedor de Computadoras, Laptops, Servidores, Monitores, Puntos de Venta, Teclados,   Impresoras, T\u00f3ner, C\u00e1maras de Seguridad y m\u00e1s en tu tienda en l\u00ednea\",\"publisher\":{\"@id\":\"https:\/\/compuviper.mx\/tienda\/#organization\"},\"potentialAction\":[{\"@type\":\"SearchAction\",\"target\":{\"@type\":\"EntryPoint\",\"urlTemplate\":\"https:\/\/compuviper.mx\/tienda\/?s={search_term_string}\"},\"query-input\":\"required name=search_term_string\"}],\"inLanguage\":\"es-MX\"},{\"@type\":\"Organization\",\"@id\":\"https:\/\/compuviper.mx\/tienda\/#organization\",\"name\":\"Compuviper\",\"url\":\"https:\/\/compuviper.mx\/tienda\/\",\"logo\":{\"@type\":\"ImageObject\",\"inLanguage\":\"es-MX\",\"@id\":\"https:\/\/compuviper.mx\/tienda\/#\/schema\/logo\/image\/\",\"url\":\"https:\/\/compuviper.mx\/tienda\/wp-content\/uploads\/2021\/08\/Logo-Compuviper-10.png\",\"contentUrl\":\"https:\/\/compuviper.mx\/tienda\/wp-content\/uploads\/2021\/08\/Logo-Compuviper-10.png\",\"width\":1000,\"height\":500,\"caption\":\"Compuviper\"},\"image\":{\"@id\":\"https:\/\/compuviper.mx\/tienda\/#\/schema\/logo\/image\/\"},\"sameAs\":[\"https:\/\/www.facebook.com\/compuviper\",\"https:\/\/www.youtube.com\/channel\/UCf73dERp9Y3cfOq7q8BhLjA?view_as=subscriber\"]}]}<\/script>\n<meta property=\"product:brand\" content=\"STARTECH.COM\" \/>\n<meta property=\"product:price:amount\" content=\"554\" \/>\n<meta property=\"product:price:currency\" content=\"MXN\" \/>\n<meta property=\"og:availability\" content=\"out of stock\" \/>\n<meta property=\"product:availability\" content=\"out of stock\" \/>\n<meta property=\"product:retailer_item_id\" content=\"USB31000NDS\" \/>\n<meta property=\"product:condition\" content=\"new\" \/>\n<!-- \/ Yoast SEO plugin. -->","yoast_head_json":{"title":"[ Startech.com ] &#129351; Usb31000nds Adaptador Tarjeta De Red Externa Nic Usb 3.0 A 1gbps Gigabit Ethernet 1 Puerto - 1x Rj45 Hembra - 1x Usba - Sin Dongle - Mod.","description":"Compra Usb31000nds Adaptador Tarjeta De Red Externa Nic Usb 3.0 A 1gbps Gigabit Ethernet 1 Puerto - 1x Rj45 Hembra - 1x Usba - Sin Dongle - Mod. + Env\u00edo a domicilio + Pago seguro + Garant\u00eda","robots":{"index":"index","follow":"follow","max-snippet":"max-snippet:-1","max-image-preview":"max-image-preview:large","max-video-preview":"max-video-preview:-1"},"canonical":"https:\/\/compuviper.mx\/tienda\/producto\/startech-com-usb31000nds-adaptador-tarjeta-de-red-externa-nic-usb-3-0-a-1gbps-gigabit-ethernet-1-puerto-1x-rj45-hembra-1x-usba-sin-dongle-mod\/","og_locale":"es_MX","og_type":"article","og_title":"[ Startech.com ] &#129351; Usb31000nds Adaptador Tarjeta De Red Externa Nic Usb 3.0 A 1gbps Gigabit Ethernet 1 Puerto - 1x Rj45 Hembra - 1x Usba - Sin Dongle - Mod.","og_description":"Compra Usb31000nds Adaptador Tarjeta De Red Externa Nic Usb 3.0 A 1gbps Gigabit Ethernet 1 Puerto - 1x Rj45 Hembra - 1x Usba - Sin Dongle - Mod. + Env\u00edo a domicilio + Pago seguro + Garant\u00eda","og_url":"https:\/\/compuviper.mx\/tienda\/producto\/startech-com-usb31000nds-adaptador-tarjeta-de-red-externa-nic-usb-3-0-a-1gbps-gigabit-ethernet-1-puerto-1x-rj45-hembra-1x-usba-sin-dongle-mod\/","og_site_name":"Compuviper","article_publisher":"https:\/\/www.facebook.com\/compuviper","og_image":[{"width":200,"height":200,"url":"https:\/\/compuviper.mx\/tienda\/wp-content\/uploads\/2023\/12\/Adaptador-tarjeta-de-red-externa-nic-usb-3.0-a-1gbps-gigabit-ethernet-1-puerto-1x-rj45-hembra-1x-usba-sin-dongle-startech.com-mod.-usb31000nds.jpg","type":"image\/jpeg"}],"twitter_card":"summary_large_image","twitter_misc":{"Precio":"&#36;554 con IVA","Availability":"Out of stock"},"schema":{"@context":"https:\/\/schema.org","@graph":[{"@type":"WebPage","@id":"https:\/\/compuviper.mx\/tienda\/producto\/startech-com-usb31000nds-adaptador-tarjeta-de-red-externa-nic-usb-3-0-a-1gbps-gigabit-ethernet-1-puerto-1x-rj45-hembra-1x-usba-sin-dongle-mod\/","url":"https:\/\/compuviper.mx\/tienda\/producto\/startech-com-usb31000nds-adaptador-tarjeta-de-red-externa-nic-usb-3-0-a-1gbps-gigabit-ethernet-1-puerto-1x-rj45-hembra-1x-usba-sin-dongle-mod\/","name":"[ Startech.com ] &#129351; Usb31000nds Adaptador Tarjeta De Red Externa Nic Usb 3.0 A 1gbps Gigabit Ethernet 1 Puerto - 1x Rj45 Hembra - 1x Usba - Sin Dongle - Mod.","isPartOf":{"@id":"https:\/\/compuviper.mx\/tienda\/#website"},"datePublished":"2026-04-02T05:31:42+00:00","dateModified":"2026-04-02T05:31:42+00:00","description":"Compra Usb31000nds Adaptador Tarjeta De Red Externa Nic Usb 3.0 A 1gbps Gigabit Ethernet 1 Puerto - 1x Rj45 Hembra - 1x Usba - Sin Dongle - Mod. + Env\u00edo a domicilio + Pago seguro + Garant\u00eda","breadcrumb":{"@id":"https:\/\/compuviper.mx\/tienda\/producto\/startech-com-usb31000nds-adaptador-tarjeta-de-red-externa-nic-usb-3-0-a-1gbps-gigabit-ethernet-1-puerto-1x-rj45-hembra-1x-usba-sin-dongle-mod\/#breadcrumb"},"inLanguage":"es-MX","potentialAction":[{"@type":"ReadAction","target":["https:\/\/compuviper.mx\/tienda\/producto\/startech-com-usb31000nds-adaptador-tarjeta-de-red-externa-nic-usb-3-0-a-1gbps-gigabit-ethernet-1-puerto-1x-rj45-hembra-1x-usba-sin-dongle-mod\/"]}]},{"@type":"BreadcrumbList","@id":"https:\/\/compuviper.mx\/tienda\/producto\/startech-com-usb31000nds-adaptador-tarjeta-de-red-externa-nic-usb-3-0-a-1gbps-gigabit-ethernet-1-puerto-1x-rj45-hembra-1x-usba-sin-dongle-mod\/#breadcrumb","itemListElement":[{"@type":"ListItem","position":1,"name":"Inicio","item":"https:\/\/compuviper.mx\/tienda\/"},{"@type":"ListItem","position":2,"name":"Productos","item":"https:\/\/compuviper.mx\/tienda\/productos\/"},{"@type":"ListItem","position":3,"name":"Accesorios","item":"https:\/\/compuviper.mx\/tienda\/categoria-producto\/accesorios\/"},{"@type":"ListItem","position":4,"name":"Adaptadores","item":"https:\/\/compuviper.mx\/tienda\/categoria-producto\/accesorios\/adaptadores\/"},{"@type":"ListItem","position":5,"name":"Startech.com Usb31000nds Adaptador Tarjeta De Red Externa Nic Usb 3.0 A 1gbps Gigabit Ethernet 1 Puerto &#8211; 1x Rj45 Hembra &#8211; 1x Usba &#8211; Sin Dongle &#8211; Mod."}]},{"@type":"WebSite","@id":"https:\/\/compuviper.mx\/tienda\/#website","url":"https:\/\/compuviper.mx\/tienda\/","name":"Compuviper","description":"Proveedor de Computadoras, Laptops, Servidores, Monitores, Puntos de Venta, Teclados,   Impresoras, T\u00f3ner, C\u00e1maras de Seguridad y m\u00e1s en tu tienda en l\u00ednea","publisher":{"@id":"https:\/\/compuviper.mx\/tienda\/#organization"},"potentialAction":[{"@type":"SearchAction","target":{"@type":"EntryPoint","urlTemplate":"https:\/\/compuviper.mx\/tienda\/?s={search_term_string}"},"query-input":"required name=search_term_string"}],"inLanguage":"es-MX"},{"@type":"Organization","@id":"https:\/\/compuviper.mx\/tienda\/#organization","name":"Compuviper","url":"https:\/\/compuviper.mx\/tienda\/","logo":{"@type":"ImageObject","inLanguage":"es-MX","@id":"https:\/\/compuviper.mx\/tienda\/#\/schema\/logo\/image\/","url":"https:\/\/compuviper.mx\/tienda\/wp-content\/uploads\/2021\/08\/Logo-Compuviper-10.png","contentUrl":"https:\/\/compuviper.mx\/tienda\/wp-content\/uploads\/2021\/08\/Logo-Compuviper-10.png","width":1000,"height":500,"caption":"Compuviper"},"image":{"@id":"https:\/\/compuviper.mx\/tienda\/#\/schema\/logo\/image\/"},"sameAs":["https:\/\/www.facebook.com\/compuviper","https:\/\/www.youtube.com\/channel\/UCf73dERp9Y3cfOq7q8BhLjA?view_as=subscriber"]}]},"product_brand":"STARTECH.COM","product_price_amount":"554","product_price_currency":"MXN","og_availability":"out of stock","product_availability":"out of stock","product_retailer_item_id":"USB31000NDS","product_condition":"new"},"_links":{"self":[{"href":"https:\/\/compuviper.mx\/tienda\/wp-json\/wp\/v2\/product\/212467"}],"collection":[{"href":"https:\/\/compuviper.mx\/tienda\/wp-json\/wp\/v2\/product"}],"about":[{"href":"https:\/\/compuviper.mx\/tienda\/wp-json\/wp\/v2\/types\/product"}],"replies":[{"embeddable":true,"href":"https:\/\/compuviper.mx\/tienda\/wp-json\/wp\/v2\/comments?post=212467"}],"wp:featuredmedia":[{"embeddable":true,"href":"https:\/\/compuviper.mx\/tienda\/wp-json\/wp\/v2\/media\/212468"}],"wp:attachment":[{"href":"https:\/\/compuviper.mx\/tienda\/wp-json\/wp\/v2\/media?parent=212467"}],"wp:term":[{"taxonomy":"product_cat","embeddable":true,"href":"https:\/\/compuviper.mx\/tienda\/wp-json\/wp\/v2\/product_cat?post=212467"},{"taxonomy":"product_tag","embeddable":true,"href":"https:\/\/compuviper.mx\/tienda\/wp-json\/wp\/v2\/product_tag?post=212467"}],"curies":[{"name":"wp","href":"https:\/\/api.w.org\/{rel}","templated":true}]}}