{"id":212445,"date":"2026-04-01T23:31:36","date_gmt":"2026-04-02T05:31:36","guid":{"rendered":"https:\/\/compuviper.mx\/tienda\/producto\/startech-com-dp2hdvga-adaptador-dp-de-audio-video-para-viajes-convertidor-displayport-a-hdmi-o-vga-compatible-con-thunderbolt-1920x1200-mod\/"},"modified":"2026-04-01T23:31:36","modified_gmt":"2026-04-02T05:31:36","slug":"startech-com-dp2hdvga-adaptador-dp-de-audio-video-para-viajes-convertidor-displayport-a-hdmi-o-vga-compatible-con-thunderbolt-1920x1200-mod","status":"publish","type":"product","link":"https:\/\/compuviper.mx\/tienda\/producto\/startech-com-dp2hdvga-adaptador-dp-de-audio-video-para-viajes-convertidor-displayport-a-hdmi-o-vga-compatible-con-thunderbolt-1920x1200-mod\/","title":{"rendered":"Startech.com Dp2hdvga Adaptador Dp De Audio\/video Para Viajes &#8211; Convertidor Displayport A Hdmi O Vga Compatible Con Thunderbolt 1920&#215;1200 &#8211;  Mod."},"content":{"rendered":"<table class=\"descripcion\">\n<tr>\n<td>Caractersticas fsicas<\/td>\n<\/tr>\n<tr>\n<td>Altura del producto : 1.3 cm<\/td>\n<\/tr>\n<tr>\n<td>Ancho del producto : 58 mm<\/td>\n<\/tr>\n<tr>\n<td>Color : negro<\/td>\n<\/tr>\n<tr>\n<td>Longitud del cable : 15 cm<\/td>\n<\/tr>\n<tr>\n<td>Longitud del producto : 19 cm<\/td>\n<\/tr>\n<tr>\n<td>Peso del producto : 37 g<\/td>\n<\/tr>\n<tr>\n<td>Conectores<\/td>\n<\/tr>\n<tr>\n<td>Conector a : displayport 20 pines<\/td>\n<\/tr>\n<tr>\n<td>Conector b : hdmi 19 pines<\/td>\n<\/tr>\n<tr>\n<td>Conector b : vga 15 pines, d-sub de alta densidad<\/td>\n<\/tr>\n<tr>\n<td>Hardware<\/td>\n<\/tr>\n<tr>\n<td>Active or passive adapter : activo<\/td>\n<\/tr>\n<tr>\n<td>Active or passive adapter : pasivo<\/td>\n<\/tr>\n<tr>\n<td>Entrada a\/v : displayport &#8211; 1.2<\/td>\n<\/tr>\n<tr>\n<td>Salida a\/v : hdmi<\/td>\n<\/tr>\n<tr>\n<td>Salida a\/v : vga<\/td>\n<\/tr>\n<tr>\n<td>Soporte de audio : s<\/td>\n<\/tr>\n<tr>\n<td>Rendimiento<\/td>\n<\/tr>\n<tr>\n<td>Especificaciones de audio : sonido envolvente 5.1 depende del destino y la fuente de vdeo<\/td>\n<\/tr>\n<tr>\n<td>Pantalla plana soportada : s<\/td>\n<\/tr>\n<tr>\n<td>Resolucin analgica mxima : 1920&#215;1200\/1080p<\/td>\n<\/tr>\n<tr>\n<td>Resolucin digital mxima : 1920&#215;1200\/1080p<\/td>\n<\/tr>\n<\/table>\n","protected":false},"excerpt":{"rendered":"<p>Este adaptador para viaje displayport  vga le permite conectar su ultrabook\u00a0o laptop equipada\u00a0con dp a cualquier pantalla vga o hdmi. Conecte su equipo a casi cualquier pantalla mediante un solo adaptador. Este adaptador displayport a vga y hdmi garantiza que su computadora\u00a0podr\u00a0comunicarse con cualquier pantalla de una moderna sala de juntas o aula de clases. Es la solucion plug-and-play ideal para situaciones en las que tenga que traer su propio equipo byod para trabajar en una oficina. Adems, dado que el conversor es compatible con resoluciones de video de hasta 1920&#215;1200 o\u00a01080p, es posible convertir una fuente de video displayport a hdmi\u00a0o vga,\u00a0sin que desmejore la calidad de la imagen. Su dise\u00f1o, que requiere poco espacio y de peso ligero, aumenta al\u00a0mximo la portabilidad de este adaptador audiovisual de viaje. El modelo dp2hdvga\u00a0de startech.Com cuenta con soporte tecnico gratuito de por vida.<\/p>\n","protected":false},"featured_media":212446,"comment_status":"open","ping_status":"open","template":"","meta":[],"product_cat":[1485,1492],"product_tag":[1590],"acf":[],"yoast_head":"<!-- This site is optimized with the Yoast SEO plugin v21.7 - https:\/\/yoast.com\/wordpress\/plugins\/seo\/ -->\n<title>[ Startech.com ] &#129351; Dp2hdvga Adaptador Dp De Audio\/video Para Viajes - Convertidor Displayport A Hdmi O Vga Compatible Con Thunderbolt 1920x1200 - Mod.<\/title>\n<meta name=\"description\" content=\"Compra Dp2hdvga Adaptador Dp De Audio\/video Para Viajes - Convertidor Displayport A Hdmi O Vga Compatible Con Thunderbolt 1920x1200 - Mod. + Env\u00edo a domicilio + Pago seguro + Garant\u00eda\" \/>\n<meta name=\"robots\" content=\"index, follow, max-snippet:-1, max-image-preview:large, max-video-preview:-1\" \/>\n<link rel=\"canonical\" href=\"https:\/\/compuviper.mx\/tienda\/producto\/startech-com-dp2hdvga-adaptador-dp-de-audio-video-para-viajes-convertidor-displayport-a-hdmi-o-vga-compatible-con-thunderbolt-1920x1200-mod\/\" \/>\n<meta property=\"og:locale\" content=\"es_MX\" \/>\n<meta property=\"og:type\" content=\"article\" \/>\n<meta property=\"og:title\" content=\"[ Startech.com ] &#129351; Dp2hdvga Adaptador Dp De Audio\/video Para Viajes - Convertidor Displayport A Hdmi O Vga Compatible Con Thunderbolt 1920x1200 - Mod.\" \/>\n<meta property=\"og:description\" content=\"Compra Dp2hdvga Adaptador Dp De Audio\/video Para Viajes - Convertidor Displayport A Hdmi O Vga Compatible Con Thunderbolt 1920x1200 - Mod. + Env\u00edo a domicilio + Pago seguro + Garant\u00eda\" \/>\n<meta property=\"og:url\" content=\"https:\/\/compuviper.mx\/tienda\/producto\/startech-com-dp2hdvga-adaptador-dp-de-audio-video-para-viajes-convertidor-displayport-a-hdmi-o-vga-compatible-con-thunderbolt-1920x1200-mod\/\" \/>\n<meta property=\"og:site_name\" content=\"Compuviper\" \/>\n<meta property=\"article:publisher\" content=\"https:\/\/www.facebook.com\/compuviper\" \/>\n<meta property=\"og:image\" content=\"https:\/\/compuviper.mx\/tienda\/wp-content\/uploads\/2023\/12\/Adaptador-dp-de-audiovideo-para-viajes-convertidor-displayport-a-hdmi-o-vga-compatible-con-thunderbolt-1920x1200-startech.com-mod.-dp2hdvga.jpg\" \/>\n\t<meta property=\"og:image:width\" content=\"200\" \/>\n\t<meta property=\"og:image:height\" content=\"200\" \/>\n\t<meta property=\"og:image:type\" content=\"image\/jpeg\" \/>\n<meta name=\"twitter:card\" content=\"summary_large_image\" \/>\n<meta name=\"twitter:label1\" content=\"Precio\" \/>\n\t<meta name=\"twitter:data1\" content=\"&#36;460 con IVA\" \/>\n\t<meta name=\"twitter:label2\" content=\"Availability\" \/>\n\t<meta name=\"twitter:data2\" content=\"In stock\" \/>\n<script type=\"application\/ld+json\" class=\"yoast-schema-graph\">{\"@context\":\"https:\/\/schema.org\",\"@graph\":[{\"@type\":\"WebPage\",\"@id\":\"https:\/\/compuviper.mx\/tienda\/producto\/startech-com-dp2hdvga-adaptador-dp-de-audio-video-para-viajes-convertidor-displayport-a-hdmi-o-vga-compatible-con-thunderbolt-1920x1200-mod\/\",\"url\":\"https:\/\/compuviper.mx\/tienda\/producto\/startech-com-dp2hdvga-adaptador-dp-de-audio-video-para-viajes-convertidor-displayport-a-hdmi-o-vga-compatible-con-thunderbolt-1920x1200-mod\/\",\"name\":\"[ Startech.com ] &#129351; Dp2hdvga Adaptador Dp De Audio\/video Para Viajes - Convertidor Displayport A Hdmi O Vga Compatible Con Thunderbolt 1920x1200 - Mod.\",\"isPartOf\":{\"@id\":\"https:\/\/compuviper.mx\/tienda\/#website\"},\"datePublished\":\"2026-04-02T05:31:36+00:00\",\"dateModified\":\"2026-04-02T05:31:36+00:00\",\"description\":\"Compra Dp2hdvga Adaptador Dp De Audio\/video Para Viajes - Convertidor Displayport A Hdmi O Vga Compatible Con Thunderbolt 1920x1200 - Mod. + Env\u00edo a domicilio + Pago seguro + Garant\u00eda\",\"breadcrumb\":{\"@id\":\"https:\/\/compuviper.mx\/tienda\/producto\/startech-com-dp2hdvga-adaptador-dp-de-audio-video-para-viajes-convertidor-displayport-a-hdmi-o-vga-compatible-con-thunderbolt-1920x1200-mod\/#breadcrumb\"},\"inLanguage\":\"es-MX\",\"potentialAction\":[{\"@type\":\"ReadAction\",\"target\":[\"https:\/\/compuviper.mx\/tienda\/producto\/startech-com-dp2hdvga-adaptador-dp-de-audio-video-para-viajes-convertidor-displayport-a-hdmi-o-vga-compatible-con-thunderbolt-1920x1200-mod\/\"]}]},{\"@type\":\"BreadcrumbList\",\"@id\":\"https:\/\/compuviper.mx\/tienda\/producto\/startech-com-dp2hdvga-adaptador-dp-de-audio-video-para-viajes-convertidor-displayport-a-hdmi-o-vga-compatible-con-thunderbolt-1920x1200-mod\/#breadcrumb\",\"itemListElement\":[{\"@type\":\"ListItem\",\"position\":1,\"name\":\"Inicio\",\"item\":\"https:\/\/compuviper.mx\/tienda\/\"},{\"@type\":\"ListItem\",\"position\":2,\"name\":\"Productos\",\"item\":\"https:\/\/compuviper.mx\/tienda\/productos\/\"},{\"@type\":\"ListItem\",\"position\":3,\"name\":\"Accesorios\",\"item\":\"https:\/\/compuviper.mx\/tienda\/categoria-producto\/accesorios\/\"},{\"@type\":\"ListItem\",\"position\":4,\"name\":\"Adaptadores\",\"item\":\"https:\/\/compuviper.mx\/tienda\/categoria-producto\/accesorios\/adaptadores\/\"},{\"@type\":\"ListItem\",\"position\":5,\"name\":\"Startech.com Dp2hdvga Adaptador Dp De Audio\/video Para Viajes &#8211; Convertidor Displayport A Hdmi O Vga Compatible Con Thunderbolt 1920&#215;1200 &#8211; Mod.\"}]},{\"@type\":\"WebSite\",\"@id\":\"https:\/\/compuviper.mx\/tienda\/#website\",\"url\":\"https:\/\/compuviper.mx\/tienda\/\",\"name\":\"Compuviper\",\"description\":\"Proveedor de Computadoras, Laptops, Servidores, Monitores, Puntos de Venta, Teclados,   Impresoras, T\u00f3ner, C\u00e1maras de Seguridad y m\u00e1s en tu tienda en l\u00ednea\",\"publisher\":{\"@id\":\"https:\/\/compuviper.mx\/tienda\/#organization\"},\"potentialAction\":[{\"@type\":\"SearchAction\",\"target\":{\"@type\":\"EntryPoint\",\"urlTemplate\":\"https:\/\/compuviper.mx\/tienda\/?s={search_term_string}\"},\"query-input\":\"required name=search_term_string\"}],\"inLanguage\":\"es-MX\"},{\"@type\":\"Organization\",\"@id\":\"https:\/\/compuviper.mx\/tienda\/#organization\",\"name\":\"Compuviper\",\"url\":\"https:\/\/compuviper.mx\/tienda\/\",\"logo\":{\"@type\":\"ImageObject\",\"inLanguage\":\"es-MX\",\"@id\":\"https:\/\/compuviper.mx\/tienda\/#\/schema\/logo\/image\/\",\"url\":\"https:\/\/compuviper.mx\/tienda\/wp-content\/uploads\/2021\/08\/Logo-Compuviper-10.png\",\"contentUrl\":\"https:\/\/compuviper.mx\/tienda\/wp-content\/uploads\/2021\/08\/Logo-Compuviper-10.png\",\"width\":1000,\"height\":500,\"caption\":\"Compuviper\"},\"image\":{\"@id\":\"https:\/\/compuviper.mx\/tienda\/#\/schema\/logo\/image\/\"},\"sameAs\":[\"https:\/\/www.facebook.com\/compuviper\",\"https:\/\/www.youtube.com\/channel\/UCf73dERp9Y3cfOq7q8BhLjA?view_as=subscriber\"]}]}<\/script>\n<meta property=\"product:brand\" content=\"STARTECH.COM\" \/>\n<meta property=\"product:price:amount\" content=\"460\" \/>\n<meta property=\"product:price:currency\" content=\"MXN\" \/>\n<meta property=\"og:availability\" content=\"instock\" \/>\n<meta property=\"product:availability\" content=\"instock\" \/>\n<meta property=\"product:retailer_item_id\" content=\"DP2HDVGA\" \/>\n<meta property=\"product:condition\" content=\"new\" \/>\n<!-- \/ Yoast SEO plugin. -->","yoast_head_json":{"title":"[ Startech.com ] &#129351; Dp2hdvga Adaptador Dp De Audio\/video Para Viajes - Convertidor Displayport A Hdmi O Vga Compatible Con Thunderbolt 1920x1200 - Mod.","description":"Compra Dp2hdvga Adaptador Dp De Audio\/video Para Viajes - Convertidor Displayport A Hdmi O Vga Compatible Con Thunderbolt 1920x1200 - Mod. + Env\u00edo a domicilio + Pago seguro + Garant\u00eda","robots":{"index":"index","follow":"follow","max-snippet":"max-snippet:-1","max-image-preview":"max-image-preview:large","max-video-preview":"max-video-preview:-1"},"canonical":"https:\/\/compuviper.mx\/tienda\/producto\/startech-com-dp2hdvga-adaptador-dp-de-audio-video-para-viajes-convertidor-displayport-a-hdmi-o-vga-compatible-con-thunderbolt-1920x1200-mod\/","og_locale":"es_MX","og_type":"article","og_title":"[ Startech.com ] &#129351; Dp2hdvga Adaptador Dp De Audio\/video Para Viajes - Convertidor Displayport A Hdmi O Vga Compatible Con Thunderbolt 1920x1200 - Mod.","og_description":"Compra Dp2hdvga Adaptador Dp De Audio\/video Para Viajes - Convertidor Displayport A Hdmi O Vga Compatible Con Thunderbolt 1920x1200 - Mod. + Env\u00edo a domicilio + Pago seguro + Garant\u00eda","og_url":"https:\/\/compuviper.mx\/tienda\/producto\/startech-com-dp2hdvga-adaptador-dp-de-audio-video-para-viajes-convertidor-displayport-a-hdmi-o-vga-compatible-con-thunderbolt-1920x1200-mod\/","og_site_name":"Compuviper","article_publisher":"https:\/\/www.facebook.com\/compuviper","og_image":[{"width":200,"height":200,"url":"https:\/\/compuviper.mx\/tienda\/wp-content\/uploads\/2023\/12\/Adaptador-dp-de-audiovideo-para-viajes-convertidor-displayport-a-hdmi-o-vga-compatible-con-thunderbolt-1920x1200-startech.com-mod.-dp2hdvga.jpg","type":"image\/jpeg"}],"twitter_card":"summary_large_image","twitter_misc":{"Precio":"&#36;460 con IVA","Availability":"In stock"},"schema":{"@context":"https:\/\/schema.org","@graph":[{"@type":"WebPage","@id":"https:\/\/compuviper.mx\/tienda\/producto\/startech-com-dp2hdvga-adaptador-dp-de-audio-video-para-viajes-convertidor-displayport-a-hdmi-o-vga-compatible-con-thunderbolt-1920x1200-mod\/","url":"https:\/\/compuviper.mx\/tienda\/producto\/startech-com-dp2hdvga-adaptador-dp-de-audio-video-para-viajes-convertidor-displayport-a-hdmi-o-vga-compatible-con-thunderbolt-1920x1200-mod\/","name":"[ Startech.com ] &#129351; Dp2hdvga Adaptador Dp De Audio\/video Para Viajes - Convertidor Displayport A Hdmi O Vga Compatible Con Thunderbolt 1920x1200 - Mod.","isPartOf":{"@id":"https:\/\/compuviper.mx\/tienda\/#website"},"datePublished":"2026-04-02T05:31:36+00:00","dateModified":"2026-04-02T05:31:36+00:00","description":"Compra Dp2hdvga Adaptador Dp De Audio\/video Para Viajes - Convertidor Displayport A Hdmi O Vga Compatible Con Thunderbolt 1920x1200 - Mod. + Env\u00edo a domicilio + Pago seguro + Garant\u00eda","breadcrumb":{"@id":"https:\/\/compuviper.mx\/tienda\/producto\/startech-com-dp2hdvga-adaptador-dp-de-audio-video-para-viajes-convertidor-displayport-a-hdmi-o-vga-compatible-con-thunderbolt-1920x1200-mod\/#breadcrumb"},"inLanguage":"es-MX","potentialAction":[{"@type":"ReadAction","target":["https:\/\/compuviper.mx\/tienda\/producto\/startech-com-dp2hdvga-adaptador-dp-de-audio-video-para-viajes-convertidor-displayport-a-hdmi-o-vga-compatible-con-thunderbolt-1920x1200-mod\/"]}]},{"@type":"BreadcrumbList","@id":"https:\/\/compuviper.mx\/tienda\/producto\/startech-com-dp2hdvga-adaptador-dp-de-audio-video-para-viajes-convertidor-displayport-a-hdmi-o-vga-compatible-con-thunderbolt-1920x1200-mod\/#breadcrumb","itemListElement":[{"@type":"ListItem","position":1,"name":"Inicio","item":"https:\/\/compuviper.mx\/tienda\/"},{"@type":"ListItem","position":2,"name":"Productos","item":"https:\/\/compuviper.mx\/tienda\/productos\/"},{"@type":"ListItem","position":3,"name":"Accesorios","item":"https:\/\/compuviper.mx\/tienda\/categoria-producto\/accesorios\/"},{"@type":"ListItem","position":4,"name":"Adaptadores","item":"https:\/\/compuviper.mx\/tienda\/categoria-producto\/accesorios\/adaptadores\/"},{"@type":"ListItem","position":5,"name":"Startech.com Dp2hdvga Adaptador Dp De Audio\/video Para Viajes &#8211; Convertidor Displayport A Hdmi O Vga Compatible Con Thunderbolt 1920&#215;1200 &#8211; Mod."}]},{"@type":"WebSite","@id":"https:\/\/compuviper.mx\/tienda\/#website","url":"https:\/\/compuviper.mx\/tienda\/","name":"Compuviper","description":"Proveedor de Computadoras, Laptops, Servidores, Monitores, Puntos de Venta, Teclados,   Impresoras, T\u00f3ner, C\u00e1maras de Seguridad y m\u00e1s en tu tienda en l\u00ednea","publisher":{"@id":"https:\/\/compuviper.mx\/tienda\/#organization"},"potentialAction":[{"@type":"SearchAction","target":{"@type":"EntryPoint","urlTemplate":"https:\/\/compuviper.mx\/tienda\/?s={search_term_string}"},"query-input":"required name=search_term_string"}],"inLanguage":"es-MX"},{"@type":"Organization","@id":"https:\/\/compuviper.mx\/tienda\/#organization","name":"Compuviper","url":"https:\/\/compuviper.mx\/tienda\/","logo":{"@type":"ImageObject","inLanguage":"es-MX","@id":"https:\/\/compuviper.mx\/tienda\/#\/schema\/logo\/image\/","url":"https:\/\/compuviper.mx\/tienda\/wp-content\/uploads\/2021\/08\/Logo-Compuviper-10.png","contentUrl":"https:\/\/compuviper.mx\/tienda\/wp-content\/uploads\/2021\/08\/Logo-Compuviper-10.png","width":1000,"height":500,"caption":"Compuviper"},"image":{"@id":"https:\/\/compuviper.mx\/tienda\/#\/schema\/logo\/image\/"},"sameAs":["https:\/\/www.facebook.com\/compuviper","https:\/\/www.youtube.com\/channel\/UCf73dERp9Y3cfOq7q8BhLjA?view_as=subscriber"]}]},"product_brand":"STARTECH.COM","product_price_amount":"460","product_price_currency":"MXN","og_availability":"instock","product_availability":"instock","product_retailer_item_id":"DP2HDVGA","product_condition":"new"},"_links":{"self":[{"href":"https:\/\/compuviper.mx\/tienda\/wp-json\/wp\/v2\/product\/212445"}],"collection":[{"href":"https:\/\/compuviper.mx\/tienda\/wp-json\/wp\/v2\/product"}],"about":[{"href":"https:\/\/compuviper.mx\/tienda\/wp-json\/wp\/v2\/types\/product"}],"replies":[{"embeddable":true,"href":"https:\/\/compuviper.mx\/tienda\/wp-json\/wp\/v2\/comments?post=212445"}],"wp:featuredmedia":[{"embeddable":true,"href":"https:\/\/compuviper.mx\/tienda\/wp-json\/wp\/v2\/media\/212446"}],"wp:attachment":[{"href":"https:\/\/compuviper.mx\/tienda\/wp-json\/wp\/v2\/media?parent=212445"}],"wp:term":[{"taxonomy":"product_cat","embeddable":true,"href":"https:\/\/compuviper.mx\/tienda\/wp-json\/wp\/v2\/product_cat?post=212445"},{"taxonomy":"product_tag","embeddable":true,"href":"https:\/\/compuviper.mx\/tienda\/wp-json\/wp\/v2\/product_tag?post=212445"}],"curies":[{"name":"wp","href":"https:\/\/api.w.org\/{rel}","templated":true}]}}