{"id":212443,"date":"2026-04-01T23:31:35","date_gmt":"2026-04-02T05:31:35","guid":{"rendered":"https:\/\/compuviper.mx\/tienda\/producto\/startech-com-mdp2hd4ks-adaptador-de-video-mini-displayport-a-hdmi-con-audio-adaptador-activo-mdp-1-2-para-laptop-o-ultrabook-4k-30hz-negro-mod\/"},"modified":"2026-04-01T23:31:36","modified_gmt":"2026-04-02T05:31:36","slug":"startech-com-mdp2hd4ks-adaptador-de-video-mini-displayport-a-hdmi-con-audio-adaptador-activo-mdp-1-2-para-laptop-o-ultrabook-4k-30hz-negro-mod","status":"publish","type":"product","link":"https:\/\/compuviper.mx\/tienda\/producto\/startech-com-mdp2hd4ks-adaptador-de-video-mini-displayport-a-hdmi-con-audio-adaptador-activo-mdp-1-2-para-laptop-o-ultrabook-4k-30hz-negro-mod\/","title":{"rendered":"Startech.com Mdp2hd4ks Adaptador De Video Mini Displayport A Hdmi Con Audio Adaptador Activo Mdp 1.2 Para Laptop O Ultrabook 4k 30hz Negro &#8211;  Mod."},"content":{"rendered":"<table class=\"descripcion\">\n<tr>\n<td>Hardware<\/td>\n<\/tr>\n<tr>\n<td>Estandares industriales: dpcp displayport content protection<\/td>\n<\/tr>\n<tr>\n<td>Hdcp high definition content protection<\/td>\n<\/tr>\n<tr>\n<td>Displayport 1.2<\/td>\n<\/tr>\n<tr>\n<td>Hdmi 1.4<\/td>\n<\/tr>\n<tr>\n<td>Salida a\/v: hdmi<\/td>\n<\/tr>\n<tr>\n<td>Soporte de audio: si<\/td>\n<\/tr>\n<tr>\n<td>Entrada a\/v: mini displayport &#8211; 1.2<\/td>\n<\/tr>\n<tr>\n<td>Cantidad de puertos: 1<\/td>\n<\/tr>\n<tr>\n<td>Active or passive adapter: activo<\/td>\n<\/tr>\n<tr>\n<td>Informacion de la caja<\/td>\n<\/tr>\n<tr>\n<td>Altura de la caja: 14 mm<\/td>\n<\/tr>\n<tr>\n<td>Ancho de la caja: 12.5 cm<\/td>\n<\/tr>\n<tr>\n<td>Longitud de la caja: 22.5 cm<\/td>\n<\/tr>\n<tr>\n<td>Peso de la caja del envio: 22 g<\/td>\n<\/tr>\n<tr>\n<td>Rendimiento<\/td>\n<\/tr>\n<tr>\n<td>Especificaciones de audio: sonido envolvente 7.1<\/td>\n<\/tr>\n<tr>\n<td>Pantalla plana soportada: si<\/td>\n<\/tr>\n<tr>\n<td>Resolucion digital maxima: 4k x 2k @ 30 hz<\/td>\n<\/tr>\n<tr>\n<td>Resoluciones  admitidas: 4k x 2k ultra hd @ 30 hz<\/td>\n<\/tr>\n<tr>\n<td>1920&#215;1200 @ 60 hz<\/td>\n<\/tr>\n<tr>\n<td>1920&#215;1080 1080p<\/td>\n<\/tr>\n<tr>\n<td>1280&#215;720 720p<\/td>\n<\/tr>\n<tr>\n<td>Contenido de la caja<\/td>\n<\/tr>\n<tr>\n<td>Incluido en la caja: adaptador activo mini displayport a hdmi<\/td>\n<\/tr>\n<tr>\n<td>Conectores<\/td>\n<\/tr>\n<tr>\n<td>Conector b: hdmi 19 pines<\/td>\n<\/tr>\n<tr>\n<td>Conector a: mini displayport 20 pines<\/td>\n<\/tr>\n<tr>\n<td>Caracteristicas fisicas<\/td>\n<\/tr>\n<tr>\n<td>Peso: 16 g<\/td>\n<\/tr>\n<tr>\n<td>Longitud del cable: 150 mm<\/td>\n<\/tr>\n<tr>\n<td>Color: negro<\/td>\n<\/tr>\n<tr>\n<td>Altura: 1.5 cm<\/td>\n<\/tr>\n<\/table>\n","protected":false},"excerpt":{"rendered":"<p>El adaptador mini displayport a hdmi, modelo mdp2hd4ks, permite la conexion de un\u00a0ultrabook, un\u00a0tablet\u00a0o una laptop\u00a0equipada\u00a0con mdp por ejemplo, la serie\u00a0thinkpadt440 a una pantalla hdmi. Este adaptador es compatible con mini displayport 1.2\u00a0y hdmi 4k a 30 hz y, por tanto, admite resoluciones de video de hasta 4k ultra hd, asi como el correspondiente audio digital con hasta 7.1 canales de sonido envolvente. El adaptador es el accesorio perfecto para su dispositivo microsoft surface pro con mini displayport. Tambien es\u00a0compatible con las versiones anteriores de\u00a0displayport 1.0\/1.1, con soporte para\u00a0resoluciones de hasta\u00a01080p. Para una facil configuracion, se instala mediante el sencillo sistema\u00a0plug-and-play, que no requiere software ni controladores adicionales. Ademas, su diseno que requiere poco espacio y de peso ligero aumenta su portabilidad. El modelo mdp2hd4ks cuenta con soporte tecnico gratuito de por vida.<\/p>\n","protected":false},"featured_media":212444,"comment_status":"open","ping_status":"open","template":"","meta":[],"product_cat":[1485,1492],"product_tag":[1590],"acf":[],"yoast_head":"<!-- This site is optimized with the Yoast SEO plugin v21.7 - https:\/\/yoast.com\/wordpress\/plugins\/seo\/ -->\n<title>[ Startech.com ] &#129351; Mdp2hd4ks Adaptador De Video Mini Displayport A Hdmi Con Audio Adaptador Activo Mdp 1.2 Para Laptop O Ultrabook 4k 30hz Negro - Mod.<\/title>\n<meta name=\"description\" content=\"Compra Mdp2hd4ks Adaptador De Video Mini Displayport A Hdmi Con Audio Adaptador Activo Mdp 1.2 Para Laptop O Ultrabook 4k 30hz Negro - Mod. + Env\u00edo a domicilio + Pago seguro + Garant\u00eda\" \/>\n<meta name=\"robots\" content=\"index, follow, max-snippet:-1, max-image-preview:large, max-video-preview:-1\" \/>\n<link rel=\"canonical\" href=\"https:\/\/compuviper.mx\/tienda\/producto\/startech-com-mdp2hd4ks-adaptador-de-video-mini-displayport-a-hdmi-con-audio-adaptador-activo-mdp-1-2-para-laptop-o-ultrabook-4k-30hz-negro-mod\/\" \/>\n<meta property=\"og:locale\" content=\"es_MX\" \/>\n<meta property=\"og:type\" content=\"article\" \/>\n<meta property=\"og:title\" content=\"[ Startech.com ] &#129351; Mdp2hd4ks Adaptador De Video Mini Displayport A Hdmi Con Audio Adaptador Activo Mdp 1.2 Para Laptop O Ultrabook 4k 30hz Negro - Mod.\" \/>\n<meta property=\"og:description\" content=\"Compra Mdp2hd4ks Adaptador De Video Mini Displayport A Hdmi Con Audio Adaptador Activo Mdp 1.2 Para Laptop O Ultrabook 4k 30hz Negro - Mod. + Env\u00edo a domicilio + Pago seguro + Garant\u00eda\" \/>\n<meta property=\"og:url\" content=\"https:\/\/compuviper.mx\/tienda\/producto\/startech-com-mdp2hd4ks-adaptador-de-video-mini-displayport-a-hdmi-con-audio-adaptador-activo-mdp-1-2-para-laptop-o-ultrabook-4k-30hz-negro-mod\/\" \/>\n<meta property=\"og:site_name\" content=\"Compuviper\" \/>\n<meta property=\"article:publisher\" content=\"https:\/\/www.facebook.com\/compuviper\" \/>\n<meta property=\"article:modified_time\" content=\"2026-04-02T05:31:36+00:00\" \/>\n<meta property=\"og:image\" content=\"https:\/\/compuviper.mx\/tienda\/wp-content\/uploads\/2023\/12\/Adaptador-de-video-mini-displayport-a-hdmi-con-audio-adaptador-activo-mdp-1.2-para-laptop-o-ultrabook-4k-@-30hz-negro-startech.com-mod.-mdp2hd4ks.jpg\" \/>\n\t<meta property=\"og:image:width\" content=\"200\" \/>\n\t<meta property=\"og:image:height\" content=\"200\" \/>\n\t<meta property=\"og:image:type\" content=\"image\/jpeg\" \/>\n<meta name=\"twitter:card\" content=\"summary_large_image\" \/>\n<meta name=\"twitter:label1\" content=\"Precio\" \/>\n\t<meta name=\"twitter:data1\" content=\"&#36;568 con IVA\" \/>\n\t<meta name=\"twitter:label2\" content=\"Availability\" \/>\n\t<meta name=\"twitter:data2\" content=\"In stock\" \/>\n<script type=\"application\/ld+json\" class=\"yoast-schema-graph\">{\"@context\":\"https:\/\/schema.org\",\"@graph\":[{\"@type\":\"WebPage\",\"@id\":\"https:\/\/compuviper.mx\/tienda\/producto\/startech-com-mdp2hd4ks-adaptador-de-video-mini-displayport-a-hdmi-con-audio-adaptador-activo-mdp-1-2-para-laptop-o-ultrabook-4k-30hz-negro-mod\/\",\"url\":\"https:\/\/compuviper.mx\/tienda\/producto\/startech-com-mdp2hd4ks-adaptador-de-video-mini-displayport-a-hdmi-con-audio-adaptador-activo-mdp-1-2-para-laptop-o-ultrabook-4k-30hz-negro-mod\/\",\"name\":\"[ Startech.com ] &#129351; Mdp2hd4ks Adaptador De Video Mini Displayport A Hdmi Con Audio Adaptador Activo Mdp 1.2 Para Laptop O Ultrabook 4k 30hz Negro - Mod.\",\"isPartOf\":{\"@id\":\"https:\/\/compuviper.mx\/tienda\/#website\"},\"datePublished\":\"2026-04-02T05:31:35+00:00\",\"dateModified\":\"2026-04-02T05:31:36+00:00\",\"description\":\"Compra Mdp2hd4ks Adaptador De Video Mini Displayport A Hdmi Con Audio Adaptador Activo Mdp 1.2 Para Laptop O Ultrabook 4k 30hz Negro - Mod. + Env\u00edo a domicilio + Pago seguro + Garant\u00eda\",\"breadcrumb\":{\"@id\":\"https:\/\/compuviper.mx\/tienda\/producto\/startech-com-mdp2hd4ks-adaptador-de-video-mini-displayport-a-hdmi-con-audio-adaptador-activo-mdp-1-2-para-laptop-o-ultrabook-4k-30hz-negro-mod\/#breadcrumb\"},\"inLanguage\":\"es-MX\",\"potentialAction\":[{\"@type\":\"ReadAction\",\"target\":[\"https:\/\/compuviper.mx\/tienda\/producto\/startech-com-mdp2hd4ks-adaptador-de-video-mini-displayport-a-hdmi-con-audio-adaptador-activo-mdp-1-2-para-laptop-o-ultrabook-4k-30hz-negro-mod\/\"]}]},{\"@type\":\"BreadcrumbList\",\"@id\":\"https:\/\/compuviper.mx\/tienda\/producto\/startech-com-mdp2hd4ks-adaptador-de-video-mini-displayport-a-hdmi-con-audio-adaptador-activo-mdp-1-2-para-laptop-o-ultrabook-4k-30hz-negro-mod\/#breadcrumb\",\"itemListElement\":[{\"@type\":\"ListItem\",\"position\":1,\"name\":\"Inicio\",\"item\":\"https:\/\/compuviper.mx\/tienda\/\"},{\"@type\":\"ListItem\",\"position\":2,\"name\":\"Productos\",\"item\":\"https:\/\/compuviper.mx\/tienda\/productos\/\"},{\"@type\":\"ListItem\",\"position\":3,\"name\":\"Accesorios\",\"item\":\"https:\/\/compuviper.mx\/tienda\/categoria-producto\/accesorios\/\"},{\"@type\":\"ListItem\",\"position\":4,\"name\":\"Adaptadores\",\"item\":\"https:\/\/compuviper.mx\/tienda\/categoria-producto\/accesorios\/adaptadores\/\"},{\"@type\":\"ListItem\",\"position\":5,\"name\":\"Startech.com Mdp2hd4ks Adaptador De Video Mini Displayport A Hdmi Con Audio Adaptador Activo Mdp 1.2 Para Laptop O Ultrabook 4k 30hz Negro &#8211; Mod.\"}]},{\"@type\":\"WebSite\",\"@id\":\"https:\/\/compuviper.mx\/tienda\/#website\",\"url\":\"https:\/\/compuviper.mx\/tienda\/\",\"name\":\"Compuviper\",\"description\":\"Proveedor de Computadoras, Laptops, Servidores, Monitores, Puntos de Venta, Teclados,   Impresoras, T\u00f3ner, C\u00e1maras de Seguridad y m\u00e1s en tu tienda en l\u00ednea\",\"publisher\":{\"@id\":\"https:\/\/compuviper.mx\/tienda\/#organization\"},\"potentialAction\":[{\"@type\":\"SearchAction\",\"target\":{\"@type\":\"EntryPoint\",\"urlTemplate\":\"https:\/\/compuviper.mx\/tienda\/?s={search_term_string}\"},\"query-input\":\"required name=search_term_string\"}],\"inLanguage\":\"es-MX\"},{\"@type\":\"Organization\",\"@id\":\"https:\/\/compuviper.mx\/tienda\/#organization\",\"name\":\"Compuviper\",\"url\":\"https:\/\/compuviper.mx\/tienda\/\",\"logo\":{\"@type\":\"ImageObject\",\"inLanguage\":\"es-MX\",\"@id\":\"https:\/\/compuviper.mx\/tienda\/#\/schema\/logo\/image\/\",\"url\":\"https:\/\/compuviper.mx\/tienda\/wp-content\/uploads\/2021\/08\/Logo-Compuviper-10.png\",\"contentUrl\":\"https:\/\/compuviper.mx\/tienda\/wp-content\/uploads\/2021\/08\/Logo-Compuviper-10.png\",\"width\":1000,\"height\":500,\"caption\":\"Compuviper\"},\"image\":{\"@id\":\"https:\/\/compuviper.mx\/tienda\/#\/schema\/logo\/image\/\"},\"sameAs\":[\"https:\/\/www.facebook.com\/compuviper\",\"https:\/\/www.youtube.com\/channel\/UCf73dERp9Y3cfOq7q8BhLjA?view_as=subscriber\"]}]}<\/script>\n<meta property=\"product:brand\" content=\"STARTECH.COM\" \/>\n<meta property=\"product:price:amount\" content=\"568\" \/>\n<meta property=\"product:price:currency\" content=\"MXN\" \/>\n<meta property=\"og:availability\" content=\"instock\" \/>\n<meta property=\"product:availability\" content=\"instock\" \/>\n<meta property=\"product:retailer_item_id\" content=\"MDP2HD4KS\" \/>\n<meta property=\"product:condition\" content=\"new\" \/>\n<!-- \/ Yoast SEO plugin. -->","yoast_head_json":{"title":"[ Startech.com ] &#129351; Mdp2hd4ks Adaptador De Video Mini Displayport A Hdmi Con Audio Adaptador Activo Mdp 1.2 Para Laptop O Ultrabook 4k 30hz Negro - Mod.","description":"Compra Mdp2hd4ks Adaptador De Video Mini Displayport A Hdmi Con Audio Adaptador Activo Mdp 1.2 Para Laptop O Ultrabook 4k 30hz Negro - Mod. + Env\u00edo a domicilio + Pago seguro + Garant\u00eda","robots":{"index":"index","follow":"follow","max-snippet":"max-snippet:-1","max-image-preview":"max-image-preview:large","max-video-preview":"max-video-preview:-1"},"canonical":"https:\/\/compuviper.mx\/tienda\/producto\/startech-com-mdp2hd4ks-adaptador-de-video-mini-displayport-a-hdmi-con-audio-adaptador-activo-mdp-1-2-para-laptop-o-ultrabook-4k-30hz-negro-mod\/","og_locale":"es_MX","og_type":"article","og_title":"[ Startech.com ] &#129351; Mdp2hd4ks Adaptador De Video Mini Displayport A Hdmi Con Audio Adaptador Activo Mdp 1.2 Para Laptop O Ultrabook 4k 30hz Negro - Mod.","og_description":"Compra Mdp2hd4ks Adaptador De Video Mini Displayport A Hdmi Con Audio Adaptador Activo Mdp 1.2 Para Laptop O Ultrabook 4k 30hz Negro - Mod. + Env\u00edo a domicilio + Pago seguro + Garant\u00eda","og_url":"https:\/\/compuviper.mx\/tienda\/producto\/startech-com-mdp2hd4ks-adaptador-de-video-mini-displayport-a-hdmi-con-audio-adaptador-activo-mdp-1-2-para-laptop-o-ultrabook-4k-30hz-negro-mod\/","og_site_name":"Compuviper","article_publisher":"https:\/\/www.facebook.com\/compuviper","article_modified_time":"2026-04-02T05:31:36+00:00","og_image":[{"width":200,"height":200,"url":"https:\/\/compuviper.mx\/tienda\/wp-content\/uploads\/2023\/12\/Adaptador-de-video-mini-displayport-a-hdmi-con-audio-adaptador-activo-mdp-1.2-para-laptop-o-ultrabook-4k-@-30hz-negro-startech.com-mod.-mdp2hd4ks.jpg","type":"image\/jpeg"}],"twitter_card":"summary_large_image","twitter_misc":{"Precio":"&#36;568 con IVA","Availability":"In stock"},"schema":{"@context":"https:\/\/schema.org","@graph":[{"@type":"WebPage","@id":"https:\/\/compuviper.mx\/tienda\/producto\/startech-com-mdp2hd4ks-adaptador-de-video-mini-displayport-a-hdmi-con-audio-adaptador-activo-mdp-1-2-para-laptop-o-ultrabook-4k-30hz-negro-mod\/","url":"https:\/\/compuviper.mx\/tienda\/producto\/startech-com-mdp2hd4ks-adaptador-de-video-mini-displayport-a-hdmi-con-audio-adaptador-activo-mdp-1-2-para-laptop-o-ultrabook-4k-30hz-negro-mod\/","name":"[ Startech.com ] &#129351; Mdp2hd4ks Adaptador De Video Mini Displayport A Hdmi Con Audio Adaptador Activo Mdp 1.2 Para Laptop O Ultrabook 4k 30hz Negro - Mod.","isPartOf":{"@id":"https:\/\/compuviper.mx\/tienda\/#website"},"datePublished":"2026-04-02T05:31:35+00:00","dateModified":"2026-04-02T05:31:36+00:00","description":"Compra Mdp2hd4ks Adaptador De Video Mini Displayport A Hdmi Con Audio Adaptador Activo Mdp 1.2 Para Laptop O Ultrabook 4k 30hz Negro - Mod. + Env\u00edo a domicilio + Pago seguro + Garant\u00eda","breadcrumb":{"@id":"https:\/\/compuviper.mx\/tienda\/producto\/startech-com-mdp2hd4ks-adaptador-de-video-mini-displayport-a-hdmi-con-audio-adaptador-activo-mdp-1-2-para-laptop-o-ultrabook-4k-30hz-negro-mod\/#breadcrumb"},"inLanguage":"es-MX","potentialAction":[{"@type":"ReadAction","target":["https:\/\/compuviper.mx\/tienda\/producto\/startech-com-mdp2hd4ks-adaptador-de-video-mini-displayport-a-hdmi-con-audio-adaptador-activo-mdp-1-2-para-laptop-o-ultrabook-4k-30hz-negro-mod\/"]}]},{"@type":"BreadcrumbList","@id":"https:\/\/compuviper.mx\/tienda\/producto\/startech-com-mdp2hd4ks-adaptador-de-video-mini-displayport-a-hdmi-con-audio-adaptador-activo-mdp-1-2-para-laptop-o-ultrabook-4k-30hz-negro-mod\/#breadcrumb","itemListElement":[{"@type":"ListItem","position":1,"name":"Inicio","item":"https:\/\/compuviper.mx\/tienda\/"},{"@type":"ListItem","position":2,"name":"Productos","item":"https:\/\/compuviper.mx\/tienda\/productos\/"},{"@type":"ListItem","position":3,"name":"Accesorios","item":"https:\/\/compuviper.mx\/tienda\/categoria-producto\/accesorios\/"},{"@type":"ListItem","position":4,"name":"Adaptadores","item":"https:\/\/compuviper.mx\/tienda\/categoria-producto\/accesorios\/adaptadores\/"},{"@type":"ListItem","position":5,"name":"Startech.com Mdp2hd4ks Adaptador De Video Mini Displayport A Hdmi Con Audio Adaptador Activo Mdp 1.2 Para Laptop O Ultrabook 4k 30hz Negro &#8211; Mod."}]},{"@type":"WebSite","@id":"https:\/\/compuviper.mx\/tienda\/#website","url":"https:\/\/compuviper.mx\/tienda\/","name":"Compuviper","description":"Proveedor de Computadoras, Laptops, Servidores, Monitores, Puntos de Venta, Teclados,   Impresoras, T\u00f3ner, C\u00e1maras de Seguridad y m\u00e1s en tu tienda en l\u00ednea","publisher":{"@id":"https:\/\/compuviper.mx\/tienda\/#organization"},"potentialAction":[{"@type":"SearchAction","target":{"@type":"EntryPoint","urlTemplate":"https:\/\/compuviper.mx\/tienda\/?s={search_term_string}"},"query-input":"required name=search_term_string"}],"inLanguage":"es-MX"},{"@type":"Organization","@id":"https:\/\/compuviper.mx\/tienda\/#organization","name":"Compuviper","url":"https:\/\/compuviper.mx\/tienda\/","logo":{"@type":"ImageObject","inLanguage":"es-MX","@id":"https:\/\/compuviper.mx\/tienda\/#\/schema\/logo\/image\/","url":"https:\/\/compuviper.mx\/tienda\/wp-content\/uploads\/2021\/08\/Logo-Compuviper-10.png","contentUrl":"https:\/\/compuviper.mx\/tienda\/wp-content\/uploads\/2021\/08\/Logo-Compuviper-10.png","width":1000,"height":500,"caption":"Compuviper"},"image":{"@id":"https:\/\/compuviper.mx\/tienda\/#\/schema\/logo\/image\/"},"sameAs":["https:\/\/www.facebook.com\/compuviper","https:\/\/www.youtube.com\/channel\/UCf73dERp9Y3cfOq7q8BhLjA?view_as=subscriber"]}]},"product_brand":"STARTECH.COM","product_price_amount":"568","product_price_currency":"MXN","og_availability":"instock","product_availability":"instock","product_retailer_item_id":"MDP2HD4KS","product_condition":"new"},"_links":{"self":[{"href":"https:\/\/compuviper.mx\/tienda\/wp-json\/wp\/v2\/product\/212443"}],"collection":[{"href":"https:\/\/compuviper.mx\/tienda\/wp-json\/wp\/v2\/product"}],"about":[{"href":"https:\/\/compuviper.mx\/tienda\/wp-json\/wp\/v2\/types\/product"}],"replies":[{"embeddable":true,"href":"https:\/\/compuviper.mx\/tienda\/wp-json\/wp\/v2\/comments?post=212443"}],"wp:featuredmedia":[{"embeddable":true,"href":"https:\/\/compuviper.mx\/tienda\/wp-json\/wp\/v2\/media\/212444"}],"wp:attachment":[{"href":"https:\/\/compuviper.mx\/tienda\/wp-json\/wp\/v2\/media?parent=212443"}],"wp:term":[{"taxonomy":"product_cat","embeddable":true,"href":"https:\/\/compuviper.mx\/tienda\/wp-json\/wp\/v2\/product_cat?post=212443"},{"taxonomy":"product_tag","embeddable":true,"href":"https:\/\/compuviper.mx\/tienda\/wp-json\/wp\/v2\/product_tag?post=212443"}],"curies":[{"name":"wp","href":"https:\/\/api.w.org\/{rel}","templated":true}]}}