{"id":212437,"date":"2026-04-01T23:31:34","date_gmt":"2026-04-02T05:31:34","guid":{"rendered":"https:\/\/compuviper.mx\/tienda\/producto\/startech-com-dp2hd4k60s-adaptador-de-video-displayport-a-hdmi-convertiddor-activo-4k-60hz-uhd-con-pestillo-mod\/"},"modified":"2026-04-01T23:31:35","modified_gmt":"2026-04-02T05:31:35","slug":"startech-com-dp2hd4k60s-adaptador-de-video-displayport-a-hdmi-convertiddor-activo-4k-60hz-uhd-con-pestillo-mod","status":"publish","type":"product","link":"https:\/\/compuviper.mx\/tienda\/producto\/startech-com-dp2hd4k60s-adaptador-de-video-displayport-a-hdmi-convertiddor-activo-4k-60hz-uhd-con-pestillo-mod\/","title":{"rendered":"Startech.com Dp2hd4k60s Adaptador De Video Displayport A Hdmi &#8211; Convertiddor Activo &#8211; 4k 60hz Uhd &#8211; Con Pestillo &#8211;  Mod."},"content":{"rendered":"<table class=\"descripcion\">\n<tr>\n<td>Caracteristicas fisicas<\/td>\n<\/tr>\n<tr>\n<td>Altura: 1 cm<\/td>\n<\/tr>\n<tr>\n<td>Ancho: 19.5 cm<\/td>\n<\/tr>\n<tr>\n<td>Longitud: 21.5 cm<\/td>\n<\/tr>\n<tr>\n<td>Peso: 24 g<\/td>\n<\/tr>\n<tr>\n<td>Color: negro<\/td>\n<\/tr>\n<tr>\n<td>Longitud del cable: 10.8 cm<\/td>\n<\/tr>\n<tr>\n<td>Tipo de gabinete: plastico<\/td>\n<\/tr>\n<tr>\n<td>Conectores<\/td>\n<\/tr>\n<tr>\n<td>Conector a: displayport<\/td>\n<\/tr>\n<tr>\n<td>Conector b: hdmi<\/td>\n<\/tr>\n<tr>\n<td>Hardware<\/td>\n<\/tr>\n<tr>\n<td>Active or passive adapter: activo<\/td>\n<\/tr>\n<tr>\n<td>Cantidad de puertos: 1<\/td>\n<\/tr>\n<tr>\n<td>Entrada a\/v: displayport &#8211; 1.4<\/td>\n<\/tr>\n<tr>\n<td>Estandares industriales: dpcp displayport content protection, proteccion de contenido displayport<\/td>\n<\/tr>\n<tr>\n<td> hdcp 2.2 high definition content protection, proteccion de contenido de alta definicion<\/td>\n<\/tr>\n<tr>\n<td> displayport 1.2<\/td>\n<\/tr>\n<tr>\n<td> hdmi 2.0<\/td>\n<\/tr>\n<tr>\n<td>Id del conjunto de chips: parade &#8211; ps176<\/td>\n<\/tr>\n<tr>\n<td>Salida a\/v: hdmi<\/td>\n<\/tr>\n<tr>\n<td>Soporte de audio: si<\/td>\n<\/tr>\n<tr>\n<td>Rendimiento<\/td>\n<\/tr>\n<tr>\n<td>Especificaciones de audio: sonido envolvente 7.1<\/td>\n<\/tr>\n<tr>\n<td>Pantalla plana soportada: si<\/td>\n<\/tr>\n<tr>\n<td>Resolucion digital maxima: 4k x 2k @ 60 hz<\/td>\n<\/tr>\n<tr>\n<td>Resoluciones  admitidas: 4k x 2k ultra hd @ 60 hz<\/td>\n<\/tr>\n<tr>\n<td>1920&#215;1200<\/td>\n<\/tr>\n<tr>\n<td>1920&#215;1080 1080p<\/td>\n<\/tr>\n<tr>\n<td>1280&#215;720 720p<\/td>\n<\/tr>\n<\/table>\n","protected":false},"excerpt":{"rendered":"<p>Este adaptador displayport\u00a0a hdmi le permitira enviar\u00a0video y audio hdmi de salida\u00a0desde un\u00a0dispositivo\u00a0displayport,\u00a0compatible con ultra hd 4k a 60hz. Esto. La compatibilidad con hdmi 2.0 significa que este adaptador es compatible con un ancho de banda de hasta 18gbps. Con un diseno compacto, de peso ligero este adaptador de video compacto resulta muy portatil\u00a0y tiene un peso ligero. Configuracion sencilla con un adaptador activo que incluye instalacion\u00a0plug-and-play para garantizar la compatibilidad con cualquier salida\u00a0displayport, el adaptador displayport ofrece conversion activa,\u00a0la cual se requiere para\u00a0mantener\u00a0resoluciones 4k al convertir\u00a0displayport\u00a0a hdmi. Nota:\u00a0para lograr una resolucion 4k a 60hz, se requiere una salida displayport 1.2 y una pantalla\u00a0hdmi 2.0. El concentrador dp2hd4k60s cuenta con soporte tecnico gratuito de por vida.<\/p>\n","protected":false},"featured_media":212438,"comment_status":"open","ping_status":"open","template":"","meta":[],"product_cat":[1485,1492],"product_tag":[1590],"acf":[],"yoast_head":"<!-- This site is optimized with the Yoast SEO plugin v21.7 - https:\/\/yoast.com\/wordpress\/plugins\/seo\/ -->\n<title>[ Startech.com ] &#129351; Dp2hd4k60s Adaptador De Video Displayport A Hdmi - Convertiddor Activo - 4k 60hz Uhd - Con Pestillo - Mod.<\/title>\n<meta name=\"description\" content=\"Compra Dp2hd4k60s Adaptador De Video Displayport A Hdmi - Convertiddor Activo - 4k 60hz Uhd - Con Pestillo - Mod. + Env\u00edo a domicilio + Pago seguro + Garant\u00eda\" \/>\n<meta name=\"robots\" content=\"index, follow, max-snippet:-1, max-image-preview:large, max-video-preview:-1\" \/>\n<link rel=\"canonical\" href=\"https:\/\/compuviper.mx\/tienda\/producto\/startech-com-dp2hd4k60s-adaptador-de-video-displayport-a-hdmi-convertiddor-activo-4k-60hz-uhd-con-pestillo-mod\/\" \/>\n<meta property=\"og:locale\" content=\"es_MX\" \/>\n<meta property=\"og:type\" content=\"article\" \/>\n<meta property=\"og:title\" content=\"[ Startech.com ] &#129351; Dp2hd4k60s Adaptador De Video Displayport A Hdmi - Convertiddor Activo - 4k 60hz Uhd - Con Pestillo - Mod.\" \/>\n<meta property=\"og:description\" content=\"Compra Dp2hd4k60s Adaptador De Video Displayport A Hdmi - Convertiddor Activo - 4k 60hz Uhd - Con Pestillo - Mod. + Env\u00edo a domicilio + Pago seguro + Garant\u00eda\" \/>\n<meta property=\"og:url\" content=\"https:\/\/compuviper.mx\/tienda\/producto\/startech-com-dp2hd4k60s-adaptador-de-video-displayport-a-hdmi-convertiddor-activo-4k-60hz-uhd-con-pestillo-mod\/\" \/>\n<meta property=\"og:site_name\" content=\"Compuviper\" \/>\n<meta property=\"article:publisher\" content=\"https:\/\/www.facebook.com\/compuviper\" \/>\n<meta property=\"article:modified_time\" content=\"2026-04-02T05:31:35+00:00\" \/>\n<meta property=\"og:image\" content=\"https:\/\/compuviper.mx\/tienda\/wp-content\/uploads\/2023\/12\/Adaptador-de-video-displayport-a-hdmi-convertiddor-activo-4k-60hz-uhd-con-pestillo-startech.com-mod.-dp2hd4k60s.jpg\" \/>\n\t<meta property=\"og:image:width\" content=\"200\" \/>\n\t<meta property=\"og:image:height\" content=\"200\" \/>\n\t<meta property=\"og:image:type\" content=\"image\/jpeg\" \/>\n<meta name=\"twitter:card\" content=\"summary_large_image\" \/>\n<meta name=\"twitter:label1\" content=\"Precio\" \/>\n\t<meta name=\"twitter:data1\" content=\"&#36;636 con IVA\" \/>\n\t<meta name=\"twitter:label2\" content=\"Availability\" \/>\n\t<meta name=\"twitter:data2\" content=\"Out of stock\" \/>\n<script type=\"application\/ld+json\" class=\"yoast-schema-graph\">{\"@context\":\"https:\/\/schema.org\",\"@graph\":[{\"@type\":\"WebPage\",\"@id\":\"https:\/\/compuviper.mx\/tienda\/producto\/startech-com-dp2hd4k60s-adaptador-de-video-displayport-a-hdmi-convertiddor-activo-4k-60hz-uhd-con-pestillo-mod\/\",\"url\":\"https:\/\/compuviper.mx\/tienda\/producto\/startech-com-dp2hd4k60s-adaptador-de-video-displayport-a-hdmi-convertiddor-activo-4k-60hz-uhd-con-pestillo-mod\/\",\"name\":\"[ Startech.com ] &#129351; Dp2hd4k60s Adaptador De Video Displayport A Hdmi - Convertiddor Activo - 4k 60hz Uhd - Con Pestillo - Mod.\",\"isPartOf\":{\"@id\":\"https:\/\/compuviper.mx\/tienda\/#website\"},\"datePublished\":\"2026-04-02T05:31:34+00:00\",\"dateModified\":\"2026-04-02T05:31:35+00:00\",\"description\":\"Compra Dp2hd4k60s Adaptador De Video Displayport A Hdmi - Convertiddor Activo - 4k 60hz Uhd - Con Pestillo - Mod. + Env\u00edo a domicilio + Pago seguro + Garant\u00eda\",\"breadcrumb\":{\"@id\":\"https:\/\/compuviper.mx\/tienda\/producto\/startech-com-dp2hd4k60s-adaptador-de-video-displayport-a-hdmi-convertiddor-activo-4k-60hz-uhd-con-pestillo-mod\/#breadcrumb\"},\"inLanguage\":\"es-MX\",\"potentialAction\":[{\"@type\":\"ReadAction\",\"target\":[\"https:\/\/compuviper.mx\/tienda\/producto\/startech-com-dp2hd4k60s-adaptador-de-video-displayport-a-hdmi-convertiddor-activo-4k-60hz-uhd-con-pestillo-mod\/\"]}]},{\"@type\":\"BreadcrumbList\",\"@id\":\"https:\/\/compuviper.mx\/tienda\/producto\/startech-com-dp2hd4k60s-adaptador-de-video-displayport-a-hdmi-convertiddor-activo-4k-60hz-uhd-con-pestillo-mod\/#breadcrumb\",\"itemListElement\":[{\"@type\":\"ListItem\",\"position\":1,\"name\":\"Inicio\",\"item\":\"https:\/\/compuviper.mx\/tienda\/\"},{\"@type\":\"ListItem\",\"position\":2,\"name\":\"Productos\",\"item\":\"https:\/\/compuviper.mx\/tienda\/productos\/\"},{\"@type\":\"ListItem\",\"position\":3,\"name\":\"Accesorios\",\"item\":\"https:\/\/compuviper.mx\/tienda\/categoria-producto\/accesorios\/\"},{\"@type\":\"ListItem\",\"position\":4,\"name\":\"Adaptadores\",\"item\":\"https:\/\/compuviper.mx\/tienda\/categoria-producto\/accesorios\/adaptadores\/\"},{\"@type\":\"ListItem\",\"position\":5,\"name\":\"Startech.com Dp2hd4k60s Adaptador De Video Displayport A Hdmi &#8211; Convertiddor Activo &#8211; 4k 60hz Uhd &#8211; Con Pestillo &#8211; Mod.\"}]},{\"@type\":\"WebSite\",\"@id\":\"https:\/\/compuviper.mx\/tienda\/#website\",\"url\":\"https:\/\/compuviper.mx\/tienda\/\",\"name\":\"Compuviper\",\"description\":\"Proveedor de Computadoras, Laptops, Servidores, Monitores, Puntos de Venta, Teclados,   Impresoras, T\u00f3ner, C\u00e1maras de Seguridad y m\u00e1s en tu tienda en l\u00ednea\",\"publisher\":{\"@id\":\"https:\/\/compuviper.mx\/tienda\/#organization\"},\"potentialAction\":[{\"@type\":\"SearchAction\",\"target\":{\"@type\":\"EntryPoint\",\"urlTemplate\":\"https:\/\/compuviper.mx\/tienda\/?s={search_term_string}\"},\"query-input\":\"required name=search_term_string\"}],\"inLanguage\":\"es-MX\"},{\"@type\":\"Organization\",\"@id\":\"https:\/\/compuviper.mx\/tienda\/#organization\",\"name\":\"Compuviper\",\"url\":\"https:\/\/compuviper.mx\/tienda\/\",\"logo\":{\"@type\":\"ImageObject\",\"inLanguage\":\"es-MX\",\"@id\":\"https:\/\/compuviper.mx\/tienda\/#\/schema\/logo\/image\/\",\"url\":\"https:\/\/compuviper.mx\/tienda\/wp-content\/uploads\/2021\/08\/Logo-Compuviper-10.png\",\"contentUrl\":\"https:\/\/compuviper.mx\/tienda\/wp-content\/uploads\/2021\/08\/Logo-Compuviper-10.png\",\"width\":1000,\"height\":500,\"caption\":\"Compuviper\"},\"image\":{\"@id\":\"https:\/\/compuviper.mx\/tienda\/#\/schema\/logo\/image\/\"},\"sameAs\":[\"https:\/\/www.facebook.com\/compuviper\",\"https:\/\/www.youtube.com\/channel\/UCf73dERp9Y3cfOq7q8BhLjA?view_as=subscriber\"]}]}<\/script>\n<meta property=\"product:brand\" content=\"STARTECH.COM\" \/>\n<meta property=\"product:price:amount\" content=\"636\" \/>\n<meta property=\"product:price:currency\" content=\"MXN\" \/>\n<meta property=\"og:availability\" content=\"out of stock\" \/>\n<meta property=\"product:availability\" content=\"out of stock\" \/>\n<meta property=\"product:retailer_item_id\" content=\"DP2HD4K60S\" \/>\n<meta property=\"product:condition\" content=\"new\" \/>\n<!-- \/ Yoast SEO plugin. -->","yoast_head_json":{"title":"[ Startech.com ] &#129351; Dp2hd4k60s Adaptador De Video Displayport A Hdmi - Convertiddor Activo - 4k 60hz Uhd - Con Pestillo - Mod.","description":"Compra Dp2hd4k60s Adaptador De Video Displayport A Hdmi - Convertiddor Activo - 4k 60hz Uhd - Con Pestillo - Mod. + Env\u00edo a domicilio + Pago seguro + Garant\u00eda","robots":{"index":"index","follow":"follow","max-snippet":"max-snippet:-1","max-image-preview":"max-image-preview:large","max-video-preview":"max-video-preview:-1"},"canonical":"https:\/\/compuviper.mx\/tienda\/producto\/startech-com-dp2hd4k60s-adaptador-de-video-displayport-a-hdmi-convertiddor-activo-4k-60hz-uhd-con-pestillo-mod\/","og_locale":"es_MX","og_type":"article","og_title":"[ Startech.com ] &#129351; Dp2hd4k60s Adaptador De Video Displayport A Hdmi - Convertiddor Activo - 4k 60hz Uhd - Con Pestillo - Mod.","og_description":"Compra Dp2hd4k60s Adaptador De Video Displayport A Hdmi - Convertiddor Activo - 4k 60hz Uhd - Con Pestillo - Mod. + Env\u00edo a domicilio + Pago seguro + Garant\u00eda","og_url":"https:\/\/compuviper.mx\/tienda\/producto\/startech-com-dp2hd4k60s-adaptador-de-video-displayport-a-hdmi-convertiddor-activo-4k-60hz-uhd-con-pestillo-mod\/","og_site_name":"Compuviper","article_publisher":"https:\/\/www.facebook.com\/compuviper","article_modified_time":"2026-04-02T05:31:35+00:00","og_image":[{"width":200,"height":200,"url":"https:\/\/compuviper.mx\/tienda\/wp-content\/uploads\/2023\/12\/Adaptador-de-video-displayport-a-hdmi-convertiddor-activo-4k-60hz-uhd-con-pestillo-startech.com-mod.-dp2hd4k60s.jpg","type":"image\/jpeg"}],"twitter_card":"summary_large_image","twitter_misc":{"Precio":"&#36;636 con IVA","Availability":"Out of stock"},"schema":{"@context":"https:\/\/schema.org","@graph":[{"@type":"WebPage","@id":"https:\/\/compuviper.mx\/tienda\/producto\/startech-com-dp2hd4k60s-adaptador-de-video-displayport-a-hdmi-convertiddor-activo-4k-60hz-uhd-con-pestillo-mod\/","url":"https:\/\/compuviper.mx\/tienda\/producto\/startech-com-dp2hd4k60s-adaptador-de-video-displayport-a-hdmi-convertiddor-activo-4k-60hz-uhd-con-pestillo-mod\/","name":"[ Startech.com ] &#129351; Dp2hd4k60s Adaptador De Video Displayport A Hdmi - Convertiddor Activo - 4k 60hz Uhd - Con Pestillo - Mod.","isPartOf":{"@id":"https:\/\/compuviper.mx\/tienda\/#website"},"datePublished":"2026-04-02T05:31:34+00:00","dateModified":"2026-04-02T05:31:35+00:00","description":"Compra Dp2hd4k60s Adaptador De Video Displayport A Hdmi - Convertiddor Activo - 4k 60hz Uhd - Con Pestillo - Mod. + Env\u00edo a domicilio + Pago seguro + Garant\u00eda","breadcrumb":{"@id":"https:\/\/compuviper.mx\/tienda\/producto\/startech-com-dp2hd4k60s-adaptador-de-video-displayport-a-hdmi-convertiddor-activo-4k-60hz-uhd-con-pestillo-mod\/#breadcrumb"},"inLanguage":"es-MX","potentialAction":[{"@type":"ReadAction","target":["https:\/\/compuviper.mx\/tienda\/producto\/startech-com-dp2hd4k60s-adaptador-de-video-displayport-a-hdmi-convertiddor-activo-4k-60hz-uhd-con-pestillo-mod\/"]}]},{"@type":"BreadcrumbList","@id":"https:\/\/compuviper.mx\/tienda\/producto\/startech-com-dp2hd4k60s-adaptador-de-video-displayport-a-hdmi-convertiddor-activo-4k-60hz-uhd-con-pestillo-mod\/#breadcrumb","itemListElement":[{"@type":"ListItem","position":1,"name":"Inicio","item":"https:\/\/compuviper.mx\/tienda\/"},{"@type":"ListItem","position":2,"name":"Productos","item":"https:\/\/compuviper.mx\/tienda\/productos\/"},{"@type":"ListItem","position":3,"name":"Accesorios","item":"https:\/\/compuviper.mx\/tienda\/categoria-producto\/accesorios\/"},{"@type":"ListItem","position":4,"name":"Adaptadores","item":"https:\/\/compuviper.mx\/tienda\/categoria-producto\/accesorios\/adaptadores\/"},{"@type":"ListItem","position":5,"name":"Startech.com Dp2hd4k60s Adaptador De Video Displayport A Hdmi &#8211; Convertiddor Activo &#8211; 4k 60hz Uhd &#8211; Con Pestillo &#8211; Mod."}]},{"@type":"WebSite","@id":"https:\/\/compuviper.mx\/tienda\/#website","url":"https:\/\/compuviper.mx\/tienda\/","name":"Compuviper","description":"Proveedor de Computadoras, Laptops, Servidores, Monitores, Puntos de Venta, Teclados,   Impresoras, T\u00f3ner, C\u00e1maras de Seguridad y m\u00e1s en tu tienda en l\u00ednea","publisher":{"@id":"https:\/\/compuviper.mx\/tienda\/#organization"},"potentialAction":[{"@type":"SearchAction","target":{"@type":"EntryPoint","urlTemplate":"https:\/\/compuviper.mx\/tienda\/?s={search_term_string}"},"query-input":"required name=search_term_string"}],"inLanguage":"es-MX"},{"@type":"Organization","@id":"https:\/\/compuviper.mx\/tienda\/#organization","name":"Compuviper","url":"https:\/\/compuviper.mx\/tienda\/","logo":{"@type":"ImageObject","inLanguage":"es-MX","@id":"https:\/\/compuviper.mx\/tienda\/#\/schema\/logo\/image\/","url":"https:\/\/compuviper.mx\/tienda\/wp-content\/uploads\/2021\/08\/Logo-Compuviper-10.png","contentUrl":"https:\/\/compuviper.mx\/tienda\/wp-content\/uploads\/2021\/08\/Logo-Compuviper-10.png","width":1000,"height":500,"caption":"Compuviper"},"image":{"@id":"https:\/\/compuviper.mx\/tienda\/#\/schema\/logo\/image\/"},"sameAs":["https:\/\/www.facebook.com\/compuviper","https:\/\/www.youtube.com\/channel\/UCf73dERp9Y3cfOq7q8BhLjA?view_as=subscriber"]}]},"product_brand":"STARTECH.COM","product_price_amount":"636","product_price_currency":"MXN","og_availability":"out of stock","product_availability":"out of stock","product_retailer_item_id":"DP2HD4K60S","product_condition":"new"},"_links":{"self":[{"href":"https:\/\/compuviper.mx\/tienda\/wp-json\/wp\/v2\/product\/212437"}],"collection":[{"href":"https:\/\/compuviper.mx\/tienda\/wp-json\/wp\/v2\/product"}],"about":[{"href":"https:\/\/compuviper.mx\/tienda\/wp-json\/wp\/v2\/types\/product"}],"replies":[{"embeddable":true,"href":"https:\/\/compuviper.mx\/tienda\/wp-json\/wp\/v2\/comments?post=212437"}],"wp:featuredmedia":[{"embeddable":true,"href":"https:\/\/compuviper.mx\/tienda\/wp-json\/wp\/v2\/media\/212438"}],"wp:attachment":[{"href":"https:\/\/compuviper.mx\/tienda\/wp-json\/wp\/v2\/media?parent=212437"}],"wp:term":[{"taxonomy":"product_cat","embeddable":true,"href":"https:\/\/compuviper.mx\/tienda\/wp-json\/wp\/v2\/product_cat?post=212437"},{"taxonomy":"product_tag","embeddable":true,"href":"https:\/\/compuviper.mx\/tienda\/wp-json\/wp\/v2\/product_tag?post=212437"}],"curies":[{"name":"wp","href":"https:\/\/api.w.org\/{rel}","templated":true}]}}