{"id":212419,"date":"2026-04-01T23:31:30","date_gmt":"2026-04-02T05:31:30","guid":{"rendered":"https:\/\/compuviper.mx\/tienda\/producto\/startech-com-usb300wn2x2c-mini-adaptador-de-red-inalmbrico-usb-2-0-a-wireless-n-de-300-mbps-nic-wifi-externo-802-11n-2t2r-mod\/"},"modified":"2026-04-01T23:31:30","modified_gmt":"2026-04-02T05:31:30","slug":"startech-com-usb300wn2x2c-mini-adaptador-de-red-inalmbrico-usb-2-0-a-wireless-n-de-300-mbps-nic-wifi-externo-802-11n-2t2r-mod","status":"publish","type":"product","link":"https:\/\/compuviper.mx\/tienda\/producto\/startech-com-usb300wn2x2c-mini-adaptador-de-red-inalmbrico-usb-2-0-a-wireless-n-de-300-mbps-nic-wifi-externo-802-11n-2t2r-mod\/","title":{"rendered":"Startech.com Usb300wn2x2c Mini Adaptador De Red Inalmbrico Usb 2.0 A Wireless N De 300 Mbps &#8211; Nic Wifi Externo 802.11n 2t2r &#8211;  Mod."},"content":{"rendered":"<table class=\"descripcion\">\n<tr>\n<td>Hardware<\/td>\n<\/tr>\n<tr>\n<td>Est\u00e1ndares industriales : ieee 802.11b, ieee 802.11g, ieee 802.11n<\/td>\n<\/tr>\n<tr>\n<td>Id del conjunto de chips : realtek &#8211; rtl8192eu<\/td>\n<\/tr>\n<tr>\n<td>Interfaz : inal\u00e1mbrico<\/td>\n<\/tr>\n<tr>\n<td>Tipo de bus : usb 2.0<\/td>\n<\/tr>\n<tr>\n<td>Rendimiento<\/td>\n<\/tr>\n<tr>\n<td>Alcance de la frecuencia : 2.400ghz ~ 2.484ghz<\/td>\n<\/tr>\n<tr>\n<td>Ancho de banda : 20 \/ 40mhz<\/td>\n<\/tr>\n<tr>\n<td>Caracter\u00edsticas de seguridad : cifrado de datos wep<\/td>\n<\/tr>\n<tr>\n<td>Caracter\u00edsticas de seguridad : tkip\/aes<\/td>\n<\/tr>\n<tr>\n<td>Caracter\u00edsticas de seguridad : wpa and wpa2 enterprise data encryption<\/td>\n<\/tr>\n<tr>\n<td>Caracter\u00edsticas de seguridad : wpa and wpa2-psk data encryption<\/td>\n<\/tr>\n<tr>\n<td>Tasa de transferencia de datos m\u00e1xima : 300 mbps<\/td>\n<\/tr>\n<tr>\n<td>Hardware<\/td>\n<\/tr>\n<tr>\n<td>Configuraci\u00f3n de antena : 2&#215;2:2 (txr:s)<\/td>\n<\/tr>\n<tr>\n<td>Conector(es)<\/td>\n<\/tr>\n<tr>\n<td>Tipo(s) de conector(es) : usb type-a (4 pines) usb 2.0<\/td>\n<\/tr>\n<tr>\n<td>Tipo(s) de conector(es) : inal\u00e1mbrico n (ieee 802.11n)<\/td>\n<\/tr>\n<tr>\n<td>Caracter\u00edsticas f\u00edsicas<\/td>\n<\/tr>\n<tr>\n<td>Tipo de gabinete : pl\u00e1stico<\/td>\n<\/tr>\n<tr>\n<td>Longitud del producto : 22 mm<\/td>\n<\/tr>\n<tr>\n<td>Color : negro<\/td>\n<\/tr>\n<tr>\n<td>Ancho del producto : 16 mm<\/td>\n<\/tr>\n<tr>\n<td>Altura del producto : 0.6 cm<\/td>\n<\/tr>\n<\/table>\n","protected":false},"excerpt":{"rendered":"<p>El adaptador de red inal\u00e1mbrica usb, modelo usb300wn2x2c, permite agregar conectividad wireless-n (inal\u00e1mbrica) a 300 mbps a un pc de escritorio o port\u00e1til, a trav\u00e9s de usb 2.0. El adaptador tiene un dise\u00f1o compacto y de peso ligero que lo hace muy port\u00e1til cuando se conecta a un sistema, pues no estorba. Incluso se puede dejar conectado al port\u00e1til al llevarlo en una bolsa de transporte, sin tener que preocuparse de que el adaptador o el puerto anfitri\u00f3n se da\u00f1en. Tiene capacidad de tasas de transferencia de datos de hasta 300 mbps, a trav\u00e9s de una red wifi de 2,4 ghz 802.11n (retrocompatible con 802.11b\/g), mediante una antena con dise\u00f1o 2t2r (2 transmisores \/ 2 receptores). El adaptador tambi\u00e9n es compatible con las opciones de seguridad wep, wpa o wpa2, adem\u00e1s de ofrecer conexiones r\u00e1pidas de los dispositivos mediante wps, para m\u00e1s fiabilidad y seguridad. Este producto cuenta con soporte t\u00e9cnico gratuito de por vida.<\/p>\n","protected":false},"featured_media":212420,"comment_status":"open","ping_status":"open","template":"","meta":[],"product_cat":[1485,1492],"product_tag":[1590],"acf":[],"yoast_head":"<!-- This site is optimized with the Yoast SEO plugin v21.7 - https:\/\/yoast.com\/wordpress\/plugins\/seo\/ -->\n<title>[ Startech.com ] &#129351; Usb300wn2x2c Mini Adaptador De Red Inalmbrico Usb 2.0 A Wireless N De 300 Mbps - Nic Wifi Externo 802.11n 2t2r - Mod.<\/title>\n<meta name=\"description\" content=\"Compra Usb300wn2x2c Mini Adaptador De Red Inalmbrico Usb 2.0 A Wireless N De 300 Mbps - Nic Wifi Externo 802.11n 2t2r - Mod. + Env\u00edo a domicilio + Pago seguro + Garant\u00eda\" \/>\n<meta name=\"robots\" content=\"index, follow, max-snippet:-1, max-image-preview:large, max-video-preview:-1\" \/>\n<link rel=\"canonical\" href=\"https:\/\/compuviper.mx\/tienda\/producto\/startech-com-usb300wn2x2c-mini-adaptador-de-red-inalmbrico-usb-2-0-a-wireless-n-de-300-mbps-nic-wifi-externo-802-11n-2t2r-mod\/\" \/>\n<meta property=\"og:locale\" content=\"es_MX\" \/>\n<meta property=\"og:type\" content=\"article\" \/>\n<meta property=\"og:title\" content=\"[ Startech.com ] &#129351; Usb300wn2x2c Mini Adaptador De Red Inalmbrico Usb 2.0 A Wireless N De 300 Mbps - Nic Wifi Externo 802.11n 2t2r - Mod.\" \/>\n<meta property=\"og:description\" content=\"Compra Usb300wn2x2c Mini Adaptador De Red Inalmbrico Usb 2.0 A Wireless N De 300 Mbps - Nic Wifi Externo 802.11n 2t2r - Mod. + Env\u00edo a domicilio + Pago seguro + Garant\u00eda\" \/>\n<meta property=\"og:url\" content=\"https:\/\/compuviper.mx\/tienda\/producto\/startech-com-usb300wn2x2c-mini-adaptador-de-red-inalmbrico-usb-2-0-a-wireless-n-de-300-mbps-nic-wifi-externo-802-11n-2t2r-mod\/\" \/>\n<meta property=\"og:site_name\" content=\"Compuviper\" \/>\n<meta property=\"article:publisher\" content=\"https:\/\/www.facebook.com\/compuviper\" \/>\n<meta property=\"og:image\" content=\"https:\/\/compuviper.mx\/tienda\/wp-content\/uploads\/2023\/12\/Mini-adaptador-de-red-inalambrico-usb-2.0-a-wireless-n-de-300-mbps-nic-wifi-externo-802.11n-2t2r-startech.com-mod.-usb300wn2x2c.jpg\" \/>\n\t<meta property=\"og:image:width\" content=\"200\" \/>\n\t<meta property=\"og:image:height\" content=\"200\" \/>\n\t<meta property=\"og:image:type\" content=\"image\/jpeg\" \/>\n<meta name=\"twitter:card\" content=\"summary_large_image\" \/>\n<meta name=\"twitter:label1\" content=\"Precio\" \/>\n\t<meta name=\"twitter:data1\" content=\"&#36;419 con IVA\" \/>\n\t<meta name=\"twitter:label2\" content=\"Availability\" \/>\n\t<meta name=\"twitter:data2\" content=\"Out of stock\" \/>\n<script type=\"application\/ld+json\" class=\"yoast-schema-graph\">{\"@context\":\"https:\/\/schema.org\",\"@graph\":[{\"@type\":\"WebPage\",\"@id\":\"https:\/\/compuviper.mx\/tienda\/producto\/startech-com-usb300wn2x2c-mini-adaptador-de-red-inalmbrico-usb-2-0-a-wireless-n-de-300-mbps-nic-wifi-externo-802-11n-2t2r-mod\/\",\"url\":\"https:\/\/compuviper.mx\/tienda\/producto\/startech-com-usb300wn2x2c-mini-adaptador-de-red-inalmbrico-usb-2-0-a-wireless-n-de-300-mbps-nic-wifi-externo-802-11n-2t2r-mod\/\",\"name\":\"[ Startech.com ] &#129351; Usb300wn2x2c Mini Adaptador De Red Inalmbrico Usb 2.0 A Wireless N De 300 Mbps - Nic Wifi Externo 802.11n 2t2r - Mod.\",\"isPartOf\":{\"@id\":\"https:\/\/compuviper.mx\/tienda\/#website\"},\"datePublished\":\"2026-04-02T05:31:30+00:00\",\"dateModified\":\"2026-04-02T05:31:30+00:00\",\"description\":\"Compra Usb300wn2x2c Mini Adaptador De Red Inalmbrico Usb 2.0 A Wireless N De 300 Mbps - Nic Wifi Externo 802.11n 2t2r - Mod. + Env\u00edo a domicilio + Pago seguro + Garant\u00eda\",\"breadcrumb\":{\"@id\":\"https:\/\/compuviper.mx\/tienda\/producto\/startech-com-usb300wn2x2c-mini-adaptador-de-red-inalmbrico-usb-2-0-a-wireless-n-de-300-mbps-nic-wifi-externo-802-11n-2t2r-mod\/#breadcrumb\"},\"inLanguage\":\"es-MX\",\"potentialAction\":[{\"@type\":\"ReadAction\",\"target\":[\"https:\/\/compuviper.mx\/tienda\/producto\/startech-com-usb300wn2x2c-mini-adaptador-de-red-inalmbrico-usb-2-0-a-wireless-n-de-300-mbps-nic-wifi-externo-802-11n-2t2r-mod\/\"]}]},{\"@type\":\"BreadcrumbList\",\"@id\":\"https:\/\/compuviper.mx\/tienda\/producto\/startech-com-usb300wn2x2c-mini-adaptador-de-red-inalmbrico-usb-2-0-a-wireless-n-de-300-mbps-nic-wifi-externo-802-11n-2t2r-mod\/#breadcrumb\",\"itemListElement\":[{\"@type\":\"ListItem\",\"position\":1,\"name\":\"Inicio\",\"item\":\"https:\/\/compuviper.mx\/tienda\/\"},{\"@type\":\"ListItem\",\"position\":2,\"name\":\"Productos\",\"item\":\"https:\/\/compuviper.mx\/tienda\/productos\/\"},{\"@type\":\"ListItem\",\"position\":3,\"name\":\"Accesorios\",\"item\":\"https:\/\/compuviper.mx\/tienda\/categoria-producto\/accesorios\/\"},{\"@type\":\"ListItem\",\"position\":4,\"name\":\"Adaptadores\",\"item\":\"https:\/\/compuviper.mx\/tienda\/categoria-producto\/accesorios\/adaptadores\/\"},{\"@type\":\"ListItem\",\"position\":5,\"name\":\"Startech.com Usb300wn2x2c Mini Adaptador De Red Inalmbrico Usb 2.0 A Wireless N De 300 Mbps &#8211; Nic Wifi Externo 802.11n 2t2r &#8211; Mod.\"}]},{\"@type\":\"WebSite\",\"@id\":\"https:\/\/compuviper.mx\/tienda\/#website\",\"url\":\"https:\/\/compuviper.mx\/tienda\/\",\"name\":\"Compuviper\",\"description\":\"Proveedor de Computadoras, Laptops, Servidores, Monitores, Puntos de Venta, Teclados,   Impresoras, T\u00f3ner, C\u00e1maras de Seguridad y m\u00e1s en tu tienda en l\u00ednea\",\"publisher\":{\"@id\":\"https:\/\/compuviper.mx\/tienda\/#organization\"},\"potentialAction\":[{\"@type\":\"SearchAction\",\"target\":{\"@type\":\"EntryPoint\",\"urlTemplate\":\"https:\/\/compuviper.mx\/tienda\/?s={search_term_string}\"},\"query-input\":\"required name=search_term_string\"}],\"inLanguage\":\"es-MX\"},{\"@type\":\"Organization\",\"@id\":\"https:\/\/compuviper.mx\/tienda\/#organization\",\"name\":\"Compuviper\",\"url\":\"https:\/\/compuviper.mx\/tienda\/\",\"logo\":{\"@type\":\"ImageObject\",\"inLanguage\":\"es-MX\",\"@id\":\"https:\/\/compuviper.mx\/tienda\/#\/schema\/logo\/image\/\",\"url\":\"https:\/\/compuviper.mx\/tienda\/wp-content\/uploads\/2021\/08\/Logo-Compuviper-10.png\",\"contentUrl\":\"https:\/\/compuviper.mx\/tienda\/wp-content\/uploads\/2021\/08\/Logo-Compuviper-10.png\",\"width\":1000,\"height\":500,\"caption\":\"Compuviper\"},\"image\":{\"@id\":\"https:\/\/compuviper.mx\/tienda\/#\/schema\/logo\/image\/\"},\"sameAs\":[\"https:\/\/www.facebook.com\/compuviper\",\"https:\/\/www.youtube.com\/channel\/UCf73dERp9Y3cfOq7q8BhLjA?view_as=subscriber\"]}]}<\/script>\n<meta property=\"product:brand\" content=\"STARTECH.COM\" \/>\n<meta property=\"product:price:amount\" content=\"419\" \/>\n<meta property=\"product:price:currency\" content=\"MXN\" \/>\n<meta property=\"og:availability\" content=\"out of stock\" \/>\n<meta property=\"product:availability\" content=\"out of stock\" \/>\n<meta property=\"product:retailer_item_id\" content=\"USB300WN2X2C\" \/>\n<meta property=\"product:condition\" content=\"new\" \/>\n<!-- \/ Yoast SEO plugin. -->","yoast_head_json":{"title":"[ Startech.com ] &#129351; Usb300wn2x2c Mini Adaptador De Red Inalmbrico Usb 2.0 A Wireless N De 300 Mbps - Nic Wifi Externo 802.11n 2t2r - Mod.","description":"Compra Usb300wn2x2c Mini Adaptador De Red Inalmbrico Usb 2.0 A Wireless N De 300 Mbps - Nic Wifi Externo 802.11n 2t2r - Mod. + Env\u00edo a domicilio + Pago seguro + Garant\u00eda","robots":{"index":"index","follow":"follow","max-snippet":"max-snippet:-1","max-image-preview":"max-image-preview:large","max-video-preview":"max-video-preview:-1"},"canonical":"https:\/\/compuviper.mx\/tienda\/producto\/startech-com-usb300wn2x2c-mini-adaptador-de-red-inalmbrico-usb-2-0-a-wireless-n-de-300-mbps-nic-wifi-externo-802-11n-2t2r-mod\/","og_locale":"es_MX","og_type":"article","og_title":"[ Startech.com ] &#129351; Usb300wn2x2c Mini Adaptador De Red Inalmbrico Usb 2.0 A Wireless N De 300 Mbps - Nic Wifi Externo 802.11n 2t2r - Mod.","og_description":"Compra Usb300wn2x2c Mini Adaptador De Red Inalmbrico Usb 2.0 A Wireless N De 300 Mbps - Nic Wifi Externo 802.11n 2t2r - Mod. + Env\u00edo a domicilio + Pago seguro + Garant\u00eda","og_url":"https:\/\/compuviper.mx\/tienda\/producto\/startech-com-usb300wn2x2c-mini-adaptador-de-red-inalmbrico-usb-2-0-a-wireless-n-de-300-mbps-nic-wifi-externo-802-11n-2t2r-mod\/","og_site_name":"Compuviper","article_publisher":"https:\/\/www.facebook.com\/compuviper","og_image":[{"width":200,"height":200,"url":"https:\/\/compuviper.mx\/tienda\/wp-content\/uploads\/2023\/12\/Mini-adaptador-de-red-inalambrico-usb-2.0-a-wireless-n-de-300-mbps-nic-wifi-externo-802.11n-2t2r-startech.com-mod.-usb300wn2x2c.jpg","type":"image\/jpeg"}],"twitter_card":"summary_large_image","twitter_misc":{"Precio":"&#36;419 con IVA","Availability":"Out of stock"},"schema":{"@context":"https:\/\/schema.org","@graph":[{"@type":"WebPage","@id":"https:\/\/compuviper.mx\/tienda\/producto\/startech-com-usb300wn2x2c-mini-adaptador-de-red-inalmbrico-usb-2-0-a-wireless-n-de-300-mbps-nic-wifi-externo-802-11n-2t2r-mod\/","url":"https:\/\/compuviper.mx\/tienda\/producto\/startech-com-usb300wn2x2c-mini-adaptador-de-red-inalmbrico-usb-2-0-a-wireless-n-de-300-mbps-nic-wifi-externo-802-11n-2t2r-mod\/","name":"[ Startech.com ] &#129351; Usb300wn2x2c Mini Adaptador De Red Inalmbrico Usb 2.0 A Wireless N De 300 Mbps - Nic Wifi Externo 802.11n 2t2r - Mod.","isPartOf":{"@id":"https:\/\/compuviper.mx\/tienda\/#website"},"datePublished":"2026-04-02T05:31:30+00:00","dateModified":"2026-04-02T05:31:30+00:00","description":"Compra Usb300wn2x2c Mini Adaptador De Red Inalmbrico Usb 2.0 A Wireless N De 300 Mbps - Nic Wifi Externo 802.11n 2t2r - Mod. + Env\u00edo a domicilio + Pago seguro + Garant\u00eda","breadcrumb":{"@id":"https:\/\/compuviper.mx\/tienda\/producto\/startech-com-usb300wn2x2c-mini-adaptador-de-red-inalmbrico-usb-2-0-a-wireless-n-de-300-mbps-nic-wifi-externo-802-11n-2t2r-mod\/#breadcrumb"},"inLanguage":"es-MX","potentialAction":[{"@type":"ReadAction","target":["https:\/\/compuviper.mx\/tienda\/producto\/startech-com-usb300wn2x2c-mini-adaptador-de-red-inalmbrico-usb-2-0-a-wireless-n-de-300-mbps-nic-wifi-externo-802-11n-2t2r-mod\/"]}]},{"@type":"BreadcrumbList","@id":"https:\/\/compuviper.mx\/tienda\/producto\/startech-com-usb300wn2x2c-mini-adaptador-de-red-inalmbrico-usb-2-0-a-wireless-n-de-300-mbps-nic-wifi-externo-802-11n-2t2r-mod\/#breadcrumb","itemListElement":[{"@type":"ListItem","position":1,"name":"Inicio","item":"https:\/\/compuviper.mx\/tienda\/"},{"@type":"ListItem","position":2,"name":"Productos","item":"https:\/\/compuviper.mx\/tienda\/productos\/"},{"@type":"ListItem","position":3,"name":"Accesorios","item":"https:\/\/compuviper.mx\/tienda\/categoria-producto\/accesorios\/"},{"@type":"ListItem","position":4,"name":"Adaptadores","item":"https:\/\/compuviper.mx\/tienda\/categoria-producto\/accesorios\/adaptadores\/"},{"@type":"ListItem","position":5,"name":"Startech.com Usb300wn2x2c Mini Adaptador De Red Inalmbrico Usb 2.0 A Wireless N De 300 Mbps &#8211; Nic Wifi Externo 802.11n 2t2r &#8211; Mod."}]},{"@type":"WebSite","@id":"https:\/\/compuviper.mx\/tienda\/#website","url":"https:\/\/compuviper.mx\/tienda\/","name":"Compuviper","description":"Proveedor de Computadoras, Laptops, Servidores, Monitores, Puntos de Venta, Teclados,   Impresoras, T\u00f3ner, C\u00e1maras de Seguridad y m\u00e1s en tu tienda en l\u00ednea","publisher":{"@id":"https:\/\/compuviper.mx\/tienda\/#organization"},"potentialAction":[{"@type":"SearchAction","target":{"@type":"EntryPoint","urlTemplate":"https:\/\/compuviper.mx\/tienda\/?s={search_term_string}"},"query-input":"required name=search_term_string"}],"inLanguage":"es-MX"},{"@type":"Organization","@id":"https:\/\/compuviper.mx\/tienda\/#organization","name":"Compuviper","url":"https:\/\/compuviper.mx\/tienda\/","logo":{"@type":"ImageObject","inLanguage":"es-MX","@id":"https:\/\/compuviper.mx\/tienda\/#\/schema\/logo\/image\/","url":"https:\/\/compuviper.mx\/tienda\/wp-content\/uploads\/2021\/08\/Logo-Compuviper-10.png","contentUrl":"https:\/\/compuviper.mx\/tienda\/wp-content\/uploads\/2021\/08\/Logo-Compuviper-10.png","width":1000,"height":500,"caption":"Compuviper"},"image":{"@id":"https:\/\/compuviper.mx\/tienda\/#\/schema\/logo\/image\/"},"sameAs":["https:\/\/www.facebook.com\/compuviper","https:\/\/www.youtube.com\/channel\/UCf73dERp9Y3cfOq7q8BhLjA?view_as=subscriber"]}]},"product_brand":"STARTECH.COM","product_price_amount":"419","product_price_currency":"MXN","og_availability":"out of stock","product_availability":"out of stock","product_retailer_item_id":"USB300WN2X2C","product_condition":"new"},"_links":{"self":[{"href":"https:\/\/compuviper.mx\/tienda\/wp-json\/wp\/v2\/product\/212419"}],"collection":[{"href":"https:\/\/compuviper.mx\/tienda\/wp-json\/wp\/v2\/product"}],"about":[{"href":"https:\/\/compuviper.mx\/tienda\/wp-json\/wp\/v2\/types\/product"}],"replies":[{"embeddable":true,"href":"https:\/\/compuviper.mx\/tienda\/wp-json\/wp\/v2\/comments?post=212419"}],"wp:featuredmedia":[{"embeddable":true,"href":"https:\/\/compuviper.mx\/tienda\/wp-json\/wp\/v2\/media\/212420"}],"wp:attachment":[{"href":"https:\/\/compuviper.mx\/tienda\/wp-json\/wp\/v2\/media?parent=212419"}],"wp:term":[{"taxonomy":"product_cat","embeddable":true,"href":"https:\/\/compuviper.mx\/tienda\/wp-json\/wp\/v2\/product_cat?post=212419"},{"taxonomy":"product_tag","embeddable":true,"href":"https:\/\/compuviper.mx\/tienda\/wp-json\/wp\/v2\/product_tag?post=212419"}],"curies":[{"name":"wp","href":"https:\/\/api.w.org\/{rel}","templated":true}]}}