{"id":212417,"date":"2026-04-01T23:31:30","date_gmt":"2026-04-02T05:31:30","guid":{"rendered":"https:\/\/compuviper.mx\/tienda\/producto\/startech-com-pex300wn2x2-tarjeta-pci-express-adaptador-pcie-de-red-inalmbrica-wireless-wifi-n-802-11b-g-n-300mbps-2t2r-mod\/"},"modified":"2026-04-01T23:31:30","modified_gmt":"2026-04-02T05:31:30","slug":"startech-com-pex300wn2x2-tarjeta-pci-express-adaptador-pcie-de-red-inalmbrica-wireless-wifi-n-802-11b-g-n-300mbps-2t2r-mod","status":"publish","type":"product","link":"https:\/\/compuviper.mx\/tienda\/producto\/startech-com-pex300wn2x2-tarjeta-pci-express-adaptador-pcie-de-red-inalmbrica-wireless-wifi-n-802-11b-g-n-300mbps-2t2r-mod\/","title":{"rendered":"Startech.com Pex300wn2x2 Tarjeta Pci Express &#8211; Adaptador Pcie De Red Inalmbrica Wireless Wifi N 802.11b\/g\/n 300mbps 2t2r &#8211;  Mod."},"content":{"rendered":"<table class=\"descripcion\">\n<tr>\n<td>Hardware<\/td>\n<\/tr>\n<tr>\n<td>Id del conjunto de chips : ralink &#8211; rt5392<\/td>\n<\/tr>\n<tr>\n<td>Interfaz : inal\u00e1mbrico<\/td>\n<\/tr>\n<tr>\n<td>Tipo de bus : pci express<\/td>\n<\/tr>\n<tr>\n<td>Tipo de tarjeta : perfil est\u00e1ndar (incluye soporte para perfil bajo)<\/td>\n<\/tr>\n<tr>\n<td>Est\u00e1ndares industriales : ieee 802.11b, ieee 802.11g, ieee802.11n<\/td>\n<\/tr>\n<tr>\n<td>Configuraci\u00f3n de antena : 2&#215;2:2 (txr:s)<\/td>\n<\/tr>\n<tr>\n<td>Rendimiento<\/td>\n<\/tr>\n<tr>\n<td>Alcance de la frecuencia : 2.4 ghz ~ 2.484 ghz<\/td>\n<\/tr>\n<tr>\n<td>Ancho de banda : 20\/40 mhz<\/td>\n<\/tr>\n<tr>\n<td>Caracter\u00edsticas de seguridad :<\/td>\n<\/tr>\n<tr>\n<td>Cifrado de datos wep<\/td>\n<\/tr>\n<tr>\n<td>Tkip\/aes<\/td>\n<\/tr>\n<tr>\n<td>Wpa and wpa2 enterprise data encryption<\/td>\n<\/tr>\n<tr>\n<td>Wpa and wpa2-psk data encryption<\/td>\n<\/tr>\n<tr>\n<td>Modulaci\u00f3n : ofdm\/dsss\/dbpsk\/dqpsk\/cck<\/td>\n<\/tr>\n<tr>\n<td>Protocolos admitidos : csma\/ca<\/td>\n<\/tr>\n<tr>\n<td>Caracter\u00edsticas f\u00edsicas<\/td>\n<\/tr>\n<tr>\n<td>Peso del producto : 38 g<\/td>\n<\/tr>\n<tr>\n<td>Longitud del producto : 75 mm<\/td>\n<\/tr>\n<tr>\n<td>Ancho del producto : 49 mm<\/td>\n<\/tr>\n<tr>\n<td>Altura del producto : 1.8 cm<\/td>\n<\/tr>\n<tr>\n<td>Rendimiento<\/td>\n<\/tr>\n<tr>\n<td>Soporte full duplex  : s\u00ed<\/td>\n<\/tr>\n<tr>\n<td>Tasa de transferencia de datos m\u00e1xima : 802.11n 300mbps<\/td>\n<\/tr>\n<tr>\n<td>Software<\/td>\n<\/tr>\n<tr>\n<td>Compatibilidad os : windows\u00ae xp, vista, 7, 8, 8.1, 10<\/td>\n<\/tr>\n<tr>\n<td>Windows server\u00ae 2003, 2008 r2<\/td>\n<\/tr>\n<tr>\n<td> linux 2.6.32 to 4.11.x<\/td>\n<\/tr>\n<tr>\n<td>Lts versions only<\/td>\n<\/tr>\n<\/table>\n","protected":false},"excerpt":{"rendered":"<p>La tarjeta inal\u00e1mbrica n pci express 802.11n (pcie x1), pex300wn2x2 permite agregar conectividad de red inal\u00e1mbrica de alta velocidad a la mayor\u00eda de las computadoras\/estaciones de trabajo con capacidad pci express. Con un de dise\u00f1o 2t2r (2 transmisores\/2 receptores) en la frecuencia de 2,4ghz, esta tarjeta inal\u00e1mbrica pcie alcanza velocidades de transferencia de datos de hasta 300mbps a trav\u00e9s de una red 802.11n a la vez que mejora la recepci\u00f3n y el rango de la se\u00f1al. Conservando su compatiblidad con redes 802.11b\/g (11\/54mbps), este adaptador wifi n ofrece una soluci\u00f3n de red inal\u00e1mbrica vers\u00e1til con soporte para opciones de seguridad est\u00e1ndares y avanzadas como wep, wpa, wpa2, as\u00ed como para calidad de servicio (qos) en redes inal\u00e1mbricas y una r\u00e1pida y simple configuraci\u00f3n a trav\u00e9s de wps. Esta tarjeta pci express 2.0 f\u00e1cil de instalar cuenta con soporte t\u00e9cnio de por vida de startech.Com.<\/p>\n","protected":false},"featured_media":212418,"comment_status":"open","ping_status":"open","template":"","meta":[],"product_cat":[1485,1492],"product_tag":[1590],"acf":[],"yoast_head":"<!-- This site is optimized with the Yoast SEO plugin v21.7 - https:\/\/yoast.com\/wordpress\/plugins\/seo\/ -->\n<title>[ Startech.com ] &#129351; Pex300wn2x2 Tarjeta Pci Express - Adaptador Pcie De Red Inalmbrica Wireless Wifi N 802.11b\/g\/n 300mbps 2t2r - Mod.<\/title>\n<meta name=\"description\" content=\"Compra Pex300wn2x2 Tarjeta Pci Express - Adaptador Pcie De Red Inalmbrica Wireless Wifi N 802.11b\/g\/n 300mbps 2t2r - Mod. + Env\u00edo a domicilio + Pago seguro + Garant\u00eda\" \/>\n<meta name=\"robots\" content=\"index, follow, max-snippet:-1, max-image-preview:large, max-video-preview:-1\" \/>\n<link rel=\"canonical\" href=\"https:\/\/compuviper.mx\/tienda\/producto\/startech-com-pex300wn2x2-tarjeta-pci-express-adaptador-pcie-de-red-inalmbrica-wireless-wifi-n-802-11b-g-n-300mbps-2t2r-mod\/\" \/>\n<meta property=\"og:locale\" content=\"es_MX\" \/>\n<meta property=\"og:type\" content=\"article\" \/>\n<meta property=\"og:title\" content=\"[ Startech.com ] &#129351; Pex300wn2x2 Tarjeta Pci Express - Adaptador Pcie De Red Inalmbrica Wireless Wifi N 802.11b\/g\/n 300mbps 2t2r - Mod.\" \/>\n<meta property=\"og:description\" content=\"Compra Pex300wn2x2 Tarjeta Pci Express - Adaptador Pcie De Red Inalmbrica Wireless Wifi N 802.11b\/g\/n 300mbps 2t2r - Mod. + Env\u00edo a domicilio + Pago seguro + Garant\u00eda\" \/>\n<meta property=\"og:url\" content=\"https:\/\/compuviper.mx\/tienda\/producto\/startech-com-pex300wn2x2-tarjeta-pci-express-adaptador-pcie-de-red-inalmbrica-wireless-wifi-n-802-11b-g-n-300mbps-2t2r-mod\/\" \/>\n<meta property=\"og:site_name\" content=\"Compuviper\" \/>\n<meta property=\"article:publisher\" content=\"https:\/\/www.facebook.com\/compuviper\" \/>\n<meta property=\"og:image\" content=\"https:\/\/compuviper.mx\/tienda\/wp-content\/uploads\/2023\/12\/Tarjeta-pci-express-adaptador-pcie-de-red-inalambrica-wireless-wifi-n-802.11bgn-300mbps-2t2r-startech.com-mod.-pex300wn2x2.jpg\" \/>\n\t<meta property=\"og:image:width\" content=\"200\" \/>\n\t<meta property=\"og:image:height\" content=\"200\" \/>\n\t<meta property=\"og:image:type\" content=\"image\/jpeg\" \/>\n<meta name=\"twitter:card\" content=\"summary_large_image\" \/>\n<meta name=\"twitter:label1\" content=\"Precio\" \/>\n\t<meta name=\"twitter:data1\" content=\"&#36;660 con IVA\" \/>\n\t<meta name=\"twitter:label2\" content=\"Availability\" \/>\n\t<meta name=\"twitter:data2\" content=\"Out of stock\" \/>\n<script type=\"application\/ld+json\" class=\"yoast-schema-graph\">{\"@context\":\"https:\/\/schema.org\",\"@graph\":[{\"@type\":\"WebPage\",\"@id\":\"https:\/\/compuviper.mx\/tienda\/producto\/startech-com-pex300wn2x2-tarjeta-pci-express-adaptador-pcie-de-red-inalmbrica-wireless-wifi-n-802-11b-g-n-300mbps-2t2r-mod\/\",\"url\":\"https:\/\/compuviper.mx\/tienda\/producto\/startech-com-pex300wn2x2-tarjeta-pci-express-adaptador-pcie-de-red-inalmbrica-wireless-wifi-n-802-11b-g-n-300mbps-2t2r-mod\/\",\"name\":\"[ Startech.com ] &#129351; Pex300wn2x2 Tarjeta Pci Express - Adaptador Pcie De Red Inalmbrica Wireless Wifi N 802.11b\/g\/n 300mbps 2t2r - Mod.\",\"isPartOf\":{\"@id\":\"https:\/\/compuviper.mx\/tienda\/#website\"},\"datePublished\":\"2026-04-02T05:31:30+00:00\",\"dateModified\":\"2026-04-02T05:31:30+00:00\",\"description\":\"Compra Pex300wn2x2 Tarjeta Pci Express - Adaptador Pcie De Red Inalmbrica Wireless Wifi N 802.11b\/g\/n 300mbps 2t2r - Mod. + Env\u00edo a domicilio + Pago seguro + Garant\u00eda\",\"breadcrumb\":{\"@id\":\"https:\/\/compuviper.mx\/tienda\/producto\/startech-com-pex300wn2x2-tarjeta-pci-express-adaptador-pcie-de-red-inalmbrica-wireless-wifi-n-802-11b-g-n-300mbps-2t2r-mod\/#breadcrumb\"},\"inLanguage\":\"es-MX\",\"potentialAction\":[{\"@type\":\"ReadAction\",\"target\":[\"https:\/\/compuviper.mx\/tienda\/producto\/startech-com-pex300wn2x2-tarjeta-pci-express-adaptador-pcie-de-red-inalmbrica-wireless-wifi-n-802-11b-g-n-300mbps-2t2r-mod\/\"]}]},{\"@type\":\"BreadcrumbList\",\"@id\":\"https:\/\/compuviper.mx\/tienda\/producto\/startech-com-pex300wn2x2-tarjeta-pci-express-adaptador-pcie-de-red-inalmbrica-wireless-wifi-n-802-11b-g-n-300mbps-2t2r-mod\/#breadcrumb\",\"itemListElement\":[{\"@type\":\"ListItem\",\"position\":1,\"name\":\"Inicio\",\"item\":\"https:\/\/compuviper.mx\/tienda\/\"},{\"@type\":\"ListItem\",\"position\":2,\"name\":\"Productos\",\"item\":\"https:\/\/compuviper.mx\/tienda\/productos\/\"},{\"@type\":\"ListItem\",\"position\":3,\"name\":\"Accesorios\",\"item\":\"https:\/\/compuviper.mx\/tienda\/categoria-producto\/accesorios\/\"},{\"@type\":\"ListItem\",\"position\":4,\"name\":\"Adaptadores\",\"item\":\"https:\/\/compuviper.mx\/tienda\/categoria-producto\/accesorios\/adaptadores\/\"},{\"@type\":\"ListItem\",\"position\":5,\"name\":\"Startech.com Pex300wn2x2 Tarjeta Pci Express &#8211; Adaptador Pcie De Red Inalmbrica Wireless Wifi N 802.11b\/g\/n 300mbps 2t2r &#8211; Mod.\"}]},{\"@type\":\"WebSite\",\"@id\":\"https:\/\/compuviper.mx\/tienda\/#website\",\"url\":\"https:\/\/compuviper.mx\/tienda\/\",\"name\":\"Compuviper\",\"description\":\"Proveedor de Computadoras, Laptops, Servidores, Monitores, Puntos de Venta, Teclados,   Impresoras, T\u00f3ner, C\u00e1maras de Seguridad y m\u00e1s en tu tienda en l\u00ednea\",\"publisher\":{\"@id\":\"https:\/\/compuviper.mx\/tienda\/#organization\"},\"potentialAction\":[{\"@type\":\"SearchAction\",\"target\":{\"@type\":\"EntryPoint\",\"urlTemplate\":\"https:\/\/compuviper.mx\/tienda\/?s={search_term_string}\"},\"query-input\":\"required name=search_term_string\"}],\"inLanguage\":\"es-MX\"},{\"@type\":\"Organization\",\"@id\":\"https:\/\/compuviper.mx\/tienda\/#organization\",\"name\":\"Compuviper\",\"url\":\"https:\/\/compuviper.mx\/tienda\/\",\"logo\":{\"@type\":\"ImageObject\",\"inLanguage\":\"es-MX\",\"@id\":\"https:\/\/compuviper.mx\/tienda\/#\/schema\/logo\/image\/\",\"url\":\"https:\/\/compuviper.mx\/tienda\/wp-content\/uploads\/2021\/08\/Logo-Compuviper-10.png\",\"contentUrl\":\"https:\/\/compuviper.mx\/tienda\/wp-content\/uploads\/2021\/08\/Logo-Compuviper-10.png\",\"width\":1000,\"height\":500,\"caption\":\"Compuviper\"},\"image\":{\"@id\":\"https:\/\/compuviper.mx\/tienda\/#\/schema\/logo\/image\/\"},\"sameAs\":[\"https:\/\/www.facebook.com\/compuviper\",\"https:\/\/www.youtube.com\/channel\/UCf73dERp9Y3cfOq7q8BhLjA?view_as=subscriber\"]}]}<\/script>\n<meta property=\"product:brand\" content=\"STARTECH.COM\" \/>\n<meta property=\"product:price:amount\" content=\"660\" \/>\n<meta property=\"product:price:currency\" content=\"MXN\" \/>\n<meta property=\"og:availability\" content=\"out of stock\" \/>\n<meta property=\"product:availability\" content=\"out of stock\" \/>\n<meta property=\"product:retailer_item_id\" content=\"PEX300WN2X2\" \/>\n<meta property=\"product:condition\" content=\"new\" \/>\n<!-- \/ Yoast SEO plugin. -->","yoast_head_json":{"title":"[ Startech.com ] &#129351; Pex300wn2x2 Tarjeta Pci Express - Adaptador Pcie De Red Inalmbrica Wireless Wifi N 802.11b\/g\/n 300mbps 2t2r - Mod.","description":"Compra Pex300wn2x2 Tarjeta Pci Express - Adaptador Pcie De Red Inalmbrica Wireless Wifi N 802.11b\/g\/n 300mbps 2t2r - Mod. + Env\u00edo a domicilio + Pago seguro + Garant\u00eda","robots":{"index":"index","follow":"follow","max-snippet":"max-snippet:-1","max-image-preview":"max-image-preview:large","max-video-preview":"max-video-preview:-1"},"canonical":"https:\/\/compuviper.mx\/tienda\/producto\/startech-com-pex300wn2x2-tarjeta-pci-express-adaptador-pcie-de-red-inalmbrica-wireless-wifi-n-802-11b-g-n-300mbps-2t2r-mod\/","og_locale":"es_MX","og_type":"article","og_title":"[ Startech.com ] &#129351; Pex300wn2x2 Tarjeta Pci Express - Adaptador Pcie De Red Inalmbrica Wireless Wifi N 802.11b\/g\/n 300mbps 2t2r - Mod.","og_description":"Compra Pex300wn2x2 Tarjeta Pci Express - Adaptador Pcie De Red Inalmbrica Wireless Wifi N 802.11b\/g\/n 300mbps 2t2r - Mod. + Env\u00edo a domicilio + Pago seguro + Garant\u00eda","og_url":"https:\/\/compuviper.mx\/tienda\/producto\/startech-com-pex300wn2x2-tarjeta-pci-express-adaptador-pcie-de-red-inalmbrica-wireless-wifi-n-802-11b-g-n-300mbps-2t2r-mod\/","og_site_name":"Compuviper","article_publisher":"https:\/\/www.facebook.com\/compuviper","og_image":[{"width":200,"height":200,"url":"https:\/\/compuviper.mx\/tienda\/wp-content\/uploads\/2023\/12\/Tarjeta-pci-express-adaptador-pcie-de-red-inalambrica-wireless-wifi-n-802.11bgn-300mbps-2t2r-startech.com-mod.-pex300wn2x2.jpg","type":"image\/jpeg"}],"twitter_card":"summary_large_image","twitter_misc":{"Precio":"&#36;660 con IVA","Availability":"Out of stock"},"schema":{"@context":"https:\/\/schema.org","@graph":[{"@type":"WebPage","@id":"https:\/\/compuviper.mx\/tienda\/producto\/startech-com-pex300wn2x2-tarjeta-pci-express-adaptador-pcie-de-red-inalmbrica-wireless-wifi-n-802-11b-g-n-300mbps-2t2r-mod\/","url":"https:\/\/compuviper.mx\/tienda\/producto\/startech-com-pex300wn2x2-tarjeta-pci-express-adaptador-pcie-de-red-inalmbrica-wireless-wifi-n-802-11b-g-n-300mbps-2t2r-mod\/","name":"[ Startech.com ] &#129351; Pex300wn2x2 Tarjeta Pci Express - Adaptador Pcie De Red Inalmbrica Wireless Wifi N 802.11b\/g\/n 300mbps 2t2r - Mod.","isPartOf":{"@id":"https:\/\/compuviper.mx\/tienda\/#website"},"datePublished":"2026-04-02T05:31:30+00:00","dateModified":"2026-04-02T05:31:30+00:00","description":"Compra Pex300wn2x2 Tarjeta Pci Express - Adaptador Pcie De Red Inalmbrica Wireless Wifi N 802.11b\/g\/n 300mbps 2t2r - Mod. + Env\u00edo a domicilio + Pago seguro + Garant\u00eda","breadcrumb":{"@id":"https:\/\/compuviper.mx\/tienda\/producto\/startech-com-pex300wn2x2-tarjeta-pci-express-adaptador-pcie-de-red-inalmbrica-wireless-wifi-n-802-11b-g-n-300mbps-2t2r-mod\/#breadcrumb"},"inLanguage":"es-MX","potentialAction":[{"@type":"ReadAction","target":["https:\/\/compuviper.mx\/tienda\/producto\/startech-com-pex300wn2x2-tarjeta-pci-express-adaptador-pcie-de-red-inalmbrica-wireless-wifi-n-802-11b-g-n-300mbps-2t2r-mod\/"]}]},{"@type":"BreadcrumbList","@id":"https:\/\/compuviper.mx\/tienda\/producto\/startech-com-pex300wn2x2-tarjeta-pci-express-adaptador-pcie-de-red-inalmbrica-wireless-wifi-n-802-11b-g-n-300mbps-2t2r-mod\/#breadcrumb","itemListElement":[{"@type":"ListItem","position":1,"name":"Inicio","item":"https:\/\/compuviper.mx\/tienda\/"},{"@type":"ListItem","position":2,"name":"Productos","item":"https:\/\/compuviper.mx\/tienda\/productos\/"},{"@type":"ListItem","position":3,"name":"Accesorios","item":"https:\/\/compuviper.mx\/tienda\/categoria-producto\/accesorios\/"},{"@type":"ListItem","position":4,"name":"Adaptadores","item":"https:\/\/compuviper.mx\/tienda\/categoria-producto\/accesorios\/adaptadores\/"},{"@type":"ListItem","position":5,"name":"Startech.com Pex300wn2x2 Tarjeta Pci Express &#8211; Adaptador Pcie De Red Inalmbrica Wireless Wifi N 802.11b\/g\/n 300mbps 2t2r &#8211; Mod."}]},{"@type":"WebSite","@id":"https:\/\/compuviper.mx\/tienda\/#website","url":"https:\/\/compuviper.mx\/tienda\/","name":"Compuviper","description":"Proveedor de Computadoras, Laptops, Servidores, Monitores, Puntos de Venta, Teclados,   Impresoras, T\u00f3ner, C\u00e1maras de Seguridad y m\u00e1s en tu tienda en l\u00ednea","publisher":{"@id":"https:\/\/compuviper.mx\/tienda\/#organization"},"potentialAction":[{"@type":"SearchAction","target":{"@type":"EntryPoint","urlTemplate":"https:\/\/compuviper.mx\/tienda\/?s={search_term_string}"},"query-input":"required name=search_term_string"}],"inLanguage":"es-MX"},{"@type":"Organization","@id":"https:\/\/compuviper.mx\/tienda\/#organization","name":"Compuviper","url":"https:\/\/compuviper.mx\/tienda\/","logo":{"@type":"ImageObject","inLanguage":"es-MX","@id":"https:\/\/compuviper.mx\/tienda\/#\/schema\/logo\/image\/","url":"https:\/\/compuviper.mx\/tienda\/wp-content\/uploads\/2021\/08\/Logo-Compuviper-10.png","contentUrl":"https:\/\/compuviper.mx\/tienda\/wp-content\/uploads\/2021\/08\/Logo-Compuviper-10.png","width":1000,"height":500,"caption":"Compuviper"},"image":{"@id":"https:\/\/compuviper.mx\/tienda\/#\/schema\/logo\/image\/"},"sameAs":["https:\/\/www.facebook.com\/compuviper","https:\/\/www.youtube.com\/channel\/UCf73dERp9Y3cfOq7q8BhLjA?view_as=subscriber"]}]},"product_brand":"STARTECH.COM","product_price_amount":"660","product_price_currency":"MXN","og_availability":"out of stock","product_availability":"out of stock","product_retailer_item_id":"PEX300WN2X2","product_condition":"new"},"_links":{"self":[{"href":"https:\/\/compuviper.mx\/tienda\/wp-json\/wp\/v2\/product\/212417"}],"collection":[{"href":"https:\/\/compuviper.mx\/tienda\/wp-json\/wp\/v2\/product"}],"about":[{"href":"https:\/\/compuviper.mx\/tienda\/wp-json\/wp\/v2\/types\/product"}],"replies":[{"embeddable":true,"href":"https:\/\/compuviper.mx\/tienda\/wp-json\/wp\/v2\/comments?post=212417"}],"wp:featuredmedia":[{"embeddable":true,"href":"https:\/\/compuviper.mx\/tienda\/wp-json\/wp\/v2\/media\/212418"}],"wp:attachment":[{"href":"https:\/\/compuviper.mx\/tienda\/wp-json\/wp\/v2\/media?parent=212417"}],"wp:term":[{"taxonomy":"product_cat","embeddable":true,"href":"https:\/\/compuviper.mx\/tienda\/wp-json\/wp\/v2\/product_cat?post=212417"},{"taxonomy":"product_tag","embeddable":true,"href":"https:\/\/compuviper.mx\/tienda\/wp-json\/wp\/v2\/product_tag?post=212417"}],"curies":[{"name":"wp","href":"https:\/\/api.w.org\/{rel}","templated":true}]}}