{"id":212405,"date":"2026-04-01T23:31:26","date_gmt":"2026-04-02T05:31:26","guid":{"rendered":"https:\/\/compuviper.mx\/tienda\/producto\/peerless-av-plb-1-caja-adaptadora-con-inclinacin-para-montajes-en-el-techo-para-2-pantallas-de-hasta-90\/"},"modified":"2026-04-01T23:31:27","modified_gmt":"2026-04-02T05:31:27","slug":"peerless-av-plb-1-caja-adaptadora-con-inclinacin-para-montajes-en-el-techo-para-2-pantallas-de-hasta-90","status":"publish","type":"product","link":"https:\/\/compuviper.mx\/tienda\/producto\/peerless-av-plb-1-caja-adaptadora-con-inclinacin-para-montajes-en-el-techo-para-2-pantallas-de-hasta-90\/","title":{"rendered":"Peerless-av Plb-1 Caja Adaptadora Con Inclinaci?n Para Montajes En El Techo, Para 2 Pantallas De Hasta 90"},"content":{"rendered":"<table class=\"descripcion\">\n<tr>\n<td>Tama\u00f1o m\u00ednimo a m\u00e1ximo de pantalla 30 a 90<\/td>\n<\/tr>\n<tr>\n<td>Capacidad de peso                           300 lb (136 kg)<\/td>\n<\/tr>\n<tr>\n<td>Color                                     negro<\/td>\n<\/tr>\n<tr>\n<td>Caracter\u00edsticas de seguridad          hardware de seguridad<\/td>\n<\/tr>\n<tr>\n<td>Inclinaci\u00f3n+20\/0 giratoria yaw          360 grados<\/td>\n<\/tr>\n<tr>\n<td>Dimensiones del producto                 10.00 x 5.40 x 9.46 (254 x 137 x 240 mm)<\/td>\n<\/tr>\n<tr>\n<td>Peso de env\u00edo                           7 libras (3,1 kg)<\/td>\n<\/tr>\n<tr>\n<td>Dimensiones del empaque                 6.25 x 6 x 9.75 (158.8 x 152.4 x 247.7 mm)<\/td>\n<\/tr>\n<tr>\n<td>C\u00f3digo upc    735029215233<\/td>\n<\/tr>\n<\/table>\n","protected":false},"excerpt":{"rendered":"<p>El plb-1 de montaje en el techo de espalda con espalda funciona con todos los tubos de extensi\u00f3n npt de 1.5 para mayor versatilidad, soporte y conexi\u00f3n. Los tubos roscados npt de 1.5 facilitan la personalizaci\u00f3n de cada montaje para su aplicaci\u00f3n espec\u00edfica. El montaje de techo de espalda con espalda se puede usar junto con las columnas aec o ext de peerless-av, junto con las placas adaptadoras de plp para aplicaciones de montaje de techo personalizadas. Cada lado de la caja de inclinaci\u00f3n proporciona -5 a 2 grados de inclinaci\u00f3n hacia adelante y 36 grados de giro, lo que permite encontrar el \u00e1ngulo de visi\u00f3n perfecto. No es compatible con las columnas de extensi\u00f3n aec69, ext2 y ext6.<\/p>\n","protected":false},"featured_media":212406,"comment_status":"open","ping_status":"open","template":"","meta":[],"product_cat":[2321,2265],"product_tag":[1904],"acf":[],"yoast_head":"<!-- This site is optimized with the Yoast SEO plugin v21.7 - https:\/\/yoast.com\/wordpress\/plugins\/seo\/ -->\n<title>[ Peerless-av ] &#129351; Plb-1 Caja Adaptadora Con Inclinaci\u00f3n Para Montajes En El Techo, Para 2 Pantallas De Hasta 90<\/title>\n<meta name=\"description\" content=\"Compra Plb-1 Caja Adaptadora Con Inclinaci\u00f3n Para Montajes En El Techo, Para 2 Pantallas De Hasta 90 + Env\u00edo a domicilio + Pago seguro + Garant\u00eda\" \/>\n<meta name=\"robots\" content=\"index, follow, max-snippet:-1, max-image-preview:large, max-video-preview:-1\" \/>\n<link rel=\"canonical\" href=\"https:\/\/compuviper.mx\/tienda\/producto\/peerless-av-plb-1-caja-adaptadora-con-inclinacin-para-montajes-en-el-techo-para-2-pantallas-de-hasta-90\/\" \/>\n<meta property=\"og:locale\" content=\"es_MX\" \/>\n<meta property=\"og:type\" content=\"article\" \/>\n<meta property=\"og:title\" content=\"[ Peerless-av ] &#129351; Plb-1 Caja Adaptadora Con Inclinaci\u00f3n Para Montajes En El Techo, Para 2 Pantallas De Hasta 90\" \/>\n<meta property=\"og:description\" content=\"Compra Plb-1 Caja Adaptadora Con Inclinaci\u00f3n Para Montajes En El Techo, Para 2 Pantallas De Hasta 90 + Env\u00edo a domicilio + Pago seguro + Garant\u00eda\" \/>\n<meta property=\"og:url\" content=\"https:\/\/compuviper.mx\/tienda\/producto\/peerless-av-plb-1-caja-adaptadora-con-inclinacin-para-montajes-en-el-techo-para-2-pantallas-de-hasta-90\/\" \/>\n<meta property=\"og:site_name\" content=\"Compuviper\" \/>\n<meta property=\"article:publisher\" content=\"https:\/\/www.facebook.com\/compuviper\" \/>\n<meta property=\"article:modified_time\" content=\"2026-04-02T05:31:27+00:00\" \/>\n<meta property=\"og:image\" content=\"https:\/\/compuviper.mx\/tienda\/wp-content\/uploads\/2023\/12\/Caja-adaptadora-con-inclinacion-para-montajes-en-el-techo-para-2-pantallas-de-hasta-90.jpg\" \/>\n\t<meta property=\"og:image:width\" content=\"200\" \/>\n\t<meta property=\"og:image:height\" content=\"200\" \/>\n\t<meta property=\"og:image:type\" content=\"image\/jpeg\" \/>\n<meta name=\"twitter:card\" content=\"summary_large_image\" \/>\n<meta name=\"twitter:label1\" content=\"Precio\" \/>\n\t<meta name=\"twitter:data1\" content=\"&#36;4,119 con IVA\" \/>\n\t<meta name=\"twitter:label2\" content=\"Availability\" \/>\n\t<meta name=\"twitter:data2\" content=\"On backorder\" \/>\n<script type=\"application\/ld+json\" class=\"yoast-schema-graph\">{\"@context\":\"https:\/\/schema.org\",\"@graph\":[{\"@type\":\"WebPage\",\"@id\":\"https:\/\/compuviper.mx\/tienda\/producto\/peerless-av-plb-1-caja-adaptadora-con-inclinacin-para-montajes-en-el-techo-para-2-pantallas-de-hasta-90\/\",\"url\":\"https:\/\/compuviper.mx\/tienda\/producto\/peerless-av-plb-1-caja-adaptadora-con-inclinacin-para-montajes-en-el-techo-para-2-pantallas-de-hasta-90\/\",\"name\":\"[ Peerless-av ] &#129351; Plb-1 Caja Adaptadora Con Inclinaci\u00f3n Para Montajes En El Techo, Para 2 Pantallas De Hasta 90\",\"isPartOf\":{\"@id\":\"https:\/\/compuviper.mx\/tienda\/#website\"},\"datePublished\":\"2026-04-02T05:31:26+00:00\",\"dateModified\":\"2026-04-02T05:31:27+00:00\",\"description\":\"Compra Plb-1 Caja Adaptadora Con Inclinaci\u00f3n Para Montajes En El Techo, Para 2 Pantallas De Hasta 90 + Env\u00edo a domicilio + Pago seguro + Garant\u00eda\",\"breadcrumb\":{\"@id\":\"https:\/\/compuviper.mx\/tienda\/producto\/peerless-av-plb-1-caja-adaptadora-con-inclinacin-para-montajes-en-el-techo-para-2-pantallas-de-hasta-90\/#breadcrumb\"},\"inLanguage\":\"es-MX\",\"potentialAction\":[{\"@type\":\"ReadAction\",\"target\":[\"https:\/\/compuviper.mx\/tienda\/producto\/peerless-av-plb-1-caja-adaptadora-con-inclinacin-para-montajes-en-el-techo-para-2-pantallas-de-hasta-90\/\"]}]},{\"@type\":\"BreadcrumbList\",\"@id\":\"https:\/\/compuviper.mx\/tienda\/producto\/peerless-av-plb-1-caja-adaptadora-con-inclinacin-para-montajes-en-el-techo-para-2-pantallas-de-hasta-90\/#breadcrumb\",\"itemListElement\":[{\"@type\":\"ListItem\",\"position\":1,\"name\":\"Inicio\",\"item\":\"https:\/\/compuviper.mx\/tienda\/\"},{\"@type\":\"ListItem\",\"position\":2,\"name\":\"Productos\",\"item\":\"https:\/\/compuviper.mx\/tienda\/productos\/\"},{\"@type\":\"ListItem\",\"position\":3,\"name\":\"Soportes Y Bases P\/tv\/ Proyectores\/dvd\/consolas\/bocinas\/pantallas\/monotores\",\"item\":\"https:\/\/compuviper.mx\/tienda\/categoria-producto\/soportes-y-bases-p-tv-proyectores-dvd-consolas-bocinas-pantallas-monotores\/\"},{\"@type\":\"ListItem\",\"position\":4,\"name\":\"Soporte Y Base Para Tv\/pantallas\/monitores\/kiosko\",\"item\":\"https:\/\/compuviper.mx\/tienda\/categoria-producto\/soportes-y-bases-p-tv-proyectores-dvd-consolas-bocinas-pantallas-monotores\/soporte-y-base-para-tv-pantallas-monitores-kiosko\/\"},{\"@type\":\"ListItem\",\"position\":5,\"name\":\"Peerless-av Plb-1 Caja Adaptadora Con Inclinaci?n Para Montajes En El Techo, Para 2 Pantallas De Hasta 90\"}]},{\"@type\":\"WebSite\",\"@id\":\"https:\/\/compuviper.mx\/tienda\/#website\",\"url\":\"https:\/\/compuviper.mx\/tienda\/\",\"name\":\"Compuviper\",\"description\":\"Proveedor de Computadoras, Laptops, Servidores, Monitores, Puntos de Venta, Teclados,   Impresoras, T\u00f3ner, C\u00e1maras de Seguridad y m\u00e1s en tu tienda en l\u00ednea\",\"publisher\":{\"@id\":\"https:\/\/compuviper.mx\/tienda\/#organization\"},\"potentialAction\":[{\"@type\":\"SearchAction\",\"target\":{\"@type\":\"EntryPoint\",\"urlTemplate\":\"https:\/\/compuviper.mx\/tienda\/?s={search_term_string}\"},\"query-input\":\"required name=search_term_string\"}],\"inLanguage\":\"es-MX\"},{\"@type\":\"Organization\",\"@id\":\"https:\/\/compuviper.mx\/tienda\/#organization\",\"name\":\"Compuviper\",\"url\":\"https:\/\/compuviper.mx\/tienda\/\",\"logo\":{\"@type\":\"ImageObject\",\"inLanguage\":\"es-MX\",\"@id\":\"https:\/\/compuviper.mx\/tienda\/#\/schema\/logo\/image\/\",\"url\":\"https:\/\/compuviper.mx\/tienda\/wp-content\/uploads\/2021\/08\/Logo-Compuviper-10.png\",\"contentUrl\":\"https:\/\/compuviper.mx\/tienda\/wp-content\/uploads\/2021\/08\/Logo-Compuviper-10.png\",\"width\":1000,\"height\":500,\"caption\":\"Compuviper\"},\"image\":{\"@id\":\"https:\/\/compuviper.mx\/tienda\/#\/schema\/logo\/image\/\"},\"sameAs\":[\"https:\/\/www.facebook.com\/compuviper\",\"https:\/\/www.youtube.com\/channel\/UCf73dERp9Y3cfOq7q8BhLjA?view_as=subscriber\"]}]}<\/script>\n<meta property=\"product:brand\" content=\"PEERLESS-AV\" \/>\n<meta property=\"product:price:amount\" content=\"4119\" \/>\n<meta property=\"product:price:currency\" content=\"MXN\" \/>\n<meta property=\"og:availability\" content=\"backorder\" \/>\n<meta property=\"product:availability\" content=\"available for order\" \/>\n<meta property=\"product:retailer_item_id\" content=\"PLB-1\" \/>\n<meta property=\"product:condition\" content=\"new\" \/>\n<!-- \/ Yoast SEO plugin. -->","yoast_head_json":{"title":"[ Peerless-av ] &#129351; Plb-1 Caja Adaptadora Con Inclinaci\u00f3n Para Montajes En El Techo, Para 2 Pantallas De Hasta 90","description":"Compra Plb-1 Caja Adaptadora Con Inclinaci\u00f3n Para Montajes En El Techo, Para 2 Pantallas De Hasta 90 + Env\u00edo a domicilio + Pago seguro + Garant\u00eda","robots":{"index":"index","follow":"follow","max-snippet":"max-snippet:-1","max-image-preview":"max-image-preview:large","max-video-preview":"max-video-preview:-1"},"canonical":"https:\/\/compuviper.mx\/tienda\/producto\/peerless-av-plb-1-caja-adaptadora-con-inclinacin-para-montajes-en-el-techo-para-2-pantallas-de-hasta-90\/","og_locale":"es_MX","og_type":"article","og_title":"[ Peerless-av ] &#129351; Plb-1 Caja Adaptadora Con Inclinaci\u00f3n Para Montajes En El Techo, Para 2 Pantallas De Hasta 90","og_description":"Compra Plb-1 Caja Adaptadora Con Inclinaci\u00f3n Para Montajes En El Techo, Para 2 Pantallas De Hasta 90 + Env\u00edo a domicilio + Pago seguro + Garant\u00eda","og_url":"https:\/\/compuviper.mx\/tienda\/producto\/peerless-av-plb-1-caja-adaptadora-con-inclinacin-para-montajes-en-el-techo-para-2-pantallas-de-hasta-90\/","og_site_name":"Compuviper","article_publisher":"https:\/\/www.facebook.com\/compuviper","article_modified_time":"2026-04-02T05:31:27+00:00","og_image":[{"width":200,"height":200,"url":"https:\/\/compuviper.mx\/tienda\/wp-content\/uploads\/2023\/12\/Caja-adaptadora-con-inclinacion-para-montajes-en-el-techo-para-2-pantallas-de-hasta-90.jpg","type":"image\/jpeg"}],"twitter_card":"summary_large_image","twitter_misc":{"Precio":"&#36;4,119 con IVA","Availability":"On backorder"},"schema":{"@context":"https:\/\/schema.org","@graph":[{"@type":"WebPage","@id":"https:\/\/compuviper.mx\/tienda\/producto\/peerless-av-plb-1-caja-adaptadora-con-inclinacin-para-montajes-en-el-techo-para-2-pantallas-de-hasta-90\/","url":"https:\/\/compuviper.mx\/tienda\/producto\/peerless-av-plb-1-caja-adaptadora-con-inclinacin-para-montajes-en-el-techo-para-2-pantallas-de-hasta-90\/","name":"[ Peerless-av ] &#129351; Plb-1 Caja Adaptadora Con Inclinaci\u00f3n Para Montajes En El Techo, Para 2 Pantallas De Hasta 90","isPartOf":{"@id":"https:\/\/compuviper.mx\/tienda\/#website"},"datePublished":"2026-04-02T05:31:26+00:00","dateModified":"2026-04-02T05:31:27+00:00","description":"Compra Plb-1 Caja Adaptadora Con Inclinaci\u00f3n Para Montajes En El Techo, Para 2 Pantallas De Hasta 90 + Env\u00edo a domicilio + Pago seguro + Garant\u00eda","breadcrumb":{"@id":"https:\/\/compuviper.mx\/tienda\/producto\/peerless-av-plb-1-caja-adaptadora-con-inclinacin-para-montajes-en-el-techo-para-2-pantallas-de-hasta-90\/#breadcrumb"},"inLanguage":"es-MX","potentialAction":[{"@type":"ReadAction","target":["https:\/\/compuviper.mx\/tienda\/producto\/peerless-av-plb-1-caja-adaptadora-con-inclinacin-para-montajes-en-el-techo-para-2-pantallas-de-hasta-90\/"]}]},{"@type":"BreadcrumbList","@id":"https:\/\/compuviper.mx\/tienda\/producto\/peerless-av-plb-1-caja-adaptadora-con-inclinacin-para-montajes-en-el-techo-para-2-pantallas-de-hasta-90\/#breadcrumb","itemListElement":[{"@type":"ListItem","position":1,"name":"Inicio","item":"https:\/\/compuviper.mx\/tienda\/"},{"@type":"ListItem","position":2,"name":"Productos","item":"https:\/\/compuviper.mx\/tienda\/productos\/"},{"@type":"ListItem","position":3,"name":"Soportes Y Bases P\/tv\/ Proyectores\/dvd\/consolas\/bocinas\/pantallas\/monotores","item":"https:\/\/compuviper.mx\/tienda\/categoria-producto\/soportes-y-bases-p-tv-proyectores-dvd-consolas-bocinas-pantallas-monotores\/"},{"@type":"ListItem","position":4,"name":"Soporte Y Base Para Tv\/pantallas\/monitores\/kiosko","item":"https:\/\/compuviper.mx\/tienda\/categoria-producto\/soportes-y-bases-p-tv-proyectores-dvd-consolas-bocinas-pantallas-monotores\/soporte-y-base-para-tv-pantallas-monitores-kiosko\/"},{"@type":"ListItem","position":5,"name":"Peerless-av Plb-1 Caja Adaptadora Con Inclinaci?n Para Montajes En El Techo, Para 2 Pantallas De Hasta 90"}]},{"@type":"WebSite","@id":"https:\/\/compuviper.mx\/tienda\/#website","url":"https:\/\/compuviper.mx\/tienda\/","name":"Compuviper","description":"Proveedor de Computadoras, Laptops, Servidores, Monitores, Puntos de Venta, Teclados,   Impresoras, T\u00f3ner, C\u00e1maras de Seguridad y m\u00e1s en tu tienda en l\u00ednea","publisher":{"@id":"https:\/\/compuviper.mx\/tienda\/#organization"},"potentialAction":[{"@type":"SearchAction","target":{"@type":"EntryPoint","urlTemplate":"https:\/\/compuviper.mx\/tienda\/?s={search_term_string}"},"query-input":"required name=search_term_string"}],"inLanguage":"es-MX"},{"@type":"Organization","@id":"https:\/\/compuviper.mx\/tienda\/#organization","name":"Compuviper","url":"https:\/\/compuviper.mx\/tienda\/","logo":{"@type":"ImageObject","inLanguage":"es-MX","@id":"https:\/\/compuviper.mx\/tienda\/#\/schema\/logo\/image\/","url":"https:\/\/compuviper.mx\/tienda\/wp-content\/uploads\/2021\/08\/Logo-Compuviper-10.png","contentUrl":"https:\/\/compuviper.mx\/tienda\/wp-content\/uploads\/2021\/08\/Logo-Compuviper-10.png","width":1000,"height":500,"caption":"Compuviper"},"image":{"@id":"https:\/\/compuviper.mx\/tienda\/#\/schema\/logo\/image\/"},"sameAs":["https:\/\/www.facebook.com\/compuviper","https:\/\/www.youtube.com\/channel\/UCf73dERp9Y3cfOq7q8BhLjA?view_as=subscriber"]}]},"product_brand":"PEERLESS-AV","product_price_amount":"4119","product_price_currency":"MXN","og_availability":"backorder","product_availability":"available for order","product_retailer_item_id":"PLB-1","product_condition":"new"},"_links":{"self":[{"href":"https:\/\/compuviper.mx\/tienda\/wp-json\/wp\/v2\/product\/212405"}],"collection":[{"href":"https:\/\/compuviper.mx\/tienda\/wp-json\/wp\/v2\/product"}],"about":[{"href":"https:\/\/compuviper.mx\/tienda\/wp-json\/wp\/v2\/types\/product"}],"replies":[{"embeddable":true,"href":"https:\/\/compuviper.mx\/tienda\/wp-json\/wp\/v2\/comments?post=212405"}],"wp:featuredmedia":[{"embeddable":true,"href":"https:\/\/compuviper.mx\/tienda\/wp-json\/wp\/v2\/media\/212406"}],"wp:attachment":[{"href":"https:\/\/compuviper.mx\/tienda\/wp-json\/wp\/v2\/media?parent=212405"}],"wp:term":[{"taxonomy":"product_cat","embeddable":true,"href":"https:\/\/compuviper.mx\/tienda\/wp-json\/wp\/v2\/product_cat?post=212405"},{"taxonomy":"product_tag","embeddable":true,"href":"https:\/\/compuviper.mx\/tienda\/wp-json\/wp\/v2\/product_tag?post=212405"}],"curies":[{"name":"wp","href":"https:\/\/api.w.org\/{rel}","templated":true}]}}