{"id":212395,"date":"2026-04-01T23:31:25","date_gmt":"2026-04-02T05:31:25","guid":{"rendered":"https:\/\/compuviper.mx\/tienda\/producto\/startech-com-m3013-tapete-antiesttico-de-pvc-de-60cm-x-69cm-antistatic-mat-beige-mod\/"},"modified":"2026-04-01T23:31:25","modified_gmt":"2026-04-02T05:31:25","slug":"startech-com-m3013-tapete-antiesttico-de-pvc-de-60cm-x-69cm-antistatic-mat-beige-mod","status":"publish","type":"product","link":"https:\/\/compuviper.mx\/tienda\/producto\/startech-com-m3013-tapete-antiesttico-de-pvc-de-60cm-x-69cm-antistatic-mat-beige-mod\/","title":{"rendered":"Startech.com M3013 Tapete Antiesttico De Pvc De 60cm X 69cm &#8211; Antistatic Mat &#8211; Beige &#8211;  Mod."},"content":{"rendered":"<table class=\"descripcion\">\n<tr>\n<td>Contenido de la caja<\/td>\n<\/tr>\n<tr>\n<td>Incluido en la caja : esterilla antiest\u00e1tica (grande)<\/td>\n<\/tr>\n<tr>\n<td>Incluido en la caja : cable de conexi\u00f3n a tierra, con pinza de sujeci\u00f3n<\/td>\n<\/tr>\n<tr>\n<td>Caracter\u00edsticas f\u00edsicas<\/td>\n<\/tr>\n<tr>\n<td>Peso del producto : 457 g<\/td>\n<\/tr>\n<tr>\n<td>Materiales : capa superior: pvc antiest\u00e1tico<\/td>\n<\/tr>\n<tr>\n<td> capa inferior: espuma de pvc<\/td>\n<\/tr>\n<tr>\n<td>Longitud del producto : 60 cm<\/td>\n<\/tr>\n<tr>\n<td>Color : beige<\/td>\n<\/tr>\n<tr>\n<td>Ancho del producto : 70 cm<\/td>\n<\/tr>\n<tr>\n<td>Altura del producto : 0.2 cm<\/td>\n<\/tr>\n<\/table>\n","protected":false},"excerpt":{"rendered":"<p>La esterilla antiest\u00e1tica para escritorio de startech.Com sirve para proteger su valioso equipo inform\u00e1tico de la peligrosa electricidad est\u00e1tica. Esta esterilla antiest\u00e1tica est\u00e1 fabricada de un material, de la m\u00e1s alta calidad, que absorbe la est\u00e1tica, a fin de garantizar el funcionamiento seguro de su equipo.  Esta esterilla antiest\u00e1tica sobrepasa las normas y medidas de control de la est\u00e1tica para ibm y equipos militares de ee.Uu., con un tama\u00f1o de 60 x 69 cm: perfecta para colocarla debajo de la cpu\/vdt y el teclado.<\/p>\n","protected":false},"featured_media":212396,"comment_status":"open","ping_status":"open","template":"","meta":[],"product_cat":[2303,1485],"product_tag":[1590],"acf":[],"yoast_head":"<!-- This site is optimized with the Yoast SEO plugin v21.7 - https:\/\/yoast.com\/wordpress\/plugins\/seo\/ -->\n<title>[ Startech.com ] &#129351; M3013 Tapete Antiesttico De Pvc De 60cm X 69cm - Antistatic Mat - Beige - Mod.<\/title>\n<meta name=\"description\" content=\"Compra M3013 Tapete Antiesttico De Pvc De 60cm X 69cm - Antistatic Mat - Beige - Mod. + Env\u00edo a domicilio + Pago seguro + Garant\u00eda\" \/>\n<meta name=\"robots\" content=\"index, follow, max-snippet:-1, max-image-preview:large, max-video-preview:-1\" \/>\n<link rel=\"canonical\" href=\"https:\/\/compuviper.mx\/tienda\/producto\/startech-com-m3013-tapete-antiesttico-de-pvc-de-60cm-x-69cm-antistatic-mat-beige-mod\/\" \/>\n<meta property=\"og:locale\" content=\"es_MX\" \/>\n<meta property=\"og:type\" content=\"article\" \/>\n<meta property=\"og:title\" content=\"[ Startech.com ] &#129351; M3013 Tapete Antiesttico De Pvc De 60cm X 69cm - Antistatic Mat - Beige - Mod.\" \/>\n<meta property=\"og:description\" content=\"Compra M3013 Tapete Antiesttico De Pvc De 60cm X 69cm - Antistatic Mat - Beige - Mod. + Env\u00edo a domicilio + Pago seguro + Garant\u00eda\" \/>\n<meta property=\"og:url\" content=\"https:\/\/compuviper.mx\/tienda\/producto\/startech-com-m3013-tapete-antiesttico-de-pvc-de-60cm-x-69cm-antistatic-mat-beige-mod\/\" \/>\n<meta property=\"og:site_name\" content=\"Compuviper\" \/>\n<meta property=\"article:publisher\" content=\"https:\/\/www.facebook.com\/compuviper\" \/>\n<meta property=\"og:image\" content=\"https:\/\/compuviper.mx\/tienda\/wp-content\/uploads\/2023\/12\/Tapete-antiestatico-de-pvc-de-60cm-x-69cm-antistatic-mat-beige-startech.com-mod.-m3013.jpg\" \/>\n\t<meta property=\"og:image:width\" content=\"200\" \/>\n\t<meta property=\"og:image:height\" content=\"200\" \/>\n\t<meta property=\"og:image:type\" content=\"image\/jpeg\" \/>\n<meta name=\"twitter:card\" content=\"summary_large_image\" \/>\n<meta name=\"twitter:label1\" content=\"Precio\" \/>\n\t<meta name=\"twitter:data1\" content=\"&#36;529 con IVA\" \/>\n\t<meta name=\"twitter:label2\" content=\"Availability\" \/>\n\t<meta name=\"twitter:data2\" content=\"Out of stock\" \/>\n<script type=\"application\/ld+json\" class=\"yoast-schema-graph\">{\"@context\":\"https:\/\/schema.org\",\"@graph\":[{\"@type\":\"WebPage\",\"@id\":\"https:\/\/compuviper.mx\/tienda\/producto\/startech-com-m3013-tapete-antiesttico-de-pvc-de-60cm-x-69cm-antistatic-mat-beige-mod\/\",\"url\":\"https:\/\/compuviper.mx\/tienda\/producto\/startech-com-m3013-tapete-antiesttico-de-pvc-de-60cm-x-69cm-antistatic-mat-beige-mod\/\",\"name\":\"[ Startech.com ] &#129351; M3013 Tapete Antiesttico De Pvc De 60cm X 69cm - Antistatic Mat - Beige - Mod.\",\"isPartOf\":{\"@id\":\"https:\/\/compuviper.mx\/tienda\/#website\"},\"datePublished\":\"2026-04-02T05:31:25+00:00\",\"dateModified\":\"2026-04-02T05:31:25+00:00\",\"description\":\"Compra M3013 Tapete Antiesttico De Pvc De 60cm X 69cm - Antistatic Mat - Beige - Mod. + Env\u00edo a domicilio + Pago seguro + Garant\u00eda\",\"breadcrumb\":{\"@id\":\"https:\/\/compuviper.mx\/tienda\/producto\/startech-com-m3013-tapete-antiesttico-de-pvc-de-60cm-x-69cm-antistatic-mat-beige-mod\/#breadcrumb\"},\"inLanguage\":\"es-MX\",\"potentialAction\":[{\"@type\":\"ReadAction\",\"target\":[\"https:\/\/compuviper.mx\/tienda\/producto\/startech-com-m3013-tapete-antiesttico-de-pvc-de-60cm-x-69cm-antistatic-mat-beige-mod\/\"]}]},{\"@type\":\"BreadcrumbList\",\"@id\":\"https:\/\/compuviper.mx\/tienda\/producto\/startech-com-m3013-tapete-antiesttico-de-pvc-de-60cm-x-69cm-antistatic-mat-beige-mod\/#breadcrumb\",\"itemListElement\":[{\"@type\":\"ListItem\",\"position\":1,\"name\":\"Inicio\",\"item\":\"https:\/\/compuviper.mx\/tienda\/\"},{\"@type\":\"ListItem\",\"position\":2,\"name\":\"Productos\",\"item\":\"https:\/\/compuviper.mx\/tienda\/productos\/\"},{\"@type\":\"ListItem\",\"position\":3,\"name\":\"Accesorios\",\"item\":\"https:\/\/compuviper.mx\/tienda\/categoria-producto\/accesorios\/\"},{\"@type\":\"ListItem\",\"position\":4,\"name\":\"Mouse Pads\",\"item\":\"https:\/\/compuviper.mx\/tienda\/categoria-producto\/accesorios\/mouse-pads\/\"},{\"@type\":\"ListItem\",\"position\":5,\"name\":\"Startech.com M3013 Tapete Antiesttico De Pvc De 60cm X 69cm &#8211; Antistatic Mat &#8211; Beige &#8211; Mod.\"}]},{\"@type\":\"WebSite\",\"@id\":\"https:\/\/compuviper.mx\/tienda\/#website\",\"url\":\"https:\/\/compuviper.mx\/tienda\/\",\"name\":\"Compuviper\",\"description\":\"Proveedor de Computadoras, Laptops, Servidores, Monitores, Puntos de Venta, Teclados,   Impresoras, T\u00f3ner, C\u00e1maras de Seguridad y m\u00e1s en tu tienda en l\u00ednea\",\"publisher\":{\"@id\":\"https:\/\/compuviper.mx\/tienda\/#organization\"},\"potentialAction\":[{\"@type\":\"SearchAction\",\"target\":{\"@type\":\"EntryPoint\",\"urlTemplate\":\"https:\/\/compuviper.mx\/tienda\/?s={search_term_string}\"},\"query-input\":\"required name=search_term_string\"}],\"inLanguage\":\"es-MX\"},{\"@type\":\"Organization\",\"@id\":\"https:\/\/compuviper.mx\/tienda\/#organization\",\"name\":\"Compuviper\",\"url\":\"https:\/\/compuviper.mx\/tienda\/\",\"logo\":{\"@type\":\"ImageObject\",\"inLanguage\":\"es-MX\",\"@id\":\"https:\/\/compuviper.mx\/tienda\/#\/schema\/logo\/image\/\",\"url\":\"https:\/\/compuviper.mx\/tienda\/wp-content\/uploads\/2021\/08\/Logo-Compuviper-10.png\",\"contentUrl\":\"https:\/\/compuviper.mx\/tienda\/wp-content\/uploads\/2021\/08\/Logo-Compuviper-10.png\",\"width\":1000,\"height\":500,\"caption\":\"Compuviper\"},\"image\":{\"@id\":\"https:\/\/compuviper.mx\/tienda\/#\/schema\/logo\/image\/\"},\"sameAs\":[\"https:\/\/www.facebook.com\/compuviper\",\"https:\/\/www.youtube.com\/channel\/UCf73dERp9Y3cfOq7q8BhLjA?view_as=subscriber\"]}]}<\/script>\n<meta property=\"product:brand\" content=\"STARTECH.COM\" \/>\n<meta property=\"product:price:amount\" content=\"529\" \/>\n<meta property=\"product:price:currency\" content=\"MXN\" \/>\n<meta property=\"og:availability\" content=\"out of stock\" \/>\n<meta property=\"product:availability\" content=\"out of stock\" \/>\n<meta property=\"product:retailer_item_id\" content=\"M3013\" \/>\n<meta property=\"product:condition\" content=\"new\" \/>\n<!-- \/ Yoast SEO plugin. -->","yoast_head_json":{"title":"[ Startech.com ] &#129351; M3013 Tapete Antiesttico De Pvc De 60cm X 69cm - Antistatic Mat - Beige - Mod.","description":"Compra M3013 Tapete Antiesttico De Pvc De 60cm X 69cm - Antistatic Mat - Beige - Mod. + Env\u00edo a domicilio + Pago seguro + Garant\u00eda","robots":{"index":"index","follow":"follow","max-snippet":"max-snippet:-1","max-image-preview":"max-image-preview:large","max-video-preview":"max-video-preview:-1"},"canonical":"https:\/\/compuviper.mx\/tienda\/producto\/startech-com-m3013-tapete-antiesttico-de-pvc-de-60cm-x-69cm-antistatic-mat-beige-mod\/","og_locale":"es_MX","og_type":"article","og_title":"[ Startech.com ] &#129351; M3013 Tapete Antiesttico De Pvc De 60cm X 69cm - Antistatic Mat - Beige - Mod.","og_description":"Compra M3013 Tapete Antiesttico De Pvc De 60cm X 69cm - Antistatic Mat - Beige - Mod. + Env\u00edo a domicilio + Pago seguro + Garant\u00eda","og_url":"https:\/\/compuviper.mx\/tienda\/producto\/startech-com-m3013-tapete-antiesttico-de-pvc-de-60cm-x-69cm-antistatic-mat-beige-mod\/","og_site_name":"Compuviper","article_publisher":"https:\/\/www.facebook.com\/compuviper","og_image":[{"width":200,"height":200,"url":"https:\/\/compuviper.mx\/tienda\/wp-content\/uploads\/2023\/12\/Tapete-antiestatico-de-pvc-de-60cm-x-69cm-antistatic-mat-beige-startech.com-mod.-m3013.jpg","type":"image\/jpeg"}],"twitter_card":"summary_large_image","twitter_misc":{"Precio":"&#36;529 con IVA","Availability":"Out of stock"},"schema":{"@context":"https:\/\/schema.org","@graph":[{"@type":"WebPage","@id":"https:\/\/compuviper.mx\/tienda\/producto\/startech-com-m3013-tapete-antiesttico-de-pvc-de-60cm-x-69cm-antistatic-mat-beige-mod\/","url":"https:\/\/compuviper.mx\/tienda\/producto\/startech-com-m3013-tapete-antiesttico-de-pvc-de-60cm-x-69cm-antistatic-mat-beige-mod\/","name":"[ Startech.com ] &#129351; M3013 Tapete Antiesttico De Pvc De 60cm X 69cm - Antistatic Mat - Beige - Mod.","isPartOf":{"@id":"https:\/\/compuviper.mx\/tienda\/#website"},"datePublished":"2026-04-02T05:31:25+00:00","dateModified":"2026-04-02T05:31:25+00:00","description":"Compra M3013 Tapete Antiesttico De Pvc De 60cm X 69cm - Antistatic Mat - Beige - Mod. + Env\u00edo a domicilio + Pago seguro + Garant\u00eda","breadcrumb":{"@id":"https:\/\/compuviper.mx\/tienda\/producto\/startech-com-m3013-tapete-antiesttico-de-pvc-de-60cm-x-69cm-antistatic-mat-beige-mod\/#breadcrumb"},"inLanguage":"es-MX","potentialAction":[{"@type":"ReadAction","target":["https:\/\/compuviper.mx\/tienda\/producto\/startech-com-m3013-tapete-antiesttico-de-pvc-de-60cm-x-69cm-antistatic-mat-beige-mod\/"]}]},{"@type":"BreadcrumbList","@id":"https:\/\/compuviper.mx\/tienda\/producto\/startech-com-m3013-tapete-antiesttico-de-pvc-de-60cm-x-69cm-antistatic-mat-beige-mod\/#breadcrumb","itemListElement":[{"@type":"ListItem","position":1,"name":"Inicio","item":"https:\/\/compuviper.mx\/tienda\/"},{"@type":"ListItem","position":2,"name":"Productos","item":"https:\/\/compuviper.mx\/tienda\/productos\/"},{"@type":"ListItem","position":3,"name":"Accesorios","item":"https:\/\/compuviper.mx\/tienda\/categoria-producto\/accesorios\/"},{"@type":"ListItem","position":4,"name":"Mouse Pads","item":"https:\/\/compuviper.mx\/tienda\/categoria-producto\/accesorios\/mouse-pads\/"},{"@type":"ListItem","position":5,"name":"Startech.com M3013 Tapete Antiesttico De Pvc De 60cm X 69cm &#8211; Antistatic Mat &#8211; Beige &#8211; Mod."}]},{"@type":"WebSite","@id":"https:\/\/compuviper.mx\/tienda\/#website","url":"https:\/\/compuviper.mx\/tienda\/","name":"Compuviper","description":"Proveedor de Computadoras, Laptops, Servidores, Monitores, Puntos de Venta, Teclados,   Impresoras, T\u00f3ner, C\u00e1maras de Seguridad y m\u00e1s en tu tienda en l\u00ednea","publisher":{"@id":"https:\/\/compuviper.mx\/tienda\/#organization"},"potentialAction":[{"@type":"SearchAction","target":{"@type":"EntryPoint","urlTemplate":"https:\/\/compuviper.mx\/tienda\/?s={search_term_string}"},"query-input":"required name=search_term_string"}],"inLanguage":"es-MX"},{"@type":"Organization","@id":"https:\/\/compuviper.mx\/tienda\/#organization","name":"Compuviper","url":"https:\/\/compuviper.mx\/tienda\/","logo":{"@type":"ImageObject","inLanguage":"es-MX","@id":"https:\/\/compuviper.mx\/tienda\/#\/schema\/logo\/image\/","url":"https:\/\/compuviper.mx\/tienda\/wp-content\/uploads\/2021\/08\/Logo-Compuviper-10.png","contentUrl":"https:\/\/compuviper.mx\/tienda\/wp-content\/uploads\/2021\/08\/Logo-Compuviper-10.png","width":1000,"height":500,"caption":"Compuviper"},"image":{"@id":"https:\/\/compuviper.mx\/tienda\/#\/schema\/logo\/image\/"},"sameAs":["https:\/\/www.facebook.com\/compuviper","https:\/\/www.youtube.com\/channel\/UCf73dERp9Y3cfOq7q8BhLjA?view_as=subscriber"]}]},"product_brand":"STARTECH.COM","product_price_amount":"529","product_price_currency":"MXN","og_availability":"out of stock","product_availability":"out of stock","product_retailer_item_id":"M3013","product_condition":"new"},"_links":{"self":[{"href":"https:\/\/compuviper.mx\/tienda\/wp-json\/wp\/v2\/product\/212395"}],"collection":[{"href":"https:\/\/compuviper.mx\/tienda\/wp-json\/wp\/v2\/product"}],"about":[{"href":"https:\/\/compuviper.mx\/tienda\/wp-json\/wp\/v2\/types\/product"}],"replies":[{"embeddable":true,"href":"https:\/\/compuviper.mx\/tienda\/wp-json\/wp\/v2\/comments?post=212395"}],"wp:featuredmedia":[{"embeddable":true,"href":"https:\/\/compuviper.mx\/tienda\/wp-json\/wp\/v2\/media\/212396"}],"wp:attachment":[{"href":"https:\/\/compuviper.mx\/tienda\/wp-json\/wp\/v2\/media?parent=212395"}],"wp:term":[{"taxonomy":"product_cat","embeddable":true,"href":"https:\/\/compuviper.mx\/tienda\/wp-json\/wp\/v2\/product_cat?post=212395"},{"taxonomy":"product_tag","embeddable":true,"href":"https:\/\/compuviper.mx\/tienda\/wp-json\/wp\/v2\/product_tag?post=212395"}],"curies":[{"name":"wp","href":"https:\/\/api.w.org\/{rel}","templated":true}]}}