{"id":212383,"date":"2026-04-01T23:31:22","date_gmt":"2026-04-02T05:31:22","guid":{"rendered":"https:\/\/compuviper.mx\/tienda\/producto\/startech-com-bracket25sat-bracket-de-montaje-para-disco-duro-sata-de-2-5-pulgadas-en-baha-de-3-5-mod\/"},"modified":"2026-04-01T23:31:22","modified_gmt":"2026-04-02T05:31:22","slug":"startech-com-bracket25sat-bracket-de-montaje-para-disco-duro-sata-de-2-5-pulgadas-en-baha-de-3-5-mod","status":"publish","type":"product","link":"https:\/\/compuviper.mx\/tienda\/producto\/startech-com-bracket25sat-bracket-de-montaje-para-disco-duro-sata-de-2-5-pulgadas-en-baha-de-3-5-mod\/","title":{"rendered":"Startech.com Bracket25sat Bracket De Montaje Para Disco Duro Sata De 2.5 Pulgadas En Baha De 3.5 &#8211;  Mod."},"content":{"rendered":"<table class=\"descripcion\">\n<tr>\n<td>Caracter\u00edsticas f\u00edsicas<\/td>\n<\/tr>\n<tr>\n<td>Altura del producto : 10 mm<\/td>\n<\/tr>\n<tr>\n<td>Ancho del producto : 98 mm<\/td>\n<\/tr>\n<tr>\n<td>Longitud del producto : 10 cm<\/td>\n<\/tr>\n<tr>\n<td>Peso del producto : 110 g<\/td>\n<\/tr>\n<tr>\n<td>Tipo de gabinete : acero<\/td>\n<\/tr>\n<tr>\n<td>Conector(es)<\/td>\n<\/tr>\n<tr>\n<td>Conectores de la unidad : combinaci\u00f3n de alimentaci\u00f3n y datos por sata (7+15 pines)<\/td>\n<\/tr>\n<tr>\n<td>Conectores del host : lp4 (4 pines; alimentaci\u00f3n de unidad grande tipo molex)<\/td>\n<\/tr>\n<tr>\n<td>Conectores del host : sata (7 pines, datos)<\/td>\n<\/tr>\n<tr>\n<td>Contenido de la caja<\/td>\n<\/tr>\n<tr>\n<td>Incluido en la caja : cable adaptador datos\/alimentaci\u00f3n<\/td>\n<\/tr>\n<tr>\n<td>Incluido en la caja : kit de tornillos<\/td>\n<\/tr>\n<tr>\n<td>Incluido en la caja : soporte de montaje 3.5<\/td>\n<\/tr>\n<tr>\n<td>Hardware<\/td>\n<\/tr>\n<tr>\n<td>Tama\u00f1o de la unidad : 2.5in<\/td>\n<\/tr>\n<tr>\n<td>Unidades compatibles : sata<\/td>\n<\/tr>\n<\/table>\n","protected":false},"excerpt":{"rendered":"<p>El kit de de montaje para disco duro sata bracket25sat permite instalar una\u00a0unidad sata de disco duro\u00a0(hdd) o disco de estado s\u00f3lido\u00a0(ssd) de 2.5 en una bah\u00eda de montaje de 3.5, lo cual permite aumentar significativamente el rendimiento del escritorio, ya que incorpora la velocidad de una unidad\u00a0ssd de 2.5. Para una instalaci\u00f3n sencilla, el kit de montaje para discos duros incluye todos los cables de datos y de alimentaci\u00f3n sata requeridos para la unidad\u00a0sata. Adem\u00e1s, la platina es compatible con unidades ide cuando se utiliza uno de nuestros adaptadores de cable (ide4044) para disco duro\u00a0ide de 2.5 a 3.5. El kit bracket25sat tiene soporte t\u00e9cnico gratuito de por vida de startech.Com.<\/p>\n","protected":false},"featured_media":212384,"comment_status":"open","ping_status":"open","template":"","meta":[],"product_cat":[1485,1492],"product_tag":[1590],"acf":[],"yoast_head":"<!-- This site is optimized with the Yoast SEO plugin v21.7 - https:\/\/yoast.com\/wordpress\/plugins\/seo\/ -->\n<title>[ Startech.com ] &#129351; Bracket25sat Bracket De Montaje Para Disco Duro Sata De 2.5 Pulgadas En Baha De 3.5 - Mod.<\/title>\n<meta name=\"description\" content=\"Compra Bracket25sat Bracket De Montaje Para Disco Duro Sata De 2.5 Pulgadas En Baha De 3.5 - Mod. + Env\u00edo a domicilio + Pago seguro + Garant\u00eda\" \/>\n<meta name=\"robots\" content=\"index, follow, max-snippet:-1, max-image-preview:large, max-video-preview:-1\" \/>\n<link rel=\"canonical\" href=\"https:\/\/compuviper.mx\/tienda\/producto\/startech-com-bracket25sat-bracket-de-montaje-para-disco-duro-sata-de-2-5-pulgadas-en-baha-de-3-5-mod\/\" \/>\n<meta property=\"og:locale\" content=\"es_MX\" \/>\n<meta property=\"og:type\" content=\"article\" \/>\n<meta property=\"og:title\" content=\"[ Startech.com ] &#129351; Bracket25sat Bracket De Montaje Para Disco Duro Sata De 2.5 Pulgadas En Baha De 3.5 - Mod.\" \/>\n<meta property=\"og:description\" content=\"Compra Bracket25sat Bracket De Montaje Para Disco Duro Sata De 2.5 Pulgadas En Baha De 3.5 - Mod. + Env\u00edo a domicilio + Pago seguro + Garant\u00eda\" \/>\n<meta property=\"og:url\" content=\"https:\/\/compuviper.mx\/tienda\/producto\/startech-com-bracket25sat-bracket-de-montaje-para-disco-duro-sata-de-2-5-pulgadas-en-baha-de-3-5-mod\/\" \/>\n<meta property=\"og:site_name\" content=\"Compuviper\" \/>\n<meta property=\"article:publisher\" content=\"https:\/\/www.facebook.com\/compuviper\" \/>\n<meta property=\"og:image\" content=\"https:\/\/compuviper.mx\/tienda\/wp-content\/uploads\/2023\/12\/Bracket-de-montaje-para-disco-duro-sata-de-2.5-pulgadas-en-bahia-de-3.5-startech.com-mod.-bracket25sat.jpg\" \/>\n\t<meta property=\"og:image:width\" content=\"200\" \/>\n\t<meta property=\"og:image:height\" content=\"200\" \/>\n\t<meta property=\"og:image:type\" content=\"image\/jpeg\" \/>\n<meta name=\"twitter:card\" content=\"summary_large_image\" \/>\n<meta name=\"twitter:label1\" content=\"Precio\" \/>\n\t<meta name=\"twitter:data1\" content=\"&#36;159 con IVA\" \/>\n\t<meta name=\"twitter:label2\" content=\"Availability\" \/>\n\t<meta name=\"twitter:data2\" content=\"Out of stock\" \/>\n<script type=\"application\/ld+json\" class=\"yoast-schema-graph\">{\"@context\":\"https:\/\/schema.org\",\"@graph\":[{\"@type\":\"WebPage\",\"@id\":\"https:\/\/compuviper.mx\/tienda\/producto\/startech-com-bracket25sat-bracket-de-montaje-para-disco-duro-sata-de-2-5-pulgadas-en-baha-de-3-5-mod\/\",\"url\":\"https:\/\/compuviper.mx\/tienda\/producto\/startech-com-bracket25sat-bracket-de-montaje-para-disco-duro-sata-de-2-5-pulgadas-en-baha-de-3-5-mod\/\",\"name\":\"[ Startech.com ] &#129351; Bracket25sat Bracket De Montaje Para Disco Duro Sata De 2.5 Pulgadas En Baha De 3.5 - Mod.\",\"isPartOf\":{\"@id\":\"https:\/\/compuviper.mx\/tienda\/#website\"},\"datePublished\":\"2026-04-02T05:31:22+00:00\",\"dateModified\":\"2026-04-02T05:31:22+00:00\",\"description\":\"Compra Bracket25sat Bracket De Montaje Para Disco Duro Sata De 2.5 Pulgadas En Baha De 3.5 - Mod. + Env\u00edo a domicilio + Pago seguro + Garant\u00eda\",\"breadcrumb\":{\"@id\":\"https:\/\/compuviper.mx\/tienda\/producto\/startech-com-bracket25sat-bracket-de-montaje-para-disco-duro-sata-de-2-5-pulgadas-en-baha-de-3-5-mod\/#breadcrumb\"},\"inLanguage\":\"es-MX\",\"potentialAction\":[{\"@type\":\"ReadAction\",\"target\":[\"https:\/\/compuviper.mx\/tienda\/producto\/startech-com-bracket25sat-bracket-de-montaje-para-disco-duro-sata-de-2-5-pulgadas-en-baha-de-3-5-mod\/\"]}]},{\"@type\":\"BreadcrumbList\",\"@id\":\"https:\/\/compuviper.mx\/tienda\/producto\/startech-com-bracket25sat-bracket-de-montaje-para-disco-duro-sata-de-2-5-pulgadas-en-baha-de-3-5-mod\/#breadcrumb\",\"itemListElement\":[{\"@type\":\"ListItem\",\"position\":1,\"name\":\"Inicio\",\"item\":\"https:\/\/compuviper.mx\/tienda\/\"},{\"@type\":\"ListItem\",\"position\":2,\"name\":\"Productos\",\"item\":\"https:\/\/compuviper.mx\/tienda\/productos\/\"},{\"@type\":\"ListItem\",\"position\":3,\"name\":\"Accesorios\",\"item\":\"https:\/\/compuviper.mx\/tienda\/categoria-producto\/accesorios\/\"},{\"@type\":\"ListItem\",\"position\":4,\"name\":\"Adaptadores\",\"item\":\"https:\/\/compuviper.mx\/tienda\/categoria-producto\/accesorios\/adaptadores\/\"},{\"@type\":\"ListItem\",\"position\":5,\"name\":\"Startech.com Bracket25sat Bracket De Montaje Para Disco Duro Sata De 2.5 Pulgadas En Baha De 3.5 &#8211; Mod.\"}]},{\"@type\":\"WebSite\",\"@id\":\"https:\/\/compuviper.mx\/tienda\/#website\",\"url\":\"https:\/\/compuviper.mx\/tienda\/\",\"name\":\"Compuviper\",\"description\":\"Proveedor de Computadoras, Laptops, Servidores, Monitores, Puntos de Venta, Teclados,   Impresoras, T\u00f3ner, C\u00e1maras de Seguridad y m\u00e1s en tu tienda en l\u00ednea\",\"publisher\":{\"@id\":\"https:\/\/compuviper.mx\/tienda\/#organization\"},\"potentialAction\":[{\"@type\":\"SearchAction\",\"target\":{\"@type\":\"EntryPoint\",\"urlTemplate\":\"https:\/\/compuviper.mx\/tienda\/?s={search_term_string}\"},\"query-input\":\"required name=search_term_string\"}],\"inLanguage\":\"es-MX\"},{\"@type\":\"Organization\",\"@id\":\"https:\/\/compuviper.mx\/tienda\/#organization\",\"name\":\"Compuviper\",\"url\":\"https:\/\/compuviper.mx\/tienda\/\",\"logo\":{\"@type\":\"ImageObject\",\"inLanguage\":\"es-MX\",\"@id\":\"https:\/\/compuviper.mx\/tienda\/#\/schema\/logo\/image\/\",\"url\":\"https:\/\/compuviper.mx\/tienda\/wp-content\/uploads\/2021\/08\/Logo-Compuviper-10.png\",\"contentUrl\":\"https:\/\/compuviper.mx\/tienda\/wp-content\/uploads\/2021\/08\/Logo-Compuviper-10.png\",\"width\":1000,\"height\":500,\"caption\":\"Compuviper\"},\"image\":{\"@id\":\"https:\/\/compuviper.mx\/tienda\/#\/schema\/logo\/image\/\"},\"sameAs\":[\"https:\/\/www.facebook.com\/compuviper\",\"https:\/\/www.youtube.com\/channel\/UCf73dERp9Y3cfOq7q8BhLjA?view_as=subscriber\"]}]}<\/script>\n<meta property=\"product:brand\" content=\"STARTECH.COM\" \/>\n<meta property=\"product:price:amount\" content=\"159\" \/>\n<meta property=\"product:price:currency\" content=\"MXN\" \/>\n<meta property=\"og:availability\" content=\"out of stock\" \/>\n<meta property=\"product:availability\" content=\"out of stock\" \/>\n<meta property=\"product:retailer_item_id\" content=\"BRACKET25SAT\" \/>\n<meta property=\"product:condition\" content=\"new\" \/>\n<!-- \/ Yoast SEO plugin. -->","yoast_head_json":{"title":"[ Startech.com ] &#129351; Bracket25sat Bracket De Montaje Para Disco Duro Sata De 2.5 Pulgadas En Baha De 3.5 - Mod.","description":"Compra Bracket25sat Bracket De Montaje Para Disco Duro Sata De 2.5 Pulgadas En Baha De 3.5 - Mod. + Env\u00edo a domicilio + Pago seguro + Garant\u00eda","robots":{"index":"index","follow":"follow","max-snippet":"max-snippet:-1","max-image-preview":"max-image-preview:large","max-video-preview":"max-video-preview:-1"},"canonical":"https:\/\/compuviper.mx\/tienda\/producto\/startech-com-bracket25sat-bracket-de-montaje-para-disco-duro-sata-de-2-5-pulgadas-en-baha-de-3-5-mod\/","og_locale":"es_MX","og_type":"article","og_title":"[ Startech.com ] &#129351; Bracket25sat Bracket De Montaje Para Disco Duro Sata De 2.5 Pulgadas En Baha De 3.5 - Mod.","og_description":"Compra Bracket25sat Bracket De Montaje Para Disco Duro Sata De 2.5 Pulgadas En Baha De 3.5 - Mod. + Env\u00edo a domicilio + Pago seguro + Garant\u00eda","og_url":"https:\/\/compuviper.mx\/tienda\/producto\/startech-com-bracket25sat-bracket-de-montaje-para-disco-duro-sata-de-2-5-pulgadas-en-baha-de-3-5-mod\/","og_site_name":"Compuviper","article_publisher":"https:\/\/www.facebook.com\/compuviper","og_image":[{"width":200,"height":200,"url":"https:\/\/compuviper.mx\/tienda\/wp-content\/uploads\/2023\/12\/Bracket-de-montaje-para-disco-duro-sata-de-2.5-pulgadas-en-bahia-de-3.5-startech.com-mod.-bracket25sat.jpg","type":"image\/jpeg"}],"twitter_card":"summary_large_image","twitter_misc":{"Precio":"&#36;159 con IVA","Availability":"Out of stock"},"schema":{"@context":"https:\/\/schema.org","@graph":[{"@type":"WebPage","@id":"https:\/\/compuviper.mx\/tienda\/producto\/startech-com-bracket25sat-bracket-de-montaje-para-disco-duro-sata-de-2-5-pulgadas-en-baha-de-3-5-mod\/","url":"https:\/\/compuviper.mx\/tienda\/producto\/startech-com-bracket25sat-bracket-de-montaje-para-disco-duro-sata-de-2-5-pulgadas-en-baha-de-3-5-mod\/","name":"[ Startech.com ] &#129351; Bracket25sat Bracket De Montaje Para Disco Duro Sata De 2.5 Pulgadas En Baha De 3.5 - Mod.","isPartOf":{"@id":"https:\/\/compuviper.mx\/tienda\/#website"},"datePublished":"2026-04-02T05:31:22+00:00","dateModified":"2026-04-02T05:31:22+00:00","description":"Compra Bracket25sat Bracket De Montaje Para Disco Duro Sata De 2.5 Pulgadas En Baha De 3.5 - Mod. + Env\u00edo a domicilio + Pago seguro + Garant\u00eda","breadcrumb":{"@id":"https:\/\/compuviper.mx\/tienda\/producto\/startech-com-bracket25sat-bracket-de-montaje-para-disco-duro-sata-de-2-5-pulgadas-en-baha-de-3-5-mod\/#breadcrumb"},"inLanguage":"es-MX","potentialAction":[{"@type":"ReadAction","target":["https:\/\/compuviper.mx\/tienda\/producto\/startech-com-bracket25sat-bracket-de-montaje-para-disco-duro-sata-de-2-5-pulgadas-en-baha-de-3-5-mod\/"]}]},{"@type":"BreadcrumbList","@id":"https:\/\/compuviper.mx\/tienda\/producto\/startech-com-bracket25sat-bracket-de-montaje-para-disco-duro-sata-de-2-5-pulgadas-en-baha-de-3-5-mod\/#breadcrumb","itemListElement":[{"@type":"ListItem","position":1,"name":"Inicio","item":"https:\/\/compuviper.mx\/tienda\/"},{"@type":"ListItem","position":2,"name":"Productos","item":"https:\/\/compuviper.mx\/tienda\/productos\/"},{"@type":"ListItem","position":3,"name":"Accesorios","item":"https:\/\/compuviper.mx\/tienda\/categoria-producto\/accesorios\/"},{"@type":"ListItem","position":4,"name":"Adaptadores","item":"https:\/\/compuviper.mx\/tienda\/categoria-producto\/accesorios\/adaptadores\/"},{"@type":"ListItem","position":5,"name":"Startech.com Bracket25sat Bracket De Montaje Para Disco Duro Sata De 2.5 Pulgadas En Baha De 3.5 &#8211; Mod."}]},{"@type":"WebSite","@id":"https:\/\/compuviper.mx\/tienda\/#website","url":"https:\/\/compuviper.mx\/tienda\/","name":"Compuviper","description":"Proveedor de Computadoras, Laptops, Servidores, Monitores, Puntos de Venta, Teclados,   Impresoras, T\u00f3ner, C\u00e1maras de Seguridad y m\u00e1s en tu tienda en l\u00ednea","publisher":{"@id":"https:\/\/compuviper.mx\/tienda\/#organization"},"potentialAction":[{"@type":"SearchAction","target":{"@type":"EntryPoint","urlTemplate":"https:\/\/compuviper.mx\/tienda\/?s={search_term_string}"},"query-input":"required name=search_term_string"}],"inLanguage":"es-MX"},{"@type":"Organization","@id":"https:\/\/compuviper.mx\/tienda\/#organization","name":"Compuviper","url":"https:\/\/compuviper.mx\/tienda\/","logo":{"@type":"ImageObject","inLanguage":"es-MX","@id":"https:\/\/compuviper.mx\/tienda\/#\/schema\/logo\/image\/","url":"https:\/\/compuviper.mx\/tienda\/wp-content\/uploads\/2021\/08\/Logo-Compuviper-10.png","contentUrl":"https:\/\/compuviper.mx\/tienda\/wp-content\/uploads\/2021\/08\/Logo-Compuviper-10.png","width":1000,"height":500,"caption":"Compuviper"},"image":{"@id":"https:\/\/compuviper.mx\/tienda\/#\/schema\/logo\/image\/"},"sameAs":["https:\/\/www.facebook.com\/compuviper","https:\/\/www.youtube.com\/channel\/UCf73dERp9Y3cfOq7q8BhLjA?view_as=subscriber"]}]},"product_brand":"STARTECH.COM","product_price_amount":"159","product_price_currency":"MXN","og_availability":"out of stock","product_availability":"out of stock","product_retailer_item_id":"BRACKET25SAT","product_condition":"new"},"_links":{"self":[{"href":"https:\/\/compuviper.mx\/tienda\/wp-json\/wp\/v2\/product\/212383"}],"collection":[{"href":"https:\/\/compuviper.mx\/tienda\/wp-json\/wp\/v2\/product"}],"about":[{"href":"https:\/\/compuviper.mx\/tienda\/wp-json\/wp\/v2\/types\/product"}],"replies":[{"embeddable":true,"href":"https:\/\/compuviper.mx\/tienda\/wp-json\/wp\/v2\/comments?post=212383"}],"wp:featuredmedia":[{"embeddable":true,"href":"https:\/\/compuviper.mx\/tienda\/wp-json\/wp\/v2\/media\/212384"}],"wp:attachment":[{"href":"https:\/\/compuviper.mx\/tienda\/wp-json\/wp\/v2\/media?parent=212383"}],"wp:term":[{"taxonomy":"product_cat","embeddable":true,"href":"https:\/\/compuviper.mx\/tienda\/wp-json\/wp\/v2\/product_cat?post=212383"},{"taxonomy":"product_tag","embeddable":true,"href":"https:\/\/compuviper.mx\/tienda\/wp-json\/wp\/v2\/product_tag?post=212383"}],"curies":[{"name":"wp","href":"https:\/\/api.w.org\/{rel}","templated":true}]}}