{"id":212381,"date":"2026-04-08T23:31:32","date_gmt":"2026-04-09T05:31:32","guid":{"rendered":"https:\/\/compuviper.mx\/tienda\/producto\/startech-com-sv211kusb-switch-juego-conmutador-kvm-de-2-puertos-todo-incluido-usb-audio-y-video-vga-2x-usb-a-hembra-2x-mini-usb-b-hembra-hd15-macho-mod\/"},"modified":"2026-04-08T23:31:33","modified_gmt":"2026-04-09T05:31:33","slug":"startech-com-sv211kusb-switch-juego-conmutador-kvm-de-2-puertos-todo-incluido-usb-audio-y-video-vga-2x-usb-a-hembra-2x-mini-usb-b-hembra-hd15-macho-mod","status":"publish","type":"product","link":"https:\/\/compuviper.mx\/tienda\/producto\/startech-com-sv211kusb-switch-juego-conmutador-kvm-de-2-puertos-todo-incluido-usb-audio-y-video-vga-2x-usb-a-hembra-2x-mini-usb-b-hembra-hd15-macho-mod\/","title":{"rendered":"Startech.com Sv211kusb Switch Juego Conmutador Kvm De 2 Puertos Todo Incluido &#8211; Usb &#8211; Audio Y Video Vga &#8211; 2x Usb A Hembra &#8211; 2x Mini Usb B Hembra &#8211; Hd15 Macho &#8211;  Mod."},"content":{"rendered":"<table class=\"descripcion\">\n<tr>\n<td>Caracter\u00edsticas f\u00edsicas<\/td>\n<\/tr>\n<tr>\n<td>Altura del producto : 2 cm<\/td>\n<\/tr>\n<tr>\n<td>Ancho del producto : 96 mm<\/td>\n<\/tr>\n<tr>\n<td>Color : negro<\/td>\n<\/tr>\n<tr>\n<td>Longitud del cable : 1.2 m<\/td>\n<\/tr>\n<tr>\n<td>Longitud del producto : 97.000<\/td>\n<\/tr>\n<tr>\n<td>Peso del producto : 94 g<\/td>\n<\/tr>\n<tr>\n<td>Profundidad del producto : 60 mm<\/td>\n<\/tr>\n<tr>\n<td>Tipo de gabinete : pl\u00e1stico<\/td>\n<\/tr>\n<tr>\n<td>Conector(es)<\/td>\n<\/tr>\n<tr>\n<td>Conectores del host : usb mini b (5 pines)<\/td>\n<\/tr>\n<tr>\n<td>Conectores del host : vga (15 pines, d-sub de alta densidad)<\/td>\n<\/tr>\n<tr>\n<td>Interfaz(ces) de consola : enchufe mini-jack de 3.5mm (3 posiciones) &#8211; usb type-a (4 pines) usb 2.0 &#8211; vga (15 pines, d-sub de alta densidad)<\/td>\n<\/tr>\n<tr>\n<td>Hardware<\/td>\n<\/tr>\n<tr>\n<td>Cables incluidos : s\u00ed<\/td>\n<\/tr>\n<tr>\n<td>Cantidad de puertos kvm : 2<\/td>\n<\/tr>\n<tr>\n<td>Montaje en rack : no<\/td>\n<\/tr>\n<tr>\n<td>Plataformas admitidas : usb<\/td>\n<\/tr>\n<tr>\n<td>Sistema en cascada : no<\/td>\n<\/tr>\n<tr>\n<td>Soporte de audio : s\u00ed<\/td>\n<\/tr>\n<tr>\n<td>Soporte de pantalla doble : 1<\/td>\n<\/tr>\n<tr>\n<td>Tipo de video pc : vga<\/td>\n<\/tr>\n<tr>\n<td>Rendimiento<\/td>\n<\/tr>\n<tr>\n<td>Cantidad m\u00e1xima de usuarios : 1<\/td>\n<\/tr>\n<tr>\n<td>Control ip kvm : no<\/td>\n<\/tr>\n<tr>\n<td>Hot-key selection : s\u00ed<\/td>\n<\/tr>\n<tr>\n<td>Resoluci\u00f3n anal\u00f3gica m\u00e1xima : 2048&#215;1536 @60hz<\/td>\n<\/tr>\n<tr>\n<td>Soporta osd y teclas de acceso directo : no<\/td>\n<\/tr>\n<tr>\n<td>Soporte para selecci\u00f3n de puertos : bot\u00f3n pulsador y teclas de acceso directo<\/td>\n<\/tr>\n<\/table>\n","protected":false},"excerpt":{"rendered":"<p>El kit de switch kvm de 2 puertos usb con audio y cables, sv211kusb permite al usuario controlar dos pcs con usb utilizando un \u00fanico teclado, mouse y monitor vga y ofrece una operaci\u00f3n mediante teclas de acceso r\u00e1pido (hotkeys) y botones pulsadores en el panel superior facilitando la conmutaci\u00f3n entre las computadoras conectadas. Dise\u00f1ado para integrarse perfectamente en cualquier entorno, el switch kvm usb ofrece un dise\u00f1o compacto y obtiene su alimentaci\u00f3n a trav\u00e9s de las computadoras conectadas, por lo cual no requiere una fuente de alimentaci\u00f3n externa.Es una soluci\u00f3n eficaz para pr\u00e1cticamente cualquier aplicaci\u00f3n, pues soporta resoluciones de video de hasta 2048 x 1536 y conmutaci\u00f3n de audio. Ideado para brindar un control confiable y conveniente de m\u00faltiples computadoras desde una \u00fanica estaci\u00f3n perif\u00e9rica, el switch kvm ofrece soporte t\u00e9cnico gratuito de por vida con el respaldo de startech.Com.<\/p>\n","protected":false},"featured_media":212382,"comment_status":"open","ping_status":"open","template":"","meta":[],"product_cat":[1485,1518],"product_tag":[1590],"acf":[],"yoast_head":"<!-- This site is optimized with the Yoast SEO plugin v21.7 - https:\/\/yoast.com\/wordpress\/plugins\/seo\/ -->\n<title>[ Startech.com ] &#129351; Sv211kusb Switch Juego Conmutador Kvm De 2 Puertos Todo Incluido - Usb - Audio Y Video Vga - 2x Usb A Hembra - 2x Mini Usb B Hembra - Hd15 Macho - Mod.<\/title>\n<meta name=\"description\" content=\"Compra Sv211kusb Switch Juego Conmutador Kvm De 2 Puertos Todo Incluido - Usb - Audio Y Video Vga - 2x Usb A Hembra - 2x Mini Usb B Hembra - Hd15 Macho - Mod. + Env\u00edo a domicilio + Pago seguro + Garant\u00eda\" \/>\n<meta name=\"robots\" content=\"index, follow, max-snippet:-1, max-image-preview:large, max-video-preview:-1\" \/>\n<link rel=\"canonical\" href=\"https:\/\/compuviper.mx\/tienda\/producto\/startech-com-sv211kusb-switch-juego-conmutador-kvm-de-2-puertos-todo-incluido-usb-audio-y-video-vga-2x-usb-a-hembra-2x-mini-usb-b-hembra-hd15-macho-mod\/\" \/>\n<meta property=\"og:locale\" content=\"es_MX\" \/>\n<meta property=\"og:type\" content=\"article\" \/>\n<meta property=\"og:title\" content=\"[ Startech.com ] &#129351; Sv211kusb Switch Juego Conmutador Kvm De 2 Puertos Todo Incluido - Usb - Audio Y Video Vga - 2x Usb A Hembra - 2x Mini Usb B Hembra - Hd15 Macho - Mod.\" \/>\n<meta property=\"og:description\" content=\"Compra Sv211kusb Switch Juego Conmutador Kvm De 2 Puertos Todo Incluido - Usb - Audio Y Video Vga - 2x Usb A Hembra - 2x Mini Usb B Hembra - Hd15 Macho - Mod. + Env\u00edo a domicilio + Pago seguro + Garant\u00eda\" \/>\n<meta property=\"og:url\" content=\"https:\/\/compuviper.mx\/tienda\/producto\/startech-com-sv211kusb-switch-juego-conmutador-kvm-de-2-puertos-todo-incluido-usb-audio-y-video-vga-2x-usb-a-hembra-2x-mini-usb-b-hembra-hd15-macho-mod\/\" \/>\n<meta property=\"og:site_name\" content=\"Compuviper\" \/>\n<meta property=\"article:publisher\" content=\"https:\/\/www.facebook.com\/compuviper\" \/>\n<meta property=\"article:modified_time\" content=\"2026-04-09T05:31:33+00:00\" \/>\n<meta property=\"og:image\" content=\"https:\/\/compuviper.mx\/tienda\/wp-content\/uploads\/2023\/12\/Switch-juego-conmutador-kvm-de-2-puertos-todo-incluido-usb-audio-y-video-vga-2x-usb-a-hembra-2x-mini-usb-b-hembra-hd15-macho-startech.com-mod.-sv211kusb.jpg\" \/>\n\t<meta property=\"og:image:width\" content=\"200\" \/>\n\t<meta property=\"og:image:height\" content=\"200\" \/>\n\t<meta property=\"og:image:type\" content=\"image\/jpeg\" \/>\n<meta name=\"twitter:card\" content=\"summary_large_image\" \/>\n<meta name=\"twitter:label1\" content=\"Precio\" \/>\n\t<meta name=\"twitter:data1\" content=\"&#36;649 con IVA\" \/>\n\t<meta name=\"twitter:label2\" content=\"Availability\" \/>\n\t<meta name=\"twitter:data2\" content=\"Out of stock\" \/>\n<script type=\"application\/ld+json\" class=\"yoast-schema-graph\">{\"@context\":\"https:\/\/schema.org\",\"@graph\":[{\"@type\":\"WebPage\",\"@id\":\"https:\/\/compuviper.mx\/tienda\/producto\/startech-com-sv211kusb-switch-juego-conmutador-kvm-de-2-puertos-todo-incluido-usb-audio-y-video-vga-2x-usb-a-hembra-2x-mini-usb-b-hembra-hd15-macho-mod\/\",\"url\":\"https:\/\/compuviper.mx\/tienda\/producto\/startech-com-sv211kusb-switch-juego-conmutador-kvm-de-2-puertos-todo-incluido-usb-audio-y-video-vga-2x-usb-a-hembra-2x-mini-usb-b-hembra-hd15-macho-mod\/\",\"name\":\"[ Startech.com ] &#129351; Sv211kusb Switch Juego Conmutador Kvm De 2 Puertos Todo Incluido - Usb - Audio Y Video Vga - 2x Usb A Hembra - 2x Mini Usb B Hembra - Hd15 Macho - Mod.\",\"isPartOf\":{\"@id\":\"https:\/\/compuviper.mx\/tienda\/#website\"},\"datePublished\":\"2026-04-09T05:31:32+00:00\",\"dateModified\":\"2026-04-09T05:31:33+00:00\",\"description\":\"Compra Sv211kusb Switch Juego Conmutador Kvm De 2 Puertos Todo Incluido - Usb - Audio Y Video Vga - 2x Usb A Hembra - 2x Mini Usb B Hembra - Hd15 Macho - Mod. + Env\u00edo a domicilio + Pago seguro + Garant\u00eda\",\"breadcrumb\":{\"@id\":\"https:\/\/compuviper.mx\/tienda\/producto\/startech-com-sv211kusb-switch-juego-conmutador-kvm-de-2-puertos-todo-incluido-usb-audio-y-video-vga-2x-usb-a-hembra-2x-mini-usb-b-hembra-hd15-macho-mod\/#breadcrumb\"},\"inLanguage\":\"es-MX\",\"potentialAction\":[{\"@type\":\"ReadAction\",\"target\":[\"https:\/\/compuviper.mx\/tienda\/producto\/startech-com-sv211kusb-switch-juego-conmutador-kvm-de-2-puertos-todo-incluido-usb-audio-y-video-vga-2x-usb-a-hembra-2x-mini-usb-b-hembra-hd15-macho-mod\/\"]}]},{\"@type\":\"BreadcrumbList\",\"@id\":\"https:\/\/compuviper.mx\/tienda\/producto\/startech-com-sv211kusb-switch-juego-conmutador-kvm-de-2-puertos-todo-incluido-usb-audio-y-video-vga-2x-usb-a-hembra-2x-mini-usb-b-hembra-hd15-macho-mod\/#breadcrumb\",\"itemListElement\":[{\"@type\":\"ListItem\",\"position\":1,\"name\":\"Inicio\",\"item\":\"https:\/\/compuviper.mx\/tienda\/\"},{\"@type\":\"ListItem\",\"position\":2,\"name\":\"Productos\",\"item\":\"https:\/\/compuviper.mx\/tienda\/productos\/\"},{\"@type\":\"ListItem\",\"position\":3,\"name\":\"Accesorios\",\"item\":\"https:\/\/compuviper.mx\/tienda\/categoria-producto\/accesorios\/\"},{\"@type\":\"ListItem\",\"position\":4,\"name\":\"Kvm\",\"item\":\"https:\/\/compuviper.mx\/tienda\/categoria-producto\/accesorios\/kvm\/\"},{\"@type\":\"ListItem\",\"position\":5,\"name\":\"Startech.com Sv211kusb Switch Juego Conmutador Kvm De 2 Puertos Todo Incluido &#8211; Usb &#8211; Audio Y Video Vga &#8211; 2x Usb A Hembra &#8211; 2x Mini Usb B Hembra &#8211; Hd15 Macho &#8211; Mod.\"}]},{\"@type\":\"WebSite\",\"@id\":\"https:\/\/compuviper.mx\/tienda\/#website\",\"url\":\"https:\/\/compuviper.mx\/tienda\/\",\"name\":\"Compuviper\",\"description\":\"Proveedor de Computadoras, Laptops, Servidores, Monitores, Puntos de Venta, Teclados,   Impresoras, T\u00f3ner, C\u00e1maras de Seguridad y m\u00e1s en tu tienda en l\u00ednea\",\"publisher\":{\"@id\":\"https:\/\/compuviper.mx\/tienda\/#organization\"},\"potentialAction\":[{\"@type\":\"SearchAction\",\"target\":{\"@type\":\"EntryPoint\",\"urlTemplate\":\"https:\/\/compuviper.mx\/tienda\/?s={search_term_string}\"},\"query-input\":\"required name=search_term_string\"}],\"inLanguage\":\"es-MX\"},{\"@type\":\"Organization\",\"@id\":\"https:\/\/compuviper.mx\/tienda\/#organization\",\"name\":\"Compuviper\",\"url\":\"https:\/\/compuviper.mx\/tienda\/\",\"logo\":{\"@type\":\"ImageObject\",\"inLanguage\":\"es-MX\",\"@id\":\"https:\/\/compuviper.mx\/tienda\/#\/schema\/logo\/image\/\",\"url\":\"https:\/\/compuviper.mx\/tienda\/wp-content\/uploads\/2021\/08\/Logo-Compuviper-10.png\",\"contentUrl\":\"https:\/\/compuviper.mx\/tienda\/wp-content\/uploads\/2021\/08\/Logo-Compuviper-10.png\",\"width\":1000,\"height\":500,\"caption\":\"Compuviper\"},\"image\":{\"@id\":\"https:\/\/compuviper.mx\/tienda\/#\/schema\/logo\/image\/\"},\"sameAs\":[\"https:\/\/www.facebook.com\/compuviper\",\"https:\/\/www.youtube.com\/channel\/UCf73dERp9Y3cfOq7q8BhLjA?view_as=subscriber\"]}]}<\/script>\n<meta property=\"product:brand\" content=\"STARTECH.COM\" \/>\n<meta property=\"product:price:amount\" content=\"649\" \/>\n<meta property=\"product:price:currency\" content=\"MXN\" \/>\n<meta property=\"og:availability\" content=\"out of stock\" \/>\n<meta property=\"product:availability\" content=\"out of stock\" \/>\n<meta property=\"product:retailer_item_id\" content=\"SV211KUSB\" \/>\n<meta property=\"product:condition\" content=\"new\" \/>\n<!-- \/ Yoast SEO plugin. -->","yoast_head_json":{"title":"[ Startech.com ] &#129351; Sv211kusb Switch Juego Conmutador Kvm De 2 Puertos Todo Incluido - Usb - Audio Y Video Vga - 2x Usb A Hembra - 2x Mini Usb B Hembra - Hd15 Macho - Mod.","description":"Compra Sv211kusb Switch Juego Conmutador Kvm De 2 Puertos Todo Incluido - Usb - Audio Y Video Vga - 2x Usb A Hembra - 2x Mini Usb B Hembra - Hd15 Macho - Mod. + Env\u00edo a domicilio + Pago seguro + Garant\u00eda","robots":{"index":"index","follow":"follow","max-snippet":"max-snippet:-1","max-image-preview":"max-image-preview:large","max-video-preview":"max-video-preview:-1"},"canonical":"https:\/\/compuviper.mx\/tienda\/producto\/startech-com-sv211kusb-switch-juego-conmutador-kvm-de-2-puertos-todo-incluido-usb-audio-y-video-vga-2x-usb-a-hembra-2x-mini-usb-b-hembra-hd15-macho-mod\/","og_locale":"es_MX","og_type":"article","og_title":"[ Startech.com ] &#129351; Sv211kusb Switch Juego Conmutador Kvm De 2 Puertos Todo Incluido - Usb - Audio Y Video Vga - 2x Usb A Hembra - 2x Mini Usb B Hembra - Hd15 Macho - Mod.","og_description":"Compra Sv211kusb Switch Juego Conmutador Kvm De 2 Puertos Todo Incluido - Usb - Audio Y Video Vga - 2x Usb A Hembra - 2x Mini Usb B Hembra - Hd15 Macho - Mod. + Env\u00edo a domicilio + Pago seguro + Garant\u00eda","og_url":"https:\/\/compuviper.mx\/tienda\/producto\/startech-com-sv211kusb-switch-juego-conmutador-kvm-de-2-puertos-todo-incluido-usb-audio-y-video-vga-2x-usb-a-hembra-2x-mini-usb-b-hembra-hd15-macho-mod\/","og_site_name":"Compuviper","article_publisher":"https:\/\/www.facebook.com\/compuviper","article_modified_time":"2026-04-09T05:31:33+00:00","og_image":[{"width":200,"height":200,"url":"https:\/\/compuviper.mx\/tienda\/wp-content\/uploads\/2023\/12\/Switch-juego-conmutador-kvm-de-2-puertos-todo-incluido-usb-audio-y-video-vga-2x-usb-a-hembra-2x-mini-usb-b-hembra-hd15-macho-startech.com-mod.-sv211kusb.jpg","type":"image\/jpeg"}],"twitter_card":"summary_large_image","twitter_misc":{"Precio":"&#36;649 con IVA","Availability":"Out of stock"},"schema":{"@context":"https:\/\/schema.org","@graph":[{"@type":"WebPage","@id":"https:\/\/compuviper.mx\/tienda\/producto\/startech-com-sv211kusb-switch-juego-conmutador-kvm-de-2-puertos-todo-incluido-usb-audio-y-video-vga-2x-usb-a-hembra-2x-mini-usb-b-hembra-hd15-macho-mod\/","url":"https:\/\/compuviper.mx\/tienda\/producto\/startech-com-sv211kusb-switch-juego-conmutador-kvm-de-2-puertos-todo-incluido-usb-audio-y-video-vga-2x-usb-a-hembra-2x-mini-usb-b-hembra-hd15-macho-mod\/","name":"[ Startech.com ] &#129351; Sv211kusb Switch Juego Conmutador Kvm De 2 Puertos Todo Incluido - Usb - Audio Y Video Vga - 2x Usb A Hembra - 2x Mini Usb B Hembra - Hd15 Macho - Mod.","isPartOf":{"@id":"https:\/\/compuviper.mx\/tienda\/#website"},"datePublished":"2026-04-09T05:31:32+00:00","dateModified":"2026-04-09T05:31:33+00:00","description":"Compra Sv211kusb Switch Juego Conmutador Kvm De 2 Puertos Todo Incluido - Usb - Audio Y Video Vga - 2x Usb A Hembra - 2x Mini Usb B Hembra - Hd15 Macho - Mod. + Env\u00edo a domicilio + Pago seguro + Garant\u00eda","breadcrumb":{"@id":"https:\/\/compuviper.mx\/tienda\/producto\/startech-com-sv211kusb-switch-juego-conmutador-kvm-de-2-puertos-todo-incluido-usb-audio-y-video-vga-2x-usb-a-hembra-2x-mini-usb-b-hembra-hd15-macho-mod\/#breadcrumb"},"inLanguage":"es-MX","potentialAction":[{"@type":"ReadAction","target":["https:\/\/compuviper.mx\/tienda\/producto\/startech-com-sv211kusb-switch-juego-conmutador-kvm-de-2-puertos-todo-incluido-usb-audio-y-video-vga-2x-usb-a-hembra-2x-mini-usb-b-hembra-hd15-macho-mod\/"]}]},{"@type":"BreadcrumbList","@id":"https:\/\/compuviper.mx\/tienda\/producto\/startech-com-sv211kusb-switch-juego-conmutador-kvm-de-2-puertos-todo-incluido-usb-audio-y-video-vga-2x-usb-a-hembra-2x-mini-usb-b-hembra-hd15-macho-mod\/#breadcrumb","itemListElement":[{"@type":"ListItem","position":1,"name":"Inicio","item":"https:\/\/compuviper.mx\/tienda\/"},{"@type":"ListItem","position":2,"name":"Productos","item":"https:\/\/compuviper.mx\/tienda\/productos\/"},{"@type":"ListItem","position":3,"name":"Accesorios","item":"https:\/\/compuviper.mx\/tienda\/categoria-producto\/accesorios\/"},{"@type":"ListItem","position":4,"name":"Kvm","item":"https:\/\/compuviper.mx\/tienda\/categoria-producto\/accesorios\/kvm\/"},{"@type":"ListItem","position":5,"name":"Startech.com Sv211kusb Switch Juego Conmutador Kvm De 2 Puertos Todo Incluido &#8211; Usb &#8211; Audio Y Video Vga &#8211; 2x Usb A Hembra &#8211; 2x Mini Usb B Hembra &#8211; Hd15 Macho &#8211; Mod."}]},{"@type":"WebSite","@id":"https:\/\/compuviper.mx\/tienda\/#website","url":"https:\/\/compuviper.mx\/tienda\/","name":"Compuviper","description":"Proveedor de Computadoras, Laptops, Servidores, Monitores, Puntos de Venta, Teclados,   Impresoras, T\u00f3ner, C\u00e1maras de Seguridad y m\u00e1s en tu tienda en l\u00ednea","publisher":{"@id":"https:\/\/compuviper.mx\/tienda\/#organization"},"potentialAction":[{"@type":"SearchAction","target":{"@type":"EntryPoint","urlTemplate":"https:\/\/compuviper.mx\/tienda\/?s={search_term_string}"},"query-input":"required name=search_term_string"}],"inLanguage":"es-MX"},{"@type":"Organization","@id":"https:\/\/compuviper.mx\/tienda\/#organization","name":"Compuviper","url":"https:\/\/compuviper.mx\/tienda\/","logo":{"@type":"ImageObject","inLanguage":"es-MX","@id":"https:\/\/compuviper.mx\/tienda\/#\/schema\/logo\/image\/","url":"https:\/\/compuviper.mx\/tienda\/wp-content\/uploads\/2021\/08\/Logo-Compuviper-10.png","contentUrl":"https:\/\/compuviper.mx\/tienda\/wp-content\/uploads\/2021\/08\/Logo-Compuviper-10.png","width":1000,"height":500,"caption":"Compuviper"},"image":{"@id":"https:\/\/compuviper.mx\/tienda\/#\/schema\/logo\/image\/"},"sameAs":["https:\/\/www.facebook.com\/compuviper","https:\/\/www.youtube.com\/channel\/UCf73dERp9Y3cfOq7q8BhLjA?view_as=subscriber"]}]},"product_brand":"STARTECH.COM","product_price_amount":"649","product_price_currency":"MXN","og_availability":"out of stock","product_availability":"out of stock","product_retailer_item_id":"SV211KUSB","product_condition":"new"},"_links":{"self":[{"href":"https:\/\/compuviper.mx\/tienda\/wp-json\/wp\/v2\/product\/212381"}],"collection":[{"href":"https:\/\/compuviper.mx\/tienda\/wp-json\/wp\/v2\/product"}],"about":[{"href":"https:\/\/compuviper.mx\/tienda\/wp-json\/wp\/v2\/types\/product"}],"replies":[{"embeddable":true,"href":"https:\/\/compuviper.mx\/tienda\/wp-json\/wp\/v2\/comments?post=212381"}],"wp:featuredmedia":[{"embeddable":true,"href":"https:\/\/compuviper.mx\/tienda\/wp-json\/wp\/v2\/media\/212382"}],"wp:attachment":[{"href":"https:\/\/compuviper.mx\/tienda\/wp-json\/wp\/v2\/media?parent=212381"}],"wp:term":[{"taxonomy":"product_cat","embeddable":true,"href":"https:\/\/compuviper.mx\/tienda\/wp-json\/wp\/v2\/product_cat?post=212381"},{"taxonomy":"product_tag","embeddable":true,"href":"https:\/\/compuviper.mx\/tienda\/wp-json\/wp\/v2\/product_tag?post=212381"}],"curies":[{"name":"wp","href":"https:\/\/api.w.org\/{rel}","templated":true}]}}