{"id":212373,"date":"2026-04-08T23:31:30","date_gmt":"2026-04-09T05:31:30","guid":{"rendered":"https:\/\/compuviper.mx\/tienda\/producto\/startech-com-sv431usb-switch-conmutador-kvm-de-4-puertos-con-usb-1-usuario-local-1u-mod\/"},"modified":"2026-04-08T23:31:31","modified_gmt":"2026-04-09T05:31:31","slug":"startech-com-sv431usb-switch-conmutador-kvm-de-4-puertos-con-usb-1-usuario-local-1u-mod","status":"publish","type":"product","link":"https:\/\/compuviper.mx\/tienda\/producto\/startech-com-sv431usb-switch-conmutador-kvm-de-4-puertos-con-usb-1-usuario-local-1u-mod\/","title":{"rendered":"Startech.com Sv431usb Switch Conmutador Kvm De 4 Puertos Con Usb &#8211; 1 Usuario Local &#8211; 1u &#8211;  Mod."},"content":{"rendered":"<table class=\"descripcion\">\n<tr>\n<td>Caracter\u00edsticas f\u00edsicas<\/td>\n<\/tr>\n<tr>\n<td>Altura del producto : 4.4 cm<\/td>\n<\/tr>\n<tr>\n<td>Ancho del producto : 13 cm<\/td>\n<\/tr>\n<tr>\n<td>Color : negro<\/td>\n<\/tr>\n<tr>\n<td>Longitud del producto : 22 cm<\/td>\n<\/tr>\n<tr>\n<td>Peso del producto : 988 g<\/td>\n<\/tr>\n<tr>\n<td>Tipo de gabinete : acero<\/td>\n<\/tr>\n<tr>\n<td>Conector(es)<\/td>\n<\/tr>\n<tr>\n<td>Conectores del host : usb b (4 pines)<\/td>\n<\/tr>\n<tr>\n<td>Conectores del host : vga (15 pines, d-sub de alta densidad)<\/td>\n<\/tr>\n<tr>\n<td>Interfaz(ces) de consola : usb type-a (4 pines) usb 2.0<\/td>\n<\/tr>\n<tr>\n<td>Interfaz(ces) de consola : vga (15 pines, d-sub de alta densidad)<\/td>\n<\/tr>\n<tr>\n<td>Hardware<\/td>\n<\/tr>\n<tr>\n<td>Altura u : 1u<\/td>\n<\/tr>\n<tr>\n<td>Cables incluidos : no<\/td>\n<\/tr>\n<tr>\n<td>Cantidad de puertos kvm : 4<\/td>\n<\/tr>\n<tr>\n<td>Montaje en rack : opcional<\/td>\n<\/tr>\n<tr>\n<td>Plataformas admitidas : usb<\/td>\n<\/tr>\n<tr>\n<td>Sistema en cascada : no<\/td>\n<\/tr>\n<tr>\n<td>Soporte de audio : no<\/td>\n<\/tr>\n<tr>\n<td>Soporte de pantalla doble : 1<\/td>\n<\/tr>\n<tr>\n<td>Tipo de video pc : vga<\/td>\n<\/tr>\n<tr>\n<td>Rendimiento<\/td>\n<\/tr>\n<tr>\n<td>Cantidad m\u00e1xima de usuarios : 1<\/td>\n<\/tr>\n<tr>\n<td>Control ip kvm : no<\/td>\n<\/tr>\n<tr>\n<td>Escaneo autom\u00e1tico : 3, 8, 15 y 30 segundos<\/td>\n<\/tr>\n<tr>\n<td>Hot-key selection : no<\/td>\n<\/tr>\n<tr>\n<td>Longitud m\u00e1xima del cable : 5 m<\/td>\n<\/tr>\n<tr>\n<td>Mtbf : 82506 horas<\/td>\n<\/tr>\n<tr>\n<td>Resoluci\u00f3n anal\u00f3gica m\u00e1xima : 1920 x 1440<\/td>\n<\/tr>\n<tr>\n<td>Soporta osd y teclas de acceso directo : no<\/td>\n<\/tr>\n<tr>\n<td>Soporte dvi : no<\/td>\n<\/tr>\n<tr>\n<td>Soporte para selecci\u00f3n de puertos : bot\u00f3n pulsador<\/td>\n<\/tr>\n<\/table>\n","protected":false},"excerpt":{"rendered":"<p>El switch kvm vga usb con 4 puertos, para montaje en rack, con concentrador, modelo sv431usb, le permite el sencillo control de hasta 4 computadoras desde un solo monitor o pantalla y mediante un solo juego de perif\u00e9ricos usb (teclado, mouse). El conmutador kvm usb incluye un hub usb integrado, con 4 puertos, el cual le permite compartir los perif\u00e9ricos usb conectados entre las 4 computadoras pc\/mac controladas, como si estuvieran conectados directamente. Con pr\u00e1cticas opciones de colocaci\u00f3n e instalaci\u00f3n, este kvm tiene un factor de forma (tama\u00f1o) 1u para montaje en rack, as\u00ed como puerto de conexi\u00f3n por la parte trasera para computadoras. Soluci\u00f3n interplataforma, este switch kvm es compatible con aplicaciones de alta resoluci\u00f3n de hasta 1920&#215;1440, y adem\u00e1s ofrece una experiencia fluida de funcionamiento en el caso de control de entornos mixtos (windows\/mac os\/linux). Cuenta con soporte t\u00e9cnico gratuito de por vida.<\/p>\n","protected":false},"featured_media":212374,"comment_status":"open","ping_status":"open","template":"","meta":[],"product_cat":[1485,1518],"product_tag":[1590],"acf":[],"yoast_head":"<!-- This site is optimized with the Yoast SEO plugin v21.7 - https:\/\/yoast.com\/wordpress\/plugins\/seo\/ -->\n<title>[ Startech.com ] &#129351; Sv431usb Switch Conmutador Kvm De 4 Puertos Con Usb - 1 Usuario Local - 1u - Mod.<\/title>\n<meta name=\"description\" content=\"Compra Sv431usb Switch Conmutador Kvm De 4 Puertos Con Usb - 1 Usuario Local - 1u - Mod. + Env\u00edo a domicilio + Pago seguro + Garant\u00eda\" \/>\n<meta name=\"robots\" content=\"index, follow, max-snippet:-1, max-image-preview:large, max-video-preview:-1\" \/>\n<link rel=\"canonical\" href=\"https:\/\/compuviper.mx\/tienda\/producto\/startech-com-sv431usb-switch-conmutador-kvm-de-4-puertos-con-usb-1-usuario-local-1u-mod\/\" \/>\n<meta property=\"og:locale\" content=\"es_MX\" \/>\n<meta property=\"og:type\" content=\"article\" \/>\n<meta property=\"og:title\" content=\"[ Startech.com ] &#129351; Sv431usb Switch Conmutador Kvm De 4 Puertos Con Usb - 1 Usuario Local - 1u - Mod.\" \/>\n<meta property=\"og:description\" content=\"Compra Sv431usb Switch Conmutador Kvm De 4 Puertos Con Usb - 1 Usuario Local - 1u - Mod. + Env\u00edo a domicilio + Pago seguro + Garant\u00eda\" \/>\n<meta property=\"og:url\" content=\"https:\/\/compuviper.mx\/tienda\/producto\/startech-com-sv431usb-switch-conmutador-kvm-de-4-puertos-con-usb-1-usuario-local-1u-mod\/\" \/>\n<meta property=\"og:site_name\" content=\"Compuviper\" \/>\n<meta property=\"article:publisher\" content=\"https:\/\/www.facebook.com\/compuviper\" \/>\n<meta property=\"article:modified_time\" content=\"2026-04-09T05:31:31+00:00\" \/>\n<meta property=\"og:image\" content=\"https:\/\/compuviper.mx\/tienda\/wp-content\/uploads\/2023\/12\/Switch-conmutador-kvm-de-4-puertos-con-usb-1-usuario-local-1u-startech.com-mod.-sv431usb.jpg\" \/>\n\t<meta property=\"og:image:width\" content=\"200\" \/>\n\t<meta property=\"og:image:height\" content=\"200\" \/>\n\t<meta property=\"og:image:type\" content=\"image\/jpeg\" \/>\n<meta name=\"twitter:card\" content=\"summary_large_image\" \/>\n<meta name=\"twitter:label1\" content=\"Precio\" \/>\n\t<meta name=\"twitter:data1\" content=\"&#36;2,254 con IVA\" \/>\n\t<meta name=\"twitter:label2\" content=\"Availability\" \/>\n\t<meta name=\"twitter:data2\" content=\"Out of stock\" \/>\n<script type=\"application\/ld+json\" class=\"yoast-schema-graph\">{\"@context\":\"https:\/\/schema.org\",\"@graph\":[{\"@type\":\"WebPage\",\"@id\":\"https:\/\/compuviper.mx\/tienda\/producto\/startech-com-sv431usb-switch-conmutador-kvm-de-4-puertos-con-usb-1-usuario-local-1u-mod\/\",\"url\":\"https:\/\/compuviper.mx\/tienda\/producto\/startech-com-sv431usb-switch-conmutador-kvm-de-4-puertos-con-usb-1-usuario-local-1u-mod\/\",\"name\":\"[ Startech.com ] &#129351; Sv431usb Switch Conmutador Kvm De 4 Puertos Con Usb - 1 Usuario Local - 1u - Mod.\",\"isPartOf\":{\"@id\":\"https:\/\/compuviper.mx\/tienda\/#website\"},\"datePublished\":\"2026-04-09T05:31:30+00:00\",\"dateModified\":\"2026-04-09T05:31:31+00:00\",\"description\":\"Compra Sv431usb Switch Conmutador Kvm De 4 Puertos Con Usb - 1 Usuario Local - 1u - Mod. + Env\u00edo a domicilio + Pago seguro + Garant\u00eda\",\"breadcrumb\":{\"@id\":\"https:\/\/compuviper.mx\/tienda\/producto\/startech-com-sv431usb-switch-conmutador-kvm-de-4-puertos-con-usb-1-usuario-local-1u-mod\/#breadcrumb\"},\"inLanguage\":\"es-MX\",\"potentialAction\":[{\"@type\":\"ReadAction\",\"target\":[\"https:\/\/compuviper.mx\/tienda\/producto\/startech-com-sv431usb-switch-conmutador-kvm-de-4-puertos-con-usb-1-usuario-local-1u-mod\/\"]}]},{\"@type\":\"BreadcrumbList\",\"@id\":\"https:\/\/compuviper.mx\/tienda\/producto\/startech-com-sv431usb-switch-conmutador-kvm-de-4-puertos-con-usb-1-usuario-local-1u-mod\/#breadcrumb\",\"itemListElement\":[{\"@type\":\"ListItem\",\"position\":1,\"name\":\"Inicio\",\"item\":\"https:\/\/compuviper.mx\/tienda\/\"},{\"@type\":\"ListItem\",\"position\":2,\"name\":\"Productos\",\"item\":\"https:\/\/compuviper.mx\/tienda\/productos\/\"},{\"@type\":\"ListItem\",\"position\":3,\"name\":\"Accesorios\",\"item\":\"https:\/\/compuviper.mx\/tienda\/categoria-producto\/accesorios\/\"},{\"@type\":\"ListItem\",\"position\":4,\"name\":\"Kvm\",\"item\":\"https:\/\/compuviper.mx\/tienda\/categoria-producto\/accesorios\/kvm\/\"},{\"@type\":\"ListItem\",\"position\":5,\"name\":\"Startech.com Sv431usb Switch Conmutador Kvm De 4 Puertos Con Usb &#8211; 1 Usuario Local &#8211; 1u &#8211; Mod.\"}]},{\"@type\":\"WebSite\",\"@id\":\"https:\/\/compuviper.mx\/tienda\/#website\",\"url\":\"https:\/\/compuviper.mx\/tienda\/\",\"name\":\"Compuviper\",\"description\":\"Proveedor de Computadoras, Laptops, Servidores, Monitores, Puntos de Venta, Teclados,   Impresoras, T\u00f3ner, C\u00e1maras de Seguridad y m\u00e1s en tu tienda en l\u00ednea\",\"publisher\":{\"@id\":\"https:\/\/compuviper.mx\/tienda\/#organization\"},\"potentialAction\":[{\"@type\":\"SearchAction\",\"target\":{\"@type\":\"EntryPoint\",\"urlTemplate\":\"https:\/\/compuviper.mx\/tienda\/?s={search_term_string}\"},\"query-input\":\"required name=search_term_string\"}],\"inLanguage\":\"es-MX\"},{\"@type\":\"Organization\",\"@id\":\"https:\/\/compuviper.mx\/tienda\/#organization\",\"name\":\"Compuviper\",\"url\":\"https:\/\/compuviper.mx\/tienda\/\",\"logo\":{\"@type\":\"ImageObject\",\"inLanguage\":\"es-MX\",\"@id\":\"https:\/\/compuviper.mx\/tienda\/#\/schema\/logo\/image\/\",\"url\":\"https:\/\/compuviper.mx\/tienda\/wp-content\/uploads\/2021\/08\/Logo-Compuviper-10.png\",\"contentUrl\":\"https:\/\/compuviper.mx\/tienda\/wp-content\/uploads\/2021\/08\/Logo-Compuviper-10.png\",\"width\":1000,\"height\":500,\"caption\":\"Compuviper\"},\"image\":{\"@id\":\"https:\/\/compuviper.mx\/tienda\/#\/schema\/logo\/image\/\"},\"sameAs\":[\"https:\/\/www.facebook.com\/compuviper\",\"https:\/\/www.youtube.com\/channel\/UCf73dERp9Y3cfOq7q8BhLjA?view_as=subscriber\"]}]}<\/script>\n<meta property=\"product:brand\" content=\"STARTECH.COM\" \/>\n<meta property=\"product:price:amount\" content=\"2254\" \/>\n<meta property=\"product:price:currency\" content=\"MXN\" \/>\n<meta property=\"og:availability\" content=\"out of stock\" \/>\n<meta property=\"product:availability\" content=\"out of stock\" \/>\n<meta property=\"product:retailer_item_id\" content=\"SV431USB\" \/>\n<meta property=\"product:condition\" content=\"new\" \/>\n<!-- \/ Yoast SEO plugin. -->","yoast_head_json":{"title":"[ Startech.com ] &#129351; Sv431usb Switch Conmutador Kvm De 4 Puertos Con Usb - 1 Usuario Local - 1u - Mod.","description":"Compra Sv431usb Switch Conmutador Kvm De 4 Puertos Con Usb - 1 Usuario Local - 1u - Mod. + Env\u00edo a domicilio + Pago seguro + Garant\u00eda","robots":{"index":"index","follow":"follow","max-snippet":"max-snippet:-1","max-image-preview":"max-image-preview:large","max-video-preview":"max-video-preview:-1"},"canonical":"https:\/\/compuviper.mx\/tienda\/producto\/startech-com-sv431usb-switch-conmutador-kvm-de-4-puertos-con-usb-1-usuario-local-1u-mod\/","og_locale":"es_MX","og_type":"article","og_title":"[ Startech.com ] &#129351; Sv431usb Switch Conmutador Kvm De 4 Puertos Con Usb - 1 Usuario Local - 1u - Mod.","og_description":"Compra Sv431usb Switch Conmutador Kvm De 4 Puertos Con Usb - 1 Usuario Local - 1u - Mod. + Env\u00edo a domicilio + Pago seguro + Garant\u00eda","og_url":"https:\/\/compuviper.mx\/tienda\/producto\/startech-com-sv431usb-switch-conmutador-kvm-de-4-puertos-con-usb-1-usuario-local-1u-mod\/","og_site_name":"Compuviper","article_publisher":"https:\/\/www.facebook.com\/compuviper","article_modified_time":"2026-04-09T05:31:31+00:00","og_image":[{"width":200,"height":200,"url":"https:\/\/compuviper.mx\/tienda\/wp-content\/uploads\/2023\/12\/Switch-conmutador-kvm-de-4-puertos-con-usb-1-usuario-local-1u-startech.com-mod.-sv431usb.jpg","type":"image\/jpeg"}],"twitter_card":"summary_large_image","twitter_misc":{"Precio":"&#36;2,254 con IVA","Availability":"Out of stock"},"schema":{"@context":"https:\/\/schema.org","@graph":[{"@type":"WebPage","@id":"https:\/\/compuviper.mx\/tienda\/producto\/startech-com-sv431usb-switch-conmutador-kvm-de-4-puertos-con-usb-1-usuario-local-1u-mod\/","url":"https:\/\/compuviper.mx\/tienda\/producto\/startech-com-sv431usb-switch-conmutador-kvm-de-4-puertos-con-usb-1-usuario-local-1u-mod\/","name":"[ Startech.com ] &#129351; Sv431usb Switch Conmutador Kvm De 4 Puertos Con Usb - 1 Usuario Local - 1u - Mod.","isPartOf":{"@id":"https:\/\/compuviper.mx\/tienda\/#website"},"datePublished":"2026-04-09T05:31:30+00:00","dateModified":"2026-04-09T05:31:31+00:00","description":"Compra Sv431usb Switch Conmutador Kvm De 4 Puertos Con Usb - 1 Usuario Local - 1u - Mod. + Env\u00edo a domicilio + Pago seguro + Garant\u00eda","breadcrumb":{"@id":"https:\/\/compuviper.mx\/tienda\/producto\/startech-com-sv431usb-switch-conmutador-kvm-de-4-puertos-con-usb-1-usuario-local-1u-mod\/#breadcrumb"},"inLanguage":"es-MX","potentialAction":[{"@type":"ReadAction","target":["https:\/\/compuviper.mx\/tienda\/producto\/startech-com-sv431usb-switch-conmutador-kvm-de-4-puertos-con-usb-1-usuario-local-1u-mod\/"]}]},{"@type":"BreadcrumbList","@id":"https:\/\/compuviper.mx\/tienda\/producto\/startech-com-sv431usb-switch-conmutador-kvm-de-4-puertos-con-usb-1-usuario-local-1u-mod\/#breadcrumb","itemListElement":[{"@type":"ListItem","position":1,"name":"Inicio","item":"https:\/\/compuviper.mx\/tienda\/"},{"@type":"ListItem","position":2,"name":"Productos","item":"https:\/\/compuviper.mx\/tienda\/productos\/"},{"@type":"ListItem","position":3,"name":"Accesorios","item":"https:\/\/compuviper.mx\/tienda\/categoria-producto\/accesorios\/"},{"@type":"ListItem","position":4,"name":"Kvm","item":"https:\/\/compuviper.mx\/tienda\/categoria-producto\/accesorios\/kvm\/"},{"@type":"ListItem","position":5,"name":"Startech.com Sv431usb Switch Conmutador Kvm De 4 Puertos Con Usb &#8211; 1 Usuario Local &#8211; 1u &#8211; Mod."}]},{"@type":"WebSite","@id":"https:\/\/compuviper.mx\/tienda\/#website","url":"https:\/\/compuviper.mx\/tienda\/","name":"Compuviper","description":"Proveedor de Computadoras, Laptops, Servidores, Monitores, Puntos de Venta, Teclados,   Impresoras, T\u00f3ner, C\u00e1maras de Seguridad y m\u00e1s en tu tienda en l\u00ednea","publisher":{"@id":"https:\/\/compuviper.mx\/tienda\/#organization"},"potentialAction":[{"@type":"SearchAction","target":{"@type":"EntryPoint","urlTemplate":"https:\/\/compuviper.mx\/tienda\/?s={search_term_string}"},"query-input":"required name=search_term_string"}],"inLanguage":"es-MX"},{"@type":"Organization","@id":"https:\/\/compuviper.mx\/tienda\/#organization","name":"Compuviper","url":"https:\/\/compuviper.mx\/tienda\/","logo":{"@type":"ImageObject","inLanguage":"es-MX","@id":"https:\/\/compuviper.mx\/tienda\/#\/schema\/logo\/image\/","url":"https:\/\/compuviper.mx\/tienda\/wp-content\/uploads\/2021\/08\/Logo-Compuviper-10.png","contentUrl":"https:\/\/compuviper.mx\/tienda\/wp-content\/uploads\/2021\/08\/Logo-Compuviper-10.png","width":1000,"height":500,"caption":"Compuviper"},"image":{"@id":"https:\/\/compuviper.mx\/tienda\/#\/schema\/logo\/image\/"},"sameAs":["https:\/\/www.facebook.com\/compuviper","https:\/\/www.youtube.com\/channel\/UCf73dERp9Y3cfOq7q8BhLjA?view_as=subscriber"]}]},"product_brand":"STARTECH.COM","product_price_amount":"2254","product_price_currency":"MXN","og_availability":"out of stock","product_availability":"out of stock","product_retailer_item_id":"SV431USB","product_condition":"new"},"_links":{"self":[{"href":"https:\/\/compuviper.mx\/tienda\/wp-json\/wp\/v2\/product\/212373"}],"collection":[{"href":"https:\/\/compuviper.mx\/tienda\/wp-json\/wp\/v2\/product"}],"about":[{"href":"https:\/\/compuviper.mx\/tienda\/wp-json\/wp\/v2\/types\/product"}],"replies":[{"embeddable":true,"href":"https:\/\/compuviper.mx\/tienda\/wp-json\/wp\/v2\/comments?post=212373"}],"wp:featuredmedia":[{"embeddable":true,"href":"https:\/\/compuviper.mx\/tienda\/wp-json\/wp\/v2\/media\/212374"}],"wp:attachment":[{"href":"https:\/\/compuviper.mx\/tienda\/wp-json\/wp\/v2\/media?parent=212373"}],"wp:term":[{"taxonomy":"product_cat","embeddable":true,"href":"https:\/\/compuviper.mx\/tienda\/wp-json\/wp\/v2\/product_cat?post=212373"},{"taxonomy":"product_tag","embeddable":true,"href":"https:\/\/compuviper.mx\/tienda\/wp-json\/wp\/v2\/product_tag?post=212373"}],"curies":[{"name":"wp","href":"https:\/\/api.w.org\/{rel}","templated":true}]}}