{"id":212365,"date":"2026-04-06T23:31:30","date_gmt":"2026-04-07T05:31:30","guid":{"rendered":"https:\/\/compuviper.mx\/tienda\/producto\/startech-com-armbarduo-soporte-de-escritorio-para-dos-monitores-base-para-dos-pantallas-mod\/"},"modified":"2026-04-06T23:31:31","modified_gmt":"2026-04-07T05:31:31","slug":"startech-com-armbarduo-soporte-de-escritorio-para-dos-monitores-base-para-dos-pantallas-mod","status":"publish","type":"product","link":"https:\/\/compuviper.mx\/tienda\/producto\/startech-com-armbarduo-soporte-de-escritorio-para-dos-monitores-base-para-dos-pantallas-mod\/","title":{"rendered":"Startech.com Armbarduo Soporte De Escritorio Para Dos Monitores &#8211; Base Para Dos Pantallas &#8211;  Mod."},"content":{"rendered":"<table class=\"descripcion\">\n<tr>\n<td>Caracteristicas fisicas<\/td>\n<\/tr>\n<tr>\n<td>Altura: 41 cm<\/td>\n<\/tr>\n<tr>\n<td>Ancho: 18 cm<\/td>\n<\/tr>\n<tr>\n<td>Color: negro<\/td>\n<\/tr>\n<tr>\n<td>Longitud: 95 cm<\/td>\n<\/tr>\n<tr>\n<td>Peso: 6.2 kg<\/td>\n<\/tr>\n<tr>\n<td>Tipo de gabinete: acero, aluminio y plastico<\/td>\n<\/tr>\n<tr>\n<td>Hardware<\/td>\n<\/tr>\n<tr>\n<td>Articulado: no<\/td>\n<\/tr>\n<tr>\n<td>Montaje en pared: no<\/td>\n<\/tr>\n<tr>\n<td>Numero de pantallas admitidas: 2<\/td>\n<\/tr>\n<tr>\n<td>Opciones de montaje: soporte vertical para escritorio\/mesa<\/td>\n<\/tr>\n<tr>\n<td>Patrones vesa de agujeros de montaje: 100&#215;100 mm &#8211; 75&#215;75 mm<\/td>\n<\/tr>\n<tr>\n<td>Rendimiento<\/td>\n<\/tr>\n<tr>\n<td>Ajuste de la altura: si<\/td>\n<\/tr>\n<tr>\n<td>Altura maxima: 405 mm<\/td>\n<\/tr>\n<tr>\n<td>Capacidad de carga: 8 kg<\/td>\n<\/tr>\n<tr>\n<td>Giro \/ pivotacion: 360\u00b0 de vision de cada pantalla<\/td>\n<\/tr>\n<tr>\n<td>Inclinacion: \/-15<\/td>\n<\/tr>\n<tr>\n<td>Tamano maximo de la pantalla: 24in<\/td>\n<\/tr>\n<\/table>\n","protected":false},"excerpt":{"rendered":"<p>Este soporte para\u00a0dos monitores le permite\u00a0instalar dos pantallas individuales, cada una de 24 de tamano,\u00a0a una sola base\u00a0que puede colocar practicamente en cualquier\u00a0espacio de trabajo. La parte trasera de este soporte para monitor es\u00a0de forma plana y perfil bajo,\u00a0lo cual le permite colocar sus pantallas facilmente\u00a0contra una pared normal o del cubiculos. Aumente su productividad, gracias a la eficacia que le ofrece el diseno multimonitor de su oficina.\u00a0el soporte para dos monitores\u00a0incluye mecanismos para el ajuste de la altura y de la inclinacion, a fin de poder adaptar a gusto personal la posicion de sus pantallas, de manera que resulte lo mas comodo, sin interrupcion de su trabajo. Ademas, el soporte para escritorio le permite\u00a0una\u00a0configuracion sencilla que\u00a0le garantiza\u00a0que incluso su instalacion resultara facil. El soporte armbarduo cuenta con soporte tecnico gratuito de por vida.<\/p>\n","protected":false},"featured_media":212366,"comment_status":"open","ping_status":"open","template":"","meta":[],"product_cat":[2321,2265],"product_tag":[1590],"acf":[],"yoast_head":"<!-- This site is optimized with the Yoast SEO plugin v21.7 - https:\/\/yoast.com\/wordpress\/plugins\/seo\/ -->\n<title>[ Startech.com ] &#129351; Armbarduo Soporte De Escritorio Para Dos Monitores - Base Para Dos Pantallas - Mod.<\/title>\n<meta name=\"description\" content=\"Compra Armbarduo Soporte De Escritorio Para Dos Monitores - Base Para Dos Pantallas - Mod. + Env\u00edo a domicilio + Pago seguro + Garant\u00eda\" \/>\n<meta name=\"robots\" content=\"index, follow, max-snippet:-1, max-image-preview:large, max-video-preview:-1\" \/>\n<link rel=\"canonical\" href=\"https:\/\/compuviper.mx\/tienda\/producto\/startech-com-armbarduo-soporte-de-escritorio-para-dos-monitores-base-para-dos-pantallas-mod\/\" \/>\n<meta property=\"og:locale\" content=\"es_MX\" \/>\n<meta property=\"og:type\" content=\"article\" \/>\n<meta property=\"og:title\" content=\"[ Startech.com ] &#129351; Armbarduo Soporte De Escritorio Para Dos Monitores - Base Para Dos Pantallas - Mod.\" \/>\n<meta property=\"og:description\" content=\"Compra Armbarduo Soporte De Escritorio Para Dos Monitores - Base Para Dos Pantallas - Mod. + Env\u00edo a domicilio + Pago seguro + Garant\u00eda\" \/>\n<meta property=\"og:url\" content=\"https:\/\/compuviper.mx\/tienda\/producto\/startech-com-armbarduo-soporte-de-escritorio-para-dos-monitores-base-para-dos-pantallas-mod\/\" \/>\n<meta property=\"og:site_name\" content=\"Compuviper\" \/>\n<meta property=\"article:publisher\" content=\"https:\/\/www.facebook.com\/compuviper\" \/>\n<meta property=\"article:modified_time\" content=\"2026-04-07T05:31:31+00:00\" \/>\n<meta property=\"og:image\" content=\"https:\/\/compuviper.mx\/tienda\/wp-content\/uploads\/2023\/12\/Soporte-de-escritorio-para-dos-monitores-base-para-dos-pantallas-startech.com-mod.-armbarduo.jpg\" \/>\n\t<meta property=\"og:image:width\" content=\"200\" \/>\n\t<meta property=\"og:image:height\" content=\"200\" \/>\n\t<meta property=\"og:image:type\" content=\"image\/jpeg\" \/>\n<meta name=\"twitter:card\" content=\"summary_large_image\" \/>\n<meta name=\"twitter:label1\" content=\"Precio\" \/>\n\t<meta name=\"twitter:data1\" content=\"&#36;2,635 con IVA\" \/>\n\t<meta name=\"twitter:label2\" content=\"Availability\" \/>\n\t<meta name=\"twitter:data2\" content=\"Out of stock\" \/>\n<script type=\"application\/ld+json\" class=\"yoast-schema-graph\">{\"@context\":\"https:\/\/schema.org\",\"@graph\":[{\"@type\":\"WebPage\",\"@id\":\"https:\/\/compuviper.mx\/tienda\/producto\/startech-com-armbarduo-soporte-de-escritorio-para-dos-monitores-base-para-dos-pantallas-mod\/\",\"url\":\"https:\/\/compuviper.mx\/tienda\/producto\/startech-com-armbarduo-soporte-de-escritorio-para-dos-monitores-base-para-dos-pantallas-mod\/\",\"name\":\"[ Startech.com ] &#129351; Armbarduo Soporte De Escritorio Para Dos Monitores - Base Para Dos Pantallas - Mod.\",\"isPartOf\":{\"@id\":\"https:\/\/compuviper.mx\/tienda\/#website\"},\"datePublished\":\"2026-04-07T05:31:30+00:00\",\"dateModified\":\"2026-04-07T05:31:31+00:00\",\"description\":\"Compra Armbarduo Soporte De Escritorio Para Dos Monitores - Base Para Dos Pantallas - Mod. + Env\u00edo a domicilio + Pago seguro + Garant\u00eda\",\"breadcrumb\":{\"@id\":\"https:\/\/compuviper.mx\/tienda\/producto\/startech-com-armbarduo-soporte-de-escritorio-para-dos-monitores-base-para-dos-pantallas-mod\/#breadcrumb\"},\"inLanguage\":\"es-MX\",\"potentialAction\":[{\"@type\":\"ReadAction\",\"target\":[\"https:\/\/compuviper.mx\/tienda\/producto\/startech-com-armbarduo-soporte-de-escritorio-para-dos-monitores-base-para-dos-pantallas-mod\/\"]}]},{\"@type\":\"BreadcrumbList\",\"@id\":\"https:\/\/compuviper.mx\/tienda\/producto\/startech-com-armbarduo-soporte-de-escritorio-para-dos-monitores-base-para-dos-pantallas-mod\/#breadcrumb\",\"itemListElement\":[{\"@type\":\"ListItem\",\"position\":1,\"name\":\"Inicio\",\"item\":\"https:\/\/compuviper.mx\/tienda\/\"},{\"@type\":\"ListItem\",\"position\":2,\"name\":\"Productos\",\"item\":\"https:\/\/compuviper.mx\/tienda\/productos\/\"},{\"@type\":\"ListItem\",\"position\":3,\"name\":\"Soportes Y Bases P\/tv\/ Proyectores\/dvd\/consolas\/bocinas\/pantallas\/monotores\",\"item\":\"https:\/\/compuviper.mx\/tienda\/categoria-producto\/soportes-y-bases-p-tv-proyectores-dvd-consolas-bocinas-pantallas-monotores\/\"},{\"@type\":\"ListItem\",\"position\":4,\"name\":\"Soporte Y Base Para Tv\/pantallas\/monitores\/kiosko\",\"item\":\"https:\/\/compuviper.mx\/tienda\/categoria-producto\/soportes-y-bases-p-tv-proyectores-dvd-consolas-bocinas-pantallas-monotores\/soporte-y-base-para-tv-pantallas-monitores-kiosko\/\"},{\"@type\":\"ListItem\",\"position\":5,\"name\":\"Startech.com Armbarduo Soporte De Escritorio Para Dos Monitores &#8211; Base Para Dos Pantallas &#8211; Mod.\"}]},{\"@type\":\"WebSite\",\"@id\":\"https:\/\/compuviper.mx\/tienda\/#website\",\"url\":\"https:\/\/compuviper.mx\/tienda\/\",\"name\":\"Compuviper\",\"description\":\"Proveedor de Computadoras, Laptops, Servidores, Monitores, Puntos de Venta, Teclados,   Impresoras, T\u00f3ner, C\u00e1maras de Seguridad y m\u00e1s en tu tienda en l\u00ednea\",\"publisher\":{\"@id\":\"https:\/\/compuviper.mx\/tienda\/#organization\"},\"potentialAction\":[{\"@type\":\"SearchAction\",\"target\":{\"@type\":\"EntryPoint\",\"urlTemplate\":\"https:\/\/compuviper.mx\/tienda\/?s={search_term_string}\"},\"query-input\":\"required name=search_term_string\"}],\"inLanguage\":\"es-MX\"},{\"@type\":\"Organization\",\"@id\":\"https:\/\/compuviper.mx\/tienda\/#organization\",\"name\":\"Compuviper\",\"url\":\"https:\/\/compuviper.mx\/tienda\/\",\"logo\":{\"@type\":\"ImageObject\",\"inLanguage\":\"es-MX\",\"@id\":\"https:\/\/compuviper.mx\/tienda\/#\/schema\/logo\/image\/\",\"url\":\"https:\/\/compuviper.mx\/tienda\/wp-content\/uploads\/2021\/08\/Logo-Compuviper-10.png\",\"contentUrl\":\"https:\/\/compuviper.mx\/tienda\/wp-content\/uploads\/2021\/08\/Logo-Compuviper-10.png\",\"width\":1000,\"height\":500,\"caption\":\"Compuviper\"},\"image\":{\"@id\":\"https:\/\/compuviper.mx\/tienda\/#\/schema\/logo\/image\/\"},\"sameAs\":[\"https:\/\/www.facebook.com\/compuviper\",\"https:\/\/www.youtube.com\/channel\/UCf73dERp9Y3cfOq7q8BhLjA?view_as=subscriber\"]}]}<\/script>\n<meta property=\"product:brand\" content=\"STARTECH.COM\" \/>\n<meta property=\"product:price:amount\" content=\"2635\" \/>\n<meta property=\"product:price:currency\" content=\"MXN\" \/>\n<meta property=\"og:availability\" content=\"out of stock\" \/>\n<meta property=\"product:availability\" content=\"out of stock\" \/>\n<meta property=\"product:retailer_item_id\" content=\"ARMBARDUO\" \/>\n<meta property=\"product:condition\" content=\"new\" \/>\n<!-- \/ Yoast SEO plugin. -->","yoast_head_json":{"title":"[ Startech.com ] &#129351; Armbarduo Soporte De Escritorio Para Dos Monitores - Base Para Dos Pantallas - Mod.","description":"Compra Armbarduo Soporte De Escritorio Para Dos Monitores - Base Para Dos Pantallas - Mod. + Env\u00edo a domicilio + Pago seguro + Garant\u00eda","robots":{"index":"index","follow":"follow","max-snippet":"max-snippet:-1","max-image-preview":"max-image-preview:large","max-video-preview":"max-video-preview:-1"},"canonical":"https:\/\/compuviper.mx\/tienda\/producto\/startech-com-armbarduo-soporte-de-escritorio-para-dos-monitores-base-para-dos-pantallas-mod\/","og_locale":"es_MX","og_type":"article","og_title":"[ Startech.com ] &#129351; Armbarduo Soporte De Escritorio Para Dos Monitores - Base Para Dos Pantallas - Mod.","og_description":"Compra Armbarduo Soporte De Escritorio Para Dos Monitores - Base Para Dos Pantallas - Mod. + Env\u00edo a domicilio + Pago seguro + Garant\u00eda","og_url":"https:\/\/compuviper.mx\/tienda\/producto\/startech-com-armbarduo-soporte-de-escritorio-para-dos-monitores-base-para-dos-pantallas-mod\/","og_site_name":"Compuviper","article_publisher":"https:\/\/www.facebook.com\/compuviper","article_modified_time":"2026-04-07T05:31:31+00:00","og_image":[{"width":200,"height":200,"url":"https:\/\/compuviper.mx\/tienda\/wp-content\/uploads\/2023\/12\/Soporte-de-escritorio-para-dos-monitores-base-para-dos-pantallas-startech.com-mod.-armbarduo.jpg","type":"image\/jpeg"}],"twitter_card":"summary_large_image","twitter_misc":{"Precio":"&#36;2,635 con IVA","Availability":"Out of stock"},"schema":{"@context":"https:\/\/schema.org","@graph":[{"@type":"WebPage","@id":"https:\/\/compuviper.mx\/tienda\/producto\/startech-com-armbarduo-soporte-de-escritorio-para-dos-monitores-base-para-dos-pantallas-mod\/","url":"https:\/\/compuviper.mx\/tienda\/producto\/startech-com-armbarduo-soporte-de-escritorio-para-dos-monitores-base-para-dos-pantallas-mod\/","name":"[ Startech.com ] &#129351; Armbarduo Soporte De Escritorio Para Dos Monitores - Base Para Dos Pantallas - Mod.","isPartOf":{"@id":"https:\/\/compuviper.mx\/tienda\/#website"},"datePublished":"2026-04-07T05:31:30+00:00","dateModified":"2026-04-07T05:31:31+00:00","description":"Compra Armbarduo Soporte De Escritorio Para Dos Monitores - Base Para Dos Pantallas - Mod. + Env\u00edo a domicilio + Pago seguro + Garant\u00eda","breadcrumb":{"@id":"https:\/\/compuviper.mx\/tienda\/producto\/startech-com-armbarduo-soporte-de-escritorio-para-dos-monitores-base-para-dos-pantallas-mod\/#breadcrumb"},"inLanguage":"es-MX","potentialAction":[{"@type":"ReadAction","target":["https:\/\/compuviper.mx\/tienda\/producto\/startech-com-armbarduo-soporte-de-escritorio-para-dos-monitores-base-para-dos-pantallas-mod\/"]}]},{"@type":"BreadcrumbList","@id":"https:\/\/compuviper.mx\/tienda\/producto\/startech-com-armbarduo-soporte-de-escritorio-para-dos-monitores-base-para-dos-pantallas-mod\/#breadcrumb","itemListElement":[{"@type":"ListItem","position":1,"name":"Inicio","item":"https:\/\/compuviper.mx\/tienda\/"},{"@type":"ListItem","position":2,"name":"Productos","item":"https:\/\/compuviper.mx\/tienda\/productos\/"},{"@type":"ListItem","position":3,"name":"Soportes Y Bases P\/tv\/ Proyectores\/dvd\/consolas\/bocinas\/pantallas\/monotores","item":"https:\/\/compuviper.mx\/tienda\/categoria-producto\/soportes-y-bases-p-tv-proyectores-dvd-consolas-bocinas-pantallas-monotores\/"},{"@type":"ListItem","position":4,"name":"Soporte Y Base Para Tv\/pantallas\/monitores\/kiosko","item":"https:\/\/compuviper.mx\/tienda\/categoria-producto\/soportes-y-bases-p-tv-proyectores-dvd-consolas-bocinas-pantallas-monotores\/soporte-y-base-para-tv-pantallas-monitores-kiosko\/"},{"@type":"ListItem","position":5,"name":"Startech.com Armbarduo Soporte De Escritorio Para Dos Monitores &#8211; Base Para Dos Pantallas &#8211; Mod."}]},{"@type":"WebSite","@id":"https:\/\/compuviper.mx\/tienda\/#website","url":"https:\/\/compuviper.mx\/tienda\/","name":"Compuviper","description":"Proveedor de Computadoras, Laptops, Servidores, Monitores, Puntos de Venta, Teclados,   Impresoras, T\u00f3ner, C\u00e1maras de Seguridad y m\u00e1s en tu tienda en l\u00ednea","publisher":{"@id":"https:\/\/compuviper.mx\/tienda\/#organization"},"potentialAction":[{"@type":"SearchAction","target":{"@type":"EntryPoint","urlTemplate":"https:\/\/compuviper.mx\/tienda\/?s={search_term_string}"},"query-input":"required name=search_term_string"}],"inLanguage":"es-MX"},{"@type":"Organization","@id":"https:\/\/compuviper.mx\/tienda\/#organization","name":"Compuviper","url":"https:\/\/compuviper.mx\/tienda\/","logo":{"@type":"ImageObject","inLanguage":"es-MX","@id":"https:\/\/compuviper.mx\/tienda\/#\/schema\/logo\/image\/","url":"https:\/\/compuviper.mx\/tienda\/wp-content\/uploads\/2021\/08\/Logo-Compuviper-10.png","contentUrl":"https:\/\/compuviper.mx\/tienda\/wp-content\/uploads\/2021\/08\/Logo-Compuviper-10.png","width":1000,"height":500,"caption":"Compuviper"},"image":{"@id":"https:\/\/compuviper.mx\/tienda\/#\/schema\/logo\/image\/"},"sameAs":["https:\/\/www.facebook.com\/compuviper","https:\/\/www.youtube.com\/channel\/UCf73dERp9Y3cfOq7q8BhLjA?view_as=subscriber"]}]},"product_brand":"STARTECH.COM","product_price_amount":"2635","product_price_currency":"MXN","og_availability":"out of stock","product_availability":"out of stock","product_retailer_item_id":"ARMBARDUO","product_condition":"new"},"_links":{"self":[{"href":"https:\/\/compuviper.mx\/tienda\/wp-json\/wp\/v2\/product\/212365"}],"collection":[{"href":"https:\/\/compuviper.mx\/tienda\/wp-json\/wp\/v2\/product"}],"about":[{"href":"https:\/\/compuviper.mx\/tienda\/wp-json\/wp\/v2\/types\/product"}],"replies":[{"embeddable":true,"href":"https:\/\/compuviper.mx\/tienda\/wp-json\/wp\/v2\/comments?post=212365"}],"wp:featuredmedia":[{"embeddable":true,"href":"https:\/\/compuviper.mx\/tienda\/wp-json\/wp\/v2\/media\/212366"}],"wp:attachment":[{"href":"https:\/\/compuviper.mx\/tienda\/wp-json\/wp\/v2\/media?parent=212365"}],"wp:term":[{"taxonomy":"product_cat","embeddable":true,"href":"https:\/\/compuviper.mx\/tienda\/wp-json\/wp\/v2\/product_cat?post=212365"},{"taxonomy":"product_tag","embeddable":true,"href":"https:\/\/compuviper.mx\/tienda\/wp-json\/wp\/v2\/product_tag?post=212365"}],"curies":[{"name":"wp","href":"https:\/\/api.w.org\/{rel}","templated":true}]}}