{"id":212361,"date":"2026-04-06T23:31:29","date_gmt":"2026-04-07T05:31:29","guid":{"rendered":"https:\/\/compuviper.mx\/tienda\/producto\/startech-com-st124hd202-splitter-hdmi-de-4-puertos-4k-60hz-divisor-hdmi-1-entrada-4-salidas-splitter-hdmi-de-4-salidas-divisor-de-puertos-hdmi-mod\/"},"modified":"2026-04-06T23:31:30","modified_gmt":"2026-04-07T05:31:30","slug":"startech-com-st124hd202-splitter-hdmi-de-4-puertos-4k-60hz-divisor-hdmi-1-entrada-4-salidas-splitter-hdmi-de-4-salidas-divisor-de-puertos-hdmi-mod","status":"publish","type":"product","link":"https:\/\/compuviper.mx\/tienda\/producto\/startech-com-st124hd202-splitter-hdmi-de-4-puertos-4k-60hz-divisor-hdmi-1-entrada-4-salidas-splitter-hdmi-de-4-salidas-divisor-de-puertos-hdmi-mod\/","title":{"rendered":"Startech.com St124hd202 Splitter Hdmi &#8211; De 4 Puertos &#8211; 4k 60hz &#8211; Divisor Hdmi 1 Entrada 4 Salidas &#8211; Splitter Hdmi De 4 Salidas &#8211; Divisor De Puertos Hdmi &#8211;  Mod."},"content":{"rendered":"<table class=\"descripcion\">\n<tr>\n<td>Caracteristicas fisicas<\/td>\n<\/tr>\n<tr>\n<td>Altura: 6.5 cm<\/td>\n<\/tr>\n<tr>\n<td>Ancho: 64 mm<\/td>\n<\/tr>\n<tr>\n<td>Color: negro<\/td>\n<\/tr>\n<tr>\n<td>Longitud: 16.5 cm<\/td>\n<\/tr>\n<tr>\n<td>Peso: 506 g<\/td>\n<\/tr>\n<tr>\n<td>Conectores<\/td>\n<\/tr>\n<tr>\n<td>Conector a: hdmi 19 pines<\/td>\n<\/tr>\n<tr>\n<td>Conector b: hdmi 19 pines<\/td>\n<\/tr>\n<tr>\n<td>Contenido de la caja<\/td>\n<\/tr>\n<tr>\n<td>Incluido en la caja: adaptador universal de alimentacion na, ue, ru, anz<\/td>\n<\/tr>\n<tr>\n<td>Incluido en la caja: divisor hdmi<\/td>\n<\/tr>\n<tr>\n<td>Incluido en la caja: guia rapida de inicio<\/td>\n<\/tr>\n<tr>\n<td>Hardware<\/td>\n<\/tr>\n<tr>\n<td>Cantidad de puertos: 2<\/td>\n<\/tr>\n<tr>\n<td>Entrada a\/v: hdmi<\/td>\n<\/tr>\n<tr>\n<td>Estandares industriales: hdmi 2.0<\/td>\n<\/tr>\n<tr>\n<td>Salida a\/v: hdmi<\/td>\n<\/tr>\n<tr>\n<td>Soporte de audio: si<\/td>\n<\/tr>\n<tr>\n<td>Indicadores<\/td>\n<\/tr>\n<tr>\n<td>Indicadores led: indicador led de entrada<\/td>\n<\/tr>\n<tr>\n<td>Indicadores led: indicadores led de salida<\/td>\n<\/tr>\n<tr>\n<td>Indicadores led: led de alimentacion<\/td>\n<\/tr>\n<tr>\n<td>Rendimiento<\/td>\n<\/tr>\n<tr>\n<td>Especificaciones de audio: sonido envolvente 7.1<\/td>\n<\/tr>\n<tr>\n<td>Longitud maxima del cable: 5 m<\/td>\n<\/tr>\n<tr>\n<td>Pantalla plana soportada: si<\/td>\n<\/tr>\n<tr>\n<td>Resolucion digital maxima: 3840&#215;2160 4k a 60hz<\/td>\n<\/tr>\n<tr>\n<td> 2560&#215;1600<\/td>\n<\/tr>\n<tr>\n<td> 1920&#215;1200<\/td>\n<\/tr>\n<tr>\n<td> 1920&#215;1080 1080p<\/td>\n<\/tr>\n<tr>\n<td> 1280&#215;720 720p<\/td>\n<\/tr>\n<tr>\n<td>Tasa de transferencia de datos maxima: 18gbps<\/td>\n<\/tr>\n<tr>\n<td>Video revision: hdmi 2.0<\/td>\n<\/tr>\n<\/table>\n","protected":false},"excerpt":{"rendered":"<p>Este multiplicador de 4 puertos hdmi 4k conecta su fuente de video hdmi simultaneamente a dos pantallas\u00a0hdmi, sin distorsion ni degradacion de su senal de video. Para un rendimiento confiable, el multiplicador viene dentro de un gabinete duradero de metal que permite el enfriamiento pasivo. Resolucion 4k real a 60hz y hdr con ancho de banda de transmision de hasta 18gbps, este multiplicador hdmi es totalmente compatible con su equipo hdmi 2.0, con resoluciones uhd de hasta 4096&#215;2160 4k a 60hz. El multiplicador hdmi es compatible con hdcp 2.2 y retrocompatible con pantallas 1080p y 4k 30hz. Solucion perfecta para aplicaciones de senalizacion digital, donde el equipo puede variar en todo el perimetro de la ubicacion. Facil instalacion para una configuracion sencilla, el multiplicador hdmi\u00a01&#215;4 ofrece una sencilla instalacion plug-and-play. El modelo st124hd202\u00a0cuenta con soporte tecnico gratuito de por vida.<\/p>\n","protected":false},"featured_media":212362,"comment_status":"open","ping_status":"open","template":"","meta":[],"product_cat":[1485,1506],"product_tag":[1590],"acf":[],"yoast_head":"<!-- This site is optimized with the Yoast SEO plugin v21.7 - https:\/\/yoast.com\/wordpress\/plugins\/seo\/ -->\n<title>[ Startech.com ] &#129351; St124hd202 Splitter Hdmi - De 4 Puertos - 4k 60hz - Divisor Hdmi 1 Entrada 4 Salidas - Splitter Hdmi De 4 Salidas - Divisor De Puertos Hdmi - Mod.<\/title>\n<meta name=\"description\" content=\"Compra St124hd202 Splitter Hdmi - De 4 Puertos - 4k 60hz - Divisor Hdmi 1 Entrada 4 Salidas - Splitter Hdmi De 4 Salidas - Divisor De Puertos Hdmi - Mod. + Env\u00edo a domicilio + Pago seguro + Garant\u00eda\" \/>\n<meta name=\"robots\" content=\"index, follow, max-snippet:-1, max-image-preview:large, max-video-preview:-1\" \/>\n<link rel=\"canonical\" href=\"https:\/\/compuviper.mx\/tienda\/producto\/startech-com-st124hd202-splitter-hdmi-de-4-puertos-4k-60hz-divisor-hdmi-1-entrada-4-salidas-splitter-hdmi-de-4-salidas-divisor-de-puertos-hdmi-mod\/\" \/>\n<meta property=\"og:locale\" content=\"es_MX\" \/>\n<meta property=\"og:type\" content=\"article\" \/>\n<meta property=\"og:title\" content=\"[ Startech.com ] &#129351; St124hd202 Splitter Hdmi - De 4 Puertos - 4k 60hz - Divisor Hdmi 1 Entrada 4 Salidas - Splitter Hdmi De 4 Salidas - Divisor De Puertos Hdmi - Mod.\" \/>\n<meta property=\"og:description\" content=\"Compra St124hd202 Splitter Hdmi - De 4 Puertos - 4k 60hz - Divisor Hdmi 1 Entrada 4 Salidas - Splitter Hdmi De 4 Salidas - Divisor De Puertos Hdmi - Mod. + Env\u00edo a domicilio + Pago seguro + Garant\u00eda\" \/>\n<meta property=\"og:url\" content=\"https:\/\/compuviper.mx\/tienda\/producto\/startech-com-st124hd202-splitter-hdmi-de-4-puertos-4k-60hz-divisor-hdmi-1-entrada-4-salidas-splitter-hdmi-de-4-salidas-divisor-de-puertos-hdmi-mod\/\" \/>\n<meta property=\"og:site_name\" content=\"Compuviper\" \/>\n<meta property=\"article:publisher\" content=\"https:\/\/www.facebook.com\/compuviper\" \/>\n<meta property=\"article:modified_time\" content=\"2026-04-07T05:31:30+00:00\" \/>\n<meta property=\"og:image\" content=\"https:\/\/compuviper.mx\/tienda\/wp-content\/uploads\/2023\/12\/Splitter-hdmi-de-4-puertos-4k-60hz-divisor-hdmi-1-entrada-4-salidas-splitter-hdmi-de-4-salidas-divisor-de-puertos-hdmi-startech.com-mod.-st124hd202.jpg\" \/>\n\t<meta property=\"og:image:width\" content=\"200\" \/>\n\t<meta property=\"og:image:height\" content=\"200\" \/>\n\t<meta property=\"og:image:type\" content=\"image\/jpeg\" \/>\n<meta name=\"twitter:card\" content=\"summary_large_image\" \/>\n<meta name=\"twitter:label1\" content=\"Precio\" \/>\n\t<meta name=\"twitter:data1\" content=\"&#36;1,550 con IVA\" \/>\n\t<meta name=\"twitter:label2\" content=\"Availability\" \/>\n\t<meta name=\"twitter:data2\" content=\"In stock\" \/>\n<script type=\"application\/ld+json\" class=\"yoast-schema-graph\">{\"@context\":\"https:\/\/schema.org\",\"@graph\":[{\"@type\":\"WebPage\",\"@id\":\"https:\/\/compuviper.mx\/tienda\/producto\/startech-com-st124hd202-splitter-hdmi-de-4-puertos-4k-60hz-divisor-hdmi-1-entrada-4-salidas-splitter-hdmi-de-4-salidas-divisor-de-puertos-hdmi-mod\/\",\"url\":\"https:\/\/compuviper.mx\/tienda\/producto\/startech-com-st124hd202-splitter-hdmi-de-4-puertos-4k-60hz-divisor-hdmi-1-entrada-4-salidas-splitter-hdmi-de-4-salidas-divisor-de-puertos-hdmi-mod\/\",\"name\":\"[ Startech.com ] &#129351; St124hd202 Splitter Hdmi - De 4 Puertos - 4k 60hz - Divisor Hdmi 1 Entrada 4 Salidas - Splitter Hdmi De 4 Salidas - Divisor De Puertos Hdmi - Mod.\",\"isPartOf\":{\"@id\":\"https:\/\/compuviper.mx\/tienda\/#website\"},\"datePublished\":\"2026-04-07T05:31:29+00:00\",\"dateModified\":\"2026-04-07T05:31:30+00:00\",\"description\":\"Compra St124hd202 Splitter Hdmi - De 4 Puertos - 4k 60hz - Divisor Hdmi 1 Entrada 4 Salidas - Splitter Hdmi De 4 Salidas - Divisor De Puertos Hdmi - Mod. + Env\u00edo a domicilio + Pago seguro + Garant\u00eda\",\"breadcrumb\":{\"@id\":\"https:\/\/compuviper.mx\/tienda\/producto\/startech-com-st124hd202-splitter-hdmi-de-4-puertos-4k-60hz-divisor-hdmi-1-entrada-4-salidas-splitter-hdmi-de-4-salidas-divisor-de-puertos-hdmi-mod\/#breadcrumb\"},\"inLanguage\":\"es-MX\",\"potentialAction\":[{\"@type\":\"ReadAction\",\"target\":[\"https:\/\/compuviper.mx\/tienda\/producto\/startech-com-st124hd202-splitter-hdmi-de-4-puertos-4k-60hz-divisor-hdmi-1-entrada-4-salidas-splitter-hdmi-de-4-salidas-divisor-de-puertos-hdmi-mod\/\"]}]},{\"@type\":\"BreadcrumbList\",\"@id\":\"https:\/\/compuviper.mx\/tienda\/producto\/startech-com-st124hd202-splitter-hdmi-de-4-puertos-4k-60hz-divisor-hdmi-1-entrada-4-salidas-splitter-hdmi-de-4-salidas-divisor-de-puertos-hdmi-mod\/#breadcrumb\",\"itemListElement\":[{\"@type\":\"ListItem\",\"position\":1,\"name\":\"Inicio\",\"item\":\"https:\/\/compuviper.mx\/tienda\/\"},{\"@type\":\"ListItem\",\"position\":2,\"name\":\"Productos\",\"item\":\"https:\/\/compuviper.mx\/tienda\/productos\/\"},{\"@type\":\"ListItem\",\"position\":3,\"name\":\"Accesorios\",\"item\":\"https:\/\/compuviper.mx\/tienda\/categoria-producto\/accesorios\/\"},{\"@type\":\"ListItem\",\"position\":4,\"name\":\"Conectividad\",\"item\":\"https:\/\/compuviper.mx\/tienda\/categoria-producto\/accesorios\/conectividad\/\"},{\"@type\":\"ListItem\",\"position\":5,\"name\":\"Startech.com St124hd202 Splitter Hdmi &#8211; De 4 Puertos &#8211; 4k 60hz &#8211; Divisor Hdmi 1 Entrada 4 Salidas &#8211; Splitter Hdmi De 4 Salidas &#8211; Divisor De Puertos Hdmi &#8211; Mod.\"}]},{\"@type\":\"WebSite\",\"@id\":\"https:\/\/compuviper.mx\/tienda\/#website\",\"url\":\"https:\/\/compuviper.mx\/tienda\/\",\"name\":\"Compuviper\",\"description\":\"Proveedor de Computadoras, Laptops, Servidores, Monitores, Puntos de Venta, Teclados,   Impresoras, T\u00f3ner, C\u00e1maras de Seguridad y m\u00e1s en tu tienda en l\u00ednea\",\"publisher\":{\"@id\":\"https:\/\/compuviper.mx\/tienda\/#organization\"},\"potentialAction\":[{\"@type\":\"SearchAction\",\"target\":{\"@type\":\"EntryPoint\",\"urlTemplate\":\"https:\/\/compuviper.mx\/tienda\/?s={search_term_string}\"},\"query-input\":\"required name=search_term_string\"}],\"inLanguage\":\"es-MX\"},{\"@type\":\"Organization\",\"@id\":\"https:\/\/compuviper.mx\/tienda\/#organization\",\"name\":\"Compuviper\",\"url\":\"https:\/\/compuviper.mx\/tienda\/\",\"logo\":{\"@type\":\"ImageObject\",\"inLanguage\":\"es-MX\",\"@id\":\"https:\/\/compuviper.mx\/tienda\/#\/schema\/logo\/image\/\",\"url\":\"https:\/\/compuviper.mx\/tienda\/wp-content\/uploads\/2021\/08\/Logo-Compuviper-10.png\",\"contentUrl\":\"https:\/\/compuviper.mx\/tienda\/wp-content\/uploads\/2021\/08\/Logo-Compuviper-10.png\",\"width\":1000,\"height\":500,\"caption\":\"Compuviper\"},\"image\":{\"@id\":\"https:\/\/compuviper.mx\/tienda\/#\/schema\/logo\/image\/\"},\"sameAs\":[\"https:\/\/www.facebook.com\/compuviper\",\"https:\/\/www.youtube.com\/channel\/UCf73dERp9Y3cfOq7q8BhLjA?view_as=subscriber\"]}]}<\/script>\n<meta property=\"product:brand\" content=\"STARTECH.COM\" \/>\n<meta property=\"product:price:amount\" content=\"1550\" \/>\n<meta property=\"product:price:currency\" content=\"MXN\" \/>\n<meta property=\"og:availability\" content=\"instock\" \/>\n<meta property=\"product:availability\" content=\"instock\" \/>\n<meta property=\"product:retailer_item_id\" content=\"ST124HD202\" \/>\n<meta property=\"product:condition\" content=\"new\" \/>\n<!-- \/ Yoast SEO plugin. -->","yoast_head_json":{"title":"[ Startech.com ] &#129351; St124hd202 Splitter Hdmi - De 4 Puertos - 4k 60hz - Divisor Hdmi 1 Entrada 4 Salidas - Splitter Hdmi De 4 Salidas - Divisor De Puertos Hdmi - Mod.","description":"Compra St124hd202 Splitter Hdmi - De 4 Puertos - 4k 60hz - Divisor Hdmi 1 Entrada 4 Salidas - Splitter Hdmi De 4 Salidas - Divisor De Puertos Hdmi - Mod. + Env\u00edo a domicilio + Pago seguro + Garant\u00eda","robots":{"index":"index","follow":"follow","max-snippet":"max-snippet:-1","max-image-preview":"max-image-preview:large","max-video-preview":"max-video-preview:-1"},"canonical":"https:\/\/compuviper.mx\/tienda\/producto\/startech-com-st124hd202-splitter-hdmi-de-4-puertos-4k-60hz-divisor-hdmi-1-entrada-4-salidas-splitter-hdmi-de-4-salidas-divisor-de-puertos-hdmi-mod\/","og_locale":"es_MX","og_type":"article","og_title":"[ Startech.com ] &#129351; St124hd202 Splitter Hdmi - De 4 Puertos - 4k 60hz - Divisor Hdmi 1 Entrada 4 Salidas - Splitter Hdmi De 4 Salidas - Divisor De Puertos Hdmi - Mod.","og_description":"Compra St124hd202 Splitter Hdmi - De 4 Puertos - 4k 60hz - Divisor Hdmi 1 Entrada 4 Salidas - Splitter Hdmi De 4 Salidas - Divisor De Puertos Hdmi - Mod. + Env\u00edo a domicilio + Pago seguro + Garant\u00eda","og_url":"https:\/\/compuviper.mx\/tienda\/producto\/startech-com-st124hd202-splitter-hdmi-de-4-puertos-4k-60hz-divisor-hdmi-1-entrada-4-salidas-splitter-hdmi-de-4-salidas-divisor-de-puertos-hdmi-mod\/","og_site_name":"Compuviper","article_publisher":"https:\/\/www.facebook.com\/compuviper","article_modified_time":"2026-04-07T05:31:30+00:00","og_image":[{"width":200,"height":200,"url":"https:\/\/compuviper.mx\/tienda\/wp-content\/uploads\/2023\/12\/Splitter-hdmi-de-4-puertos-4k-60hz-divisor-hdmi-1-entrada-4-salidas-splitter-hdmi-de-4-salidas-divisor-de-puertos-hdmi-startech.com-mod.-st124hd202.jpg","type":"image\/jpeg"}],"twitter_card":"summary_large_image","twitter_misc":{"Precio":"&#36;1,550 con IVA","Availability":"In stock"},"schema":{"@context":"https:\/\/schema.org","@graph":[{"@type":"WebPage","@id":"https:\/\/compuviper.mx\/tienda\/producto\/startech-com-st124hd202-splitter-hdmi-de-4-puertos-4k-60hz-divisor-hdmi-1-entrada-4-salidas-splitter-hdmi-de-4-salidas-divisor-de-puertos-hdmi-mod\/","url":"https:\/\/compuviper.mx\/tienda\/producto\/startech-com-st124hd202-splitter-hdmi-de-4-puertos-4k-60hz-divisor-hdmi-1-entrada-4-salidas-splitter-hdmi-de-4-salidas-divisor-de-puertos-hdmi-mod\/","name":"[ Startech.com ] &#129351; St124hd202 Splitter Hdmi - De 4 Puertos - 4k 60hz - Divisor Hdmi 1 Entrada 4 Salidas - Splitter Hdmi De 4 Salidas - Divisor De Puertos Hdmi - Mod.","isPartOf":{"@id":"https:\/\/compuviper.mx\/tienda\/#website"},"datePublished":"2026-04-07T05:31:29+00:00","dateModified":"2026-04-07T05:31:30+00:00","description":"Compra St124hd202 Splitter Hdmi - De 4 Puertos - 4k 60hz - Divisor Hdmi 1 Entrada 4 Salidas - Splitter Hdmi De 4 Salidas - Divisor De Puertos Hdmi - Mod. + Env\u00edo a domicilio + Pago seguro + Garant\u00eda","breadcrumb":{"@id":"https:\/\/compuviper.mx\/tienda\/producto\/startech-com-st124hd202-splitter-hdmi-de-4-puertos-4k-60hz-divisor-hdmi-1-entrada-4-salidas-splitter-hdmi-de-4-salidas-divisor-de-puertos-hdmi-mod\/#breadcrumb"},"inLanguage":"es-MX","potentialAction":[{"@type":"ReadAction","target":["https:\/\/compuviper.mx\/tienda\/producto\/startech-com-st124hd202-splitter-hdmi-de-4-puertos-4k-60hz-divisor-hdmi-1-entrada-4-salidas-splitter-hdmi-de-4-salidas-divisor-de-puertos-hdmi-mod\/"]}]},{"@type":"BreadcrumbList","@id":"https:\/\/compuviper.mx\/tienda\/producto\/startech-com-st124hd202-splitter-hdmi-de-4-puertos-4k-60hz-divisor-hdmi-1-entrada-4-salidas-splitter-hdmi-de-4-salidas-divisor-de-puertos-hdmi-mod\/#breadcrumb","itemListElement":[{"@type":"ListItem","position":1,"name":"Inicio","item":"https:\/\/compuviper.mx\/tienda\/"},{"@type":"ListItem","position":2,"name":"Productos","item":"https:\/\/compuviper.mx\/tienda\/productos\/"},{"@type":"ListItem","position":3,"name":"Accesorios","item":"https:\/\/compuviper.mx\/tienda\/categoria-producto\/accesorios\/"},{"@type":"ListItem","position":4,"name":"Conectividad","item":"https:\/\/compuviper.mx\/tienda\/categoria-producto\/accesorios\/conectividad\/"},{"@type":"ListItem","position":5,"name":"Startech.com St124hd202 Splitter Hdmi &#8211; De 4 Puertos &#8211; 4k 60hz &#8211; Divisor Hdmi 1 Entrada 4 Salidas &#8211; Splitter Hdmi De 4 Salidas &#8211; Divisor De Puertos Hdmi &#8211; Mod."}]},{"@type":"WebSite","@id":"https:\/\/compuviper.mx\/tienda\/#website","url":"https:\/\/compuviper.mx\/tienda\/","name":"Compuviper","description":"Proveedor de Computadoras, Laptops, Servidores, Monitores, Puntos de Venta, Teclados,   Impresoras, T\u00f3ner, C\u00e1maras de Seguridad y m\u00e1s en tu tienda en l\u00ednea","publisher":{"@id":"https:\/\/compuviper.mx\/tienda\/#organization"},"potentialAction":[{"@type":"SearchAction","target":{"@type":"EntryPoint","urlTemplate":"https:\/\/compuviper.mx\/tienda\/?s={search_term_string}"},"query-input":"required name=search_term_string"}],"inLanguage":"es-MX"},{"@type":"Organization","@id":"https:\/\/compuviper.mx\/tienda\/#organization","name":"Compuviper","url":"https:\/\/compuviper.mx\/tienda\/","logo":{"@type":"ImageObject","inLanguage":"es-MX","@id":"https:\/\/compuviper.mx\/tienda\/#\/schema\/logo\/image\/","url":"https:\/\/compuviper.mx\/tienda\/wp-content\/uploads\/2021\/08\/Logo-Compuviper-10.png","contentUrl":"https:\/\/compuviper.mx\/tienda\/wp-content\/uploads\/2021\/08\/Logo-Compuviper-10.png","width":1000,"height":500,"caption":"Compuviper"},"image":{"@id":"https:\/\/compuviper.mx\/tienda\/#\/schema\/logo\/image\/"},"sameAs":["https:\/\/www.facebook.com\/compuviper","https:\/\/www.youtube.com\/channel\/UCf73dERp9Y3cfOq7q8BhLjA?view_as=subscriber"]}]},"product_brand":"STARTECH.COM","product_price_amount":"1550","product_price_currency":"MXN","og_availability":"instock","product_availability":"instock","product_retailer_item_id":"ST124HD202","product_condition":"new"},"_links":{"self":[{"href":"https:\/\/compuviper.mx\/tienda\/wp-json\/wp\/v2\/product\/212361"}],"collection":[{"href":"https:\/\/compuviper.mx\/tienda\/wp-json\/wp\/v2\/product"}],"about":[{"href":"https:\/\/compuviper.mx\/tienda\/wp-json\/wp\/v2\/types\/product"}],"replies":[{"embeddable":true,"href":"https:\/\/compuviper.mx\/tienda\/wp-json\/wp\/v2\/comments?post=212361"}],"wp:featuredmedia":[{"embeddable":true,"href":"https:\/\/compuviper.mx\/tienda\/wp-json\/wp\/v2\/media\/212362"}],"wp:attachment":[{"href":"https:\/\/compuviper.mx\/tienda\/wp-json\/wp\/v2\/media?parent=212361"}],"wp:term":[{"taxonomy":"product_cat","embeddable":true,"href":"https:\/\/compuviper.mx\/tienda\/wp-json\/wp\/v2\/product_cat?post=212361"},{"taxonomy":"product_tag","embeddable":true,"href":"https:\/\/compuviper.mx\/tienda\/wp-json\/wp\/v2\/product_tag?post=212361"}],"curies":[{"name":"wp","href":"https:\/\/api.w.org\/{rel}","templated":true}]}}