{"id":212351,"date":"2026-04-01T23:31:14","date_gmt":"2026-04-02T05:31:14","guid":{"rendered":"https:\/\/compuviper.mx\/tienda\/producto\/startech-com-satdocku3s-base-dock-de-1-bahia-usb-3-0-para-discos-duros-hdd-sata-de-2-5-y-3-5-pulgadas-mod\/"},"modified":"2026-04-01T23:31:14","modified_gmt":"2026-04-02T05:31:14","slug":"startech-com-satdocku3s-base-dock-de-1-bahia-usb-3-0-para-discos-duros-hdd-sata-de-2-5-y-3-5-pulgadas-mod","status":"publish","type":"product","link":"https:\/\/compuviper.mx\/tienda\/producto\/startech-com-satdocku3s-base-dock-de-1-bahia-usb-3-0-para-discos-duros-hdd-sata-de-2-5-y-3-5-pulgadas-mod\/","title":{"rendered":"Startech.com Satdocku3s Base Dock De 1 Bahia Usb 3.0 Para Discos Duros Hdd Sata De 2.5 Y 3.5 Pulgadas &#8211;  Mod."},"content":{"rendered":"<table class=\"descripcion\">\n<tr>\n<td>Hardware<\/td>\n<\/tr>\n<tr>\n<td>Cantidad de unidades : 1<\/td>\n<\/tr>\n<tr>\n<td>Id del conjunto de chips : asmedia &#8211; asm1053<\/td>\n<\/tr>\n<tr>\n<td>Interfaz : usb 3.0<\/td>\n<\/tr>\n<tr>\n<td>Tama\u00f1o de la unidad : 2.5in  and  3.5in<\/td>\n<\/tr>\n<tr>\n<td>Unidades compatibles : sata<\/td>\n<\/tr>\n<tr>\n<td>Ventilador(es) : no<\/td>\n<\/tr>\n<tr>\n<td>Indicadores<\/td>\n<\/tr>\n<tr>\n<td>Indicadores led : encendido y actividad (fijo &#8211; encendido, intermitente &#8211; actividad)<\/td>\n<\/tr>\n<tr>\n<td>Rendimiento<\/td>\n<\/tr>\n<tr>\n<td>Capacidad m\u00e1xima de la unidad : hasta el momento ha sido probado con discos duros 3.5 de hasta 4tb de 5400 rpm y con discos duros 2.5 de 1tb de 5400 rpm<\/td>\n<\/tr>\n<tr>\n<td>Compatibilidad con uasp : no<\/td>\n<\/tr>\n<tr>\n<td>\u00edndice de inserci\u00f3n : 15.000 ciclos<\/td>\n<\/tr>\n<tr>\n<td>Tipo y velocidad : sata ii (3 gbps)<\/td>\n<\/tr>\n<tr>\n<td>Tipo y velocidad : usb 2.0 &#8211; 480 mbit\/s<\/td>\n<\/tr>\n<tr>\n<td>Tipo y velocidad : usb 3.0 &#8211; 5 gbit\/s<\/td>\n<\/tr>\n<tr>\n<td>Conector(es)<\/td>\n<\/tr>\n<tr>\n<td>Conectores del host : usb type-b (9 pines) usb 3.0<\/td>\n<\/tr>\n<tr>\n<td>Conectores de la unidad : combinaci\u00f3n de alimentaci\u00f3n y datos por sata (7+15 pines)<\/td>\n<\/tr>\n<tr>\n<td>Caracter\u00edsticas f\u00edsicas<\/td>\n<\/tr>\n<tr>\n<td>Tipo de gabinete : pl\u00e1stico<\/td>\n<\/tr>\n<tr>\n<td>Peso del producto : 392 g<\/td>\n<\/tr>\n<tr>\n<td>Longitud del producto : 14.5 cm<\/td>\n<\/tr>\n<tr>\n<td>Color : negro<\/td>\n<\/tr>\n<tr>\n<td>Ancho del producto : 93 mm<\/td>\n<\/tr>\n<tr>\n<td>Altura del producto : 6.5 cm<\/td>\n<\/tr>\n<\/table>\n","protected":false},"excerpt":{"rendered":"<p>El docking station\u00a0para discos duros usb 3.0, satdocku3s ofrece acceso inmediato a cualquier disco duro o ssd sata (sata, sata ii, sata iii) de 2.5 o 3.5 pulgadas sin necesidad de instalar el disco en una computadora\u00a0ni de colocarlo en un\u00a0gabinete\u00a0externo. Se pueden utilizar unidades de gran capacidad (probado con discos de 3.5 de hasta 4tb y de 2.5 de 1tb) para mejorar significativamente las funciones de almacenamiento o para realizar copias de seguridad de su computadora. Cuando est\u00e1 conectada a una computadora\u00a0host a trav\u00e9s de una \u00fanica conexi\u00f3n usb 3.0 superspeed o usb 2.0, la estaci\u00f3n de acoplamiento para discos duros brinda una soluci\u00f3n de almacenamiento plug-and-play muy conveniente que ofrece acceso instant\u00e1neo al disco duro sin necesidad de reiniciar el equipo. Para garantizar la compatibilidad con su sistema inform\u00e1tico, el modelo satdocku3s es compatible con todos los sistemas operativos principales, incluyendo: microsoft windows, apple osx, linux y google chrome os.<\/p>\n","protected":false},"featured_media":212352,"comment_status":"open","ping_status":"open","template":"","meta":[],"product_cat":[1485,1506],"product_tag":[1590],"acf":[],"yoast_head":"<!-- This site is optimized with the Yoast SEO plugin v21.7 - https:\/\/yoast.com\/wordpress\/plugins\/seo\/ -->\n<title>[ Startech.com ] &#129351; Satdocku3s Base Dock De 1 Bahia Usb 3.0 Para Discos Duros Hdd Sata De 2.5 Y 3.5 Pulgadas - Mod.<\/title>\n<meta name=\"description\" content=\"Compra Satdocku3s Base Dock De 1 Bahia Usb 3.0 Para Discos Duros Hdd Sata De 2.5 Y 3.5 Pulgadas - Mod. + Env\u00edo a domicilio + Pago seguro + Garant\u00eda\" \/>\n<meta name=\"robots\" content=\"index, follow, max-snippet:-1, max-image-preview:large, max-video-preview:-1\" \/>\n<link rel=\"canonical\" href=\"https:\/\/compuviper.mx\/tienda\/producto\/startech-com-satdocku3s-base-dock-de-1-bahia-usb-3-0-para-discos-duros-hdd-sata-de-2-5-y-3-5-pulgadas-mod\/\" \/>\n<meta property=\"og:locale\" content=\"es_MX\" \/>\n<meta property=\"og:type\" content=\"article\" \/>\n<meta property=\"og:title\" content=\"[ Startech.com ] &#129351; Satdocku3s Base Dock De 1 Bahia Usb 3.0 Para Discos Duros Hdd Sata De 2.5 Y 3.5 Pulgadas - Mod.\" \/>\n<meta property=\"og:description\" content=\"Compra Satdocku3s Base Dock De 1 Bahia Usb 3.0 Para Discos Duros Hdd Sata De 2.5 Y 3.5 Pulgadas - Mod. + Env\u00edo a domicilio + Pago seguro + Garant\u00eda\" \/>\n<meta property=\"og:url\" content=\"https:\/\/compuviper.mx\/tienda\/producto\/startech-com-satdocku3s-base-dock-de-1-bahia-usb-3-0-para-discos-duros-hdd-sata-de-2-5-y-3-5-pulgadas-mod\/\" \/>\n<meta property=\"og:site_name\" content=\"Compuviper\" \/>\n<meta property=\"article:publisher\" content=\"https:\/\/www.facebook.com\/compuviper\" \/>\n<meta property=\"og:image\" content=\"https:\/\/compuviper.mx\/tienda\/wp-content\/uploads\/2023\/12\/Base-dock-de-1-bahia-usb-3.0-para-discos-duros-hdd-sata-de-2.5-y-3.5-pulgadas-startech.com-mod.-satdocku3s.jpg\" \/>\n\t<meta property=\"og:image:width\" content=\"200\" \/>\n\t<meta property=\"og:image:height\" content=\"200\" \/>\n\t<meta property=\"og:image:type\" content=\"image\/jpeg\" \/>\n<meta name=\"twitter:card\" content=\"summary_large_image\" \/>\n<meta name=\"twitter:label1\" content=\"Precio\" \/>\n\t<meta name=\"twitter:data1\" content=\"&#36;1,213 con IVA\" \/>\n\t<meta name=\"twitter:label2\" content=\"Availability\" \/>\n\t<meta name=\"twitter:data2\" content=\"Out of stock\" \/>\n<script type=\"application\/ld+json\" class=\"yoast-schema-graph\">{\"@context\":\"https:\/\/schema.org\",\"@graph\":[{\"@type\":\"WebPage\",\"@id\":\"https:\/\/compuviper.mx\/tienda\/producto\/startech-com-satdocku3s-base-dock-de-1-bahia-usb-3-0-para-discos-duros-hdd-sata-de-2-5-y-3-5-pulgadas-mod\/\",\"url\":\"https:\/\/compuviper.mx\/tienda\/producto\/startech-com-satdocku3s-base-dock-de-1-bahia-usb-3-0-para-discos-duros-hdd-sata-de-2-5-y-3-5-pulgadas-mod\/\",\"name\":\"[ Startech.com ] &#129351; Satdocku3s Base Dock De 1 Bahia Usb 3.0 Para Discos Duros Hdd Sata De 2.5 Y 3.5 Pulgadas - Mod.\",\"isPartOf\":{\"@id\":\"https:\/\/compuviper.mx\/tienda\/#website\"},\"datePublished\":\"2026-04-02T05:31:14+00:00\",\"dateModified\":\"2026-04-02T05:31:14+00:00\",\"description\":\"Compra Satdocku3s Base Dock De 1 Bahia Usb 3.0 Para Discos Duros Hdd Sata De 2.5 Y 3.5 Pulgadas - Mod. + Env\u00edo a domicilio + Pago seguro + Garant\u00eda\",\"breadcrumb\":{\"@id\":\"https:\/\/compuviper.mx\/tienda\/producto\/startech-com-satdocku3s-base-dock-de-1-bahia-usb-3-0-para-discos-duros-hdd-sata-de-2-5-y-3-5-pulgadas-mod\/#breadcrumb\"},\"inLanguage\":\"es-MX\",\"potentialAction\":[{\"@type\":\"ReadAction\",\"target\":[\"https:\/\/compuviper.mx\/tienda\/producto\/startech-com-satdocku3s-base-dock-de-1-bahia-usb-3-0-para-discos-duros-hdd-sata-de-2-5-y-3-5-pulgadas-mod\/\"]}]},{\"@type\":\"BreadcrumbList\",\"@id\":\"https:\/\/compuviper.mx\/tienda\/producto\/startech-com-satdocku3s-base-dock-de-1-bahia-usb-3-0-para-discos-duros-hdd-sata-de-2-5-y-3-5-pulgadas-mod\/#breadcrumb\",\"itemListElement\":[{\"@type\":\"ListItem\",\"position\":1,\"name\":\"Inicio\",\"item\":\"https:\/\/compuviper.mx\/tienda\/\"},{\"@type\":\"ListItem\",\"position\":2,\"name\":\"Productos\",\"item\":\"https:\/\/compuviper.mx\/tienda\/productos\/\"},{\"@type\":\"ListItem\",\"position\":3,\"name\":\"Accesorios\",\"item\":\"https:\/\/compuviper.mx\/tienda\/categoria-producto\/accesorios\/\"},{\"@type\":\"ListItem\",\"position\":4,\"name\":\"Conectividad\",\"item\":\"https:\/\/compuviper.mx\/tienda\/categoria-producto\/accesorios\/conectividad\/\"},{\"@type\":\"ListItem\",\"position\":5,\"name\":\"Startech.com Satdocku3s Base Dock De 1 Bahia Usb 3.0 Para Discos Duros Hdd Sata De 2.5 Y 3.5 Pulgadas &#8211; Mod.\"}]},{\"@type\":\"WebSite\",\"@id\":\"https:\/\/compuviper.mx\/tienda\/#website\",\"url\":\"https:\/\/compuviper.mx\/tienda\/\",\"name\":\"Compuviper\",\"description\":\"Proveedor de Computadoras, Laptops, Servidores, Monitores, Puntos de Venta, Teclados,   Impresoras, T\u00f3ner, C\u00e1maras de Seguridad y m\u00e1s en tu tienda en l\u00ednea\",\"publisher\":{\"@id\":\"https:\/\/compuviper.mx\/tienda\/#organization\"},\"potentialAction\":[{\"@type\":\"SearchAction\",\"target\":{\"@type\":\"EntryPoint\",\"urlTemplate\":\"https:\/\/compuviper.mx\/tienda\/?s={search_term_string}\"},\"query-input\":\"required name=search_term_string\"}],\"inLanguage\":\"es-MX\"},{\"@type\":\"Organization\",\"@id\":\"https:\/\/compuviper.mx\/tienda\/#organization\",\"name\":\"Compuviper\",\"url\":\"https:\/\/compuviper.mx\/tienda\/\",\"logo\":{\"@type\":\"ImageObject\",\"inLanguage\":\"es-MX\",\"@id\":\"https:\/\/compuviper.mx\/tienda\/#\/schema\/logo\/image\/\",\"url\":\"https:\/\/compuviper.mx\/tienda\/wp-content\/uploads\/2021\/08\/Logo-Compuviper-10.png\",\"contentUrl\":\"https:\/\/compuviper.mx\/tienda\/wp-content\/uploads\/2021\/08\/Logo-Compuviper-10.png\",\"width\":1000,\"height\":500,\"caption\":\"Compuviper\"},\"image\":{\"@id\":\"https:\/\/compuviper.mx\/tienda\/#\/schema\/logo\/image\/\"},\"sameAs\":[\"https:\/\/www.facebook.com\/compuviper\",\"https:\/\/www.youtube.com\/channel\/UCf73dERp9Y3cfOq7q8BhLjA?view_as=subscriber\"]}]}<\/script>\n<meta property=\"product:brand\" content=\"STARTECH.COM\" \/>\n<meta property=\"product:price:amount\" content=\"1213\" \/>\n<meta property=\"product:price:currency\" content=\"MXN\" \/>\n<meta property=\"og:availability\" content=\"out of stock\" \/>\n<meta property=\"product:availability\" content=\"out of stock\" \/>\n<meta property=\"product:retailer_item_id\" content=\"SATDOCKU3S\" \/>\n<meta property=\"product:condition\" content=\"new\" \/>\n<!-- \/ Yoast SEO plugin. -->","yoast_head_json":{"title":"[ Startech.com ] &#129351; Satdocku3s Base Dock De 1 Bahia Usb 3.0 Para Discos Duros Hdd Sata De 2.5 Y 3.5 Pulgadas - Mod.","description":"Compra Satdocku3s Base Dock De 1 Bahia Usb 3.0 Para Discos Duros Hdd Sata De 2.5 Y 3.5 Pulgadas - Mod. + Env\u00edo a domicilio + Pago seguro + Garant\u00eda","robots":{"index":"index","follow":"follow","max-snippet":"max-snippet:-1","max-image-preview":"max-image-preview:large","max-video-preview":"max-video-preview:-1"},"canonical":"https:\/\/compuviper.mx\/tienda\/producto\/startech-com-satdocku3s-base-dock-de-1-bahia-usb-3-0-para-discos-duros-hdd-sata-de-2-5-y-3-5-pulgadas-mod\/","og_locale":"es_MX","og_type":"article","og_title":"[ Startech.com ] &#129351; Satdocku3s Base Dock De 1 Bahia Usb 3.0 Para Discos Duros Hdd Sata De 2.5 Y 3.5 Pulgadas - Mod.","og_description":"Compra Satdocku3s Base Dock De 1 Bahia Usb 3.0 Para Discos Duros Hdd Sata De 2.5 Y 3.5 Pulgadas - Mod. + Env\u00edo a domicilio + Pago seguro + Garant\u00eda","og_url":"https:\/\/compuviper.mx\/tienda\/producto\/startech-com-satdocku3s-base-dock-de-1-bahia-usb-3-0-para-discos-duros-hdd-sata-de-2-5-y-3-5-pulgadas-mod\/","og_site_name":"Compuviper","article_publisher":"https:\/\/www.facebook.com\/compuviper","og_image":[{"width":200,"height":200,"url":"https:\/\/compuviper.mx\/tienda\/wp-content\/uploads\/2023\/12\/Base-dock-de-1-bahia-usb-3.0-para-discos-duros-hdd-sata-de-2.5-y-3.5-pulgadas-startech.com-mod.-satdocku3s.jpg","type":"image\/jpeg"}],"twitter_card":"summary_large_image","twitter_misc":{"Precio":"&#36;1,213 con IVA","Availability":"Out of stock"},"schema":{"@context":"https:\/\/schema.org","@graph":[{"@type":"WebPage","@id":"https:\/\/compuviper.mx\/tienda\/producto\/startech-com-satdocku3s-base-dock-de-1-bahia-usb-3-0-para-discos-duros-hdd-sata-de-2-5-y-3-5-pulgadas-mod\/","url":"https:\/\/compuviper.mx\/tienda\/producto\/startech-com-satdocku3s-base-dock-de-1-bahia-usb-3-0-para-discos-duros-hdd-sata-de-2-5-y-3-5-pulgadas-mod\/","name":"[ Startech.com ] &#129351; Satdocku3s Base Dock De 1 Bahia Usb 3.0 Para Discos Duros Hdd Sata De 2.5 Y 3.5 Pulgadas - Mod.","isPartOf":{"@id":"https:\/\/compuviper.mx\/tienda\/#website"},"datePublished":"2026-04-02T05:31:14+00:00","dateModified":"2026-04-02T05:31:14+00:00","description":"Compra Satdocku3s Base Dock De 1 Bahia Usb 3.0 Para Discos Duros Hdd Sata De 2.5 Y 3.5 Pulgadas - Mod. + Env\u00edo a domicilio + Pago seguro + Garant\u00eda","breadcrumb":{"@id":"https:\/\/compuviper.mx\/tienda\/producto\/startech-com-satdocku3s-base-dock-de-1-bahia-usb-3-0-para-discos-duros-hdd-sata-de-2-5-y-3-5-pulgadas-mod\/#breadcrumb"},"inLanguage":"es-MX","potentialAction":[{"@type":"ReadAction","target":["https:\/\/compuviper.mx\/tienda\/producto\/startech-com-satdocku3s-base-dock-de-1-bahia-usb-3-0-para-discos-duros-hdd-sata-de-2-5-y-3-5-pulgadas-mod\/"]}]},{"@type":"BreadcrumbList","@id":"https:\/\/compuviper.mx\/tienda\/producto\/startech-com-satdocku3s-base-dock-de-1-bahia-usb-3-0-para-discos-duros-hdd-sata-de-2-5-y-3-5-pulgadas-mod\/#breadcrumb","itemListElement":[{"@type":"ListItem","position":1,"name":"Inicio","item":"https:\/\/compuviper.mx\/tienda\/"},{"@type":"ListItem","position":2,"name":"Productos","item":"https:\/\/compuviper.mx\/tienda\/productos\/"},{"@type":"ListItem","position":3,"name":"Accesorios","item":"https:\/\/compuviper.mx\/tienda\/categoria-producto\/accesorios\/"},{"@type":"ListItem","position":4,"name":"Conectividad","item":"https:\/\/compuviper.mx\/tienda\/categoria-producto\/accesorios\/conectividad\/"},{"@type":"ListItem","position":5,"name":"Startech.com Satdocku3s Base Dock De 1 Bahia Usb 3.0 Para Discos Duros Hdd Sata De 2.5 Y 3.5 Pulgadas &#8211; Mod."}]},{"@type":"WebSite","@id":"https:\/\/compuviper.mx\/tienda\/#website","url":"https:\/\/compuviper.mx\/tienda\/","name":"Compuviper","description":"Proveedor de Computadoras, Laptops, Servidores, Monitores, Puntos de Venta, Teclados,   Impresoras, T\u00f3ner, C\u00e1maras de Seguridad y m\u00e1s en tu tienda en l\u00ednea","publisher":{"@id":"https:\/\/compuviper.mx\/tienda\/#organization"},"potentialAction":[{"@type":"SearchAction","target":{"@type":"EntryPoint","urlTemplate":"https:\/\/compuviper.mx\/tienda\/?s={search_term_string}"},"query-input":"required name=search_term_string"}],"inLanguage":"es-MX"},{"@type":"Organization","@id":"https:\/\/compuviper.mx\/tienda\/#organization","name":"Compuviper","url":"https:\/\/compuviper.mx\/tienda\/","logo":{"@type":"ImageObject","inLanguage":"es-MX","@id":"https:\/\/compuviper.mx\/tienda\/#\/schema\/logo\/image\/","url":"https:\/\/compuviper.mx\/tienda\/wp-content\/uploads\/2021\/08\/Logo-Compuviper-10.png","contentUrl":"https:\/\/compuviper.mx\/tienda\/wp-content\/uploads\/2021\/08\/Logo-Compuviper-10.png","width":1000,"height":500,"caption":"Compuviper"},"image":{"@id":"https:\/\/compuviper.mx\/tienda\/#\/schema\/logo\/image\/"},"sameAs":["https:\/\/www.facebook.com\/compuviper","https:\/\/www.youtube.com\/channel\/UCf73dERp9Y3cfOq7q8BhLjA?view_as=subscriber"]}]},"product_brand":"STARTECH.COM","product_price_amount":"1213","product_price_currency":"MXN","og_availability":"out of stock","product_availability":"out of stock","product_retailer_item_id":"SATDOCKU3S","product_condition":"new"},"_links":{"self":[{"href":"https:\/\/compuviper.mx\/tienda\/wp-json\/wp\/v2\/product\/212351"}],"collection":[{"href":"https:\/\/compuviper.mx\/tienda\/wp-json\/wp\/v2\/product"}],"about":[{"href":"https:\/\/compuviper.mx\/tienda\/wp-json\/wp\/v2\/types\/product"}],"replies":[{"embeddable":true,"href":"https:\/\/compuviper.mx\/tienda\/wp-json\/wp\/v2\/comments?post=212351"}],"wp:featuredmedia":[{"embeddable":true,"href":"https:\/\/compuviper.mx\/tienda\/wp-json\/wp\/v2\/media\/212352"}],"wp:attachment":[{"href":"https:\/\/compuviper.mx\/tienda\/wp-json\/wp\/v2\/media?parent=212351"}],"wp:term":[{"taxonomy":"product_cat","embeddable":true,"href":"https:\/\/compuviper.mx\/tienda\/wp-json\/wp\/v2\/product_cat?post=212351"},{"taxonomy":"product_tag","embeddable":true,"href":"https:\/\/compuviper.mx\/tienda\/wp-json\/wp\/v2\/product_tag?post=212351"}],"curies":[{"name":"wp","href":"https:\/\/api.w.org\/{rel}","templated":true}]}}