{"id":212343,"date":"2026-04-01T23:31:12","date_gmt":"2026-04-02T05:31:12","guid":{"rendered":"https:\/\/compuviper.mx\/tienda\/producto\/startech-com-usb32vgaes-adaptador-de-video-externo-convertidor-usb-3-0-a-vga-cable-compacto-1920x1200-1080p-solo-windows-mod\/"},"modified":"2026-04-01T23:31:12","modified_gmt":"2026-04-02T05:31:12","slug":"startech-com-usb32vgaes-adaptador-de-video-externo-convertidor-usb-3-0-a-vga-cable-compacto-1920x1200-1080p-solo-windows-mod","status":"publish","type":"product","link":"https:\/\/compuviper.mx\/tienda\/producto\/startech-com-usb32vgaes-adaptador-de-video-externo-convertidor-usb-3-0-a-vga-cable-compacto-1920x1200-1080p-solo-windows-mod\/","title":{"rendered":"Startech.com Usb32vgaes Adaptador De Video Externo &#8211; Convertidor Usb 3.0 A Vga &#8211; Cable Compacto &#8211; 1920&#215;1200 \/ 1080p &#8211; Solo Windows &#8211;  Mod."},"content":{"rendered":"<table class=\"descripcion\">\n<tr>\n<td>Hardware<\/td>\n<\/tr>\n<tr>\n<td>Cantidad de puertos : 1<\/td>\n<\/tr>\n<tr>\n<td>Entrada a\/v : usb 3.0<\/td>\n<\/tr>\n<tr>\n<td>Id del conjunto de chips : trigger &#8211; t5-302<\/td>\n<\/tr>\n<tr>\n<td>Memoria : 16mb<\/td>\n<\/tr>\n<tr>\n<td>Salida a\/v : vga<\/td>\n<\/tr>\n<tr>\n<td>Usb 3.0 pass through : no<\/td>\n<\/tr>\n<tr>\n<td>Rendimiento<\/td>\n<\/tr>\n<tr>\n<td>Pantalla plana soportada : s\u00ed<\/td>\n<\/tr>\n<tr>\n<td>Resoluci\u00f3n anal\u00f3gica m\u00e1xima : 1920&#215;1200\/1080p<\/td>\n<\/tr>\n<tr>\n<td>Resoluciones  admitidas : widescreen(16\/32 bit):<\/td>\n<\/tr>\n<tr>\n<td>1920&#215;1200, 1920&#215;1080, 1680&#215;1050, 1600&#215;900, 1440&#215;900, 1360&#215;768, 1280&#215;800, 1280&#215;768, 1280&#215;720<\/td>\n<\/tr>\n<tr>\n<td>Standard(16\/32 bit):<\/td>\n<\/tr>\n<tr>\n<td>1600&#215;1200, 1400&#215;1050, 1280&#215;1024, 1280&#215;960, 1152&#215;864, 1024&#215;768, 800&#215;600<\/td>\n<\/tr>\n<tr>\n<td>Conector(es)<\/td>\n<\/tr>\n<tr>\n<td>Conector b : vga (15 pines, d-sub de alta densidad)<\/td>\n<\/tr>\n<tr>\n<td>Conector a : usb type-a (9 pines) usb 3.0<\/td>\n<\/tr>\n<tr>\n<td>Caracter\u00edsticas f\u00edsicas<\/td>\n<\/tr>\n<tr>\n<td>Tipo de gabinete : pl\u00e1stico<\/td>\n<\/tr>\n<tr>\n<td>Peso del producto : 25 g<\/td>\n<\/tr>\n<tr>\n<td>Longitud del producto : 19 cm<\/td>\n<\/tr>\n<tr>\n<td>Longitud del cable : 62 mm<\/td>\n<\/tr>\n<tr>\n<td>Color : negro<\/td>\n<\/tr>\n<tr>\n<td>Ancho del producto : 25 mm<\/td>\n<\/tr>\n<tr>\n<td>Altura del producto : 1.2 cm<\/td>\n<\/tr>\n<\/table>\n","protected":false},"excerpt":{"rendered":"<p>El adaptador compacto usb 3.0 a vga, modelo usb32vgaes, convierte un puerto usb 3.0 en un puerto de salida vga con soporte para video de 1920&#215;1200\/1080p. Al funcionar como una tarjeta de video\u00a0externa, este adaptador usb a vga ofrece una manera pr\u00e1ctica de a\u00f1adir capacidad multimonitor a un pc de escritorio\u00a0o port\u00e1til con puerto usb 3.0 disponible (rendimiento \u00f3ptimo con usb 3.0, retrocompatible con usb 2.0). Para ahorrar espacio al viajar,\u00a0este adaptador usb a vga ultraport\u00e1til, tiene un dise\u00f1o de huella peque\u00f1a y de poco peso que cabe f\u00e1cilmente en un malet\u00edn para port\u00e1til. Al aprovechar la interfaz superspeed usb 3.0 de alto ancho de banda (5 gbps), el adaptador entrega contenido fluido de alta definici\u00f3n a su proyector u monitor vga. El modelo usb32vgaes cuenta con soporte t\u00e9cnico gratuito de por vida.<\/p>\n","protected":false},"featured_media":212344,"comment_status":"open","ping_status":"open","template":"","meta":[],"product_cat":[1485,1492],"product_tag":[1590],"acf":[],"yoast_head":"<!-- This site is optimized with the Yoast SEO plugin v21.7 - https:\/\/yoast.com\/wordpress\/plugins\/seo\/ -->\n<title>[ Startech.com ] &#129351; Usb32vgaes Adaptador De Video Externo - Convertidor Usb 3.0 A Vga - Cable Compacto - 1920x1200 \/ 1080p - Solo Windows - Mod.<\/title>\n<meta name=\"description\" content=\"Compra Usb32vgaes Adaptador De Video Externo - Convertidor Usb 3.0 A Vga - Cable Compacto - 1920x1200 \/ 1080p - Solo Windows - Mod. + Env\u00edo a domicilio + Pago seguro + Garant\u00eda\" \/>\n<meta name=\"robots\" content=\"index, follow, max-snippet:-1, max-image-preview:large, max-video-preview:-1\" \/>\n<link rel=\"canonical\" href=\"https:\/\/compuviper.mx\/tienda\/producto\/startech-com-usb32vgaes-adaptador-de-video-externo-convertidor-usb-3-0-a-vga-cable-compacto-1920x1200-1080p-solo-windows-mod\/\" \/>\n<meta property=\"og:locale\" content=\"es_MX\" \/>\n<meta property=\"og:type\" content=\"article\" \/>\n<meta property=\"og:title\" content=\"[ Startech.com ] &#129351; Usb32vgaes Adaptador De Video Externo - Convertidor Usb 3.0 A Vga - Cable Compacto - 1920x1200 \/ 1080p - Solo Windows - Mod.\" \/>\n<meta property=\"og:description\" content=\"Compra Usb32vgaes Adaptador De Video Externo - Convertidor Usb 3.0 A Vga - Cable Compacto - 1920x1200 \/ 1080p - Solo Windows - Mod. + Env\u00edo a domicilio + Pago seguro + Garant\u00eda\" \/>\n<meta property=\"og:url\" content=\"https:\/\/compuviper.mx\/tienda\/producto\/startech-com-usb32vgaes-adaptador-de-video-externo-convertidor-usb-3-0-a-vga-cable-compacto-1920x1200-1080p-solo-windows-mod\/\" \/>\n<meta property=\"og:site_name\" content=\"Compuviper\" \/>\n<meta property=\"article:publisher\" content=\"https:\/\/www.facebook.com\/compuviper\" \/>\n<meta property=\"og:image\" content=\"https:\/\/compuviper.mx\/tienda\/wp-content\/uploads\/2023\/12\/Adaptador-de-video-externo-convertidor-usb-3.0-a-vga-cable-compacto-1920x1200-1080p-solo-windows-startech.com-mod.-usb32vgaes.jpg\" \/>\n\t<meta property=\"og:image:width\" content=\"200\" \/>\n\t<meta property=\"og:image:height\" content=\"200\" \/>\n\t<meta property=\"og:image:type\" content=\"image\/jpeg\" \/>\n<meta name=\"twitter:card\" content=\"summary_large_image\" \/>\n<meta name=\"twitter:label1\" content=\"Precio\" \/>\n\t<meta name=\"twitter:data1\" content=\"&#36;563 con IVA\" \/>\n\t<meta name=\"twitter:label2\" content=\"Availability\" \/>\n\t<meta name=\"twitter:data2\" content=\"Out of stock\" \/>\n<script type=\"application\/ld+json\" class=\"yoast-schema-graph\">{\"@context\":\"https:\/\/schema.org\",\"@graph\":[{\"@type\":\"WebPage\",\"@id\":\"https:\/\/compuviper.mx\/tienda\/producto\/startech-com-usb32vgaes-adaptador-de-video-externo-convertidor-usb-3-0-a-vga-cable-compacto-1920x1200-1080p-solo-windows-mod\/\",\"url\":\"https:\/\/compuviper.mx\/tienda\/producto\/startech-com-usb32vgaes-adaptador-de-video-externo-convertidor-usb-3-0-a-vga-cable-compacto-1920x1200-1080p-solo-windows-mod\/\",\"name\":\"[ Startech.com ] &#129351; Usb32vgaes Adaptador De Video Externo - Convertidor Usb 3.0 A Vga - Cable Compacto - 1920x1200 \/ 1080p - Solo Windows - Mod.\",\"isPartOf\":{\"@id\":\"https:\/\/compuviper.mx\/tienda\/#website\"},\"datePublished\":\"2026-04-02T05:31:12+00:00\",\"dateModified\":\"2026-04-02T05:31:12+00:00\",\"description\":\"Compra Usb32vgaes Adaptador De Video Externo - Convertidor Usb 3.0 A Vga - Cable Compacto - 1920x1200 \/ 1080p - Solo Windows - Mod. + Env\u00edo a domicilio + Pago seguro + Garant\u00eda\",\"breadcrumb\":{\"@id\":\"https:\/\/compuviper.mx\/tienda\/producto\/startech-com-usb32vgaes-adaptador-de-video-externo-convertidor-usb-3-0-a-vga-cable-compacto-1920x1200-1080p-solo-windows-mod\/#breadcrumb\"},\"inLanguage\":\"es-MX\",\"potentialAction\":[{\"@type\":\"ReadAction\",\"target\":[\"https:\/\/compuviper.mx\/tienda\/producto\/startech-com-usb32vgaes-adaptador-de-video-externo-convertidor-usb-3-0-a-vga-cable-compacto-1920x1200-1080p-solo-windows-mod\/\"]}]},{\"@type\":\"BreadcrumbList\",\"@id\":\"https:\/\/compuviper.mx\/tienda\/producto\/startech-com-usb32vgaes-adaptador-de-video-externo-convertidor-usb-3-0-a-vga-cable-compacto-1920x1200-1080p-solo-windows-mod\/#breadcrumb\",\"itemListElement\":[{\"@type\":\"ListItem\",\"position\":1,\"name\":\"Inicio\",\"item\":\"https:\/\/compuviper.mx\/tienda\/\"},{\"@type\":\"ListItem\",\"position\":2,\"name\":\"Productos\",\"item\":\"https:\/\/compuviper.mx\/tienda\/productos\/\"},{\"@type\":\"ListItem\",\"position\":3,\"name\":\"Accesorios\",\"item\":\"https:\/\/compuviper.mx\/tienda\/categoria-producto\/accesorios\/\"},{\"@type\":\"ListItem\",\"position\":4,\"name\":\"Adaptadores\",\"item\":\"https:\/\/compuviper.mx\/tienda\/categoria-producto\/accesorios\/adaptadores\/\"},{\"@type\":\"ListItem\",\"position\":5,\"name\":\"Startech.com Usb32vgaes Adaptador De Video Externo &#8211; Convertidor Usb 3.0 A Vga &#8211; Cable Compacto &#8211; 1920&#215;1200 \/ 1080p &#8211; Solo Windows &#8211; Mod.\"}]},{\"@type\":\"WebSite\",\"@id\":\"https:\/\/compuviper.mx\/tienda\/#website\",\"url\":\"https:\/\/compuviper.mx\/tienda\/\",\"name\":\"Compuviper\",\"description\":\"Proveedor de Computadoras, Laptops, Servidores, Monitores, Puntos de Venta, Teclados,   Impresoras, T\u00f3ner, C\u00e1maras de Seguridad y m\u00e1s en tu tienda en l\u00ednea\",\"publisher\":{\"@id\":\"https:\/\/compuviper.mx\/tienda\/#organization\"},\"potentialAction\":[{\"@type\":\"SearchAction\",\"target\":{\"@type\":\"EntryPoint\",\"urlTemplate\":\"https:\/\/compuviper.mx\/tienda\/?s={search_term_string}\"},\"query-input\":\"required name=search_term_string\"}],\"inLanguage\":\"es-MX\"},{\"@type\":\"Organization\",\"@id\":\"https:\/\/compuviper.mx\/tienda\/#organization\",\"name\":\"Compuviper\",\"url\":\"https:\/\/compuviper.mx\/tienda\/\",\"logo\":{\"@type\":\"ImageObject\",\"inLanguage\":\"es-MX\",\"@id\":\"https:\/\/compuviper.mx\/tienda\/#\/schema\/logo\/image\/\",\"url\":\"https:\/\/compuviper.mx\/tienda\/wp-content\/uploads\/2021\/08\/Logo-Compuviper-10.png\",\"contentUrl\":\"https:\/\/compuviper.mx\/tienda\/wp-content\/uploads\/2021\/08\/Logo-Compuviper-10.png\",\"width\":1000,\"height\":500,\"caption\":\"Compuviper\"},\"image\":{\"@id\":\"https:\/\/compuviper.mx\/tienda\/#\/schema\/logo\/image\/\"},\"sameAs\":[\"https:\/\/www.facebook.com\/compuviper\",\"https:\/\/www.youtube.com\/channel\/UCf73dERp9Y3cfOq7q8BhLjA?view_as=subscriber\"]}]}<\/script>\n<meta property=\"product:brand\" content=\"STARTECH.COM\" \/>\n<meta property=\"product:price:amount\" content=\"563\" \/>\n<meta property=\"product:price:currency\" content=\"MXN\" \/>\n<meta property=\"og:availability\" content=\"out of stock\" \/>\n<meta property=\"product:availability\" content=\"out of stock\" \/>\n<meta property=\"product:retailer_item_id\" content=\"USB32VGAES\" \/>\n<meta property=\"product:condition\" content=\"new\" \/>\n<!-- \/ Yoast SEO plugin. -->","yoast_head_json":{"title":"[ Startech.com ] &#129351; Usb32vgaes Adaptador De Video Externo - Convertidor Usb 3.0 A Vga - Cable Compacto - 1920x1200 \/ 1080p - Solo Windows - Mod.","description":"Compra Usb32vgaes Adaptador De Video Externo - Convertidor Usb 3.0 A Vga - Cable Compacto - 1920x1200 \/ 1080p - Solo Windows - Mod. + Env\u00edo a domicilio + Pago seguro + Garant\u00eda","robots":{"index":"index","follow":"follow","max-snippet":"max-snippet:-1","max-image-preview":"max-image-preview:large","max-video-preview":"max-video-preview:-1"},"canonical":"https:\/\/compuviper.mx\/tienda\/producto\/startech-com-usb32vgaes-adaptador-de-video-externo-convertidor-usb-3-0-a-vga-cable-compacto-1920x1200-1080p-solo-windows-mod\/","og_locale":"es_MX","og_type":"article","og_title":"[ Startech.com ] &#129351; Usb32vgaes Adaptador De Video Externo - Convertidor Usb 3.0 A Vga - Cable Compacto - 1920x1200 \/ 1080p - Solo Windows - Mod.","og_description":"Compra Usb32vgaes Adaptador De Video Externo - Convertidor Usb 3.0 A Vga - Cable Compacto - 1920x1200 \/ 1080p - Solo Windows - Mod. + Env\u00edo a domicilio + Pago seguro + Garant\u00eda","og_url":"https:\/\/compuviper.mx\/tienda\/producto\/startech-com-usb32vgaes-adaptador-de-video-externo-convertidor-usb-3-0-a-vga-cable-compacto-1920x1200-1080p-solo-windows-mod\/","og_site_name":"Compuviper","article_publisher":"https:\/\/www.facebook.com\/compuviper","og_image":[{"width":200,"height":200,"url":"https:\/\/compuviper.mx\/tienda\/wp-content\/uploads\/2023\/12\/Adaptador-de-video-externo-convertidor-usb-3.0-a-vga-cable-compacto-1920x1200-1080p-solo-windows-startech.com-mod.-usb32vgaes.jpg","type":"image\/jpeg"}],"twitter_card":"summary_large_image","twitter_misc":{"Precio":"&#36;563 con IVA","Availability":"Out of stock"},"schema":{"@context":"https:\/\/schema.org","@graph":[{"@type":"WebPage","@id":"https:\/\/compuviper.mx\/tienda\/producto\/startech-com-usb32vgaes-adaptador-de-video-externo-convertidor-usb-3-0-a-vga-cable-compacto-1920x1200-1080p-solo-windows-mod\/","url":"https:\/\/compuviper.mx\/tienda\/producto\/startech-com-usb32vgaes-adaptador-de-video-externo-convertidor-usb-3-0-a-vga-cable-compacto-1920x1200-1080p-solo-windows-mod\/","name":"[ Startech.com ] &#129351; Usb32vgaes Adaptador De Video Externo - Convertidor Usb 3.0 A Vga - Cable Compacto - 1920x1200 \/ 1080p - Solo Windows - Mod.","isPartOf":{"@id":"https:\/\/compuviper.mx\/tienda\/#website"},"datePublished":"2026-04-02T05:31:12+00:00","dateModified":"2026-04-02T05:31:12+00:00","description":"Compra Usb32vgaes Adaptador De Video Externo - Convertidor Usb 3.0 A Vga - Cable Compacto - 1920x1200 \/ 1080p - Solo Windows - Mod. + Env\u00edo a domicilio + Pago seguro + Garant\u00eda","breadcrumb":{"@id":"https:\/\/compuviper.mx\/tienda\/producto\/startech-com-usb32vgaes-adaptador-de-video-externo-convertidor-usb-3-0-a-vga-cable-compacto-1920x1200-1080p-solo-windows-mod\/#breadcrumb"},"inLanguage":"es-MX","potentialAction":[{"@type":"ReadAction","target":["https:\/\/compuviper.mx\/tienda\/producto\/startech-com-usb32vgaes-adaptador-de-video-externo-convertidor-usb-3-0-a-vga-cable-compacto-1920x1200-1080p-solo-windows-mod\/"]}]},{"@type":"BreadcrumbList","@id":"https:\/\/compuviper.mx\/tienda\/producto\/startech-com-usb32vgaes-adaptador-de-video-externo-convertidor-usb-3-0-a-vga-cable-compacto-1920x1200-1080p-solo-windows-mod\/#breadcrumb","itemListElement":[{"@type":"ListItem","position":1,"name":"Inicio","item":"https:\/\/compuviper.mx\/tienda\/"},{"@type":"ListItem","position":2,"name":"Productos","item":"https:\/\/compuviper.mx\/tienda\/productos\/"},{"@type":"ListItem","position":3,"name":"Accesorios","item":"https:\/\/compuviper.mx\/tienda\/categoria-producto\/accesorios\/"},{"@type":"ListItem","position":4,"name":"Adaptadores","item":"https:\/\/compuviper.mx\/tienda\/categoria-producto\/accesorios\/adaptadores\/"},{"@type":"ListItem","position":5,"name":"Startech.com Usb32vgaes Adaptador De Video Externo &#8211; Convertidor Usb 3.0 A Vga &#8211; Cable Compacto &#8211; 1920&#215;1200 \/ 1080p &#8211; Solo Windows &#8211; Mod."}]},{"@type":"WebSite","@id":"https:\/\/compuviper.mx\/tienda\/#website","url":"https:\/\/compuviper.mx\/tienda\/","name":"Compuviper","description":"Proveedor de Computadoras, Laptops, Servidores, Monitores, Puntos de Venta, Teclados,   Impresoras, T\u00f3ner, C\u00e1maras de Seguridad y m\u00e1s en tu tienda en l\u00ednea","publisher":{"@id":"https:\/\/compuviper.mx\/tienda\/#organization"},"potentialAction":[{"@type":"SearchAction","target":{"@type":"EntryPoint","urlTemplate":"https:\/\/compuviper.mx\/tienda\/?s={search_term_string}"},"query-input":"required name=search_term_string"}],"inLanguage":"es-MX"},{"@type":"Organization","@id":"https:\/\/compuviper.mx\/tienda\/#organization","name":"Compuviper","url":"https:\/\/compuviper.mx\/tienda\/","logo":{"@type":"ImageObject","inLanguage":"es-MX","@id":"https:\/\/compuviper.mx\/tienda\/#\/schema\/logo\/image\/","url":"https:\/\/compuviper.mx\/tienda\/wp-content\/uploads\/2021\/08\/Logo-Compuviper-10.png","contentUrl":"https:\/\/compuviper.mx\/tienda\/wp-content\/uploads\/2021\/08\/Logo-Compuviper-10.png","width":1000,"height":500,"caption":"Compuviper"},"image":{"@id":"https:\/\/compuviper.mx\/tienda\/#\/schema\/logo\/image\/"},"sameAs":["https:\/\/www.facebook.com\/compuviper","https:\/\/www.youtube.com\/channel\/UCf73dERp9Y3cfOq7q8BhLjA?view_as=subscriber"]}]},"product_brand":"STARTECH.COM","product_price_amount":"563","product_price_currency":"MXN","og_availability":"out of stock","product_availability":"out of stock","product_retailer_item_id":"USB32VGAES","product_condition":"new"},"_links":{"self":[{"href":"https:\/\/compuviper.mx\/tienda\/wp-json\/wp\/v2\/product\/212343"}],"collection":[{"href":"https:\/\/compuviper.mx\/tienda\/wp-json\/wp\/v2\/product"}],"about":[{"href":"https:\/\/compuviper.mx\/tienda\/wp-json\/wp\/v2\/types\/product"}],"replies":[{"embeddable":true,"href":"https:\/\/compuviper.mx\/tienda\/wp-json\/wp\/v2\/comments?post=212343"}],"wp:featuredmedia":[{"embeddable":true,"href":"https:\/\/compuviper.mx\/tienda\/wp-json\/wp\/v2\/media\/212344"}],"wp:attachment":[{"href":"https:\/\/compuviper.mx\/tienda\/wp-json\/wp\/v2\/media?parent=212343"}],"wp:term":[{"taxonomy":"product_cat","embeddable":true,"href":"https:\/\/compuviper.mx\/tienda\/wp-json\/wp\/v2\/product_cat?post=212343"},{"taxonomy":"product_tag","embeddable":true,"href":"https:\/\/compuviper.mx\/tienda\/wp-json\/wp\/v2\/product_tag?post=212343"}],"curies":[{"name":"wp","href":"https:\/\/api.w.org\/{rel}","templated":true}]}}