{"id":212339,"date":"2026-04-01T23:31:11","date_gmt":"2026-04-02T05:31:11","guid":{"rendered":"https:\/\/compuviper.mx\/tienda\/producto\/startech-com-st3300gu3b-hub-usb-3-0-de-aluminio-con-cable-concentrador-de-3-puertos-usb-con-adaptador-de-red-ethernet-gigabit-externo-mod\/"},"modified":"2026-04-01T23:31:11","modified_gmt":"2026-04-02T05:31:11","slug":"startech-com-st3300gu3b-hub-usb-3-0-de-aluminio-con-cable-concentrador-de-3-puertos-usb-con-adaptador-de-red-ethernet-gigabit-externo-mod","status":"publish","type":"product","link":"https:\/\/compuviper.mx\/tienda\/producto\/startech-com-st3300gu3b-hub-usb-3-0-de-aluminio-con-cable-concentrador-de-3-puertos-usb-con-adaptador-de-red-ethernet-gigabit-externo-mod\/","title":{"rendered":"Startech.com St3300gu3b Hub Usb 3.0 De Aluminio Con Cable &#8211; Concentrador De 3 Puertos Usb Con Adaptador De Red Ethernet Gigabit Externo &#8211;  Mod."},"content":{"rendered":"<table class=\"descripcion\">\n<tr>\n<td>Auto negociaci\u00f3n : s\u00ed<\/td>\n<\/tr>\n<tr>\n<td>Caracter\u00edsticas f\u00edsicas<\/td>\n<\/tr>\n<tr>\n<td>Altura del producto : 1.4 cm<\/td>\n<\/tr>\n<tr>\n<td>Ancho : 43 mm<\/td>\n<\/tr>\n<tr>\n<td>Longitud : 87 mm<\/td>\n<\/tr>\n<tr>\n<td>Peso : 62 g<\/td>\n<\/tr>\n<tr>\n<td>Color : negro<\/td>\n<\/tr>\n<tr>\n<td>Factor de forma : compacto<\/td>\n<\/tr>\n<tr>\n<td>Longitud del cable : 148 mm<\/td>\n<\/tr>\n<tr>\n<td>Tipo de gabinete : aluminio<\/td>\n<\/tr>\n<tr>\n<td>Hardware<\/td>\n<\/tr>\n<tr>\n<td>Cantidad de puertos : 3<\/td>\n<\/tr>\n<tr>\n<td>Conexi\u00f3n anfitri\u00f3n usb-c : no<\/td>\n<\/tr>\n<tr>\n<td>Est\u00e1ndares industriales : ieee 802.3, ieee 802.3u, ieee 802.3ab<\/td>\n<\/tr>\n<tr>\n<td>Est\u00e1ndares industriales : usb 3.0 &#8211; compatible con usb 2.0 y 1.1<\/td>\n<\/tr>\n<tr>\n<td>Id del conjunto de chips : genesys logic &#8211; gl3522<\/td>\n<\/tr>\n<tr>\n<td>Asix &#8211; ax88179<\/td>\n<\/tr>\n<tr>\n<td>Interfaz : rj45 (ethernet gigabit)<\/td>\n<\/tr>\n<tr>\n<td>Interfaz : usb 3.0<\/td>\n<\/tr>\n<tr>\n<td>Interfaz : usb 3.1 gen 1<\/td>\n<\/tr>\n<tr>\n<td>Puerto(s) de carga r\u00e1pida : no<\/td>\n<\/tr>\n<tr>\n<td>Puerto(s) de dispositivos usb-c : no<\/td>\n<\/tr>\n<tr>\n<td>Tipo de bus : usb 3.0<\/td>\n<\/tr>\n<tr>\n<td>Rendimiento<\/td>\n<\/tr>\n<tr>\n<td>Control de flujo : full duplex flow control<\/td>\n<\/tr>\n<tr>\n<td>Jumbo frame support : 4k max.<\/td>\n<\/tr>\n<tr>\n<td>Mdix autom\u00e1tico : s\u00ed<\/td>\n<\/tr>\n<tr>\n<td>Redes compatibles : 10\/100\/1000 mbps<\/td>\n<\/tr>\n<tr>\n<td>Soporte full duplex  : s\u00ed<\/td>\n<\/tr>\n<tr>\n<td>Tasa de transferencia de datos m\u00e1x : 5 gbps (usb 3.0)<\/td>\n<\/tr>\n<tr>\n<td>2 gbps (ethernet; d\u00faplex completo)<\/td>\n<\/tr>\n<tr>\n<td>Tipo y velocidad : usb 3.0 &#8211; 5 gbit\/s<\/td>\n<\/tr>\n<\/table>\n","protected":false},"excerpt":{"rendered":"<p>El concentrador port\u00e1til usb 3.0, modelo st3300gu3b, incluye un puerto gbe integrado, el cual permite ampliar la conectividad con laptops\u00a0mediante tres puertos externos usb 3.0, as\u00ed como una red gigabit a trav\u00e9s de una sola conexi\u00f3n usb 3.0.Este concentrador es el accesorio ideal de laptop para su microsoft surface pro 4, surface pro 3, surface book, dell xps 13 y muchos otros dispositivos.?. El concentrador, con un dise\u00f1o compacto y de f\u00e1cil transporte, fusiona el soporte para redes gigabit y el acceso a un concentrador usb 3.0 en un\u00a0gabinete\u00a0de aluminio de peso ligero, pero resistente, y ofrece puertos de conectividad indispensables cuyo n\u00famero suele estar limitado o no existir en laptops modernos. El puerto integrado ethernet maximiza la capacidad de 5 gbps de la interfaz usb 3.0, a fin de permitir el acceso por cable a gigabit, totalmente compatible con las normas ieee 802.3\/u\/ab. Respaldado por un\u00a0soporte t\u00e9cnico gratuito de por vida.<\/p>\n","protected":false},"featured_media":212340,"comment_status":"open","ping_status":"open","template":"","meta":[],"product_cat":[1485,1497],"product_tag":[1590],"acf":[],"yoast_head":"<!-- This site is optimized with the Yoast SEO plugin v21.7 - https:\/\/yoast.com\/wordpress\/plugins\/seo\/ -->\n<title>[ Startech.com ] &#129351; St3300gu3b Hub Usb 3.0 De Aluminio Con Cable - Concentrador De 3 Puertos Usb Con Adaptador De Red Ethernet Gigabit Externo - Mod.<\/title>\n<meta name=\"description\" content=\"Compra St3300gu3b Hub Usb 3.0 De Aluminio Con Cable - Concentrador De 3 Puertos Usb Con Adaptador De Red Ethernet Gigabit Externo - Mod. + Env\u00edo a domicilio + Pago seguro + Garant\u00eda\" \/>\n<meta name=\"robots\" content=\"index, follow, max-snippet:-1, max-image-preview:large, max-video-preview:-1\" \/>\n<link rel=\"canonical\" href=\"https:\/\/compuviper.mx\/tienda\/producto\/startech-com-st3300gu3b-hub-usb-3-0-de-aluminio-con-cable-concentrador-de-3-puertos-usb-con-adaptador-de-red-ethernet-gigabit-externo-mod\/\" \/>\n<meta property=\"og:locale\" content=\"es_MX\" \/>\n<meta property=\"og:type\" content=\"article\" \/>\n<meta property=\"og:title\" content=\"[ Startech.com ] &#129351; St3300gu3b Hub Usb 3.0 De Aluminio Con Cable - Concentrador De 3 Puertos Usb Con Adaptador De Red Ethernet Gigabit Externo - Mod.\" \/>\n<meta property=\"og:description\" content=\"Compra St3300gu3b Hub Usb 3.0 De Aluminio Con Cable - Concentrador De 3 Puertos Usb Con Adaptador De Red Ethernet Gigabit Externo - Mod. + Env\u00edo a domicilio + Pago seguro + Garant\u00eda\" \/>\n<meta property=\"og:url\" content=\"https:\/\/compuviper.mx\/tienda\/producto\/startech-com-st3300gu3b-hub-usb-3-0-de-aluminio-con-cable-concentrador-de-3-puertos-usb-con-adaptador-de-red-ethernet-gigabit-externo-mod\/\" \/>\n<meta property=\"og:site_name\" content=\"Compuviper\" \/>\n<meta property=\"article:publisher\" content=\"https:\/\/www.facebook.com\/compuviper\" \/>\n<meta property=\"og:image\" content=\"https:\/\/compuviper.mx\/tienda\/wp-content\/uploads\/2023\/12\/Hub-usb-3.0-de-aluminio-con-cable-concentrador-de-3-puertos-usb-con-adaptador-de-red-ethernet-gigabit-externo-startech.com-mod.-st3300gu3b.jpg\" \/>\n\t<meta property=\"og:image:width\" content=\"200\" \/>\n\t<meta property=\"og:image:height\" content=\"200\" \/>\n\t<meta property=\"og:image:type\" content=\"image\/jpeg\" \/>\n<meta name=\"twitter:card\" content=\"summary_large_image\" \/>\n<meta name=\"twitter:label1\" content=\"Precio\" \/>\n\t<meta name=\"twitter:data1\" content=\"&#36;1,052 con IVA\" \/>\n\t<meta name=\"twitter:label2\" content=\"Availability\" \/>\n\t<meta name=\"twitter:data2\" content=\"In stock\" \/>\n<script type=\"application\/ld+json\" class=\"yoast-schema-graph\">{\"@context\":\"https:\/\/schema.org\",\"@graph\":[{\"@type\":\"WebPage\",\"@id\":\"https:\/\/compuviper.mx\/tienda\/producto\/startech-com-st3300gu3b-hub-usb-3-0-de-aluminio-con-cable-concentrador-de-3-puertos-usb-con-adaptador-de-red-ethernet-gigabit-externo-mod\/\",\"url\":\"https:\/\/compuviper.mx\/tienda\/producto\/startech-com-st3300gu3b-hub-usb-3-0-de-aluminio-con-cable-concentrador-de-3-puertos-usb-con-adaptador-de-red-ethernet-gigabit-externo-mod\/\",\"name\":\"[ Startech.com ] &#129351; St3300gu3b Hub Usb 3.0 De Aluminio Con Cable - Concentrador De 3 Puertos Usb Con Adaptador De Red Ethernet Gigabit Externo - Mod.\",\"isPartOf\":{\"@id\":\"https:\/\/compuviper.mx\/tienda\/#website\"},\"datePublished\":\"2026-04-02T05:31:11+00:00\",\"dateModified\":\"2026-04-02T05:31:11+00:00\",\"description\":\"Compra St3300gu3b Hub Usb 3.0 De Aluminio Con Cable - Concentrador De 3 Puertos Usb Con Adaptador De Red Ethernet Gigabit Externo - Mod. + Env\u00edo a domicilio + Pago seguro + Garant\u00eda\",\"breadcrumb\":{\"@id\":\"https:\/\/compuviper.mx\/tienda\/producto\/startech-com-st3300gu3b-hub-usb-3-0-de-aluminio-con-cable-concentrador-de-3-puertos-usb-con-adaptador-de-red-ethernet-gigabit-externo-mod\/#breadcrumb\"},\"inLanguage\":\"es-MX\",\"potentialAction\":[{\"@type\":\"ReadAction\",\"target\":[\"https:\/\/compuviper.mx\/tienda\/producto\/startech-com-st3300gu3b-hub-usb-3-0-de-aluminio-con-cable-concentrador-de-3-puertos-usb-con-adaptador-de-red-ethernet-gigabit-externo-mod\/\"]}]},{\"@type\":\"BreadcrumbList\",\"@id\":\"https:\/\/compuviper.mx\/tienda\/producto\/startech-com-st3300gu3b-hub-usb-3-0-de-aluminio-con-cable-concentrador-de-3-puertos-usb-con-adaptador-de-red-ethernet-gigabit-externo-mod\/#breadcrumb\",\"itemListElement\":[{\"@type\":\"ListItem\",\"position\":1,\"name\":\"Inicio\",\"item\":\"https:\/\/compuviper.mx\/tienda\/\"},{\"@type\":\"ListItem\",\"position\":2,\"name\":\"Productos\",\"item\":\"https:\/\/compuviper.mx\/tienda\/productos\/\"},{\"@type\":\"ListItem\",\"position\":3,\"name\":\"Accesorios\",\"item\":\"https:\/\/compuviper.mx\/tienda\/categoria-producto\/accesorios\/\"},{\"@type\":\"ListItem\",\"position\":4,\"name\":\"Hub Usb\",\"item\":\"https:\/\/compuviper.mx\/tienda\/categoria-producto\/accesorios\/hub-usb\/\"},{\"@type\":\"ListItem\",\"position\":5,\"name\":\"Startech.com St3300gu3b Hub Usb 3.0 De Aluminio Con Cable &#8211; Concentrador De 3 Puertos Usb Con Adaptador De Red Ethernet Gigabit Externo &#8211; Mod.\"}]},{\"@type\":\"WebSite\",\"@id\":\"https:\/\/compuviper.mx\/tienda\/#website\",\"url\":\"https:\/\/compuviper.mx\/tienda\/\",\"name\":\"Compuviper\",\"description\":\"Proveedor de Computadoras, Laptops, Servidores, Monitores, Puntos de Venta, Teclados,   Impresoras, T\u00f3ner, C\u00e1maras de Seguridad y m\u00e1s en tu tienda en l\u00ednea\",\"publisher\":{\"@id\":\"https:\/\/compuviper.mx\/tienda\/#organization\"},\"potentialAction\":[{\"@type\":\"SearchAction\",\"target\":{\"@type\":\"EntryPoint\",\"urlTemplate\":\"https:\/\/compuviper.mx\/tienda\/?s={search_term_string}\"},\"query-input\":\"required name=search_term_string\"}],\"inLanguage\":\"es-MX\"},{\"@type\":\"Organization\",\"@id\":\"https:\/\/compuviper.mx\/tienda\/#organization\",\"name\":\"Compuviper\",\"url\":\"https:\/\/compuviper.mx\/tienda\/\",\"logo\":{\"@type\":\"ImageObject\",\"inLanguage\":\"es-MX\",\"@id\":\"https:\/\/compuviper.mx\/tienda\/#\/schema\/logo\/image\/\",\"url\":\"https:\/\/compuviper.mx\/tienda\/wp-content\/uploads\/2021\/08\/Logo-Compuviper-10.png\",\"contentUrl\":\"https:\/\/compuviper.mx\/tienda\/wp-content\/uploads\/2021\/08\/Logo-Compuviper-10.png\",\"width\":1000,\"height\":500,\"caption\":\"Compuviper\"},\"image\":{\"@id\":\"https:\/\/compuviper.mx\/tienda\/#\/schema\/logo\/image\/\"},\"sameAs\":[\"https:\/\/www.facebook.com\/compuviper\",\"https:\/\/www.youtube.com\/channel\/UCf73dERp9Y3cfOq7q8BhLjA?view_as=subscriber\"]}]}<\/script>\n<meta property=\"product:brand\" content=\"STARTECH.COM\" \/>\n<meta property=\"product:price:amount\" content=\"1052\" \/>\n<meta property=\"product:price:currency\" content=\"MXN\" \/>\n<meta property=\"og:availability\" content=\"instock\" \/>\n<meta property=\"product:availability\" content=\"instock\" \/>\n<meta property=\"product:retailer_item_id\" content=\"ST3300GU3B\" \/>\n<meta property=\"product:condition\" content=\"new\" \/>\n<!-- \/ Yoast SEO plugin. -->","yoast_head_json":{"title":"[ Startech.com ] &#129351; St3300gu3b Hub Usb 3.0 De Aluminio Con Cable - Concentrador De 3 Puertos Usb Con Adaptador De Red Ethernet Gigabit Externo - Mod.","description":"Compra St3300gu3b Hub Usb 3.0 De Aluminio Con Cable - Concentrador De 3 Puertos Usb Con Adaptador De Red Ethernet Gigabit Externo - Mod. + Env\u00edo a domicilio + Pago seguro + Garant\u00eda","robots":{"index":"index","follow":"follow","max-snippet":"max-snippet:-1","max-image-preview":"max-image-preview:large","max-video-preview":"max-video-preview:-1"},"canonical":"https:\/\/compuviper.mx\/tienda\/producto\/startech-com-st3300gu3b-hub-usb-3-0-de-aluminio-con-cable-concentrador-de-3-puertos-usb-con-adaptador-de-red-ethernet-gigabit-externo-mod\/","og_locale":"es_MX","og_type":"article","og_title":"[ Startech.com ] &#129351; St3300gu3b Hub Usb 3.0 De Aluminio Con Cable - Concentrador De 3 Puertos Usb Con Adaptador De Red Ethernet Gigabit Externo - Mod.","og_description":"Compra St3300gu3b Hub Usb 3.0 De Aluminio Con Cable - Concentrador De 3 Puertos Usb Con Adaptador De Red Ethernet Gigabit Externo - Mod. + Env\u00edo a domicilio + Pago seguro + Garant\u00eda","og_url":"https:\/\/compuviper.mx\/tienda\/producto\/startech-com-st3300gu3b-hub-usb-3-0-de-aluminio-con-cable-concentrador-de-3-puertos-usb-con-adaptador-de-red-ethernet-gigabit-externo-mod\/","og_site_name":"Compuviper","article_publisher":"https:\/\/www.facebook.com\/compuviper","og_image":[{"width":200,"height":200,"url":"https:\/\/compuviper.mx\/tienda\/wp-content\/uploads\/2023\/12\/Hub-usb-3.0-de-aluminio-con-cable-concentrador-de-3-puertos-usb-con-adaptador-de-red-ethernet-gigabit-externo-startech.com-mod.-st3300gu3b.jpg","type":"image\/jpeg"}],"twitter_card":"summary_large_image","twitter_misc":{"Precio":"&#36;1,052 con IVA","Availability":"In stock"},"schema":{"@context":"https:\/\/schema.org","@graph":[{"@type":"WebPage","@id":"https:\/\/compuviper.mx\/tienda\/producto\/startech-com-st3300gu3b-hub-usb-3-0-de-aluminio-con-cable-concentrador-de-3-puertos-usb-con-adaptador-de-red-ethernet-gigabit-externo-mod\/","url":"https:\/\/compuviper.mx\/tienda\/producto\/startech-com-st3300gu3b-hub-usb-3-0-de-aluminio-con-cable-concentrador-de-3-puertos-usb-con-adaptador-de-red-ethernet-gigabit-externo-mod\/","name":"[ Startech.com ] &#129351; St3300gu3b Hub Usb 3.0 De Aluminio Con Cable - Concentrador De 3 Puertos Usb Con Adaptador De Red Ethernet Gigabit Externo - Mod.","isPartOf":{"@id":"https:\/\/compuviper.mx\/tienda\/#website"},"datePublished":"2026-04-02T05:31:11+00:00","dateModified":"2026-04-02T05:31:11+00:00","description":"Compra St3300gu3b Hub Usb 3.0 De Aluminio Con Cable - Concentrador De 3 Puertos Usb Con Adaptador De Red Ethernet Gigabit Externo - Mod. + Env\u00edo a domicilio + Pago seguro + Garant\u00eda","breadcrumb":{"@id":"https:\/\/compuviper.mx\/tienda\/producto\/startech-com-st3300gu3b-hub-usb-3-0-de-aluminio-con-cable-concentrador-de-3-puertos-usb-con-adaptador-de-red-ethernet-gigabit-externo-mod\/#breadcrumb"},"inLanguage":"es-MX","potentialAction":[{"@type":"ReadAction","target":["https:\/\/compuviper.mx\/tienda\/producto\/startech-com-st3300gu3b-hub-usb-3-0-de-aluminio-con-cable-concentrador-de-3-puertos-usb-con-adaptador-de-red-ethernet-gigabit-externo-mod\/"]}]},{"@type":"BreadcrumbList","@id":"https:\/\/compuviper.mx\/tienda\/producto\/startech-com-st3300gu3b-hub-usb-3-0-de-aluminio-con-cable-concentrador-de-3-puertos-usb-con-adaptador-de-red-ethernet-gigabit-externo-mod\/#breadcrumb","itemListElement":[{"@type":"ListItem","position":1,"name":"Inicio","item":"https:\/\/compuviper.mx\/tienda\/"},{"@type":"ListItem","position":2,"name":"Productos","item":"https:\/\/compuviper.mx\/tienda\/productos\/"},{"@type":"ListItem","position":3,"name":"Accesorios","item":"https:\/\/compuviper.mx\/tienda\/categoria-producto\/accesorios\/"},{"@type":"ListItem","position":4,"name":"Hub Usb","item":"https:\/\/compuviper.mx\/tienda\/categoria-producto\/accesorios\/hub-usb\/"},{"@type":"ListItem","position":5,"name":"Startech.com St3300gu3b Hub Usb 3.0 De Aluminio Con Cable &#8211; Concentrador De 3 Puertos Usb Con Adaptador De Red Ethernet Gigabit Externo &#8211; Mod."}]},{"@type":"WebSite","@id":"https:\/\/compuviper.mx\/tienda\/#website","url":"https:\/\/compuviper.mx\/tienda\/","name":"Compuviper","description":"Proveedor de Computadoras, Laptops, Servidores, Monitores, Puntos de Venta, Teclados,   Impresoras, T\u00f3ner, C\u00e1maras de Seguridad y m\u00e1s en tu tienda en l\u00ednea","publisher":{"@id":"https:\/\/compuviper.mx\/tienda\/#organization"},"potentialAction":[{"@type":"SearchAction","target":{"@type":"EntryPoint","urlTemplate":"https:\/\/compuviper.mx\/tienda\/?s={search_term_string}"},"query-input":"required name=search_term_string"}],"inLanguage":"es-MX"},{"@type":"Organization","@id":"https:\/\/compuviper.mx\/tienda\/#organization","name":"Compuviper","url":"https:\/\/compuviper.mx\/tienda\/","logo":{"@type":"ImageObject","inLanguage":"es-MX","@id":"https:\/\/compuviper.mx\/tienda\/#\/schema\/logo\/image\/","url":"https:\/\/compuviper.mx\/tienda\/wp-content\/uploads\/2021\/08\/Logo-Compuviper-10.png","contentUrl":"https:\/\/compuviper.mx\/tienda\/wp-content\/uploads\/2021\/08\/Logo-Compuviper-10.png","width":1000,"height":500,"caption":"Compuviper"},"image":{"@id":"https:\/\/compuviper.mx\/tienda\/#\/schema\/logo\/image\/"},"sameAs":["https:\/\/www.facebook.com\/compuviper","https:\/\/www.youtube.com\/channel\/UCf73dERp9Y3cfOq7q8BhLjA?view_as=subscriber"]}]},"product_brand":"STARTECH.COM","product_price_amount":"1052","product_price_currency":"MXN","og_availability":"instock","product_availability":"instock","product_retailer_item_id":"ST3300GU3B","product_condition":"new"},"_links":{"self":[{"href":"https:\/\/compuviper.mx\/tienda\/wp-json\/wp\/v2\/product\/212339"}],"collection":[{"href":"https:\/\/compuviper.mx\/tienda\/wp-json\/wp\/v2\/product"}],"about":[{"href":"https:\/\/compuviper.mx\/tienda\/wp-json\/wp\/v2\/types\/product"}],"replies":[{"embeddable":true,"href":"https:\/\/compuviper.mx\/tienda\/wp-json\/wp\/v2\/comments?post=212339"}],"wp:featuredmedia":[{"embeddable":true,"href":"https:\/\/compuviper.mx\/tienda\/wp-json\/wp\/v2\/media\/212340"}],"wp:attachment":[{"href":"https:\/\/compuviper.mx\/tienda\/wp-json\/wp\/v2\/media?parent=212339"}],"wp:term":[{"taxonomy":"product_cat","embeddable":true,"href":"https:\/\/compuviper.mx\/tienda\/wp-json\/wp\/v2\/product_cat?post=212339"},{"taxonomy":"product_tag","embeddable":true,"href":"https:\/\/compuviper.mx\/tienda\/wp-json\/wp\/v2\/product_tag?post=212339"}],"curies":[{"name":"wp","href":"https:\/\/api.w.org\/{rel}","templated":true}]}}