{"id":212337,"date":"2026-04-01T23:31:10","date_gmt":"2026-04-02T05:31:10","guid":{"rendered":"https:\/\/compuviper.mx\/tienda\/producto\/startech-com-usb32hd2-adaptador-de-video-externo-tarjeta-de-video-externa-usb-3-0-a-2-puertos-hdmi-4k-a-30hz-para-2-pantallas-compatible-con-windows-mod\/"},"modified":"2026-04-01T23:31:11","modified_gmt":"2026-04-02T05:31:11","slug":"startech-com-usb32hd2-adaptador-de-video-externo-tarjeta-de-video-externa-usb-3-0-a-2-puertos-hdmi-4k-a-30hz-para-2-pantallas-compatible-con-windows-mod","status":"publish","type":"product","link":"https:\/\/compuviper.mx\/tienda\/producto\/startech-com-usb32hd2-adaptador-de-video-externo-tarjeta-de-video-externa-usb-3-0-a-2-puertos-hdmi-4k-a-30hz-para-2-pantallas-compatible-con-windows-mod\/","title":{"rendered":"Startech.com Usb32hd2 Adaptador De Video Externo &#8211; Tarjeta De Video Externa Usb 3.0 A 2 Puertos Hdmi 4k A 30hz Para 2 Pantallas &#8211; Compatible Con Windows &#8211;  Mod."},"content":{"rendered":"<table class=\"descripcion\">\n<tr>\n<td>Hardware<\/td>\n<\/tr>\n<tr>\n<td>Cantidad de puertos : 2<\/td>\n<\/tr>\n<tr>\n<td>Entrada a\/v : usb 3.0<\/td>\n<\/tr>\n<tr>\n<td>Id del conjunto de chips : trigger t6-688sl<\/td>\n<\/tr>\n<tr>\n<td>Silicon image &#8211; sil9136-3<\/td>\n<\/tr>\n<tr>\n<td>Memoria : 64mb<\/td>\n<\/tr>\n<tr>\n<td>Salida a\/v : hdmi<\/td>\n<\/tr>\n<tr>\n<td>Soporte de audio : s<\/td>\n<\/tr>\n<tr>\n<td>Usb 3.0 pass through : no<\/td>\n<\/tr>\n<tr>\n<td>Conectores<\/td>\n<\/tr>\n<tr>\n<td>Conector a : usb type-a 9 pines usb 3.0<\/td>\n<\/tr>\n<tr>\n<td>Conector a : hdmi 19 pines<\/td>\n<\/tr>\n<tr>\n<td>Caractersticas fsicas<\/td>\n<\/tr>\n<tr>\n<td>Tipo de gabinete : plstico<\/td>\n<\/tr>\n<tr>\n<td>Peso del producto : 56 g<\/td>\n<\/tr>\n<tr>\n<td>Longitud del producto : 31.5 cm<\/td>\n<\/tr>\n<tr>\n<td>Longitud del cable : 250 mm<\/td>\n<\/tr>\n<tr>\n<td>Color : negro<\/td>\n<\/tr>\n<tr>\n<td>Ancho del producto : 66 mm<\/td>\n<\/tr>\n<tr>\n<td>Altura del producto : 1.5 cm<\/td>\n<\/tr>\n<tr>\n<td>Rendimiento<\/td>\n<\/tr>\n<tr>\n<td>Especificaciones de audio : audio estreo de 2 canales<\/td>\n<\/tr>\n<tr>\n<td>Pantalla plana soportada : s<\/td>\n<\/tr>\n<tr>\n<td>Resolucin digital mxima : 4k x 2k @ 30hz<\/td>\n<\/tr>\n<tr>\n<td>Resoluciones  admitidas :<\/td>\n<\/tr>\n<tr>\n<td>Output 1:<\/td>\n<\/tr>\n<tr>\n<td>38402160, 2048&#215;1152, 1920&#215;1200, 1920&#215;1080, 1680&#215;1050, 1366&#215;768, 1280&#215;800, 1280&#215;768, 1280&#215;720, 1600&#215;1200, 1400&#215;1050, 1280&#215;1024, 1024&#215;768, 800&#215;600, 640&#215;480<\/td>\n<\/tr>\n<tr>\n<td>Output 2:<\/td>\n<\/tr>\n<tr>\n<td>2048 x1152, 1920&#215;1080, 1680&#215;1050, 1366&#215;768, 1280&#215;800, 1280&#215;768, 1280&#215;720, 1600&#215;1200, 1400&#215;1050, 1280&#215;1024, 1024&#215;768, 800&#215;600, 640&#215;480<\/td>\n<\/tr>\n<\/table>\n","protected":false},"excerpt":{"rendered":"<p>Este adaptador usb a hdmi para doble monitor le permite agregar dos pantallas hdmi independientes a su computador, mediante el uso de un solo puerto usb 3.0. Uno de los puertos hdmi puede enviar salidas con resoluciones de hasta 4k, mientras que el otro alcanza resoluciones de hasta 1920 x 1200. Aumente su productividad gracias al uso de varias pantallas agregar ms pantallas a su estacin de trabajo puede resultar difcil. Este adaptador usb a hdmi dual incluye dos salidas de video, lo cual aumenta su productividad, ya que le ofrece ms espacio de pantalla en el que trabajar. Obtenga el mximo espacio en pantalla, con resoluciones de hasta 4k uno de los puertos de este adaptador de video usb es compatible con resoluciones de hasta 4k a 30hz. Solucin perfecta para todas sus aplicaciones empresariales con rendimiento\u00a0usb 3.0. El modelo usb32hd2 cuenta con soporte tcnico gratuito de por vida.<\/p>\n","protected":false},"featured_media":212338,"comment_status":"open","ping_status":"open","template":"","meta":[],"product_cat":[1485,1492],"product_tag":[1590],"acf":[],"yoast_head":"<!-- This site is optimized with the Yoast SEO plugin v21.7 - https:\/\/yoast.com\/wordpress\/plugins\/seo\/ -->\n<title>[ Startech.com ] &#129351; Usb32hd2 Adaptador De Video Externo - Tarjeta De Video Externa Usb 3.0 A 2 Puertos Hdmi 4k A 30hz Para 2 Pantallas - Compatible Con Windows - Mod.<\/title>\n<meta name=\"description\" content=\"Compra Usb32hd2 Adaptador De Video Externo - Tarjeta De Video Externa Usb 3.0 A 2 Puertos Hdmi 4k A 30hz Para 2 Pantallas - Compatible Con Windows - Mod. + Env\u00edo a domicilio + Pago seguro + Garant\u00eda\" \/>\n<meta name=\"robots\" content=\"index, follow, max-snippet:-1, max-image-preview:large, max-video-preview:-1\" \/>\n<link rel=\"canonical\" href=\"https:\/\/compuviper.mx\/tienda\/producto\/startech-com-usb32hd2-adaptador-de-video-externo-tarjeta-de-video-externa-usb-3-0-a-2-puertos-hdmi-4k-a-30hz-para-2-pantallas-compatible-con-windows-mod\/\" \/>\n<meta property=\"og:locale\" content=\"es_MX\" \/>\n<meta property=\"og:type\" content=\"article\" \/>\n<meta property=\"og:title\" content=\"[ Startech.com ] &#129351; Usb32hd2 Adaptador De Video Externo - Tarjeta De Video Externa Usb 3.0 A 2 Puertos Hdmi 4k A 30hz Para 2 Pantallas - Compatible Con Windows - Mod.\" \/>\n<meta property=\"og:description\" content=\"Compra Usb32hd2 Adaptador De Video Externo - Tarjeta De Video Externa Usb 3.0 A 2 Puertos Hdmi 4k A 30hz Para 2 Pantallas - Compatible Con Windows - Mod. + Env\u00edo a domicilio + Pago seguro + Garant\u00eda\" \/>\n<meta property=\"og:url\" content=\"https:\/\/compuviper.mx\/tienda\/producto\/startech-com-usb32hd2-adaptador-de-video-externo-tarjeta-de-video-externa-usb-3-0-a-2-puertos-hdmi-4k-a-30hz-para-2-pantallas-compatible-con-windows-mod\/\" \/>\n<meta property=\"og:site_name\" content=\"Compuviper\" \/>\n<meta property=\"article:publisher\" content=\"https:\/\/www.facebook.com\/compuviper\" \/>\n<meta property=\"article:modified_time\" content=\"2026-04-02T05:31:11+00:00\" \/>\n<meta property=\"og:image\" content=\"https:\/\/compuviper.mx\/tienda\/wp-content\/uploads\/2023\/12\/Adaptador-de-video-externo-tarjeta-de-video-externa-usb-3.0-a-2-puertos-hdmi-4k-a-30hz-para-2-pantallas-compatible-con-windows-startech.com-mod.-usb32hd2.jpg\" \/>\n\t<meta property=\"og:image:width\" content=\"200\" \/>\n\t<meta property=\"og:image:height\" content=\"200\" \/>\n\t<meta property=\"og:image:type\" content=\"image\/jpeg\" \/>\n<meta name=\"twitter:card\" content=\"summary_large_image\" \/>\n<meta name=\"twitter:label1\" content=\"Precio\" \/>\n\t<meta name=\"twitter:data1\" content=\"&#36;1,034 con IVA\" \/>\n\t<meta name=\"twitter:label2\" content=\"Availability\" \/>\n\t<meta name=\"twitter:data2\" content=\"Out of stock\" \/>\n<script type=\"application\/ld+json\" class=\"yoast-schema-graph\">{\"@context\":\"https:\/\/schema.org\",\"@graph\":[{\"@type\":\"WebPage\",\"@id\":\"https:\/\/compuviper.mx\/tienda\/producto\/startech-com-usb32hd2-adaptador-de-video-externo-tarjeta-de-video-externa-usb-3-0-a-2-puertos-hdmi-4k-a-30hz-para-2-pantallas-compatible-con-windows-mod\/\",\"url\":\"https:\/\/compuviper.mx\/tienda\/producto\/startech-com-usb32hd2-adaptador-de-video-externo-tarjeta-de-video-externa-usb-3-0-a-2-puertos-hdmi-4k-a-30hz-para-2-pantallas-compatible-con-windows-mod\/\",\"name\":\"[ Startech.com ] &#129351; Usb32hd2 Adaptador De Video Externo - Tarjeta De Video Externa Usb 3.0 A 2 Puertos Hdmi 4k A 30hz Para 2 Pantallas - Compatible Con Windows - Mod.\",\"isPartOf\":{\"@id\":\"https:\/\/compuviper.mx\/tienda\/#website\"},\"datePublished\":\"2026-04-02T05:31:10+00:00\",\"dateModified\":\"2026-04-02T05:31:11+00:00\",\"description\":\"Compra Usb32hd2 Adaptador De Video Externo - Tarjeta De Video Externa Usb 3.0 A 2 Puertos Hdmi 4k A 30hz Para 2 Pantallas - Compatible Con Windows - Mod. + Env\u00edo a domicilio + Pago seguro + Garant\u00eda\",\"breadcrumb\":{\"@id\":\"https:\/\/compuviper.mx\/tienda\/producto\/startech-com-usb32hd2-adaptador-de-video-externo-tarjeta-de-video-externa-usb-3-0-a-2-puertos-hdmi-4k-a-30hz-para-2-pantallas-compatible-con-windows-mod\/#breadcrumb\"},\"inLanguage\":\"es-MX\",\"potentialAction\":[{\"@type\":\"ReadAction\",\"target\":[\"https:\/\/compuviper.mx\/tienda\/producto\/startech-com-usb32hd2-adaptador-de-video-externo-tarjeta-de-video-externa-usb-3-0-a-2-puertos-hdmi-4k-a-30hz-para-2-pantallas-compatible-con-windows-mod\/\"]}]},{\"@type\":\"BreadcrumbList\",\"@id\":\"https:\/\/compuviper.mx\/tienda\/producto\/startech-com-usb32hd2-adaptador-de-video-externo-tarjeta-de-video-externa-usb-3-0-a-2-puertos-hdmi-4k-a-30hz-para-2-pantallas-compatible-con-windows-mod\/#breadcrumb\",\"itemListElement\":[{\"@type\":\"ListItem\",\"position\":1,\"name\":\"Inicio\",\"item\":\"https:\/\/compuviper.mx\/tienda\/\"},{\"@type\":\"ListItem\",\"position\":2,\"name\":\"Productos\",\"item\":\"https:\/\/compuviper.mx\/tienda\/productos\/\"},{\"@type\":\"ListItem\",\"position\":3,\"name\":\"Accesorios\",\"item\":\"https:\/\/compuviper.mx\/tienda\/categoria-producto\/accesorios\/\"},{\"@type\":\"ListItem\",\"position\":4,\"name\":\"Adaptadores\",\"item\":\"https:\/\/compuviper.mx\/tienda\/categoria-producto\/accesorios\/adaptadores\/\"},{\"@type\":\"ListItem\",\"position\":5,\"name\":\"Startech.com Usb32hd2 Adaptador De Video Externo &#8211; Tarjeta De Video Externa Usb 3.0 A 2 Puertos Hdmi 4k A 30hz Para 2 Pantallas &#8211; Compatible Con Windows &#8211; Mod.\"}]},{\"@type\":\"WebSite\",\"@id\":\"https:\/\/compuviper.mx\/tienda\/#website\",\"url\":\"https:\/\/compuviper.mx\/tienda\/\",\"name\":\"Compuviper\",\"description\":\"Proveedor de Computadoras, Laptops, Servidores, Monitores, Puntos de Venta, Teclados,   Impresoras, T\u00f3ner, C\u00e1maras de Seguridad y m\u00e1s en tu tienda en l\u00ednea\",\"publisher\":{\"@id\":\"https:\/\/compuviper.mx\/tienda\/#organization\"},\"potentialAction\":[{\"@type\":\"SearchAction\",\"target\":{\"@type\":\"EntryPoint\",\"urlTemplate\":\"https:\/\/compuviper.mx\/tienda\/?s={search_term_string}\"},\"query-input\":\"required name=search_term_string\"}],\"inLanguage\":\"es-MX\"},{\"@type\":\"Organization\",\"@id\":\"https:\/\/compuviper.mx\/tienda\/#organization\",\"name\":\"Compuviper\",\"url\":\"https:\/\/compuviper.mx\/tienda\/\",\"logo\":{\"@type\":\"ImageObject\",\"inLanguage\":\"es-MX\",\"@id\":\"https:\/\/compuviper.mx\/tienda\/#\/schema\/logo\/image\/\",\"url\":\"https:\/\/compuviper.mx\/tienda\/wp-content\/uploads\/2021\/08\/Logo-Compuviper-10.png\",\"contentUrl\":\"https:\/\/compuviper.mx\/tienda\/wp-content\/uploads\/2021\/08\/Logo-Compuviper-10.png\",\"width\":1000,\"height\":500,\"caption\":\"Compuviper\"},\"image\":{\"@id\":\"https:\/\/compuviper.mx\/tienda\/#\/schema\/logo\/image\/\"},\"sameAs\":[\"https:\/\/www.facebook.com\/compuviper\",\"https:\/\/www.youtube.com\/channel\/UCf73dERp9Y3cfOq7q8BhLjA?view_as=subscriber\"]}]}<\/script>\n<meta property=\"product:brand\" content=\"STARTECH.COM\" \/>\n<meta property=\"product:price:amount\" content=\"1034\" \/>\n<meta property=\"product:price:currency\" content=\"MXN\" \/>\n<meta property=\"og:availability\" content=\"out of stock\" \/>\n<meta property=\"product:availability\" content=\"out of stock\" \/>\n<meta property=\"product:retailer_item_id\" content=\"USB32HD2\" \/>\n<meta property=\"product:condition\" content=\"new\" \/>\n<!-- \/ Yoast SEO plugin. -->","yoast_head_json":{"title":"[ Startech.com ] &#129351; Usb32hd2 Adaptador De Video Externo - Tarjeta De Video Externa Usb 3.0 A 2 Puertos Hdmi 4k A 30hz Para 2 Pantallas - Compatible Con Windows - Mod.","description":"Compra Usb32hd2 Adaptador De Video Externo - Tarjeta De Video Externa Usb 3.0 A 2 Puertos Hdmi 4k A 30hz Para 2 Pantallas - Compatible Con Windows - Mod. + Env\u00edo a domicilio + Pago seguro + Garant\u00eda","robots":{"index":"index","follow":"follow","max-snippet":"max-snippet:-1","max-image-preview":"max-image-preview:large","max-video-preview":"max-video-preview:-1"},"canonical":"https:\/\/compuviper.mx\/tienda\/producto\/startech-com-usb32hd2-adaptador-de-video-externo-tarjeta-de-video-externa-usb-3-0-a-2-puertos-hdmi-4k-a-30hz-para-2-pantallas-compatible-con-windows-mod\/","og_locale":"es_MX","og_type":"article","og_title":"[ Startech.com ] &#129351; Usb32hd2 Adaptador De Video Externo - Tarjeta De Video Externa Usb 3.0 A 2 Puertos Hdmi 4k A 30hz Para 2 Pantallas - Compatible Con Windows - Mod.","og_description":"Compra Usb32hd2 Adaptador De Video Externo - Tarjeta De Video Externa Usb 3.0 A 2 Puertos Hdmi 4k A 30hz Para 2 Pantallas - Compatible Con Windows - Mod. + Env\u00edo a domicilio + Pago seguro + Garant\u00eda","og_url":"https:\/\/compuviper.mx\/tienda\/producto\/startech-com-usb32hd2-adaptador-de-video-externo-tarjeta-de-video-externa-usb-3-0-a-2-puertos-hdmi-4k-a-30hz-para-2-pantallas-compatible-con-windows-mod\/","og_site_name":"Compuviper","article_publisher":"https:\/\/www.facebook.com\/compuviper","article_modified_time":"2026-04-02T05:31:11+00:00","og_image":[{"width":200,"height":200,"url":"https:\/\/compuviper.mx\/tienda\/wp-content\/uploads\/2023\/12\/Adaptador-de-video-externo-tarjeta-de-video-externa-usb-3.0-a-2-puertos-hdmi-4k-a-30hz-para-2-pantallas-compatible-con-windows-startech.com-mod.-usb32hd2.jpg","type":"image\/jpeg"}],"twitter_card":"summary_large_image","twitter_misc":{"Precio":"&#36;1,034 con IVA","Availability":"Out of stock"},"schema":{"@context":"https:\/\/schema.org","@graph":[{"@type":"WebPage","@id":"https:\/\/compuviper.mx\/tienda\/producto\/startech-com-usb32hd2-adaptador-de-video-externo-tarjeta-de-video-externa-usb-3-0-a-2-puertos-hdmi-4k-a-30hz-para-2-pantallas-compatible-con-windows-mod\/","url":"https:\/\/compuviper.mx\/tienda\/producto\/startech-com-usb32hd2-adaptador-de-video-externo-tarjeta-de-video-externa-usb-3-0-a-2-puertos-hdmi-4k-a-30hz-para-2-pantallas-compatible-con-windows-mod\/","name":"[ Startech.com ] &#129351; Usb32hd2 Adaptador De Video Externo - Tarjeta De Video Externa Usb 3.0 A 2 Puertos Hdmi 4k A 30hz Para 2 Pantallas - Compatible Con Windows - Mod.","isPartOf":{"@id":"https:\/\/compuviper.mx\/tienda\/#website"},"datePublished":"2026-04-02T05:31:10+00:00","dateModified":"2026-04-02T05:31:11+00:00","description":"Compra Usb32hd2 Adaptador De Video Externo - Tarjeta De Video Externa Usb 3.0 A 2 Puertos Hdmi 4k A 30hz Para 2 Pantallas - Compatible Con Windows - Mod. + Env\u00edo a domicilio + Pago seguro + Garant\u00eda","breadcrumb":{"@id":"https:\/\/compuviper.mx\/tienda\/producto\/startech-com-usb32hd2-adaptador-de-video-externo-tarjeta-de-video-externa-usb-3-0-a-2-puertos-hdmi-4k-a-30hz-para-2-pantallas-compatible-con-windows-mod\/#breadcrumb"},"inLanguage":"es-MX","potentialAction":[{"@type":"ReadAction","target":["https:\/\/compuviper.mx\/tienda\/producto\/startech-com-usb32hd2-adaptador-de-video-externo-tarjeta-de-video-externa-usb-3-0-a-2-puertos-hdmi-4k-a-30hz-para-2-pantallas-compatible-con-windows-mod\/"]}]},{"@type":"BreadcrumbList","@id":"https:\/\/compuviper.mx\/tienda\/producto\/startech-com-usb32hd2-adaptador-de-video-externo-tarjeta-de-video-externa-usb-3-0-a-2-puertos-hdmi-4k-a-30hz-para-2-pantallas-compatible-con-windows-mod\/#breadcrumb","itemListElement":[{"@type":"ListItem","position":1,"name":"Inicio","item":"https:\/\/compuviper.mx\/tienda\/"},{"@type":"ListItem","position":2,"name":"Productos","item":"https:\/\/compuviper.mx\/tienda\/productos\/"},{"@type":"ListItem","position":3,"name":"Accesorios","item":"https:\/\/compuviper.mx\/tienda\/categoria-producto\/accesorios\/"},{"@type":"ListItem","position":4,"name":"Adaptadores","item":"https:\/\/compuviper.mx\/tienda\/categoria-producto\/accesorios\/adaptadores\/"},{"@type":"ListItem","position":5,"name":"Startech.com Usb32hd2 Adaptador De Video Externo &#8211; Tarjeta De Video Externa Usb 3.0 A 2 Puertos Hdmi 4k A 30hz Para 2 Pantallas &#8211; Compatible Con Windows &#8211; Mod."}]},{"@type":"WebSite","@id":"https:\/\/compuviper.mx\/tienda\/#website","url":"https:\/\/compuviper.mx\/tienda\/","name":"Compuviper","description":"Proveedor de Computadoras, Laptops, Servidores, Monitores, Puntos de Venta, Teclados,   Impresoras, T\u00f3ner, C\u00e1maras de Seguridad y m\u00e1s en tu tienda en l\u00ednea","publisher":{"@id":"https:\/\/compuviper.mx\/tienda\/#organization"},"potentialAction":[{"@type":"SearchAction","target":{"@type":"EntryPoint","urlTemplate":"https:\/\/compuviper.mx\/tienda\/?s={search_term_string}"},"query-input":"required name=search_term_string"}],"inLanguage":"es-MX"},{"@type":"Organization","@id":"https:\/\/compuviper.mx\/tienda\/#organization","name":"Compuviper","url":"https:\/\/compuviper.mx\/tienda\/","logo":{"@type":"ImageObject","inLanguage":"es-MX","@id":"https:\/\/compuviper.mx\/tienda\/#\/schema\/logo\/image\/","url":"https:\/\/compuviper.mx\/tienda\/wp-content\/uploads\/2021\/08\/Logo-Compuviper-10.png","contentUrl":"https:\/\/compuviper.mx\/tienda\/wp-content\/uploads\/2021\/08\/Logo-Compuviper-10.png","width":1000,"height":500,"caption":"Compuviper"},"image":{"@id":"https:\/\/compuviper.mx\/tienda\/#\/schema\/logo\/image\/"},"sameAs":["https:\/\/www.facebook.com\/compuviper","https:\/\/www.youtube.com\/channel\/UCf73dERp9Y3cfOq7q8BhLjA?view_as=subscriber"]}]},"product_brand":"STARTECH.COM","product_price_amount":"1034","product_price_currency":"MXN","og_availability":"out of stock","product_availability":"out of stock","product_retailer_item_id":"USB32HD2","product_condition":"new"},"_links":{"self":[{"href":"https:\/\/compuviper.mx\/tienda\/wp-json\/wp\/v2\/product\/212337"}],"collection":[{"href":"https:\/\/compuviper.mx\/tienda\/wp-json\/wp\/v2\/product"}],"about":[{"href":"https:\/\/compuviper.mx\/tienda\/wp-json\/wp\/v2\/types\/product"}],"replies":[{"embeddable":true,"href":"https:\/\/compuviper.mx\/tienda\/wp-json\/wp\/v2\/comments?post=212337"}],"wp:featuredmedia":[{"embeddable":true,"href":"https:\/\/compuviper.mx\/tienda\/wp-json\/wp\/v2\/media\/212338"}],"wp:attachment":[{"href":"https:\/\/compuviper.mx\/tienda\/wp-json\/wp\/v2\/media?parent=212337"}],"wp:term":[{"taxonomy":"product_cat","embeddable":true,"href":"https:\/\/compuviper.mx\/tienda\/wp-json\/wp\/v2\/product_cat?post=212337"},{"taxonomy":"product_tag","embeddable":true,"href":"https:\/\/compuviper.mx\/tienda\/wp-json\/wp\/v2\/product_tag?post=212337"}],"curies":[{"name":"wp","href":"https:\/\/api.w.org\/{rel}","templated":true}]}}