{"id":212333,"date":"2026-04-01T23:31:09","date_gmt":"2026-04-02T05:31:09","guid":{"rendered":"https:\/\/compuviper.mx\/tienda\/producto\/startech-com-usb31000sa-adaptador-tarjeta-de-red-externa-ethernet-gigabit-externo-usb-3-0-plateado-ideal-para-macbook-chromebook-o-tablet-mod\/"},"modified":"2026-04-01T23:31:10","modified_gmt":"2026-04-02T05:31:10","slug":"startech-com-usb31000sa-adaptador-tarjeta-de-red-externa-ethernet-gigabit-externo-usb-3-0-plateado-ideal-para-macbook-chromebook-o-tablet-mod","status":"publish","type":"product","link":"https:\/\/compuviper.mx\/tienda\/producto\/startech-com-usb31000sa-adaptador-tarjeta-de-red-externa-ethernet-gigabit-externo-usb-3-0-plateado-ideal-para-macbook-chromebook-o-tablet-mod\/","title":{"rendered":"Startech.com Usb31000sa Adaptador Tarjeta De Red Externa &#8211; Ethernet Gigabit Externo Usb 3.0 &#8211; Plateado &#8211; Ideal Para Macbook, Chromebook O Tablet &#8211;  Mod."},"content":{"rendered":"<table class=\"descripcion\">\n<tr>\n<td>Hardware<\/td>\n<\/tr>\n<tr>\n<td>Cantidad de puertos: 1<\/td>\n<\/tr>\n<tr>\n<td>Estandares industriales: ieee 802.3 10base-t, ieee 802.3ab 1000base-t, ieee 802.3u 100base-tx e ieee 802.3x duplex completo<\/td>\n<\/tr>\n<tr>\n<td>Id del conjunto de chips: realtek &#8211; rtl8153<\/td>\n<\/tr>\n<tr>\n<td>Interfaz: usb 3.0<\/td>\n<\/tr>\n<tr>\n<td>Tipo de bus: usb 3.0<\/td>\n<\/tr>\n<tr>\n<td>Rendimiento<\/td>\n<\/tr>\n<tr>\n<td>Distancia maxima: 100 m<\/td>\n<\/tr>\n<tr>\n<td>Jumbo frame support: 9k max.<\/td>\n<\/tr>\n<tr>\n<td>Mdix automatico: si<\/td>\n<\/tr>\n<tr>\n<td>Proteccion contra sobretension: si<\/td>\n<\/tr>\n<tr>\n<td>Redes compatibles: 10\/100\/1000 mbps<\/td>\n<\/tr>\n<tr>\n<td>Soporte full duplex: si<\/td>\n<\/tr>\n<tr>\n<td>Tasa de transferencia de datos maxima: 1gbps &#8211; ethernet gigabit de duplex completo<\/td>\n<\/tr>\n<tr>\n<td>Tipo y velocidad: usb 3.0 &#8211; 5 gbit\/s<\/td>\n<\/tr>\n<tr>\n<td>Conectores<\/td>\n<\/tr>\n<tr>\n<td>Tipos de conectores: usb type-a 9 pines usb 3.0<\/td>\n<\/tr>\n<tr>\n<td>Tipos de conectores: rj-45<\/td>\n<\/tr>\n<tr>\n<td>Caracteristicas fisicas<\/td>\n<\/tr>\n<tr>\n<td>Tipo de gabinete: aluminio<\/td>\n<\/tr>\n<tr>\n<td>Peso: 36 g<\/td>\n<\/tr>\n<tr>\n<td>Longitud: 66.1 mm<\/td>\n<\/tr>\n<tr>\n<td>Longitud del cable: 190.5 mm<\/td>\n<\/tr>\n<tr>\n<td>Form factor: cable integrado<\/td>\n<\/tr>\n<tr>\n<td>Color: plata<\/td>\n<\/tr>\n<tr>\n<td>Ancho: 24.9 mm<\/td>\n<\/tr>\n<tr>\n<td>Altura: 1.7 cm<\/td>\n<\/tr>\n<\/table>\n","protected":false},"excerpt":{"rendered":"<p>Obtenga rapido y confiable acceso a red para su macbook, chromebook o tablet, incluso si no tiene un puerto ethernet. El adaptador de red usb 3.0 a gigabit permite agregar un unico puerto ethernet rj45 a su computadora a traves de su puerto usb 3.0. Se instala inmediatamente y no requiere controladores. Con diseno de aluminio con acabado plateado, el adaptador de red es el accesorio perfecto para su macbook, chromebook o tablet. Compacto y portatil, este adaptador de red usb es el accesorio\u00a0ideal para laptops. No es necesario llevar consigo un adaptador de alimentacion para utilizarlo, ya que la alimentacion se obtiene directamente del puerto anfitrion usb. El modelo usb31000sa cuenta con soporte tecnico gratuito de por vida.<\/p>\n","protected":false},"featured_media":212334,"comment_status":"open","ping_status":"open","template":"","meta":[],"product_cat":[1485,1492],"product_tag":[1590],"acf":[],"yoast_head":"<!-- This site is optimized with the Yoast SEO plugin v21.7 - https:\/\/yoast.com\/wordpress\/plugins\/seo\/ -->\n<title>[ Startech.com ] &#129351; Usb31000sa Adaptador Tarjeta De Red Externa - Ethernet Gigabit Externo Usb 3.0 - Plateado - Ideal Para Macbook, Chromebook O Tablet - Mod.<\/title>\n<meta name=\"description\" content=\"Compra Usb31000sa Adaptador Tarjeta De Red Externa - Ethernet Gigabit Externo Usb 3.0 - Plateado - Ideal Para Macbook, Chromebook O Tablet - Mod. + Env\u00edo a domicilio + Pago seguro + Garant\u00eda\" \/>\n<meta name=\"robots\" content=\"index, follow, max-snippet:-1, max-image-preview:large, max-video-preview:-1\" \/>\n<link rel=\"canonical\" href=\"https:\/\/compuviper.mx\/tienda\/producto\/startech-com-usb31000sa-adaptador-tarjeta-de-red-externa-ethernet-gigabit-externo-usb-3-0-plateado-ideal-para-macbook-chromebook-o-tablet-mod\/\" \/>\n<meta property=\"og:locale\" content=\"es_MX\" \/>\n<meta property=\"og:type\" content=\"article\" \/>\n<meta property=\"og:title\" content=\"[ Startech.com ] &#129351; Usb31000sa Adaptador Tarjeta De Red Externa - Ethernet Gigabit Externo Usb 3.0 - Plateado - Ideal Para Macbook, Chromebook O Tablet - Mod.\" \/>\n<meta property=\"og:description\" content=\"Compra Usb31000sa Adaptador Tarjeta De Red Externa - Ethernet Gigabit Externo Usb 3.0 - Plateado - Ideal Para Macbook, Chromebook O Tablet - Mod. + Env\u00edo a domicilio + Pago seguro + Garant\u00eda\" \/>\n<meta property=\"og:url\" content=\"https:\/\/compuviper.mx\/tienda\/producto\/startech-com-usb31000sa-adaptador-tarjeta-de-red-externa-ethernet-gigabit-externo-usb-3-0-plateado-ideal-para-macbook-chromebook-o-tablet-mod\/\" \/>\n<meta property=\"og:site_name\" content=\"Compuviper\" \/>\n<meta property=\"article:publisher\" content=\"https:\/\/www.facebook.com\/compuviper\" \/>\n<meta property=\"article:modified_time\" content=\"2026-04-02T05:31:10+00:00\" \/>\n<meta property=\"og:image\" content=\"https:\/\/compuviper.mx\/tienda\/wp-content\/uploads\/2023\/12\/Adaptador-tarjeta-de-red-externa-ethernet-gigabit-externo-usb-3.0-plateado-ideal-para-macbook-chromebook-o-tablet-startech.com-mod.-usb31000sa.jpg\" \/>\n\t<meta property=\"og:image:width\" content=\"200\" \/>\n\t<meta property=\"og:image:height\" content=\"200\" \/>\n\t<meta property=\"og:image:type\" content=\"image\/jpeg\" \/>\n<meta name=\"twitter:card\" content=\"summary_large_image\" \/>\n<meta name=\"twitter:label1\" content=\"Precio\" \/>\n\t<meta name=\"twitter:data1\" content=\"&#36;657 con IVA\" \/>\n\t<meta name=\"twitter:label2\" content=\"Availability\" \/>\n\t<meta name=\"twitter:data2\" content=\"Out of stock\" \/>\n<script type=\"application\/ld+json\" class=\"yoast-schema-graph\">{\"@context\":\"https:\/\/schema.org\",\"@graph\":[{\"@type\":\"WebPage\",\"@id\":\"https:\/\/compuviper.mx\/tienda\/producto\/startech-com-usb31000sa-adaptador-tarjeta-de-red-externa-ethernet-gigabit-externo-usb-3-0-plateado-ideal-para-macbook-chromebook-o-tablet-mod\/\",\"url\":\"https:\/\/compuviper.mx\/tienda\/producto\/startech-com-usb31000sa-adaptador-tarjeta-de-red-externa-ethernet-gigabit-externo-usb-3-0-plateado-ideal-para-macbook-chromebook-o-tablet-mod\/\",\"name\":\"[ Startech.com ] &#129351; Usb31000sa Adaptador Tarjeta De Red Externa - Ethernet Gigabit Externo Usb 3.0 - Plateado - Ideal Para Macbook, Chromebook O Tablet - Mod.\",\"isPartOf\":{\"@id\":\"https:\/\/compuviper.mx\/tienda\/#website\"},\"datePublished\":\"2026-04-02T05:31:09+00:00\",\"dateModified\":\"2026-04-02T05:31:10+00:00\",\"description\":\"Compra Usb31000sa Adaptador Tarjeta De Red Externa - Ethernet Gigabit Externo Usb 3.0 - Plateado - Ideal Para Macbook, Chromebook O Tablet - Mod. + Env\u00edo a domicilio + Pago seguro + Garant\u00eda\",\"breadcrumb\":{\"@id\":\"https:\/\/compuviper.mx\/tienda\/producto\/startech-com-usb31000sa-adaptador-tarjeta-de-red-externa-ethernet-gigabit-externo-usb-3-0-plateado-ideal-para-macbook-chromebook-o-tablet-mod\/#breadcrumb\"},\"inLanguage\":\"es-MX\",\"potentialAction\":[{\"@type\":\"ReadAction\",\"target\":[\"https:\/\/compuviper.mx\/tienda\/producto\/startech-com-usb31000sa-adaptador-tarjeta-de-red-externa-ethernet-gigabit-externo-usb-3-0-plateado-ideal-para-macbook-chromebook-o-tablet-mod\/\"]}]},{\"@type\":\"BreadcrumbList\",\"@id\":\"https:\/\/compuviper.mx\/tienda\/producto\/startech-com-usb31000sa-adaptador-tarjeta-de-red-externa-ethernet-gigabit-externo-usb-3-0-plateado-ideal-para-macbook-chromebook-o-tablet-mod\/#breadcrumb\",\"itemListElement\":[{\"@type\":\"ListItem\",\"position\":1,\"name\":\"Inicio\",\"item\":\"https:\/\/compuviper.mx\/tienda\/\"},{\"@type\":\"ListItem\",\"position\":2,\"name\":\"Productos\",\"item\":\"https:\/\/compuviper.mx\/tienda\/productos\/\"},{\"@type\":\"ListItem\",\"position\":3,\"name\":\"Accesorios\",\"item\":\"https:\/\/compuviper.mx\/tienda\/categoria-producto\/accesorios\/\"},{\"@type\":\"ListItem\",\"position\":4,\"name\":\"Adaptadores\",\"item\":\"https:\/\/compuviper.mx\/tienda\/categoria-producto\/accesorios\/adaptadores\/\"},{\"@type\":\"ListItem\",\"position\":5,\"name\":\"Startech.com Usb31000sa Adaptador Tarjeta De Red Externa &#8211; Ethernet Gigabit Externo Usb 3.0 &#8211; Plateado &#8211; Ideal Para Macbook, Chromebook O Tablet &#8211; Mod.\"}]},{\"@type\":\"WebSite\",\"@id\":\"https:\/\/compuviper.mx\/tienda\/#website\",\"url\":\"https:\/\/compuviper.mx\/tienda\/\",\"name\":\"Compuviper\",\"description\":\"Proveedor de Computadoras, Laptops, Servidores, Monitores, Puntos de Venta, Teclados,   Impresoras, T\u00f3ner, C\u00e1maras de Seguridad y m\u00e1s en tu tienda en l\u00ednea\",\"publisher\":{\"@id\":\"https:\/\/compuviper.mx\/tienda\/#organization\"},\"potentialAction\":[{\"@type\":\"SearchAction\",\"target\":{\"@type\":\"EntryPoint\",\"urlTemplate\":\"https:\/\/compuviper.mx\/tienda\/?s={search_term_string}\"},\"query-input\":\"required name=search_term_string\"}],\"inLanguage\":\"es-MX\"},{\"@type\":\"Organization\",\"@id\":\"https:\/\/compuviper.mx\/tienda\/#organization\",\"name\":\"Compuviper\",\"url\":\"https:\/\/compuviper.mx\/tienda\/\",\"logo\":{\"@type\":\"ImageObject\",\"inLanguage\":\"es-MX\",\"@id\":\"https:\/\/compuviper.mx\/tienda\/#\/schema\/logo\/image\/\",\"url\":\"https:\/\/compuviper.mx\/tienda\/wp-content\/uploads\/2021\/08\/Logo-Compuviper-10.png\",\"contentUrl\":\"https:\/\/compuviper.mx\/tienda\/wp-content\/uploads\/2021\/08\/Logo-Compuviper-10.png\",\"width\":1000,\"height\":500,\"caption\":\"Compuviper\"},\"image\":{\"@id\":\"https:\/\/compuviper.mx\/tienda\/#\/schema\/logo\/image\/\"},\"sameAs\":[\"https:\/\/www.facebook.com\/compuviper\",\"https:\/\/www.youtube.com\/channel\/UCf73dERp9Y3cfOq7q8BhLjA?view_as=subscriber\"]}]}<\/script>\n<meta property=\"product:brand\" content=\"STARTECH.COM\" \/>\n<meta property=\"product:price:amount\" content=\"657\" \/>\n<meta property=\"product:price:currency\" content=\"MXN\" \/>\n<meta property=\"og:availability\" content=\"out of stock\" \/>\n<meta property=\"product:availability\" content=\"out of stock\" \/>\n<meta property=\"product:retailer_item_id\" content=\"USB31000SA\" \/>\n<meta property=\"product:condition\" content=\"new\" \/>\n<!-- \/ Yoast SEO plugin. -->","yoast_head_json":{"title":"[ Startech.com ] &#129351; Usb31000sa Adaptador Tarjeta De Red Externa - Ethernet Gigabit Externo Usb 3.0 - Plateado - Ideal Para Macbook, Chromebook O Tablet - Mod.","description":"Compra Usb31000sa Adaptador Tarjeta De Red Externa - Ethernet Gigabit Externo Usb 3.0 - Plateado - Ideal Para Macbook, Chromebook O Tablet - Mod. + Env\u00edo a domicilio + Pago seguro + Garant\u00eda","robots":{"index":"index","follow":"follow","max-snippet":"max-snippet:-1","max-image-preview":"max-image-preview:large","max-video-preview":"max-video-preview:-1"},"canonical":"https:\/\/compuviper.mx\/tienda\/producto\/startech-com-usb31000sa-adaptador-tarjeta-de-red-externa-ethernet-gigabit-externo-usb-3-0-plateado-ideal-para-macbook-chromebook-o-tablet-mod\/","og_locale":"es_MX","og_type":"article","og_title":"[ Startech.com ] &#129351; Usb31000sa Adaptador Tarjeta De Red Externa - Ethernet Gigabit Externo Usb 3.0 - Plateado - Ideal Para Macbook, Chromebook O Tablet - Mod.","og_description":"Compra Usb31000sa Adaptador Tarjeta De Red Externa - Ethernet Gigabit Externo Usb 3.0 - Plateado - Ideal Para Macbook, Chromebook O Tablet - Mod. + Env\u00edo a domicilio + Pago seguro + Garant\u00eda","og_url":"https:\/\/compuviper.mx\/tienda\/producto\/startech-com-usb31000sa-adaptador-tarjeta-de-red-externa-ethernet-gigabit-externo-usb-3-0-plateado-ideal-para-macbook-chromebook-o-tablet-mod\/","og_site_name":"Compuviper","article_publisher":"https:\/\/www.facebook.com\/compuviper","article_modified_time":"2026-04-02T05:31:10+00:00","og_image":[{"width":200,"height":200,"url":"https:\/\/compuviper.mx\/tienda\/wp-content\/uploads\/2023\/12\/Adaptador-tarjeta-de-red-externa-ethernet-gigabit-externo-usb-3.0-plateado-ideal-para-macbook-chromebook-o-tablet-startech.com-mod.-usb31000sa.jpg","type":"image\/jpeg"}],"twitter_card":"summary_large_image","twitter_misc":{"Precio":"&#36;657 con IVA","Availability":"Out of stock"},"schema":{"@context":"https:\/\/schema.org","@graph":[{"@type":"WebPage","@id":"https:\/\/compuviper.mx\/tienda\/producto\/startech-com-usb31000sa-adaptador-tarjeta-de-red-externa-ethernet-gigabit-externo-usb-3-0-plateado-ideal-para-macbook-chromebook-o-tablet-mod\/","url":"https:\/\/compuviper.mx\/tienda\/producto\/startech-com-usb31000sa-adaptador-tarjeta-de-red-externa-ethernet-gigabit-externo-usb-3-0-plateado-ideal-para-macbook-chromebook-o-tablet-mod\/","name":"[ Startech.com ] &#129351; Usb31000sa Adaptador Tarjeta De Red Externa - Ethernet Gigabit Externo Usb 3.0 - Plateado - Ideal Para Macbook, Chromebook O Tablet - Mod.","isPartOf":{"@id":"https:\/\/compuviper.mx\/tienda\/#website"},"datePublished":"2026-04-02T05:31:09+00:00","dateModified":"2026-04-02T05:31:10+00:00","description":"Compra Usb31000sa Adaptador Tarjeta De Red Externa - Ethernet Gigabit Externo Usb 3.0 - Plateado - Ideal Para Macbook, Chromebook O Tablet - Mod. + Env\u00edo a domicilio + Pago seguro + Garant\u00eda","breadcrumb":{"@id":"https:\/\/compuviper.mx\/tienda\/producto\/startech-com-usb31000sa-adaptador-tarjeta-de-red-externa-ethernet-gigabit-externo-usb-3-0-plateado-ideal-para-macbook-chromebook-o-tablet-mod\/#breadcrumb"},"inLanguage":"es-MX","potentialAction":[{"@type":"ReadAction","target":["https:\/\/compuviper.mx\/tienda\/producto\/startech-com-usb31000sa-adaptador-tarjeta-de-red-externa-ethernet-gigabit-externo-usb-3-0-plateado-ideal-para-macbook-chromebook-o-tablet-mod\/"]}]},{"@type":"BreadcrumbList","@id":"https:\/\/compuviper.mx\/tienda\/producto\/startech-com-usb31000sa-adaptador-tarjeta-de-red-externa-ethernet-gigabit-externo-usb-3-0-plateado-ideal-para-macbook-chromebook-o-tablet-mod\/#breadcrumb","itemListElement":[{"@type":"ListItem","position":1,"name":"Inicio","item":"https:\/\/compuviper.mx\/tienda\/"},{"@type":"ListItem","position":2,"name":"Productos","item":"https:\/\/compuviper.mx\/tienda\/productos\/"},{"@type":"ListItem","position":3,"name":"Accesorios","item":"https:\/\/compuviper.mx\/tienda\/categoria-producto\/accesorios\/"},{"@type":"ListItem","position":4,"name":"Adaptadores","item":"https:\/\/compuviper.mx\/tienda\/categoria-producto\/accesorios\/adaptadores\/"},{"@type":"ListItem","position":5,"name":"Startech.com Usb31000sa Adaptador Tarjeta De Red Externa &#8211; Ethernet Gigabit Externo Usb 3.0 &#8211; Plateado &#8211; Ideal Para Macbook, Chromebook O Tablet &#8211; Mod."}]},{"@type":"WebSite","@id":"https:\/\/compuviper.mx\/tienda\/#website","url":"https:\/\/compuviper.mx\/tienda\/","name":"Compuviper","description":"Proveedor de Computadoras, Laptops, Servidores, Monitores, Puntos de Venta, Teclados,   Impresoras, T\u00f3ner, C\u00e1maras de Seguridad y m\u00e1s en tu tienda en l\u00ednea","publisher":{"@id":"https:\/\/compuviper.mx\/tienda\/#organization"},"potentialAction":[{"@type":"SearchAction","target":{"@type":"EntryPoint","urlTemplate":"https:\/\/compuviper.mx\/tienda\/?s={search_term_string}"},"query-input":"required name=search_term_string"}],"inLanguage":"es-MX"},{"@type":"Organization","@id":"https:\/\/compuviper.mx\/tienda\/#organization","name":"Compuviper","url":"https:\/\/compuviper.mx\/tienda\/","logo":{"@type":"ImageObject","inLanguage":"es-MX","@id":"https:\/\/compuviper.mx\/tienda\/#\/schema\/logo\/image\/","url":"https:\/\/compuviper.mx\/tienda\/wp-content\/uploads\/2021\/08\/Logo-Compuviper-10.png","contentUrl":"https:\/\/compuviper.mx\/tienda\/wp-content\/uploads\/2021\/08\/Logo-Compuviper-10.png","width":1000,"height":500,"caption":"Compuviper"},"image":{"@id":"https:\/\/compuviper.mx\/tienda\/#\/schema\/logo\/image\/"},"sameAs":["https:\/\/www.facebook.com\/compuviper","https:\/\/www.youtube.com\/channel\/UCf73dERp9Y3cfOq7q8BhLjA?view_as=subscriber"]}]},"product_brand":"STARTECH.COM","product_price_amount":"657","product_price_currency":"MXN","og_availability":"out of stock","product_availability":"out of stock","product_retailer_item_id":"USB31000SA","product_condition":"new"},"_links":{"self":[{"href":"https:\/\/compuviper.mx\/tienda\/wp-json\/wp\/v2\/product\/212333"}],"collection":[{"href":"https:\/\/compuviper.mx\/tienda\/wp-json\/wp\/v2\/product"}],"about":[{"href":"https:\/\/compuviper.mx\/tienda\/wp-json\/wp\/v2\/types\/product"}],"replies":[{"embeddable":true,"href":"https:\/\/compuviper.mx\/tienda\/wp-json\/wp\/v2\/comments?post=212333"}],"wp:featuredmedia":[{"embeddable":true,"href":"https:\/\/compuviper.mx\/tienda\/wp-json\/wp\/v2\/media\/212334"}],"wp:attachment":[{"href":"https:\/\/compuviper.mx\/tienda\/wp-json\/wp\/v2\/media?parent=212333"}],"wp:term":[{"taxonomy":"product_cat","embeddable":true,"href":"https:\/\/compuviper.mx\/tienda\/wp-json\/wp\/v2\/product_cat?post=212333"},{"taxonomy":"product_tag","embeddable":true,"href":"https:\/\/compuviper.mx\/tienda\/wp-json\/wp\/v2\/product_tag?post=212333"}],"curies":[{"name":"wp","href":"https:\/\/api.w.org\/{rel}","templated":true}]}}