{"id":212329,"date":"2026-04-01T23:31:08","date_gmt":"2026-04-02T05:31:08","guid":{"rendered":"https:\/\/compuviper.mx\/tienda\/producto\/startech-com-sdock2u313r-base-duplicadora-clonadora-autonoma-de-discos-duros-o-ssd-sata-copiadora-de-2-bahias-base-de-acoplamiento-usb-3-0-a-sata-iii-de-2-5-y-3-5-mod\/"},"modified":"2026-04-01T23:31:08","modified_gmt":"2026-04-02T05:31:08","slug":"startech-com-sdock2u313r-base-duplicadora-clonadora-autonoma-de-discos-duros-o-ssd-sata-copiadora-de-2-bahias-base-de-acoplamiento-usb-3-0-a-sata-iii-de-2-5-y-3-5-mod","status":"publish","type":"product","link":"https:\/\/compuviper.mx\/tienda\/producto\/startech-com-sdock2u313r-base-duplicadora-clonadora-autonoma-de-discos-duros-o-ssd-sata-copiadora-de-2-bahias-base-de-acoplamiento-usb-3-0-a-sata-iii-de-2-5-y-3-5-mod\/","title":{"rendered":"Startech.com Sdock2u313r Base Duplicadora Clonadora Autonoma De Discos Duros O Ssd Sata &#8211; Copiadora De 2 Bahias &#8211; Base De Acoplamiento Usb 3.0 A Sata Iii De 2.5 Y 3.5 &#8211;  Mod."},"content":{"rendered":"<table class=\"descripcion\">\n<tr>\n<td>Hardware<\/td>\n<\/tr>\n<tr>\n<td>Cantidad de unidades : 2<\/td>\n<\/tr>\n<tr>\n<td>Id del conjunto de chips : asmedia &#8211; asm1352r<\/td>\n<\/tr>\n<tr>\n<td>Instalaci\u00f3n de la unidad : extra\u00edble<\/td>\n<\/tr>\n<tr>\n<td>Interfaz : usb 3.1 gen 2<\/td>\n<\/tr>\n<tr>\n<td>Tama\u00f1o de la unidad : 2.5in  and  3.5in<\/td>\n<\/tr>\n<tr>\n<td>Tipo de bus : usb 3.1 gen 2<\/td>\n<\/tr>\n<tr>\n<td>Unidades compatibles : sata<\/td>\n<\/tr>\n<tr>\n<td>Ventilador(es) : no<\/td>\n<\/tr>\n<tr>\n<td>Rendimiento<\/td>\n<\/tr>\n<tr>\n<td>4kn support : s\u00ed<\/td>\n<\/tr>\n<tr>\n<td>Capacidad m\u00e1xima de la unidad : probado con discos duros de hasta 6tb<\/td>\n<\/tr>\n<tr>\n<td>Compatibilidad con uasp : s\u00ed<\/td>\n<\/tr>\n<tr>\n<td>Duplication modes : sector by sector (whole drive)<\/td>\n<\/tr>\n<tr>\n<td>Duplication speed : 28gbpm<\/td>\n<\/tr>\n<tr>\n<td>Raid : no<\/td>\n<\/tr>\n<tr>\n<td>Soporta hot swap  : s\u00ed<\/td>\n<\/tr>\n<tr>\n<td>Soporte para multiplicador de puertos : no<\/td>\n<\/tr>\n<tr>\n<td>Tasa de transferencia de datos m\u00e1xima : 10gbps<\/td>\n<\/tr>\n<tr>\n<td>Tipo y velocidad : sata iii (6 gbps)<\/td>\n<\/tr>\n<tr>\n<td>Tipo y velocidad : usb 3.1 gen 2 &#8211; 10 gbit\/s<\/td>\n<\/tr>\n<tr>\n<td>Trim support : s\u00ed<\/td>\n<\/tr>\n<tr>\n<td>Caracter\u00edsticas f\u00edsicas<\/td>\n<\/tr>\n<tr>\n<td>Tipo de gabinete : pl\u00e1stico<\/td>\n<\/tr>\n<tr>\n<td>Peso del producto : 508 g<\/td>\n<\/tr>\n<tr>\n<td>Longitud del producto : 14.2 cm<\/td>\n<\/tr>\n<tr>\n<td>Color : negro<\/td>\n<\/tr>\n<tr>\n<td>Ancho del producto : 13.2 cm<\/td>\n<\/tr>\n<tr>\n<td>Altura m\u00e1xima de la unidad : 25.4 mm<\/td>\n<\/tr>\n<tr>\n<td>Altura del producto : 7 cm<\/td>\n<\/tr>\n<\/table>\n","protected":false},"excerpt":{"rendered":"<p>Duplique de forma r\u00e1pida varias unidades, sin necesidad de conexi\u00f3n con una computadora\u00a0anfitri\u00f3n, a velocidades de hasta 28gb por minuto en el caso de unidades ssd esta estaci\u00f3n de duplicaci\u00f3n permite la duplicaci\u00f3n aut\u00f3noma de unidades. Tambi\u00e9n es posible conectar la base de acoplamiento a su computadora\u00a0a trav\u00e9s de usb 3.1 (10gbps), para conectar y desconectar unidades como m\u00e9todo para crear una soluci\u00f3n de almacenamiento ajustable a escala. ?. El duplicador tambi\u00e9n ofrece una soluci\u00f3n de almacenamiento externo, ya que permite la conexi\u00f3n de sus unidades a trav\u00e9s de usb 3.1 gen 2 compatible con uasp. Cada\u00a0ranura de unidad\u00a0es compatible individualmente con un disco duro de alta capacidad\u00a0o unidad de estado s\u00f3lido,\u00a0probadas a hasta 6tb. La estaci\u00f3n de copiado\u00a0es compatible tambi\u00e9n con un puerto usb-c thunderbolt 3. El modelo sdock2u313r cuenta con soporte t\u00e9cnico gratuito de por vida.<\/p>\n","protected":false},"featured_media":212330,"comment_status":"open","ping_status":"open","template":"","meta":[],"product_cat":[1485,1506],"product_tag":[1590],"acf":[],"yoast_head":"<!-- This site is optimized with the Yoast SEO plugin v21.7 - https:\/\/yoast.com\/wordpress\/plugins\/seo\/ -->\n<title>[ Startech.com ] &#129351; Sdock2u313r Base Duplicadora Clonadora Autonoma De Discos Duros O Ssd Sata - Copiadora De 2 Bahias - Base De Acoplamiento Usb 3.0 A Sata Iii De 2.5 Y 3.5 - Mod.<\/title>\n<meta name=\"description\" content=\"Compra Sdock2u313r Base Duplicadora Clonadora Autonoma De Discos Duros O Ssd Sata - Copiadora De 2 Bahias - Base De Acoplamiento Usb 3.0 A Sata Iii De 2.5 Y 3.5 - Mod. + Env\u00edo a domicilio + Pago seguro + Garant\u00eda\" \/>\n<meta name=\"robots\" content=\"index, follow, max-snippet:-1, max-image-preview:large, max-video-preview:-1\" \/>\n<link rel=\"canonical\" href=\"https:\/\/compuviper.mx\/tienda\/producto\/startech-com-sdock2u313r-base-duplicadora-clonadora-autonoma-de-discos-duros-o-ssd-sata-copiadora-de-2-bahias-base-de-acoplamiento-usb-3-0-a-sata-iii-de-2-5-y-3-5-mod\/\" \/>\n<meta property=\"og:locale\" content=\"es_MX\" \/>\n<meta property=\"og:type\" content=\"article\" \/>\n<meta property=\"og:title\" content=\"[ Startech.com ] &#129351; Sdock2u313r Base Duplicadora Clonadora Autonoma De Discos Duros O Ssd Sata - Copiadora De 2 Bahias - Base De Acoplamiento Usb 3.0 A Sata Iii De 2.5 Y 3.5 - Mod.\" \/>\n<meta property=\"og:description\" content=\"Compra Sdock2u313r Base Duplicadora Clonadora Autonoma De Discos Duros O Ssd Sata - Copiadora De 2 Bahias - Base De Acoplamiento Usb 3.0 A Sata Iii De 2.5 Y 3.5 - Mod. + Env\u00edo a domicilio + Pago seguro + Garant\u00eda\" \/>\n<meta property=\"og:url\" content=\"https:\/\/compuviper.mx\/tienda\/producto\/startech-com-sdock2u313r-base-duplicadora-clonadora-autonoma-de-discos-duros-o-ssd-sata-copiadora-de-2-bahias-base-de-acoplamiento-usb-3-0-a-sata-iii-de-2-5-y-3-5-mod\/\" \/>\n<meta property=\"og:site_name\" content=\"Compuviper\" \/>\n<meta property=\"article:publisher\" content=\"https:\/\/www.facebook.com\/compuviper\" \/>\n<meta property=\"og:image\" content=\"https:\/\/compuviper.mx\/tienda\/wp-content\/uploads\/2023\/12\/Base-duplicadora-clonadora-autonoma-de-discos-duros-o-ssd-sata-copiadora-de-2-bahias-base-de-acoplamiento-usb-3.0-a-sata-iii-de-2.5-y-3.5-startech.com-mod.-sdock2u313r.jpg\" \/>\n\t<meta property=\"og:image:width\" content=\"200\" \/>\n\t<meta property=\"og:image:height\" content=\"200\" \/>\n\t<meta property=\"og:image:type\" content=\"image\/jpeg\" \/>\n<meta name=\"twitter:card\" content=\"summary_large_image\" \/>\n<meta name=\"twitter:label1\" content=\"Precio\" \/>\n\t<meta name=\"twitter:data1\" content=\"&#36;2,143 con IVA\" \/>\n\t<meta name=\"twitter:label2\" content=\"Availability\" \/>\n\t<meta name=\"twitter:data2\" content=\"Out of stock\" \/>\n<script type=\"application\/ld+json\" class=\"yoast-schema-graph\">{\"@context\":\"https:\/\/schema.org\",\"@graph\":[{\"@type\":\"WebPage\",\"@id\":\"https:\/\/compuviper.mx\/tienda\/producto\/startech-com-sdock2u313r-base-duplicadora-clonadora-autonoma-de-discos-duros-o-ssd-sata-copiadora-de-2-bahias-base-de-acoplamiento-usb-3-0-a-sata-iii-de-2-5-y-3-5-mod\/\",\"url\":\"https:\/\/compuviper.mx\/tienda\/producto\/startech-com-sdock2u313r-base-duplicadora-clonadora-autonoma-de-discos-duros-o-ssd-sata-copiadora-de-2-bahias-base-de-acoplamiento-usb-3-0-a-sata-iii-de-2-5-y-3-5-mod\/\",\"name\":\"[ Startech.com ] &#129351; Sdock2u313r Base Duplicadora Clonadora Autonoma De Discos Duros O Ssd Sata - Copiadora De 2 Bahias - Base De Acoplamiento Usb 3.0 A Sata Iii De 2.5 Y 3.5 - Mod.\",\"isPartOf\":{\"@id\":\"https:\/\/compuviper.mx\/tienda\/#website\"},\"datePublished\":\"2026-04-02T05:31:08+00:00\",\"dateModified\":\"2026-04-02T05:31:08+00:00\",\"description\":\"Compra Sdock2u313r Base Duplicadora Clonadora Autonoma De Discos Duros O Ssd Sata - Copiadora De 2 Bahias - Base De Acoplamiento Usb 3.0 A Sata Iii De 2.5 Y 3.5 - Mod. + Env\u00edo a domicilio + Pago seguro + Garant\u00eda\",\"breadcrumb\":{\"@id\":\"https:\/\/compuviper.mx\/tienda\/producto\/startech-com-sdock2u313r-base-duplicadora-clonadora-autonoma-de-discos-duros-o-ssd-sata-copiadora-de-2-bahias-base-de-acoplamiento-usb-3-0-a-sata-iii-de-2-5-y-3-5-mod\/#breadcrumb\"},\"inLanguage\":\"es-MX\",\"potentialAction\":[{\"@type\":\"ReadAction\",\"target\":[\"https:\/\/compuviper.mx\/tienda\/producto\/startech-com-sdock2u313r-base-duplicadora-clonadora-autonoma-de-discos-duros-o-ssd-sata-copiadora-de-2-bahias-base-de-acoplamiento-usb-3-0-a-sata-iii-de-2-5-y-3-5-mod\/\"]}]},{\"@type\":\"BreadcrumbList\",\"@id\":\"https:\/\/compuviper.mx\/tienda\/producto\/startech-com-sdock2u313r-base-duplicadora-clonadora-autonoma-de-discos-duros-o-ssd-sata-copiadora-de-2-bahias-base-de-acoplamiento-usb-3-0-a-sata-iii-de-2-5-y-3-5-mod\/#breadcrumb\",\"itemListElement\":[{\"@type\":\"ListItem\",\"position\":1,\"name\":\"Inicio\",\"item\":\"https:\/\/compuviper.mx\/tienda\/\"},{\"@type\":\"ListItem\",\"position\":2,\"name\":\"Productos\",\"item\":\"https:\/\/compuviper.mx\/tienda\/productos\/\"},{\"@type\":\"ListItem\",\"position\":3,\"name\":\"Accesorios\",\"item\":\"https:\/\/compuviper.mx\/tienda\/categoria-producto\/accesorios\/\"},{\"@type\":\"ListItem\",\"position\":4,\"name\":\"Conectividad\",\"item\":\"https:\/\/compuviper.mx\/tienda\/categoria-producto\/accesorios\/conectividad\/\"},{\"@type\":\"ListItem\",\"position\":5,\"name\":\"Startech.com Sdock2u313r Base Duplicadora Clonadora Autonoma De Discos Duros O Ssd Sata &#8211; Copiadora De 2 Bahias &#8211; Base De Acoplamiento Usb 3.0 A Sata Iii De 2.5 Y 3.5 &#8211; Mod.\"}]},{\"@type\":\"WebSite\",\"@id\":\"https:\/\/compuviper.mx\/tienda\/#website\",\"url\":\"https:\/\/compuviper.mx\/tienda\/\",\"name\":\"Compuviper\",\"description\":\"Proveedor de Computadoras, Laptops, Servidores, Monitores, Puntos de Venta, Teclados,   Impresoras, T\u00f3ner, C\u00e1maras de Seguridad y m\u00e1s en tu tienda en l\u00ednea\",\"publisher\":{\"@id\":\"https:\/\/compuviper.mx\/tienda\/#organization\"},\"potentialAction\":[{\"@type\":\"SearchAction\",\"target\":{\"@type\":\"EntryPoint\",\"urlTemplate\":\"https:\/\/compuviper.mx\/tienda\/?s={search_term_string}\"},\"query-input\":\"required name=search_term_string\"}],\"inLanguage\":\"es-MX\"},{\"@type\":\"Organization\",\"@id\":\"https:\/\/compuviper.mx\/tienda\/#organization\",\"name\":\"Compuviper\",\"url\":\"https:\/\/compuviper.mx\/tienda\/\",\"logo\":{\"@type\":\"ImageObject\",\"inLanguage\":\"es-MX\",\"@id\":\"https:\/\/compuviper.mx\/tienda\/#\/schema\/logo\/image\/\",\"url\":\"https:\/\/compuviper.mx\/tienda\/wp-content\/uploads\/2021\/08\/Logo-Compuviper-10.png\",\"contentUrl\":\"https:\/\/compuviper.mx\/tienda\/wp-content\/uploads\/2021\/08\/Logo-Compuviper-10.png\",\"width\":1000,\"height\":500,\"caption\":\"Compuviper\"},\"image\":{\"@id\":\"https:\/\/compuviper.mx\/tienda\/#\/schema\/logo\/image\/\"},\"sameAs\":[\"https:\/\/www.facebook.com\/compuviper\",\"https:\/\/www.youtube.com\/channel\/UCf73dERp9Y3cfOq7q8BhLjA?view_as=subscriber\"]}]}<\/script>\n<meta property=\"product:brand\" content=\"STARTECH.COM\" \/>\n<meta property=\"product:price:amount\" content=\"2143\" \/>\n<meta property=\"product:price:currency\" content=\"MXN\" \/>\n<meta property=\"og:availability\" content=\"out of stock\" \/>\n<meta property=\"product:availability\" content=\"out of stock\" \/>\n<meta property=\"product:retailer_item_id\" content=\"SDOCK2U313R\" \/>\n<meta property=\"product:condition\" content=\"new\" \/>\n<!-- \/ Yoast SEO plugin. -->","yoast_head_json":{"title":"[ Startech.com ] &#129351; Sdock2u313r Base Duplicadora Clonadora Autonoma De Discos Duros O Ssd Sata - Copiadora De 2 Bahias - Base De Acoplamiento Usb 3.0 A Sata Iii De 2.5 Y 3.5 - Mod.","description":"Compra Sdock2u313r Base Duplicadora Clonadora Autonoma De Discos Duros O Ssd Sata - Copiadora De 2 Bahias - Base De Acoplamiento Usb 3.0 A Sata Iii De 2.5 Y 3.5 - Mod. + Env\u00edo a domicilio + Pago seguro + Garant\u00eda","robots":{"index":"index","follow":"follow","max-snippet":"max-snippet:-1","max-image-preview":"max-image-preview:large","max-video-preview":"max-video-preview:-1"},"canonical":"https:\/\/compuviper.mx\/tienda\/producto\/startech-com-sdock2u313r-base-duplicadora-clonadora-autonoma-de-discos-duros-o-ssd-sata-copiadora-de-2-bahias-base-de-acoplamiento-usb-3-0-a-sata-iii-de-2-5-y-3-5-mod\/","og_locale":"es_MX","og_type":"article","og_title":"[ Startech.com ] &#129351; Sdock2u313r Base Duplicadora Clonadora Autonoma De Discos Duros O Ssd Sata - Copiadora De 2 Bahias - Base De Acoplamiento Usb 3.0 A Sata Iii De 2.5 Y 3.5 - Mod.","og_description":"Compra Sdock2u313r Base Duplicadora Clonadora Autonoma De Discos Duros O Ssd Sata - Copiadora De 2 Bahias - Base De Acoplamiento Usb 3.0 A Sata Iii De 2.5 Y 3.5 - Mod. + Env\u00edo a domicilio + Pago seguro + Garant\u00eda","og_url":"https:\/\/compuviper.mx\/tienda\/producto\/startech-com-sdock2u313r-base-duplicadora-clonadora-autonoma-de-discos-duros-o-ssd-sata-copiadora-de-2-bahias-base-de-acoplamiento-usb-3-0-a-sata-iii-de-2-5-y-3-5-mod\/","og_site_name":"Compuviper","article_publisher":"https:\/\/www.facebook.com\/compuviper","og_image":[{"width":200,"height":200,"url":"https:\/\/compuviper.mx\/tienda\/wp-content\/uploads\/2023\/12\/Base-duplicadora-clonadora-autonoma-de-discos-duros-o-ssd-sata-copiadora-de-2-bahias-base-de-acoplamiento-usb-3.0-a-sata-iii-de-2.5-y-3.5-startech.com-mod.-sdock2u313r.jpg","type":"image\/jpeg"}],"twitter_card":"summary_large_image","twitter_misc":{"Precio":"&#36;2,143 con IVA","Availability":"Out of stock"},"schema":{"@context":"https:\/\/schema.org","@graph":[{"@type":"WebPage","@id":"https:\/\/compuviper.mx\/tienda\/producto\/startech-com-sdock2u313r-base-duplicadora-clonadora-autonoma-de-discos-duros-o-ssd-sata-copiadora-de-2-bahias-base-de-acoplamiento-usb-3-0-a-sata-iii-de-2-5-y-3-5-mod\/","url":"https:\/\/compuviper.mx\/tienda\/producto\/startech-com-sdock2u313r-base-duplicadora-clonadora-autonoma-de-discos-duros-o-ssd-sata-copiadora-de-2-bahias-base-de-acoplamiento-usb-3-0-a-sata-iii-de-2-5-y-3-5-mod\/","name":"[ Startech.com ] &#129351; Sdock2u313r Base Duplicadora Clonadora Autonoma De Discos Duros O Ssd Sata - Copiadora De 2 Bahias - Base De Acoplamiento Usb 3.0 A Sata Iii De 2.5 Y 3.5 - Mod.","isPartOf":{"@id":"https:\/\/compuviper.mx\/tienda\/#website"},"datePublished":"2026-04-02T05:31:08+00:00","dateModified":"2026-04-02T05:31:08+00:00","description":"Compra Sdock2u313r Base Duplicadora Clonadora Autonoma De Discos Duros O Ssd Sata - Copiadora De 2 Bahias - Base De Acoplamiento Usb 3.0 A Sata Iii De 2.5 Y 3.5 - Mod. + Env\u00edo a domicilio + Pago seguro + Garant\u00eda","breadcrumb":{"@id":"https:\/\/compuviper.mx\/tienda\/producto\/startech-com-sdock2u313r-base-duplicadora-clonadora-autonoma-de-discos-duros-o-ssd-sata-copiadora-de-2-bahias-base-de-acoplamiento-usb-3-0-a-sata-iii-de-2-5-y-3-5-mod\/#breadcrumb"},"inLanguage":"es-MX","potentialAction":[{"@type":"ReadAction","target":["https:\/\/compuviper.mx\/tienda\/producto\/startech-com-sdock2u313r-base-duplicadora-clonadora-autonoma-de-discos-duros-o-ssd-sata-copiadora-de-2-bahias-base-de-acoplamiento-usb-3-0-a-sata-iii-de-2-5-y-3-5-mod\/"]}]},{"@type":"BreadcrumbList","@id":"https:\/\/compuviper.mx\/tienda\/producto\/startech-com-sdock2u313r-base-duplicadora-clonadora-autonoma-de-discos-duros-o-ssd-sata-copiadora-de-2-bahias-base-de-acoplamiento-usb-3-0-a-sata-iii-de-2-5-y-3-5-mod\/#breadcrumb","itemListElement":[{"@type":"ListItem","position":1,"name":"Inicio","item":"https:\/\/compuviper.mx\/tienda\/"},{"@type":"ListItem","position":2,"name":"Productos","item":"https:\/\/compuviper.mx\/tienda\/productos\/"},{"@type":"ListItem","position":3,"name":"Accesorios","item":"https:\/\/compuviper.mx\/tienda\/categoria-producto\/accesorios\/"},{"@type":"ListItem","position":4,"name":"Conectividad","item":"https:\/\/compuviper.mx\/tienda\/categoria-producto\/accesorios\/conectividad\/"},{"@type":"ListItem","position":5,"name":"Startech.com Sdock2u313r Base Duplicadora Clonadora Autonoma De Discos Duros O Ssd Sata &#8211; Copiadora De 2 Bahias &#8211; Base De Acoplamiento Usb 3.0 A Sata Iii De 2.5 Y 3.5 &#8211; Mod."}]},{"@type":"WebSite","@id":"https:\/\/compuviper.mx\/tienda\/#website","url":"https:\/\/compuviper.mx\/tienda\/","name":"Compuviper","description":"Proveedor de Computadoras, Laptops, Servidores, Monitores, Puntos de Venta, Teclados,   Impresoras, T\u00f3ner, C\u00e1maras de Seguridad y m\u00e1s en tu tienda en l\u00ednea","publisher":{"@id":"https:\/\/compuviper.mx\/tienda\/#organization"},"potentialAction":[{"@type":"SearchAction","target":{"@type":"EntryPoint","urlTemplate":"https:\/\/compuviper.mx\/tienda\/?s={search_term_string}"},"query-input":"required name=search_term_string"}],"inLanguage":"es-MX"},{"@type":"Organization","@id":"https:\/\/compuviper.mx\/tienda\/#organization","name":"Compuviper","url":"https:\/\/compuviper.mx\/tienda\/","logo":{"@type":"ImageObject","inLanguage":"es-MX","@id":"https:\/\/compuviper.mx\/tienda\/#\/schema\/logo\/image\/","url":"https:\/\/compuviper.mx\/tienda\/wp-content\/uploads\/2021\/08\/Logo-Compuviper-10.png","contentUrl":"https:\/\/compuviper.mx\/tienda\/wp-content\/uploads\/2021\/08\/Logo-Compuviper-10.png","width":1000,"height":500,"caption":"Compuviper"},"image":{"@id":"https:\/\/compuviper.mx\/tienda\/#\/schema\/logo\/image\/"},"sameAs":["https:\/\/www.facebook.com\/compuviper","https:\/\/www.youtube.com\/channel\/UCf73dERp9Y3cfOq7q8BhLjA?view_as=subscriber"]}]},"product_brand":"STARTECH.COM","product_price_amount":"2143","product_price_currency":"MXN","og_availability":"out of stock","product_availability":"out of stock","product_retailer_item_id":"SDOCK2U313R","product_condition":"new"},"_links":{"self":[{"href":"https:\/\/compuviper.mx\/tienda\/wp-json\/wp\/v2\/product\/212329"}],"collection":[{"href":"https:\/\/compuviper.mx\/tienda\/wp-json\/wp\/v2\/product"}],"about":[{"href":"https:\/\/compuviper.mx\/tienda\/wp-json\/wp\/v2\/types\/product"}],"replies":[{"embeddable":true,"href":"https:\/\/compuviper.mx\/tienda\/wp-json\/wp\/v2\/comments?post=212329"}],"wp:featuredmedia":[{"embeddable":true,"href":"https:\/\/compuviper.mx\/tienda\/wp-json\/wp\/v2\/media\/212330"}],"wp:attachment":[{"href":"https:\/\/compuviper.mx\/tienda\/wp-json\/wp\/v2\/media?parent=212329"}],"wp:term":[{"taxonomy":"product_cat","embeddable":true,"href":"https:\/\/compuviper.mx\/tienda\/wp-json\/wp\/v2\/product_cat?post=212329"},{"taxonomy":"product_tag","embeddable":true,"href":"https:\/\/compuviper.mx\/tienda\/wp-json\/wp\/v2\/product_tag?post=212329"}],"curies":[{"name":"wp","href":"https:\/\/api.w.org\/{rel}","templated":true}]}}