{"id":212325,"date":"2026-04-06T23:31:20","date_gmt":"2026-04-07T05:31:20","guid":{"rendered":"https:\/\/compuviper.mx\/tienda\/producto\/startech-com-st124hdmi2-splitter-hdmi-de-4-puertos-divisor-bifurcador-hdmi-de-4-puertos-con-amplificador-splitter-hdmi-hembra-mini-jack-hembra-1920x1200-1080p-mod\/"},"modified":"2026-04-06T23:31:20","modified_gmt":"2026-04-07T05:31:20","slug":"startech-com-st124hdmi2-splitter-hdmi-de-4-puertos-divisor-bifurcador-hdmi-de-4-puertos-con-amplificador-splitter-hdmi-hembra-mini-jack-hembra-1920x1200-1080p-mod","status":"publish","type":"product","link":"https:\/\/compuviper.mx\/tienda\/producto\/startech-com-st124hdmi2-splitter-hdmi-de-4-puertos-divisor-bifurcador-hdmi-de-4-puertos-con-amplificador-splitter-hdmi-hembra-mini-jack-hembra-1920x1200-1080p-mod\/","title":{"rendered":"Startech.com St124hdmi2 Splitter Hdmi De 4 Puertos &#8211; Divisor Bifurcador Hdmi De 4 Puertos Con Amplificador &#8211; Splitter &#8211; Hdmi Hembra &#8211; Mini-jack Hembra &#8211; 1920&#215;1200 1080p &#8211;  Mod."},"content":{"rendered":"<table class=\"descripcion\">\n<tr>\n<td>Caracteristicas fisicas<\/td>\n<\/tr>\n<tr>\n<td>Altura: 4.4 cm<\/td>\n<\/tr>\n<tr>\n<td>Ancho: 13.5 cm<\/td>\n<\/tr>\n<tr>\n<td>Color: negro<\/td>\n<\/tr>\n<tr>\n<td>Longitud: 22 cm<\/td>\n<\/tr>\n<tr>\n<td>Peso: 966 g<\/td>\n<\/tr>\n<tr>\n<td>Tipo de gabinete: acero<\/td>\n<\/tr>\n<tr>\n<td>Conectores<\/td>\n<\/tr>\n<tr>\n<td>Conector a: enchufe mini-jack de 3.5mm 3 posiciones<\/td>\n<\/tr>\n<tr>\n<td>Conector a: hdmi 19 pines<\/td>\n<\/tr>\n<tr>\n<td>Conector b: enchufe mini-jack de 3.5mm 3 posiciones<\/td>\n<\/tr>\n<tr>\n<td>Conector b: hdmi 19 pines<\/td>\n<\/tr>\n<tr>\n<td>Hardware<\/td>\n<\/tr>\n<tr>\n<td>Cableado: hdmi<\/td>\n<\/tr>\n<tr>\n<td>Cantidad de puertos: 4<\/td>\n<\/tr>\n<tr>\n<td>Entrada a\/v: hdmi<\/td>\n<\/tr>\n<tr>\n<td>Estandares industriales: hdmi\u00ae alta velocidad, hdcp, edid<\/td>\n<\/tr>\n<tr>\n<td>Salida a\/v: hdmi<\/td>\n<\/tr>\n<tr>\n<td>Sistema en cascada: si<\/td>\n<\/tr>\n<tr>\n<td>Soporte de audio: si<\/td>\n<\/tr>\n<tr>\n<td>Indicadores<\/td>\n<\/tr>\n<tr>\n<td>Indicadores led: encendido verde \/ senal de entrada azul<\/td>\n<\/tr>\n<tr>\n<td>Indicadores led: indicador de senal de puerto verde<\/td>\n<\/tr>\n<tr>\n<td>Rendimiento<\/td>\n<\/tr>\n<tr>\n<td>Longitud maxima del cable: 15.2 m<\/td>\n<\/tr>\n<tr>\n<td>Pantalla plana soportada: si<\/td>\n<\/tr>\n<tr>\n<td>Resolucion digital maxima: hdtv 1080p \/ pc 1920&#215;1200<\/td>\n<\/tr>\n<tr>\n<td>Resoluciones  admitidas: 1080p 1920 x 1080 \/ vga 640 x 480 \/ sxga 1280 x 1024 \/ uxga 1600 x 1200 \/ wuxga 1920 x 1200<\/td>\n<\/tr>\n<\/table>\n","protected":false},"excerpt":{"rendered":"<p>El divisor de video hdmi de alta velocidad de 4 puertos con audio, modelo st124hdmi2, le permite compartir una fuente hdmi con hasta 4 pantallas o receptores equipados con hdmi o dvi-d, sin desmejora de la calidad de imagen o sonido. Se incluyen soportes de montaje para una instalacion ordenada y profesional.Con resoluciones de video hd de hasta 1080p, este divisor hdmi permite ubicar pantallas con capacidad hdmi a 5m\u00a0del splitter. Este versatil divisor hdmi dispone de conexiones de entrada y salida de audio de 3.5mm brindando la opcion de enviar su senal de audio de acompanamiento a traves del cable hdmi o a traves de un canal de audio estereo de 3.5mm. Un accesorio perfecto para practicamente cualquier aplicacion que requiera de la calidad de video de los dispositivos hdmi, el divisor de video st124hdmi2 es facil de instalar y proporciona imagen\u00a0digital sin defectos ni distorsiones. Cuenta con soporte tecnico gratuito de por vida con el respaldo de startech.Com.<\/p>\n","protected":false},"featured_media":212326,"comment_status":"open","ping_status":"open","template":"","meta":[],"product_cat":[1485,1506],"product_tag":[1590],"acf":[],"yoast_head":"<!-- This site is optimized with the Yoast SEO plugin v21.7 - https:\/\/yoast.com\/wordpress\/plugins\/seo\/ -->\n<title>[ Startech.com ] &#129351; St124hdmi2 Splitter Hdmi De 4 Puertos - Divisor Bifurcador Hdmi De 4 Puertos Con Amplificador - Splitter - Hdmi Hembra - Mini-jack Hembra - 1920x1200 1080p - Mod.<\/title>\n<meta name=\"description\" content=\"Compra St124hdmi2 Splitter Hdmi De 4 Puertos - Divisor Bifurcador Hdmi De 4 Puertos Con Amplificador - Splitter - Hdmi Hembra - Mini-jack Hembra - 1920x1200 1080p - Mod. + Env\u00edo a domicilio + Pago seguro + Garant\u00eda\" \/>\n<meta name=\"robots\" content=\"index, follow, max-snippet:-1, max-image-preview:large, max-video-preview:-1\" \/>\n<link rel=\"canonical\" href=\"https:\/\/compuviper.mx\/tienda\/producto\/startech-com-st124hdmi2-splitter-hdmi-de-4-puertos-divisor-bifurcador-hdmi-de-4-puertos-con-amplificador-splitter-hdmi-hembra-mini-jack-hembra-1920x1200-1080p-mod\/\" \/>\n<meta property=\"og:locale\" content=\"es_MX\" \/>\n<meta property=\"og:type\" content=\"article\" \/>\n<meta property=\"og:title\" content=\"[ Startech.com ] &#129351; St124hdmi2 Splitter Hdmi De 4 Puertos - Divisor Bifurcador Hdmi De 4 Puertos Con Amplificador - Splitter - Hdmi Hembra - Mini-jack Hembra - 1920x1200 1080p - Mod.\" \/>\n<meta property=\"og:description\" content=\"Compra St124hdmi2 Splitter Hdmi De 4 Puertos - Divisor Bifurcador Hdmi De 4 Puertos Con Amplificador - Splitter - Hdmi Hembra - Mini-jack Hembra - 1920x1200 1080p - Mod. + Env\u00edo a domicilio + Pago seguro + Garant\u00eda\" \/>\n<meta property=\"og:url\" content=\"https:\/\/compuviper.mx\/tienda\/producto\/startech-com-st124hdmi2-splitter-hdmi-de-4-puertos-divisor-bifurcador-hdmi-de-4-puertos-con-amplificador-splitter-hdmi-hembra-mini-jack-hembra-1920x1200-1080p-mod\/\" \/>\n<meta property=\"og:site_name\" content=\"Compuviper\" \/>\n<meta property=\"article:publisher\" content=\"https:\/\/www.facebook.com\/compuviper\" \/>\n<meta property=\"og:image\" content=\"https:\/\/compuviper.mx\/tienda\/wp-content\/uploads\/2023\/12\/Splitter-hdmi-de-4-puertos-divisor-bifurcador-hdmi-de-4-puertos-con-amplificador-splitter-hdmi-hembra-mini-jack-hembra-1920x1200-1080p-startech.com-mod.-st124hdmi2.jpg\" \/>\n\t<meta property=\"og:image:width\" content=\"200\" \/>\n\t<meta property=\"og:image:height\" content=\"200\" \/>\n\t<meta property=\"og:image:type\" content=\"image\/jpeg\" \/>\n<meta name=\"twitter:card\" content=\"summary_large_image\" \/>\n<meta name=\"twitter:label1\" content=\"Precio\" \/>\n\t<meta name=\"twitter:data1\" content=\"&#36;2,578 con IVA\" \/>\n\t<meta name=\"twitter:label2\" content=\"Availability\" \/>\n\t<meta name=\"twitter:data2\" content=\"Out of stock\" \/>\n<script type=\"application\/ld+json\" class=\"yoast-schema-graph\">{\"@context\":\"https:\/\/schema.org\",\"@graph\":[{\"@type\":\"WebPage\",\"@id\":\"https:\/\/compuviper.mx\/tienda\/producto\/startech-com-st124hdmi2-splitter-hdmi-de-4-puertos-divisor-bifurcador-hdmi-de-4-puertos-con-amplificador-splitter-hdmi-hembra-mini-jack-hembra-1920x1200-1080p-mod\/\",\"url\":\"https:\/\/compuviper.mx\/tienda\/producto\/startech-com-st124hdmi2-splitter-hdmi-de-4-puertos-divisor-bifurcador-hdmi-de-4-puertos-con-amplificador-splitter-hdmi-hembra-mini-jack-hembra-1920x1200-1080p-mod\/\",\"name\":\"[ Startech.com ] &#129351; St124hdmi2 Splitter Hdmi De 4 Puertos - Divisor Bifurcador Hdmi De 4 Puertos Con Amplificador - Splitter - Hdmi Hembra - Mini-jack Hembra - 1920x1200 1080p - Mod.\",\"isPartOf\":{\"@id\":\"https:\/\/compuviper.mx\/tienda\/#website\"},\"datePublished\":\"2026-04-07T05:31:20+00:00\",\"dateModified\":\"2026-04-07T05:31:20+00:00\",\"description\":\"Compra St124hdmi2 Splitter Hdmi De 4 Puertos - Divisor Bifurcador Hdmi De 4 Puertos Con Amplificador - Splitter - Hdmi Hembra - Mini-jack Hembra - 1920x1200 1080p - Mod. + Env\u00edo a domicilio + Pago seguro + Garant\u00eda\",\"breadcrumb\":{\"@id\":\"https:\/\/compuviper.mx\/tienda\/producto\/startech-com-st124hdmi2-splitter-hdmi-de-4-puertos-divisor-bifurcador-hdmi-de-4-puertos-con-amplificador-splitter-hdmi-hembra-mini-jack-hembra-1920x1200-1080p-mod\/#breadcrumb\"},\"inLanguage\":\"es-MX\",\"potentialAction\":[{\"@type\":\"ReadAction\",\"target\":[\"https:\/\/compuviper.mx\/tienda\/producto\/startech-com-st124hdmi2-splitter-hdmi-de-4-puertos-divisor-bifurcador-hdmi-de-4-puertos-con-amplificador-splitter-hdmi-hembra-mini-jack-hembra-1920x1200-1080p-mod\/\"]}]},{\"@type\":\"BreadcrumbList\",\"@id\":\"https:\/\/compuviper.mx\/tienda\/producto\/startech-com-st124hdmi2-splitter-hdmi-de-4-puertos-divisor-bifurcador-hdmi-de-4-puertos-con-amplificador-splitter-hdmi-hembra-mini-jack-hembra-1920x1200-1080p-mod\/#breadcrumb\",\"itemListElement\":[{\"@type\":\"ListItem\",\"position\":1,\"name\":\"Inicio\",\"item\":\"https:\/\/compuviper.mx\/tienda\/\"},{\"@type\":\"ListItem\",\"position\":2,\"name\":\"Productos\",\"item\":\"https:\/\/compuviper.mx\/tienda\/productos\/\"},{\"@type\":\"ListItem\",\"position\":3,\"name\":\"Accesorios\",\"item\":\"https:\/\/compuviper.mx\/tienda\/categoria-producto\/accesorios\/\"},{\"@type\":\"ListItem\",\"position\":4,\"name\":\"Conectividad\",\"item\":\"https:\/\/compuviper.mx\/tienda\/categoria-producto\/accesorios\/conectividad\/\"},{\"@type\":\"ListItem\",\"position\":5,\"name\":\"Startech.com St124hdmi2 Splitter Hdmi De 4 Puertos &#8211; Divisor Bifurcador Hdmi De 4 Puertos Con Amplificador &#8211; Splitter &#8211; Hdmi Hembra &#8211; Mini-jack Hembra &#8211; 1920&#215;1200 1080p &#8211; Mod.\"}]},{\"@type\":\"WebSite\",\"@id\":\"https:\/\/compuviper.mx\/tienda\/#website\",\"url\":\"https:\/\/compuviper.mx\/tienda\/\",\"name\":\"Compuviper\",\"description\":\"Proveedor de Computadoras, Laptops, Servidores, Monitores, Puntos de Venta, Teclados,   Impresoras, T\u00f3ner, C\u00e1maras de Seguridad y m\u00e1s en tu tienda en l\u00ednea\",\"publisher\":{\"@id\":\"https:\/\/compuviper.mx\/tienda\/#organization\"},\"potentialAction\":[{\"@type\":\"SearchAction\",\"target\":{\"@type\":\"EntryPoint\",\"urlTemplate\":\"https:\/\/compuviper.mx\/tienda\/?s={search_term_string}\"},\"query-input\":\"required name=search_term_string\"}],\"inLanguage\":\"es-MX\"},{\"@type\":\"Organization\",\"@id\":\"https:\/\/compuviper.mx\/tienda\/#organization\",\"name\":\"Compuviper\",\"url\":\"https:\/\/compuviper.mx\/tienda\/\",\"logo\":{\"@type\":\"ImageObject\",\"inLanguage\":\"es-MX\",\"@id\":\"https:\/\/compuviper.mx\/tienda\/#\/schema\/logo\/image\/\",\"url\":\"https:\/\/compuviper.mx\/tienda\/wp-content\/uploads\/2021\/08\/Logo-Compuviper-10.png\",\"contentUrl\":\"https:\/\/compuviper.mx\/tienda\/wp-content\/uploads\/2021\/08\/Logo-Compuviper-10.png\",\"width\":1000,\"height\":500,\"caption\":\"Compuviper\"},\"image\":{\"@id\":\"https:\/\/compuviper.mx\/tienda\/#\/schema\/logo\/image\/\"},\"sameAs\":[\"https:\/\/www.facebook.com\/compuviper\",\"https:\/\/www.youtube.com\/channel\/UCf73dERp9Y3cfOq7q8BhLjA?view_as=subscriber\"]}]}<\/script>\n<meta property=\"product:brand\" content=\"STARTECH.COM\" \/>\n<meta property=\"product:price:amount\" content=\"2578\" \/>\n<meta property=\"product:price:currency\" content=\"MXN\" \/>\n<meta property=\"og:availability\" content=\"out of stock\" \/>\n<meta property=\"product:availability\" content=\"out of stock\" \/>\n<meta property=\"product:retailer_item_id\" content=\"ST124HDMI2\" \/>\n<meta property=\"product:condition\" content=\"new\" \/>\n<!-- \/ Yoast SEO plugin. -->","yoast_head_json":{"title":"[ Startech.com ] &#129351; St124hdmi2 Splitter Hdmi De 4 Puertos - Divisor Bifurcador Hdmi De 4 Puertos Con Amplificador - Splitter - Hdmi Hembra - Mini-jack Hembra - 1920x1200 1080p - Mod.","description":"Compra St124hdmi2 Splitter Hdmi De 4 Puertos - Divisor Bifurcador Hdmi De 4 Puertos Con Amplificador - Splitter - Hdmi Hembra - Mini-jack Hembra - 1920x1200 1080p - Mod. + Env\u00edo a domicilio + Pago seguro + Garant\u00eda","robots":{"index":"index","follow":"follow","max-snippet":"max-snippet:-1","max-image-preview":"max-image-preview:large","max-video-preview":"max-video-preview:-1"},"canonical":"https:\/\/compuviper.mx\/tienda\/producto\/startech-com-st124hdmi2-splitter-hdmi-de-4-puertos-divisor-bifurcador-hdmi-de-4-puertos-con-amplificador-splitter-hdmi-hembra-mini-jack-hembra-1920x1200-1080p-mod\/","og_locale":"es_MX","og_type":"article","og_title":"[ Startech.com ] &#129351; St124hdmi2 Splitter Hdmi De 4 Puertos - Divisor Bifurcador Hdmi De 4 Puertos Con Amplificador - Splitter - Hdmi Hembra - Mini-jack Hembra - 1920x1200 1080p - Mod.","og_description":"Compra St124hdmi2 Splitter Hdmi De 4 Puertos - Divisor Bifurcador Hdmi De 4 Puertos Con Amplificador - Splitter - Hdmi Hembra - Mini-jack Hembra - 1920x1200 1080p - Mod. + Env\u00edo a domicilio + Pago seguro + Garant\u00eda","og_url":"https:\/\/compuviper.mx\/tienda\/producto\/startech-com-st124hdmi2-splitter-hdmi-de-4-puertos-divisor-bifurcador-hdmi-de-4-puertos-con-amplificador-splitter-hdmi-hembra-mini-jack-hembra-1920x1200-1080p-mod\/","og_site_name":"Compuviper","article_publisher":"https:\/\/www.facebook.com\/compuviper","og_image":[{"width":200,"height":200,"url":"https:\/\/compuviper.mx\/tienda\/wp-content\/uploads\/2023\/12\/Splitter-hdmi-de-4-puertos-divisor-bifurcador-hdmi-de-4-puertos-con-amplificador-splitter-hdmi-hembra-mini-jack-hembra-1920x1200-1080p-startech.com-mod.-st124hdmi2.jpg","type":"image\/jpeg"}],"twitter_card":"summary_large_image","twitter_misc":{"Precio":"&#36;2,578 con IVA","Availability":"Out of stock"},"schema":{"@context":"https:\/\/schema.org","@graph":[{"@type":"WebPage","@id":"https:\/\/compuviper.mx\/tienda\/producto\/startech-com-st124hdmi2-splitter-hdmi-de-4-puertos-divisor-bifurcador-hdmi-de-4-puertos-con-amplificador-splitter-hdmi-hembra-mini-jack-hembra-1920x1200-1080p-mod\/","url":"https:\/\/compuviper.mx\/tienda\/producto\/startech-com-st124hdmi2-splitter-hdmi-de-4-puertos-divisor-bifurcador-hdmi-de-4-puertos-con-amplificador-splitter-hdmi-hembra-mini-jack-hembra-1920x1200-1080p-mod\/","name":"[ Startech.com ] &#129351; St124hdmi2 Splitter Hdmi De 4 Puertos - Divisor Bifurcador Hdmi De 4 Puertos Con Amplificador - Splitter - Hdmi Hembra - Mini-jack Hembra - 1920x1200 1080p - Mod.","isPartOf":{"@id":"https:\/\/compuviper.mx\/tienda\/#website"},"datePublished":"2026-04-07T05:31:20+00:00","dateModified":"2026-04-07T05:31:20+00:00","description":"Compra St124hdmi2 Splitter Hdmi De 4 Puertos - Divisor Bifurcador Hdmi De 4 Puertos Con Amplificador - Splitter - Hdmi Hembra - Mini-jack Hembra - 1920x1200 1080p - Mod. + Env\u00edo a domicilio + Pago seguro + Garant\u00eda","breadcrumb":{"@id":"https:\/\/compuviper.mx\/tienda\/producto\/startech-com-st124hdmi2-splitter-hdmi-de-4-puertos-divisor-bifurcador-hdmi-de-4-puertos-con-amplificador-splitter-hdmi-hembra-mini-jack-hembra-1920x1200-1080p-mod\/#breadcrumb"},"inLanguage":"es-MX","potentialAction":[{"@type":"ReadAction","target":["https:\/\/compuviper.mx\/tienda\/producto\/startech-com-st124hdmi2-splitter-hdmi-de-4-puertos-divisor-bifurcador-hdmi-de-4-puertos-con-amplificador-splitter-hdmi-hembra-mini-jack-hembra-1920x1200-1080p-mod\/"]}]},{"@type":"BreadcrumbList","@id":"https:\/\/compuviper.mx\/tienda\/producto\/startech-com-st124hdmi2-splitter-hdmi-de-4-puertos-divisor-bifurcador-hdmi-de-4-puertos-con-amplificador-splitter-hdmi-hembra-mini-jack-hembra-1920x1200-1080p-mod\/#breadcrumb","itemListElement":[{"@type":"ListItem","position":1,"name":"Inicio","item":"https:\/\/compuviper.mx\/tienda\/"},{"@type":"ListItem","position":2,"name":"Productos","item":"https:\/\/compuviper.mx\/tienda\/productos\/"},{"@type":"ListItem","position":3,"name":"Accesorios","item":"https:\/\/compuviper.mx\/tienda\/categoria-producto\/accesorios\/"},{"@type":"ListItem","position":4,"name":"Conectividad","item":"https:\/\/compuviper.mx\/tienda\/categoria-producto\/accesorios\/conectividad\/"},{"@type":"ListItem","position":5,"name":"Startech.com St124hdmi2 Splitter Hdmi De 4 Puertos &#8211; Divisor Bifurcador Hdmi De 4 Puertos Con Amplificador &#8211; Splitter &#8211; Hdmi Hembra &#8211; Mini-jack Hembra &#8211; 1920&#215;1200 1080p &#8211; Mod."}]},{"@type":"WebSite","@id":"https:\/\/compuviper.mx\/tienda\/#website","url":"https:\/\/compuviper.mx\/tienda\/","name":"Compuviper","description":"Proveedor de Computadoras, Laptops, Servidores, Monitores, Puntos de Venta, Teclados,   Impresoras, T\u00f3ner, C\u00e1maras de Seguridad y m\u00e1s en tu tienda en l\u00ednea","publisher":{"@id":"https:\/\/compuviper.mx\/tienda\/#organization"},"potentialAction":[{"@type":"SearchAction","target":{"@type":"EntryPoint","urlTemplate":"https:\/\/compuviper.mx\/tienda\/?s={search_term_string}"},"query-input":"required name=search_term_string"}],"inLanguage":"es-MX"},{"@type":"Organization","@id":"https:\/\/compuviper.mx\/tienda\/#organization","name":"Compuviper","url":"https:\/\/compuviper.mx\/tienda\/","logo":{"@type":"ImageObject","inLanguage":"es-MX","@id":"https:\/\/compuviper.mx\/tienda\/#\/schema\/logo\/image\/","url":"https:\/\/compuviper.mx\/tienda\/wp-content\/uploads\/2021\/08\/Logo-Compuviper-10.png","contentUrl":"https:\/\/compuviper.mx\/tienda\/wp-content\/uploads\/2021\/08\/Logo-Compuviper-10.png","width":1000,"height":500,"caption":"Compuviper"},"image":{"@id":"https:\/\/compuviper.mx\/tienda\/#\/schema\/logo\/image\/"},"sameAs":["https:\/\/www.facebook.com\/compuviper","https:\/\/www.youtube.com\/channel\/UCf73dERp9Y3cfOq7q8BhLjA?view_as=subscriber"]}]},"product_brand":"STARTECH.COM","product_price_amount":"2578","product_price_currency":"MXN","og_availability":"out of stock","product_availability":"out of stock","product_retailer_item_id":"ST124HDMI2","product_condition":"new"},"_links":{"self":[{"href":"https:\/\/compuviper.mx\/tienda\/wp-json\/wp\/v2\/product\/212325"}],"collection":[{"href":"https:\/\/compuviper.mx\/tienda\/wp-json\/wp\/v2\/product"}],"about":[{"href":"https:\/\/compuviper.mx\/tienda\/wp-json\/wp\/v2\/types\/product"}],"replies":[{"embeddable":true,"href":"https:\/\/compuviper.mx\/tienda\/wp-json\/wp\/v2\/comments?post=212325"}],"wp:featuredmedia":[{"embeddable":true,"href":"https:\/\/compuviper.mx\/tienda\/wp-json\/wp\/v2\/media\/212326"}],"wp:attachment":[{"href":"https:\/\/compuviper.mx\/tienda\/wp-json\/wp\/v2\/media?parent=212325"}],"wp:term":[{"taxonomy":"product_cat","embeddable":true,"href":"https:\/\/compuviper.mx\/tienda\/wp-json\/wp\/v2\/product_cat?post=212325"},{"taxonomy":"product_tag","embeddable":true,"href":"https:\/\/compuviper.mx\/tienda\/wp-json\/wp\/v2\/product_tag?post=212325"}],"curies":[{"name":"wp","href":"https:\/\/api.w.org\/{rel}","templated":true}]}}