{"id":212319,"date":"2026-04-01T23:31:06","date_gmt":"2026-04-02T05:31:06","guid":{"rendered":"https:\/\/compuviper.mx\/tienda\/producto\/startech-com-st4300minu3w-hub-usb-3-0-de-4-puertos-adaptador-concentrador-hub-usb-3-0-super-speed-4-puertos-salidas-portatil-para-laptop-computadora-blanco-mod\/"},"modified":"2026-04-01T23:31:06","modified_gmt":"2026-04-02T05:31:06","slug":"startech-com-st4300minu3w-hub-usb-3-0-de-4-puertos-adaptador-concentrador-hub-usb-3-0-super-speed-4-puertos-salidas-portatil-para-laptop-computadora-blanco-mod","status":"publish","type":"product","link":"https:\/\/compuviper.mx\/tienda\/producto\/startech-com-st4300minu3w-hub-usb-3-0-de-4-puertos-adaptador-concentrador-hub-usb-3-0-super-speed-4-puertos-salidas-portatil-para-laptop-computadora-blanco-mod\/","title":{"rendered":"Startech.com St4300minu3w Hub Usb 3.0 De 4 Puertos &#8211; Adaptador Concentrador Hub Usb 3.0 Super Speed 4 Puertos Salidas Portatil Para Laptop Computadora &#8211; Blanco &#8211;  Mod."},"content":{"rendered":"<table class=\"descripcion\">\n<tr>\n<td>Caractersticas fsicas<\/td>\n<\/tr>\n<tr>\n<td>Altura del producto : 1.4 cm<\/td>\n<\/tr>\n<tr>\n<td>Ancho del producto : 36 mm<\/td>\n<\/tr>\n<tr>\n<td>Color : blanco<\/td>\n<\/tr>\n<tr>\n<td>Factor de forma : compacto<\/td>\n<\/tr>\n<tr>\n<td>Longitud del cable : 145 mm<\/td>\n<\/tr>\n<tr>\n<td>Longitud del producto : 80 mm<\/td>\n<\/tr>\n<tr>\n<td>Peso del producto : 38 g<\/td>\n<\/tr>\n<tr>\n<td>Tipo de gabinete : plstico<\/td>\n<\/tr>\n<tr>\n<td>Conectores<\/td>\n<\/tr>\n<tr>\n<td>Puertos externos : usb type-a 9 pines usb 3.0<\/td>\n<\/tr>\n<tr>\n<td>Contenido de la caja<\/td>\n<\/tr>\n<tr>\n<td>Incluido en la caja : concentrador usb 3.0<\/td>\n<\/tr>\n<tr>\n<td>Incluido en la caja : gua rpida de inicio<\/td>\n<\/tr>\n<tr>\n<td>Hardware<\/td>\n<\/tr>\n<tr>\n<td>Cantidad de puertos : 4<\/td>\n<\/tr>\n<tr>\n<td>Conexin anfitrin usb-c : no<\/td>\n<\/tr>\n<tr>\n<td>Id del conjunto de chips : genesys logic &#8211; gl3522<\/td>\n<\/tr>\n<tr>\n<td>Interfaz : usb 3.0<\/td>\n<\/tr>\n<tr>\n<td>Puertos de carga rpida : no<\/td>\n<\/tr>\n<tr>\n<td>Puertos de dispositivos usb-c : no<\/td>\n<\/tr>\n<tr>\n<td>Tipo de bus : usb 3.0<\/td>\n<\/tr>\n<tr>\n<td>Indicadores<\/td>\n<\/tr>\n<tr>\n<td>Indicadores led : encendido<\/td>\n<\/tr>\n<tr>\n<td>Observaciones \/ requisitos<\/td>\n<\/tr>\n<tr>\n<td>Requerimientos del sistema y cables  : puerto usb disponible<\/td>\n<\/tr>\n<tr>\n<td>Rendimiento<\/td>\n<\/tr>\n<tr>\n<td>Tasa de transferencia de datos mxima : 5 gbps<\/td>\n<\/tr>\n<tr>\n<td>Tipo y velocidad : usb 3.0 &#8211; 5 gbit\/s<\/td>\n<\/tr>\n<\/table>\n","protected":false},"excerpt":{"rendered":"<p>El concentrador de 4 puertos superspeed mini usb 3.0 blanco, modelo st4300minu3w, permite expandir la conectividad usb, ya que convierte un solo puerto usb 3.0 en cuatro puertos usb 3.0 externos. El diseo de cable integrado hace que este concentrador mini usb sea el perfecto accesorio para su notebook mac \/ pc o ultrabook. El concentrador de 4 puertos usb 3.0 soporta el ancho de banda de datos usb 3.0 5 gbps, hasta 10 veces ms que usb 2.0 y es retrocompatible con dispositivos usb 2.0 y 1.1, lo cual garantiza un rendimiento estable de todos los perifricos usb, indistintamente de su antigedad. Ideal para usuarios de equipos domsticos o de empresa que requieren portabilidad, el concentrador externo usb 3.0 se alimenta por usb. Su diseo compacto y resistente con cable integrado no requiere cables adicionales para conectarlo al sistema. Respaldado por el soporte tcnico gratuito de por vida.<\/p>\n","protected":false},"featured_media":212320,"comment_status":"open","ping_status":"open","template":"","meta":[],"product_cat":[1485,1497],"product_tag":[1590],"acf":[],"yoast_head":"<!-- This site is optimized with the Yoast SEO plugin v21.7 - https:\/\/yoast.com\/wordpress\/plugins\/seo\/ -->\n<title>[ Startech.com ] &#129351; St4300minu3w Hub Usb 3.0 De 4 Puertos - Adaptador Concentrador Hub Usb 3.0 Super Speed 4 Puertos Salidas Portatil Para Laptop Computadora - Blanco - Mod.<\/title>\n<meta name=\"description\" content=\"Compra St4300minu3w Hub Usb 3.0 De 4 Puertos - Adaptador Concentrador Hub Usb 3.0 Super Speed 4 Puertos Salidas Portatil Para Laptop Computadora - Blanco - Mod. + Env\u00edo a domicilio + Pago seguro + Garant\u00eda\" \/>\n<meta name=\"robots\" content=\"index, follow, max-snippet:-1, max-image-preview:large, max-video-preview:-1\" \/>\n<link rel=\"canonical\" href=\"https:\/\/compuviper.mx\/tienda\/producto\/startech-com-st4300minu3w-hub-usb-3-0-de-4-puertos-adaptador-concentrador-hub-usb-3-0-super-speed-4-puertos-salidas-portatil-para-laptop-computadora-blanco-mod\/\" \/>\n<meta property=\"og:locale\" content=\"es_MX\" \/>\n<meta property=\"og:type\" content=\"article\" \/>\n<meta property=\"og:title\" content=\"[ Startech.com ] &#129351; St4300minu3w Hub Usb 3.0 De 4 Puertos - Adaptador Concentrador Hub Usb 3.0 Super Speed 4 Puertos Salidas Portatil Para Laptop Computadora - Blanco - Mod.\" \/>\n<meta property=\"og:description\" content=\"Compra St4300minu3w Hub Usb 3.0 De 4 Puertos - Adaptador Concentrador Hub Usb 3.0 Super Speed 4 Puertos Salidas Portatil Para Laptop Computadora - Blanco - Mod. + Env\u00edo a domicilio + Pago seguro + Garant\u00eda\" \/>\n<meta property=\"og:url\" content=\"https:\/\/compuviper.mx\/tienda\/producto\/startech-com-st4300minu3w-hub-usb-3-0-de-4-puertos-adaptador-concentrador-hub-usb-3-0-super-speed-4-puertos-salidas-portatil-para-laptop-computadora-blanco-mod\/\" \/>\n<meta property=\"og:site_name\" content=\"Compuviper\" \/>\n<meta property=\"article:publisher\" content=\"https:\/\/www.facebook.com\/compuviper\" \/>\n<meta property=\"og:image\" content=\"https:\/\/compuviper.mx\/tienda\/wp-content\/uploads\/2023\/12\/Hub-usb-3.0-de-4-puertos-adaptador-concentrador-hub-usb-3.0-super-speed-4-puertos-salidas-portatil-para-laptop-computadora-blanco-startech.com-mod.-st4300minu3w.jpg\" \/>\n\t<meta property=\"og:image:width\" content=\"200\" \/>\n\t<meta property=\"og:image:height\" content=\"200\" \/>\n\t<meta property=\"og:image:type\" content=\"image\/jpeg\" \/>\n<meta name=\"twitter:card\" content=\"summary_large_image\" \/>\n<meta name=\"twitter:label1\" content=\"Precio\" \/>\n\t<meta name=\"twitter:data1\" content=\"&#36;515 con IVA\" \/>\n\t<meta name=\"twitter:label2\" content=\"Availability\" \/>\n\t<meta name=\"twitter:data2\" content=\"Out of stock\" \/>\n<script type=\"application\/ld+json\" class=\"yoast-schema-graph\">{\"@context\":\"https:\/\/schema.org\",\"@graph\":[{\"@type\":\"WebPage\",\"@id\":\"https:\/\/compuviper.mx\/tienda\/producto\/startech-com-st4300minu3w-hub-usb-3-0-de-4-puertos-adaptador-concentrador-hub-usb-3-0-super-speed-4-puertos-salidas-portatil-para-laptop-computadora-blanco-mod\/\",\"url\":\"https:\/\/compuviper.mx\/tienda\/producto\/startech-com-st4300minu3w-hub-usb-3-0-de-4-puertos-adaptador-concentrador-hub-usb-3-0-super-speed-4-puertos-salidas-portatil-para-laptop-computadora-blanco-mod\/\",\"name\":\"[ Startech.com ] &#129351; St4300minu3w Hub Usb 3.0 De 4 Puertos - Adaptador Concentrador Hub Usb 3.0 Super Speed 4 Puertos Salidas Portatil Para Laptop Computadora - Blanco - Mod.\",\"isPartOf\":{\"@id\":\"https:\/\/compuviper.mx\/tienda\/#website\"},\"datePublished\":\"2026-04-02T05:31:06+00:00\",\"dateModified\":\"2026-04-02T05:31:06+00:00\",\"description\":\"Compra St4300minu3w Hub Usb 3.0 De 4 Puertos - Adaptador Concentrador Hub Usb 3.0 Super Speed 4 Puertos Salidas Portatil Para Laptop Computadora - Blanco - Mod. + Env\u00edo a domicilio + Pago seguro + Garant\u00eda\",\"breadcrumb\":{\"@id\":\"https:\/\/compuviper.mx\/tienda\/producto\/startech-com-st4300minu3w-hub-usb-3-0-de-4-puertos-adaptador-concentrador-hub-usb-3-0-super-speed-4-puertos-salidas-portatil-para-laptop-computadora-blanco-mod\/#breadcrumb\"},\"inLanguage\":\"es-MX\",\"potentialAction\":[{\"@type\":\"ReadAction\",\"target\":[\"https:\/\/compuviper.mx\/tienda\/producto\/startech-com-st4300minu3w-hub-usb-3-0-de-4-puertos-adaptador-concentrador-hub-usb-3-0-super-speed-4-puertos-salidas-portatil-para-laptop-computadora-blanco-mod\/\"]}]},{\"@type\":\"BreadcrumbList\",\"@id\":\"https:\/\/compuviper.mx\/tienda\/producto\/startech-com-st4300minu3w-hub-usb-3-0-de-4-puertos-adaptador-concentrador-hub-usb-3-0-super-speed-4-puertos-salidas-portatil-para-laptop-computadora-blanco-mod\/#breadcrumb\",\"itemListElement\":[{\"@type\":\"ListItem\",\"position\":1,\"name\":\"Inicio\",\"item\":\"https:\/\/compuviper.mx\/tienda\/\"},{\"@type\":\"ListItem\",\"position\":2,\"name\":\"Productos\",\"item\":\"https:\/\/compuviper.mx\/tienda\/productos\/\"},{\"@type\":\"ListItem\",\"position\":3,\"name\":\"Accesorios\",\"item\":\"https:\/\/compuviper.mx\/tienda\/categoria-producto\/accesorios\/\"},{\"@type\":\"ListItem\",\"position\":4,\"name\":\"Hub Usb\",\"item\":\"https:\/\/compuviper.mx\/tienda\/categoria-producto\/accesorios\/hub-usb\/\"},{\"@type\":\"ListItem\",\"position\":5,\"name\":\"Startech.com St4300minu3w Hub Usb 3.0 De 4 Puertos &#8211; Adaptador Concentrador Hub Usb 3.0 Super Speed 4 Puertos Salidas Portatil Para Laptop Computadora &#8211; Blanco &#8211; Mod.\"}]},{\"@type\":\"WebSite\",\"@id\":\"https:\/\/compuviper.mx\/tienda\/#website\",\"url\":\"https:\/\/compuviper.mx\/tienda\/\",\"name\":\"Compuviper\",\"description\":\"Proveedor de Computadoras, Laptops, Servidores, Monitores, Puntos de Venta, Teclados,   Impresoras, T\u00f3ner, C\u00e1maras de Seguridad y m\u00e1s en tu tienda en l\u00ednea\",\"publisher\":{\"@id\":\"https:\/\/compuviper.mx\/tienda\/#organization\"},\"potentialAction\":[{\"@type\":\"SearchAction\",\"target\":{\"@type\":\"EntryPoint\",\"urlTemplate\":\"https:\/\/compuviper.mx\/tienda\/?s={search_term_string}\"},\"query-input\":\"required name=search_term_string\"}],\"inLanguage\":\"es-MX\"},{\"@type\":\"Organization\",\"@id\":\"https:\/\/compuviper.mx\/tienda\/#organization\",\"name\":\"Compuviper\",\"url\":\"https:\/\/compuviper.mx\/tienda\/\",\"logo\":{\"@type\":\"ImageObject\",\"inLanguage\":\"es-MX\",\"@id\":\"https:\/\/compuviper.mx\/tienda\/#\/schema\/logo\/image\/\",\"url\":\"https:\/\/compuviper.mx\/tienda\/wp-content\/uploads\/2021\/08\/Logo-Compuviper-10.png\",\"contentUrl\":\"https:\/\/compuviper.mx\/tienda\/wp-content\/uploads\/2021\/08\/Logo-Compuviper-10.png\",\"width\":1000,\"height\":500,\"caption\":\"Compuviper\"},\"image\":{\"@id\":\"https:\/\/compuviper.mx\/tienda\/#\/schema\/logo\/image\/\"},\"sameAs\":[\"https:\/\/www.facebook.com\/compuviper\",\"https:\/\/www.youtube.com\/channel\/UCf73dERp9Y3cfOq7q8BhLjA?view_as=subscriber\"]}]}<\/script>\n<meta property=\"product:brand\" content=\"STARTECH.COM\" \/>\n<meta property=\"product:price:amount\" content=\"515\" \/>\n<meta property=\"product:price:currency\" content=\"MXN\" \/>\n<meta property=\"og:availability\" content=\"out of stock\" \/>\n<meta property=\"product:availability\" content=\"out of stock\" \/>\n<meta property=\"product:retailer_item_id\" content=\"ST4300MINU3W\" \/>\n<meta property=\"product:condition\" content=\"new\" \/>\n<!-- \/ Yoast SEO plugin. -->","yoast_head_json":{"title":"[ Startech.com ] &#129351; St4300minu3w Hub Usb 3.0 De 4 Puertos - Adaptador Concentrador Hub Usb 3.0 Super Speed 4 Puertos Salidas Portatil Para Laptop Computadora - Blanco - Mod.","description":"Compra St4300minu3w Hub Usb 3.0 De 4 Puertos - Adaptador Concentrador Hub Usb 3.0 Super Speed 4 Puertos Salidas Portatil Para Laptop Computadora - Blanco - Mod. + Env\u00edo a domicilio + Pago seguro + Garant\u00eda","robots":{"index":"index","follow":"follow","max-snippet":"max-snippet:-1","max-image-preview":"max-image-preview:large","max-video-preview":"max-video-preview:-1"},"canonical":"https:\/\/compuviper.mx\/tienda\/producto\/startech-com-st4300minu3w-hub-usb-3-0-de-4-puertos-adaptador-concentrador-hub-usb-3-0-super-speed-4-puertos-salidas-portatil-para-laptop-computadora-blanco-mod\/","og_locale":"es_MX","og_type":"article","og_title":"[ Startech.com ] &#129351; St4300minu3w Hub Usb 3.0 De 4 Puertos - Adaptador Concentrador Hub Usb 3.0 Super Speed 4 Puertos Salidas Portatil Para Laptop Computadora - Blanco - Mod.","og_description":"Compra St4300minu3w Hub Usb 3.0 De 4 Puertos - Adaptador Concentrador Hub Usb 3.0 Super Speed 4 Puertos Salidas Portatil Para Laptop Computadora - Blanco - Mod. + Env\u00edo a domicilio + Pago seguro + Garant\u00eda","og_url":"https:\/\/compuviper.mx\/tienda\/producto\/startech-com-st4300minu3w-hub-usb-3-0-de-4-puertos-adaptador-concentrador-hub-usb-3-0-super-speed-4-puertos-salidas-portatil-para-laptop-computadora-blanco-mod\/","og_site_name":"Compuviper","article_publisher":"https:\/\/www.facebook.com\/compuviper","og_image":[{"width":200,"height":200,"url":"https:\/\/compuviper.mx\/tienda\/wp-content\/uploads\/2023\/12\/Hub-usb-3.0-de-4-puertos-adaptador-concentrador-hub-usb-3.0-super-speed-4-puertos-salidas-portatil-para-laptop-computadora-blanco-startech.com-mod.-st4300minu3w.jpg","type":"image\/jpeg"}],"twitter_card":"summary_large_image","twitter_misc":{"Precio":"&#36;515 con IVA","Availability":"Out of stock"},"schema":{"@context":"https:\/\/schema.org","@graph":[{"@type":"WebPage","@id":"https:\/\/compuviper.mx\/tienda\/producto\/startech-com-st4300minu3w-hub-usb-3-0-de-4-puertos-adaptador-concentrador-hub-usb-3-0-super-speed-4-puertos-salidas-portatil-para-laptop-computadora-blanco-mod\/","url":"https:\/\/compuviper.mx\/tienda\/producto\/startech-com-st4300minu3w-hub-usb-3-0-de-4-puertos-adaptador-concentrador-hub-usb-3-0-super-speed-4-puertos-salidas-portatil-para-laptop-computadora-blanco-mod\/","name":"[ Startech.com ] &#129351; St4300minu3w Hub Usb 3.0 De 4 Puertos - Adaptador Concentrador Hub Usb 3.0 Super Speed 4 Puertos Salidas Portatil Para Laptop Computadora - Blanco - Mod.","isPartOf":{"@id":"https:\/\/compuviper.mx\/tienda\/#website"},"datePublished":"2026-04-02T05:31:06+00:00","dateModified":"2026-04-02T05:31:06+00:00","description":"Compra St4300minu3w Hub Usb 3.0 De 4 Puertos - Adaptador Concentrador Hub Usb 3.0 Super Speed 4 Puertos Salidas Portatil Para Laptop Computadora - Blanco - Mod. + Env\u00edo a domicilio + Pago seguro + Garant\u00eda","breadcrumb":{"@id":"https:\/\/compuviper.mx\/tienda\/producto\/startech-com-st4300minu3w-hub-usb-3-0-de-4-puertos-adaptador-concentrador-hub-usb-3-0-super-speed-4-puertos-salidas-portatil-para-laptop-computadora-blanco-mod\/#breadcrumb"},"inLanguage":"es-MX","potentialAction":[{"@type":"ReadAction","target":["https:\/\/compuviper.mx\/tienda\/producto\/startech-com-st4300minu3w-hub-usb-3-0-de-4-puertos-adaptador-concentrador-hub-usb-3-0-super-speed-4-puertos-salidas-portatil-para-laptop-computadora-blanco-mod\/"]}]},{"@type":"BreadcrumbList","@id":"https:\/\/compuviper.mx\/tienda\/producto\/startech-com-st4300minu3w-hub-usb-3-0-de-4-puertos-adaptador-concentrador-hub-usb-3-0-super-speed-4-puertos-salidas-portatil-para-laptop-computadora-blanco-mod\/#breadcrumb","itemListElement":[{"@type":"ListItem","position":1,"name":"Inicio","item":"https:\/\/compuviper.mx\/tienda\/"},{"@type":"ListItem","position":2,"name":"Productos","item":"https:\/\/compuviper.mx\/tienda\/productos\/"},{"@type":"ListItem","position":3,"name":"Accesorios","item":"https:\/\/compuviper.mx\/tienda\/categoria-producto\/accesorios\/"},{"@type":"ListItem","position":4,"name":"Hub Usb","item":"https:\/\/compuviper.mx\/tienda\/categoria-producto\/accesorios\/hub-usb\/"},{"@type":"ListItem","position":5,"name":"Startech.com St4300minu3w Hub Usb 3.0 De 4 Puertos &#8211; Adaptador Concentrador Hub Usb 3.0 Super Speed 4 Puertos Salidas Portatil Para Laptop Computadora &#8211; Blanco &#8211; Mod."}]},{"@type":"WebSite","@id":"https:\/\/compuviper.mx\/tienda\/#website","url":"https:\/\/compuviper.mx\/tienda\/","name":"Compuviper","description":"Proveedor de Computadoras, Laptops, Servidores, Monitores, Puntos de Venta, Teclados,   Impresoras, T\u00f3ner, C\u00e1maras de Seguridad y m\u00e1s en tu tienda en l\u00ednea","publisher":{"@id":"https:\/\/compuviper.mx\/tienda\/#organization"},"potentialAction":[{"@type":"SearchAction","target":{"@type":"EntryPoint","urlTemplate":"https:\/\/compuviper.mx\/tienda\/?s={search_term_string}"},"query-input":"required name=search_term_string"}],"inLanguage":"es-MX"},{"@type":"Organization","@id":"https:\/\/compuviper.mx\/tienda\/#organization","name":"Compuviper","url":"https:\/\/compuviper.mx\/tienda\/","logo":{"@type":"ImageObject","inLanguage":"es-MX","@id":"https:\/\/compuviper.mx\/tienda\/#\/schema\/logo\/image\/","url":"https:\/\/compuviper.mx\/tienda\/wp-content\/uploads\/2021\/08\/Logo-Compuviper-10.png","contentUrl":"https:\/\/compuviper.mx\/tienda\/wp-content\/uploads\/2021\/08\/Logo-Compuviper-10.png","width":1000,"height":500,"caption":"Compuviper"},"image":{"@id":"https:\/\/compuviper.mx\/tienda\/#\/schema\/logo\/image\/"},"sameAs":["https:\/\/www.facebook.com\/compuviper","https:\/\/www.youtube.com\/channel\/UCf73dERp9Y3cfOq7q8BhLjA?view_as=subscriber"]}]},"product_brand":"STARTECH.COM","product_price_amount":"515","product_price_currency":"MXN","og_availability":"out of stock","product_availability":"out of stock","product_retailer_item_id":"ST4300MINU3W","product_condition":"new"},"_links":{"self":[{"href":"https:\/\/compuviper.mx\/tienda\/wp-json\/wp\/v2\/product\/212319"}],"collection":[{"href":"https:\/\/compuviper.mx\/tienda\/wp-json\/wp\/v2\/product"}],"about":[{"href":"https:\/\/compuviper.mx\/tienda\/wp-json\/wp\/v2\/types\/product"}],"replies":[{"embeddable":true,"href":"https:\/\/compuviper.mx\/tienda\/wp-json\/wp\/v2\/comments?post=212319"}],"wp:featuredmedia":[{"embeddable":true,"href":"https:\/\/compuviper.mx\/tienda\/wp-json\/wp\/v2\/media\/212320"}],"wp:attachment":[{"href":"https:\/\/compuviper.mx\/tienda\/wp-json\/wp\/v2\/media?parent=212319"}],"wp:term":[{"taxonomy":"product_cat","embeddable":true,"href":"https:\/\/compuviper.mx\/tienda\/wp-json\/wp\/v2\/product_cat?post=212319"},{"taxonomy":"product_tag","embeddable":true,"href":"https:\/\/compuviper.mx\/tienda\/wp-json\/wp\/v2\/product_tag?post=212319"}],"curies":[{"name":"wp","href":"https:\/\/api.w.org\/{rel}","templated":true}]}}