{"id":212315,"date":"2026-04-08T23:31:16","date_gmt":"2026-04-09T05:31:16","guid":{"rendered":"https:\/\/compuviper.mx\/tienda\/producto\/startech-com-sv211hdua-switch-conmutador-kvm-de-2-puertos-hdmi-usb-audio-mini-jack-con-cables-integrados-sin-alimentacion-externa-1080p-mod\/"},"modified":"2026-04-08T23:31:16","modified_gmt":"2026-04-09T05:31:16","slug":"startech-com-sv211hdua-switch-conmutador-kvm-de-2-puertos-hdmi-usb-audio-mini-jack-con-cables-integrados-sin-alimentacion-externa-1080p-mod","status":"publish","type":"product","link":"https:\/\/compuviper.mx\/tienda\/producto\/startech-com-sv211hdua-switch-conmutador-kvm-de-2-puertos-hdmi-usb-audio-mini-jack-con-cables-integrados-sin-alimentacion-externa-1080p-mod\/","title":{"rendered":"Startech.com Sv211hdua Switch Conmutador Kvm De 2 Puertos Hdmi? Usb Audio Mini Jack Con Cables Integrados Sin Alimentacion Externa &#8211; 1080p &#8211;  Mod."},"content":{"rendered":"<table class=\"descripcion\">\n<tr>\n<td>Caractersticas fsicas<\/td>\n<\/tr>\n<tr>\n<td>Altura del producto : 2.3 cm<\/td>\n<\/tr>\n<tr>\n<td>Ancho : 66 mm<\/td>\n<\/tr>\n<tr>\n<td>Longitud : 88 mm<\/td>\n<\/tr>\n<tr>\n<td>Peso : 350 g<\/td>\n<\/tr>\n<tr>\n<td>Color : negro<\/td>\n<\/tr>\n<tr>\n<td>Longitud del cable : 850 mm<\/td>\n<\/tr>\n<tr>\n<td>Tipo de gabinete : plstico<\/td>\n<\/tr>\n<tr>\n<td>Conectores<\/td>\n<\/tr>\n<tr>\n<td>Conectores del host : enchufe mini-jack de 3.5mm 3 posiciones<\/td>\n<\/tr>\n<tr>\n<td>Conectores del host : hdmi 19 pines<\/td>\n<\/tr>\n<tr>\n<td>Conectores del host : usb type-a 4 pines usb 2.0<\/td>\n<\/tr>\n<tr>\n<td>Interfazces de consola : enchufe mini-jack de 3.5mm 3 posiciones<\/td>\n<\/tr>\n<tr>\n<td>Interfazces de consola : hdmi 19 pines<\/td>\n<\/tr>\n<tr>\n<td>Interfazces de consola : usb type-a 4 pines usb 2.0<\/td>\n<\/tr>\n<tr>\n<td>Hardware<\/td>\n<\/tr>\n<tr>\n<td>Cables incluidos : s<\/td>\n<\/tr>\n<tr>\n<td>Cantidad de puertos kvm : 2<\/td>\n<\/tr>\n<tr>\n<td>Estndares industriales : hdcp<\/td>\n<\/tr>\n<tr>\n<td>Montaje en rack : no<\/td>\n<\/tr>\n<tr>\n<td>Plataformas admitidas : usb<\/td>\n<\/tr>\n<tr>\n<td>Sistema en cascada : no<\/td>\n<\/tr>\n<tr>\n<td>Soporte de audio : s<\/td>\n<\/tr>\n<tr>\n<td>Soporte de pantalla doble : 1<\/td>\n<\/tr>\n<tr>\n<td>Tipo de video pc : hdmi<\/td>\n<\/tr>\n<tr>\n<td>Rendimiento<\/td>\n<\/tr>\n<tr>\n<td>Control ip kvm : no<\/td>\n<\/tr>\n<tr>\n<td>Especificaciones de audio : soporte de audio de 3.5 mm y hdmi<\/td>\n<\/tr>\n<tr>\n<td>Hot-key selection : s<\/td>\n<\/tr>\n<tr>\n<td>Soporta osd y teclas de acceso directo : no<\/td>\n<\/tr>\n<tr>\n<td>Soporte para seleccin de puertos : botn pulsador, teclas de acceso directo y software<\/td>\n<\/tr>\n<\/table>\n","protected":false},"excerpt":{"rendered":"<p>El switch kvm de cables hdmi, con 2 puertos y control para la conmutacin remota y de audio, modelo sv211hdua, permite controlar dos computadoras equipadas con hdmi y usb mediante un solo conjunto de perifricos: un monitor, un teclado, un mouse y un solo audio. El switch incluye un botn para control remoto en un cable integrado de 1.5 metros, el cual se puede colocar en un lugar de fcil acceso, adems de teclas de acceso rpido para el teclado y software compatible con pc o mac para conmutar entre sistemas. Para\u00a0evitar\u00a0el uso de un adaptador externo de alimentacin, este switch kvm hdmi se alimenta mediante una conexin usb. Este\u00a0conmutador kvm con capacidad para video hdmi ofrece tambin\u00a0soporte para resoluciones de alta definicin de 1080 p hasta 1920&#215;1200, lo cual\u00a0permite el uso de pantallas hdmi grandes para aplicaciones que requieren salida grfica de alta resolucin. Cuenta con soporte tcnico gratuito de por vida.<\/p>\n","protected":false},"featured_media":212316,"comment_status":"open","ping_status":"open","template":"","meta":[],"product_cat":[1485,1518],"product_tag":[1590],"acf":[],"yoast_head":"<!-- This site is optimized with the Yoast SEO plugin v21.7 - https:\/\/yoast.com\/wordpress\/plugins\/seo\/ -->\n<title>[ Startech.com ] &#129351; Sv211hdua Switch Conmutador Kvm De 2 Puertos Hdmi\u00ae Usb Audio Mini Jack Con Cables Integrados Sin Alimentacion Externa - 1080p - Mod.<\/title>\n<meta name=\"description\" content=\"Compra Sv211hdua Switch Conmutador Kvm De 2 Puertos Hdmi\u00ae Usb Audio Mini Jack Con Cables Integrados Sin Alimentacion Externa - 1080p - Mod. + Env\u00edo a domicilio + Pago seguro + Garant\u00eda\" \/>\n<meta name=\"robots\" content=\"index, follow, max-snippet:-1, max-image-preview:large, max-video-preview:-1\" \/>\n<link rel=\"canonical\" href=\"https:\/\/compuviper.mx\/tienda\/producto\/startech-com-sv211hdua-switch-conmutador-kvm-de-2-puertos-hdmi-usb-audio-mini-jack-con-cables-integrados-sin-alimentacion-externa-1080p-mod\/\" \/>\n<meta property=\"og:locale\" content=\"es_MX\" \/>\n<meta property=\"og:type\" content=\"article\" \/>\n<meta property=\"og:title\" content=\"[ Startech.com ] &#129351; Sv211hdua Switch Conmutador Kvm De 2 Puertos Hdmi\u00ae Usb Audio Mini Jack Con Cables Integrados Sin Alimentacion Externa - 1080p - Mod.\" \/>\n<meta property=\"og:description\" content=\"Compra Sv211hdua Switch Conmutador Kvm De 2 Puertos Hdmi\u00ae Usb Audio Mini Jack Con Cables Integrados Sin Alimentacion Externa - 1080p - Mod. + Env\u00edo a domicilio + Pago seguro + Garant\u00eda\" \/>\n<meta property=\"og:url\" content=\"https:\/\/compuviper.mx\/tienda\/producto\/startech-com-sv211hdua-switch-conmutador-kvm-de-2-puertos-hdmi-usb-audio-mini-jack-con-cables-integrados-sin-alimentacion-externa-1080p-mod\/\" \/>\n<meta property=\"og:site_name\" content=\"Compuviper\" \/>\n<meta property=\"article:publisher\" content=\"https:\/\/www.facebook.com\/compuviper\" \/>\n<meta property=\"og:image\" content=\"https:\/\/compuviper.mx\/tienda\/wp-content\/uploads\/2023\/12\/Switch-conmutador-kvm-de-2-puertos-hdmi\u00ae-usb-audio-mini-jack-con-cables-integrados-sin-alimentacion-externa-1080p-startech.com-mod.-sv211hdua.jpg\" \/>\n\t<meta property=\"og:image:width\" content=\"200\" \/>\n\t<meta property=\"og:image:height\" content=\"200\" \/>\n\t<meta property=\"og:image:type\" content=\"image\/jpeg\" \/>\n<meta name=\"twitter:card\" content=\"summary_large_image\" \/>\n<meta name=\"twitter:label1\" content=\"Precio\" \/>\n\t<meta name=\"twitter:data1\" content=\"&#36;1,964 con IVA\" \/>\n\t<meta name=\"twitter:label2\" content=\"Availability\" \/>\n\t<meta name=\"twitter:data2\" content=\"Out of stock\" \/>\n<script type=\"application\/ld+json\" class=\"yoast-schema-graph\">{\"@context\":\"https:\/\/schema.org\",\"@graph\":[{\"@type\":\"WebPage\",\"@id\":\"https:\/\/compuviper.mx\/tienda\/producto\/startech-com-sv211hdua-switch-conmutador-kvm-de-2-puertos-hdmi-usb-audio-mini-jack-con-cables-integrados-sin-alimentacion-externa-1080p-mod\/\",\"url\":\"https:\/\/compuviper.mx\/tienda\/producto\/startech-com-sv211hdua-switch-conmutador-kvm-de-2-puertos-hdmi-usb-audio-mini-jack-con-cables-integrados-sin-alimentacion-externa-1080p-mod\/\",\"name\":\"[ Startech.com ] &#129351; Sv211hdua Switch Conmutador Kvm De 2 Puertos Hdmi\u00ae Usb Audio Mini Jack Con Cables Integrados Sin Alimentacion Externa - 1080p - Mod.\",\"isPartOf\":{\"@id\":\"https:\/\/compuviper.mx\/tienda\/#website\"},\"datePublished\":\"2026-04-09T05:31:16+00:00\",\"dateModified\":\"2026-04-09T05:31:16+00:00\",\"description\":\"Compra Sv211hdua Switch Conmutador Kvm De 2 Puertos Hdmi\u00ae Usb Audio Mini Jack Con Cables Integrados Sin Alimentacion Externa - 1080p - Mod. + Env\u00edo a domicilio + Pago seguro + Garant\u00eda\",\"breadcrumb\":{\"@id\":\"https:\/\/compuviper.mx\/tienda\/producto\/startech-com-sv211hdua-switch-conmutador-kvm-de-2-puertos-hdmi-usb-audio-mini-jack-con-cables-integrados-sin-alimentacion-externa-1080p-mod\/#breadcrumb\"},\"inLanguage\":\"es-MX\",\"potentialAction\":[{\"@type\":\"ReadAction\",\"target\":[\"https:\/\/compuviper.mx\/tienda\/producto\/startech-com-sv211hdua-switch-conmutador-kvm-de-2-puertos-hdmi-usb-audio-mini-jack-con-cables-integrados-sin-alimentacion-externa-1080p-mod\/\"]}]},{\"@type\":\"BreadcrumbList\",\"@id\":\"https:\/\/compuviper.mx\/tienda\/producto\/startech-com-sv211hdua-switch-conmutador-kvm-de-2-puertos-hdmi-usb-audio-mini-jack-con-cables-integrados-sin-alimentacion-externa-1080p-mod\/#breadcrumb\",\"itemListElement\":[{\"@type\":\"ListItem\",\"position\":1,\"name\":\"Inicio\",\"item\":\"https:\/\/compuviper.mx\/tienda\/\"},{\"@type\":\"ListItem\",\"position\":2,\"name\":\"Productos\",\"item\":\"https:\/\/compuviper.mx\/tienda\/productos\/\"},{\"@type\":\"ListItem\",\"position\":3,\"name\":\"Accesorios\",\"item\":\"https:\/\/compuviper.mx\/tienda\/categoria-producto\/accesorios\/\"},{\"@type\":\"ListItem\",\"position\":4,\"name\":\"Kvm\",\"item\":\"https:\/\/compuviper.mx\/tienda\/categoria-producto\/accesorios\/kvm\/\"},{\"@type\":\"ListItem\",\"position\":5,\"name\":\"Startech.com Sv211hdua Switch Conmutador Kvm De 2 Puertos Hdmi? Usb Audio Mini Jack Con Cables Integrados Sin Alimentacion Externa &#8211; 1080p &#8211; Mod.\"}]},{\"@type\":\"WebSite\",\"@id\":\"https:\/\/compuviper.mx\/tienda\/#website\",\"url\":\"https:\/\/compuviper.mx\/tienda\/\",\"name\":\"Compuviper\",\"description\":\"Proveedor de Computadoras, Laptops, Servidores, Monitores, Puntos de Venta, Teclados,   Impresoras, T\u00f3ner, C\u00e1maras de Seguridad y m\u00e1s en tu tienda en l\u00ednea\",\"publisher\":{\"@id\":\"https:\/\/compuviper.mx\/tienda\/#organization\"},\"potentialAction\":[{\"@type\":\"SearchAction\",\"target\":{\"@type\":\"EntryPoint\",\"urlTemplate\":\"https:\/\/compuviper.mx\/tienda\/?s={search_term_string}\"},\"query-input\":\"required name=search_term_string\"}],\"inLanguage\":\"es-MX\"},{\"@type\":\"Organization\",\"@id\":\"https:\/\/compuviper.mx\/tienda\/#organization\",\"name\":\"Compuviper\",\"url\":\"https:\/\/compuviper.mx\/tienda\/\",\"logo\":{\"@type\":\"ImageObject\",\"inLanguage\":\"es-MX\",\"@id\":\"https:\/\/compuviper.mx\/tienda\/#\/schema\/logo\/image\/\",\"url\":\"https:\/\/compuviper.mx\/tienda\/wp-content\/uploads\/2021\/08\/Logo-Compuviper-10.png\",\"contentUrl\":\"https:\/\/compuviper.mx\/tienda\/wp-content\/uploads\/2021\/08\/Logo-Compuviper-10.png\",\"width\":1000,\"height\":500,\"caption\":\"Compuviper\"},\"image\":{\"@id\":\"https:\/\/compuviper.mx\/tienda\/#\/schema\/logo\/image\/\"},\"sameAs\":[\"https:\/\/www.facebook.com\/compuviper\",\"https:\/\/www.youtube.com\/channel\/UCf73dERp9Y3cfOq7q8BhLjA?view_as=subscriber\"]}]}<\/script>\n<meta property=\"product:brand\" content=\"STARTECH.COM\" \/>\n<meta property=\"product:price:amount\" content=\"1964\" \/>\n<meta property=\"product:price:currency\" content=\"MXN\" \/>\n<meta property=\"og:availability\" content=\"out of stock\" \/>\n<meta property=\"product:availability\" content=\"out of stock\" \/>\n<meta property=\"product:retailer_item_id\" content=\"SV211HDUA\" \/>\n<meta property=\"product:condition\" content=\"new\" \/>\n<!-- \/ Yoast SEO plugin. -->","yoast_head_json":{"title":"[ Startech.com ] &#129351; Sv211hdua Switch Conmutador Kvm De 2 Puertos Hdmi\u00ae Usb Audio Mini Jack Con Cables Integrados Sin Alimentacion Externa - 1080p - Mod.","description":"Compra Sv211hdua Switch Conmutador Kvm De 2 Puertos Hdmi\u00ae Usb Audio Mini Jack Con Cables Integrados Sin Alimentacion Externa - 1080p - Mod. + Env\u00edo a domicilio + Pago seguro + Garant\u00eda","robots":{"index":"index","follow":"follow","max-snippet":"max-snippet:-1","max-image-preview":"max-image-preview:large","max-video-preview":"max-video-preview:-1"},"canonical":"https:\/\/compuviper.mx\/tienda\/producto\/startech-com-sv211hdua-switch-conmutador-kvm-de-2-puertos-hdmi-usb-audio-mini-jack-con-cables-integrados-sin-alimentacion-externa-1080p-mod\/","og_locale":"es_MX","og_type":"article","og_title":"[ Startech.com ] &#129351; Sv211hdua Switch Conmutador Kvm De 2 Puertos Hdmi\u00ae Usb Audio Mini Jack Con Cables Integrados Sin Alimentacion Externa - 1080p - Mod.","og_description":"Compra Sv211hdua Switch Conmutador Kvm De 2 Puertos Hdmi\u00ae Usb Audio Mini Jack Con Cables Integrados Sin Alimentacion Externa - 1080p - Mod. + Env\u00edo a domicilio + Pago seguro + Garant\u00eda","og_url":"https:\/\/compuviper.mx\/tienda\/producto\/startech-com-sv211hdua-switch-conmutador-kvm-de-2-puertos-hdmi-usb-audio-mini-jack-con-cables-integrados-sin-alimentacion-externa-1080p-mod\/","og_site_name":"Compuviper","article_publisher":"https:\/\/www.facebook.com\/compuviper","og_image":[{"width":200,"height":200,"url":"https:\/\/compuviper.mx\/tienda\/wp-content\/uploads\/2023\/12\/Switch-conmutador-kvm-de-2-puertos-hdmi\u00ae-usb-audio-mini-jack-con-cables-integrados-sin-alimentacion-externa-1080p-startech.com-mod.-sv211hdua.jpg","type":"image\/jpeg"}],"twitter_card":"summary_large_image","twitter_misc":{"Precio":"&#36;1,964 con IVA","Availability":"Out of stock"},"schema":{"@context":"https:\/\/schema.org","@graph":[{"@type":"WebPage","@id":"https:\/\/compuviper.mx\/tienda\/producto\/startech-com-sv211hdua-switch-conmutador-kvm-de-2-puertos-hdmi-usb-audio-mini-jack-con-cables-integrados-sin-alimentacion-externa-1080p-mod\/","url":"https:\/\/compuviper.mx\/tienda\/producto\/startech-com-sv211hdua-switch-conmutador-kvm-de-2-puertos-hdmi-usb-audio-mini-jack-con-cables-integrados-sin-alimentacion-externa-1080p-mod\/","name":"[ Startech.com ] &#129351; Sv211hdua Switch Conmutador Kvm De 2 Puertos Hdmi\u00ae Usb Audio Mini Jack Con Cables Integrados Sin Alimentacion Externa - 1080p - Mod.","isPartOf":{"@id":"https:\/\/compuviper.mx\/tienda\/#website"},"datePublished":"2026-04-09T05:31:16+00:00","dateModified":"2026-04-09T05:31:16+00:00","description":"Compra Sv211hdua Switch Conmutador Kvm De 2 Puertos Hdmi\u00ae Usb Audio Mini Jack Con Cables Integrados Sin Alimentacion Externa - 1080p - Mod. + Env\u00edo a domicilio + Pago seguro + Garant\u00eda","breadcrumb":{"@id":"https:\/\/compuviper.mx\/tienda\/producto\/startech-com-sv211hdua-switch-conmutador-kvm-de-2-puertos-hdmi-usb-audio-mini-jack-con-cables-integrados-sin-alimentacion-externa-1080p-mod\/#breadcrumb"},"inLanguage":"es-MX","potentialAction":[{"@type":"ReadAction","target":["https:\/\/compuviper.mx\/tienda\/producto\/startech-com-sv211hdua-switch-conmutador-kvm-de-2-puertos-hdmi-usb-audio-mini-jack-con-cables-integrados-sin-alimentacion-externa-1080p-mod\/"]}]},{"@type":"BreadcrumbList","@id":"https:\/\/compuviper.mx\/tienda\/producto\/startech-com-sv211hdua-switch-conmutador-kvm-de-2-puertos-hdmi-usb-audio-mini-jack-con-cables-integrados-sin-alimentacion-externa-1080p-mod\/#breadcrumb","itemListElement":[{"@type":"ListItem","position":1,"name":"Inicio","item":"https:\/\/compuviper.mx\/tienda\/"},{"@type":"ListItem","position":2,"name":"Productos","item":"https:\/\/compuviper.mx\/tienda\/productos\/"},{"@type":"ListItem","position":3,"name":"Accesorios","item":"https:\/\/compuviper.mx\/tienda\/categoria-producto\/accesorios\/"},{"@type":"ListItem","position":4,"name":"Kvm","item":"https:\/\/compuviper.mx\/tienda\/categoria-producto\/accesorios\/kvm\/"},{"@type":"ListItem","position":5,"name":"Startech.com Sv211hdua Switch Conmutador Kvm De 2 Puertos Hdmi? Usb Audio Mini Jack Con Cables Integrados Sin Alimentacion Externa &#8211; 1080p &#8211; Mod."}]},{"@type":"WebSite","@id":"https:\/\/compuviper.mx\/tienda\/#website","url":"https:\/\/compuviper.mx\/tienda\/","name":"Compuviper","description":"Proveedor de Computadoras, Laptops, Servidores, Monitores, Puntos de Venta, Teclados,   Impresoras, T\u00f3ner, C\u00e1maras de Seguridad y m\u00e1s en tu tienda en l\u00ednea","publisher":{"@id":"https:\/\/compuviper.mx\/tienda\/#organization"},"potentialAction":[{"@type":"SearchAction","target":{"@type":"EntryPoint","urlTemplate":"https:\/\/compuviper.mx\/tienda\/?s={search_term_string}"},"query-input":"required name=search_term_string"}],"inLanguage":"es-MX"},{"@type":"Organization","@id":"https:\/\/compuviper.mx\/tienda\/#organization","name":"Compuviper","url":"https:\/\/compuviper.mx\/tienda\/","logo":{"@type":"ImageObject","inLanguage":"es-MX","@id":"https:\/\/compuviper.mx\/tienda\/#\/schema\/logo\/image\/","url":"https:\/\/compuviper.mx\/tienda\/wp-content\/uploads\/2021\/08\/Logo-Compuviper-10.png","contentUrl":"https:\/\/compuviper.mx\/tienda\/wp-content\/uploads\/2021\/08\/Logo-Compuviper-10.png","width":1000,"height":500,"caption":"Compuviper"},"image":{"@id":"https:\/\/compuviper.mx\/tienda\/#\/schema\/logo\/image\/"},"sameAs":["https:\/\/www.facebook.com\/compuviper","https:\/\/www.youtube.com\/channel\/UCf73dERp9Y3cfOq7q8BhLjA?view_as=subscriber"]}]},"product_brand":"STARTECH.COM","product_price_amount":"1964","product_price_currency":"MXN","og_availability":"out of stock","product_availability":"out of stock","product_retailer_item_id":"SV211HDUA","product_condition":"new"},"_links":{"self":[{"href":"https:\/\/compuviper.mx\/tienda\/wp-json\/wp\/v2\/product\/212315"}],"collection":[{"href":"https:\/\/compuviper.mx\/tienda\/wp-json\/wp\/v2\/product"}],"about":[{"href":"https:\/\/compuviper.mx\/tienda\/wp-json\/wp\/v2\/types\/product"}],"replies":[{"embeddable":true,"href":"https:\/\/compuviper.mx\/tienda\/wp-json\/wp\/v2\/comments?post=212315"}],"wp:featuredmedia":[{"embeddable":true,"href":"https:\/\/compuviper.mx\/tienda\/wp-json\/wp\/v2\/media\/212316"}],"wp:attachment":[{"href":"https:\/\/compuviper.mx\/tienda\/wp-json\/wp\/v2\/media?parent=212315"}],"wp:term":[{"taxonomy":"product_cat","embeddable":true,"href":"https:\/\/compuviper.mx\/tienda\/wp-json\/wp\/v2\/product_cat?post=212315"},{"taxonomy":"product_tag","embeddable":true,"href":"https:\/\/compuviper.mx\/tienda\/wp-json\/wp\/v2\/product_tag?post=212315"}],"curies":[{"name":"wp","href":"https:\/\/api.w.org\/{rel}","templated":true}]}}