{"id":212313,"date":"2026-04-01T23:31:04","date_gmt":"2026-04-02T05:31:04","guid":{"rendered":"https:\/\/compuviper.mx\/tienda\/producto\/startech-com-usb31000sw-adaptador-tarjeta-de-red-externa-nic-usb-3-0-a-1gbps-gigabit-ethernet-1-puerto-1x-rj45-hembra-1x-usba-blanco-mod\/"},"modified":"2026-04-01T23:31:05","modified_gmt":"2026-04-02T05:31:05","slug":"startech-com-usb31000sw-adaptador-tarjeta-de-red-externa-nic-usb-3-0-a-1gbps-gigabit-ethernet-1-puerto-1x-rj45-hembra-1x-usba-blanco-mod","status":"publish","type":"product","link":"https:\/\/compuviper.mx\/tienda\/producto\/startech-com-usb31000sw-adaptador-tarjeta-de-red-externa-nic-usb-3-0-a-1gbps-gigabit-ethernet-1-puerto-1x-rj45-hembra-1x-usba-blanco-mod\/","title":{"rendered":"Startech.com Usb31000sw Adaptador Tarjeta De Red Externa Nic Usb 3.0 A 1gbps Gigabit Ethernet 1 Puerto &#8211; 1x Rj45 Hembra &#8211; 1x Usba &#8211; Blanco &#8211;  Mod."},"content":{"rendered":"<table class=\"descripcion\">\n<tr>\n<td>Contenido de la caja<\/td>\n<\/tr>\n<tr>\n<td>Incluido en la caja : manual de instrucciones<\/td>\n<\/tr>\n<tr>\n<td>Hardware<\/td>\n<\/tr>\n<tr>\n<td>Cantidad de puertos : 1<\/td>\n<\/tr>\n<tr>\n<td>Estndares industriales : conforme a las normas ieee802.3i, ieee 802.3u, ieee 802.3ab, ieee 802.3az, ieee 802.1q etiquetado vlan<\/td>\n<\/tr>\n<tr>\n<td>Id del conjunto de chips : asix &#8211; ax88179<\/td>\n<\/tr>\n<tr>\n<td>Interfaz : rj45 ethernet gigabit<\/td>\n<\/tr>\n<tr>\n<td>Tipo de bus : usb 3.0<\/td>\n<\/tr>\n<tr>\n<td>Indicadores<\/td>\n<\/tr>\n<tr>\n<td>Indicadores led : actividad amarillo<\/td>\n<\/tr>\n<tr>\n<td>Indicadores led : enlace verde<\/td>\n<\/tr>\n<tr>\n<td>Rendimiento<\/td>\n<\/tr>\n<tr>\n<td>Distancia mxima : 100 m<\/td>\n<\/tr>\n<tr>\n<td>Jumbo frame support : 4k max.<\/td>\n<\/tr>\n<tr>\n<td>Mdix automtico : s<\/td>\n<\/tr>\n<tr>\n<td>Redes compatibles : 10\/100\/1000 mbps<\/td>\n<\/tr>\n<tr>\n<td>Soporte full duplex  : s<\/td>\n<\/tr>\n<tr>\n<td>Tipo y velocidad : usb 3.0 &#8211; 5 gbit\/s<\/td>\n<\/tr>\n<tr>\n<td>Conectores<\/td>\n<\/tr>\n<tr>\n<td>Tipos de conectores : usb type-a 9 pines usb 3.0<\/td>\n<\/tr>\n<tr>\n<td>Tipos de conectores : rj-45<\/td>\n<\/tr>\n<tr>\n<td>Caractersticas fsicas<\/td>\n<\/tr>\n<tr>\n<td>Tipo de gabinete : plstico<\/td>\n<\/tr>\n<tr>\n<td>Peso del producto : 27 g<\/td>\n<\/tr>\n<tr>\n<td>Longitud del producto : 21 cm<\/td>\n<\/tr>\n<tr>\n<td>Form factor : cable integrado<\/td>\n<\/tr>\n<tr>\n<td>Color : blanco<\/td>\n<\/tr>\n<tr>\n<td>Ancho del producto : 26 mm<\/td>\n<\/tr>\n<tr>\n<td>Altura del producto : 1.6 cm<\/td>\n<\/tr>\n<\/table>\n","protected":false},"excerpt":{"rendered":"<p>La tarjeta adaptadora de usb 3.0 a ethernet gigabit, modelo usb31000sw, permite agregar un nico puerto ethernet rj45 a un sistema informtico con usb disponible, con soporte para conexiones de red gigabit a pleno ancho de banda cuando se utiliza con una conexin host usb 3.0, a diferencia de adaptadoras usb 2.0. Esta compacta adaptadora de red usb 3.0 es retrocompatible con sistemas informticos usb 2.0\/1.X de generacin anterior velocidad limitada por el bus usb, lo cual la convierte en la adaptadora de red porttil o accesorio de laptop ideal. Adems, con soporte para funciones como tramas jumbo, etiquetado vlan y wol wake on lan, reinicio mediante red, el adaptador ofrece un verstil rendimiento de red gigabit tanto en el caso de usuarios domsticos, como de empresas. La tarjeta adaptadora gigabit usb 3.0, modelo usb31000sw, cuenta con soporte tcnico gratuito de por vida.<\/p>\n","protected":false},"featured_media":212314,"comment_status":"open","ping_status":"open","template":"","meta":[],"product_cat":[1485,1492],"product_tag":[1590],"acf":[],"yoast_head":"<!-- This site is optimized with the Yoast SEO plugin v21.7 - https:\/\/yoast.com\/wordpress\/plugins\/seo\/ -->\n<title>[ Startech.com ] &#129351; Usb31000sw Adaptador Tarjeta De Red Externa Nic Usb 3.0 A 1gbps Gigabit Ethernet 1 Puerto - 1x Rj45 Hembra - 1x Usba - Blanco - Mod.<\/title>\n<meta name=\"description\" content=\"Compra Usb31000sw Adaptador Tarjeta De Red Externa Nic Usb 3.0 A 1gbps Gigabit Ethernet 1 Puerto - 1x Rj45 Hembra - 1x Usba - Blanco - Mod. + Env\u00edo a domicilio + Pago seguro + Garant\u00eda\" \/>\n<meta name=\"robots\" content=\"index, follow, max-snippet:-1, max-image-preview:large, max-video-preview:-1\" \/>\n<link rel=\"canonical\" href=\"https:\/\/compuviper.mx\/tienda\/producto\/startech-com-usb31000sw-adaptador-tarjeta-de-red-externa-nic-usb-3-0-a-1gbps-gigabit-ethernet-1-puerto-1x-rj45-hembra-1x-usba-blanco-mod\/\" \/>\n<meta property=\"og:locale\" content=\"es_MX\" \/>\n<meta property=\"og:type\" content=\"article\" \/>\n<meta property=\"og:title\" content=\"[ Startech.com ] &#129351; Usb31000sw Adaptador Tarjeta De Red Externa Nic Usb 3.0 A 1gbps Gigabit Ethernet 1 Puerto - 1x Rj45 Hembra - 1x Usba - Blanco - Mod.\" \/>\n<meta property=\"og:description\" content=\"Compra Usb31000sw Adaptador Tarjeta De Red Externa Nic Usb 3.0 A 1gbps Gigabit Ethernet 1 Puerto - 1x Rj45 Hembra - 1x Usba - Blanco - Mod. + Env\u00edo a domicilio + Pago seguro + Garant\u00eda\" \/>\n<meta property=\"og:url\" content=\"https:\/\/compuviper.mx\/tienda\/producto\/startech-com-usb31000sw-adaptador-tarjeta-de-red-externa-nic-usb-3-0-a-1gbps-gigabit-ethernet-1-puerto-1x-rj45-hembra-1x-usba-blanco-mod\/\" \/>\n<meta property=\"og:site_name\" content=\"Compuviper\" \/>\n<meta property=\"article:publisher\" content=\"https:\/\/www.facebook.com\/compuviper\" \/>\n<meta property=\"article:modified_time\" content=\"2026-04-02T05:31:05+00:00\" \/>\n<meta property=\"og:image\" content=\"https:\/\/compuviper.mx\/tienda\/wp-content\/uploads\/2023\/12\/Adaptador-tarjeta-de-red-externa-nic-usb-3.0-a-1gbps-gigabit-ethernet-1-puerto-1x-rj45-hembra-1x-usba-blanco-startech.com-mod.-usb31000sw.jpg\" \/>\n\t<meta property=\"og:image:width\" content=\"200\" \/>\n\t<meta property=\"og:image:height\" content=\"200\" \/>\n\t<meta property=\"og:image:type\" content=\"image\/jpeg\" \/>\n<meta name=\"twitter:card\" content=\"summary_large_image\" \/>\n<meta name=\"twitter:label1\" content=\"Precio\" \/>\n\t<meta name=\"twitter:data1\" content=\"&#36;576 con IVA\" \/>\n\t<meta name=\"twitter:label2\" content=\"Availability\" \/>\n\t<meta name=\"twitter:data2\" content=\"In stock\" \/>\n<script type=\"application\/ld+json\" class=\"yoast-schema-graph\">{\"@context\":\"https:\/\/schema.org\",\"@graph\":[{\"@type\":\"WebPage\",\"@id\":\"https:\/\/compuviper.mx\/tienda\/producto\/startech-com-usb31000sw-adaptador-tarjeta-de-red-externa-nic-usb-3-0-a-1gbps-gigabit-ethernet-1-puerto-1x-rj45-hembra-1x-usba-blanco-mod\/\",\"url\":\"https:\/\/compuviper.mx\/tienda\/producto\/startech-com-usb31000sw-adaptador-tarjeta-de-red-externa-nic-usb-3-0-a-1gbps-gigabit-ethernet-1-puerto-1x-rj45-hembra-1x-usba-blanco-mod\/\",\"name\":\"[ Startech.com ] &#129351; Usb31000sw Adaptador Tarjeta De Red Externa Nic Usb 3.0 A 1gbps Gigabit Ethernet 1 Puerto - 1x Rj45 Hembra - 1x Usba - Blanco - Mod.\",\"isPartOf\":{\"@id\":\"https:\/\/compuviper.mx\/tienda\/#website\"},\"datePublished\":\"2026-04-02T05:31:04+00:00\",\"dateModified\":\"2026-04-02T05:31:05+00:00\",\"description\":\"Compra Usb31000sw Adaptador Tarjeta De Red Externa Nic Usb 3.0 A 1gbps Gigabit Ethernet 1 Puerto - 1x Rj45 Hembra - 1x Usba - Blanco - Mod. + Env\u00edo a domicilio + Pago seguro + Garant\u00eda\",\"breadcrumb\":{\"@id\":\"https:\/\/compuviper.mx\/tienda\/producto\/startech-com-usb31000sw-adaptador-tarjeta-de-red-externa-nic-usb-3-0-a-1gbps-gigabit-ethernet-1-puerto-1x-rj45-hembra-1x-usba-blanco-mod\/#breadcrumb\"},\"inLanguage\":\"es-MX\",\"potentialAction\":[{\"@type\":\"ReadAction\",\"target\":[\"https:\/\/compuviper.mx\/tienda\/producto\/startech-com-usb31000sw-adaptador-tarjeta-de-red-externa-nic-usb-3-0-a-1gbps-gigabit-ethernet-1-puerto-1x-rj45-hembra-1x-usba-blanco-mod\/\"]}]},{\"@type\":\"BreadcrumbList\",\"@id\":\"https:\/\/compuviper.mx\/tienda\/producto\/startech-com-usb31000sw-adaptador-tarjeta-de-red-externa-nic-usb-3-0-a-1gbps-gigabit-ethernet-1-puerto-1x-rj45-hembra-1x-usba-blanco-mod\/#breadcrumb\",\"itemListElement\":[{\"@type\":\"ListItem\",\"position\":1,\"name\":\"Inicio\",\"item\":\"https:\/\/compuviper.mx\/tienda\/\"},{\"@type\":\"ListItem\",\"position\":2,\"name\":\"Productos\",\"item\":\"https:\/\/compuviper.mx\/tienda\/productos\/\"},{\"@type\":\"ListItem\",\"position\":3,\"name\":\"Accesorios\",\"item\":\"https:\/\/compuviper.mx\/tienda\/categoria-producto\/accesorios\/\"},{\"@type\":\"ListItem\",\"position\":4,\"name\":\"Adaptadores\",\"item\":\"https:\/\/compuviper.mx\/tienda\/categoria-producto\/accesorios\/adaptadores\/\"},{\"@type\":\"ListItem\",\"position\":5,\"name\":\"Startech.com Usb31000sw Adaptador Tarjeta De Red Externa Nic Usb 3.0 A 1gbps Gigabit Ethernet 1 Puerto &#8211; 1x Rj45 Hembra &#8211; 1x Usba &#8211; Blanco &#8211; Mod.\"}]},{\"@type\":\"WebSite\",\"@id\":\"https:\/\/compuviper.mx\/tienda\/#website\",\"url\":\"https:\/\/compuviper.mx\/tienda\/\",\"name\":\"Compuviper\",\"description\":\"Proveedor de Computadoras, Laptops, Servidores, Monitores, Puntos de Venta, Teclados,   Impresoras, T\u00f3ner, C\u00e1maras de Seguridad y m\u00e1s en tu tienda en l\u00ednea\",\"publisher\":{\"@id\":\"https:\/\/compuviper.mx\/tienda\/#organization\"},\"potentialAction\":[{\"@type\":\"SearchAction\",\"target\":{\"@type\":\"EntryPoint\",\"urlTemplate\":\"https:\/\/compuviper.mx\/tienda\/?s={search_term_string}\"},\"query-input\":\"required name=search_term_string\"}],\"inLanguage\":\"es-MX\"},{\"@type\":\"Organization\",\"@id\":\"https:\/\/compuviper.mx\/tienda\/#organization\",\"name\":\"Compuviper\",\"url\":\"https:\/\/compuviper.mx\/tienda\/\",\"logo\":{\"@type\":\"ImageObject\",\"inLanguage\":\"es-MX\",\"@id\":\"https:\/\/compuviper.mx\/tienda\/#\/schema\/logo\/image\/\",\"url\":\"https:\/\/compuviper.mx\/tienda\/wp-content\/uploads\/2021\/08\/Logo-Compuviper-10.png\",\"contentUrl\":\"https:\/\/compuviper.mx\/tienda\/wp-content\/uploads\/2021\/08\/Logo-Compuviper-10.png\",\"width\":1000,\"height\":500,\"caption\":\"Compuviper\"},\"image\":{\"@id\":\"https:\/\/compuviper.mx\/tienda\/#\/schema\/logo\/image\/\"},\"sameAs\":[\"https:\/\/www.facebook.com\/compuviper\",\"https:\/\/www.youtube.com\/channel\/UCf73dERp9Y3cfOq7q8BhLjA?view_as=subscriber\"]}]}<\/script>\n<meta property=\"product:brand\" content=\"STARTECH.COM\" \/>\n<meta property=\"product:price:amount\" content=\"576\" \/>\n<meta property=\"product:price:currency\" content=\"MXN\" \/>\n<meta property=\"og:availability\" content=\"instock\" \/>\n<meta property=\"product:availability\" content=\"instock\" \/>\n<meta property=\"product:retailer_item_id\" content=\"USB31000SW\" \/>\n<meta property=\"product:condition\" content=\"new\" \/>\n<!-- \/ Yoast SEO plugin. -->","yoast_head_json":{"title":"[ Startech.com ] &#129351; Usb31000sw Adaptador Tarjeta De Red Externa Nic Usb 3.0 A 1gbps Gigabit Ethernet 1 Puerto - 1x Rj45 Hembra - 1x Usba - Blanco - Mod.","description":"Compra Usb31000sw Adaptador Tarjeta De Red Externa Nic Usb 3.0 A 1gbps Gigabit Ethernet 1 Puerto - 1x Rj45 Hembra - 1x Usba - Blanco - Mod. + Env\u00edo a domicilio + Pago seguro + Garant\u00eda","robots":{"index":"index","follow":"follow","max-snippet":"max-snippet:-1","max-image-preview":"max-image-preview:large","max-video-preview":"max-video-preview:-1"},"canonical":"https:\/\/compuviper.mx\/tienda\/producto\/startech-com-usb31000sw-adaptador-tarjeta-de-red-externa-nic-usb-3-0-a-1gbps-gigabit-ethernet-1-puerto-1x-rj45-hembra-1x-usba-blanco-mod\/","og_locale":"es_MX","og_type":"article","og_title":"[ Startech.com ] &#129351; Usb31000sw Adaptador Tarjeta De Red Externa Nic Usb 3.0 A 1gbps Gigabit Ethernet 1 Puerto - 1x Rj45 Hembra - 1x Usba - Blanco - Mod.","og_description":"Compra Usb31000sw Adaptador Tarjeta De Red Externa Nic Usb 3.0 A 1gbps Gigabit Ethernet 1 Puerto - 1x Rj45 Hembra - 1x Usba - Blanco - Mod. + Env\u00edo a domicilio + Pago seguro + Garant\u00eda","og_url":"https:\/\/compuviper.mx\/tienda\/producto\/startech-com-usb31000sw-adaptador-tarjeta-de-red-externa-nic-usb-3-0-a-1gbps-gigabit-ethernet-1-puerto-1x-rj45-hembra-1x-usba-blanco-mod\/","og_site_name":"Compuviper","article_publisher":"https:\/\/www.facebook.com\/compuviper","article_modified_time":"2026-04-02T05:31:05+00:00","og_image":[{"width":200,"height":200,"url":"https:\/\/compuviper.mx\/tienda\/wp-content\/uploads\/2023\/12\/Adaptador-tarjeta-de-red-externa-nic-usb-3.0-a-1gbps-gigabit-ethernet-1-puerto-1x-rj45-hembra-1x-usba-blanco-startech.com-mod.-usb31000sw.jpg","type":"image\/jpeg"}],"twitter_card":"summary_large_image","twitter_misc":{"Precio":"&#36;576 con IVA","Availability":"In stock"},"schema":{"@context":"https:\/\/schema.org","@graph":[{"@type":"WebPage","@id":"https:\/\/compuviper.mx\/tienda\/producto\/startech-com-usb31000sw-adaptador-tarjeta-de-red-externa-nic-usb-3-0-a-1gbps-gigabit-ethernet-1-puerto-1x-rj45-hembra-1x-usba-blanco-mod\/","url":"https:\/\/compuviper.mx\/tienda\/producto\/startech-com-usb31000sw-adaptador-tarjeta-de-red-externa-nic-usb-3-0-a-1gbps-gigabit-ethernet-1-puerto-1x-rj45-hembra-1x-usba-blanco-mod\/","name":"[ Startech.com ] &#129351; Usb31000sw Adaptador Tarjeta De Red Externa Nic Usb 3.0 A 1gbps Gigabit Ethernet 1 Puerto - 1x Rj45 Hembra - 1x Usba - Blanco - Mod.","isPartOf":{"@id":"https:\/\/compuviper.mx\/tienda\/#website"},"datePublished":"2026-04-02T05:31:04+00:00","dateModified":"2026-04-02T05:31:05+00:00","description":"Compra Usb31000sw Adaptador Tarjeta De Red Externa Nic Usb 3.0 A 1gbps Gigabit Ethernet 1 Puerto - 1x Rj45 Hembra - 1x Usba - Blanco - Mod. + Env\u00edo a domicilio + Pago seguro + Garant\u00eda","breadcrumb":{"@id":"https:\/\/compuviper.mx\/tienda\/producto\/startech-com-usb31000sw-adaptador-tarjeta-de-red-externa-nic-usb-3-0-a-1gbps-gigabit-ethernet-1-puerto-1x-rj45-hembra-1x-usba-blanco-mod\/#breadcrumb"},"inLanguage":"es-MX","potentialAction":[{"@type":"ReadAction","target":["https:\/\/compuviper.mx\/tienda\/producto\/startech-com-usb31000sw-adaptador-tarjeta-de-red-externa-nic-usb-3-0-a-1gbps-gigabit-ethernet-1-puerto-1x-rj45-hembra-1x-usba-blanco-mod\/"]}]},{"@type":"BreadcrumbList","@id":"https:\/\/compuviper.mx\/tienda\/producto\/startech-com-usb31000sw-adaptador-tarjeta-de-red-externa-nic-usb-3-0-a-1gbps-gigabit-ethernet-1-puerto-1x-rj45-hembra-1x-usba-blanco-mod\/#breadcrumb","itemListElement":[{"@type":"ListItem","position":1,"name":"Inicio","item":"https:\/\/compuviper.mx\/tienda\/"},{"@type":"ListItem","position":2,"name":"Productos","item":"https:\/\/compuviper.mx\/tienda\/productos\/"},{"@type":"ListItem","position":3,"name":"Accesorios","item":"https:\/\/compuviper.mx\/tienda\/categoria-producto\/accesorios\/"},{"@type":"ListItem","position":4,"name":"Adaptadores","item":"https:\/\/compuviper.mx\/tienda\/categoria-producto\/accesorios\/adaptadores\/"},{"@type":"ListItem","position":5,"name":"Startech.com Usb31000sw Adaptador Tarjeta De Red Externa Nic Usb 3.0 A 1gbps Gigabit Ethernet 1 Puerto &#8211; 1x Rj45 Hembra &#8211; 1x Usba &#8211; Blanco &#8211; Mod."}]},{"@type":"WebSite","@id":"https:\/\/compuviper.mx\/tienda\/#website","url":"https:\/\/compuviper.mx\/tienda\/","name":"Compuviper","description":"Proveedor de Computadoras, Laptops, Servidores, Monitores, Puntos de Venta, Teclados,   Impresoras, T\u00f3ner, C\u00e1maras de Seguridad y m\u00e1s en tu tienda en l\u00ednea","publisher":{"@id":"https:\/\/compuviper.mx\/tienda\/#organization"},"potentialAction":[{"@type":"SearchAction","target":{"@type":"EntryPoint","urlTemplate":"https:\/\/compuviper.mx\/tienda\/?s={search_term_string}"},"query-input":"required name=search_term_string"}],"inLanguage":"es-MX"},{"@type":"Organization","@id":"https:\/\/compuviper.mx\/tienda\/#organization","name":"Compuviper","url":"https:\/\/compuviper.mx\/tienda\/","logo":{"@type":"ImageObject","inLanguage":"es-MX","@id":"https:\/\/compuviper.mx\/tienda\/#\/schema\/logo\/image\/","url":"https:\/\/compuviper.mx\/tienda\/wp-content\/uploads\/2021\/08\/Logo-Compuviper-10.png","contentUrl":"https:\/\/compuviper.mx\/tienda\/wp-content\/uploads\/2021\/08\/Logo-Compuviper-10.png","width":1000,"height":500,"caption":"Compuviper"},"image":{"@id":"https:\/\/compuviper.mx\/tienda\/#\/schema\/logo\/image\/"},"sameAs":["https:\/\/www.facebook.com\/compuviper","https:\/\/www.youtube.com\/channel\/UCf73dERp9Y3cfOq7q8BhLjA?view_as=subscriber"]}]},"product_brand":"STARTECH.COM","product_price_amount":"576","product_price_currency":"MXN","og_availability":"instock","product_availability":"instock","product_retailer_item_id":"USB31000SW","product_condition":"new"},"_links":{"self":[{"href":"https:\/\/compuviper.mx\/tienda\/wp-json\/wp\/v2\/product\/212313"}],"collection":[{"href":"https:\/\/compuviper.mx\/tienda\/wp-json\/wp\/v2\/product"}],"about":[{"href":"https:\/\/compuviper.mx\/tienda\/wp-json\/wp\/v2\/types\/product"}],"replies":[{"embeddable":true,"href":"https:\/\/compuviper.mx\/tienda\/wp-json\/wp\/v2\/comments?post=212313"}],"wp:featuredmedia":[{"embeddable":true,"href":"https:\/\/compuviper.mx\/tienda\/wp-json\/wp\/v2\/media\/212314"}],"wp:attachment":[{"href":"https:\/\/compuviper.mx\/tienda\/wp-json\/wp\/v2\/media?parent=212313"}],"wp:term":[{"taxonomy":"product_cat","embeddable":true,"href":"https:\/\/compuviper.mx\/tienda\/wp-json\/wp\/v2\/product_cat?post=212313"},{"taxonomy":"product_tag","embeddable":true,"href":"https:\/\/compuviper.mx\/tienda\/wp-json\/wp\/v2\/product_tag?post=212313"}],"curies":[{"name":"wp","href":"https:\/\/api.w.org\/{rel}","templated":true}]}}