{"id":212307,"date":"2026-04-01T23:31:03","date_gmt":"2026-04-02T05:31:03","guid":{"rendered":"https:\/\/compuviper.mx\/tienda\/producto\/startech-com-st4300usb3-hub-usb-3-0-de-4-puertos-adaptador-concentrador-hub-usb-3-0-super-speed-de-4-puertos-con-alimentacion-independiente-4x-usb-a-hembra-1x-usb-b-hembra-mod\/"},"modified":"2026-04-01T23:31:03","modified_gmt":"2026-04-02T05:31:03","slug":"startech-com-st4300usb3-hub-usb-3-0-de-4-puertos-adaptador-concentrador-hub-usb-3-0-super-speed-de-4-puertos-con-alimentacion-independiente-4x-usb-a-hembra-1x-usb-b-hembra-mod","status":"publish","type":"product","link":"https:\/\/compuviper.mx\/tienda\/producto\/startech-com-st4300usb3-hub-usb-3-0-de-4-puertos-adaptador-concentrador-hub-usb-3-0-super-speed-de-4-puertos-con-alimentacion-independiente-4x-usb-a-hembra-1x-usb-b-hembra-mod\/","title":{"rendered":"Startech.com St4300usb3 Hub Usb 3.0 De 4 Puertos &#8211; Adaptador Concentrador Hub Usb 3.0 Super Speed De 4 Puertos Con Alimentacion Independiente &#8211; 4x Usb A Hembra &#8211; 1x Usb B Hembra &#8211;  Mod."},"content":{"rendered":"<table class=\"descripcion\">\n<tr>\n<td>Caractersticas fsicas<\/td>\n<\/tr>\n<tr>\n<td>Altura del producto : 2.3 cm<\/td>\n<\/tr>\n<tr>\n<td>Ancho del producto : 68 mm<\/td>\n<\/tr>\n<tr>\n<td>Color : negro<\/td>\n<\/tr>\n<tr>\n<td>Factor de forma : de escritorio<\/td>\n<\/tr>\n<tr>\n<td>Longitud del producto : 95 mm<\/td>\n<\/tr>\n<tr>\n<td>Peso del producto : 84 g<\/td>\n<\/tr>\n<tr>\n<td>Tipo de gabinete : plstico<\/td>\n<\/tr>\n<tr>\n<td>Conectores<\/td>\n<\/tr>\n<tr>\n<td>Puertos externos : usb type-a 9 pines usb 3.0<\/td>\n<\/tr>\n<tr>\n<td>Puertos externos : usb type-b 9 pines usb 3.0<\/td>\n<\/tr>\n<tr>\n<td>Contenido de la caja<\/td>\n<\/tr>\n<tr>\n<td>Incluido en la caja : adaptador de alimentacin<\/td>\n<\/tr>\n<tr>\n<td>Incluido en la caja : cable usb 3.0<\/td>\n<\/tr>\n<tr>\n<td>Incluido en la caja : concentrador usb 3.0<\/td>\n<\/tr>\n<tr>\n<td>Incluido en la caja : manual de instrucciones<\/td>\n<\/tr>\n<tr>\n<td>Hardware<\/td>\n<\/tr>\n<tr>\n<td>Cantidad de puertos : 4<\/td>\n<\/tr>\n<tr>\n<td>Conexin anfitrin usb-c : no<\/td>\n<\/tr>\n<tr>\n<td>Id del conjunto de chips : via\/vli &#8211; vl811<\/td>\n<\/tr>\n<tr>\n<td>Interfaz : usb 3.0<\/td>\n<\/tr>\n<tr>\n<td>Puertos de carga rpida : no<\/td>\n<\/tr>\n<tr>\n<td>Puertos de dispositivos usb-c : no<\/td>\n<\/tr>\n<tr>\n<td>Indicadores<\/td>\n<\/tr>\n<tr>\n<td>Indicadores led : encendido azul<\/td>\n<\/tr>\n<tr>\n<td>Observaciones \/ requisitos<\/td>\n<\/tr>\n<tr>\n<td>Requerimientos del sistema y cables  : controlador de host compatible con usb 3.0 o 2.0 o 1.x y con un puerto disponible.<\/td>\n<\/tr>\n<tr>\n<td>Rendimiento<\/td>\n<\/tr>\n<tr>\n<td>Mtbf : 24.000 horas<\/td>\n<\/tr>\n<tr>\n<td>Tasa de transferencia de datos mxima : 5 gbps<\/td>\n<\/tr>\n<\/table>\n","protected":false},"excerpt":{"rendered":"<p>El concentrador usb 3.0 superspeed\u00a0de 4 puertos, modelo st4300usb3eu, permite ampliar en 4 puertos usb 3.0 una conexin usb 3.0 con el sistema host de una computadora. Con retrocompatibilidad con las normas para usb 2.0 y usb 1.X, este hub usb 3.0 tambin soporta dispositivos usb de generacin anterior y puede utilizarse en un sistema ms antiguo que no tenga puertos usb 3.0. Debido a que permite mezclar y ajustarse a dispositivos usb 3.0\/2.0\/1.X, y se puede utilizar con o sin el adaptador de alimentacin externa, este concentrador ofrece la mejor versatilidad y portabilidad.<\/p>\n","protected":false},"featured_media":212308,"comment_status":"open","ping_status":"open","template":"","meta":[],"product_cat":[1485,1492],"product_tag":[1590],"acf":[],"yoast_head":"<!-- This site is optimized with the Yoast SEO plugin v21.7 - https:\/\/yoast.com\/wordpress\/plugins\/seo\/ -->\n<title>[ Startech.com ] &#129351; St4300usb3 Hub Usb 3.0 De 4 Puertos - Adaptador Concentrador Hub Usb 3.0 Super Speed De 4 Puertos Con Alimentacion Independiente - 4x Usb A Hembra - 1x Usb B Hembra - Mod.<\/title>\n<meta name=\"description\" content=\"Compra St4300usb3 Hub Usb 3.0 De 4 Puertos - Adaptador Concentrador Hub Usb 3.0 Super Speed De 4 Puertos Con Alimentacion Independiente - 4x Usb A Hembra - 1x Usb B Hembra - Mod. + Env\u00edo a domicilio + Pago seguro + Garant\u00eda\" \/>\n<meta name=\"robots\" content=\"index, follow, max-snippet:-1, max-image-preview:large, max-video-preview:-1\" \/>\n<link rel=\"canonical\" href=\"https:\/\/compuviper.mx\/tienda\/producto\/startech-com-st4300usb3-hub-usb-3-0-de-4-puertos-adaptador-concentrador-hub-usb-3-0-super-speed-de-4-puertos-con-alimentacion-independiente-4x-usb-a-hembra-1x-usb-b-hembra-mod\/\" \/>\n<meta property=\"og:locale\" content=\"es_MX\" \/>\n<meta property=\"og:type\" content=\"article\" \/>\n<meta property=\"og:title\" content=\"[ Startech.com ] &#129351; St4300usb3 Hub Usb 3.0 De 4 Puertos - Adaptador Concentrador Hub Usb 3.0 Super Speed De 4 Puertos Con Alimentacion Independiente - 4x Usb A Hembra - 1x Usb B Hembra - Mod.\" \/>\n<meta property=\"og:description\" content=\"Compra St4300usb3 Hub Usb 3.0 De 4 Puertos - Adaptador Concentrador Hub Usb 3.0 Super Speed De 4 Puertos Con Alimentacion Independiente - 4x Usb A Hembra - 1x Usb B Hembra - Mod. + Env\u00edo a domicilio + Pago seguro + Garant\u00eda\" \/>\n<meta property=\"og:url\" content=\"https:\/\/compuviper.mx\/tienda\/producto\/startech-com-st4300usb3-hub-usb-3-0-de-4-puertos-adaptador-concentrador-hub-usb-3-0-super-speed-de-4-puertos-con-alimentacion-independiente-4x-usb-a-hembra-1x-usb-b-hembra-mod\/\" \/>\n<meta property=\"og:site_name\" content=\"Compuviper\" \/>\n<meta property=\"article:publisher\" content=\"https:\/\/www.facebook.com\/compuviper\" \/>\n<meta property=\"og:image\" content=\"https:\/\/compuviper.mx\/tienda\/wp-content\/uploads\/2023\/12\/Hub-usb-3.0-de-4-puertos-adaptador-concentrador-hub-usb-3.0-super-speed-de-4-puertos-con-alimentacion-independiente-4x-usb-a-hembra-1x-usb-b-hembra-startech.com-mod.-st4300usb3.jpg\" \/>\n\t<meta property=\"og:image:width\" content=\"200\" \/>\n\t<meta property=\"og:image:height\" content=\"200\" \/>\n\t<meta property=\"og:image:type\" content=\"image\/jpeg\" \/>\n<meta name=\"twitter:card\" content=\"summary_large_image\" \/>\n<meta name=\"twitter:label1\" content=\"Precio\" \/>\n\t<meta name=\"twitter:data1\" content=\"&#36;1,006 con IVA\" \/>\n\t<meta name=\"twitter:label2\" content=\"Availability\" \/>\n\t<meta name=\"twitter:data2\" content=\"Out of stock\" \/>\n<script type=\"application\/ld+json\" class=\"yoast-schema-graph\">{\"@context\":\"https:\/\/schema.org\",\"@graph\":[{\"@type\":\"WebPage\",\"@id\":\"https:\/\/compuviper.mx\/tienda\/producto\/startech-com-st4300usb3-hub-usb-3-0-de-4-puertos-adaptador-concentrador-hub-usb-3-0-super-speed-de-4-puertos-con-alimentacion-independiente-4x-usb-a-hembra-1x-usb-b-hembra-mod\/\",\"url\":\"https:\/\/compuviper.mx\/tienda\/producto\/startech-com-st4300usb3-hub-usb-3-0-de-4-puertos-adaptador-concentrador-hub-usb-3-0-super-speed-de-4-puertos-con-alimentacion-independiente-4x-usb-a-hembra-1x-usb-b-hembra-mod\/\",\"name\":\"[ Startech.com ] &#129351; St4300usb3 Hub Usb 3.0 De 4 Puertos - Adaptador Concentrador Hub Usb 3.0 Super Speed De 4 Puertos Con Alimentacion Independiente - 4x Usb A Hembra - 1x Usb B Hembra - Mod.\",\"isPartOf\":{\"@id\":\"https:\/\/compuviper.mx\/tienda\/#website\"},\"datePublished\":\"2026-04-02T05:31:03+00:00\",\"dateModified\":\"2026-04-02T05:31:03+00:00\",\"description\":\"Compra St4300usb3 Hub Usb 3.0 De 4 Puertos - Adaptador Concentrador Hub Usb 3.0 Super Speed De 4 Puertos Con Alimentacion Independiente - 4x Usb A Hembra - 1x Usb B Hembra - Mod. + Env\u00edo a domicilio + Pago seguro + Garant\u00eda\",\"breadcrumb\":{\"@id\":\"https:\/\/compuviper.mx\/tienda\/producto\/startech-com-st4300usb3-hub-usb-3-0-de-4-puertos-adaptador-concentrador-hub-usb-3-0-super-speed-de-4-puertos-con-alimentacion-independiente-4x-usb-a-hembra-1x-usb-b-hembra-mod\/#breadcrumb\"},\"inLanguage\":\"es-MX\",\"potentialAction\":[{\"@type\":\"ReadAction\",\"target\":[\"https:\/\/compuviper.mx\/tienda\/producto\/startech-com-st4300usb3-hub-usb-3-0-de-4-puertos-adaptador-concentrador-hub-usb-3-0-super-speed-de-4-puertos-con-alimentacion-independiente-4x-usb-a-hembra-1x-usb-b-hembra-mod\/\"]}]},{\"@type\":\"BreadcrumbList\",\"@id\":\"https:\/\/compuviper.mx\/tienda\/producto\/startech-com-st4300usb3-hub-usb-3-0-de-4-puertos-adaptador-concentrador-hub-usb-3-0-super-speed-de-4-puertos-con-alimentacion-independiente-4x-usb-a-hembra-1x-usb-b-hembra-mod\/#breadcrumb\",\"itemListElement\":[{\"@type\":\"ListItem\",\"position\":1,\"name\":\"Inicio\",\"item\":\"https:\/\/compuviper.mx\/tienda\/\"},{\"@type\":\"ListItem\",\"position\":2,\"name\":\"Productos\",\"item\":\"https:\/\/compuviper.mx\/tienda\/productos\/\"},{\"@type\":\"ListItem\",\"position\":3,\"name\":\"Accesorios\",\"item\":\"https:\/\/compuviper.mx\/tienda\/categoria-producto\/accesorios\/\"},{\"@type\":\"ListItem\",\"position\":4,\"name\":\"Adaptadores\",\"item\":\"https:\/\/compuviper.mx\/tienda\/categoria-producto\/accesorios\/adaptadores\/\"},{\"@type\":\"ListItem\",\"position\":5,\"name\":\"Startech.com St4300usb3 Hub Usb 3.0 De 4 Puertos &#8211; Adaptador Concentrador Hub Usb 3.0 Super Speed De 4 Puertos Con Alimentacion Independiente &#8211; 4x Usb A Hembra &#8211; 1x Usb B Hembra &#8211; Mod.\"}]},{\"@type\":\"WebSite\",\"@id\":\"https:\/\/compuviper.mx\/tienda\/#website\",\"url\":\"https:\/\/compuviper.mx\/tienda\/\",\"name\":\"Compuviper\",\"description\":\"Proveedor de Computadoras, Laptops, Servidores, Monitores, Puntos de Venta, Teclados,   Impresoras, T\u00f3ner, C\u00e1maras de Seguridad y m\u00e1s en tu tienda en l\u00ednea\",\"publisher\":{\"@id\":\"https:\/\/compuviper.mx\/tienda\/#organization\"},\"potentialAction\":[{\"@type\":\"SearchAction\",\"target\":{\"@type\":\"EntryPoint\",\"urlTemplate\":\"https:\/\/compuviper.mx\/tienda\/?s={search_term_string}\"},\"query-input\":\"required name=search_term_string\"}],\"inLanguage\":\"es-MX\"},{\"@type\":\"Organization\",\"@id\":\"https:\/\/compuviper.mx\/tienda\/#organization\",\"name\":\"Compuviper\",\"url\":\"https:\/\/compuviper.mx\/tienda\/\",\"logo\":{\"@type\":\"ImageObject\",\"inLanguage\":\"es-MX\",\"@id\":\"https:\/\/compuviper.mx\/tienda\/#\/schema\/logo\/image\/\",\"url\":\"https:\/\/compuviper.mx\/tienda\/wp-content\/uploads\/2021\/08\/Logo-Compuviper-10.png\",\"contentUrl\":\"https:\/\/compuviper.mx\/tienda\/wp-content\/uploads\/2021\/08\/Logo-Compuviper-10.png\",\"width\":1000,\"height\":500,\"caption\":\"Compuviper\"},\"image\":{\"@id\":\"https:\/\/compuviper.mx\/tienda\/#\/schema\/logo\/image\/\"},\"sameAs\":[\"https:\/\/www.facebook.com\/compuviper\",\"https:\/\/www.youtube.com\/channel\/UCf73dERp9Y3cfOq7q8BhLjA?view_as=subscriber\"]}]}<\/script>\n<meta property=\"product:brand\" content=\"STARTECH.COM\" \/>\n<meta property=\"product:price:amount\" content=\"1006\" \/>\n<meta property=\"product:price:currency\" content=\"MXN\" \/>\n<meta property=\"og:availability\" content=\"out of stock\" \/>\n<meta property=\"product:availability\" content=\"out of stock\" \/>\n<meta property=\"product:retailer_item_id\" content=\"ST4300USB3\" \/>\n<meta property=\"product:condition\" content=\"new\" \/>\n<!-- \/ Yoast SEO plugin. -->","yoast_head_json":{"title":"[ Startech.com ] &#129351; St4300usb3 Hub Usb 3.0 De 4 Puertos - Adaptador Concentrador Hub Usb 3.0 Super Speed De 4 Puertos Con Alimentacion Independiente - 4x Usb A Hembra - 1x Usb B Hembra - Mod.","description":"Compra St4300usb3 Hub Usb 3.0 De 4 Puertos - Adaptador Concentrador Hub Usb 3.0 Super Speed De 4 Puertos Con Alimentacion Independiente - 4x Usb A Hembra - 1x Usb B Hembra - Mod. + Env\u00edo a domicilio + Pago seguro + Garant\u00eda","robots":{"index":"index","follow":"follow","max-snippet":"max-snippet:-1","max-image-preview":"max-image-preview:large","max-video-preview":"max-video-preview:-1"},"canonical":"https:\/\/compuviper.mx\/tienda\/producto\/startech-com-st4300usb3-hub-usb-3-0-de-4-puertos-adaptador-concentrador-hub-usb-3-0-super-speed-de-4-puertos-con-alimentacion-independiente-4x-usb-a-hembra-1x-usb-b-hembra-mod\/","og_locale":"es_MX","og_type":"article","og_title":"[ Startech.com ] &#129351; St4300usb3 Hub Usb 3.0 De 4 Puertos - Adaptador Concentrador Hub Usb 3.0 Super Speed De 4 Puertos Con Alimentacion Independiente - 4x Usb A Hembra - 1x Usb B Hembra - Mod.","og_description":"Compra St4300usb3 Hub Usb 3.0 De 4 Puertos - Adaptador Concentrador Hub Usb 3.0 Super Speed De 4 Puertos Con Alimentacion Independiente - 4x Usb A Hembra - 1x Usb B Hembra - Mod. + Env\u00edo a domicilio + Pago seguro + Garant\u00eda","og_url":"https:\/\/compuviper.mx\/tienda\/producto\/startech-com-st4300usb3-hub-usb-3-0-de-4-puertos-adaptador-concentrador-hub-usb-3-0-super-speed-de-4-puertos-con-alimentacion-independiente-4x-usb-a-hembra-1x-usb-b-hembra-mod\/","og_site_name":"Compuviper","article_publisher":"https:\/\/www.facebook.com\/compuviper","og_image":[{"width":200,"height":200,"url":"https:\/\/compuviper.mx\/tienda\/wp-content\/uploads\/2023\/12\/Hub-usb-3.0-de-4-puertos-adaptador-concentrador-hub-usb-3.0-super-speed-de-4-puertos-con-alimentacion-independiente-4x-usb-a-hembra-1x-usb-b-hembra-startech.com-mod.-st4300usb3.jpg","type":"image\/jpeg"}],"twitter_card":"summary_large_image","twitter_misc":{"Precio":"&#36;1,006 con IVA","Availability":"Out of stock"},"schema":{"@context":"https:\/\/schema.org","@graph":[{"@type":"WebPage","@id":"https:\/\/compuviper.mx\/tienda\/producto\/startech-com-st4300usb3-hub-usb-3-0-de-4-puertos-adaptador-concentrador-hub-usb-3-0-super-speed-de-4-puertos-con-alimentacion-independiente-4x-usb-a-hembra-1x-usb-b-hembra-mod\/","url":"https:\/\/compuviper.mx\/tienda\/producto\/startech-com-st4300usb3-hub-usb-3-0-de-4-puertos-adaptador-concentrador-hub-usb-3-0-super-speed-de-4-puertos-con-alimentacion-independiente-4x-usb-a-hembra-1x-usb-b-hembra-mod\/","name":"[ Startech.com ] &#129351; St4300usb3 Hub Usb 3.0 De 4 Puertos - Adaptador Concentrador Hub Usb 3.0 Super Speed De 4 Puertos Con Alimentacion Independiente - 4x Usb A Hembra - 1x Usb B Hembra - Mod.","isPartOf":{"@id":"https:\/\/compuviper.mx\/tienda\/#website"},"datePublished":"2026-04-02T05:31:03+00:00","dateModified":"2026-04-02T05:31:03+00:00","description":"Compra St4300usb3 Hub Usb 3.0 De 4 Puertos - Adaptador Concentrador Hub Usb 3.0 Super Speed De 4 Puertos Con Alimentacion Independiente - 4x Usb A Hembra - 1x Usb B Hembra - Mod. + Env\u00edo a domicilio + Pago seguro + Garant\u00eda","breadcrumb":{"@id":"https:\/\/compuviper.mx\/tienda\/producto\/startech-com-st4300usb3-hub-usb-3-0-de-4-puertos-adaptador-concentrador-hub-usb-3-0-super-speed-de-4-puertos-con-alimentacion-independiente-4x-usb-a-hembra-1x-usb-b-hembra-mod\/#breadcrumb"},"inLanguage":"es-MX","potentialAction":[{"@type":"ReadAction","target":["https:\/\/compuviper.mx\/tienda\/producto\/startech-com-st4300usb3-hub-usb-3-0-de-4-puertos-adaptador-concentrador-hub-usb-3-0-super-speed-de-4-puertos-con-alimentacion-independiente-4x-usb-a-hembra-1x-usb-b-hembra-mod\/"]}]},{"@type":"BreadcrumbList","@id":"https:\/\/compuviper.mx\/tienda\/producto\/startech-com-st4300usb3-hub-usb-3-0-de-4-puertos-adaptador-concentrador-hub-usb-3-0-super-speed-de-4-puertos-con-alimentacion-independiente-4x-usb-a-hembra-1x-usb-b-hembra-mod\/#breadcrumb","itemListElement":[{"@type":"ListItem","position":1,"name":"Inicio","item":"https:\/\/compuviper.mx\/tienda\/"},{"@type":"ListItem","position":2,"name":"Productos","item":"https:\/\/compuviper.mx\/tienda\/productos\/"},{"@type":"ListItem","position":3,"name":"Accesorios","item":"https:\/\/compuviper.mx\/tienda\/categoria-producto\/accesorios\/"},{"@type":"ListItem","position":4,"name":"Adaptadores","item":"https:\/\/compuviper.mx\/tienda\/categoria-producto\/accesorios\/adaptadores\/"},{"@type":"ListItem","position":5,"name":"Startech.com St4300usb3 Hub Usb 3.0 De 4 Puertos &#8211; Adaptador Concentrador Hub Usb 3.0 Super Speed De 4 Puertos Con Alimentacion Independiente &#8211; 4x Usb A Hembra &#8211; 1x Usb B Hembra &#8211; Mod."}]},{"@type":"WebSite","@id":"https:\/\/compuviper.mx\/tienda\/#website","url":"https:\/\/compuviper.mx\/tienda\/","name":"Compuviper","description":"Proveedor de Computadoras, Laptops, Servidores, Monitores, Puntos de Venta, Teclados,   Impresoras, T\u00f3ner, C\u00e1maras de Seguridad y m\u00e1s en tu tienda en l\u00ednea","publisher":{"@id":"https:\/\/compuviper.mx\/tienda\/#organization"},"potentialAction":[{"@type":"SearchAction","target":{"@type":"EntryPoint","urlTemplate":"https:\/\/compuviper.mx\/tienda\/?s={search_term_string}"},"query-input":"required name=search_term_string"}],"inLanguage":"es-MX"},{"@type":"Organization","@id":"https:\/\/compuviper.mx\/tienda\/#organization","name":"Compuviper","url":"https:\/\/compuviper.mx\/tienda\/","logo":{"@type":"ImageObject","inLanguage":"es-MX","@id":"https:\/\/compuviper.mx\/tienda\/#\/schema\/logo\/image\/","url":"https:\/\/compuviper.mx\/tienda\/wp-content\/uploads\/2021\/08\/Logo-Compuviper-10.png","contentUrl":"https:\/\/compuviper.mx\/tienda\/wp-content\/uploads\/2021\/08\/Logo-Compuviper-10.png","width":1000,"height":500,"caption":"Compuviper"},"image":{"@id":"https:\/\/compuviper.mx\/tienda\/#\/schema\/logo\/image\/"},"sameAs":["https:\/\/www.facebook.com\/compuviper","https:\/\/www.youtube.com\/channel\/UCf73dERp9Y3cfOq7q8BhLjA?view_as=subscriber"]}]},"product_brand":"STARTECH.COM","product_price_amount":"1006","product_price_currency":"MXN","og_availability":"out of stock","product_availability":"out of stock","product_retailer_item_id":"ST4300USB3","product_condition":"new"},"_links":{"self":[{"href":"https:\/\/compuviper.mx\/tienda\/wp-json\/wp\/v2\/product\/212307"}],"collection":[{"href":"https:\/\/compuviper.mx\/tienda\/wp-json\/wp\/v2\/product"}],"about":[{"href":"https:\/\/compuviper.mx\/tienda\/wp-json\/wp\/v2\/types\/product"}],"replies":[{"embeddable":true,"href":"https:\/\/compuviper.mx\/tienda\/wp-json\/wp\/v2\/comments?post=212307"}],"wp:featuredmedia":[{"embeddable":true,"href":"https:\/\/compuviper.mx\/tienda\/wp-json\/wp\/v2\/media\/212308"}],"wp:attachment":[{"href":"https:\/\/compuviper.mx\/tienda\/wp-json\/wp\/v2\/media?parent=212307"}],"wp:term":[{"taxonomy":"product_cat","embeddable":true,"href":"https:\/\/compuviper.mx\/tienda\/wp-json\/wp\/v2\/product_cat?post=212307"},{"taxonomy":"product_tag","embeddable":true,"href":"https:\/\/compuviper.mx\/tienda\/wp-json\/wp\/v2\/product_tag?post=212307"}],"curies":[{"name":"wp","href":"https:\/\/api.w.org\/{rel}","templated":true}]}}