{"id":212299,"date":"2026-04-01T23:31:00","date_gmt":"2026-04-02T05:31:00","guid":{"rendered":"https:\/\/compuviper.mx\/tienda\/producto\/startech-com-hb30c4ab-hub-usb-3-0-de-4-puertos-usb-c-a-4x-usb-a-alimentado-por-el-bus-conversor-de-usb-c-a-usb-convencional-mod\/"},"modified":"2026-04-01T23:31:00","modified_gmt":"2026-04-02T05:31:00","slug":"startech-com-hb30c4ab-hub-usb-3-0-de-4-puertos-usb-c-a-4x-usb-a-alimentado-por-el-bus-conversor-de-usb-c-a-usb-convencional-mod","status":"publish","type":"product","link":"https:\/\/compuviper.mx\/tienda\/producto\/startech-com-hb30c4ab-hub-usb-3-0-de-4-puertos-usb-c-a-4x-usb-a-alimentado-por-el-bus-conversor-de-usb-c-a-usb-convencional-mod\/","title":{"rendered":"Startech.com Hb30c4ab Hub Usb 3.0 De 4 Puertos &#8211; Usb-c A 4x Usb-a Alimentado Por El Bus &#8211; Conversor De Usb C A Usb Convencional &#8211;  Mod."},"content":{"rendered":"<table class=\"descripcion\">\n<tr>\n<td>Caracter\u00edsticas f\u00edsicas<\/td>\n<\/tr>\n<tr>\n<td>Altura del producto : 1.5 cm<\/td>\n<\/tr>\n<tr>\n<td>Ancho del producto : 41 mm<\/td>\n<\/tr>\n<tr>\n<td>Color : negro<\/td>\n<\/tr>\n<tr>\n<td>Factor de forma : compacto<\/td>\n<\/tr>\n<tr>\n<td>Longitud del cable : 146 mm<\/td>\n<\/tr>\n<tr>\n<td>Longitud del producto : 80 mm<\/td>\n<\/tr>\n<tr>\n<td>Peso del producto : 35 g<\/td>\n<\/tr>\n<tr>\n<td>Tipo de gabinete : pl\u00e1stico<\/td>\n<\/tr>\n<tr>\n<td>Conector(es)<\/td>\n<\/tr>\n<tr>\n<td>Tipo(s) de conector(es) : usb type-a (9 pines) usb 3.0<\/td>\n<\/tr>\n<tr>\n<td>Tipo(s) de conector(es) : usb type-c (24 pines) usb 3.0 (5gbps)<\/td>\n<\/tr>\n<tr>\n<td>Hardware<\/td>\n<\/tr>\n<tr>\n<td>Cantidad de puertos : 4<\/td>\n<\/tr>\n<tr>\n<td>Conexi\u00f3n anfitri\u00f3n usb-c : s\u00ed<\/td>\n<\/tr>\n<tr>\n<td>Est\u00e1ndares industriales : usb 3.0 &#8211; compatible con usb 2.0 y 1.1<\/td>\n<\/tr>\n<tr>\n<td>Id del conjunto de chips : via\/vli &#8211; vl812<\/td>\n<\/tr>\n<tr>\n<td>Interfaz : usb 3.0<\/td>\n<\/tr>\n<tr>\n<td>Puerto(s) de carga r\u00e1pida : no<\/td>\n<\/tr>\n<tr>\n<td>Puerto(s) de dispositivos usb-c : no<\/td>\n<\/tr>\n<tr>\n<td>Tipo de bus : usb 3.0<\/td>\n<\/tr>\n<tr>\n<td>Observaciones \/ requisitos<\/td>\n<\/tr>\n<tr>\n<td>Nota : usb 3.0 es tambi\u00e9n conocido como usb 3.1 gen 1; este est\u00e1ndar de conectividad ofrece velocidades de hasta 5gbps.<\/td>\n<\/tr>\n<tr>\n<td>Requerimientos del sistema y cables  : puerto usb type-c disponible &#8211; usb 3.0 (5gbps)<\/td>\n<\/tr>\n<tr>\n<td>Rendimiento<\/td>\n<\/tr>\n<tr>\n<td>Tasa de transferencia de datos m\u00e1xima : 5 gbps<\/td>\n<\/tr>\n<tr>\n<td>Tipo y velocidad : usb 3.0 &#8211; 5 gbit\/s<\/td>\n<\/tr>\n<\/table>\n","protected":false},"excerpt":{"rendered":"<p>He aqu\u00ed un accesorio indispensable si tiene una computadora\u00a0equipada\u00a0con usb-c y necesita m\u00e1s puertos usb-a. Este concentrador port\u00e1til usb 3.0 ampl\u00eda la conectividad de su computadora de escritorio o laptop, ya que a\u00f1ade cuatro puertos usb type-a, a trav\u00e9s de un solo puerto usb type-c o thunderbolt 3. Y dado que ofrece alimentaci\u00f3n por bus usb, no es necesario conectarlo a un adaptador de alimentaci\u00f3n externo, lo cual resulta pr\u00e1ctico al viajar\/desplazarse y evita enredos de\u00a0cables alrededor de sus\u00a0estaciones de trabajo. El dise\u00f1o compacto y ligero de este concentrador usb est\u00e1 ideado para facilitar la movilidad. Este concentrador usb tiene compatibilidad multiplataforma, lo cual significa que funciona con una amplia gama de modelos de laptop. Tambi\u00e9n funciona con varios sistemas operativos, como windows, mac, linux y chrome os. Se instala autom\u00e1ticamente una vez que lo conecta a su laptop. El modelo hb30c4ab cuenta con soporte t\u00e9cnico gratuito de por vida.<\/p>\n","protected":false},"featured_media":212300,"comment_status":"open","ping_status":"open","template":"","meta":[],"product_cat":[1485,1497],"product_tag":[1590],"acf":[],"yoast_head":"<!-- This site is optimized with the Yoast SEO plugin v21.7 - https:\/\/yoast.com\/wordpress\/plugins\/seo\/ -->\n<title>[ Startech.com ] &#129351; Hb30c4ab Hub Usb 3.0 De 4 Puertos - Usb-c A 4x Usb-a Alimentado Por El Bus - Conversor De Usb C A Usb Convencional - Mod.<\/title>\n<meta name=\"description\" content=\"Compra Hb30c4ab Hub Usb 3.0 De 4 Puertos - Usb-c A 4x Usb-a Alimentado Por El Bus - Conversor De Usb C A Usb Convencional - Mod. + Env\u00edo a domicilio + Pago seguro + Garant\u00eda\" \/>\n<meta name=\"robots\" content=\"index, follow, max-snippet:-1, max-image-preview:large, max-video-preview:-1\" \/>\n<link rel=\"canonical\" href=\"https:\/\/compuviper.mx\/tienda\/producto\/startech-com-hb30c4ab-hub-usb-3-0-de-4-puertos-usb-c-a-4x-usb-a-alimentado-por-el-bus-conversor-de-usb-c-a-usb-convencional-mod\/\" \/>\n<meta property=\"og:locale\" content=\"es_MX\" \/>\n<meta property=\"og:type\" content=\"article\" \/>\n<meta property=\"og:title\" content=\"[ Startech.com ] &#129351; Hb30c4ab Hub Usb 3.0 De 4 Puertos - Usb-c A 4x Usb-a Alimentado Por El Bus - Conversor De Usb C A Usb Convencional - Mod.\" \/>\n<meta property=\"og:description\" content=\"Compra Hb30c4ab Hub Usb 3.0 De 4 Puertos - Usb-c A 4x Usb-a Alimentado Por El Bus - Conversor De Usb C A Usb Convencional - Mod. + Env\u00edo a domicilio + Pago seguro + Garant\u00eda\" \/>\n<meta property=\"og:url\" content=\"https:\/\/compuviper.mx\/tienda\/producto\/startech-com-hb30c4ab-hub-usb-3-0-de-4-puertos-usb-c-a-4x-usb-a-alimentado-por-el-bus-conversor-de-usb-c-a-usb-convencional-mod\/\" \/>\n<meta property=\"og:site_name\" content=\"Compuviper\" \/>\n<meta property=\"article:publisher\" content=\"https:\/\/www.facebook.com\/compuviper\" \/>\n<meta property=\"og:image\" content=\"https:\/\/compuviper.mx\/tienda\/wp-content\/uploads\/2023\/12\/Hub-usb-3.0-de-4-puertos-usb-c-a-4x-usb-a-alimentado-por-el-bus-conversor-de-usb-c-a-usb-convencional-startech.com-mod.-hb30c4ab.jpg\" \/>\n\t<meta property=\"og:image:width\" content=\"200\" \/>\n\t<meta property=\"og:image:height\" content=\"200\" \/>\n\t<meta property=\"og:image:type\" content=\"image\/jpeg\" \/>\n<meta name=\"twitter:card\" content=\"summary_large_image\" \/>\n<meta name=\"twitter:label1\" content=\"Precio\" \/>\n\t<meta name=\"twitter:data1\" content=\"&#36;759 con IVA\" \/>\n\t<meta name=\"twitter:label2\" content=\"Availability\" \/>\n\t<meta name=\"twitter:data2\" content=\"Out of stock\" \/>\n<script type=\"application\/ld+json\" class=\"yoast-schema-graph\">{\"@context\":\"https:\/\/schema.org\",\"@graph\":[{\"@type\":\"WebPage\",\"@id\":\"https:\/\/compuviper.mx\/tienda\/producto\/startech-com-hb30c4ab-hub-usb-3-0-de-4-puertos-usb-c-a-4x-usb-a-alimentado-por-el-bus-conversor-de-usb-c-a-usb-convencional-mod\/\",\"url\":\"https:\/\/compuviper.mx\/tienda\/producto\/startech-com-hb30c4ab-hub-usb-3-0-de-4-puertos-usb-c-a-4x-usb-a-alimentado-por-el-bus-conversor-de-usb-c-a-usb-convencional-mod\/\",\"name\":\"[ Startech.com ] &#129351; Hb30c4ab Hub Usb 3.0 De 4 Puertos - Usb-c A 4x Usb-a Alimentado Por El Bus - Conversor De Usb C A Usb Convencional - Mod.\",\"isPartOf\":{\"@id\":\"https:\/\/compuviper.mx\/tienda\/#website\"},\"datePublished\":\"2026-04-02T05:31:00+00:00\",\"dateModified\":\"2026-04-02T05:31:00+00:00\",\"description\":\"Compra Hb30c4ab Hub Usb 3.0 De 4 Puertos - Usb-c A 4x Usb-a Alimentado Por El Bus - Conversor De Usb C A Usb Convencional - Mod. + Env\u00edo a domicilio + Pago seguro + Garant\u00eda\",\"breadcrumb\":{\"@id\":\"https:\/\/compuviper.mx\/tienda\/producto\/startech-com-hb30c4ab-hub-usb-3-0-de-4-puertos-usb-c-a-4x-usb-a-alimentado-por-el-bus-conversor-de-usb-c-a-usb-convencional-mod\/#breadcrumb\"},\"inLanguage\":\"es-MX\",\"potentialAction\":[{\"@type\":\"ReadAction\",\"target\":[\"https:\/\/compuviper.mx\/tienda\/producto\/startech-com-hb30c4ab-hub-usb-3-0-de-4-puertos-usb-c-a-4x-usb-a-alimentado-por-el-bus-conversor-de-usb-c-a-usb-convencional-mod\/\"]}]},{\"@type\":\"BreadcrumbList\",\"@id\":\"https:\/\/compuviper.mx\/tienda\/producto\/startech-com-hb30c4ab-hub-usb-3-0-de-4-puertos-usb-c-a-4x-usb-a-alimentado-por-el-bus-conversor-de-usb-c-a-usb-convencional-mod\/#breadcrumb\",\"itemListElement\":[{\"@type\":\"ListItem\",\"position\":1,\"name\":\"Inicio\",\"item\":\"https:\/\/compuviper.mx\/tienda\/\"},{\"@type\":\"ListItem\",\"position\":2,\"name\":\"Productos\",\"item\":\"https:\/\/compuviper.mx\/tienda\/productos\/\"},{\"@type\":\"ListItem\",\"position\":3,\"name\":\"Accesorios\",\"item\":\"https:\/\/compuviper.mx\/tienda\/categoria-producto\/accesorios\/\"},{\"@type\":\"ListItem\",\"position\":4,\"name\":\"Hub Usb\",\"item\":\"https:\/\/compuviper.mx\/tienda\/categoria-producto\/accesorios\/hub-usb\/\"},{\"@type\":\"ListItem\",\"position\":5,\"name\":\"Startech.com Hb30c4ab Hub Usb 3.0 De 4 Puertos &#8211; Usb-c A 4x Usb-a Alimentado Por El Bus &#8211; Conversor De Usb C A Usb Convencional &#8211; Mod.\"}]},{\"@type\":\"WebSite\",\"@id\":\"https:\/\/compuviper.mx\/tienda\/#website\",\"url\":\"https:\/\/compuviper.mx\/tienda\/\",\"name\":\"Compuviper\",\"description\":\"Proveedor de Computadoras, Laptops, Servidores, Monitores, Puntos de Venta, Teclados,   Impresoras, T\u00f3ner, C\u00e1maras de Seguridad y m\u00e1s en tu tienda en l\u00ednea\",\"publisher\":{\"@id\":\"https:\/\/compuviper.mx\/tienda\/#organization\"},\"potentialAction\":[{\"@type\":\"SearchAction\",\"target\":{\"@type\":\"EntryPoint\",\"urlTemplate\":\"https:\/\/compuviper.mx\/tienda\/?s={search_term_string}\"},\"query-input\":\"required name=search_term_string\"}],\"inLanguage\":\"es-MX\"},{\"@type\":\"Organization\",\"@id\":\"https:\/\/compuviper.mx\/tienda\/#organization\",\"name\":\"Compuviper\",\"url\":\"https:\/\/compuviper.mx\/tienda\/\",\"logo\":{\"@type\":\"ImageObject\",\"inLanguage\":\"es-MX\",\"@id\":\"https:\/\/compuviper.mx\/tienda\/#\/schema\/logo\/image\/\",\"url\":\"https:\/\/compuviper.mx\/tienda\/wp-content\/uploads\/2021\/08\/Logo-Compuviper-10.png\",\"contentUrl\":\"https:\/\/compuviper.mx\/tienda\/wp-content\/uploads\/2021\/08\/Logo-Compuviper-10.png\",\"width\":1000,\"height\":500,\"caption\":\"Compuviper\"},\"image\":{\"@id\":\"https:\/\/compuviper.mx\/tienda\/#\/schema\/logo\/image\/\"},\"sameAs\":[\"https:\/\/www.facebook.com\/compuviper\",\"https:\/\/www.youtube.com\/channel\/UCf73dERp9Y3cfOq7q8BhLjA?view_as=subscriber\"]}]}<\/script>\n<meta property=\"product:brand\" content=\"STARTECH.COM\" \/>\n<meta property=\"product:price:amount\" content=\"759\" \/>\n<meta property=\"product:price:currency\" content=\"MXN\" \/>\n<meta property=\"og:availability\" content=\"out of stock\" \/>\n<meta property=\"product:availability\" content=\"out of stock\" \/>\n<meta property=\"product:retailer_item_id\" content=\"HB30C4AB\" \/>\n<meta property=\"product:condition\" content=\"new\" \/>\n<!-- \/ Yoast SEO plugin. -->","yoast_head_json":{"title":"[ Startech.com ] &#129351; Hb30c4ab Hub Usb 3.0 De 4 Puertos - Usb-c A 4x Usb-a Alimentado Por El Bus - Conversor De Usb C A Usb Convencional - Mod.","description":"Compra Hb30c4ab Hub Usb 3.0 De 4 Puertos - Usb-c A 4x Usb-a Alimentado Por El Bus - Conversor De Usb C A Usb Convencional - Mod. + Env\u00edo a domicilio + Pago seguro + Garant\u00eda","robots":{"index":"index","follow":"follow","max-snippet":"max-snippet:-1","max-image-preview":"max-image-preview:large","max-video-preview":"max-video-preview:-1"},"canonical":"https:\/\/compuviper.mx\/tienda\/producto\/startech-com-hb30c4ab-hub-usb-3-0-de-4-puertos-usb-c-a-4x-usb-a-alimentado-por-el-bus-conversor-de-usb-c-a-usb-convencional-mod\/","og_locale":"es_MX","og_type":"article","og_title":"[ Startech.com ] &#129351; Hb30c4ab Hub Usb 3.0 De 4 Puertos - Usb-c A 4x Usb-a Alimentado Por El Bus - Conversor De Usb C A Usb Convencional - Mod.","og_description":"Compra Hb30c4ab Hub Usb 3.0 De 4 Puertos - Usb-c A 4x Usb-a Alimentado Por El Bus - Conversor De Usb C A Usb Convencional - Mod. + Env\u00edo a domicilio + Pago seguro + Garant\u00eda","og_url":"https:\/\/compuviper.mx\/tienda\/producto\/startech-com-hb30c4ab-hub-usb-3-0-de-4-puertos-usb-c-a-4x-usb-a-alimentado-por-el-bus-conversor-de-usb-c-a-usb-convencional-mod\/","og_site_name":"Compuviper","article_publisher":"https:\/\/www.facebook.com\/compuviper","og_image":[{"width":200,"height":200,"url":"https:\/\/compuviper.mx\/tienda\/wp-content\/uploads\/2023\/12\/Hub-usb-3.0-de-4-puertos-usb-c-a-4x-usb-a-alimentado-por-el-bus-conversor-de-usb-c-a-usb-convencional-startech.com-mod.-hb30c4ab.jpg","type":"image\/jpeg"}],"twitter_card":"summary_large_image","twitter_misc":{"Precio":"&#36;759 con IVA","Availability":"Out of stock"},"schema":{"@context":"https:\/\/schema.org","@graph":[{"@type":"WebPage","@id":"https:\/\/compuviper.mx\/tienda\/producto\/startech-com-hb30c4ab-hub-usb-3-0-de-4-puertos-usb-c-a-4x-usb-a-alimentado-por-el-bus-conversor-de-usb-c-a-usb-convencional-mod\/","url":"https:\/\/compuviper.mx\/tienda\/producto\/startech-com-hb30c4ab-hub-usb-3-0-de-4-puertos-usb-c-a-4x-usb-a-alimentado-por-el-bus-conversor-de-usb-c-a-usb-convencional-mod\/","name":"[ Startech.com ] &#129351; Hb30c4ab Hub Usb 3.0 De 4 Puertos - Usb-c A 4x Usb-a Alimentado Por El Bus - Conversor De Usb C A Usb Convencional - Mod.","isPartOf":{"@id":"https:\/\/compuviper.mx\/tienda\/#website"},"datePublished":"2026-04-02T05:31:00+00:00","dateModified":"2026-04-02T05:31:00+00:00","description":"Compra Hb30c4ab Hub Usb 3.0 De 4 Puertos - Usb-c A 4x Usb-a Alimentado Por El Bus - Conversor De Usb C A Usb Convencional - Mod. + Env\u00edo a domicilio + Pago seguro + Garant\u00eda","breadcrumb":{"@id":"https:\/\/compuviper.mx\/tienda\/producto\/startech-com-hb30c4ab-hub-usb-3-0-de-4-puertos-usb-c-a-4x-usb-a-alimentado-por-el-bus-conversor-de-usb-c-a-usb-convencional-mod\/#breadcrumb"},"inLanguage":"es-MX","potentialAction":[{"@type":"ReadAction","target":["https:\/\/compuviper.mx\/tienda\/producto\/startech-com-hb30c4ab-hub-usb-3-0-de-4-puertos-usb-c-a-4x-usb-a-alimentado-por-el-bus-conversor-de-usb-c-a-usb-convencional-mod\/"]}]},{"@type":"BreadcrumbList","@id":"https:\/\/compuviper.mx\/tienda\/producto\/startech-com-hb30c4ab-hub-usb-3-0-de-4-puertos-usb-c-a-4x-usb-a-alimentado-por-el-bus-conversor-de-usb-c-a-usb-convencional-mod\/#breadcrumb","itemListElement":[{"@type":"ListItem","position":1,"name":"Inicio","item":"https:\/\/compuviper.mx\/tienda\/"},{"@type":"ListItem","position":2,"name":"Productos","item":"https:\/\/compuviper.mx\/tienda\/productos\/"},{"@type":"ListItem","position":3,"name":"Accesorios","item":"https:\/\/compuviper.mx\/tienda\/categoria-producto\/accesorios\/"},{"@type":"ListItem","position":4,"name":"Hub Usb","item":"https:\/\/compuviper.mx\/tienda\/categoria-producto\/accesorios\/hub-usb\/"},{"@type":"ListItem","position":5,"name":"Startech.com Hb30c4ab Hub Usb 3.0 De 4 Puertos &#8211; Usb-c A 4x Usb-a Alimentado Por El Bus &#8211; Conversor De Usb C A Usb Convencional &#8211; Mod."}]},{"@type":"WebSite","@id":"https:\/\/compuviper.mx\/tienda\/#website","url":"https:\/\/compuviper.mx\/tienda\/","name":"Compuviper","description":"Proveedor de Computadoras, Laptops, Servidores, Monitores, Puntos de Venta, Teclados,   Impresoras, T\u00f3ner, C\u00e1maras de Seguridad y m\u00e1s en tu tienda en l\u00ednea","publisher":{"@id":"https:\/\/compuviper.mx\/tienda\/#organization"},"potentialAction":[{"@type":"SearchAction","target":{"@type":"EntryPoint","urlTemplate":"https:\/\/compuviper.mx\/tienda\/?s={search_term_string}"},"query-input":"required name=search_term_string"}],"inLanguage":"es-MX"},{"@type":"Organization","@id":"https:\/\/compuviper.mx\/tienda\/#organization","name":"Compuviper","url":"https:\/\/compuviper.mx\/tienda\/","logo":{"@type":"ImageObject","inLanguage":"es-MX","@id":"https:\/\/compuviper.mx\/tienda\/#\/schema\/logo\/image\/","url":"https:\/\/compuviper.mx\/tienda\/wp-content\/uploads\/2021\/08\/Logo-Compuviper-10.png","contentUrl":"https:\/\/compuviper.mx\/tienda\/wp-content\/uploads\/2021\/08\/Logo-Compuviper-10.png","width":1000,"height":500,"caption":"Compuviper"},"image":{"@id":"https:\/\/compuviper.mx\/tienda\/#\/schema\/logo\/image\/"},"sameAs":["https:\/\/www.facebook.com\/compuviper","https:\/\/www.youtube.com\/channel\/UCf73dERp9Y3cfOq7q8BhLjA?view_as=subscriber"]}]},"product_brand":"STARTECH.COM","product_price_amount":"759","product_price_currency":"MXN","og_availability":"out of stock","product_availability":"out of stock","product_retailer_item_id":"HB30C4AB","product_condition":"new"},"_links":{"self":[{"href":"https:\/\/compuviper.mx\/tienda\/wp-json\/wp\/v2\/product\/212299"}],"collection":[{"href":"https:\/\/compuviper.mx\/tienda\/wp-json\/wp\/v2\/product"}],"about":[{"href":"https:\/\/compuviper.mx\/tienda\/wp-json\/wp\/v2\/types\/product"}],"replies":[{"embeddable":true,"href":"https:\/\/compuviper.mx\/tienda\/wp-json\/wp\/v2\/comments?post=212299"}],"wp:featuredmedia":[{"embeddable":true,"href":"https:\/\/compuviper.mx\/tienda\/wp-json\/wp\/v2\/media\/212300"}],"wp:attachment":[{"href":"https:\/\/compuviper.mx\/tienda\/wp-json\/wp\/v2\/media?parent=212299"}],"wp:term":[{"taxonomy":"product_cat","embeddable":true,"href":"https:\/\/compuviper.mx\/tienda\/wp-json\/wp\/v2\/product_cat?post=212299"},{"taxonomy":"product_tag","embeddable":true,"href":"https:\/\/compuviper.mx\/tienda\/wp-json\/wp\/v2\/product_tag?post=212299"}],"curies":[{"name":"wp","href":"https:\/\/api.w.org\/{rel}","templated":true}]}}