{"id":212295,"date":"2026-04-01T23:30:59","date_gmt":"2026-04-02T05:30:59","guid":{"rendered":"https:\/\/compuviper.mx\/tienda\/producto\/startech-com-armwall-soporte-de-pared-para-un-monitor-de-aluminio-montura-vesa-para-pantallas-de-hasta-27-pulgadas-mod\/"},"modified":"2026-04-01T23:30:59","modified_gmt":"2026-04-02T05:30:59","slug":"startech-com-armwall-soporte-de-pared-para-un-monitor-de-aluminio-montura-vesa-para-pantallas-de-hasta-27-pulgadas-mod","status":"publish","type":"product","link":"https:\/\/compuviper.mx\/tienda\/producto\/startech-com-armwall-soporte-de-pared-para-un-monitor-de-aluminio-montura-vesa-para-pantallas-de-hasta-27-pulgadas-mod\/","title":{"rendered":"Startech.com Armwall Soporte De Pared Para Un Monitor &#8211; De Aluminio &#8211; Montura Vesa Para Pantallas De Hasta 27 Pulgadas &#8211;  Mod."},"content":{"rendered":"<table class=\"descripcion\">\n<tr>\n<td>Caractersticas fsicas<\/td>\n<\/tr>\n<tr>\n<td>Altura del producto : 55 cm<\/td>\n<\/tr>\n<tr>\n<td>Ancho del producto : 11.4 cm<\/td>\n<\/tr>\n<tr>\n<td>Color : negro<\/td>\n<\/tr>\n<tr>\n<td>Longitud del producto : 11.4 cm<\/td>\n<\/tr>\n<tr>\n<td>Peso del producto : 272 g<\/td>\n<\/tr>\n<tr>\n<td>Tipo de gabinete : aluminio<\/td>\n<\/tr>\n<tr>\n<td>Hardware<\/td>\n<\/tr>\n<tr>\n<td>Articulado : no<\/td>\n<\/tr>\n<tr>\n<td>Gestin de cables : s<\/td>\n<\/tr>\n<tr>\n<td>Nmero de pantallas admitidas : 1<\/td>\n<\/tr>\n<tr>\n<td>Opciones de montaje : montaje en pared<\/td>\n<\/tr>\n<tr>\n<td>Patrnes vesa de agujeros de montaje : 100&#215;100 mm &#8211; 50&#215;50 &#8211; 75&#215;75 mm<\/td>\n<\/tr>\n<tr>\n<td>Rendimiento<\/td>\n<\/tr>\n<tr>\n<td>Ajuste de la altura : no<\/td>\n<\/tr>\n<tr>\n<td>Capacidad de carga : 15 kg<\/td>\n<\/tr>\n<tr>\n<td>Fits curved display : s<\/td>\n<\/tr>\n<tr>\n<td>Fits ultrawide displays : s<\/td>\n<\/tr>\n<tr>\n<td>Giro \/ pivotacin : 45\u00b0 \/ &#8211; 45\u00b0<\/td>\n<\/tr>\n<tr>\n<td>Inclinacin :  45\u00b0 \/ &#8211; 45\u00b0<\/td>\n<\/tr>\n<tr>\n<td>Rotacin de la pantalla : 0\u00b0<\/td>\n<\/tr>\n<tr>\n<td>Tamao mximo de la pantalla : 34<\/td>\n<\/tr>\n<tr>\n<td>Tamao mnimo de la pantalla : 13<\/td>\n<\/tr>\n<\/table>\n","protected":false},"excerpt":{"rendered":"<p>Instale en una pared su monitor para computadora\u00a0o pantalla plana de tv, a fin de tener ms espacio libre en su escritorio\/mesa. Este soporte de monitor para montaje en pared es compatible con pantallas de hasta 27. Gira y se inclina para ajustar el ngulo de su pantalla y ofrecerle flexibilidad de visualizacin. As mismo, ahorra espacio en su escritorio o mesa, ya que permite instalar en una pared un monitor de computadora o pantalla led \/ lcd de tv de tamao entre 13 a 27 330 a 686mm y peso de hasta 15kg. Resulta ideal para salas de juntas, centros de salud u oficinas financieras. Fcil instalacin el soporte de aluminio para monitor y montaje en pared tiene un diseo con placa deslizable que facilita la instalacin.\u00a0para mantener su zona de trabajo libre de desorden, este brazo para monitor tambin incluye un clip que permite mantener sus cables ordenadamente y fuera de la vista.<\/p>\n","protected":false},"featured_media":212296,"comment_status":"open","ping_status":"open","template":"","meta":[],"product_cat":[2321,2265],"product_tag":[1590],"acf":[],"yoast_head":"<!-- This site is optimized with the Yoast SEO plugin v21.7 - https:\/\/yoast.com\/wordpress\/plugins\/seo\/ -->\n<title>[ Startech.com ] &#129351; Armwall Soporte De Pared Para Un Monitor - De Aluminio - Montura Vesa Para Pantallas De Hasta 27 Pulgadas - Mod.<\/title>\n<meta name=\"description\" content=\"Compra Armwall Soporte De Pared Para Un Monitor - De Aluminio - Montura Vesa Para Pantallas De Hasta 27 Pulgadas - Mod. + Env\u00edo a domicilio + Pago seguro + Garant\u00eda\" \/>\n<meta name=\"robots\" content=\"index, follow, max-snippet:-1, max-image-preview:large, max-video-preview:-1\" \/>\n<link rel=\"canonical\" href=\"https:\/\/compuviper.mx\/tienda\/producto\/startech-com-armwall-soporte-de-pared-para-un-monitor-de-aluminio-montura-vesa-para-pantallas-de-hasta-27-pulgadas-mod\/\" \/>\n<meta property=\"og:locale\" content=\"es_MX\" \/>\n<meta property=\"og:type\" content=\"article\" \/>\n<meta property=\"og:title\" content=\"[ Startech.com ] &#129351; Armwall Soporte De Pared Para Un Monitor - De Aluminio - Montura Vesa Para Pantallas De Hasta 27 Pulgadas - Mod.\" \/>\n<meta property=\"og:description\" content=\"Compra Armwall Soporte De Pared Para Un Monitor - De Aluminio - Montura Vesa Para Pantallas De Hasta 27 Pulgadas - Mod. + Env\u00edo a domicilio + Pago seguro + Garant\u00eda\" \/>\n<meta property=\"og:url\" content=\"https:\/\/compuviper.mx\/tienda\/producto\/startech-com-armwall-soporte-de-pared-para-un-monitor-de-aluminio-montura-vesa-para-pantallas-de-hasta-27-pulgadas-mod\/\" \/>\n<meta property=\"og:site_name\" content=\"Compuviper\" \/>\n<meta property=\"article:publisher\" content=\"https:\/\/www.facebook.com\/compuviper\" \/>\n<meta property=\"og:image\" content=\"https:\/\/compuviper.mx\/tienda\/wp-content\/uploads\/2023\/12\/Soporte-de-pared-para-un-monitor-de-aluminio-montura-vesa-para-pantallas-de-hasta-27-pulgadas-startech.com-mod.-armwall.jpg\" \/>\n\t<meta property=\"og:image:width\" content=\"200\" \/>\n\t<meta property=\"og:image:height\" content=\"200\" \/>\n\t<meta property=\"og:image:type\" content=\"image\/jpeg\" \/>\n<meta name=\"twitter:card\" content=\"summary_large_image\" \/>\n<meta name=\"twitter:label1\" content=\"Precio\" \/>\n\t<meta name=\"twitter:data1\" content=\"&#36;502 con IVA\" \/>\n\t<meta name=\"twitter:label2\" content=\"Availability\" \/>\n\t<meta name=\"twitter:data2\" content=\"Out of stock\" \/>\n<script type=\"application\/ld+json\" class=\"yoast-schema-graph\">{\"@context\":\"https:\/\/schema.org\",\"@graph\":[{\"@type\":\"WebPage\",\"@id\":\"https:\/\/compuviper.mx\/tienda\/producto\/startech-com-armwall-soporte-de-pared-para-un-monitor-de-aluminio-montura-vesa-para-pantallas-de-hasta-27-pulgadas-mod\/\",\"url\":\"https:\/\/compuviper.mx\/tienda\/producto\/startech-com-armwall-soporte-de-pared-para-un-monitor-de-aluminio-montura-vesa-para-pantallas-de-hasta-27-pulgadas-mod\/\",\"name\":\"[ Startech.com ] &#129351; Armwall Soporte De Pared Para Un Monitor - De Aluminio - Montura Vesa Para Pantallas De Hasta 27 Pulgadas - Mod.\",\"isPartOf\":{\"@id\":\"https:\/\/compuviper.mx\/tienda\/#website\"},\"datePublished\":\"2026-04-02T05:30:59+00:00\",\"dateModified\":\"2026-04-02T05:30:59+00:00\",\"description\":\"Compra Armwall Soporte De Pared Para Un Monitor - De Aluminio - Montura Vesa Para Pantallas De Hasta 27 Pulgadas - Mod. + Env\u00edo a domicilio + Pago seguro + Garant\u00eda\",\"breadcrumb\":{\"@id\":\"https:\/\/compuviper.mx\/tienda\/producto\/startech-com-armwall-soporte-de-pared-para-un-monitor-de-aluminio-montura-vesa-para-pantallas-de-hasta-27-pulgadas-mod\/#breadcrumb\"},\"inLanguage\":\"es-MX\",\"potentialAction\":[{\"@type\":\"ReadAction\",\"target\":[\"https:\/\/compuviper.mx\/tienda\/producto\/startech-com-armwall-soporte-de-pared-para-un-monitor-de-aluminio-montura-vesa-para-pantallas-de-hasta-27-pulgadas-mod\/\"]}]},{\"@type\":\"BreadcrumbList\",\"@id\":\"https:\/\/compuviper.mx\/tienda\/producto\/startech-com-armwall-soporte-de-pared-para-un-monitor-de-aluminio-montura-vesa-para-pantallas-de-hasta-27-pulgadas-mod\/#breadcrumb\",\"itemListElement\":[{\"@type\":\"ListItem\",\"position\":1,\"name\":\"Inicio\",\"item\":\"https:\/\/compuviper.mx\/tienda\/\"},{\"@type\":\"ListItem\",\"position\":2,\"name\":\"Productos\",\"item\":\"https:\/\/compuviper.mx\/tienda\/productos\/\"},{\"@type\":\"ListItem\",\"position\":3,\"name\":\"Soportes Y Bases P\/tv\/ Proyectores\/dvd\/consolas\/bocinas\/pantallas\/monotores\",\"item\":\"https:\/\/compuviper.mx\/tienda\/categoria-producto\/soportes-y-bases-p-tv-proyectores-dvd-consolas-bocinas-pantallas-monotores\/\"},{\"@type\":\"ListItem\",\"position\":4,\"name\":\"Soporte Y Base Para Tv\/pantallas\/monitores\/kiosko\",\"item\":\"https:\/\/compuviper.mx\/tienda\/categoria-producto\/soportes-y-bases-p-tv-proyectores-dvd-consolas-bocinas-pantallas-monotores\/soporte-y-base-para-tv-pantallas-monitores-kiosko\/\"},{\"@type\":\"ListItem\",\"position\":5,\"name\":\"Startech.com Armwall Soporte De Pared Para Un Monitor &#8211; De Aluminio &#8211; Montura Vesa Para Pantallas De Hasta 27 Pulgadas &#8211; Mod.\"}]},{\"@type\":\"WebSite\",\"@id\":\"https:\/\/compuviper.mx\/tienda\/#website\",\"url\":\"https:\/\/compuviper.mx\/tienda\/\",\"name\":\"Compuviper\",\"description\":\"Proveedor de Computadoras, Laptops, Servidores, Monitores, Puntos de Venta, Teclados,   Impresoras, T\u00f3ner, C\u00e1maras de Seguridad y m\u00e1s en tu tienda en l\u00ednea\",\"publisher\":{\"@id\":\"https:\/\/compuviper.mx\/tienda\/#organization\"},\"potentialAction\":[{\"@type\":\"SearchAction\",\"target\":{\"@type\":\"EntryPoint\",\"urlTemplate\":\"https:\/\/compuviper.mx\/tienda\/?s={search_term_string}\"},\"query-input\":\"required name=search_term_string\"}],\"inLanguage\":\"es-MX\"},{\"@type\":\"Organization\",\"@id\":\"https:\/\/compuviper.mx\/tienda\/#organization\",\"name\":\"Compuviper\",\"url\":\"https:\/\/compuviper.mx\/tienda\/\",\"logo\":{\"@type\":\"ImageObject\",\"inLanguage\":\"es-MX\",\"@id\":\"https:\/\/compuviper.mx\/tienda\/#\/schema\/logo\/image\/\",\"url\":\"https:\/\/compuviper.mx\/tienda\/wp-content\/uploads\/2021\/08\/Logo-Compuviper-10.png\",\"contentUrl\":\"https:\/\/compuviper.mx\/tienda\/wp-content\/uploads\/2021\/08\/Logo-Compuviper-10.png\",\"width\":1000,\"height\":500,\"caption\":\"Compuviper\"},\"image\":{\"@id\":\"https:\/\/compuviper.mx\/tienda\/#\/schema\/logo\/image\/\"},\"sameAs\":[\"https:\/\/www.facebook.com\/compuviper\",\"https:\/\/www.youtube.com\/channel\/UCf73dERp9Y3cfOq7q8BhLjA?view_as=subscriber\"]}]}<\/script>\n<meta property=\"product:brand\" content=\"STARTECH.COM\" \/>\n<meta property=\"product:price:amount\" content=\"502\" \/>\n<meta property=\"product:price:currency\" content=\"MXN\" \/>\n<meta property=\"og:availability\" content=\"out of stock\" \/>\n<meta property=\"product:availability\" content=\"out of stock\" \/>\n<meta property=\"product:retailer_item_id\" content=\"ARMWALL\" \/>\n<meta property=\"product:condition\" content=\"new\" \/>\n<!-- \/ Yoast SEO plugin. -->","yoast_head_json":{"title":"[ Startech.com ] &#129351; Armwall Soporte De Pared Para Un Monitor - De Aluminio - Montura Vesa Para Pantallas De Hasta 27 Pulgadas - Mod.","description":"Compra Armwall Soporte De Pared Para Un Monitor - De Aluminio - Montura Vesa Para Pantallas De Hasta 27 Pulgadas - Mod. + Env\u00edo a domicilio + Pago seguro + Garant\u00eda","robots":{"index":"index","follow":"follow","max-snippet":"max-snippet:-1","max-image-preview":"max-image-preview:large","max-video-preview":"max-video-preview:-1"},"canonical":"https:\/\/compuviper.mx\/tienda\/producto\/startech-com-armwall-soporte-de-pared-para-un-monitor-de-aluminio-montura-vesa-para-pantallas-de-hasta-27-pulgadas-mod\/","og_locale":"es_MX","og_type":"article","og_title":"[ Startech.com ] &#129351; Armwall Soporte De Pared Para Un Monitor - De Aluminio - Montura Vesa Para Pantallas De Hasta 27 Pulgadas - Mod.","og_description":"Compra Armwall Soporte De Pared Para Un Monitor - De Aluminio - Montura Vesa Para Pantallas De Hasta 27 Pulgadas - Mod. + Env\u00edo a domicilio + Pago seguro + Garant\u00eda","og_url":"https:\/\/compuviper.mx\/tienda\/producto\/startech-com-armwall-soporte-de-pared-para-un-monitor-de-aluminio-montura-vesa-para-pantallas-de-hasta-27-pulgadas-mod\/","og_site_name":"Compuviper","article_publisher":"https:\/\/www.facebook.com\/compuviper","og_image":[{"width":200,"height":200,"url":"https:\/\/compuviper.mx\/tienda\/wp-content\/uploads\/2023\/12\/Soporte-de-pared-para-un-monitor-de-aluminio-montura-vesa-para-pantallas-de-hasta-27-pulgadas-startech.com-mod.-armwall.jpg","type":"image\/jpeg"}],"twitter_card":"summary_large_image","twitter_misc":{"Precio":"&#36;502 con IVA","Availability":"Out of stock"},"schema":{"@context":"https:\/\/schema.org","@graph":[{"@type":"WebPage","@id":"https:\/\/compuviper.mx\/tienda\/producto\/startech-com-armwall-soporte-de-pared-para-un-monitor-de-aluminio-montura-vesa-para-pantallas-de-hasta-27-pulgadas-mod\/","url":"https:\/\/compuviper.mx\/tienda\/producto\/startech-com-armwall-soporte-de-pared-para-un-monitor-de-aluminio-montura-vesa-para-pantallas-de-hasta-27-pulgadas-mod\/","name":"[ Startech.com ] &#129351; Armwall Soporte De Pared Para Un Monitor - De Aluminio - Montura Vesa Para Pantallas De Hasta 27 Pulgadas - Mod.","isPartOf":{"@id":"https:\/\/compuviper.mx\/tienda\/#website"},"datePublished":"2026-04-02T05:30:59+00:00","dateModified":"2026-04-02T05:30:59+00:00","description":"Compra Armwall Soporte De Pared Para Un Monitor - De Aluminio - Montura Vesa Para Pantallas De Hasta 27 Pulgadas - Mod. + Env\u00edo a domicilio + Pago seguro + Garant\u00eda","breadcrumb":{"@id":"https:\/\/compuviper.mx\/tienda\/producto\/startech-com-armwall-soporte-de-pared-para-un-monitor-de-aluminio-montura-vesa-para-pantallas-de-hasta-27-pulgadas-mod\/#breadcrumb"},"inLanguage":"es-MX","potentialAction":[{"@type":"ReadAction","target":["https:\/\/compuviper.mx\/tienda\/producto\/startech-com-armwall-soporte-de-pared-para-un-monitor-de-aluminio-montura-vesa-para-pantallas-de-hasta-27-pulgadas-mod\/"]}]},{"@type":"BreadcrumbList","@id":"https:\/\/compuviper.mx\/tienda\/producto\/startech-com-armwall-soporte-de-pared-para-un-monitor-de-aluminio-montura-vesa-para-pantallas-de-hasta-27-pulgadas-mod\/#breadcrumb","itemListElement":[{"@type":"ListItem","position":1,"name":"Inicio","item":"https:\/\/compuviper.mx\/tienda\/"},{"@type":"ListItem","position":2,"name":"Productos","item":"https:\/\/compuviper.mx\/tienda\/productos\/"},{"@type":"ListItem","position":3,"name":"Soportes Y Bases P\/tv\/ Proyectores\/dvd\/consolas\/bocinas\/pantallas\/monotores","item":"https:\/\/compuviper.mx\/tienda\/categoria-producto\/soportes-y-bases-p-tv-proyectores-dvd-consolas-bocinas-pantallas-monotores\/"},{"@type":"ListItem","position":4,"name":"Soporte Y Base Para Tv\/pantallas\/monitores\/kiosko","item":"https:\/\/compuviper.mx\/tienda\/categoria-producto\/soportes-y-bases-p-tv-proyectores-dvd-consolas-bocinas-pantallas-monotores\/soporte-y-base-para-tv-pantallas-monitores-kiosko\/"},{"@type":"ListItem","position":5,"name":"Startech.com Armwall Soporte De Pared Para Un Monitor &#8211; De Aluminio &#8211; Montura Vesa Para Pantallas De Hasta 27 Pulgadas &#8211; Mod."}]},{"@type":"WebSite","@id":"https:\/\/compuviper.mx\/tienda\/#website","url":"https:\/\/compuviper.mx\/tienda\/","name":"Compuviper","description":"Proveedor de Computadoras, Laptops, Servidores, Monitores, Puntos de Venta, Teclados,   Impresoras, T\u00f3ner, C\u00e1maras de Seguridad y m\u00e1s en tu tienda en l\u00ednea","publisher":{"@id":"https:\/\/compuviper.mx\/tienda\/#organization"},"potentialAction":[{"@type":"SearchAction","target":{"@type":"EntryPoint","urlTemplate":"https:\/\/compuviper.mx\/tienda\/?s={search_term_string}"},"query-input":"required name=search_term_string"}],"inLanguage":"es-MX"},{"@type":"Organization","@id":"https:\/\/compuviper.mx\/tienda\/#organization","name":"Compuviper","url":"https:\/\/compuviper.mx\/tienda\/","logo":{"@type":"ImageObject","inLanguage":"es-MX","@id":"https:\/\/compuviper.mx\/tienda\/#\/schema\/logo\/image\/","url":"https:\/\/compuviper.mx\/tienda\/wp-content\/uploads\/2021\/08\/Logo-Compuviper-10.png","contentUrl":"https:\/\/compuviper.mx\/tienda\/wp-content\/uploads\/2021\/08\/Logo-Compuviper-10.png","width":1000,"height":500,"caption":"Compuviper"},"image":{"@id":"https:\/\/compuviper.mx\/tienda\/#\/schema\/logo\/image\/"},"sameAs":["https:\/\/www.facebook.com\/compuviper","https:\/\/www.youtube.com\/channel\/UCf73dERp9Y3cfOq7q8BhLjA?view_as=subscriber"]}]},"product_brand":"STARTECH.COM","product_price_amount":"502","product_price_currency":"MXN","og_availability":"out of stock","product_availability":"out of stock","product_retailer_item_id":"ARMWALL","product_condition":"new"},"_links":{"self":[{"href":"https:\/\/compuviper.mx\/tienda\/wp-json\/wp\/v2\/product\/212295"}],"collection":[{"href":"https:\/\/compuviper.mx\/tienda\/wp-json\/wp\/v2\/product"}],"about":[{"href":"https:\/\/compuviper.mx\/tienda\/wp-json\/wp\/v2\/types\/product"}],"replies":[{"embeddable":true,"href":"https:\/\/compuviper.mx\/tienda\/wp-json\/wp\/v2\/comments?post=212295"}],"wp:featuredmedia":[{"embeddable":true,"href":"https:\/\/compuviper.mx\/tienda\/wp-json\/wp\/v2\/media\/212296"}],"wp:attachment":[{"href":"https:\/\/compuviper.mx\/tienda\/wp-json\/wp\/v2\/media?parent=212295"}],"wp:term":[{"taxonomy":"product_cat","embeddable":true,"href":"https:\/\/compuviper.mx\/tienda\/wp-json\/wp\/v2\/product_cat?post=212295"},{"taxonomy":"product_tag","embeddable":true,"href":"https:\/\/compuviper.mx\/tienda\/wp-json\/wp\/v2\/product_tag?post=212295"}],"curies":[{"name":"wp","href":"https:\/\/api.w.org\/{rel}","templated":true}]}}