{"id":212287,"date":"2026-04-01T23:30:56","date_gmt":"2026-04-02T05:30:56","guid":{"rendered":"https:\/\/compuviper.mx\/tienda\/producto\/startech-com-monstadjd-base-de-soporte-para-monitor-con-cajon-y-altura-ajustable-con-soporte-para-monitores-de-32-pulgadas-mod\/"},"modified":"2026-04-01T23:30:57","modified_gmt":"2026-04-02T05:30:57","slug":"startech-com-monstadjd-base-de-soporte-para-monitor-con-cajon-y-altura-ajustable-con-soporte-para-monitores-de-32-pulgadas-mod","status":"publish","type":"product","link":"https:\/\/compuviper.mx\/tienda\/producto\/startech-com-monstadjd-base-de-soporte-para-monitor-con-cajon-y-altura-ajustable-con-soporte-para-monitores-de-32-pulgadas-mod\/","title":{"rendered":"Startech.com Monstadjd Base De Soporte Para Monitor &#8211; Con Cajon Y Altura Ajustable &#8211; Con Soporte Para Monitores De 32 Pulgadas &#8211;  Mod."},"content":{"rendered":"<table class=\"descripcion\">\n<tr>\n<td>Hardware<\/td>\n<\/tr>\n<tr>\n<td>Numero de pantallas admitidas: 1<\/td>\n<\/tr>\n<tr>\n<td>Montaje en pared: no<\/td>\n<\/tr>\n<tr>\n<td>Gestion de cables: si<\/td>\n<\/tr>\n<tr>\n<td>Rendimiento<\/td>\n<\/tr>\n<tr>\n<td>Ajuste de la altura: si<\/td>\n<\/tr>\n<tr>\n<td>Capacidad de carga: 10 kg<\/td>\n<\/tr>\n<tr>\n<td>Tamano maximo de la pantalla: 32in<\/td>\n<\/tr>\n<tr>\n<td>Tamano minimo de la pantalla: 13<\/td>\n<\/tr>\n<tr>\n<td>Contenido de la caja<\/td>\n<\/tr>\n<tr>\n<td>Incluido en la caja: superficie del soporte<\/td>\n<\/tr>\n<tr>\n<td>Incluido en la caja: manual de instrucciones<\/td>\n<\/tr>\n<tr>\n<td>Incluido en la caja: elevadores pequenos<\/td>\n<\/tr>\n<tr>\n<td>Incluido en la caja: elevadores grandes<\/td>\n<\/tr>\n<tr>\n<td>Caracteristicas fisicas<\/td>\n<\/tr>\n<tr>\n<td>Tipo de gabinete: plastico<\/td>\n<\/tr>\n<tr>\n<td>Peso: 1.6 kg<\/td>\n<\/tr>\n<tr>\n<td>Longitud: 33 cm<\/td>\n<\/tr>\n<tr>\n<td>Color: negro<\/td>\n<\/tr>\n<tr>\n<td>Ancho: 43.5 cm<\/td>\n<\/tr>\n<tr>\n<td>Altura: 16.8 cm<\/td>\n<\/tr>\n<\/table>\n","protected":false},"excerpt":{"rendered":"<p>Eleve su monitor hasta el nivel de la vista para hacer mas comoda la visualizacion, a la vez que ahorra espacio en su escritorio. Puede configurar este resistente soporte para pantalla de altura ajustable en su escritorio o mesa, compatible con monitores de hasta 32 de tamano y hasta 10 kg de peso. Incluye columnas apilables que se pueden instalar comodamente en su escritorio o mesa, para dejar el suficiente espacio bajo su pantalla en el que se coloque una laptop pequena. Incluso tiene un cajon para guardar los articulos de oficina. Configuracion sencilla el soporte para monitor es facil de montar y podra instalarlo en cuestion de minutos. La base no deslizante de las columnas protege la superficie de trabajo de rasgunos o rayaduras, ademas de garantizar que su monitor quede colocado de forma segura mientras trabaja. Un gestor integrado de cables permite organizarlos y mantenerlos fuera de la vista. El soporte monstadjd cuenta con soporte tecnico gratuito de por vida.<\/p>\n","protected":false},"featured_media":212288,"comment_status":"open","ping_status":"open","template":"","meta":[],"product_cat":[2321,2265],"product_tag":[1590],"acf":[],"yoast_head":"<!-- This site is optimized with the Yoast SEO plugin v21.7 - https:\/\/yoast.com\/wordpress\/plugins\/seo\/ -->\n<title>[ Startech.com ] &#129351; Monstadjd Base De Soporte Para Monitor - Con Cajon Y Altura Ajustable - Con Soporte Para Monitores De 32 Pulgadas - Mod.<\/title>\n<meta name=\"description\" content=\"Compra Monstadjd Base De Soporte Para Monitor - Con Cajon Y Altura Ajustable - Con Soporte Para Monitores De 32 Pulgadas - Mod. + Env\u00edo a domicilio + Pago seguro + Garant\u00eda\" \/>\n<meta name=\"robots\" content=\"index, follow, max-snippet:-1, max-image-preview:large, max-video-preview:-1\" \/>\n<link rel=\"canonical\" href=\"https:\/\/compuviper.mx\/tienda\/producto\/startech-com-monstadjd-base-de-soporte-para-monitor-con-cajon-y-altura-ajustable-con-soporte-para-monitores-de-32-pulgadas-mod\/\" \/>\n<meta property=\"og:locale\" content=\"es_MX\" \/>\n<meta property=\"og:type\" content=\"article\" \/>\n<meta property=\"og:title\" content=\"[ Startech.com ] &#129351; Monstadjd Base De Soporte Para Monitor - Con Cajon Y Altura Ajustable - Con Soporte Para Monitores De 32 Pulgadas - Mod.\" \/>\n<meta property=\"og:description\" content=\"Compra Monstadjd Base De Soporte Para Monitor - Con Cajon Y Altura Ajustable - Con Soporte Para Monitores De 32 Pulgadas - Mod. + Env\u00edo a domicilio + Pago seguro + Garant\u00eda\" \/>\n<meta property=\"og:url\" content=\"https:\/\/compuviper.mx\/tienda\/producto\/startech-com-monstadjd-base-de-soporte-para-monitor-con-cajon-y-altura-ajustable-con-soporte-para-monitores-de-32-pulgadas-mod\/\" \/>\n<meta property=\"og:site_name\" content=\"Compuviper\" \/>\n<meta property=\"article:publisher\" content=\"https:\/\/www.facebook.com\/compuviper\" \/>\n<meta property=\"article:modified_time\" content=\"2026-04-02T05:30:57+00:00\" \/>\n<meta property=\"og:image\" content=\"https:\/\/compuviper.mx\/tienda\/wp-content\/uploads\/2023\/12\/Base-de-soporte-para-monitor-con-cajon-y-altura-ajustable-con-soporte-para-monitores-de-32-pulgadas-startech.com-mod.-monstadjd.jpg\" \/>\n\t<meta property=\"og:image:width\" content=\"200\" \/>\n\t<meta property=\"og:image:height\" content=\"200\" \/>\n\t<meta property=\"og:image:type\" content=\"image\/jpeg\" \/>\n<meta name=\"twitter:card\" content=\"summary_large_image\" \/>\n<meta name=\"twitter:label1\" content=\"Precio\" \/>\n\t<meta name=\"twitter:data1\" content=\"&#36;858 con IVA\" \/>\n\t<meta name=\"twitter:label2\" content=\"Availability\" \/>\n\t<meta name=\"twitter:data2\" content=\"Out of stock\" \/>\n<script type=\"application\/ld+json\" class=\"yoast-schema-graph\">{\"@context\":\"https:\/\/schema.org\",\"@graph\":[{\"@type\":\"WebPage\",\"@id\":\"https:\/\/compuviper.mx\/tienda\/producto\/startech-com-monstadjd-base-de-soporte-para-monitor-con-cajon-y-altura-ajustable-con-soporte-para-monitores-de-32-pulgadas-mod\/\",\"url\":\"https:\/\/compuviper.mx\/tienda\/producto\/startech-com-monstadjd-base-de-soporte-para-monitor-con-cajon-y-altura-ajustable-con-soporte-para-monitores-de-32-pulgadas-mod\/\",\"name\":\"[ Startech.com ] &#129351; Monstadjd Base De Soporte Para Monitor - Con Cajon Y Altura Ajustable - Con Soporte Para Monitores De 32 Pulgadas - Mod.\",\"isPartOf\":{\"@id\":\"https:\/\/compuviper.mx\/tienda\/#website\"},\"datePublished\":\"2026-04-02T05:30:56+00:00\",\"dateModified\":\"2026-04-02T05:30:57+00:00\",\"description\":\"Compra Monstadjd Base De Soporte Para Monitor - Con Cajon Y Altura Ajustable - Con Soporte Para Monitores De 32 Pulgadas - Mod. + Env\u00edo a domicilio + Pago seguro + Garant\u00eda\",\"breadcrumb\":{\"@id\":\"https:\/\/compuviper.mx\/tienda\/producto\/startech-com-monstadjd-base-de-soporte-para-monitor-con-cajon-y-altura-ajustable-con-soporte-para-monitores-de-32-pulgadas-mod\/#breadcrumb\"},\"inLanguage\":\"es-MX\",\"potentialAction\":[{\"@type\":\"ReadAction\",\"target\":[\"https:\/\/compuviper.mx\/tienda\/producto\/startech-com-monstadjd-base-de-soporte-para-monitor-con-cajon-y-altura-ajustable-con-soporte-para-monitores-de-32-pulgadas-mod\/\"]}]},{\"@type\":\"BreadcrumbList\",\"@id\":\"https:\/\/compuviper.mx\/tienda\/producto\/startech-com-monstadjd-base-de-soporte-para-monitor-con-cajon-y-altura-ajustable-con-soporte-para-monitores-de-32-pulgadas-mod\/#breadcrumb\",\"itemListElement\":[{\"@type\":\"ListItem\",\"position\":1,\"name\":\"Inicio\",\"item\":\"https:\/\/compuviper.mx\/tienda\/\"},{\"@type\":\"ListItem\",\"position\":2,\"name\":\"Productos\",\"item\":\"https:\/\/compuviper.mx\/tienda\/productos\/\"},{\"@type\":\"ListItem\",\"position\":3,\"name\":\"Soportes Y Bases P\/tv\/ Proyectores\/dvd\/consolas\/bocinas\/pantallas\/monotores\",\"item\":\"https:\/\/compuviper.mx\/tienda\/categoria-producto\/soportes-y-bases-p-tv-proyectores-dvd-consolas-bocinas-pantallas-monotores\/\"},{\"@type\":\"ListItem\",\"position\":4,\"name\":\"Soporte Y Base Para Tv\/pantallas\/monitores\/kiosko\",\"item\":\"https:\/\/compuviper.mx\/tienda\/categoria-producto\/soportes-y-bases-p-tv-proyectores-dvd-consolas-bocinas-pantallas-monotores\/soporte-y-base-para-tv-pantallas-monitores-kiosko\/\"},{\"@type\":\"ListItem\",\"position\":5,\"name\":\"Startech.com Monstadjd Base De Soporte Para Monitor &#8211; Con Cajon Y Altura Ajustable &#8211; Con Soporte Para Monitores De 32 Pulgadas &#8211; Mod.\"}]},{\"@type\":\"WebSite\",\"@id\":\"https:\/\/compuviper.mx\/tienda\/#website\",\"url\":\"https:\/\/compuviper.mx\/tienda\/\",\"name\":\"Compuviper\",\"description\":\"Proveedor de Computadoras, Laptops, Servidores, Monitores, Puntos de Venta, Teclados,   Impresoras, T\u00f3ner, C\u00e1maras de Seguridad y m\u00e1s en tu tienda en l\u00ednea\",\"publisher\":{\"@id\":\"https:\/\/compuviper.mx\/tienda\/#organization\"},\"potentialAction\":[{\"@type\":\"SearchAction\",\"target\":{\"@type\":\"EntryPoint\",\"urlTemplate\":\"https:\/\/compuviper.mx\/tienda\/?s={search_term_string}\"},\"query-input\":\"required name=search_term_string\"}],\"inLanguage\":\"es-MX\"},{\"@type\":\"Organization\",\"@id\":\"https:\/\/compuviper.mx\/tienda\/#organization\",\"name\":\"Compuviper\",\"url\":\"https:\/\/compuviper.mx\/tienda\/\",\"logo\":{\"@type\":\"ImageObject\",\"inLanguage\":\"es-MX\",\"@id\":\"https:\/\/compuviper.mx\/tienda\/#\/schema\/logo\/image\/\",\"url\":\"https:\/\/compuviper.mx\/tienda\/wp-content\/uploads\/2021\/08\/Logo-Compuviper-10.png\",\"contentUrl\":\"https:\/\/compuviper.mx\/tienda\/wp-content\/uploads\/2021\/08\/Logo-Compuviper-10.png\",\"width\":1000,\"height\":500,\"caption\":\"Compuviper\"},\"image\":{\"@id\":\"https:\/\/compuviper.mx\/tienda\/#\/schema\/logo\/image\/\"},\"sameAs\":[\"https:\/\/www.facebook.com\/compuviper\",\"https:\/\/www.youtube.com\/channel\/UCf73dERp9Y3cfOq7q8BhLjA?view_as=subscriber\"]}]}<\/script>\n<meta property=\"product:brand\" content=\"STARTECH.COM\" \/>\n<meta property=\"product:price:amount\" content=\"858\" \/>\n<meta property=\"product:price:currency\" content=\"MXN\" \/>\n<meta property=\"og:availability\" content=\"out of stock\" \/>\n<meta property=\"product:availability\" content=\"out of stock\" \/>\n<meta property=\"product:retailer_item_id\" content=\"MONSTADJD\" \/>\n<meta property=\"product:condition\" content=\"new\" \/>\n<!-- \/ Yoast SEO plugin. -->","yoast_head_json":{"title":"[ Startech.com ] &#129351; Monstadjd Base De Soporte Para Monitor - Con Cajon Y Altura Ajustable - Con Soporte Para Monitores De 32 Pulgadas - Mod.","description":"Compra Monstadjd Base De Soporte Para Monitor - Con Cajon Y Altura Ajustable - Con Soporte Para Monitores De 32 Pulgadas - Mod. + Env\u00edo a domicilio + Pago seguro + Garant\u00eda","robots":{"index":"index","follow":"follow","max-snippet":"max-snippet:-1","max-image-preview":"max-image-preview:large","max-video-preview":"max-video-preview:-1"},"canonical":"https:\/\/compuviper.mx\/tienda\/producto\/startech-com-monstadjd-base-de-soporte-para-monitor-con-cajon-y-altura-ajustable-con-soporte-para-monitores-de-32-pulgadas-mod\/","og_locale":"es_MX","og_type":"article","og_title":"[ Startech.com ] &#129351; Monstadjd Base De Soporte Para Monitor - Con Cajon Y Altura Ajustable - Con Soporte Para Monitores De 32 Pulgadas - Mod.","og_description":"Compra Monstadjd Base De Soporte Para Monitor - Con Cajon Y Altura Ajustable - Con Soporte Para Monitores De 32 Pulgadas - Mod. + Env\u00edo a domicilio + Pago seguro + Garant\u00eda","og_url":"https:\/\/compuviper.mx\/tienda\/producto\/startech-com-monstadjd-base-de-soporte-para-monitor-con-cajon-y-altura-ajustable-con-soporte-para-monitores-de-32-pulgadas-mod\/","og_site_name":"Compuviper","article_publisher":"https:\/\/www.facebook.com\/compuviper","article_modified_time":"2026-04-02T05:30:57+00:00","og_image":[{"width":200,"height":200,"url":"https:\/\/compuviper.mx\/tienda\/wp-content\/uploads\/2023\/12\/Base-de-soporte-para-monitor-con-cajon-y-altura-ajustable-con-soporte-para-monitores-de-32-pulgadas-startech.com-mod.-monstadjd.jpg","type":"image\/jpeg"}],"twitter_card":"summary_large_image","twitter_misc":{"Precio":"&#36;858 con IVA","Availability":"Out of stock"},"schema":{"@context":"https:\/\/schema.org","@graph":[{"@type":"WebPage","@id":"https:\/\/compuviper.mx\/tienda\/producto\/startech-com-monstadjd-base-de-soporte-para-monitor-con-cajon-y-altura-ajustable-con-soporte-para-monitores-de-32-pulgadas-mod\/","url":"https:\/\/compuviper.mx\/tienda\/producto\/startech-com-monstadjd-base-de-soporte-para-monitor-con-cajon-y-altura-ajustable-con-soporte-para-monitores-de-32-pulgadas-mod\/","name":"[ Startech.com ] &#129351; Monstadjd Base De Soporte Para Monitor - Con Cajon Y Altura Ajustable - Con Soporte Para Monitores De 32 Pulgadas - Mod.","isPartOf":{"@id":"https:\/\/compuviper.mx\/tienda\/#website"},"datePublished":"2026-04-02T05:30:56+00:00","dateModified":"2026-04-02T05:30:57+00:00","description":"Compra Monstadjd Base De Soporte Para Monitor - Con Cajon Y Altura Ajustable - Con Soporte Para Monitores De 32 Pulgadas - Mod. + Env\u00edo a domicilio + Pago seguro + Garant\u00eda","breadcrumb":{"@id":"https:\/\/compuviper.mx\/tienda\/producto\/startech-com-monstadjd-base-de-soporte-para-monitor-con-cajon-y-altura-ajustable-con-soporte-para-monitores-de-32-pulgadas-mod\/#breadcrumb"},"inLanguage":"es-MX","potentialAction":[{"@type":"ReadAction","target":["https:\/\/compuviper.mx\/tienda\/producto\/startech-com-monstadjd-base-de-soporte-para-monitor-con-cajon-y-altura-ajustable-con-soporte-para-monitores-de-32-pulgadas-mod\/"]}]},{"@type":"BreadcrumbList","@id":"https:\/\/compuviper.mx\/tienda\/producto\/startech-com-monstadjd-base-de-soporte-para-monitor-con-cajon-y-altura-ajustable-con-soporte-para-monitores-de-32-pulgadas-mod\/#breadcrumb","itemListElement":[{"@type":"ListItem","position":1,"name":"Inicio","item":"https:\/\/compuviper.mx\/tienda\/"},{"@type":"ListItem","position":2,"name":"Productos","item":"https:\/\/compuviper.mx\/tienda\/productos\/"},{"@type":"ListItem","position":3,"name":"Soportes Y Bases P\/tv\/ Proyectores\/dvd\/consolas\/bocinas\/pantallas\/monotores","item":"https:\/\/compuviper.mx\/tienda\/categoria-producto\/soportes-y-bases-p-tv-proyectores-dvd-consolas-bocinas-pantallas-monotores\/"},{"@type":"ListItem","position":4,"name":"Soporte Y Base Para Tv\/pantallas\/monitores\/kiosko","item":"https:\/\/compuviper.mx\/tienda\/categoria-producto\/soportes-y-bases-p-tv-proyectores-dvd-consolas-bocinas-pantallas-monotores\/soporte-y-base-para-tv-pantallas-monitores-kiosko\/"},{"@type":"ListItem","position":5,"name":"Startech.com Monstadjd Base De Soporte Para Monitor &#8211; Con Cajon Y Altura Ajustable &#8211; Con Soporte Para Monitores De 32 Pulgadas &#8211; Mod."}]},{"@type":"WebSite","@id":"https:\/\/compuviper.mx\/tienda\/#website","url":"https:\/\/compuviper.mx\/tienda\/","name":"Compuviper","description":"Proveedor de Computadoras, Laptops, Servidores, Monitores, Puntos de Venta, Teclados,   Impresoras, T\u00f3ner, C\u00e1maras de Seguridad y m\u00e1s en tu tienda en l\u00ednea","publisher":{"@id":"https:\/\/compuviper.mx\/tienda\/#organization"},"potentialAction":[{"@type":"SearchAction","target":{"@type":"EntryPoint","urlTemplate":"https:\/\/compuviper.mx\/tienda\/?s={search_term_string}"},"query-input":"required name=search_term_string"}],"inLanguage":"es-MX"},{"@type":"Organization","@id":"https:\/\/compuviper.mx\/tienda\/#organization","name":"Compuviper","url":"https:\/\/compuviper.mx\/tienda\/","logo":{"@type":"ImageObject","inLanguage":"es-MX","@id":"https:\/\/compuviper.mx\/tienda\/#\/schema\/logo\/image\/","url":"https:\/\/compuviper.mx\/tienda\/wp-content\/uploads\/2021\/08\/Logo-Compuviper-10.png","contentUrl":"https:\/\/compuviper.mx\/tienda\/wp-content\/uploads\/2021\/08\/Logo-Compuviper-10.png","width":1000,"height":500,"caption":"Compuviper"},"image":{"@id":"https:\/\/compuviper.mx\/tienda\/#\/schema\/logo\/image\/"},"sameAs":["https:\/\/www.facebook.com\/compuviper","https:\/\/www.youtube.com\/channel\/UCf73dERp9Y3cfOq7q8BhLjA?view_as=subscriber"]}]},"product_brand":"STARTECH.COM","product_price_amount":"858","product_price_currency":"MXN","og_availability":"out of stock","product_availability":"out of stock","product_retailer_item_id":"MONSTADJD","product_condition":"new"},"_links":{"self":[{"href":"https:\/\/compuviper.mx\/tienda\/wp-json\/wp\/v2\/product\/212287"}],"collection":[{"href":"https:\/\/compuviper.mx\/tienda\/wp-json\/wp\/v2\/product"}],"about":[{"href":"https:\/\/compuviper.mx\/tienda\/wp-json\/wp\/v2\/types\/product"}],"replies":[{"embeddable":true,"href":"https:\/\/compuviper.mx\/tienda\/wp-json\/wp\/v2\/comments?post=212287"}],"wp:featuredmedia":[{"embeddable":true,"href":"https:\/\/compuviper.mx\/tienda\/wp-json\/wp\/v2\/media\/212288"}],"wp:attachment":[{"href":"https:\/\/compuviper.mx\/tienda\/wp-json\/wp\/v2\/media?parent=212287"}],"wp:term":[{"taxonomy":"product_cat","embeddable":true,"href":"https:\/\/compuviper.mx\/tienda\/wp-json\/wp\/v2\/product_cat?post=212287"},{"taxonomy":"product_tag","embeddable":true,"href":"https:\/\/compuviper.mx\/tienda\/wp-json\/wp\/v2\/product_tag?post=212287"}],"curies":[{"name":"wp","href":"https:\/\/api.w.org\/{rel}","templated":true}]}}