{"id":212285,"date":"2026-04-01T23:30:55","date_gmt":"2026-04-02T05:30:55","guid":{"rendered":"https:\/\/compuviper.mx\/tienda\/producto\/startech-com-cpuwallmnt-soporte-de-pared-ajustable-para-cpu-base-ajustable-de-computadora-para-pared-bracket-de-montaje-para-computadora-mod\/"},"modified":"2026-04-01T23:30:55","modified_gmt":"2026-04-02T05:30:55","slug":"startech-com-cpuwallmnt-soporte-de-pared-ajustable-para-cpu-base-ajustable-de-computadora-para-pared-bracket-de-montaje-para-computadora-mod","status":"publish","type":"product","link":"https:\/\/compuviper.mx\/tienda\/producto\/startech-com-cpuwallmnt-soporte-de-pared-ajustable-para-cpu-base-ajustable-de-computadora-para-pared-bracket-de-montaje-para-computadora-mod\/","title":{"rendered":"Startech.com Cpuwallmnt Soporte  De Pared Ajustable Para Cpu &#8211; Base Ajustable De Computadora Para Pared &#8211; Bracket De Montaje Para Computadora &#8211;  Mod."},"content":{"rendered":"<table class=\"descripcion\">\n<tr>\n<td>Rendimiento<\/td>\n<\/tr>\n<tr>\n<td>Capacidad de carga : 10 kg<\/td>\n<\/tr>\n<tr>\n<td>Hardware<\/td>\n<\/tr>\n<tr>\n<td>Opciones de montaje : montaje en pared<\/td>\n<\/tr>\n<tr>\n<td>Contenido de la caja<\/td>\n<\/tr>\n<tr>\n<td>Incluido en la caja : tornillos<\/td>\n<\/tr>\n<tr>\n<td>Incluido en la caja : soporte para cpu<\/td>\n<\/tr>\n<tr>\n<td>Incluido en la caja : manual de instrucciones<\/td>\n<\/tr>\n<tr>\n<td>Incluido en la caja : correas ajustables<\/td>\n<\/tr>\n<tr>\n<td>Incluido en la caja : anclajes para la pared<\/td>\n<\/tr>\n<tr>\n<td>Caractersticas fsicas<\/td>\n<\/tr>\n<tr>\n<td>Tipo de gabinete : acero<\/td>\n<\/tr>\n<tr>\n<td>Peso del producto : 2.2 kg<\/td>\n<\/tr>\n<tr>\n<td>Longitud del producto : 23.5 cm<\/td>\n<\/tr>\n<tr>\n<td>Color : negro<\/td>\n<\/tr>\n<tr>\n<td>Ancho del producto : 21.2 cm<\/td>\n<\/tr>\n<tr>\n<td>Altura del producto : 15.4 cm<\/td>\n<\/tr>\n<\/table>\n","protected":false},"excerpt":{"rendered":"<p>Este soporte de cpu para montaje en pared constituye una excelente solucin tanto para ahorrar espacio, como para alargar la durabilidad de su equipo. Colgar la torre de su computadora\u00a0en una pared ayuda a reducir la contaminacin interna debida al polvo y la suciedad. Este soporte para montaje en pared de una computadora\u00a0le ahorra espacio tanto en el suelo, como en un escritorio, para que se concentre en las tareas realmente importantes. El marco metlico negro de servicio pesado es resistente y confiable, lo cual garantiza la fijacin segura de su computadora. La base ajustable del soporte de cpu para montaje en pared facilita su ajuste a diversos modelos de computadora, con un ancho entre 122mm a 212mm. Tiene capacidad de peso de hasta 10kg. Las correas ajustables garantizan la seguridad del montaje de su computadora. El diseo de marco abierto del soporte para cpu permite el acceso no limitado a su computadora.<\/p>\n","protected":false},"featured_media":212286,"comment_status":"open","ping_status":"open","template":"","meta":[],"product_cat":[2269,2265],"product_tag":[1590],"acf":[],"yoast_head":"<!-- This site is optimized with the Yoast SEO plugin v21.7 - https:\/\/yoast.com\/wordpress\/plugins\/seo\/ -->\n<title>[ Startech.com ] &#129351; Cpuwallmnt Soporte De Pared Ajustable Para Cpu - Base Ajustable De Computadora Para Pared - Bracket De Montaje Para Computadora - Mod.<\/title>\n<meta name=\"description\" content=\"Compra Cpuwallmnt Soporte De Pared Ajustable Para Cpu - Base Ajustable De Computadora Para Pared - Bracket De Montaje Para Computadora - Mod. + Env\u00edo a domicilio + Pago seguro + Garant\u00eda\" \/>\n<meta name=\"robots\" content=\"index, follow, max-snippet:-1, max-image-preview:large, max-video-preview:-1\" \/>\n<link rel=\"canonical\" href=\"https:\/\/compuviper.mx\/tienda\/producto\/startech-com-cpuwallmnt-soporte-de-pared-ajustable-para-cpu-base-ajustable-de-computadora-para-pared-bracket-de-montaje-para-computadora-mod\/\" \/>\n<meta property=\"og:locale\" content=\"es_MX\" \/>\n<meta property=\"og:type\" content=\"article\" \/>\n<meta property=\"og:title\" content=\"[ Startech.com ] &#129351; Cpuwallmnt Soporte De Pared Ajustable Para Cpu - Base Ajustable De Computadora Para Pared - Bracket De Montaje Para Computadora - Mod.\" \/>\n<meta property=\"og:description\" content=\"Compra Cpuwallmnt Soporte De Pared Ajustable Para Cpu - Base Ajustable De Computadora Para Pared - Bracket De Montaje Para Computadora - Mod. + Env\u00edo a domicilio + Pago seguro + Garant\u00eda\" \/>\n<meta property=\"og:url\" content=\"https:\/\/compuviper.mx\/tienda\/producto\/startech-com-cpuwallmnt-soporte-de-pared-ajustable-para-cpu-base-ajustable-de-computadora-para-pared-bracket-de-montaje-para-computadora-mod\/\" \/>\n<meta property=\"og:site_name\" content=\"Compuviper\" \/>\n<meta property=\"article:publisher\" content=\"https:\/\/www.facebook.com\/compuviper\" \/>\n<meta property=\"og:image\" content=\"https:\/\/compuviper.mx\/tienda\/wp-content\/uploads\/2023\/12\/Soporte-de-pared-ajustable-para-cpu-base-ajustable-de-computadora-para-pared-bracket-de-montaje-para-computadora-startech.com-mod.-cpuwallmnt.jpg\" \/>\n\t<meta property=\"og:image:width\" content=\"200\" \/>\n\t<meta property=\"og:image:height\" content=\"200\" \/>\n\t<meta property=\"og:image:type\" content=\"image\/jpeg\" \/>\n<meta name=\"twitter:card\" content=\"summary_large_image\" \/>\n<meta name=\"twitter:label1\" content=\"Precio\" \/>\n\t<meta name=\"twitter:data1\" content=\"&#36;1,057 con IVA\" \/>\n\t<meta name=\"twitter:label2\" content=\"Availability\" \/>\n\t<meta name=\"twitter:data2\" content=\"Out of stock\" \/>\n<script type=\"application\/ld+json\" class=\"yoast-schema-graph\">{\"@context\":\"https:\/\/schema.org\",\"@graph\":[{\"@type\":\"WebPage\",\"@id\":\"https:\/\/compuviper.mx\/tienda\/producto\/startech-com-cpuwallmnt-soporte-de-pared-ajustable-para-cpu-base-ajustable-de-computadora-para-pared-bracket-de-montaje-para-computadora-mod\/\",\"url\":\"https:\/\/compuviper.mx\/tienda\/producto\/startech-com-cpuwallmnt-soporte-de-pared-ajustable-para-cpu-base-ajustable-de-computadora-para-pared-bracket-de-montaje-para-computadora-mod\/\",\"name\":\"[ Startech.com ] &#129351; Cpuwallmnt Soporte De Pared Ajustable Para Cpu - Base Ajustable De Computadora Para Pared - Bracket De Montaje Para Computadora - Mod.\",\"isPartOf\":{\"@id\":\"https:\/\/compuviper.mx\/tienda\/#website\"},\"datePublished\":\"2026-04-02T05:30:55+00:00\",\"dateModified\":\"2026-04-02T05:30:55+00:00\",\"description\":\"Compra Cpuwallmnt Soporte De Pared Ajustable Para Cpu - Base Ajustable De Computadora Para Pared - Bracket De Montaje Para Computadora - Mod. + Env\u00edo a domicilio + Pago seguro + Garant\u00eda\",\"breadcrumb\":{\"@id\":\"https:\/\/compuviper.mx\/tienda\/producto\/startech-com-cpuwallmnt-soporte-de-pared-ajustable-para-cpu-base-ajustable-de-computadora-para-pared-bracket-de-montaje-para-computadora-mod\/#breadcrumb\"},\"inLanguage\":\"es-MX\",\"potentialAction\":[{\"@type\":\"ReadAction\",\"target\":[\"https:\/\/compuviper.mx\/tienda\/producto\/startech-com-cpuwallmnt-soporte-de-pared-ajustable-para-cpu-base-ajustable-de-computadora-para-pared-bracket-de-montaje-para-computadora-mod\/\"]}]},{\"@type\":\"BreadcrumbList\",\"@id\":\"https:\/\/compuviper.mx\/tienda\/producto\/startech-com-cpuwallmnt-soporte-de-pared-ajustable-para-cpu-base-ajustable-de-computadora-para-pared-bracket-de-montaje-para-computadora-mod\/#breadcrumb\",\"itemListElement\":[{\"@type\":\"ListItem\",\"position\":1,\"name\":\"Inicio\",\"item\":\"https:\/\/compuviper.mx\/tienda\/\"},{\"@type\":\"ListItem\",\"position\":2,\"name\":\"Productos\",\"item\":\"https:\/\/compuviper.mx\/tienda\/productos\/\"},{\"@type\":\"ListItem\",\"position\":3,\"name\":\"Soportes Y Bases P\/tv\/ Proyectores\/dvd\/consolas\/bocinas\/pantallas\/monotores\",\"item\":\"https:\/\/compuviper.mx\/tienda\/categoria-producto\/soportes-y-bases-p-tv-proyectores-dvd-consolas-bocinas-pantallas-monotores\/\"},{\"@type\":\"ListItem\",\"position\":4,\"name\":\"Sin Categor\u00eda\",\"item\":\"https:\/\/compuviper.mx\/tienda\/categoria-producto\/soportes-y-bases-p-tv-proyectores-dvd-consolas-bocinas-pantallas-monotores\/sin-categoria-soportes-y-bases-p-tv-proyectores-dvd-consolas-bocinas-pantallas-monotores\/\"},{\"@type\":\"ListItem\",\"position\":5,\"name\":\"Startech.com Cpuwallmnt Soporte De Pared Ajustable Para Cpu &#8211; Base Ajustable De Computadora Para Pared &#8211; Bracket De Montaje Para Computadora &#8211; Mod.\"}]},{\"@type\":\"WebSite\",\"@id\":\"https:\/\/compuviper.mx\/tienda\/#website\",\"url\":\"https:\/\/compuviper.mx\/tienda\/\",\"name\":\"Compuviper\",\"description\":\"Proveedor de Computadoras, Laptops, Servidores, Monitores, Puntos de Venta, Teclados,   Impresoras, T\u00f3ner, C\u00e1maras de Seguridad y m\u00e1s en tu tienda en l\u00ednea\",\"publisher\":{\"@id\":\"https:\/\/compuviper.mx\/tienda\/#organization\"},\"potentialAction\":[{\"@type\":\"SearchAction\",\"target\":{\"@type\":\"EntryPoint\",\"urlTemplate\":\"https:\/\/compuviper.mx\/tienda\/?s={search_term_string}\"},\"query-input\":\"required name=search_term_string\"}],\"inLanguage\":\"es-MX\"},{\"@type\":\"Organization\",\"@id\":\"https:\/\/compuviper.mx\/tienda\/#organization\",\"name\":\"Compuviper\",\"url\":\"https:\/\/compuviper.mx\/tienda\/\",\"logo\":{\"@type\":\"ImageObject\",\"inLanguage\":\"es-MX\",\"@id\":\"https:\/\/compuviper.mx\/tienda\/#\/schema\/logo\/image\/\",\"url\":\"https:\/\/compuviper.mx\/tienda\/wp-content\/uploads\/2021\/08\/Logo-Compuviper-10.png\",\"contentUrl\":\"https:\/\/compuviper.mx\/tienda\/wp-content\/uploads\/2021\/08\/Logo-Compuviper-10.png\",\"width\":1000,\"height\":500,\"caption\":\"Compuviper\"},\"image\":{\"@id\":\"https:\/\/compuviper.mx\/tienda\/#\/schema\/logo\/image\/\"},\"sameAs\":[\"https:\/\/www.facebook.com\/compuviper\",\"https:\/\/www.youtube.com\/channel\/UCf73dERp9Y3cfOq7q8BhLjA?view_as=subscriber\"]}]}<\/script>\n<meta property=\"product:brand\" content=\"STARTECH.COM\" \/>\n<meta property=\"product:price:amount\" content=\"1057\" \/>\n<meta property=\"product:price:currency\" content=\"MXN\" \/>\n<meta property=\"og:availability\" content=\"out of stock\" \/>\n<meta property=\"product:availability\" content=\"out of stock\" \/>\n<meta property=\"product:retailer_item_id\" content=\"CPUWALLMNT\" \/>\n<meta property=\"product:condition\" content=\"new\" \/>\n<!-- \/ Yoast SEO plugin. -->","yoast_head_json":{"title":"[ Startech.com ] &#129351; Cpuwallmnt Soporte De Pared Ajustable Para Cpu - Base Ajustable De Computadora Para Pared - Bracket De Montaje Para Computadora - Mod.","description":"Compra Cpuwallmnt Soporte De Pared Ajustable Para Cpu - Base Ajustable De Computadora Para Pared - Bracket De Montaje Para Computadora - Mod. + Env\u00edo a domicilio + Pago seguro + Garant\u00eda","robots":{"index":"index","follow":"follow","max-snippet":"max-snippet:-1","max-image-preview":"max-image-preview:large","max-video-preview":"max-video-preview:-1"},"canonical":"https:\/\/compuviper.mx\/tienda\/producto\/startech-com-cpuwallmnt-soporte-de-pared-ajustable-para-cpu-base-ajustable-de-computadora-para-pared-bracket-de-montaje-para-computadora-mod\/","og_locale":"es_MX","og_type":"article","og_title":"[ Startech.com ] &#129351; Cpuwallmnt Soporte De Pared Ajustable Para Cpu - Base Ajustable De Computadora Para Pared - Bracket De Montaje Para Computadora - Mod.","og_description":"Compra Cpuwallmnt Soporte De Pared Ajustable Para Cpu - Base Ajustable De Computadora Para Pared - Bracket De Montaje Para Computadora - Mod. + Env\u00edo a domicilio + Pago seguro + Garant\u00eda","og_url":"https:\/\/compuviper.mx\/tienda\/producto\/startech-com-cpuwallmnt-soporte-de-pared-ajustable-para-cpu-base-ajustable-de-computadora-para-pared-bracket-de-montaje-para-computadora-mod\/","og_site_name":"Compuviper","article_publisher":"https:\/\/www.facebook.com\/compuviper","og_image":[{"width":200,"height":200,"url":"https:\/\/compuviper.mx\/tienda\/wp-content\/uploads\/2023\/12\/Soporte-de-pared-ajustable-para-cpu-base-ajustable-de-computadora-para-pared-bracket-de-montaje-para-computadora-startech.com-mod.-cpuwallmnt.jpg","type":"image\/jpeg"}],"twitter_card":"summary_large_image","twitter_misc":{"Precio":"&#36;1,057 con IVA","Availability":"Out of stock"},"schema":{"@context":"https:\/\/schema.org","@graph":[{"@type":"WebPage","@id":"https:\/\/compuviper.mx\/tienda\/producto\/startech-com-cpuwallmnt-soporte-de-pared-ajustable-para-cpu-base-ajustable-de-computadora-para-pared-bracket-de-montaje-para-computadora-mod\/","url":"https:\/\/compuviper.mx\/tienda\/producto\/startech-com-cpuwallmnt-soporte-de-pared-ajustable-para-cpu-base-ajustable-de-computadora-para-pared-bracket-de-montaje-para-computadora-mod\/","name":"[ Startech.com ] &#129351; Cpuwallmnt Soporte De Pared Ajustable Para Cpu - Base Ajustable De Computadora Para Pared - Bracket De Montaje Para Computadora - Mod.","isPartOf":{"@id":"https:\/\/compuviper.mx\/tienda\/#website"},"datePublished":"2026-04-02T05:30:55+00:00","dateModified":"2026-04-02T05:30:55+00:00","description":"Compra Cpuwallmnt Soporte De Pared Ajustable Para Cpu - Base Ajustable De Computadora Para Pared - Bracket De Montaje Para Computadora - Mod. + Env\u00edo a domicilio + Pago seguro + Garant\u00eda","breadcrumb":{"@id":"https:\/\/compuviper.mx\/tienda\/producto\/startech-com-cpuwallmnt-soporte-de-pared-ajustable-para-cpu-base-ajustable-de-computadora-para-pared-bracket-de-montaje-para-computadora-mod\/#breadcrumb"},"inLanguage":"es-MX","potentialAction":[{"@type":"ReadAction","target":["https:\/\/compuviper.mx\/tienda\/producto\/startech-com-cpuwallmnt-soporte-de-pared-ajustable-para-cpu-base-ajustable-de-computadora-para-pared-bracket-de-montaje-para-computadora-mod\/"]}]},{"@type":"BreadcrumbList","@id":"https:\/\/compuviper.mx\/tienda\/producto\/startech-com-cpuwallmnt-soporte-de-pared-ajustable-para-cpu-base-ajustable-de-computadora-para-pared-bracket-de-montaje-para-computadora-mod\/#breadcrumb","itemListElement":[{"@type":"ListItem","position":1,"name":"Inicio","item":"https:\/\/compuviper.mx\/tienda\/"},{"@type":"ListItem","position":2,"name":"Productos","item":"https:\/\/compuviper.mx\/tienda\/productos\/"},{"@type":"ListItem","position":3,"name":"Soportes Y Bases P\/tv\/ Proyectores\/dvd\/consolas\/bocinas\/pantallas\/monotores","item":"https:\/\/compuviper.mx\/tienda\/categoria-producto\/soportes-y-bases-p-tv-proyectores-dvd-consolas-bocinas-pantallas-monotores\/"},{"@type":"ListItem","position":4,"name":"Sin Categor\u00eda","item":"https:\/\/compuviper.mx\/tienda\/categoria-producto\/soportes-y-bases-p-tv-proyectores-dvd-consolas-bocinas-pantallas-monotores\/sin-categoria-soportes-y-bases-p-tv-proyectores-dvd-consolas-bocinas-pantallas-monotores\/"},{"@type":"ListItem","position":5,"name":"Startech.com Cpuwallmnt Soporte De Pared Ajustable Para Cpu &#8211; Base Ajustable De Computadora Para Pared &#8211; Bracket De Montaje Para Computadora &#8211; Mod."}]},{"@type":"WebSite","@id":"https:\/\/compuviper.mx\/tienda\/#website","url":"https:\/\/compuviper.mx\/tienda\/","name":"Compuviper","description":"Proveedor de Computadoras, Laptops, Servidores, Monitores, Puntos de Venta, Teclados,   Impresoras, T\u00f3ner, C\u00e1maras de Seguridad y m\u00e1s en tu tienda en l\u00ednea","publisher":{"@id":"https:\/\/compuviper.mx\/tienda\/#organization"},"potentialAction":[{"@type":"SearchAction","target":{"@type":"EntryPoint","urlTemplate":"https:\/\/compuviper.mx\/tienda\/?s={search_term_string}"},"query-input":"required name=search_term_string"}],"inLanguage":"es-MX"},{"@type":"Organization","@id":"https:\/\/compuviper.mx\/tienda\/#organization","name":"Compuviper","url":"https:\/\/compuviper.mx\/tienda\/","logo":{"@type":"ImageObject","inLanguage":"es-MX","@id":"https:\/\/compuviper.mx\/tienda\/#\/schema\/logo\/image\/","url":"https:\/\/compuviper.mx\/tienda\/wp-content\/uploads\/2021\/08\/Logo-Compuviper-10.png","contentUrl":"https:\/\/compuviper.mx\/tienda\/wp-content\/uploads\/2021\/08\/Logo-Compuviper-10.png","width":1000,"height":500,"caption":"Compuviper"},"image":{"@id":"https:\/\/compuviper.mx\/tienda\/#\/schema\/logo\/image\/"},"sameAs":["https:\/\/www.facebook.com\/compuviper","https:\/\/www.youtube.com\/channel\/UCf73dERp9Y3cfOq7q8BhLjA?view_as=subscriber"]}]},"product_brand":"STARTECH.COM","product_price_amount":"1057","product_price_currency":"MXN","og_availability":"out of stock","product_availability":"out of stock","product_retailer_item_id":"CPUWALLMNT","product_condition":"new"},"_links":{"self":[{"href":"https:\/\/compuviper.mx\/tienda\/wp-json\/wp\/v2\/product\/212285"}],"collection":[{"href":"https:\/\/compuviper.mx\/tienda\/wp-json\/wp\/v2\/product"}],"about":[{"href":"https:\/\/compuviper.mx\/tienda\/wp-json\/wp\/v2\/types\/product"}],"replies":[{"embeddable":true,"href":"https:\/\/compuviper.mx\/tienda\/wp-json\/wp\/v2\/comments?post=212285"}],"wp:featuredmedia":[{"embeddable":true,"href":"https:\/\/compuviper.mx\/tienda\/wp-json\/wp\/v2\/media\/212286"}],"wp:attachment":[{"href":"https:\/\/compuviper.mx\/tienda\/wp-json\/wp\/v2\/media?parent=212285"}],"wp:term":[{"taxonomy":"product_cat","embeddable":true,"href":"https:\/\/compuviper.mx\/tienda\/wp-json\/wp\/v2\/product_cat?post=212285"},{"taxonomy":"product_tag","embeddable":true,"href":"https:\/\/compuviper.mx\/tienda\/wp-json\/wp\/v2\/product_tag?post=212285"}],"curies":[{"name":"wp","href":"https:\/\/api.w.org\/{rel}","templated":true}]}}