{"id":212281,"date":"2026-04-06T23:31:08","date_gmt":"2026-04-07T05:31:08","guid":{"rendered":"https:\/\/compuviper.mx\/tienda\/producto\/startech-com-armpivothdb-soporte-de-escritorio-articulado-para-una-pantalla-brazo-de-servicio-pesado-hasta-32-vesa-negro-mod\/"},"modified":"2026-04-06T23:31:08","modified_gmt":"2026-04-07T05:31:08","slug":"startech-com-armpivothdb-soporte-de-escritorio-articulado-para-una-pantalla-brazo-de-servicio-pesado-hasta-32-vesa-negro-mod","status":"publish","type":"product","link":"https:\/\/compuviper.mx\/tienda\/producto\/startech-com-armpivothdb-soporte-de-escritorio-articulado-para-una-pantalla-brazo-de-servicio-pesado-hasta-32-vesa-negro-mod\/","title":{"rendered":"Startech.com Armpivothdb Soporte De Escritorio Articulado Para Una Pantalla &#8211; Brazo De Servicio Pesado &#8211; Hasta 32 Vesa &#8211; Negro &#8211;  Mod."},"content":{"rendered":"<table class=\"descripcion\">\n<tr>\n<td>Hardware<\/td>\n<\/tr>\n<tr>\n<td>Articulado : s<\/td>\n<\/tr>\n<tr>\n<td>Gestin de cables : s<\/td>\n<\/tr>\n<tr>\n<td>Grosor de la superficie de montaje : soporte de sujecin en escritorio: grosor de la mesa: 10mm a 85mm<\/td>\n<\/tr>\n<tr>\n<td> abrazadera para ojal: grosor de la mesa: 10mm a 80mm<\/td>\n<\/tr>\n<tr>\n<td> tamao del agujero para ojal de instalacin: 10,5 a 50mm<\/td>\n<\/tr>\n<tr>\n<td>Montaje en pared : no<\/td>\n<\/tr>\n<tr>\n<td>Nmero de pantallas admitidas : 1<\/td>\n<\/tr>\n<tr>\n<td>Opciones de montaje : pieza de sujecin para mesa y ojal<\/td>\n<\/tr>\n<tr>\n<td>Patrnes vesa de agujeros de montaje : 100&#215;100 mm<\/td>\n<\/tr>\n<tr>\n<td>Patrnes vesa de agujeros de montaje : 75&#215;75 mm<\/td>\n<\/tr>\n<tr>\n<td>Rendimiento<\/td>\n<\/tr>\n<tr>\n<td>Altura mxima : 505 mm<\/td>\n<\/tr>\n<tr>\n<td>Capacidad de carga : 9 kg<\/td>\n<\/tr>\n<tr>\n<td>Extensin mxima del brazo : 605 mm<\/td>\n<\/tr>\n<tr>\n<td>Fits curved display : s<\/td>\n<\/tr>\n<tr>\n<td>Fits ultrawide displays : s<\/td>\n<\/tr>\n<tr>\n<td>Giro \/ pivotacin : 180\u00b0<\/td>\n<\/tr>\n<tr>\n<td>Inclinacin : 90\u00b0 \/ &#8211; 90\u00b0<\/td>\n<\/tr>\n<tr>\n<td>Altura mnima : 170 mm<\/td>\n<\/tr>\n<tr>\n<td>Rotacin de la pantalla : 180\u00b0<\/td>\n<\/tr>\n<tr>\n<td>Tamao mximo de la pantalla : 34<\/td>\n<\/tr>\n<tr>\n<td>Tamao mnimo de la pantalla : 13<\/td>\n<\/tr>\n<tr>\n<td>Caractersticas fsicas<\/td>\n<\/tr>\n<tr>\n<td>Peso del producto : 3.1 kg<\/td>\n<\/tr>\n<tr>\n<td>Longitud del producto : 96 mm<\/td>\n<\/tr>\n<tr>\n<td>Color : negro<\/td>\n<\/tr>\n<tr>\n<td>Ancho del producto : 28.4 cm<\/td>\n<\/tr>\n<tr>\n<td>Altura del producto : 52.9 cm<\/td>\n<\/tr>\n<\/table>\n","protected":false},"excerpt":{"rendered":"<p>Libere espacio a la vez que crea un entorno\u00a0ergonmico de trabajo. Este\u00a0brazo para montaje en escritorio\/mesa\u00a0facilita la instalacin\u00a0segura\u00a0de su\u00a0pantalla encima de su escritorio\/mesa, adems de permitir el\u00a0ajuste de la altura mediante un solo toque.\u00a0es\u00a0posible\u00a0instalar una pantalla\u00a0cuyo tamao puede variar\u00a0entre 13 a 32 330mm a 81 mm,\u00a0adems de que\u00a0el brazo para pantalla\u00a0tiene un atractivo\u00a0acabado en color negro\u00a0que\u00a0armoniza con\u00a0el espacio. El brazo para pantalla\u00a0incluye un cilindro con muelle a gas, lo cual facilita la elevacin o descenso de su pantalla, con ajuste de la altura a hasta 335mm. Tambin puede ajustar la tensin segn el peso de su pantalla, a fin de cambiar la altura de la pantalla\u00a0sin esfuerzo alguno.?. El\u00a0soporte vesa para pantalla\u00a0se instala fcilmente abrazadera en c para escritorio o montaje a travs de ojal\u00a0y le ofrece gestin integrada de cables. El panel vesa desmontable facilita la instalacin o desinstalacin de su pantalla. \u00a0<\/p>\n","protected":false},"featured_media":212282,"comment_status":"open","ping_status":"open","template":"","meta":[],"product_cat":[2321,2265],"product_tag":[1590],"acf":[],"yoast_head":"<!-- This site is optimized with the Yoast SEO plugin v21.7 - https:\/\/yoast.com\/wordpress\/plugins\/seo\/ -->\n<title>[ Startech.com ] &#129351; Armpivothdb Soporte De Escritorio Articulado Para Una Pantalla - Brazo De Servicio Pesado - Hasta 32 Vesa - Negro - Mod.<\/title>\n<meta name=\"description\" content=\"Compra Armpivothdb Soporte De Escritorio Articulado Para Una Pantalla - Brazo De Servicio Pesado - Hasta 32 Vesa - Negro - Mod. + Env\u00edo a domicilio + Pago seguro + Garant\u00eda\" \/>\n<meta name=\"robots\" content=\"index, follow, max-snippet:-1, max-image-preview:large, max-video-preview:-1\" \/>\n<link rel=\"canonical\" href=\"https:\/\/compuviper.mx\/tienda\/producto\/startech-com-armpivothdb-soporte-de-escritorio-articulado-para-una-pantalla-brazo-de-servicio-pesado-hasta-32-vesa-negro-mod\/\" \/>\n<meta property=\"og:locale\" content=\"es_MX\" \/>\n<meta property=\"og:type\" content=\"article\" \/>\n<meta property=\"og:title\" content=\"[ Startech.com ] &#129351; Armpivothdb Soporte De Escritorio Articulado Para Una Pantalla - Brazo De Servicio Pesado - Hasta 32 Vesa - Negro - Mod.\" \/>\n<meta property=\"og:description\" content=\"Compra Armpivothdb Soporte De Escritorio Articulado Para Una Pantalla - Brazo De Servicio Pesado - Hasta 32 Vesa - Negro - Mod. + Env\u00edo a domicilio + Pago seguro + Garant\u00eda\" \/>\n<meta property=\"og:url\" content=\"https:\/\/compuviper.mx\/tienda\/producto\/startech-com-armpivothdb-soporte-de-escritorio-articulado-para-una-pantalla-brazo-de-servicio-pesado-hasta-32-vesa-negro-mod\/\" \/>\n<meta property=\"og:site_name\" content=\"Compuviper\" \/>\n<meta property=\"article:publisher\" content=\"https:\/\/www.facebook.com\/compuviper\" \/>\n<meta property=\"og:image\" content=\"https:\/\/compuviper.mx\/tienda\/wp-content\/uploads\/2023\/12\/Soporte-de-escritorio-articulado-para-una-pantalla-brazo-de-servicio-pesado-hasta-32-vesa-negro-startech.com-mod.-armpivothdb.jpg\" \/>\n\t<meta property=\"og:image:width\" content=\"200\" \/>\n\t<meta property=\"og:image:height\" content=\"200\" \/>\n\t<meta property=\"og:image:type\" content=\"image\/jpeg\" \/>\n<meta name=\"twitter:card\" content=\"summary_large_image\" \/>\n<meta name=\"twitter:label1\" content=\"Precio\" \/>\n\t<meta name=\"twitter:data1\" content=\"&#36;2,899 con IVA\" \/>\n\t<meta name=\"twitter:label2\" content=\"Availability\" \/>\n\t<meta name=\"twitter:data2\" content=\"Out of stock\" \/>\n<script type=\"application\/ld+json\" class=\"yoast-schema-graph\">{\"@context\":\"https:\/\/schema.org\",\"@graph\":[{\"@type\":\"WebPage\",\"@id\":\"https:\/\/compuviper.mx\/tienda\/producto\/startech-com-armpivothdb-soporte-de-escritorio-articulado-para-una-pantalla-brazo-de-servicio-pesado-hasta-32-vesa-negro-mod\/\",\"url\":\"https:\/\/compuviper.mx\/tienda\/producto\/startech-com-armpivothdb-soporte-de-escritorio-articulado-para-una-pantalla-brazo-de-servicio-pesado-hasta-32-vesa-negro-mod\/\",\"name\":\"[ Startech.com ] &#129351; Armpivothdb Soporte De Escritorio Articulado Para Una Pantalla - Brazo De Servicio Pesado - Hasta 32 Vesa - Negro - Mod.\",\"isPartOf\":{\"@id\":\"https:\/\/compuviper.mx\/tienda\/#website\"},\"datePublished\":\"2026-04-07T05:31:08+00:00\",\"dateModified\":\"2026-04-07T05:31:08+00:00\",\"description\":\"Compra Armpivothdb Soporte De Escritorio Articulado Para Una Pantalla - Brazo De Servicio Pesado - Hasta 32 Vesa - Negro - Mod. + Env\u00edo a domicilio + Pago seguro + Garant\u00eda\",\"breadcrumb\":{\"@id\":\"https:\/\/compuviper.mx\/tienda\/producto\/startech-com-armpivothdb-soporte-de-escritorio-articulado-para-una-pantalla-brazo-de-servicio-pesado-hasta-32-vesa-negro-mod\/#breadcrumb\"},\"inLanguage\":\"es-MX\",\"potentialAction\":[{\"@type\":\"ReadAction\",\"target\":[\"https:\/\/compuviper.mx\/tienda\/producto\/startech-com-armpivothdb-soporte-de-escritorio-articulado-para-una-pantalla-brazo-de-servicio-pesado-hasta-32-vesa-negro-mod\/\"]}]},{\"@type\":\"BreadcrumbList\",\"@id\":\"https:\/\/compuviper.mx\/tienda\/producto\/startech-com-armpivothdb-soporte-de-escritorio-articulado-para-una-pantalla-brazo-de-servicio-pesado-hasta-32-vesa-negro-mod\/#breadcrumb\",\"itemListElement\":[{\"@type\":\"ListItem\",\"position\":1,\"name\":\"Inicio\",\"item\":\"https:\/\/compuviper.mx\/tienda\/\"},{\"@type\":\"ListItem\",\"position\":2,\"name\":\"Productos\",\"item\":\"https:\/\/compuviper.mx\/tienda\/productos\/\"},{\"@type\":\"ListItem\",\"position\":3,\"name\":\"Soportes Y Bases P\/tv\/ Proyectores\/dvd\/consolas\/bocinas\/pantallas\/monotores\",\"item\":\"https:\/\/compuviper.mx\/tienda\/categoria-producto\/soportes-y-bases-p-tv-proyectores-dvd-consolas-bocinas-pantallas-monotores\/\"},{\"@type\":\"ListItem\",\"position\":4,\"name\":\"Soporte Y Base Para Tv\/pantallas\/monitores\/kiosko\",\"item\":\"https:\/\/compuviper.mx\/tienda\/categoria-producto\/soportes-y-bases-p-tv-proyectores-dvd-consolas-bocinas-pantallas-monotores\/soporte-y-base-para-tv-pantallas-monitores-kiosko\/\"},{\"@type\":\"ListItem\",\"position\":5,\"name\":\"Startech.com Armpivothdb Soporte De Escritorio Articulado Para Una Pantalla &#8211; Brazo De Servicio Pesado &#8211; Hasta 32 Vesa &#8211; Negro &#8211; Mod.\"}]},{\"@type\":\"WebSite\",\"@id\":\"https:\/\/compuviper.mx\/tienda\/#website\",\"url\":\"https:\/\/compuviper.mx\/tienda\/\",\"name\":\"Compuviper\",\"description\":\"Proveedor de Computadoras, Laptops, Servidores, Monitores, Puntos de Venta, Teclados,   Impresoras, T\u00f3ner, C\u00e1maras de Seguridad y m\u00e1s en tu tienda en l\u00ednea\",\"publisher\":{\"@id\":\"https:\/\/compuviper.mx\/tienda\/#organization\"},\"potentialAction\":[{\"@type\":\"SearchAction\",\"target\":{\"@type\":\"EntryPoint\",\"urlTemplate\":\"https:\/\/compuviper.mx\/tienda\/?s={search_term_string}\"},\"query-input\":\"required name=search_term_string\"}],\"inLanguage\":\"es-MX\"},{\"@type\":\"Organization\",\"@id\":\"https:\/\/compuviper.mx\/tienda\/#organization\",\"name\":\"Compuviper\",\"url\":\"https:\/\/compuviper.mx\/tienda\/\",\"logo\":{\"@type\":\"ImageObject\",\"inLanguage\":\"es-MX\",\"@id\":\"https:\/\/compuviper.mx\/tienda\/#\/schema\/logo\/image\/\",\"url\":\"https:\/\/compuviper.mx\/tienda\/wp-content\/uploads\/2021\/08\/Logo-Compuviper-10.png\",\"contentUrl\":\"https:\/\/compuviper.mx\/tienda\/wp-content\/uploads\/2021\/08\/Logo-Compuviper-10.png\",\"width\":1000,\"height\":500,\"caption\":\"Compuviper\"},\"image\":{\"@id\":\"https:\/\/compuviper.mx\/tienda\/#\/schema\/logo\/image\/\"},\"sameAs\":[\"https:\/\/www.facebook.com\/compuviper\",\"https:\/\/www.youtube.com\/channel\/UCf73dERp9Y3cfOq7q8BhLjA?view_as=subscriber\"]}]}<\/script>\n<meta property=\"product:brand\" content=\"STARTECH.COM\" \/>\n<meta property=\"product:price:amount\" content=\"2899\" \/>\n<meta property=\"product:price:currency\" content=\"MXN\" \/>\n<meta property=\"og:availability\" content=\"out of stock\" \/>\n<meta property=\"product:availability\" content=\"out of stock\" \/>\n<meta property=\"product:retailer_item_id\" content=\"ARMPIVOTHDB\" \/>\n<meta property=\"product:condition\" content=\"new\" \/>\n<!-- \/ Yoast SEO plugin. -->","yoast_head_json":{"title":"[ Startech.com ] &#129351; Armpivothdb Soporte De Escritorio Articulado Para Una Pantalla - Brazo De Servicio Pesado - Hasta 32 Vesa - Negro - Mod.","description":"Compra Armpivothdb Soporte De Escritorio Articulado Para Una Pantalla - Brazo De Servicio Pesado - Hasta 32 Vesa - Negro - Mod. + Env\u00edo a domicilio + Pago seguro + Garant\u00eda","robots":{"index":"index","follow":"follow","max-snippet":"max-snippet:-1","max-image-preview":"max-image-preview:large","max-video-preview":"max-video-preview:-1"},"canonical":"https:\/\/compuviper.mx\/tienda\/producto\/startech-com-armpivothdb-soporte-de-escritorio-articulado-para-una-pantalla-brazo-de-servicio-pesado-hasta-32-vesa-negro-mod\/","og_locale":"es_MX","og_type":"article","og_title":"[ Startech.com ] &#129351; Armpivothdb Soporte De Escritorio Articulado Para Una Pantalla - Brazo De Servicio Pesado - Hasta 32 Vesa - Negro - Mod.","og_description":"Compra Armpivothdb Soporte De Escritorio Articulado Para Una Pantalla - Brazo De Servicio Pesado - Hasta 32 Vesa - Negro - Mod. + Env\u00edo a domicilio + Pago seguro + Garant\u00eda","og_url":"https:\/\/compuviper.mx\/tienda\/producto\/startech-com-armpivothdb-soporte-de-escritorio-articulado-para-una-pantalla-brazo-de-servicio-pesado-hasta-32-vesa-negro-mod\/","og_site_name":"Compuviper","article_publisher":"https:\/\/www.facebook.com\/compuviper","og_image":[{"width":200,"height":200,"url":"https:\/\/compuviper.mx\/tienda\/wp-content\/uploads\/2023\/12\/Soporte-de-escritorio-articulado-para-una-pantalla-brazo-de-servicio-pesado-hasta-32-vesa-negro-startech.com-mod.-armpivothdb.jpg","type":"image\/jpeg"}],"twitter_card":"summary_large_image","twitter_misc":{"Precio":"&#36;2,899 con IVA","Availability":"Out of stock"},"schema":{"@context":"https:\/\/schema.org","@graph":[{"@type":"WebPage","@id":"https:\/\/compuviper.mx\/tienda\/producto\/startech-com-armpivothdb-soporte-de-escritorio-articulado-para-una-pantalla-brazo-de-servicio-pesado-hasta-32-vesa-negro-mod\/","url":"https:\/\/compuviper.mx\/tienda\/producto\/startech-com-armpivothdb-soporte-de-escritorio-articulado-para-una-pantalla-brazo-de-servicio-pesado-hasta-32-vesa-negro-mod\/","name":"[ Startech.com ] &#129351; Armpivothdb Soporte De Escritorio Articulado Para Una Pantalla - Brazo De Servicio Pesado - Hasta 32 Vesa - Negro - Mod.","isPartOf":{"@id":"https:\/\/compuviper.mx\/tienda\/#website"},"datePublished":"2026-04-07T05:31:08+00:00","dateModified":"2026-04-07T05:31:08+00:00","description":"Compra Armpivothdb Soporte De Escritorio Articulado Para Una Pantalla - Brazo De Servicio Pesado - Hasta 32 Vesa - Negro - Mod. + Env\u00edo a domicilio + Pago seguro + Garant\u00eda","breadcrumb":{"@id":"https:\/\/compuviper.mx\/tienda\/producto\/startech-com-armpivothdb-soporte-de-escritorio-articulado-para-una-pantalla-brazo-de-servicio-pesado-hasta-32-vesa-negro-mod\/#breadcrumb"},"inLanguage":"es-MX","potentialAction":[{"@type":"ReadAction","target":["https:\/\/compuviper.mx\/tienda\/producto\/startech-com-armpivothdb-soporte-de-escritorio-articulado-para-una-pantalla-brazo-de-servicio-pesado-hasta-32-vesa-negro-mod\/"]}]},{"@type":"BreadcrumbList","@id":"https:\/\/compuviper.mx\/tienda\/producto\/startech-com-armpivothdb-soporte-de-escritorio-articulado-para-una-pantalla-brazo-de-servicio-pesado-hasta-32-vesa-negro-mod\/#breadcrumb","itemListElement":[{"@type":"ListItem","position":1,"name":"Inicio","item":"https:\/\/compuviper.mx\/tienda\/"},{"@type":"ListItem","position":2,"name":"Productos","item":"https:\/\/compuviper.mx\/tienda\/productos\/"},{"@type":"ListItem","position":3,"name":"Soportes Y Bases P\/tv\/ Proyectores\/dvd\/consolas\/bocinas\/pantallas\/monotores","item":"https:\/\/compuviper.mx\/tienda\/categoria-producto\/soportes-y-bases-p-tv-proyectores-dvd-consolas-bocinas-pantallas-monotores\/"},{"@type":"ListItem","position":4,"name":"Soporte Y Base Para Tv\/pantallas\/monitores\/kiosko","item":"https:\/\/compuviper.mx\/tienda\/categoria-producto\/soportes-y-bases-p-tv-proyectores-dvd-consolas-bocinas-pantallas-monotores\/soporte-y-base-para-tv-pantallas-monitores-kiosko\/"},{"@type":"ListItem","position":5,"name":"Startech.com Armpivothdb Soporte De Escritorio Articulado Para Una Pantalla &#8211; Brazo De Servicio Pesado &#8211; Hasta 32 Vesa &#8211; Negro &#8211; Mod."}]},{"@type":"WebSite","@id":"https:\/\/compuviper.mx\/tienda\/#website","url":"https:\/\/compuviper.mx\/tienda\/","name":"Compuviper","description":"Proveedor de Computadoras, Laptops, Servidores, Monitores, Puntos de Venta, Teclados,   Impresoras, T\u00f3ner, C\u00e1maras de Seguridad y m\u00e1s en tu tienda en l\u00ednea","publisher":{"@id":"https:\/\/compuviper.mx\/tienda\/#organization"},"potentialAction":[{"@type":"SearchAction","target":{"@type":"EntryPoint","urlTemplate":"https:\/\/compuviper.mx\/tienda\/?s={search_term_string}"},"query-input":"required name=search_term_string"}],"inLanguage":"es-MX"},{"@type":"Organization","@id":"https:\/\/compuviper.mx\/tienda\/#organization","name":"Compuviper","url":"https:\/\/compuviper.mx\/tienda\/","logo":{"@type":"ImageObject","inLanguage":"es-MX","@id":"https:\/\/compuviper.mx\/tienda\/#\/schema\/logo\/image\/","url":"https:\/\/compuviper.mx\/tienda\/wp-content\/uploads\/2021\/08\/Logo-Compuviper-10.png","contentUrl":"https:\/\/compuviper.mx\/tienda\/wp-content\/uploads\/2021\/08\/Logo-Compuviper-10.png","width":1000,"height":500,"caption":"Compuviper"},"image":{"@id":"https:\/\/compuviper.mx\/tienda\/#\/schema\/logo\/image\/"},"sameAs":["https:\/\/www.facebook.com\/compuviper","https:\/\/www.youtube.com\/channel\/UCf73dERp9Y3cfOq7q8BhLjA?view_as=subscriber"]}]},"product_brand":"STARTECH.COM","product_price_amount":"2899","product_price_currency":"MXN","og_availability":"out of stock","product_availability":"out of stock","product_retailer_item_id":"ARMPIVOTHDB","product_condition":"new"},"_links":{"self":[{"href":"https:\/\/compuviper.mx\/tienda\/wp-json\/wp\/v2\/product\/212281"}],"collection":[{"href":"https:\/\/compuviper.mx\/tienda\/wp-json\/wp\/v2\/product"}],"about":[{"href":"https:\/\/compuviper.mx\/tienda\/wp-json\/wp\/v2\/types\/product"}],"replies":[{"embeddable":true,"href":"https:\/\/compuviper.mx\/tienda\/wp-json\/wp\/v2\/comments?post=212281"}],"wp:featuredmedia":[{"embeddable":true,"href":"https:\/\/compuviper.mx\/tienda\/wp-json\/wp\/v2\/media\/212282"}],"wp:attachment":[{"href":"https:\/\/compuviper.mx\/tienda\/wp-json\/wp\/v2\/media?parent=212281"}],"wp:term":[{"taxonomy":"product_cat","embeddable":true,"href":"https:\/\/compuviper.mx\/tienda\/wp-json\/wp\/v2\/product_cat?post=212281"},{"taxonomy":"product_tag","embeddable":true,"href":"https:\/\/compuviper.mx\/tienda\/wp-json\/wp\/v2\/product_tag?post=212281"}],"curies":[{"name":"wp","href":"https:\/\/api.w.org\/{rel}","templated":true}]}}