{"id":212271,"date":"2026-04-01T23:30:52","date_gmt":"2026-04-02T05:30:52","guid":{"rendered":"https:\/\/compuviper.mx\/tienda\/producto\/startech-com-st3300g3ua-hub-usb-3-0-de-3-puertos-concentrador-de-3-puertos-usb-3-0-con-adaptador-de-red-ethernet-gigabit-hub-portatil-de-aluminio-mod\/"},"modified":"2026-04-01T23:30:52","modified_gmt":"2026-04-02T05:30:52","slug":"startech-com-st3300g3ua-hub-usb-3-0-de-3-puertos-concentrador-de-3-puertos-usb-3-0-con-adaptador-de-red-ethernet-gigabit-hub-portatil-de-aluminio-mod","status":"publish","type":"product","link":"https:\/\/compuviper.mx\/tienda\/producto\/startech-com-st3300g3ua-hub-usb-3-0-de-3-puertos-concentrador-de-3-puertos-usb-3-0-con-adaptador-de-red-ethernet-gigabit-hub-portatil-de-aluminio-mod\/","title":{"rendered":"Startech.com St3300g3ua Hub Usb 3.0 De 3 Puertos &#8211; Concentrador De 3 Puertos Usb 3.0 Con Adaptador De Red Ethernet Gigabit &#8211; Hub Portatil De Aluminio &#8211;  Mod."},"content":{"rendered":"<table class=\"descripcion\">\n<tr>\n<td>Auto negociaci\u00f3n : s\u00ed<\/td>\n<\/tr>\n<tr>\n<td>Caracter\u00edsticas f\u00edsicas<\/td>\n<\/tr>\n<tr>\n<td>Altura del producto : 1.8 cm<\/td>\n<\/tr>\n<tr>\n<td>Ancho del producto : 34 mm<\/td>\n<\/tr>\n<tr>\n<td>Color : plata  and  blanco<\/td>\n<\/tr>\n<tr>\n<td>Factor de forma : compacto<\/td>\n<\/tr>\n<tr>\n<td>Longitud del cable : 268 mm<\/td>\n<\/tr>\n<tr>\n<td>Longitud del producto : 11 cm<\/td>\n<\/tr>\n<tr>\n<td>Peso del producto : 73 g<\/td>\n<\/tr>\n<tr>\n<td>Tipo de gabinete : aluminio y pl\u00e1stico<\/td>\n<\/tr>\n<tr>\n<td>Hardware<\/td>\n<\/tr>\n<tr>\n<td>Cantidad de puertos : 3<\/td>\n<\/tr>\n<tr>\n<td>Conexi\u00f3n anfitri\u00f3n usb-c : no<\/td>\n<\/tr>\n<tr>\n<td>Est\u00e1ndares industriales : usb 3.0 &#8211; compatible con usb 2.0 y 1.1<\/td>\n<\/tr>\n<tr>\n<td>Id del conjunto de chips : genesys logic &#8211; gl3520<\/td>\n<\/tr>\n<tr>\n<td>Realtek &#8211; rtl8153<\/td>\n<\/tr>\n<tr>\n<td>Interfaz : rj45 (ethernet gigabit)<\/td>\n<\/tr>\n<tr>\n<td>Interfaz : usb 3.0<\/td>\n<\/tr>\n<tr>\n<td>Interfaz : usb 3.1 gen 1<\/td>\n<\/tr>\n<tr>\n<td>Puerto(s) de carga r\u00e1pida : no<\/td>\n<\/tr>\n<tr>\n<td>Puerto(s) de dispositivos usb-c : no<\/td>\n<\/tr>\n<tr>\n<td>Tipo de bus : usb 3.0<\/td>\n<\/tr>\n<tr>\n<td>Rendimiento<\/td>\n<\/tr>\n<tr>\n<td>Control de flujo : control de flujo de d\u00faplex completo<\/td>\n<\/tr>\n<tr>\n<td>Jumbo frame support : 9k max.<\/td>\n<\/tr>\n<tr>\n<td>Mdix autom\u00e1tico : s\u00ed<\/td>\n<\/tr>\n<tr>\n<td>Redes compatibles : 10\/100\/1000 mbps<\/td>\n<\/tr>\n<tr>\n<td>Soporte full duplex  : s\u00ed<\/td>\n<\/tr>\n<tr>\n<td>Tasa de transferencia de datos m\u00e1xima : 5gbps (usb 3.0)<\/td>\n<\/tr>\n<tr>\n<td>2gbps (ethernet; d\u00faplex completo)<\/td>\n<\/tr>\n<tr>\n<td>Tipo y velocidad : usb 3.0 &#8211; 5 gbit\/s<\/td>\n<\/tr>\n<\/table>\n","protected":false},"excerpt":{"rendered":"<p>Un accesorio indispensable para su macbook. Este concentrador port\u00e1til usb 3.0 fusiona sus conexiones de perif\u00e9ricos usb y conexiones de red rj45 en un solo aparato, de manera muy conveniente. Ofrece dos tipos de conexi\u00f3n esenciales que a menudo no se incluyen en las laptops modernas, pues tienen un n\u00famero limitado de puertos. Este concentrador usb con acabado plateado granallado armoniza con el acabado de su macbook; asimismo, tiene una gabinete\u00a0de aluminio macizo y de peso ligero pero muy resistente, lo que resulta ideal para llevarlo de viaje. Tambi\u00e9n incluye un cable m\u00e1s largo, de 27cm, el cual ofrece la flexibilidad de ubicar el concentrador, sus dispositivos y su conexi\u00f3n con la red. Este concentrador usb con alimentaci\u00f3n por bus se instala r\u00e1pida y f\u00e1cilmente, y es compatible a nivel nativo con los sistemas operativos windows, mac y chrome os, sin que se requieran controladores ni software adicionales. El concentrador st3300g3ua cuenta con soporte t\u00e9cnico gratuito de por vida.<\/p>\n","protected":false},"featured_media":212272,"comment_status":"open","ping_status":"open","template":"","meta":[],"product_cat":[1485,1497],"product_tag":[1590],"acf":[],"yoast_head":"<!-- This site is optimized with the Yoast SEO plugin v21.7 - https:\/\/yoast.com\/wordpress\/plugins\/seo\/ -->\n<title>[ Startech.com ] &#129351; St3300g3ua Hub Usb 3.0 De 3 Puertos - Concentrador De 3 Puertos Usb 3.0 Con Adaptador De Red Ethernet Gigabit - Hub Portatil De Aluminio - Mod.<\/title>\n<meta name=\"description\" content=\"Compra St3300g3ua Hub Usb 3.0 De 3 Puertos - Concentrador De 3 Puertos Usb 3.0 Con Adaptador De Red Ethernet Gigabit - Hub Portatil De Aluminio - Mod. + Env\u00edo a domicilio + Pago seguro + Garant\u00eda\" \/>\n<meta name=\"robots\" content=\"index, follow, max-snippet:-1, max-image-preview:large, max-video-preview:-1\" \/>\n<link rel=\"canonical\" href=\"https:\/\/compuviper.mx\/tienda\/producto\/startech-com-st3300g3ua-hub-usb-3-0-de-3-puertos-concentrador-de-3-puertos-usb-3-0-con-adaptador-de-red-ethernet-gigabit-hub-portatil-de-aluminio-mod\/\" \/>\n<meta property=\"og:locale\" content=\"es_MX\" \/>\n<meta property=\"og:type\" content=\"article\" \/>\n<meta property=\"og:title\" content=\"[ Startech.com ] &#129351; St3300g3ua Hub Usb 3.0 De 3 Puertos - Concentrador De 3 Puertos Usb 3.0 Con Adaptador De Red Ethernet Gigabit - Hub Portatil De Aluminio - Mod.\" \/>\n<meta property=\"og:description\" content=\"Compra St3300g3ua Hub Usb 3.0 De 3 Puertos - Concentrador De 3 Puertos Usb 3.0 Con Adaptador De Red Ethernet Gigabit - Hub Portatil De Aluminio - Mod. + Env\u00edo a domicilio + Pago seguro + Garant\u00eda\" \/>\n<meta property=\"og:url\" content=\"https:\/\/compuviper.mx\/tienda\/producto\/startech-com-st3300g3ua-hub-usb-3-0-de-3-puertos-concentrador-de-3-puertos-usb-3-0-con-adaptador-de-red-ethernet-gigabit-hub-portatil-de-aluminio-mod\/\" \/>\n<meta property=\"og:site_name\" content=\"Compuviper\" \/>\n<meta property=\"article:publisher\" content=\"https:\/\/www.facebook.com\/compuviper\" \/>\n<meta property=\"og:image\" content=\"https:\/\/compuviper.mx\/tienda\/wp-content\/uploads\/2023\/12\/Hub-usb-3.0-de-3-puertos-concentrador-de-3-puertos-usb-3.0-con-adaptador-de-red-ethernet-gigabit-hub-portatil-de-aluminio-startech.com-mod.-st3300g3ua.jpg\" \/>\n\t<meta property=\"og:image:width\" content=\"200\" \/>\n\t<meta property=\"og:image:height\" content=\"200\" \/>\n\t<meta property=\"og:image:type\" content=\"image\/jpeg\" \/>\n<meta name=\"twitter:card\" content=\"summary_large_image\" \/>\n<meta name=\"twitter:label1\" content=\"Precio\" \/>\n\t<meta name=\"twitter:data1\" content=\"&#36;882 con IVA\" \/>\n\t<meta name=\"twitter:label2\" content=\"Availability\" \/>\n\t<meta name=\"twitter:data2\" content=\"Out of stock\" \/>\n<script type=\"application\/ld+json\" class=\"yoast-schema-graph\">{\"@context\":\"https:\/\/schema.org\",\"@graph\":[{\"@type\":\"WebPage\",\"@id\":\"https:\/\/compuviper.mx\/tienda\/producto\/startech-com-st3300g3ua-hub-usb-3-0-de-3-puertos-concentrador-de-3-puertos-usb-3-0-con-adaptador-de-red-ethernet-gigabit-hub-portatil-de-aluminio-mod\/\",\"url\":\"https:\/\/compuviper.mx\/tienda\/producto\/startech-com-st3300g3ua-hub-usb-3-0-de-3-puertos-concentrador-de-3-puertos-usb-3-0-con-adaptador-de-red-ethernet-gigabit-hub-portatil-de-aluminio-mod\/\",\"name\":\"[ Startech.com ] &#129351; St3300g3ua Hub Usb 3.0 De 3 Puertos - Concentrador De 3 Puertos Usb 3.0 Con Adaptador De Red Ethernet Gigabit - Hub Portatil De Aluminio - Mod.\",\"isPartOf\":{\"@id\":\"https:\/\/compuviper.mx\/tienda\/#website\"},\"datePublished\":\"2026-04-02T05:30:52+00:00\",\"dateModified\":\"2026-04-02T05:30:52+00:00\",\"description\":\"Compra St3300g3ua Hub Usb 3.0 De 3 Puertos - Concentrador De 3 Puertos Usb 3.0 Con Adaptador De Red Ethernet Gigabit - Hub Portatil De Aluminio - Mod. + Env\u00edo a domicilio + Pago seguro + Garant\u00eda\",\"breadcrumb\":{\"@id\":\"https:\/\/compuviper.mx\/tienda\/producto\/startech-com-st3300g3ua-hub-usb-3-0-de-3-puertos-concentrador-de-3-puertos-usb-3-0-con-adaptador-de-red-ethernet-gigabit-hub-portatil-de-aluminio-mod\/#breadcrumb\"},\"inLanguage\":\"es-MX\",\"potentialAction\":[{\"@type\":\"ReadAction\",\"target\":[\"https:\/\/compuviper.mx\/tienda\/producto\/startech-com-st3300g3ua-hub-usb-3-0-de-3-puertos-concentrador-de-3-puertos-usb-3-0-con-adaptador-de-red-ethernet-gigabit-hub-portatil-de-aluminio-mod\/\"]}]},{\"@type\":\"BreadcrumbList\",\"@id\":\"https:\/\/compuviper.mx\/tienda\/producto\/startech-com-st3300g3ua-hub-usb-3-0-de-3-puertos-concentrador-de-3-puertos-usb-3-0-con-adaptador-de-red-ethernet-gigabit-hub-portatil-de-aluminio-mod\/#breadcrumb\",\"itemListElement\":[{\"@type\":\"ListItem\",\"position\":1,\"name\":\"Inicio\",\"item\":\"https:\/\/compuviper.mx\/tienda\/\"},{\"@type\":\"ListItem\",\"position\":2,\"name\":\"Productos\",\"item\":\"https:\/\/compuviper.mx\/tienda\/productos\/\"},{\"@type\":\"ListItem\",\"position\":3,\"name\":\"Accesorios\",\"item\":\"https:\/\/compuviper.mx\/tienda\/categoria-producto\/accesorios\/\"},{\"@type\":\"ListItem\",\"position\":4,\"name\":\"Hub Usb\",\"item\":\"https:\/\/compuviper.mx\/tienda\/categoria-producto\/accesorios\/hub-usb\/\"},{\"@type\":\"ListItem\",\"position\":5,\"name\":\"Startech.com St3300g3ua Hub Usb 3.0 De 3 Puertos &#8211; Concentrador De 3 Puertos Usb 3.0 Con Adaptador De Red Ethernet Gigabit &#8211; Hub Portatil De Aluminio &#8211; Mod.\"}]},{\"@type\":\"WebSite\",\"@id\":\"https:\/\/compuviper.mx\/tienda\/#website\",\"url\":\"https:\/\/compuviper.mx\/tienda\/\",\"name\":\"Compuviper\",\"description\":\"Proveedor de Computadoras, Laptops, Servidores, Monitores, Puntos de Venta, Teclados,   Impresoras, T\u00f3ner, C\u00e1maras de Seguridad y m\u00e1s en tu tienda en l\u00ednea\",\"publisher\":{\"@id\":\"https:\/\/compuviper.mx\/tienda\/#organization\"},\"potentialAction\":[{\"@type\":\"SearchAction\",\"target\":{\"@type\":\"EntryPoint\",\"urlTemplate\":\"https:\/\/compuviper.mx\/tienda\/?s={search_term_string}\"},\"query-input\":\"required name=search_term_string\"}],\"inLanguage\":\"es-MX\"},{\"@type\":\"Organization\",\"@id\":\"https:\/\/compuviper.mx\/tienda\/#organization\",\"name\":\"Compuviper\",\"url\":\"https:\/\/compuviper.mx\/tienda\/\",\"logo\":{\"@type\":\"ImageObject\",\"inLanguage\":\"es-MX\",\"@id\":\"https:\/\/compuviper.mx\/tienda\/#\/schema\/logo\/image\/\",\"url\":\"https:\/\/compuviper.mx\/tienda\/wp-content\/uploads\/2021\/08\/Logo-Compuviper-10.png\",\"contentUrl\":\"https:\/\/compuviper.mx\/tienda\/wp-content\/uploads\/2021\/08\/Logo-Compuviper-10.png\",\"width\":1000,\"height\":500,\"caption\":\"Compuviper\"},\"image\":{\"@id\":\"https:\/\/compuviper.mx\/tienda\/#\/schema\/logo\/image\/\"},\"sameAs\":[\"https:\/\/www.facebook.com\/compuviper\",\"https:\/\/www.youtube.com\/channel\/UCf73dERp9Y3cfOq7q8BhLjA?view_as=subscriber\"]}]}<\/script>\n<meta property=\"product:brand\" content=\"STARTECH.COM\" \/>\n<meta property=\"product:price:amount\" content=\"882\" \/>\n<meta property=\"product:price:currency\" content=\"MXN\" \/>\n<meta property=\"og:availability\" content=\"out of stock\" \/>\n<meta property=\"product:availability\" content=\"out of stock\" \/>\n<meta property=\"product:retailer_item_id\" content=\"ST3300G3UA\" \/>\n<meta property=\"product:condition\" content=\"new\" \/>\n<!-- \/ Yoast SEO plugin. -->","yoast_head_json":{"title":"[ Startech.com ] &#129351; St3300g3ua Hub Usb 3.0 De 3 Puertos - Concentrador De 3 Puertos Usb 3.0 Con Adaptador De Red Ethernet Gigabit - Hub Portatil De Aluminio - Mod.","description":"Compra St3300g3ua Hub Usb 3.0 De 3 Puertos - Concentrador De 3 Puertos Usb 3.0 Con Adaptador De Red Ethernet Gigabit - Hub Portatil De Aluminio - Mod. + Env\u00edo a domicilio + Pago seguro + Garant\u00eda","robots":{"index":"index","follow":"follow","max-snippet":"max-snippet:-1","max-image-preview":"max-image-preview:large","max-video-preview":"max-video-preview:-1"},"canonical":"https:\/\/compuviper.mx\/tienda\/producto\/startech-com-st3300g3ua-hub-usb-3-0-de-3-puertos-concentrador-de-3-puertos-usb-3-0-con-adaptador-de-red-ethernet-gigabit-hub-portatil-de-aluminio-mod\/","og_locale":"es_MX","og_type":"article","og_title":"[ Startech.com ] &#129351; St3300g3ua Hub Usb 3.0 De 3 Puertos - Concentrador De 3 Puertos Usb 3.0 Con Adaptador De Red Ethernet Gigabit - Hub Portatil De Aluminio - Mod.","og_description":"Compra St3300g3ua Hub Usb 3.0 De 3 Puertos - Concentrador De 3 Puertos Usb 3.0 Con Adaptador De Red Ethernet Gigabit - Hub Portatil De Aluminio - Mod. + Env\u00edo a domicilio + Pago seguro + Garant\u00eda","og_url":"https:\/\/compuviper.mx\/tienda\/producto\/startech-com-st3300g3ua-hub-usb-3-0-de-3-puertos-concentrador-de-3-puertos-usb-3-0-con-adaptador-de-red-ethernet-gigabit-hub-portatil-de-aluminio-mod\/","og_site_name":"Compuviper","article_publisher":"https:\/\/www.facebook.com\/compuviper","og_image":[{"width":200,"height":200,"url":"https:\/\/compuviper.mx\/tienda\/wp-content\/uploads\/2023\/12\/Hub-usb-3.0-de-3-puertos-concentrador-de-3-puertos-usb-3.0-con-adaptador-de-red-ethernet-gigabit-hub-portatil-de-aluminio-startech.com-mod.-st3300g3ua.jpg","type":"image\/jpeg"}],"twitter_card":"summary_large_image","twitter_misc":{"Precio":"&#36;882 con IVA","Availability":"Out of stock"},"schema":{"@context":"https:\/\/schema.org","@graph":[{"@type":"WebPage","@id":"https:\/\/compuviper.mx\/tienda\/producto\/startech-com-st3300g3ua-hub-usb-3-0-de-3-puertos-concentrador-de-3-puertos-usb-3-0-con-adaptador-de-red-ethernet-gigabit-hub-portatil-de-aluminio-mod\/","url":"https:\/\/compuviper.mx\/tienda\/producto\/startech-com-st3300g3ua-hub-usb-3-0-de-3-puertos-concentrador-de-3-puertos-usb-3-0-con-adaptador-de-red-ethernet-gigabit-hub-portatil-de-aluminio-mod\/","name":"[ Startech.com ] &#129351; St3300g3ua Hub Usb 3.0 De 3 Puertos - Concentrador De 3 Puertos Usb 3.0 Con Adaptador De Red Ethernet Gigabit - Hub Portatil De Aluminio - Mod.","isPartOf":{"@id":"https:\/\/compuviper.mx\/tienda\/#website"},"datePublished":"2026-04-02T05:30:52+00:00","dateModified":"2026-04-02T05:30:52+00:00","description":"Compra St3300g3ua Hub Usb 3.0 De 3 Puertos - Concentrador De 3 Puertos Usb 3.0 Con Adaptador De Red Ethernet Gigabit - Hub Portatil De Aluminio - Mod. + Env\u00edo a domicilio + Pago seguro + Garant\u00eda","breadcrumb":{"@id":"https:\/\/compuviper.mx\/tienda\/producto\/startech-com-st3300g3ua-hub-usb-3-0-de-3-puertos-concentrador-de-3-puertos-usb-3-0-con-adaptador-de-red-ethernet-gigabit-hub-portatil-de-aluminio-mod\/#breadcrumb"},"inLanguage":"es-MX","potentialAction":[{"@type":"ReadAction","target":["https:\/\/compuviper.mx\/tienda\/producto\/startech-com-st3300g3ua-hub-usb-3-0-de-3-puertos-concentrador-de-3-puertos-usb-3-0-con-adaptador-de-red-ethernet-gigabit-hub-portatil-de-aluminio-mod\/"]}]},{"@type":"BreadcrumbList","@id":"https:\/\/compuviper.mx\/tienda\/producto\/startech-com-st3300g3ua-hub-usb-3-0-de-3-puertos-concentrador-de-3-puertos-usb-3-0-con-adaptador-de-red-ethernet-gigabit-hub-portatil-de-aluminio-mod\/#breadcrumb","itemListElement":[{"@type":"ListItem","position":1,"name":"Inicio","item":"https:\/\/compuviper.mx\/tienda\/"},{"@type":"ListItem","position":2,"name":"Productos","item":"https:\/\/compuviper.mx\/tienda\/productos\/"},{"@type":"ListItem","position":3,"name":"Accesorios","item":"https:\/\/compuviper.mx\/tienda\/categoria-producto\/accesorios\/"},{"@type":"ListItem","position":4,"name":"Hub Usb","item":"https:\/\/compuviper.mx\/tienda\/categoria-producto\/accesorios\/hub-usb\/"},{"@type":"ListItem","position":5,"name":"Startech.com St3300g3ua Hub Usb 3.0 De 3 Puertos &#8211; Concentrador De 3 Puertos Usb 3.0 Con Adaptador De Red Ethernet Gigabit &#8211; Hub Portatil De Aluminio &#8211; Mod."}]},{"@type":"WebSite","@id":"https:\/\/compuviper.mx\/tienda\/#website","url":"https:\/\/compuviper.mx\/tienda\/","name":"Compuviper","description":"Proveedor de Computadoras, Laptops, Servidores, Monitores, Puntos de Venta, Teclados,   Impresoras, T\u00f3ner, C\u00e1maras de Seguridad y m\u00e1s en tu tienda en l\u00ednea","publisher":{"@id":"https:\/\/compuviper.mx\/tienda\/#organization"},"potentialAction":[{"@type":"SearchAction","target":{"@type":"EntryPoint","urlTemplate":"https:\/\/compuviper.mx\/tienda\/?s={search_term_string}"},"query-input":"required name=search_term_string"}],"inLanguage":"es-MX"},{"@type":"Organization","@id":"https:\/\/compuviper.mx\/tienda\/#organization","name":"Compuviper","url":"https:\/\/compuviper.mx\/tienda\/","logo":{"@type":"ImageObject","inLanguage":"es-MX","@id":"https:\/\/compuviper.mx\/tienda\/#\/schema\/logo\/image\/","url":"https:\/\/compuviper.mx\/tienda\/wp-content\/uploads\/2021\/08\/Logo-Compuviper-10.png","contentUrl":"https:\/\/compuviper.mx\/tienda\/wp-content\/uploads\/2021\/08\/Logo-Compuviper-10.png","width":1000,"height":500,"caption":"Compuviper"},"image":{"@id":"https:\/\/compuviper.mx\/tienda\/#\/schema\/logo\/image\/"},"sameAs":["https:\/\/www.facebook.com\/compuviper","https:\/\/www.youtube.com\/channel\/UCf73dERp9Y3cfOq7q8BhLjA?view_as=subscriber"]}]},"product_brand":"STARTECH.COM","product_price_amount":"882","product_price_currency":"MXN","og_availability":"out of stock","product_availability":"out of stock","product_retailer_item_id":"ST3300G3UA","product_condition":"new"},"_links":{"self":[{"href":"https:\/\/compuviper.mx\/tienda\/wp-json\/wp\/v2\/product\/212271"}],"collection":[{"href":"https:\/\/compuviper.mx\/tienda\/wp-json\/wp\/v2\/product"}],"about":[{"href":"https:\/\/compuviper.mx\/tienda\/wp-json\/wp\/v2\/types\/product"}],"replies":[{"embeddable":true,"href":"https:\/\/compuviper.mx\/tienda\/wp-json\/wp\/v2\/comments?post=212271"}],"wp:featuredmedia":[{"embeddable":true,"href":"https:\/\/compuviper.mx\/tienda\/wp-json\/wp\/v2\/media\/212272"}],"wp:attachment":[{"href":"https:\/\/compuviper.mx\/tienda\/wp-json\/wp\/v2\/media?parent=212271"}],"wp:term":[{"taxonomy":"product_cat","embeddable":true,"href":"https:\/\/compuviper.mx\/tienda\/wp-json\/wp\/v2\/product_cat?post=212271"},{"taxonomy":"product_tag","embeddable":true,"href":"https:\/\/compuviper.mx\/tienda\/wp-json\/wp\/v2\/product_tag?post=212271"}],"curies":[{"name":"wp","href":"https:\/\/api.w.org\/{rel}","templated":true}]}}