{"id":212267,"date":"2026-04-28T23:28:36","date_gmt":"2026-04-29T05:28:36","guid":{"rendered":"https:\/\/compuviper.mx\/tienda\/producto\/startech-com-pex1pci1-tarjeta-pci-express-adaptador-pci-express-pcie-pci-e-a-pci-mod\/"},"modified":"2026-04-28T23:28:36","modified_gmt":"2026-04-29T05:28:36","slug":"startech-com-pex1pci1-tarjeta-pci-express-adaptador-pci-express-pcie-pci-e-a-pci-mod","status":"publish","type":"product","link":"https:\/\/compuviper.mx\/tienda\/producto\/startech-com-pex1pci1-tarjeta-pci-express-adaptador-pci-express-pcie-pci-e-a-pci-mod\/","title":{"rendered":"Startech.com Pex1pci1 Tarjeta Pci Express &#8211; Adaptador Pci Express Pcie Pci-e A Pci &#8211;  Mod."},"content":{"rendered":"<table class=\"descripcion\">\n<tr>\n<td>Hardware<\/td>\n<\/tr>\n<tr>\n<td>Tipo de bus : pci express<\/td>\n<\/tr>\n<tr>\n<td>Tipo de tarjeta : perfil est\u00e1ndar<\/td>\n<\/tr>\n<tr>\n<td>Observaciones \/ requisitos<\/td>\n<\/tr>\n<tr>\n<td>Requerimientos del sistema y cables  : el modelo pex1pci1 no es compatible con las tarjetas pci de 32 bits y 3,3v. es compatible solamente con las tarjetas pci de 5v o universales de 3.3v\/5v.<\/td>\n<\/tr>\n<tr>\n<td>Software<\/td>\n<\/tr>\n<tr>\n<td>Compatibilidad os : os independent; no additional drivers or software required<\/td>\n<\/tr>\n<tr>\n<td>Hardware<\/td>\n<\/tr>\n<tr>\n<td>Interfaz : pci \/ pci-x (5 \/ 3.3v)<\/td>\n<\/tr>\n<tr>\n<td>Id del conjunto de chips : pericom &#8211; pi7c9x118sl<\/td>\n<\/tr>\n<tr>\n<td>Contenido de la caja<\/td>\n<\/tr>\n<tr>\n<td>Incluido en la caja : tarjeta pci express a pci<\/td>\n<\/tr>\n<tr>\n<td>Incluido en la caja : soporte extra de perfil completo<\/td>\n<\/tr>\n<tr>\n<td>Incluido en la caja : manual de instrucciones<\/td>\n<\/tr>\n<tr>\n<td>Conector(es)<\/td>\n<\/tr>\n<tr>\n<td>Tipo(s) de conector(es) : pci express x1<\/td>\n<\/tr>\n<tr>\n<td>Puertos internos : pci (5v, 32-bit) slot<\/td>\n<\/tr>\n<tr>\n<td>Puertos internos : lp4 (4 pines; alimentaci\u00f3n de unidad grande tipo molex)<\/td>\n<\/tr>\n<tr>\n<td>Caracter\u00edsticas f\u00edsicas<\/td>\n<\/tr>\n<tr>\n<td>Peso del producto : 49 g<\/td>\n<\/tr>\n<tr>\n<td>Longitud del producto : 13.5 cm<\/td>\n<\/tr>\n<tr>\n<td>Ancho del producto : 70 mm<\/td>\n<\/tr>\n<tr>\n<td>Altura del producto : 2 cm<\/td>\n<\/tr>\n<\/table>\n","protected":false},"excerpt":{"rendered":"<p>Instale tarjetas de interfaz pci de altura media\/perfil bajo en una ranura de expansi\u00f3n pci express est\u00e1ndar. Esta tarjeta adaptadora pcie a pci permite usar tarjetas de expansi\u00f3n pci de perfil bajo en la ranura pci express de la tarjeta madre de un servidor o computadora. Conforme con la revisi\u00f3n 1.0a de la especificaci\u00f3n pci express y la 2.2 de la especificaci\u00f3n pci, la tarjeta adaptadora se instala en una ranura pcie 1x para convertirla en una ranura pci de perfil bajo. Tambi\u00e9n incluye un soporte de tama\u00f1o normal para la tarjeta pci express para usar en ranuras de mayor tama\u00f1o de computadoras o servidores. Gracias a la versatilidad de esta soluci\u00f3n, el adaptador convierte una ranura pcie en pci o pci-x; un conector de alimentaci\u00f3n lp4  incorporado conecta la tarjeta a la fuente de alimentaci\u00f3n de la computadora permitiendo instalar tarjetas pci de tensi\u00f3n universal (3.3v\/5v).<\/p>\n","protected":false},"featured_media":212268,"comment_status":"open","ping_status":"open","template":"","meta":[],"product_cat":[1485,1492],"product_tag":[1590],"acf":[],"yoast_head":"<!-- This site is optimized with the Yoast SEO plugin v21.7 - https:\/\/yoast.com\/wordpress\/plugins\/seo\/ -->\n<title>[ Startech.com ] &#129351; Pex1pci1 Tarjeta Pci Express - Adaptador Pci Express Pcie Pci-e A Pci - Mod.<\/title>\n<meta name=\"description\" content=\"Compra Pex1pci1 Tarjeta Pci Express - Adaptador Pci Express Pcie Pci-e A Pci - Mod. + Env\u00edo a domicilio + Pago seguro + Garant\u00eda\" \/>\n<meta name=\"robots\" content=\"index, follow, max-snippet:-1, max-image-preview:large, max-video-preview:-1\" \/>\n<link rel=\"canonical\" href=\"https:\/\/compuviper.mx\/tienda\/producto\/startech-com-pex1pci1-tarjeta-pci-express-adaptador-pci-express-pcie-pci-e-a-pci-mod\/\" \/>\n<meta property=\"og:locale\" content=\"es_MX\" \/>\n<meta property=\"og:type\" content=\"article\" \/>\n<meta property=\"og:title\" content=\"[ Startech.com ] &#129351; Pex1pci1 Tarjeta Pci Express - Adaptador Pci Express Pcie Pci-e A Pci - Mod.\" \/>\n<meta property=\"og:description\" content=\"Compra Pex1pci1 Tarjeta Pci Express - Adaptador Pci Express Pcie Pci-e A Pci - Mod. + Env\u00edo a domicilio + Pago seguro + Garant\u00eda\" \/>\n<meta property=\"og:url\" content=\"https:\/\/compuviper.mx\/tienda\/producto\/startech-com-pex1pci1-tarjeta-pci-express-adaptador-pci-express-pcie-pci-e-a-pci-mod\/\" \/>\n<meta property=\"og:site_name\" content=\"Compuviper\" \/>\n<meta property=\"article:publisher\" content=\"https:\/\/www.facebook.com\/compuviper\" \/>\n<meta property=\"og:image\" content=\"https:\/\/compuviper.mx\/tienda\/wp-content\/uploads\/2023\/12\/Tarjeta-pci-express-adaptador-pci-express-pcie-pci-e-a-pci-startech.com-mod.-pex1pci1.jpg\" \/>\n\t<meta property=\"og:image:width\" content=\"200\" \/>\n\t<meta property=\"og:image:height\" content=\"200\" \/>\n\t<meta property=\"og:image:type\" content=\"image\/jpeg\" \/>\n<meta name=\"twitter:card\" content=\"summary_large_image\" \/>\n<meta name=\"twitter:label1\" content=\"Precio\" \/>\n\t<meta name=\"twitter:data1\" content=\"&#36;949 con IVA\" \/>\n\t<meta name=\"twitter:label2\" content=\"Availability\" \/>\n\t<meta name=\"twitter:data2\" content=\"In stock\" \/>\n<script type=\"application\/ld+json\" class=\"yoast-schema-graph\">{\"@context\":\"https:\/\/schema.org\",\"@graph\":[{\"@type\":\"WebPage\",\"@id\":\"https:\/\/compuviper.mx\/tienda\/producto\/startech-com-pex1pci1-tarjeta-pci-express-adaptador-pci-express-pcie-pci-e-a-pci-mod\/\",\"url\":\"https:\/\/compuviper.mx\/tienda\/producto\/startech-com-pex1pci1-tarjeta-pci-express-adaptador-pci-express-pcie-pci-e-a-pci-mod\/\",\"name\":\"[ Startech.com ] &#129351; Pex1pci1 Tarjeta Pci Express - Adaptador Pci Express Pcie Pci-e A Pci - Mod.\",\"isPartOf\":{\"@id\":\"https:\/\/compuviper.mx\/tienda\/#website\"},\"datePublished\":\"2026-04-29T05:28:36+00:00\",\"dateModified\":\"2026-04-29T05:28:36+00:00\",\"description\":\"Compra Pex1pci1 Tarjeta Pci Express - Adaptador Pci Express Pcie Pci-e A Pci - Mod. + Env\u00edo a domicilio + Pago seguro + Garant\u00eda\",\"breadcrumb\":{\"@id\":\"https:\/\/compuviper.mx\/tienda\/producto\/startech-com-pex1pci1-tarjeta-pci-express-adaptador-pci-express-pcie-pci-e-a-pci-mod\/#breadcrumb\"},\"inLanguage\":\"es-MX\",\"potentialAction\":[{\"@type\":\"ReadAction\",\"target\":[\"https:\/\/compuviper.mx\/tienda\/producto\/startech-com-pex1pci1-tarjeta-pci-express-adaptador-pci-express-pcie-pci-e-a-pci-mod\/\"]}]},{\"@type\":\"BreadcrumbList\",\"@id\":\"https:\/\/compuviper.mx\/tienda\/producto\/startech-com-pex1pci1-tarjeta-pci-express-adaptador-pci-express-pcie-pci-e-a-pci-mod\/#breadcrumb\",\"itemListElement\":[{\"@type\":\"ListItem\",\"position\":1,\"name\":\"Inicio\",\"item\":\"https:\/\/compuviper.mx\/tienda\/\"},{\"@type\":\"ListItem\",\"position\":2,\"name\":\"Productos\",\"item\":\"https:\/\/compuviper.mx\/tienda\/productos\/\"},{\"@type\":\"ListItem\",\"position\":3,\"name\":\"Accesorios\",\"item\":\"https:\/\/compuviper.mx\/tienda\/categoria-producto\/accesorios\/\"},{\"@type\":\"ListItem\",\"position\":4,\"name\":\"Adaptadores\",\"item\":\"https:\/\/compuviper.mx\/tienda\/categoria-producto\/accesorios\/adaptadores\/\"},{\"@type\":\"ListItem\",\"position\":5,\"name\":\"Startech.com Pex1pci1 Tarjeta Pci Express &#8211; Adaptador Pci Express Pcie Pci-e A Pci &#8211; Mod.\"}]},{\"@type\":\"WebSite\",\"@id\":\"https:\/\/compuviper.mx\/tienda\/#website\",\"url\":\"https:\/\/compuviper.mx\/tienda\/\",\"name\":\"Compuviper\",\"description\":\"Proveedor de Computadoras, Laptops, Servidores, Monitores, Puntos de Venta, Teclados,   Impresoras, T\u00f3ner, C\u00e1maras de Seguridad y m\u00e1s en tu tienda en l\u00ednea\",\"publisher\":{\"@id\":\"https:\/\/compuviper.mx\/tienda\/#organization\"},\"potentialAction\":[{\"@type\":\"SearchAction\",\"target\":{\"@type\":\"EntryPoint\",\"urlTemplate\":\"https:\/\/compuviper.mx\/tienda\/?s={search_term_string}\"},\"query-input\":\"required name=search_term_string\"}],\"inLanguage\":\"es-MX\"},{\"@type\":\"Organization\",\"@id\":\"https:\/\/compuviper.mx\/tienda\/#organization\",\"name\":\"Compuviper\",\"url\":\"https:\/\/compuviper.mx\/tienda\/\",\"logo\":{\"@type\":\"ImageObject\",\"inLanguage\":\"es-MX\",\"@id\":\"https:\/\/compuviper.mx\/tienda\/#\/schema\/logo\/image\/\",\"url\":\"https:\/\/compuviper.mx\/tienda\/wp-content\/uploads\/2021\/08\/Logo-Compuviper-10.png\",\"contentUrl\":\"https:\/\/compuviper.mx\/tienda\/wp-content\/uploads\/2021\/08\/Logo-Compuviper-10.png\",\"width\":1000,\"height\":500,\"caption\":\"Compuviper\"},\"image\":{\"@id\":\"https:\/\/compuviper.mx\/tienda\/#\/schema\/logo\/image\/\"},\"sameAs\":[\"https:\/\/www.facebook.com\/compuviper\",\"https:\/\/www.youtube.com\/channel\/UCf73dERp9Y3cfOq7q8BhLjA?view_as=subscriber\"]}]}<\/script>\n<meta property=\"product:brand\" content=\"STARTECH.COM\" \/>\n<meta property=\"product:price:amount\" content=\"949\" \/>\n<meta property=\"product:price:currency\" content=\"MXN\" \/>\n<meta property=\"og:availability\" content=\"instock\" \/>\n<meta property=\"product:availability\" content=\"instock\" \/>\n<meta property=\"product:retailer_item_id\" content=\"PEX1PCI1\" \/>\n<meta property=\"product:condition\" content=\"new\" \/>\n<!-- \/ Yoast SEO plugin. -->","yoast_head_json":{"title":"[ Startech.com ] &#129351; Pex1pci1 Tarjeta Pci Express - Adaptador Pci Express Pcie Pci-e A Pci - Mod.","description":"Compra Pex1pci1 Tarjeta Pci Express - Adaptador Pci Express Pcie Pci-e A Pci - Mod. + Env\u00edo a domicilio + Pago seguro + Garant\u00eda","robots":{"index":"index","follow":"follow","max-snippet":"max-snippet:-1","max-image-preview":"max-image-preview:large","max-video-preview":"max-video-preview:-1"},"canonical":"https:\/\/compuviper.mx\/tienda\/producto\/startech-com-pex1pci1-tarjeta-pci-express-adaptador-pci-express-pcie-pci-e-a-pci-mod\/","og_locale":"es_MX","og_type":"article","og_title":"[ Startech.com ] &#129351; Pex1pci1 Tarjeta Pci Express - Adaptador Pci Express Pcie Pci-e A Pci - Mod.","og_description":"Compra Pex1pci1 Tarjeta Pci Express - Adaptador Pci Express Pcie Pci-e A Pci - Mod. + Env\u00edo a domicilio + Pago seguro + Garant\u00eda","og_url":"https:\/\/compuviper.mx\/tienda\/producto\/startech-com-pex1pci1-tarjeta-pci-express-adaptador-pci-express-pcie-pci-e-a-pci-mod\/","og_site_name":"Compuviper","article_publisher":"https:\/\/www.facebook.com\/compuviper","og_image":[{"width":200,"height":200,"url":"https:\/\/compuviper.mx\/tienda\/wp-content\/uploads\/2023\/12\/Tarjeta-pci-express-adaptador-pci-express-pcie-pci-e-a-pci-startech.com-mod.-pex1pci1.jpg","type":"image\/jpeg"}],"twitter_card":"summary_large_image","twitter_misc":{"Precio":"&#36;949 con IVA","Availability":"In stock"},"schema":{"@context":"https:\/\/schema.org","@graph":[{"@type":"WebPage","@id":"https:\/\/compuviper.mx\/tienda\/producto\/startech-com-pex1pci1-tarjeta-pci-express-adaptador-pci-express-pcie-pci-e-a-pci-mod\/","url":"https:\/\/compuviper.mx\/tienda\/producto\/startech-com-pex1pci1-tarjeta-pci-express-adaptador-pci-express-pcie-pci-e-a-pci-mod\/","name":"[ Startech.com ] &#129351; Pex1pci1 Tarjeta Pci Express - Adaptador Pci Express Pcie Pci-e A Pci - Mod.","isPartOf":{"@id":"https:\/\/compuviper.mx\/tienda\/#website"},"datePublished":"2026-04-29T05:28:36+00:00","dateModified":"2026-04-29T05:28:36+00:00","description":"Compra Pex1pci1 Tarjeta Pci Express - Adaptador Pci Express Pcie Pci-e A Pci - Mod. + Env\u00edo a domicilio + Pago seguro + Garant\u00eda","breadcrumb":{"@id":"https:\/\/compuviper.mx\/tienda\/producto\/startech-com-pex1pci1-tarjeta-pci-express-adaptador-pci-express-pcie-pci-e-a-pci-mod\/#breadcrumb"},"inLanguage":"es-MX","potentialAction":[{"@type":"ReadAction","target":["https:\/\/compuviper.mx\/tienda\/producto\/startech-com-pex1pci1-tarjeta-pci-express-adaptador-pci-express-pcie-pci-e-a-pci-mod\/"]}]},{"@type":"BreadcrumbList","@id":"https:\/\/compuviper.mx\/tienda\/producto\/startech-com-pex1pci1-tarjeta-pci-express-adaptador-pci-express-pcie-pci-e-a-pci-mod\/#breadcrumb","itemListElement":[{"@type":"ListItem","position":1,"name":"Inicio","item":"https:\/\/compuviper.mx\/tienda\/"},{"@type":"ListItem","position":2,"name":"Productos","item":"https:\/\/compuviper.mx\/tienda\/productos\/"},{"@type":"ListItem","position":3,"name":"Accesorios","item":"https:\/\/compuviper.mx\/tienda\/categoria-producto\/accesorios\/"},{"@type":"ListItem","position":4,"name":"Adaptadores","item":"https:\/\/compuviper.mx\/tienda\/categoria-producto\/accesorios\/adaptadores\/"},{"@type":"ListItem","position":5,"name":"Startech.com Pex1pci1 Tarjeta Pci Express &#8211; Adaptador Pci Express Pcie Pci-e A Pci &#8211; Mod."}]},{"@type":"WebSite","@id":"https:\/\/compuviper.mx\/tienda\/#website","url":"https:\/\/compuviper.mx\/tienda\/","name":"Compuviper","description":"Proveedor de Computadoras, Laptops, Servidores, Monitores, Puntos de Venta, Teclados,   Impresoras, T\u00f3ner, C\u00e1maras de Seguridad y m\u00e1s en tu tienda en l\u00ednea","publisher":{"@id":"https:\/\/compuviper.mx\/tienda\/#organization"},"potentialAction":[{"@type":"SearchAction","target":{"@type":"EntryPoint","urlTemplate":"https:\/\/compuviper.mx\/tienda\/?s={search_term_string}"},"query-input":"required name=search_term_string"}],"inLanguage":"es-MX"},{"@type":"Organization","@id":"https:\/\/compuviper.mx\/tienda\/#organization","name":"Compuviper","url":"https:\/\/compuviper.mx\/tienda\/","logo":{"@type":"ImageObject","inLanguage":"es-MX","@id":"https:\/\/compuviper.mx\/tienda\/#\/schema\/logo\/image\/","url":"https:\/\/compuviper.mx\/tienda\/wp-content\/uploads\/2021\/08\/Logo-Compuviper-10.png","contentUrl":"https:\/\/compuviper.mx\/tienda\/wp-content\/uploads\/2021\/08\/Logo-Compuviper-10.png","width":1000,"height":500,"caption":"Compuviper"},"image":{"@id":"https:\/\/compuviper.mx\/tienda\/#\/schema\/logo\/image\/"},"sameAs":["https:\/\/www.facebook.com\/compuviper","https:\/\/www.youtube.com\/channel\/UCf73dERp9Y3cfOq7q8BhLjA?view_as=subscriber"]}]},"product_brand":"STARTECH.COM","product_price_amount":"949","product_price_currency":"MXN","og_availability":"instock","product_availability":"instock","product_retailer_item_id":"PEX1PCI1","product_condition":"new"},"_links":{"self":[{"href":"https:\/\/compuviper.mx\/tienda\/wp-json\/wp\/v2\/product\/212267"}],"collection":[{"href":"https:\/\/compuviper.mx\/tienda\/wp-json\/wp\/v2\/product"}],"about":[{"href":"https:\/\/compuviper.mx\/tienda\/wp-json\/wp\/v2\/types\/product"}],"replies":[{"embeddable":true,"href":"https:\/\/compuviper.mx\/tienda\/wp-json\/wp\/v2\/comments?post=212267"}],"wp:featuredmedia":[{"embeddable":true,"href":"https:\/\/compuviper.mx\/tienda\/wp-json\/wp\/v2\/media\/212268"}],"wp:attachment":[{"href":"https:\/\/compuviper.mx\/tienda\/wp-json\/wp\/v2\/media?parent=212267"}],"wp:term":[{"taxonomy":"product_cat","embeddable":true,"href":"https:\/\/compuviper.mx\/tienda\/wp-json\/wp\/v2\/product_cat?post=212267"},{"taxonomy":"product_tag","embeddable":true,"href":"https:\/\/compuviper.mx\/tienda\/wp-json\/wp\/v2\/product_tag?post=212267"}],"curies":[{"name":"wp","href":"https:\/\/api.w.org\/{rel}","templated":true}]}}