{"id":212265,"date":"2026-04-21T23:28:46","date_gmt":"2026-04-22T05:28:46","guid":{"rendered":"https:\/\/compuviper.mx\/tienda\/producto\/startech-com-st122hd202-splitter-hdmi-de-2-puertos-hdr-4k-60hz-divisor-hdmi-1-entrada-2-salidas-splitter-hdmi-2-salidas-divisor-de-puertos-hdmi-mod\/"},"modified":"2026-04-21T23:28:47","modified_gmt":"2026-04-22T05:28:47","slug":"startech-com-st122hd202-splitter-hdmi-de-2-puertos-hdr-4k-60hz-divisor-hdmi-1-entrada-2-salidas-splitter-hdmi-2-salidas-divisor-de-puertos-hdmi-mod","status":"publish","type":"product","link":"https:\/\/compuviper.mx\/tienda\/producto\/startech-com-st122hd202-splitter-hdmi-de-2-puertos-hdr-4k-60hz-divisor-hdmi-1-entrada-2-salidas-splitter-hdmi-2-salidas-divisor-de-puertos-hdmi-mod\/","title":{"rendered":"Startech.com St122hd202 Splitter Hdmi De 2 Puertos Hdr 4k 60hz &#8211; Divisor Hdmi 1 Entrada 2 Salidas &#8211; Splitter Hdmi 2 Salidas &#8211; Divisor De Puertos Hdmi &#8211;  Mod."},"content":{"rendered":"<table class=\"descripcion\">\n<tr>\n<td>Caracter\u00edsticas f\u00edsicas<\/td>\n<\/tr>\n<tr>\n<td>Altura del producto : 5.5 cm<\/td>\n<\/tr>\n<tr>\n<td>Ancho del producto : 14.7 cm<\/td>\n<\/tr>\n<tr>\n<td>Color : negro<\/td>\n<\/tr>\n<tr>\n<td>Longitud del producto : 21.4 cm<\/td>\n<\/tr>\n<tr>\n<td>Peso del producto : 394 g<\/td>\n<\/tr>\n<tr>\n<td>Conector(es)<\/td>\n<\/tr>\n<tr>\n<td>Conector a : hdmi (19 pines)<\/td>\n<\/tr>\n<tr>\n<td>Conector b : hdmi (19 pines)<\/td>\n<\/tr>\n<tr>\n<td>Contenido de la caja<\/td>\n<\/tr>\n<tr>\n<td>Incluido en la caja : adaptador universal de alimentaci\u00f3n<\/td>\n<\/tr>\n<tr>\n<td>Incluido en la caja : divisor hdmi<\/td>\n<\/tr>\n<tr>\n<td>Incluido en la caja : gu\u00eda r\u00e1pida de inicio<\/td>\n<\/tr>\n<tr>\n<td>Hardware<\/td>\n<\/tr>\n<tr>\n<td>Cantidad de puertos : 2<\/td>\n<\/tr>\n<tr>\n<td>Entrada a\/v : hdmi<\/td>\n<\/tr>\n<tr>\n<td>Est\u00e1ndares industriales : hdmi 2.0<\/td>\n<\/tr>\n<tr>\n<td>Salida a\/v : hdmi<\/td>\n<\/tr>\n<tr>\n<td>Soporte de audio : s\u00ed<\/td>\n<\/tr>\n<tr>\n<td>Indicadores<\/td>\n<\/tr>\n<tr>\n<td>Indicadores led : indicador led de entrada<\/td>\n<\/tr>\n<tr>\n<td>Indicadores led : indicadores led de salida<\/td>\n<\/tr>\n<tr>\n<td>Indicadores led : led de alimentaci\u00f3n<\/td>\n<\/tr>\n<tr>\n<td>Rendimiento<\/td>\n<\/tr>\n<tr>\n<td>Especificaciones de audio : sonido envolvente 7.1<\/td>\n<\/tr>\n<tr>\n<td>Longitud m\u00e1xima del cable : 5 m<\/td>\n<\/tr>\n<tr>\n<td>Pantalla plana soportada : s\u00ed<\/td>\n<\/tr>\n<tr>\n<td>Resoluci\u00f3n digital m\u00e1xima : 3840&#215;2160 (4k) a 60hz<\/td>\n<\/tr>\n<tr>\n<td> 2560&#215;1600<\/td>\n<\/tr>\n<tr>\n<td> 1920&#215;1200<\/td>\n<\/tr>\n<tr>\n<td> 1920&#215;1080 (1080p)<\/td>\n<\/tr>\n<tr>\n<td> 1280&#215;720 (720p)<\/td>\n<\/tr>\n<tr>\n<td>Tasa de transferencia de datos m\u00e1xima : 18gbps<\/td>\n<\/tr>\n<tr>\n<td>Video revision : hdmi 2.0<\/td>\n<\/tr>\n<\/table>\n","protected":false},"excerpt":{"rendered":"<p>Este divisor de 2 puertos hdmi 4k conecta su fuente de video hdmi simult\u00e1neamente a dos pantallas\u00a0hdmi, sin distorsi\u00f3n ni degradaci\u00f3n de su se\u00f1al de video. Para un rendimiento confiable, el multiplicador viene dentro de un duradero baginete de metal que permite el enfriamiento pasivo. Resoluci\u00f3n 4k real a 60hz y hdr. El multiplicador tambi\u00e9n es compatible con im\u00e1genes hdr (high dynamic range, alto rango din\u00e1mico). El divisor hdmi de dos v\u00edas es compatible con hdcp 2.2 y compatible con pantallas 1080p y 4k 30hz. F\u00e1cil instalaci\u00f3n para una configuraci\u00f3n sencilla, el multiplicador hdmi\u00a01&#215;2 ofrece una sencilla instalaci\u00f3n plug-and-play. El multiplicador tambi\u00e9n le ahorra tiempo de configuraci\u00f3n, ya que transmite autom\u00e1ticamente la se\u00f1al edid entre su fuente de video y la pantalla conectada al puerto 1. El modelo st122hd202\u00a0cuenta con soporte t\u00e9cnico gratuito de por vida.<\/p>\n","protected":false},"featured_media":212266,"comment_status":"open","ping_status":"open","template":"","meta":[],"product_cat":[1485,1506],"product_tag":[1590],"acf":[],"yoast_head":"<!-- This site is optimized with the Yoast SEO plugin v21.7 - https:\/\/yoast.com\/wordpress\/plugins\/seo\/ -->\n<title>[ Startech.com ] &#129351; St122hd202 Splitter Hdmi De 2 Puertos Hdr 4k 60hz - Divisor Hdmi 1 Entrada 2 Salidas - Splitter Hdmi 2 Salidas - Divisor De Puertos Hdmi - Mod.<\/title>\n<meta name=\"description\" content=\"Compra St122hd202 Splitter Hdmi De 2 Puertos Hdr 4k 60hz - Divisor Hdmi 1 Entrada 2 Salidas - Splitter Hdmi 2 Salidas - Divisor De Puertos Hdmi - Mod. + Env\u00edo a domicilio + Pago seguro + Garant\u00eda\" \/>\n<meta name=\"robots\" content=\"index, follow, max-snippet:-1, max-image-preview:large, max-video-preview:-1\" \/>\n<link rel=\"canonical\" href=\"https:\/\/compuviper.mx\/tienda\/producto\/startech-com-st122hd202-splitter-hdmi-de-2-puertos-hdr-4k-60hz-divisor-hdmi-1-entrada-2-salidas-splitter-hdmi-2-salidas-divisor-de-puertos-hdmi-mod\/\" \/>\n<meta property=\"og:locale\" content=\"es_MX\" \/>\n<meta property=\"og:type\" content=\"article\" \/>\n<meta property=\"og:title\" content=\"[ Startech.com ] &#129351; St122hd202 Splitter Hdmi De 2 Puertos Hdr 4k 60hz - Divisor Hdmi 1 Entrada 2 Salidas - Splitter Hdmi 2 Salidas - Divisor De Puertos Hdmi - Mod.\" \/>\n<meta property=\"og:description\" content=\"Compra St122hd202 Splitter Hdmi De 2 Puertos Hdr 4k 60hz - Divisor Hdmi 1 Entrada 2 Salidas - Splitter Hdmi 2 Salidas - Divisor De Puertos Hdmi - Mod. + Env\u00edo a domicilio + Pago seguro + Garant\u00eda\" \/>\n<meta property=\"og:url\" content=\"https:\/\/compuviper.mx\/tienda\/producto\/startech-com-st122hd202-splitter-hdmi-de-2-puertos-hdr-4k-60hz-divisor-hdmi-1-entrada-2-salidas-splitter-hdmi-2-salidas-divisor-de-puertos-hdmi-mod\/\" \/>\n<meta property=\"og:site_name\" content=\"Compuviper\" \/>\n<meta property=\"article:publisher\" content=\"https:\/\/www.facebook.com\/compuviper\" \/>\n<meta property=\"article:modified_time\" content=\"2026-04-22T05:28:47+00:00\" \/>\n<meta property=\"og:image\" content=\"https:\/\/compuviper.mx\/tienda\/wp-content\/uploads\/2023\/12\/Splitter-hdmi-de-2-puertos-hdr-4k-60hz-divisor-hdmi-1-entrada-2-salidas-splitter-hdmi-2-salidas-divisor-de-puertos-hdmi-startech.com-mod.-st122hd202.jpg\" \/>\n\t<meta property=\"og:image:width\" content=\"200\" \/>\n\t<meta property=\"og:image:height\" content=\"200\" \/>\n\t<meta property=\"og:image:type\" content=\"image\/jpeg\" \/>\n<meta name=\"twitter:card\" content=\"summary_large_image\" \/>\n<meta name=\"twitter:label1\" content=\"Precio\" \/>\n\t<meta name=\"twitter:data1\" content=\"&#36;1,202 con IVA\" \/>\n\t<meta name=\"twitter:label2\" content=\"Availability\" \/>\n\t<meta name=\"twitter:data2\" content=\"In stock\" \/>\n<script type=\"application\/ld+json\" class=\"yoast-schema-graph\">{\"@context\":\"https:\/\/schema.org\",\"@graph\":[{\"@type\":\"WebPage\",\"@id\":\"https:\/\/compuviper.mx\/tienda\/producto\/startech-com-st122hd202-splitter-hdmi-de-2-puertos-hdr-4k-60hz-divisor-hdmi-1-entrada-2-salidas-splitter-hdmi-2-salidas-divisor-de-puertos-hdmi-mod\/\",\"url\":\"https:\/\/compuviper.mx\/tienda\/producto\/startech-com-st122hd202-splitter-hdmi-de-2-puertos-hdr-4k-60hz-divisor-hdmi-1-entrada-2-salidas-splitter-hdmi-2-salidas-divisor-de-puertos-hdmi-mod\/\",\"name\":\"[ Startech.com ] &#129351; St122hd202 Splitter Hdmi De 2 Puertos Hdr 4k 60hz - Divisor Hdmi 1 Entrada 2 Salidas - Splitter Hdmi 2 Salidas - Divisor De Puertos Hdmi - Mod.\",\"isPartOf\":{\"@id\":\"https:\/\/compuviper.mx\/tienda\/#website\"},\"datePublished\":\"2026-04-22T05:28:46+00:00\",\"dateModified\":\"2026-04-22T05:28:47+00:00\",\"description\":\"Compra St122hd202 Splitter Hdmi De 2 Puertos Hdr 4k 60hz - Divisor Hdmi 1 Entrada 2 Salidas - Splitter Hdmi 2 Salidas - Divisor De Puertos Hdmi - Mod. + Env\u00edo a domicilio + Pago seguro + Garant\u00eda\",\"breadcrumb\":{\"@id\":\"https:\/\/compuviper.mx\/tienda\/producto\/startech-com-st122hd202-splitter-hdmi-de-2-puertos-hdr-4k-60hz-divisor-hdmi-1-entrada-2-salidas-splitter-hdmi-2-salidas-divisor-de-puertos-hdmi-mod\/#breadcrumb\"},\"inLanguage\":\"es-MX\",\"potentialAction\":[{\"@type\":\"ReadAction\",\"target\":[\"https:\/\/compuviper.mx\/tienda\/producto\/startech-com-st122hd202-splitter-hdmi-de-2-puertos-hdr-4k-60hz-divisor-hdmi-1-entrada-2-salidas-splitter-hdmi-2-salidas-divisor-de-puertos-hdmi-mod\/\"]}]},{\"@type\":\"BreadcrumbList\",\"@id\":\"https:\/\/compuviper.mx\/tienda\/producto\/startech-com-st122hd202-splitter-hdmi-de-2-puertos-hdr-4k-60hz-divisor-hdmi-1-entrada-2-salidas-splitter-hdmi-2-salidas-divisor-de-puertos-hdmi-mod\/#breadcrumb\",\"itemListElement\":[{\"@type\":\"ListItem\",\"position\":1,\"name\":\"Inicio\",\"item\":\"https:\/\/compuviper.mx\/tienda\/\"},{\"@type\":\"ListItem\",\"position\":2,\"name\":\"Productos\",\"item\":\"https:\/\/compuviper.mx\/tienda\/productos\/\"},{\"@type\":\"ListItem\",\"position\":3,\"name\":\"Accesorios\",\"item\":\"https:\/\/compuviper.mx\/tienda\/categoria-producto\/accesorios\/\"},{\"@type\":\"ListItem\",\"position\":4,\"name\":\"Conectividad\",\"item\":\"https:\/\/compuviper.mx\/tienda\/categoria-producto\/accesorios\/conectividad\/\"},{\"@type\":\"ListItem\",\"position\":5,\"name\":\"Startech.com St122hd202 Splitter Hdmi De 2 Puertos Hdr 4k 60hz &#8211; Divisor Hdmi 1 Entrada 2 Salidas &#8211; Splitter Hdmi 2 Salidas &#8211; Divisor De Puertos Hdmi &#8211; Mod.\"}]},{\"@type\":\"WebSite\",\"@id\":\"https:\/\/compuviper.mx\/tienda\/#website\",\"url\":\"https:\/\/compuviper.mx\/tienda\/\",\"name\":\"Compuviper\",\"description\":\"Proveedor de Computadoras, Laptops, Servidores, Monitores, Puntos de Venta, Teclados,   Impresoras, T\u00f3ner, C\u00e1maras de Seguridad y m\u00e1s en tu tienda en l\u00ednea\",\"publisher\":{\"@id\":\"https:\/\/compuviper.mx\/tienda\/#organization\"},\"potentialAction\":[{\"@type\":\"SearchAction\",\"target\":{\"@type\":\"EntryPoint\",\"urlTemplate\":\"https:\/\/compuviper.mx\/tienda\/?s={search_term_string}\"},\"query-input\":\"required name=search_term_string\"}],\"inLanguage\":\"es-MX\"},{\"@type\":\"Organization\",\"@id\":\"https:\/\/compuviper.mx\/tienda\/#organization\",\"name\":\"Compuviper\",\"url\":\"https:\/\/compuviper.mx\/tienda\/\",\"logo\":{\"@type\":\"ImageObject\",\"inLanguage\":\"es-MX\",\"@id\":\"https:\/\/compuviper.mx\/tienda\/#\/schema\/logo\/image\/\",\"url\":\"https:\/\/compuviper.mx\/tienda\/wp-content\/uploads\/2021\/08\/Logo-Compuviper-10.png\",\"contentUrl\":\"https:\/\/compuviper.mx\/tienda\/wp-content\/uploads\/2021\/08\/Logo-Compuviper-10.png\",\"width\":1000,\"height\":500,\"caption\":\"Compuviper\"},\"image\":{\"@id\":\"https:\/\/compuviper.mx\/tienda\/#\/schema\/logo\/image\/\"},\"sameAs\":[\"https:\/\/www.facebook.com\/compuviper\",\"https:\/\/www.youtube.com\/channel\/UCf73dERp9Y3cfOq7q8BhLjA?view_as=subscriber\"]}]}<\/script>\n<meta property=\"product:brand\" content=\"STARTECH.COM\" \/>\n<meta property=\"product:price:amount\" content=\"1202\" \/>\n<meta property=\"product:price:currency\" content=\"MXN\" \/>\n<meta property=\"og:availability\" content=\"instock\" \/>\n<meta property=\"product:availability\" content=\"instock\" \/>\n<meta property=\"product:retailer_item_id\" content=\"ST122HD202\" \/>\n<meta property=\"product:condition\" content=\"new\" \/>\n<!-- \/ Yoast SEO plugin. -->","yoast_head_json":{"title":"[ Startech.com ] &#129351; St122hd202 Splitter Hdmi De 2 Puertos Hdr 4k 60hz - Divisor Hdmi 1 Entrada 2 Salidas - Splitter Hdmi 2 Salidas - Divisor De Puertos Hdmi - Mod.","description":"Compra St122hd202 Splitter Hdmi De 2 Puertos Hdr 4k 60hz - Divisor Hdmi 1 Entrada 2 Salidas - Splitter Hdmi 2 Salidas - Divisor De Puertos Hdmi - Mod. + Env\u00edo a domicilio + Pago seguro + Garant\u00eda","robots":{"index":"index","follow":"follow","max-snippet":"max-snippet:-1","max-image-preview":"max-image-preview:large","max-video-preview":"max-video-preview:-1"},"canonical":"https:\/\/compuviper.mx\/tienda\/producto\/startech-com-st122hd202-splitter-hdmi-de-2-puertos-hdr-4k-60hz-divisor-hdmi-1-entrada-2-salidas-splitter-hdmi-2-salidas-divisor-de-puertos-hdmi-mod\/","og_locale":"es_MX","og_type":"article","og_title":"[ Startech.com ] &#129351; St122hd202 Splitter Hdmi De 2 Puertos Hdr 4k 60hz - Divisor Hdmi 1 Entrada 2 Salidas - Splitter Hdmi 2 Salidas - Divisor De Puertos Hdmi - Mod.","og_description":"Compra St122hd202 Splitter Hdmi De 2 Puertos Hdr 4k 60hz - Divisor Hdmi 1 Entrada 2 Salidas - Splitter Hdmi 2 Salidas - Divisor De Puertos Hdmi - Mod. + Env\u00edo a domicilio + Pago seguro + Garant\u00eda","og_url":"https:\/\/compuviper.mx\/tienda\/producto\/startech-com-st122hd202-splitter-hdmi-de-2-puertos-hdr-4k-60hz-divisor-hdmi-1-entrada-2-salidas-splitter-hdmi-2-salidas-divisor-de-puertos-hdmi-mod\/","og_site_name":"Compuviper","article_publisher":"https:\/\/www.facebook.com\/compuviper","article_modified_time":"2026-04-22T05:28:47+00:00","og_image":[{"width":200,"height":200,"url":"https:\/\/compuviper.mx\/tienda\/wp-content\/uploads\/2023\/12\/Splitter-hdmi-de-2-puertos-hdr-4k-60hz-divisor-hdmi-1-entrada-2-salidas-splitter-hdmi-2-salidas-divisor-de-puertos-hdmi-startech.com-mod.-st122hd202.jpg","type":"image\/jpeg"}],"twitter_card":"summary_large_image","twitter_misc":{"Precio":"&#36;1,202 con IVA","Availability":"In stock"},"schema":{"@context":"https:\/\/schema.org","@graph":[{"@type":"WebPage","@id":"https:\/\/compuviper.mx\/tienda\/producto\/startech-com-st122hd202-splitter-hdmi-de-2-puertos-hdr-4k-60hz-divisor-hdmi-1-entrada-2-salidas-splitter-hdmi-2-salidas-divisor-de-puertos-hdmi-mod\/","url":"https:\/\/compuviper.mx\/tienda\/producto\/startech-com-st122hd202-splitter-hdmi-de-2-puertos-hdr-4k-60hz-divisor-hdmi-1-entrada-2-salidas-splitter-hdmi-2-salidas-divisor-de-puertos-hdmi-mod\/","name":"[ Startech.com ] &#129351; St122hd202 Splitter Hdmi De 2 Puertos Hdr 4k 60hz - Divisor Hdmi 1 Entrada 2 Salidas - Splitter Hdmi 2 Salidas - Divisor De Puertos Hdmi - Mod.","isPartOf":{"@id":"https:\/\/compuviper.mx\/tienda\/#website"},"datePublished":"2026-04-22T05:28:46+00:00","dateModified":"2026-04-22T05:28:47+00:00","description":"Compra St122hd202 Splitter Hdmi De 2 Puertos Hdr 4k 60hz - Divisor Hdmi 1 Entrada 2 Salidas - Splitter Hdmi 2 Salidas - Divisor De Puertos Hdmi - Mod. + Env\u00edo a domicilio + Pago seguro + Garant\u00eda","breadcrumb":{"@id":"https:\/\/compuviper.mx\/tienda\/producto\/startech-com-st122hd202-splitter-hdmi-de-2-puertos-hdr-4k-60hz-divisor-hdmi-1-entrada-2-salidas-splitter-hdmi-2-salidas-divisor-de-puertos-hdmi-mod\/#breadcrumb"},"inLanguage":"es-MX","potentialAction":[{"@type":"ReadAction","target":["https:\/\/compuviper.mx\/tienda\/producto\/startech-com-st122hd202-splitter-hdmi-de-2-puertos-hdr-4k-60hz-divisor-hdmi-1-entrada-2-salidas-splitter-hdmi-2-salidas-divisor-de-puertos-hdmi-mod\/"]}]},{"@type":"BreadcrumbList","@id":"https:\/\/compuviper.mx\/tienda\/producto\/startech-com-st122hd202-splitter-hdmi-de-2-puertos-hdr-4k-60hz-divisor-hdmi-1-entrada-2-salidas-splitter-hdmi-2-salidas-divisor-de-puertos-hdmi-mod\/#breadcrumb","itemListElement":[{"@type":"ListItem","position":1,"name":"Inicio","item":"https:\/\/compuviper.mx\/tienda\/"},{"@type":"ListItem","position":2,"name":"Productos","item":"https:\/\/compuviper.mx\/tienda\/productos\/"},{"@type":"ListItem","position":3,"name":"Accesorios","item":"https:\/\/compuviper.mx\/tienda\/categoria-producto\/accesorios\/"},{"@type":"ListItem","position":4,"name":"Conectividad","item":"https:\/\/compuviper.mx\/tienda\/categoria-producto\/accesorios\/conectividad\/"},{"@type":"ListItem","position":5,"name":"Startech.com St122hd202 Splitter Hdmi De 2 Puertos Hdr 4k 60hz &#8211; Divisor Hdmi 1 Entrada 2 Salidas &#8211; Splitter Hdmi 2 Salidas &#8211; Divisor De Puertos Hdmi &#8211; Mod."}]},{"@type":"WebSite","@id":"https:\/\/compuviper.mx\/tienda\/#website","url":"https:\/\/compuviper.mx\/tienda\/","name":"Compuviper","description":"Proveedor de Computadoras, Laptops, Servidores, Monitores, Puntos de Venta, Teclados,   Impresoras, T\u00f3ner, C\u00e1maras de Seguridad y m\u00e1s en tu tienda en l\u00ednea","publisher":{"@id":"https:\/\/compuviper.mx\/tienda\/#organization"},"potentialAction":[{"@type":"SearchAction","target":{"@type":"EntryPoint","urlTemplate":"https:\/\/compuviper.mx\/tienda\/?s={search_term_string}"},"query-input":"required name=search_term_string"}],"inLanguage":"es-MX"},{"@type":"Organization","@id":"https:\/\/compuviper.mx\/tienda\/#organization","name":"Compuviper","url":"https:\/\/compuviper.mx\/tienda\/","logo":{"@type":"ImageObject","inLanguage":"es-MX","@id":"https:\/\/compuviper.mx\/tienda\/#\/schema\/logo\/image\/","url":"https:\/\/compuviper.mx\/tienda\/wp-content\/uploads\/2021\/08\/Logo-Compuviper-10.png","contentUrl":"https:\/\/compuviper.mx\/tienda\/wp-content\/uploads\/2021\/08\/Logo-Compuviper-10.png","width":1000,"height":500,"caption":"Compuviper"},"image":{"@id":"https:\/\/compuviper.mx\/tienda\/#\/schema\/logo\/image\/"},"sameAs":["https:\/\/www.facebook.com\/compuviper","https:\/\/www.youtube.com\/channel\/UCf73dERp9Y3cfOq7q8BhLjA?view_as=subscriber"]}]},"product_brand":"STARTECH.COM","product_price_amount":"1202","product_price_currency":"MXN","og_availability":"instock","product_availability":"instock","product_retailer_item_id":"ST122HD202","product_condition":"new"},"_links":{"self":[{"href":"https:\/\/compuviper.mx\/tienda\/wp-json\/wp\/v2\/product\/212265"}],"collection":[{"href":"https:\/\/compuviper.mx\/tienda\/wp-json\/wp\/v2\/product"}],"about":[{"href":"https:\/\/compuviper.mx\/tienda\/wp-json\/wp\/v2\/types\/product"}],"replies":[{"embeddable":true,"href":"https:\/\/compuviper.mx\/tienda\/wp-json\/wp\/v2\/comments?post=212265"}],"wp:featuredmedia":[{"embeddable":true,"href":"https:\/\/compuviper.mx\/tienda\/wp-json\/wp\/v2\/media\/212266"}],"wp:attachment":[{"href":"https:\/\/compuviper.mx\/tienda\/wp-json\/wp\/v2\/media?parent=212265"}],"wp:term":[{"taxonomy":"product_cat","embeddable":true,"href":"https:\/\/compuviper.mx\/tienda\/wp-json\/wp\/v2\/product_cat?post=212265"},{"taxonomy":"product_tag","embeddable":true,"href":"https:\/\/compuviper.mx\/tienda\/wp-json\/wp\/v2\/product_tag?post=212265"}],"curies":[{"name":"wp","href":"https:\/\/api.w.org\/{rel}","templated":true}]}}