{"id":212263,"date":"2026-04-06T23:31:03","date_gmt":"2026-04-07T05:31:03","guid":{"rendered":"https:\/\/compuviper.mx\/tienda\/producto\/startech-com-sdock2u33v-base-docking-station-usb-3-0-de-2-bahias-sata-iii-de-2-5-o-3-5-pulgadas-para-ssd-o-disco-duro-base-de-conexion-para-intercambio-en-caliente-de-unidades-de-disco-duro-mod\/"},"modified":"2026-04-06T23:31:04","modified_gmt":"2026-04-07T05:31:04","slug":"startech-com-sdock2u33v-base-docking-station-usb-3-0-de-2-bahias-sata-iii-de-2-5-o-3-5-pulgadas-para-ssd-o-disco-duro-base-de-conexion-para-intercambio-en-caliente-de-unidades-de-disco-duro-mod","status":"publish","type":"product","link":"https:\/\/compuviper.mx\/tienda\/producto\/startech-com-sdock2u33v-base-docking-station-usb-3-0-de-2-bahias-sata-iii-de-2-5-o-3-5-pulgadas-para-ssd-o-disco-duro-base-de-conexion-para-intercambio-en-caliente-de-unidades-de-disco-duro-mod\/","title":{"rendered":"Startech.com Sdock2u33v Base Docking Station Usb 3.0 De 2 Bahias Sata Iii De 2.5 O 3.5 Pulgadas Para Ssd O Disco Duro Base De Conexion Para Intercambio En Caliente De Unidades De Disco Duro &#8211;  Mod."},"content":{"rendered":"<table class=\"descripcion\">\n<tr>\n<td>Caractersticas fsicas<\/td>\n<\/tr>\n<tr>\n<td>Altura del producto : 6.2 cm<\/td>\n<\/tr>\n<tr>\n<td>Ancho del producto : 13 cm<\/td>\n<\/tr>\n<tr>\n<td>Color : negro<\/td>\n<\/tr>\n<tr>\n<td>Longitud del producto : 11.4 cm<\/td>\n<\/tr>\n<tr>\n<td>Peso del producto : 370 g<\/td>\n<\/tr>\n<tr>\n<td>Tipo de gabinete : aluminio y plstico<\/td>\n<\/tr>\n<tr>\n<td>Conectores<\/td>\n<\/tr>\n<tr>\n<td>Conectores de la unidad : combinacin de alimentacin y datos por sata 715 pines<\/td>\n<\/tr>\n<tr>\n<td>Conectores del host : usb 3.1 usb type-b 9 pin, gen 1, 5 gbps<\/td>\n<\/tr>\n<tr>\n<td>Hardware<\/td>\n<\/tr>\n<tr>\n<td>Cantidad de unidades : 2<\/td>\n<\/tr>\n<tr>\n<td>Id del conjunto de chips : asmedia &#8211; asm1153e<\/td>\n<\/tr>\n<tr>\n<td>Instalacin de la unidad : extrable<\/td>\n<\/tr>\n<tr>\n<td>Interfaz : usb 3.0<\/td>\n<\/tr>\n<tr>\n<td>Tamao de la unidad : 2.5in  and  3.5in<\/td>\n<\/tr>\n<tr>\n<td>Tipo de bus : usb 3.0<\/td>\n<\/tr>\n<tr>\n<td>Unidades compatibles : sata<\/td>\n<\/tr>\n<tr>\n<td>Ventiladores : no<\/td>\n<\/tr>\n<tr>\n<td>Rendimiento<\/td>\n<\/tr>\n<tr>\n<td>4kn support : s<\/td>\n<\/tr>\n<tr>\n<td>Capacidad mxima de la unidad : probado con discos duros de hasta 10tb a 7200\u00a0rpm.<\/td>\n<\/tr>\n<tr>\n<td>Compatibilidad con uasp : s<\/td>\n<\/tr>\n<tr>\n<td>Raid : no<\/td>\n<\/tr>\n<tr>\n<td>S.m.a.r.t. support : s<\/td>\n<\/tr>\n<tr>\n<td>Soporte para multiplicador de puertos : no<\/td>\n<\/tr>\n<tr>\n<td>Tipo y velocidad : sata iii 6 gbps<\/td>\n<\/tr>\n<tr>\n<td>Tipo y velocidad : usb 3.0 &#8211; 5 gbit\/s<\/td>\n<\/tr>\n<tr>\n<td>Trim support : s<\/td>\n<\/tr>\n<\/table>\n","protected":false},"excerpt":{"rendered":"<p>Esta estacin de conexin de doble baha para unidades de disco dd\/ssd sata le permite la conexin y el intercambio de unidades desde su laptop o computadora\u00a0simultneamente, mediante el uso de\u00a0un solo puerto usb. Compatible con dos unidades de disco duro o de estado slido sata de 2.5\/3.5. La estacin de conexin de doble baha tambin es compatible con usb 3.0 tambin conocido como usb 3.0 gen 1, que ofrece velocidades de transferencia de datos de hasta 5gbps. Tambin es compatible con uasp, para mejor rendimiento. Ideal para profesionales de it, como administradores y tcnicos informticos, la estacin de conexin de disco duro le permite completar las tareas de gestin de dispositivos de forma ms eficiente, como la duplicacin de unidades, la recuperacin, el archivado y la creacin de copias de seguridad de datos, as como la transferencia de contenidos entre unidades y dispositivos.<\/p>\n","protected":false},"featured_media":212264,"comment_status":"open","ping_status":"open","template":"","meta":[],"product_cat":[1485,1506],"product_tag":[1590],"acf":[],"yoast_head":"<!-- This site is optimized with the Yoast SEO plugin v21.7 - https:\/\/yoast.com\/wordpress\/plugins\/seo\/ -->\n<title>[ Startech.com ] &#129351; Sdock2u33v Base Docking Station Usb 3.0 De 2 Bahias Sata Iii De 2.5 O 3.5 Pulgadas Para Ssd O Disco Duro Base De Conexion Para Intercambio En Caliente De Unidades De Disco Duro - Mod.<\/title>\n<meta name=\"description\" content=\"Compra Sdock2u33v Base Docking Station Usb 3.0 De 2 Bahias Sata Iii De 2.5 O 3.5 Pulgadas Para Ssd O Disco Duro Base De Conexion Para Intercambio En Caliente De Unidades De Disco Duro - Mod. + Env\u00edo a domicilio + Pago seguro + Garant\u00eda\" \/>\n<meta name=\"robots\" content=\"index, follow, max-snippet:-1, max-image-preview:large, max-video-preview:-1\" \/>\n<link rel=\"canonical\" href=\"https:\/\/compuviper.mx\/tienda\/producto\/startech-com-sdock2u33v-base-docking-station-usb-3-0-de-2-bahias-sata-iii-de-2-5-o-3-5-pulgadas-para-ssd-o-disco-duro-base-de-conexion-para-intercambio-en-caliente-de-unidades-de-disco-duro-mod\/\" \/>\n<meta property=\"og:locale\" content=\"es_MX\" \/>\n<meta property=\"og:type\" content=\"article\" \/>\n<meta property=\"og:title\" content=\"[ Startech.com ] &#129351; Sdock2u33v Base Docking Station Usb 3.0 De 2 Bahias Sata Iii De 2.5 O 3.5 Pulgadas Para Ssd O Disco Duro Base De Conexion Para Intercambio En Caliente De Unidades De Disco Duro - Mod.\" \/>\n<meta property=\"og:description\" content=\"Compra Sdock2u33v Base Docking Station Usb 3.0 De 2 Bahias Sata Iii De 2.5 O 3.5 Pulgadas Para Ssd O Disco Duro Base De Conexion Para Intercambio En Caliente De Unidades De Disco Duro - Mod. + Env\u00edo a domicilio + Pago seguro + Garant\u00eda\" \/>\n<meta property=\"og:url\" content=\"https:\/\/compuviper.mx\/tienda\/producto\/startech-com-sdock2u33v-base-docking-station-usb-3-0-de-2-bahias-sata-iii-de-2-5-o-3-5-pulgadas-para-ssd-o-disco-duro-base-de-conexion-para-intercambio-en-caliente-de-unidades-de-disco-duro-mod\/\" \/>\n<meta property=\"og:site_name\" content=\"Compuviper\" \/>\n<meta property=\"article:publisher\" content=\"https:\/\/www.facebook.com\/compuviper\" \/>\n<meta property=\"article:modified_time\" content=\"2026-04-07T05:31:04+00:00\" \/>\n<meta property=\"og:image\" content=\"https:\/\/compuviper.mx\/tienda\/wp-content\/uploads\/2023\/12\/Base-docking-station-usb-3.0-de-2-bahias-sata-iii-de-2.5-o-3.5-pulgadas-para-ssd-o-disco-duro-base-de-conexion-para-intercambio-en-caliente-de-unidades-de-disco-duro-startech.com-mod.-sdock2u33v.jpg\" \/>\n\t<meta property=\"og:image:width\" content=\"200\" \/>\n\t<meta property=\"og:image:height\" content=\"200\" \/>\n\t<meta property=\"og:image:type\" content=\"image\/jpeg\" \/>\n<meta name=\"twitter:card\" content=\"summary_large_image\" \/>\n<meta name=\"twitter:label1\" content=\"Precio\" \/>\n\t<meta name=\"twitter:data1\" content=\"&#36;1,403 con IVA\" \/>\n\t<meta name=\"twitter:label2\" content=\"Availability\" \/>\n\t<meta name=\"twitter:data2\" content=\"Out of stock\" \/>\n<script type=\"application\/ld+json\" class=\"yoast-schema-graph\">{\"@context\":\"https:\/\/schema.org\",\"@graph\":[{\"@type\":\"WebPage\",\"@id\":\"https:\/\/compuviper.mx\/tienda\/producto\/startech-com-sdock2u33v-base-docking-station-usb-3-0-de-2-bahias-sata-iii-de-2-5-o-3-5-pulgadas-para-ssd-o-disco-duro-base-de-conexion-para-intercambio-en-caliente-de-unidades-de-disco-duro-mod\/\",\"url\":\"https:\/\/compuviper.mx\/tienda\/producto\/startech-com-sdock2u33v-base-docking-station-usb-3-0-de-2-bahias-sata-iii-de-2-5-o-3-5-pulgadas-para-ssd-o-disco-duro-base-de-conexion-para-intercambio-en-caliente-de-unidades-de-disco-duro-mod\/\",\"name\":\"[ Startech.com ] &#129351; Sdock2u33v Base Docking Station Usb 3.0 De 2 Bahias Sata Iii De 2.5 O 3.5 Pulgadas Para Ssd O Disco Duro Base De Conexion Para Intercambio En Caliente De Unidades De Disco Duro - Mod.\",\"isPartOf\":{\"@id\":\"https:\/\/compuviper.mx\/tienda\/#website\"},\"datePublished\":\"2026-04-07T05:31:03+00:00\",\"dateModified\":\"2026-04-07T05:31:04+00:00\",\"description\":\"Compra Sdock2u33v Base Docking Station Usb 3.0 De 2 Bahias Sata Iii De 2.5 O 3.5 Pulgadas Para Ssd O Disco Duro Base De Conexion Para Intercambio En Caliente De Unidades De Disco Duro - Mod. + Env\u00edo a domicilio + Pago seguro + Garant\u00eda\",\"breadcrumb\":{\"@id\":\"https:\/\/compuviper.mx\/tienda\/producto\/startech-com-sdock2u33v-base-docking-station-usb-3-0-de-2-bahias-sata-iii-de-2-5-o-3-5-pulgadas-para-ssd-o-disco-duro-base-de-conexion-para-intercambio-en-caliente-de-unidades-de-disco-duro-mod\/#breadcrumb\"},\"inLanguage\":\"es-MX\",\"potentialAction\":[{\"@type\":\"ReadAction\",\"target\":[\"https:\/\/compuviper.mx\/tienda\/producto\/startech-com-sdock2u33v-base-docking-station-usb-3-0-de-2-bahias-sata-iii-de-2-5-o-3-5-pulgadas-para-ssd-o-disco-duro-base-de-conexion-para-intercambio-en-caliente-de-unidades-de-disco-duro-mod\/\"]}]},{\"@type\":\"BreadcrumbList\",\"@id\":\"https:\/\/compuviper.mx\/tienda\/producto\/startech-com-sdock2u33v-base-docking-station-usb-3-0-de-2-bahias-sata-iii-de-2-5-o-3-5-pulgadas-para-ssd-o-disco-duro-base-de-conexion-para-intercambio-en-caliente-de-unidades-de-disco-duro-mod\/#breadcrumb\",\"itemListElement\":[{\"@type\":\"ListItem\",\"position\":1,\"name\":\"Inicio\",\"item\":\"https:\/\/compuviper.mx\/tienda\/\"},{\"@type\":\"ListItem\",\"position\":2,\"name\":\"Productos\",\"item\":\"https:\/\/compuviper.mx\/tienda\/productos\/\"},{\"@type\":\"ListItem\",\"position\":3,\"name\":\"Accesorios\",\"item\":\"https:\/\/compuviper.mx\/tienda\/categoria-producto\/accesorios\/\"},{\"@type\":\"ListItem\",\"position\":4,\"name\":\"Conectividad\",\"item\":\"https:\/\/compuviper.mx\/tienda\/categoria-producto\/accesorios\/conectividad\/\"},{\"@type\":\"ListItem\",\"position\":5,\"name\":\"Startech.com Sdock2u33v Base Docking Station Usb 3.0 De 2 Bahias Sata Iii De 2.5 O 3.5 Pulgadas Para Ssd O Disco Duro Base De Conexion Para Intercambio En Caliente De Unidades De Disco Duro &#8211; Mod.\"}]},{\"@type\":\"WebSite\",\"@id\":\"https:\/\/compuviper.mx\/tienda\/#website\",\"url\":\"https:\/\/compuviper.mx\/tienda\/\",\"name\":\"Compuviper\",\"description\":\"Proveedor de Computadoras, Laptops, Servidores, Monitores, Puntos de Venta, Teclados,   Impresoras, T\u00f3ner, C\u00e1maras de Seguridad y m\u00e1s en tu tienda en l\u00ednea\",\"publisher\":{\"@id\":\"https:\/\/compuviper.mx\/tienda\/#organization\"},\"potentialAction\":[{\"@type\":\"SearchAction\",\"target\":{\"@type\":\"EntryPoint\",\"urlTemplate\":\"https:\/\/compuviper.mx\/tienda\/?s={search_term_string}\"},\"query-input\":\"required name=search_term_string\"}],\"inLanguage\":\"es-MX\"},{\"@type\":\"Organization\",\"@id\":\"https:\/\/compuviper.mx\/tienda\/#organization\",\"name\":\"Compuviper\",\"url\":\"https:\/\/compuviper.mx\/tienda\/\",\"logo\":{\"@type\":\"ImageObject\",\"inLanguage\":\"es-MX\",\"@id\":\"https:\/\/compuviper.mx\/tienda\/#\/schema\/logo\/image\/\",\"url\":\"https:\/\/compuviper.mx\/tienda\/wp-content\/uploads\/2021\/08\/Logo-Compuviper-10.png\",\"contentUrl\":\"https:\/\/compuviper.mx\/tienda\/wp-content\/uploads\/2021\/08\/Logo-Compuviper-10.png\",\"width\":1000,\"height\":500,\"caption\":\"Compuviper\"},\"image\":{\"@id\":\"https:\/\/compuviper.mx\/tienda\/#\/schema\/logo\/image\/\"},\"sameAs\":[\"https:\/\/www.facebook.com\/compuviper\",\"https:\/\/www.youtube.com\/channel\/UCf73dERp9Y3cfOq7q8BhLjA?view_as=subscriber\"]}]}<\/script>\n<meta property=\"product:brand\" content=\"STARTECH.COM\" \/>\n<meta property=\"product:price:amount\" content=\"1403\" \/>\n<meta property=\"product:price:currency\" content=\"MXN\" \/>\n<meta property=\"og:availability\" content=\"out of stock\" \/>\n<meta property=\"product:availability\" content=\"out of stock\" \/>\n<meta property=\"product:retailer_item_id\" content=\"SDOCK2U33V\" \/>\n<meta property=\"product:condition\" content=\"new\" \/>\n<!-- \/ Yoast SEO plugin. -->","yoast_head_json":{"title":"[ Startech.com ] &#129351; Sdock2u33v Base Docking Station Usb 3.0 De 2 Bahias Sata Iii De 2.5 O 3.5 Pulgadas Para Ssd O Disco Duro Base De Conexion Para Intercambio En Caliente De Unidades De Disco Duro - Mod.","description":"Compra Sdock2u33v Base Docking Station Usb 3.0 De 2 Bahias Sata Iii De 2.5 O 3.5 Pulgadas Para Ssd O Disco Duro Base De Conexion Para Intercambio En Caliente De Unidades De Disco Duro - Mod. + Env\u00edo a domicilio + Pago seguro + Garant\u00eda","robots":{"index":"index","follow":"follow","max-snippet":"max-snippet:-1","max-image-preview":"max-image-preview:large","max-video-preview":"max-video-preview:-1"},"canonical":"https:\/\/compuviper.mx\/tienda\/producto\/startech-com-sdock2u33v-base-docking-station-usb-3-0-de-2-bahias-sata-iii-de-2-5-o-3-5-pulgadas-para-ssd-o-disco-duro-base-de-conexion-para-intercambio-en-caliente-de-unidades-de-disco-duro-mod\/","og_locale":"es_MX","og_type":"article","og_title":"[ Startech.com ] &#129351; Sdock2u33v Base Docking Station Usb 3.0 De 2 Bahias Sata Iii De 2.5 O 3.5 Pulgadas Para Ssd O Disco Duro Base De Conexion Para Intercambio En Caliente De Unidades De Disco Duro - Mod.","og_description":"Compra Sdock2u33v Base Docking Station Usb 3.0 De 2 Bahias Sata Iii De 2.5 O 3.5 Pulgadas Para Ssd O Disco Duro Base De Conexion Para Intercambio En Caliente De Unidades De Disco Duro - Mod. + Env\u00edo a domicilio + Pago seguro + Garant\u00eda","og_url":"https:\/\/compuviper.mx\/tienda\/producto\/startech-com-sdock2u33v-base-docking-station-usb-3-0-de-2-bahias-sata-iii-de-2-5-o-3-5-pulgadas-para-ssd-o-disco-duro-base-de-conexion-para-intercambio-en-caliente-de-unidades-de-disco-duro-mod\/","og_site_name":"Compuviper","article_publisher":"https:\/\/www.facebook.com\/compuviper","article_modified_time":"2026-04-07T05:31:04+00:00","og_image":[{"width":200,"height":200,"url":"https:\/\/compuviper.mx\/tienda\/wp-content\/uploads\/2023\/12\/Base-docking-station-usb-3.0-de-2-bahias-sata-iii-de-2.5-o-3.5-pulgadas-para-ssd-o-disco-duro-base-de-conexion-para-intercambio-en-caliente-de-unidades-de-disco-duro-startech.com-mod.-sdock2u33v.jpg","type":"image\/jpeg"}],"twitter_card":"summary_large_image","twitter_misc":{"Precio":"&#36;1,403 con IVA","Availability":"Out of stock"},"schema":{"@context":"https:\/\/schema.org","@graph":[{"@type":"WebPage","@id":"https:\/\/compuviper.mx\/tienda\/producto\/startech-com-sdock2u33v-base-docking-station-usb-3-0-de-2-bahias-sata-iii-de-2-5-o-3-5-pulgadas-para-ssd-o-disco-duro-base-de-conexion-para-intercambio-en-caliente-de-unidades-de-disco-duro-mod\/","url":"https:\/\/compuviper.mx\/tienda\/producto\/startech-com-sdock2u33v-base-docking-station-usb-3-0-de-2-bahias-sata-iii-de-2-5-o-3-5-pulgadas-para-ssd-o-disco-duro-base-de-conexion-para-intercambio-en-caliente-de-unidades-de-disco-duro-mod\/","name":"[ Startech.com ] &#129351; Sdock2u33v Base Docking Station Usb 3.0 De 2 Bahias Sata Iii De 2.5 O 3.5 Pulgadas Para Ssd O Disco Duro Base De Conexion Para Intercambio En Caliente De Unidades De Disco Duro - Mod.","isPartOf":{"@id":"https:\/\/compuviper.mx\/tienda\/#website"},"datePublished":"2026-04-07T05:31:03+00:00","dateModified":"2026-04-07T05:31:04+00:00","description":"Compra Sdock2u33v Base Docking Station Usb 3.0 De 2 Bahias Sata Iii De 2.5 O 3.5 Pulgadas Para Ssd O Disco Duro Base De Conexion Para Intercambio En Caliente De Unidades De Disco Duro - Mod. + Env\u00edo a domicilio + Pago seguro + Garant\u00eda","breadcrumb":{"@id":"https:\/\/compuviper.mx\/tienda\/producto\/startech-com-sdock2u33v-base-docking-station-usb-3-0-de-2-bahias-sata-iii-de-2-5-o-3-5-pulgadas-para-ssd-o-disco-duro-base-de-conexion-para-intercambio-en-caliente-de-unidades-de-disco-duro-mod\/#breadcrumb"},"inLanguage":"es-MX","potentialAction":[{"@type":"ReadAction","target":["https:\/\/compuviper.mx\/tienda\/producto\/startech-com-sdock2u33v-base-docking-station-usb-3-0-de-2-bahias-sata-iii-de-2-5-o-3-5-pulgadas-para-ssd-o-disco-duro-base-de-conexion-para-intercambio-en-caliente-de-unidades-de-disco-duro-mod\/"]}]},{"@type":"BreadcrumbList","@id":"https:\/\/compuviper.mx\/tienda\/producto\/startech-com-sdock2u33v-base-docking-station-usb-3-0-de-2-bahias-sata-iii-de-2-5-o-3-5-pulgadas-para-ssd-o-disco-duro-base-de-conexion-para-intercambio-en-caliente-de-unidades-de-disco-duro-mod\/#breadcrumb","itemListElement":[{"@type":"ListItem","position":1,"name":"Inicio","item":"https:\/\/compuviper.mx\/tienda\/"},{"@type":"ListItem","position":2,"name":"Productos","item":"https:\/\/compuviper.mx\/tienda\/productos\/"},{"@type":"ListItem","position":3,"name":"Accesorios","item":"https:\/\/compuviper.mx\/tienda\/categoria-producto\/accesorios\/"},{"@type":"ListItem","position":4,"name":"Conectividad","item":"https:\/\/compuviper.mx\/tienda\/categoria-producto\/accesorios\/conectividad\/"},{"@type":"ListItem","position":5,"name":"Startech.com Sdock2u33v Base Docking Station Usb 3.0 De 2 Bahias Sata Iii De 2.5 O 3.5 Pulgadas Para Ssd O Disco Duro Base De Conexion Para Intercambio En Caliente De Unidades De Disco Duro &#8211; Mod."}]},{"@type":"WebSite","@id":"https:\/\/compuviper.mx\/tienda\/#website","url":"https:\/\/compuviper.mx\/tienda\/","name":"Compuviper","description":"Proveedor de Computadoras, Laptops, Servidores, Monitores, Puntos de Venta, Teclados,   Impresoras, T\u00f3ner, C\u00e1maras de Seguridad y m\u00e1s en tu tienda en l\u00ednea","publisher":{"@id":"https:\/\/compuviper.mx\/tienda\/#organization"},"potentialAction":[{"@type":"SearchAction","target":{"@type":"EntryPoint","urlTemplate":"https:\/\/compuviper.mx\/tienda\/?s={search_term_string}"},"query-input":"required name=search_term_string"}],"inLanguage":"es-MX"},{"@type":"Organization","@id":"https:\/\/compuviper.mx\/tienda\/#organization","name":"Compuviper","url":"https:\/\/compuviper.mx\/tienda\/","logo":{"@type":"ImageObject","inLanguage":"es-MX","@id":"https:\/\/compuviper.mx\/tienda\/#\/schema\/logo\/image\/","url":"https:\/\/compuviper.mx\/tienda\/wp-content\/uploads\/2021\/08\/Logo-Compuviper-10.png","contentUrl":"https:\/\/compuviper.mx\/tienda\/wp-content\/uploads\/2021\/08\/Logo-Compuviper-10.png","width":1000,"height":500,"caption":"Compuviper"},"image":{"@id":"https:\/\/compuviper.mx\/tienda\/#\/schema\/logo\/image\/"},"sameAs":["https:\/\/www.facebook.com\/compuviper","https:\/\/www.youtube.com\/channel\/UCf73dERp9Y3cfOq7q8BhLjA?view_as=subscriber"]}]},"product_brand":"STARTECH.COM","product_price_amount":"1403","product_price_currency":"MXN","og_availability":"out of stock","product_availability":"out of stock","product_retailer_item_id":"SDOCK2U33V","product_condition":"new"},"_links":{"self":[{"href":"https:\/\/compuviper.mx\/tienda\/wp-json\/wp\/v2\/product\/212263"}],"collection":[{"href":"https:\/\/compuviper.mx\/tienda\/wp-json\/wp\/v2\/product"}],"about":[{"href":"https:\/\/compuviper.mx\/tienda\/wp-json\/wp\/v2\/types\/product"}],"replies":[{"embeddable":true,"href":"https:\/\/compuviper.mx\/tienda\/wp-json\/wp\/v2\/comments?post=212263"}],"wp:featuredmedia":[{"embeddable":true,"href":"https:\/\/compuviper.mx\/tienda\/wp-json\/wp\/v2\/media\/212264"}],"wp:attachment":[{"href":"https:\/\/compuviper.mx\/tienda\/wp-json\/wp\/v2\/media?parent=212263"}],"wp:term":[{"taxonomy":"product_cat","embeddable":true,"href":"https:\/\/compuviper.mx\/tienda\/wp-json\/wp\/v2\/product_cat?post=212263"},{"taxonomy":"product_tag","embeddable":true,"href":"https:\/\/compuviper.mx\/tienda\/wp-json\/wp\/v2\/product_tag?post=212263"}],"curies":[{"name":"wp","href":"https:\/\/api.w.org\/{rel}","templated":true}]}}