{"id":212259,"date":"2026-04-06T23:31:02","date_gmt":"2026-04-07T05:31:02","guid":{"rendered":"https:\/\/compuviper.mx\/tienda\/producto\/startech-com-flatpnlceil-soporte-de-techo-para-televisor-o-monitor-de-pantalla-plana-lcd-led-o-plasma-de-32-a-75-pulgadas-o-de-hasta-50kg-de-acero-mod\/"},"modified":"2026-04-06T23:31:03","modified_gmt":"2026-04-07T05:31:03","slug":"startech-com-flatpnlceil-soporte-de-techo-para-televisor-o-monitor-de-pantalla-plana-lcd-led-o-plasma-de-32-a-75-pulgadas-o-de-hasta-50kg-de-acero-mod","status":"publish","type":"product","link":"https:\/\/compuviper.mx\/tienda\/producto\/startech-com-flatpnlceil-soporte-de-techo-para-televisor-o-monitor-de-pantalla-plana-lcd-led-o-plasma-de-32-a-75-pulgadas-o-de-hasta-50kg-de-acero-mod\/","title":{"rendered":"Startech.com Flatpnlceil Soporte De Techo Para Televisor O Monitor De Pantalla Plana Lcd, Led O Plasma De 32 A 75 Pulgadas O De Hasta 50kg &#8211; De Acero &#8211;  Mod."},"content":{"rendered":"<table class=\"descripcion\">\n<tr>\n<td>Caracter\u00edsticas f\u00edsicas<\/td>\n<\/tr>\n<tr>\n<td>Altura del producto : 177.8 cm<\/td>\n<\/tr>\n<tr>\n<td>Ancho del producto : 14 cm<\/td>\n<\/tr>\n<tr>\n<td>Color : negro<\/td>\n<\/tr>\n<tr>\n<td>Longitud del producto : 68 cm<\/td>\n<\/tr>\n<tr>\n<td>Peso del producto : 6 kg<\/td>\n<\/tr>\n<tr>\n<td>Hardware<\/td>\n<\/tr>\n<tr>\n<td>Gesti\u00f3n de cables : s\u00ed<\/td>\n<\/tr>\n<tr>\n<td>Montaje en pared : no<\/td>\n<\/tr>\n<tr>\n<td>N\u00famero de pantallas admitidas : 1<\/td>\n<\/tr>\n<tr>\n<td>Opciones de montaje : ceiling mount<\/td>\n<\/tr>\n<tr>\n<td>Patr\u00f3n(es) vesa de agujeros de montaje : 200&#215;200 mm<\/td>\n<\/tr>\n<tr>\n<td>Patr\u00f3n(es) vesa de agujeros de montaje : 300&#215;300 mm<\/td>\n<\/tr>\n<tr>\n<td>Patr\u00f3n(es) vesa de agujeros de montaje : 400&#215;200 mm<\/td>\n<\/tr>\n<tr>\n<td>Patr\u00f3n(es) vesa de agujeros de montaje : 400&#215;400 mm<\/td>\n<\/tr>\n<tr>\n<td>Patr\u00f3n(es) vesa de agujeros de montaje : 600&#215;400 mm<\/td>\n<\/tr>\n<tr>\n<td>Rendimiento<\/td>\n<\/tr>\n<tr>\n<td>Ajuste de la altura : s\u00ed<\/td>\n<\/tr>\n<tr>\n<td>Altura m\u00e1xima : 1560 mm<\/td>\n<\/tr>\n<tr>\n<td>Anti-theft : no<\/td>\n<\/tr>\n<tr>\n<td>Capacidad de carga : 50 kg<\/td>\n<\/tr>\n<tr>\n<td>Fits curved display : s\u00ed<\/td>\n<\/tr>\n<tr>\n<td>Giro \/ pivotaci\u00f3n : +180\u00b0 a -180\u00b0<\/td>\n<\/tr>\n<tr>\n<td>Inclinaci\u00f3n : +0\u00b0 \/ -25\u00b0<\/td>\n<\/tr>\n<tr>\n<td>Minimum height : 1060 mm<\/td>\n<\/tr>\n<tr>\n<td>Rotaci\u00f3n de la pantalla : 360\u00b0<\/td>\n<\/tr>\n<tr>\n<td>Tama\u00f1o m\u00e1ximo de la pantalla : 75<\/td>\n<\/tr>\n<tr>\n<td>Tama\u00f1o m\u00ednimo de la pantalla : 32<\/td>\n<\/tr>\n<tr>\n<td>Video wall : no<\/td>\n<\/tr>\n<\/table>\n","protected":false},"excerpt":{"rendered":"<p>Ahorre espacio e instale su televisor de pantalla plana en el lugar ideal de visualizaci\u00f3n, colgando del techo. Este resistente soporte de acero para techo admite televisores compatibles con vesa,\u00a0de hasta 75 de tama\u00f1o. F\u00e1cil ajuste, ya que se puede cambiar la distancia hasta el techo e inclinar y girar para lograr el \u00e1ngulo \u00f3ptimo de visualizaci\u00f3n. Este resistente soporte de tv para techo funciona con pantallas de 32 a 75 y tiene capacidad para un peso de hasta 50kg. Gracias a la longitud ajustable del m\u00e1stil estilo telesc\u00f3pico,\u00a0resulta sencillo instalar su pantalla a la distancia deseada del techo, con opci\u00f3n de un amplio rango de alturas de techo. El soporte flatpnlceil cuenta con soporte t\u00e9cnico gratuito de por vida.<\/p>\n","protected":false},"featured_media":212260,"comment_status":"open","ping_status":"open","template":"","meta":[],"product_cat":[2321,2265],"product_tag":[1590],"acf":[],"yoast_head":"<!-- This site is optimized with the Yoast SEO plugin v21.7 - https:\/\/yoast.com\/wordpress\/plugins\/seo\/ -->\n<title>[ Startech.com ] &#129351; Flatpnlceil Soporte De Techo Para Televisor O Monitor De Pantalla Plana Lcd, Led O Plasma De 32 A 75 Pulgadas O De Hasta 50kg - De Acero - Mod.<\/title>\n<meta name=\"description\" content=\"Compra Flatpnlceil Soporte De Techo Para Televisor O Monitor De Pantalla Plana Lcd, Led O Plasma De 32 A 75 Pulgadas O De Hasta 50kg - De Acero - Mod. + Env\u00edo a domicilio + Pago seguro + Garant\u00eda\" \/>\n<meta name=\"robots\" content=\"index, follow, max-snippet:-1, max-image-preview:large, max-video-preview:-1\" \/>\n<link rel=\"canonical\" href=\"https:\/\/compuviper.mx\/tienda\/producto\/startech-com-flatpnlceil-soporte-de-techo-para-televisor-o-monitor-de-pantalla-plana-lcd-led-o-plasma-de-32-a-75-pulgadas-o-de-hasta-50kg-de-acero-mod\/\" \/>\n<meta property=\"og:locale\" content=\"es_MX\" \/>\n<meta property=\"og:type\" content=\"article\" \/>\n<meta property=\"og:title\" content=\"[ Startech.com ] &#129351; Flatpnlceil Soporte De Techo Para Televisor O Monitor De Pantalla Plana Lcd, Led O Plasma De 32 A 75 Pulgadas O De Hasta 50kg - De Acero - Mod.\" \/>\n<meta property=\"og:description\" content=\"Compra Flatpnlceil Soporte De Techo Para Televisor O Monitor De Pantalla Plana Lcd, Led O Plasma De 32 A 75 Pulgadas O De Hasta 50kg - De Acero - Mod. + Env\u00edo a domicilio + Pago seguro + Garant\u00eda\" \/>\n<meta property=\"og:url\" content=\"https:\/\/compuviper.mx\/tienda\/producto\/startech-com-flatpnlceil-soporte-de-techo-para-televisor-o-monitor-de-pantalla-plana-lcd-led-o-plasma-de-32-a-75-pulgadas-o-de-hasta-50kg-de-acero-mod\/\" \/>\n<meta property=\"og:site_name\" content=\"Compuviper\" \/>\n<meta property=\"article:publisher\" content=\"https:\/\/www.facebook.com\/compuviper\" \/>\n<meta property=\"article:modified_time\" content=\"2026-04-07T05:31:03+00:00\" \/>\n<meta property=\"og:image\" content=\"https:\/\/compuviper.mx\/tienda\/wp-content\/uploads\/2023\/12\/Soporte-de-techo-para-televisor-o-monitor-de-pantalla-plana-lcd-led-o-plasma-de-32-a-75-pulgadas-o-de-hasta-50kg-de-acero-startech.com-mod.-flatpnlceil.jpg\" \/>\n\t<meta property=\"og:image:width\" content=\"200\" \/>\n\t<meta property=\"og:image:height\" content=\"200\" \/>\n\t<meta property=\"og:image:type\" content=\"image\/jpeg\" \/>\n<meta name=\"twitter:card\" content=\"summary_large_image\" \/>\n<meta name=\"twitter:label1\" content=\"Precio\" \/>\n\t<meta name=\"twitter:data1\" content=\"&#36;3,363 con IVA\" \/>\n\t<meta name=\"twitter:label2\" content=\"Availability\" \/>\n\t<meta name=\"twitter:data2\" content=\"Out of stock\" \/>\n<script type=\"application\/ld+json\" class=\"yoast-schema-graph\">{\"@context\":\"https:\/\/schema.org\",\"@graph\":[{\"@type\":\"WebPage\",\"@id\":\"https:\/\/compuviper.mx\/tienda\/producto\/startech-com-flatpnlceil-soporte-de-techo-para-televisor-o-monitor-de-pantalla-plana-lcd-led-o-plasma-de-32-a-75-pulgadas-o-de-hasta-50kg-de-acero-mod\/\",\"url\":\"https:\/\/compuviper.mx\/tienda\/producto\/startech-com-flatpnlceil-soporte-de-techo-para-televisor-o-monitor-de-pantalla-plana-lcd-led-o-plasma-de-32-a-75-pulgadas-o-de-hasta-50kg-de-acero-mod\/\",\"name\":\"[ Startech.com ] &#129351; Flatpnlceil Soporte De Techo Para Televisor O Monitor De Pantalla Plana Lcd, Led O Plasma De 32 A 75 Pulgadas O De Hasta 50kg - De Acero - Mod.\",\"isPartOf\":{\"@id\":\"https:\/\/compuviper.mx\/tienda\/#website\"},\"datePublished\":\"2026-04-07T05:31:02+00:00\",\"dateModified\":\"2026-04-07T05:31:03+00:00\",\"description\":\"Compra Flatpnlceil Soporte De Techo Para Televisor O Monitor De Pantalla Plana Lcd, Led O Plasma De 32 A 75 Pulgadas O De Hasta 50kg - De Acero - Mod. + Env\u00edo a domicilio + Pago seguro + Garant\u00eda\",\"breadcrumb\":{\"@id\":\"https:\/\/compuviper.mx\/tienda\/producto\/startech-com-flatpnlceil-soporte-de-techo-para-televisor-o-monitor-de-pantalla-plana-lcd-led-o-plasma-de-32-a-75-pulgadas-o-de-hasta-50kg-de-acero-mod\/#breadcrumb\"},\"inLanguage\":\"es-MX\",\"potentialAction\":[{\"@type\":\"ReadAction\",\"target\":[\"https:\/\/compuviper.mx\/tienda\/producto\/startech-com-flatpnlceil-soporte-de-techo-para-televisor-o-monitor-de-pantalla-plana-lcd-led-o-plasma-de-32-a-75-pulgadas-o-de-hasta-50kg-de-acero-mod\/\"]}]},{\"@type\":\"BreadcrumbList\",\"@id\":\"https:\/\/compuviper.mx\/tienda\/producto\/startech-com-flatpnlceil-soporte-de-techo-para-televisor-o-monitor-de-pantalla-plana-lcd-led-o-plasma-de-32-a-75-pulgadas-o-de-hasta-50kg-de-acero-mod\/#breadcrumb\",\"itemListElement\":[{\"@type\":\"ListItem\",\"position\":1,\"name\":\"Inicio\",\"item\":\"https:\/\/compuviper.mx\/tienda\/\"},{\"@type\":\"ListItem\",\"position\":2,\"name\":\"Productos\",\"item\":\"https:\/\/compuviper.mx\/tienda\/productos\/\"},{\"@type\":\"ListItem\",\"position\":3,\"name\":\"Soportes Y Bases P\/tv\/ Proyectores\/dvd\/consolas\/bocinas\/pantallas\/monotores\",\"item\":\"https:\/\/compuviper.mx\/tienda\/categoria-producto\/soportes-y-bases-p-tv-proyectores-dvd-consolas-bocinas-pantallas-monotores\/\"},{\"@type\":\"ListItem\",\"position\":4,\"name\":\"Soporte Y Base Para Tv\/pantallas\/monitores\/kiosko\",\"item\":\"https:\/\/compuviper.mx\/tienda\/categoria-producto\/soportes-y-bases-p-tv-proyectores-dvd-consolas-bocinas-pantallas-monotores\/soporte-y-base-para-tv-pantallas-monitores-kiosko\/\"},{\"@type\":\"ListItem\",\"position\":5,\"name\":\"Startech.com Flatpnlceil Soporte De Techo Para Televisor O Monitor De Pantalla Plana Lcd, Led O Plasma De 32 A 75 Pulgadas O De Hasta 50kg &#8211; De Acero &#8211; Mod.\"}]},{\"@type\":\"WebSite\",\"@id\":\"https:\/\/compuviper.mx\/tienda\/#website\",\"url\":\"https:\/\/compuviper.mx\/tienda\/\",\"name\":\"Compuviper\",\"description\":\"Proveedor de Computadoras, Laptops, Servidores, Monitores, Puntos de Venta, Teclados,   Impresoras, T\u00f3ner, C\u00e1maras de Seguridad y m\u00e1s en tu tienda en l\u00ednea\",\"publisher\":{\"@id\":\"https:\/\/compuviper.mx\/tienda\/#organization\"},\"potentialAction\":[{\"@type\":\"SearchAction\",\"target\":{\"@type\":\"EntryPoint\",\"urlTemplate\":\"https:\/\/compuviper.mx\/tienda\/?s={search_term_string}\"},\"query-input\":\"required name=search_term_string\"}],\"inLanguage\":\"es-MX\"},{\"@type\":\"Organization\",\"@id\":\"https:\/\/compuviper.mx\/tienda\/#organization\",\"name\":\"Compuviper\",\"url\":\"https:\/\/compuviper.mx\/tienda\/\",\"logo\":{\"@type\":\"ImageObject\",\"inLanguage\":\"es-MX\",\"@id\":\"https:\/\/compuviper.mx\/tienda\/#\/schema\/logo\/image\/\",\"url\":\"https:\/\/compuviper.mx\/tienda\/wp-content\/uploads\/2021\/08\/Logo-Compuviper-10.png\",\"contentUrl\":\"https:\/\/compuviper.mx\/tienda\/wp-content\/uploads\/2021\/08\/Logo-Compuviper-10.png\",\"width\":1000,\"height\":500,\"caption\":\"Compuviper\"},\"image\":{\"@id\":\"https:\/\/compuviper.mx\/tienda\/#\/schema\/logo\/image\/\"},\"sameAs\":[\"https:\/\/www.facebook.com\/compuviper\",\"https:\/\/www.youtube.com\/channel\/UCf73dERp9Y3cfOq7q8BhLjA?view_as=subscriber\"]}]}<\/script>\n<meta property=\"product:brand\" content=\"STARTECH.COM\" \/>\n<meta property=\"product:price:amount\" content=\"3363\" \/>\n<meta property=\"product:price:currency\" content=\"MXN\" \/>\n<meta property=\"og:availability\" content=\"out of stock\" \/>\n<meta property=\"product:availability\" content=\"out of stock\" \/>\n<meta property=\"product:retailer_item_id\" content=\"FLATPNLCEIL\" \/>\n<meta property=\"product:condition\" content=\"new\" \/>\n<!-- \/ Yoast SEO plugin. -->","yoast_head_json":{"title":"[ Startech.com ] &#129351; Flatpnlceil Soporte De Techo Para Televisor O Monitor De Pantalla Plana Lcd, Led O Plasma De 32 A 75 Pulgadas O De Hasta 50kg - De Acero - Mod.","description":"Compra Flatpnlceil Soporte De Techo Para Televisor O Monitor De Pantalla Plana Lcd, Led O Plasma De 32 A 75 Pulgadas O De Hasta 50kg - De Acero - Mod. + Env\u00edo a domicilio + Pago seguro + Garant\u00eda","robots":{"index":"index","follow":"follow","max-snippet":"max-snippet:-1","max-image-preview":"max-image-preview:large","max-video-preview":"max-video-preview:-1"},"canonical":"https:\/\/compuviper.mx\/tienda\/producto\/startech-com-flatpnlceil-soporte-de-techo-para-televisor-o-monitor-de-pantalla-plana-lcd-led-o-plasma-de-32-a-75-pulgadas-o-de-hasta-50kg-de-acero-mod\/","og_locale":"es_MX","og_type":"article","og_title":"[ Startech.com ] &#129351; Flatpnlceil Soporte De Techo Para Televisor O Monitor De Pantalla Plana Lcd, Led O Plasma De 32 A 75 Pulgadas O De Hasta 50kg - De Acero - Mod.","og_description":"Compra Flatpnlceil Soporte De Techo Para Televisor O Monitor De Pantalla Plana Lcd, Led O Plasma De 32 A 75 Pulgadas O De Hasta 50kg - De Acero - Mod. + Env\u00edo a domicilio + Pago seguro + Garant\u00eda","og_url":"https:\/\/compuviper.mx\/tienda\/producto\/startech-com-flatpnlceil-soporte-de-techo-para-televisor-o-monitor-de-pantalla-plana-lcd-led-o-plasma-de-32-a-75-pulgadas-o-de-hasta-50kg-de-acero-mod\/","og_site_name":"Compuviper","article_publisher":"https:\/\/www.facebook.com\/compuviper","article_modified_time":"2026-04-07T05:31:03+00:00","og_image":[{"width":200,"height":200,"url":"https:\/\/compuviper.mx\/tienda\/wp-content\/uploads\/2023\/12\/Soporte-de-techo-para-televisor-o-monitor-de-pantalla-plana-lcd-led-o-plasma-de-32-a-75-pulgadas-o-de-hasta-50kg-de-acero-startech.com-mod.-flatpnlceil.jpg","type":"image\/jpeg"}],"twitter_card":"summary_large_image","twitter_misc":{"Precio":"&#36;3,363 con IVA","Availability":"Out of stock"},"schema":{"@context":"https:\/\/schema.org","@graph":[{"@type":"WebPage","@id":"https:\/\/compuviper.mx\/tienda\/producto\/startech-com-flatpnlceil-soporte-de-techo-para-televisor-o-monitor-de-pantalla-plana-lcd-led-o-plasma-de-32-a-75-pulgadas-o-de-hasta-50kg-de-acero-mod\/","url":"https:\/\/compuviper.mx\/tienda\/producto\/startech-com-flatpnlceil-soporte-de-techo-para-televisor-o-monitor-de-pantalla-plana-lcd-led-o-plasma-de-32-a-75-pulgadas-o-de-hasta-50kg-de-acero-mod\/","name":"[ Startech.com ] &#129351; Flatpnlceil Soporte De Techo Para Televisor O Monitor De Pantalla Plana Lcd, Led O Plasma De 32 A 75 Pulgadas O De Hasta 50kg - De Acero - Mod.","isPartOf":{"@id":"https:\/\/compuviper.mx\/tienda\/#website"},"datePublished":"2026-04-07T05:31:02+00:00","dateModified":"2026-04-07T05:31:03+00:00","description":"Compra Flatpnlceil Soporte De Techo Para Televisor O Monitor De Pantalla Plana Lcd, Led O Plasma De 32 A 75 Pulgadas O De Hasta 50kg - De Acero - Mod. + Env\u00edo a domicilio + Pago seguro + Garant\u00eda","breadcrumb":{"@id":"https:\/\/compuviper.mx\/tienda\/producto\/startech-com-flatpnlceil-soporte-de-techo-para-televisor-o-monitor-de-pantalla-plana-lcd-led-o-plasma-de-32-a-75-pulgadas-o-de-hasta-50kg-de-acero-mod\/#breadcrumb"},"inLanguage":"es-MX","potentialAction":[{"@type":"ReadAction","target":["https:\/\/compuviper.mx\/tienda\/producto\/startech-com-flatpnlceil-soporte-de-techo-para-televisor-o-monitor-de-pantalla-plana-lcd-led-o-plasma-de-32-a-75-pulgadas-o-de-hasta-50kg-de-acero-mod\/"]}]},{"@type":"BreadcrumbList","@id":"https:\/\/compuviper.mx\/tienda\/producto\/startech-com-flatpnlceil-soporte-de-techo-para-televisor-o-monitor-de-pantalla-plana-lcd-led-o-plasma-de-32-a-75-pulgadas-o-de-hasta-50kg-de-acero-mod\/#breadcrumb","itemListElement":[{"@type":"ListItem","position":1,"name":"Inicio","item":"https:\/\/compuviper.mx\/tienda\/"},{"@type":"ListItem","position":2,"name":"Productos","item":"https:\/\/compuviper.mx\/tienda\/productos\/"},{"@type":"ListItem","position":3,"name":"Soportes Y Bases P\/tv\/ Proyectores\/dvd\/consolas\/bocinas\/pantallas\/monotores","item":"https:\/\/compuviper.mx\/tienda\/categoria-producto\/soportes-y-bases-p-tv-proyectores-dvd-consolas-bocinas-pantallas-monotores\/"},{"@type":"ListItem","position":4,"name":"Soporte Y Base Para Tv\/pantallas\/monitores\/kiosko","item":"https:\/\/compuviper.mx\/tienda\/categoria-producto\/soportes-y-bases-p-tv-proyectores-dvd-consolas-bocinas-pantallas-monotores\/soporte-y-base-para-tv-pantallas-monitores-kiosko\/"},{"@type":"ListItem","position":5,"name":"Startech.com Flatpnlceil Soporte De Techo Para Televisor O Monitor De Pantalla Plana Lcd, Led O Plasma De 32 A 75 Pulgadas O De Hasta 50kg &#8211; De Acero &#8211; Mod."}]},{"@type":"WebSite","@id":"https:\/\/compuviper.mx\/tienda\/#website","url":"https:\/\/compuviper.mx\/tienda\/","name":"Compuviper","description":"Proveedor de Computadoras, Laptops, Servidores, Monitores, Puntos de Venta, Teclados,   Impresoras, T\u00f3ner, C\u00e1maras de Seguridad y m\u00e1s en tu tienda en l\u00ednea","publisher":{"@id":"https:\/\/compuviper.mx\/tienda\/#organization"},"potentialAction":[{"@type":"SearchAction","target":{"@type":"EntryPoint","urlTemplate":"https:\/\/compuviper.mx\/tienda\/?s={search_term_string}"},"query-input":"required name=search_term_string"}],"inLanguage":"es-MX"},{"@type":"Organization","@id":"https:\/\/compuviper.mx\/tienda\/#organization","name":"Compuviper","url":"https:\/\/compuviper.mx\/tienda\/","logo":{"@type":"ImageObject","inLanguage":"es-MX","@id":"https:\/\/compuviper.mx\/tienda\/#\/schema\/logo\/image\/","url":"https:\/\/compuviper.mx\/tienda\/wp-content\/uploads\/2021\/08\/Logo-Compuviper-10.png","contentUrl":"https:\/\/compuviper.mx\/tienda\/wp-content\/uploads\/2021\/08\/Logo-Compuviper-10.png","width":1000,"height":500,"caption":"Compuviper"},"image":{"@id":"https:\/\/compuviper.mx\/tienda\/#\/schema\/logo\/image\/"},"sameAs":["https:\/\/www.facebook.com\/compuviper","https:\/\/www.youtube.com\/channel\/UCf73dERp9Y3cfOq7q8BhLjA?view_as=subscriber"]}]},"product_brand":"STARTECH.COM","product_price_amount":"3363","product_price_currency":"MXN","og_availability":"out of stock","product_availability":"out of stock","product_retailer_item_id":"FLATPNLCEIL","product_condition":"new"},"_links":{"self":[{"href":"https:\/\/compuviper.mx\/tienda\/wp-json\/wp\/v2\/product\/212259"}],"collection":[{"href":"https:\/\/compuviper.mx\/tienda\/wp-json\/wp\/v2\/product"}],"about":[{"href":"https:\/\/compuviper.mx\/tienda\/wp-json\/wp\/v2\/types\/product"}],"replies":[{"embeddable":true,"href":"https:\/\/compuviper.mx\/tienda\/wp-json\/wp\/v2\/comments?post=212259"}],"wp:featuredmedia":[{"embeddable":true,"href":"https:\/\/compuviper.mx\/tienda\/wp-json\/wp\/v2\/media\/212260"}],"wp:attachment":[{"href":"https:\/\/compuviper.mx\/tienda\/wp-json\/wp\/v2\/media?parent=212259"}],"wp:term":[{"taxonomy":"product_cat","embeddable":true,"href":"https:\/\/compuviper.mx\/tienda\/wp-json\/wp\/v2\/product_cat?post=212259"},{"taxonomy":"product_tag","embeddable":true,"href":"https:\/\/compuviper.mx\/tienda\/wp-json\/wp\/v2\/product_tag?post=212259"}],"curies":[{"name":"wp","href":"https:\/\/api.w.org\/{rel}","templated":true}]}}