{"id":212251,"date":"2026-04-01T23:30:47","date_gmt":"2026-04-02T05:30:47","guid":{"rendered":"https:\/\/compuviper.mx\/tienda\/producto\/startech-com-sat2ideadp-adaptador-disco-duro-hdd-2-5in-3-5-pulgadas-ide-a-sata-para-base-de-conexion-dock-station-estacion-hdd-mod\/"},"modified":"2026-04-01T23:30:47","modified_gmt":"2026-04-02T05:30:47","slug":"startech-com-sat2ideadp-adaptador-disco-duro-hdd-2-5in-3-5-pulgadas-ide-a-sata-para-base-de-conexion-dock-station-estacion-hdd-mod","status":"publish","type":"product","link":"https:\/\/compuviper.mx\/tienda\/producto\/startech-com-sat2ideadp-adaptador-disco-duro-hdd-2-5in-3-5-pulgadas-ide-a-sata-para-base-de-conexion-dock-station-estacion-hdd-mod\/","title":{"rendered":"Startech.com Sat2ideadp Adaptador Disco Duro Hdd 2.5in 3.5 Pulgadas Ide A Sata Para Base De Conexion Dock Station Estacion Hdd &#8211;  Mod."},"content":{"rendered":"<table class=\"descripcion\">\n<tr>\n<td>Conectores<\/td>\n<\/tr>\n<tr>\n<td>Tipos de conectores : sp4 4 pines, small drive power<\/td>\n<\/tr>\n<tr>\n<td>Conectores del host : sata 7 pines, datos<\/td>\n<\/tr>\n<tr>\n<td>Conectores del host : alimentacion sata 15 pines<\/td>\n<\/tr>\n<tr>\n<td>Conectores de la unidad : lp4 4 pines; alimentacion de unidad grande tipo molex<\/td>\n<\/tr>\n<tr>\n<td>Conectores de la unidad : ide 44 pines, eide\/pata, hdd de 2.5<\/td>\n<\/tr>\n<tr>\n<td>Conectores de la unidad : ide 40 pines, eide\/pata<\/td>\n<\/tr>\n<tr>\n<td>Caracteristicas fisicas<\/td>\n<\/tr>\n<tr>\n<td>Tipo de gabinete : acero<\/td>\n<\/tr>\n<tr>\n<td>Peso del producto : 104 g<\/td>\n<\/tr>\n<tr>\n<td>Longitud del producto : 10.1 cm<\/td>\n<\/tr>\n<tr>\n<td>Color : negro<\/td>\n<\/tr>\n<tr>\n<td>Ancho del producto : 78 mm<\/td>\n<\/tr>\n<tr>\n<td>Altura del producto : 2.6 cm<\/td>\n<\/tr>\n<tr>\n<td>Hardware<\/td>\n<\/tr>\n<tr>\n<td>Cantidad de unidades : 1<\/td>\n<\/tr>\n<tr>\n<td>Software<\/td>\n<\/tr>\n<tr>\n<td>Compatibilidad os : os independent; no software or drivers required<\/td>\n<\/tr>\n<tr>\n<td>Hardware<\/td>\n<\/tr>\n<tr>\n<td>Id del conjunto de chips : jmicron &#8211; jm20330<\/td>\n<\/tr>\n<tr>\n<td>Instalacin de la unidad : fijo<\/td>\n<\/tr>\n<tr>\n<td>Soporta lba  : 48-bit<\/td>\n<\/tr>\n<tr>\n<td>Tamao de la unidad : 2.5in  and  3.5in<\/td>\n<\/tr>\n<tr>\n<td>Unidades compatibles : ide ata<\/td>\n<\/tr>\n<tr>\n<td>Ventiladores : no<\/td>\n<\/tr>\n<\/table>\n","protected":false},"excerpt":{"rendered":"<p>El adaptador de disco duro sata a ide, sat2ideadp permite utilizar discos duros basados en ide pata de 2.5\/3.5 pulgadas en la mayoria de las estaciones de acoplamiento y duplicadores de discos basados en sata de startech.Com. El adaptador sata-ide ofrece una construccion metalica que asegura maxima durabilidad, y es compatible con discos duros ide hasta ata-133 133mbps. El exclusivo estilo de montaje del adaptador sata\/ide permite instalarlo en un disco duro ide\/ata, y colocarlo en un dock para disco duro sata, facilitando as la recuperacion de datos de discos duros mas antiguos. El adaptador tambien se puede emplear para instalar discos duros ide en computadoras de escritorio equipadas con puertos sata solamente, o cualquier otro escenario que requiera conectar un disco ide a traves de serial ata.<\/p>\n","protected":false},"featured_media":212252,"comment_status":"open","ping_status":"open","template":"","meta":[],"product_cat":[1485,1492],"product_tag":[1590],"acf":[],"yoast_head":"<!-- This site is optimized with the Yoast SEO plugin v21.7 - https:\/\/yoast.com\/wordpress\/plugins\/seo\/ -->\n<title>[ Startech.com ] &#129351; Sat2ideadp Adaptador Disco Duro Hdd 2.5in 3.5 Pulgadas Ide A Sata Para Base De Conexion Dock Station Estacion Hdd - Mod.<\/title>\n<meta name=\"description\" content=\"Compra Sat2ideadp Adaptador Disco Duro Hdd 2.5in 3.5 Pulgadas Ide A Sata Para Base De Conexion Dock Station Estacion Hdd - Mod. + Env\u00edo a domicilio + Pago seguro + Garant\u00eda\" \/>\n<meta name=\"robots\" content=\"index, follow, max-snippet:-1, max-image-preview:large, max-video-preview:-1\" \/>\n<link rel=\"canonical\" href=\"https:\/\/compuviper.mx\/tienda\/producto\/startech-com-sat2ideadp-adaptador-disco-duro-hdd-2-5in-3-5-pulgadas-ide-a-sata-para-base-de-conexion-dock-station-estacion-hdd-mod\/\" \/>\n<meta property=\"og:locale\" content=\"es_MX\" \/>\n<meta property=\"og:type\" content=\"article\" \/>\n<meta property=\"og:title\" content=\"[ Startech.com ] &#129351; Sat2ideadp Adaptador Disco Duro Hdd 2.5in 3.5 Pulgadas Ide A Sata Para Base De Conexion Dock Station Estacion Hdd - Mod.\" \/>\n<meta property=\"og:description\" content=\"Compra Sat2ideadp Adaptador Disco Duro Hdd 2.5in 3.5 Pulgadas Ide A Sata Para Base De Conexion Dock Station Estacion Hdd - Mod. + Env\u00edo a domicilio + Pago seguro + Garant\u00eda\" \/>\n<meta property=\"og:url\" content=\"https:\/\/compuviper.mx\/tienda\/producto\/startech-com-sat2ideadp-adaptador-disco-duro-hdd-2-5in-3-5-pulgadas-ide-a-sata-para-base-de-conexion-dock-station-estacion-hdd-mod\/\" \/>\n<meta property=\"og:site_name\" content=\"Compuviper\" \/>\n<meta property=\"article:publisher\" content=\"https:\/\/www.facebook.com\/compuviper\" \/>\n<meta property=\"og:image\" content=\"https:\/\/compuviper.mx\/tienda\/wp-content\/uploads\/2023\/12\/Adaptador-disco-duro-hdd-2.5in-3.5-pulgadas-ide-a-sata-para-base-de-conexion-dock-station-estacion-hdd-startech.com-mod.-sat2ideadp.jpg\" \/>\n\t<meta property=\"og:image:width\" content=\"200\" \/>\n\t<meta property=\"og:image:height\" content=\"200\" \/>\n\t<meta property=\"og:image:type\" content=\"image\/jpeg\" \/>\n<meta name=\"twitter:card\" content=\"summary_large_image\" \/>\n<meta name=\"twitter:label1\" content=\"Precio\" \/>\n\t<meta name=\"twitter:data1\" content=\"&#36;515 con IVA\" \/>\n\t<meta name=\"twitter:label2\" content=\"Availability\" \/>\n\t<meta name=\"twitter:data2\" content=\"Out of stock\" \/>\n<script type=\"application\/ld+json\" class=\"yoast-schema-graph\">{\"@context\":\"https:\/\/schema.org\",\"@graph\":[{\"@type\":\"WebPage\",\"@id\":\"https:\/\/compuviper.mx\/tienda\/producto\/startech-com-sat2ideadp-adaptador-disco-duro-hdd-2-5in-3-5-pulgadas-ide-a-sata-para-base-de-conexion-dock-station-estacion-hdd-mod\/\",\"url\":\"https:\/\/compuviper.mx\/tienda\/producto\/startech-com-sat2ideadp-adaptador-disco-duro-hdd-2-5in-3-5-pulgadas-ide-a-sata-para-base-de-conexion-dock-station-estacion-hdd-mod\/\",\"name\":\"[ Startech.com ] &#129351; Sat2ideadp Adaptador Disco Duro Hdd 2.5in 3.5 Pulgadas Ide A Sata Para Base De Conexion Dock Station Estacion Hdd - Mod.\",\"isPartOf\":{\"@id\":\"https:\/\/compuviper.mx\/tienda\/#website\"},\"datePublished\":\"2026-04-02T05:30:47+00:00\",\"dateModified\":\"2026-04-02T05:30:47+00:00\",\"description\":\"Compra Sat2ideadp Adaptador Disco Duro Hdd 2.5in 3.5 Pulgadas Ide A Sata Para Base De Conexion Dock Station Estacion Hdd - Mod. + Env\u00edo a domicilio + Pago seguro + Garant\u00eda\",\"breadcrumb\":{\"@id\":\"https:\/\/compuviper.mx\/tienda\/producto\/startech-com-sat2ideadp-adaptador-disco-duro-hdd-2-5in-3-5-pulgadas-ide-a-sata-para-base-de-conexion-dock-station-estacion-hdd-mod\/#breadcrumb\"},\"inLanguage\":\"es-MX\",\"potentialAction\":[{\"@type\":\"ReadAction\",\"target\":[\"https:\/\/compuviper.mx\/tienda\/producto\/startech-com-sat2ideadp-adaptador-disco-duro-hdd-2-5in-3-5-pulgadas-ide-a-sata-para-base-de-conexion-dock-station-estacion-hdd-mod\/\"]}]},{\"@type\":\"BreadcrumbList\",\"@id\":\"https:\/\/compuviper.mx\/tienda\/producto\/startech-com-sat2ideadp-adaptador-disco-duro-hdd-2-5in-3-5-pulgadas-ide-a-sata-para-base-de-conexion-dock-station-estacion-hdd-mod\/#breadcrumb\",\"itemListElement\":[{\"@type\":\"ListItem\",\"position\":1,\"name\":\"Inicio\",\"item\":\"https:\/\/compuviper.mx\/tienda\/\"},{\"@type\":\"ListItem\",\"position\":2,\"name\":\"Productos\",\"item\":\"https:\/\/compuviper.mx\/tienda\/productos\/\"},{\"@type\":\"ListItem\",\"position\":3,\"name\":\"Accesorios\",\"item\":\"https:\/\/compuviper.mx\/tienda\/categoria-producto\/accesorios\/\"},{\"@type\":\"ListItem\",\"position\":4,\"name\":\"Adaptadores\",\"item\":\"https:\/\/compuviper.mx\/tienda\/categoria-producto\/accesorios\/adaptadores\/\"},{\"@type\":\"ListItem\",\"position\":5,\"name\":\"Startech.com Sat2ideadp Adaptador Disco Duro Hdd 2.5in 3.5 Pulgadas Ide A Sata Para Base De Conexion Dock Station Estacion Hdd &#8211; Mod.\"}]},{\"@type\":\"WebSite\",\"@id\":\"https:\/\/compuviper.mx\/tienda\/#website\",\"url\":\"https:\/\/compuviper.mx\/tienda\/\",\"name\":\"Compuviper\",\"description\":\"Proveedor de Computadoras, Laptops, Servidores, Monitores, Puntos de Venta, Teclados,   Impresoras, T\u00f3ner, C\u00e1maras de Seguridad y m\u00e1s en tu tienda en l\u00ednea\",\"publisher\":{\"@id\":\"https:\/\/compuviper.mx\/tienda\/#organization\"},\"potentialAction\":[{\"@type\":\"SearchAction\",\"target\":{\"@type\":\"EntryPoint\",\"urlTemplate\":\"https:\/\/compuviper.mx\/tienda\/?s={search_term_string}\"},\"query-input\":\"required name=search_term_string\"}],\"inLanguage\":\"es-MX\"},{\"@type\":\"Organization\",\"@id\":\"https:\/\/compuviper.mx\/tienda\/#organization\",\"name\":\"Compuviper\",\"url\":\"https:\/\/compuviper.mx\/tienda\/\",\"logo\":{\"@type\":\"ImageObject\",\"inLanguage\":\"es-MX\",\"@id\":\"https:\/\/compuviper.mx\/tienda\/#\/schema\/logo\/image\/\",\"url\":\"https:\/\/compuviper.mx\/tienda\/wp-content\/uploads\/2021\/08\/Logo-Compuviper-10.png\",\"contentUrl\":\"https:\/\/compuviper.mx\/tienda\/wp-content\/uploads\/2021\/08\/Logo-Compuviper-10.png\",\"width\":1000,\"height\":500,\"caption\":\"Compuviper\"},\"image\":{\"@id\":\"https:\/\/compuviper.mx\/tienda\/#\/schema\/logo\/image\/\"},\"sameAs\":[\"https:\/\/www.facebook.com\/compuviper\",\"https:\/\/www.youtube.com\/channel\/UCf73dERp9Y3cfOq7q8BhLjA?view_as=subscriber\"]}]}<\/script>\n<meta property=\"product:brand\" content=\"STARTECH.COM\" \/>\n<meta property=\"product:price:amount\" content=\"515\" \/>\n<meta property=\"product:price:currency\" content=\"MXN\" \/>\n<meta property=\"og:availability\" content=\"out of stock\" \/>\n<meta property=\"product:availability\" content=\"out of stock\" \/>\n<meta property=\"product:retailer_item_id\" content=\"SAT2IDEADP\" \/>\n<meta property=\"product:condition\" content=\"new\" \/>\n<!-- \/ Yoast SEO plugin. -->","yoast_head_json":{"title":"[ Startech.com ] &#129351; Sat2ideadp Adaptador Disco Duro Hdd 2.5in 3.5 Pulgadas Ide A Sata Para Base De Conexion Dock Station Estacion Hdd - Mod.","description":"Compra Sat2ideadp Adaptador Disco Duro Hdd 2.5in 3.5 Pulgadas Ide A Sata Para Base De Conexion Dock Station Estacion Hdd - Mod. + Env\u00edo a domicilio + Pago seguro + Garant\u00eda","robots":{"index":"index","follow":"follow","max-snippet":"max-snippet:-1","max-image-preview":"max-image-preview:large","max-video-preview":"max-video-preview:-1"},"canonical":"https:\/\/compuviper.mx\/tienda\/producto\/startech-com-sat2ideadp-adaptador-disco-duro-hdd-2-5in-3-5-pulgadas-ide-a-sata-para-base-de-conexion-dock-station-estacion-hdd-mod\/","og_locale":"es_MX","og_type":"article","og_title":"[ Startech.com ] &#129351; Sat2ideadp Adaptador Disco Duro Hdd 2.5in 3.5 Pulgadas Ide A Sata Para Base De Conexion Dock Station Estacion Hdd - Mod.","og_description":"Compra Sat2ideadp Adaptador Disco Duro Hdd 2.5in 3.5 Pulgadas Ide A Sata Para Base De Conexion Dock Station Estacion Hdd - Mod. + Env\u00edo a domicilio + Pago seguro + Garant\u00eda","og_url":"https:\/\/compuviper.mx\/tienda\/producto\/startech-com-sat2ideadp-adaptador-disco-duro-hdd-2-5in-3-5-pulgadas-ide-a-sata-para-base-de-conexion-dock-station-estacion-hdd-mod\/","og_site_name":"Compuviper","article_publisher":"https:\/\/www.facebook.com\/compuviper","og_image":[{"width":200,"height":200,"url":"https:\/\/compuviper.mx\/tienda\/wp-content\/uploads\/2023\/12\/Adaptador-disco-duro-hdd-2.5in-3.5-pulgadas-ide-a-sata-para-base-de-conexion-dock-station-estacion-hdd-startech.com-mod.-sat2ideadp.jpg","type":"image\/jpeg"}],"twitter_card":"summary_large_image","twitter_misc":{"Precio":"&#36;515 con IVA","Availability":"Out of stock"},"schema":{"@context":"https:\/\/schema.org","@graph":[{"@type":"WebPage","@id":"https:\/\/compuviper.mx\/tienda\/producto\/startech-com-sat2ideadp-adaptador-disco-duro-hdd-2-5in-3-5-pulgadas-ide-a-sata-para-base-de-conexion-dock-station-estacion-hdd-mod\/","url":"https:\/\/compuviper.mx\/tienda\/producto\/startech-com-sat2ideadp-adaptador-disco-duro-hdd-2-5in-3-5-pulgadas-ide-a-sata-para-base-de-conexion-dock-station-estacion-hdd-mod\/","name":"[ Startech.com ] &#129351; Sat2ideadp Adaptador Disco Duro Hdd 2.5in 3.5 Pulgadas Ide A Sata Para Base De Conexion Dock Station Estacion Hdd - Mod.","isPartOf":{"@id":"https:\/\/compuviper.mx\/tienda\/#website"},"datePublished":"2026-04-02T05:30:47+00:00","dateModified":"2026-04-02T05:30:47+00:00","description":"Compra Sat2ideadp Adaptador Disco Duro Hdd 2.5in 3.5 Pulgadas Ide A Sata Para Base De Conexion Dock Station Estacion Hdd - Mod. + Env\u00edo a domicilio + Pago seguro + Garant\u00eda","breadcrumb":{"@id":"https:\/\/compuviper.mx\/tienda\/producto\/startech-com-sat2ideadp-adaptador-disco-duro-hdd-2-5in-3-5-pulgadas-ide-a-sata-para-base-de-conexion-dock-station-estacion-hdd-mod\/#breadcrumb"},"inLanguage":"es-MX","potentialAction":[{"@type":"ReadAction","target":["https:\/\/compuviper.mx\/tienda\/producto\/startech-com-sat2ideadp-adaptador-disco-duro-hdd-2-5in-3-5-pulgadas-ide-a-sata-para-base-de-conexion-dock-station-estacion-hdd-mod\/"]}]},{"@type":"BreadcrumbList","@id":"https:\/\/compuviper.mx\/tienda\/producto\/startech-com-sat2ideadp-adaptador-disco-duro-hdd-2-5in-3-5-pulgadas-ide-a-sata-para-base-de-conexion-dock-station-estacion-hdd-mod\/#breadcrumb","itemListElement":[{"@type":"ListItem","position":1,"name":"Inicio","item":"https:\/\/compuviper.mx\/tienda\/"},{"@type":"ListItem","position":2,"name":"Productos","item":"https:\/\/compuviper.mx\/tienda\/productos\/"},{"@type":"ListItem","position":3,"name":"Accesorios","item":"https:\/\/compuviper.mx\/tienda\/categoria-producto\/accesorios\/"},{"@type":"ListItem","position":4,"name":"Adaptadores","item":"https:\/\/compuviper.mx\/tienda\/categoria-producto\/accesorios\/adaptadores\/"},{"@type":"ListItem","position":5,"name":"Startech.com Sat2ideadp Adaptador Disco Duro Hdd 2.5in 3.5 Pulgadas Ide A Sata Para Base De Conexion Dock Station Estacion Hdd &#8211; Mod."}]},{"@type":"WebSite","@id":"https:\/\/compuviper.mx\/tienda\/#website","url":"https:\/\/compuviper.mx\/tienda\/","name":"Compuviper","description":"Proveedor de Computadoras, Laptops, Servidores, Monitores, Puntos de Venta, Teclados,   Impresoras, T\u00f3ner, C\u00e1maras de Seguridad y m\u00e1s en tu tienda en l\u00ednea","publisher":{"@id":"https:\/\/compuviper.mx\/tienda\/#organization"},"potentialAction":[{"@type":"SearchAction","target":{"@type":"EntryPoint","urlTemplate":"https:\/\/compuviper.mx\/tienda\/?s={search_term_string}"},"query-input":"required name=search_term_string"}],"inLanguage":"es-MX"},{"@type":"Organization","@id":"https:\/\/compuviper.mx\/tienda\/#organization","name":"Compuviper","url":"https:\/\/compuviper.mx\/tienda\/","logo":{"@type":"ImageObject","inLanguage":"es-MX","@id":"https:\/\/compuviper.mx\/tienda\/#\/schema\/logo\/image\/","url":"https:\/\/compuviper.mx\/tienda\/wp-content\/uploads\/2021\/08\/Logo-Compuviper-10.png","contentUrl":"https:\/\/compuviper.mx\/tienda\/wp-content\/uploads\/2021\/08\/Logo-Compuviper-10.png","width":1000,"height":500,"caption":"Compuviper"},"image":{"@id":"https:\/\/compuviper.mx\/tienda\/#\/schema\/logo\/image\/"},"sameAs":["https:\/\/www.facebook.com\/compuviper","https:\/\/www.youtube.com\/channel\/UCf73dERp9Y3cfOq7q8BhLjA?view_as=subscriber"]}]},"product_brand":"STARTECH.COM","product_price_amount":"515","product_price_currency":"MXN","og_availability":"out of stock","product_availability":"out of stock","product_retailer_item_id":"SAT2IDEADP","product_condition":"new"},"_links":{"self":[{"href":"https:\/\/compuviper.mx\/tienda\/wp-json\/wp\/v2\/product\/212251"}],"collection":[{"href":"https:\/\/compuviper.mx\/tienda\/wp-json\/wp\/v2\/product"}],"about":[{"href":"https:\/\/compuviper.mx\/tienda\/wp-json\/wp\/v2\/types\/product"}],"replies":[{"embeddable":true,"href":"https:\/\/compuviper.mx\/tienda\/wp-json\/wp\/v2\/comments?post=212251"}],"wp:featuredmedia":[{"embeddable":true,"href":"https:\/\/compuviper.mx\/tienda\/wp-json\/wp\/v2\/media\/212252"}],"wp:attachment":[{"href":"https:\/\/compuviper.mx\/tienda\/wp-json\/wp\/v2\/media?parent=212251"}],"wp:term":[{"taxonomy":"product_cat","embeddable":true,"href":"https:\/\/compuviper.mx\/tienda\/wp-json\/wp\/v2\/product_cat?post=212251"},{"taxonomy":"product_tag","embeddable":true,"href":"https:\/\/compuviper.mx\/tienda\/wp-json\/wp\/v2\/product_tag?post=212251"}],"curies":[{"name":"wp","href":"https:\/\/api.w.org\/{rel}","templated":true}]}}